{"id":4160,"date":"2024-08-21T07:45:28","date_gmt":"2024-08-21T06:45:28","guid":{"rendered":"https:\/\/sxpowercase.com\/?post_type=product&#038;p=4160"},"modified":"2024-08-21T07:45:29","modified_gmt":"2024-08-21T06:45:29","slug":"metal-corner-protectors-coc701","status":"publish","type":"product","link":"https:\/\/sxflightcase.com\/da\/vare\/metalhjornebeskyttere-coc701\/","title":{"rendered":"Hj\u00f8rnebeskyttere af metal COC701"},"content":{"rendered":"<h3>F\u00f8rsteklasses beskyttelse med SX metalhj\u00f8rnebeskyttere<\/h3>\n<h4>Beskyt dit udstyr med tillid<\/h4>\n<p>Dit udstyr fortjener den bedste beskyttelse, og SX <span style=\"color: #3366ff;\"><a style=\"color: #3366ff;\" href=\"https:\/\/sxpowercase.com\/product\/metal-corner-protector-coc602\/\"><strong>Hj\u00f8rnebeskyttere af metal<\/strong><\/a><\/span> er designet til at levere netop det. Disse beskyttere er konstrueret til at beskytte dine flight- og roadcases mod skader og sikrer, at dit udstyr forbliver sikkert under transport. Med direkte fabrikspriser tilbyder SX overlegen kvalitet til en br\u00f8kdel af prisen.<\/p>\n<h4>Ekstraordin\u00e6r styrke og modstandskraft<\/h4>\n<p>Fremstillet af holdbare materialer, <a href=\"https:\/\/sxpowercase.com\/\" target=\"_blank\" rel=\"noopener\" title=\"SX\" data-wpil-monitor-id=\"681\">SX<\/a> <strong>Hj\u00f8rnebeskyttere af metal<\/strong> er bygget til at modst\u00e5 kraftige st\u00f8d og h\u00e5rdh\u00e6ndet h\u00e5ndtering. Disse beskyttere er ikke kun h\u00e5rde, men ogs\u00e5 modstandsdygtige over for ridser og slitage, hvilket giver langvarig beskyttelse af dine sager. N\u00e5r du v\u00e6lger SX, investerer du i et p\u00e5lideligt forsvar, der holder dit udstyr sikkert, samtidig med at du f\u00e5r fordel af overkommelige priser.<\/p>\n<h4>Enkel installation til \u00f8jeblikkelig brug<\/h4>\n<p>Installation af SX <strong>Hj\u00f8rnebeskyttere af metal<\/strong> er hurtig og nem, s\u00e5 du kan forst\u00e6rke dine tasker uden besv\u00e6r. Disse beskyttere er designet til at passe til en r\u00e6kke forskellige kufferttyper, hvilket g\u00f8r dem til et alsidigt valg for professionelle p\u00e5 tv\u00e6rs af forskellige brancher. Med priser direkte fra fabrikken f\u00e5r du beskyttelse af h\u00f8j kvalitet til en omkostningseffektiv pris.<\/p>\n<h4>Skr\u00e6ddersyede l\u00f8sninger til unikke behov<\/h4>\n<p>Hver sag er unik, og SX forst\u00e5r vigtigheden af skr\u00e6ddersyede l\u00f8sninger. Vores <strong>Hj\u00f8rnebeskyttere af metal<\/strong> kan tilpasses til dine specifikke behov, s\u00e5 du er sikret en perfekt pasform og optimal beskyttelse. Ved at k\u00f8be direkte fra SX kan du f\u00e5 adgang til disse tilpassede muligheder til en overkommelig pris uden at g\u00e5 p\u00e5 kompromis med kvaliteten.<\/p>\n<h4>Betroet af fagfolk verden over<\/h4>\n<p>SX er et betroet navn blandt fagfolk, der kr\u00e6ver det bedste af deres udstyr. Vores <strong>Hj\u00f8rnebeskyttere af metal<\/strong> bruges af eksperter i underholdnings-, logistik- og AV-produktionsbranchen til at holde deres kufferter sikre. Med fokus p\u00e5 holdbarhed og omkostningseffektivitet leverer SX produkter, der lever op til de h\u00f8jeste standarder for ydeevne.<\/p>\n<h4>Prisbilligt forsvar af h\u00f8j kvalitet<\/h4>\n<p>At beskytte dit v\u00e6rdifulde udstyr b\u00f8r ikke koste en formue. SX <strong>Hj\u00f8rnebeskyttere af metal<\/strong> tilbyder beskyttelse af h\u00f8j kvalitet til en pris, der ikke belaster dit budget. Med direkte salg fra fabrikken sikrer SX, at du f\u00e5r holdbare og effektive produkter uden avance, hvilket giver stor v\u00e6rdi for din investering.<\/p>\n<h4>Langvarig og omkostningseffektiv beskyttelse<\/h4>\n<p>SX <strong>Hj\u00f8rnebeskytter i metal<\/strong>\u00a0er designet til at v\u00e6re holdbare, s\u00e5 du kan v\u00e6re sikker p\u00e5, at dine kasser er godt beskyttet under transport. Disse beskyttere er et fremragende valg for alle, der er p\u00e5 udkig efter p\u00e5lidelig beskyttelse til en lav pris. Med SX f\u00e5r du den perfekte balance mellem kvalitet, holdbarhed og pris.<\/p>\n<p>Kontakt nu:<span style=\"color: #0000ff;\"><a style=\"color: #0000ff;\" href=\"https:\/\/sxpowercase.com\/contact-us\/\">https:\/\/sxpowercase.com\/<\/a><\/span><\/p>\n<p>Hardware produktkatalog:<span style=\"color: #3366ff;\"><a style=\"color: #3366ff;\" href=\"https:\/\/sxpowercase.com\/wp-content\/uploads\/2024\/07\/\u4e94\u91d1.pdf\">Hardware tilbeh\u00f8r katalog<\/a><\/span><\/p>","protected":false},"excerpt":{"rendered":"<h3>SX metalhj\u00f8rnebeskyttere: F\u00f8rsteklasses beskyttelse af dit udstyr<\/h3>\n<p>S\u00f8rg for, at dit udstyr forbliver sikkert under transport med SX Metal Corner Protectors, der er designet til at give f\u00f8rsteklasses beskyttelse til direkte fabrikspriser.<\/p>\n<h3>Holdbar og modstandsdygtig beskyttelse<\/h3>\n<p>SX Metal Corner Protectors er fremstillet af materialer af h\u00f8j kvalitet og har en enest\u00e5ende styrke mod st\u00f8d og slitage, hvilket giver et p\u00e5lideligt og langvarigt forsvar.<\/p>\n<h3>Kan tilpasses og er nem at installere<\/h3>\n<p>SX leverer hj\u00f8rnebeskyttere, der kan tilpasses, er nemme at installere og passer til forskellige kabinetyper, samtidig med at de tilbyder prisvenlig beskyttelse af h\u00f8j kvalitet, der er skr\u00e6ddersyet til dine behov.<\/p>","protected":false},"featured_media":4095,"comment_status":"open","ping_status":"closed","template":"","meta":[],"product_brand":[],"product_cat":[63],"product_tag":[],"class_list":{"0":"post-4160","1":"product","2":"type-product","3":"status-publish","4":"has-post-thumbnail","6":"product_cat-corners","8":"first","9":"instock","10":"shipping-taxable","11":"product-type-simple"},"yoast_head":"<!-- This site is optimized with the Yoast SEO Premium plugin v27.1 (Yoast SEO v27.2) - https:\/\/yoast.com\/product\/yoast-seo-premium-wordpress\/ -->\n<title>Metal Corner Protectors COC701 - https:\/\/sxflightcase.com \ud83d\udc97<\/title>\n<meta name=\"description\" content=\"Metal corner protectors, factory direct! High-quality, durable protection for case edges. Ideal for safeguarding against impact during transport\" \/>\n<meta name=\"robots\" content=\"index, follow, max-snippet:-1, max-image-preview:large, max-video-preview:-1\" \/>\n<link rel=\"canonical\" href=\"https:\/\/sxflightcase.com\/da\/vare\/metalhjornebeskyttere-coc701\/\" \/>\n<meta property=\"og:locale\" content=\"da_DK\" \/>\n<meta property=\"og:type\" content=\"article\" \/>\n<meta property=\"og:title\" content=\"Metal Corner Protectors COC701\" \/>\n<meta property=\"og:description\" content=\"Metal corner protectors, factory direct! High-quality, durable protection for case edges. Ideal for safeguarding against impact during transport\" \/>\n<meta property=\"og:url\" content=\"https:\/\/sxflightcase.com\/da\/vare\/metalhjornebeskyttere-coc701\/\" \/>\n<meta property=\"og:site_name\" content=\"https:\/\/sxflightcase.com\" \/>\n<meta property=\"article:publisher\" content=\"https:\/\/www.facebook.com\/profile.php?id=61560407257971\" \/>\n<meta property=\"article:modified_time\" content=\"2024-08-21T06:45:29+00:00\" \/>\n<meta property=\"og:image\" content=\"https:\/\/sxflightcase.com\/wp-content\/uploads\/2024\/08\/COC701.jpg\" \/>\n\t<meta property=\"og:image:width\" content=\"520\" \/>\n\t<meta property=\"og:image:height\" content=\"520\" \/>\n\t<meta property=\"og:image:type\" content=\"image\/jpeg\" \/>\n<meta name=\"twitter:card\" content=\"summary_large_image\" \/>\n<meta name=\"twitter:label1\" content=\"Estimeret l\u00e6setid\" \/>\n\t<meta name=\"twitter:data1\" content=\"3 minutter\" \/>\n<script type=\"application\/ld+json\" class=\"yoast-schema-graph\">{\"@context\":\"https:\/\/schema.org\",\"@graph\":[{\"@type\":\"WebPage\",\"@id\":\"https:\/\/sxflightcase.com\/product\/metal-corner-protectors-coc701\/\",\"url\":\"https:\/\/sxflightcase.com\/product\/metal-corner-protectors-coc701\/\",\"name\":\"Metal Corner Protectors COC701 - https:\/\/sxflightcase.com \ud83d\udc97\",\"isPartOf\":{\"@id\":\"https:\/\/sxflightcase.com\/th\/#website\"},\"primaryImageOfPage\":{\"@id\":\"https:\/\/sxflightcase.com\/product\/metal-corner-protectors-coc701\/#primaryimage\"},\"image\":{\"@id\":\"https:\/\/sxflightcase.com\/product\/metal-corner-protectors-coc701\/#primaryimage\"},\"thumbnailUrl\":\"https:\/\/sxflightcase.com\/wp-content\/uploads\/2024\/08\/COC701.jpg\",\"datePublished\":\"2024-08-21T06:45:28+00:00\",\"dateModified\":\"2024-08-21T06:45:29+00:00\",\"description\":\"Metal corner protectors, factory direct! High-quality, durable protection for case edges. Ideal for safeguarding against impact during transport\",\"breadcrumb\":{\"@id\":\"https:\/\/sxflightcase.com\/product\/metal-corner-protectors-coc701\/#breadcrumb\"},\"inLanguage\":\"da-DK\",\"potentialAction\":[{\"@type\":\"ReadAction\",\"target\":[\"https:\/\/sxflightcase.com\/product\/metal-corner-protectors-coc701\/\"]}]},{\"@type\":\"ImageObject\",\"inLanguage\":\"da-DK\",\"@id\":\"https:\/\/sxflightcase.com\/product\/metal-corner-protectors-coc701\/#primaryimage\",\"url\":\"https:\/\/sxflightcase.com\/wp-content\/uploads\/2024\/08\/COC701.jpg\",\"contentUrl\":\"https:\/\/sxflightcase.com\/wp-content\/uploads\/2024\/08\/COC701.jpg\",\"width\":520,\"height\":520,\"caption\":\"Metal Corner Protectors\"},{\"@type\":\"BreadcrumbList\",\"@id\":\"https:\/\/sxflightcase.com\/product\/metal-corner-protectors-coc701\/#breadcrumb\",\"itemListElement\":[{\"@type\":\"ListItem\",\"position\":1,\"name\":\"Home\",\"item\":\"https:\/\/sxflightcase.com\/\"},{\"@type\":\"ListItem\",\"position\":2,\"name\":\"\u0e2a\u0e34\u0e19\u0e04\u0e49\u0e32\",\"item\":\"https:\/\/sxflightcase.com\/th\/shop\/\"},{\"@type\":\"ListItem\",\"position\":3,\"name\":\"Metal Corner Protectors COC701\"}]},{\"@type\":\"WebSite\",\"@id\":\"https:\/\/sxflightcase.com\/th\/#website\",\"url\":\"https:\/\/sxflightcase.com\/th\/\",\"name\":\"sxpowercase.com\",\"description\":\"Flight Case Factory\",\"publisher\":{\"@id\":\"https:\/\/sxflightcase.com\/th\/#organization\"},\"potentialAction\":[{\"@type\":\"SearchAction\",\"target\":{\"@type\":\"EntryPoint\",\"urlTemplate\":\"https:\/\/sxflightcase.com\/th\/?s={search_term_string}\"},\"query-input\":{\"@type\":\"PropertyValueSpecification\",\"valueRequired\":true,\"valueName\":\"search_term_string\"}}],\"inLanguage\":\"da-DK\"},{\"@type\":\"Organization\",\"@id\":\"https:\/\/sxflightcase.com\/th\/#organization\",\"name\":\"sxpowercase.com\",\"url\":\"https:\/\/sxflightcase.com\/th\/\",\"logo\":{\"@type\":\"ImageObject\",\"inLanguage\":\"da-DK\",\"@id\":\"https:\/\/sxflightcase.com\/th\/#\/schema\/logo\/image\/\",\"url\":\"https:\/\/sxflightcase.com\/wp-content\/uploads\/2024\/04\/1713919036007.jpg\",\"contentUrl\":\"https:\/\/sxflightcase.com\/wp-content\/uploads\/2024\/04\/1713919036007.jpg\",\"width\":382,\"height\":388,\"caption\":\"sxpowercase.com\"},\"image\":{\"@id\":\"https:\/\/sxflightcase.com\/th\/#\/schema\/logo\/image\/\"},\"sameAs\":[\"https:\/\/www.facebook.com\/profile.php?id=61560407257971\"],\"numberOfEmployees\":{\"@type\":\"QuantitativeValue\",\"minValue\":\"11\",\"maxValue\":\"50\"}}]}<\/script>\n<!-- \/ Yoast SEO Premium plugin. -->","yoast_head_json":{"title":"Metal Corner Protectors COC701 - https:\/\/sxflightcase.com \ud83d\udc97","description":"Metalhj\u00f8rnebeskyttere, direkte fra fabrikken! Holdbar beskyttelse af h\u00f8j kvalitet til kuffertens kanter. Ideel til at beskytte mod st\u00f8d under transport","robots":{"index":"index","follow":"follow","max-snippet":"max-snippet:-1","max-image-preview":"max-image-preview:large","max-video-preview":"max-video-preview:-1"},"canonical":"https:\/\/sxflightcase.com\/da\/vare\/metalhjornebeskyttere-coc701\/","og_locale":"da_DK","og_type":"article","og_title":"Metal Corner Protectors COC701","og_description":"Metal corner protectors, factory direct! High-quality, durable protection for case edges. Ideal for safeguarding against impact during transport","og_url":"https:\/\/sxflightcase.com\/da\/vare\/metalhjornebeskyttere-coc701\/","og_site_name":"https:\/\/sxflightcase.com","article_publisher":"https:\/\/www.facebook.com\/profile.php?id=61560407257971","article_modified_time":"2024-08-21T06:45:29+00:00","og_image":[{"width":520,"height":520,"url":"https:\/\/sxflightcase.com\/wp-content\/uploads\/2024\/08\/COC701.jpg","type":"image\/jpeg"}],"twitter_card":"summary_large_image","twitter_misc":{"Estimeret l\u00e6setid":"3 minutter"},"schema":{"@context":"https:\/\/schema.org","@graph":[{"@type":"WebPage","@id":"https:\/\/sxflightcase.com\/product\/metal-corner-protectors-coc701\/","url":"https:\/\/sxflightcase.com\/product\/metal-corner-protectors-coc701\/","name":"Metal Corner Protectors COC701 - https:\/\/sxflightcase.com \ud83d\udc97","isPartOf":{"@id":"https:\/\/sxflightcase.com\/th\/#website"},"primaryImageOfPage":{"@id":"https:\/\/sxflightcase.com\/product\/metal-corner-protectors-coc701\/#primaryimage"},"image":{"@id":"https:\/\/sxflightcase.com\/product\/metal-corner-protectors-coc701\/#primaryimage"},"thumbnailUrl":"https:\/\/sxflightcase.com\/wp-content\/uploads\/2024\/08\/COC701.jpg","datePublished":"2024-08-21T06:45:28+00:00","dateModified":"2024-08-21T06:45:29+00:00","description":"Metalhj\u00f8rnebeskyttere, direkte fra fabrikken! Holdbar beskyttelse af h\u00f8j kvalitet til kuffertens kanter. Ideel til at beskytte mod st\u00f8d under transport","breadcrumb":{"@id":"https:\/\/sxflightcase.com\/product\/metal-corner-protectors-coc701\/#breadcrumb"},"inLanguage":"da-DK","potentialAction":[{"@type":"ReadAction","target":["https:\/\/sxflightcase.com\/product\/metal-corner-protectors-coc701\/"]}]},{"@type":"ImageObject","inLanguage":"da-DK","@id":"https:\/\/sxflightcase.com\/product\/metal-corner-protectors-coc701\/#primaryimage","url":"https:\/\/sxflightcase.com\/wp-content\/uploads\/2024\/08\/COC701.jpg","contentUrl":"https:\/\/sxflightcase.com\/wp-content\/uploads\/2024\/08\/COC701.jpg","width":520,"height":520,"caption":"Metal Corner Protectors"},{"@type":"BreadcrumbList","@id":"https:\/\/sxflightcase.com\/product\/metal-corner-protectors-coc701\/#breadcrumb","itemListElement":[{"@type":"ListItem","position":1,"name":"Home","item":"https:\/\/sxflightcase.com\/"},{"@type":"ListItem","position":2,"name":"\u0e2a\u0e34\u0e19\u0e04\u0e49\u0e32","item":"https:\/\/sxflightcase.com\/th\/shop\/"},{"@type":"ListItem","position":3,"name":"Metal Corner Protectors COC701"}]},{"@type":"WebSite","@id":"https:\/\/sxflightcase.com\/th\/#website","url":"https:\/\/sxflightcase.com\/th\/","name":"sxpowercase.com","description":"Flight Case Factory","publisher":{"@id":"https:\/\/sxflightcase.com\/th\/#organization"},"potentialAction":[{"@type":"SearchAction","target":{"@type":"EntryPoint","urlTemplate":"https:\/\/sxflightcase.com\/th\/?s={search_term_string}"},"query-input":{"@type":"PropertyValueSpecification","valueRequired":true,"valueName":"search_term_string"}}],"inLanguage":"da-DK"},{"@type":"Organization","@id":"https:\/\/sxflightcase.com\/th\/#organization","name":"sxpowercase.com","url":"https:\/\/sxflightcase.com\/th\/","logo":{"@type":"ImageObject","inLanguage":"da-DK","@id":"https:\/\/sxflightcase.com\/th\/#\/schema\/logo\/image\/","url":"https:\/\/sxflightcase.com\/wp-content\/uploads\/2024\/04\/1713919036007.jpg","contentUrl":"https:\/\/sxflightcase.com\/wp-content\/uploads\/2024\/04\/1713919036007.jpg","width":382,"height":388,"caption":"sxpowercase.com"},"image":{"@id":"https:\/\/sxflightcase.com\/th\/#\/schema\/logo\/image\/"},"sameAs":["https:\/\/www.facebook.com\/profile.php?id=61560407257971"],"numberOfEmployees":{"@type":"QuantitativeValue","minValue":"11","maxValue":"50"}}]}},"_links":{"self":[{"href":"https:\/\/sxflightcase.com\/da\/wp-json\/wp\/v2\/product\/4160","targetHints":{"allow":["GET"]}}],"collection":[{"href":"https:\/\/sxflightcase.com\/da\/wp-json\/wp\/v2\/product"}],"about":[{"href":"https:\/\/sxflightcase.com\/da\/wp-json\/wp\/v2\/types\/product"}],"replies":[{"embeddable":true,"href":"https:\/\/sxflightcase.com\/da\/wp-json\/wp\/v2\/comments?post=4160"}],"version-history":[{"count":0,"href":"https:\/\/sxflightcase.com\/da\/wp-json\/wp\/v2\/product\/4160\/revisions"}],"wp:featuredmedia":[{"embeddable":true,"href":"https:\/\/sxflightcase.com\/da\/wp-json\/wp\/v2\/media\/4095"}],"wp:attachment":[{"href":"https:\/\/sxflightcase.com\/da\/wp-json\/wp\/v2\/media?parent=4160"}],"wp:term":[{"taxonomy":"product_brand","embeddable":true,"href":"https:\/\/sxflightcase.com\/da\/wp-json\/wp\/v2\/product_brand?post=4160"},{"taxonomy":"product_cat","embeddable":true,"href":"https:\/\/sxflightcase.com\/da\/wp-json\/wp\/v2\/product_cat?post=4160"},{"taxonomy":"product_tag","embeddable":true,"href":"https:\/\/sxflightcase.com\/da\/wp-json\/wp\/v2\/product_tag?post=4160"}],"curies":[{"name":"wp","href":"https:\/\/api.w.org\/{rel}","templated":true}]}}