{"id":4161,"date":"2024-08-21T07:51:36","date_gmt":"2024-08-21T06:51:36","guid":{"rendered":"https:\/\/sxpowercase.com\/?post_type=product&#038;p=4161"},"modified":"2024-08-21T07:51:37","modified_gmt":"2024-08-21T06:51:37","slug":"metal-corner-protectors-cod101","status":"publish","type":"product","link":"https:\/\/sxflightcase.com\/da\/vare\/hjornebeskyttere-af-metal-cod101-2\/","title":{"rendered":"Metal hj\u00f8rnebeskyttere COD101"},"content":{"rendered":"<h3>Uovertruffen beskyttelse med SX metalhj\u00f8rnebeskyttere<\/h3>\n<h4>P\u00e5lideligt forsvar for dit udstyr<\/h4>\n<p>N\u00e5r det handler om at beskytte dit v\u00e6rdifulde udstyr, er SX <span style=\"color: #3366ff;\"><a style=\"color: #3366ff;\" href=\"https:\/\/sxpowercase.com\/product\/metal-corner-protectors-coc701\/\"><strong>Hj\u00f8rnebeskyttere af metal<\/strong><\/a><\/span> giver dig den holdbarhed og p\u00e5lidelighed, du har brug for. Disse beskyttere er designet specielt til flightcases, roadcases og andre kraftige kabinetter og giver vigtig forst\u00e6rkning p\u00e5 vigtige st\u00f8dpunkter. Med SX f\u00e5r du ikke bare kvalitet, men ogs\u00e5 fabriksn\u00e6re priser, der holder omkostningerne nede og samtidig sikrer robust beskyttelse.<\/p>\n<h4>Bygget til at udholde barske forhold<\/h4>\n<p><a href=\"https:\/\/sxpowercase.com\/\" target=\"_blank\" rel=\"noopener\" title=\"SX\" data-wpil-monitor-id=\"682\">SX<\/a> <strong>Hj\u00f8rnebeskyttere af metal<\/strong> er fremstillet af materialer af h\u00f8j kvalitet, s\u00e5 de kan modst\u00e5 h\u00e5rdh\u00e6ndet h\u00e5ndtering og beskytte dit udstyr ved konstant brug. Uanset om det er til professionelle ture, logistik eller industrielle omgivelser, bevarer disse beskyttere deres styrke over tid. Direkte salg fra fabrikken betyder, at du f\u00e5r f\u00f8rsteklasses beskyttelse til konkurrencedygtige priser, hvilket g\u00f8r det til en smart investering for enhver virksomhed.<\/p>\n<h4>Nem anvendelse til \u00f8jeblikkelig beskyttelse<\/h4>\n<p>Installationsprocessen for SX <strong>Hj\u00f8rnebeskyttere af metal<\/strong> er enkel og brugervenlig, s\u00e5 du hurtigt kan opgradere dine etuier. Disse alsidige beskyttere er kompatible med forskellige etui-designs og giver en p\u00e5lidelig pasform p\u00e5 tv\u00e6rs af forskellige modeller. Ved at k\u00f8be direkte fra SX f\u00e5r du fordelen af kvalitetsprodukter til lave priser uden mellemm\u00e6nd, der \u00f8ger omkostningerne.<\/p>\n<h4>Skr\u00e6ddersyet til dine specifikke behov<\/h4>\n<p>SX forst\u00e5r, at hvert stykke udstyr har unikke krav. Det er derfor, vores <strong>Hj\u00f8rnebeskyttere af metal<\/strong> kan tilpasses til at matche dine specifikationer, s\u00e5 du f\u00e5r pr\u00e6cis den beskyttelse, du har brug for. Nyd b\u00e5de fleksibiliteten og besparelserne ved direkte priser fra fabrikken, s\u00e5 du f\u00e5r f\u00f8rsteklasses l\u00f8sninger, der passer til dit budget.<\/p>\n<h4>Betroet af branchens ledere<\/h4>\n<p>Fagfolk over hele verden stoler p\u00e5 SX <strong>Hj\u00f8rnebeskyttere af metal<\/strong> for at holde deres udstyr sikkert. Fra underholdningsindustrien til logistikvirksomheder er vores beskyttere kendt for deres kvalitet og p\u00e5lidelighed. SX tilbyder direkte fabrikspriser med konsekvent kvalitetssikring og leverer p\u00e5lidelig beskyttelse, der t\u00e5ler tidens tand.<\/p>\n<h4>Kvalitet og overkommelige priser kombineret<\/h4>\n<p>SX <strong>Hj\u00f8rnebeskyttere af metal<\/strong> giver en perfekt blanding af h\u00f8j kvalitet og budgetvenlige priser. Direkte fabrikssalg betyder, at du ikke g\u00e5r p\u00e5 kompromis med beskyttelsen, mens du holder udgifterne i skak. Beskyt dit udstyr til en overkommelig pris med de robuste og holdbare l\u00f8sninger, SX tilbyder.<\/p>\n<h4>Invester i langsigtet holdbarhed<\/h4>\n<p>N\u00e5r du v\u00e6lger SX <strong>Hj\u00f8rnebeskyttere af metal<\/strong>investerer du i en l\u00f8sning, der er bygget til at holde. Disse beskyttere giver robust beskyttelse mod slitage og er med til at forl\u00e6nge levetiden p\u00e5 dine tasker. Direkte fabriksbesparelser og kompromisl\u00f8s kvalitet g\u00f8r SX til et p\u00e5lideligt valg for alle, der er p\u00e5 udkig efter p\u00e5lidelig beskyttelse til en rimelig pris.<\/p>\n<p>Kontakt nu:<span style=\"color: #0000ff;\"><a style=\"color: #0000ff;\" href=\"https:\/\/sxpowercase.com\/contact-us\/\">https:\/\/sxpowercase.com\/<\/a><\/span><\/p>\n<p>Hardware produktkatalog:<span style=\"color: #3366ff;\"><a style=\"color: #3366ff;\" href=\"https:\/\/sxpowercase.com\/wp-content\/uploads\/2024\/07\/\u4e94\u91d1.pdf\">Hardware tilbeh\u00f8r katalog<\/a><\/span><\/p>","protected":false},"excerpt":{"rendered":"<h3>SX metalhj\u00f8rnebeskyttere: F\u00f8rsteklasses beskyttelse af dit udstyr<\/h3>\n<p>S\u00f8rg for, at dit udstyr forbliver sikkert under transport med SX Metal Corner Protectors, der er designet til at give f\u00f8rsteklasses beskyttelse til direkte fabrikspriser.<\/p>\n<h3>Holdbar og modstandsdygtig beskyttelse<\/h3>\n<p>SX Metal Corner Protectors er fremstillet af materialer af h\u00f8j kvalitet og har en enest\u00e5ende styrke mod st\u00f8d og slitage, hvilket giver et p\u00e5lideligt og langvarigt forsvar.<\/p>\n<h3>Kan tilpasses og er nem at installere<\/h3>\n<p>SX leverer hj\u00f8rnebeskyttere, der kan tilpasses, er nemme at installere og passer til forskellige kabinetyper, samtidig med at de tilbyder prisvenlig beskyttelse af h\u00f8j kvalitet, der er skr\u00e6ddersyet til dine behov.<\/p>","protected":false},"featured_media":4096,"comment_status":"open","ping_status":"closed","template":"","meta":[],"product_brand":[],"product_cat":[63],"product_tag":[],"class_list":{"0":"post-4161","1":"product","2":"type-product","3":"status-publish","4":"has-post-thumbnail","6":"product_cat-corners","8":"first","9":"instock","10":"shipping-taxable","11":"product-type-simple"},"yoast_head":"<!-- This site is optimized with the Yoast SEO Premium plugin v27.1 (Yoast SEO v27.2) - https:\/\/yoast.com\/product\/yoast-seo-premium-wordpress\/ -->\n<title>Metal Corner Protectors COD101 - https:\/\/sxflightcase.com \ud83d\udc97<\/title>\n<meta name=\"description\" content=\"Metal corner protectors, factory direct! High-quality, durable protection for case edges. Ideal for safeguarding against impact during transport\" \/>\n<meta name=\"robots\" content=\"index, follow, max-snippet:-1, max-image-preview:large, max-video-preview:-1\" \/>\n<link rel=\"canonical\" href=\"https:\/\/sxflightcase.com\/da\/vare\/hjornebeskyttere-af-metal-cod101-2\/\" \/>\n<meta property=\"og:locale\" content=\"da_DK\" \/>\n<meta property=\"og:type\" content=\"article\" \/>\n<meta property=\"og:title\" content=\"Metal Corner Protectors COD101\" \/>\n<meta property=\"og:description\" content=\"Metal corner protectors, factory direct! High-quality, durable protection for case edges. Ideal for safeguarding against impact during transport\" \/>\n<meta property=\"og:url\" content=\"https:\/\/sxflightcase.com\/da\/vare\/hjornebeskyttere-af-metal-cod101-2\/\" \/>\n<meta property=\"og:site_name\" content=\"https:\/\/sxflightcase.com\" \/>\n<meta property=\"article:publisher\" content=\"https:\/\/www.facebook.com\/profile.php?id=61560407257971\" \/>\n<meta property=\"article:modified_time\" content=\"2024-08-21T06:51:37+00:00\" \/>\n<meta property=\"og:image\" content=\"https:\/\/sxflightcase.com\/wp-content\/uploads\/2024\/08\/COD101.jpg\" \/>\n\t<meta property=\"og:image:width\" content=\"520\" \/>\n\t<meta property=\"og:image:height\" content=\"561\" \/>\n\t<meta property=\"og:image:type\" content=\"image\/jpeg\" \/>\n<meta name=\"twitter:card\" content=\"summary_large_image\" \/>\n<meta name=\"twitter:label1\" content=\"Estimeret l\u00e6setid\" \/>\n\t<meta name=\"twitter:data1\" content=\"3 minutter\" \/>\n<script type=\"application\/ld+json\" class=\"yoast-schema-graph\">{\"@context\":\"https:\/\/schema.org\",\"@graph\":[{\"@type\":\"WebPage\",\"@id\":\"https:\/\/sxflightcase.com\/product\/metal-corner-protectors-cod101\/\",\"url\":\"https:\/\/sxflightcase.com\/product\/metal-corner-protectors-cod101\/\",\"name\":\"Metal Corner Protectors COD101 - https:\/\/sxflightcase.com \ud83d\udc97\",\"isPartOf\":{\"@id\":\"https:\/\/sxflightcase.com\/th\/#website\"},\"primaryImageOfPage\":{\"@id\":\"https:\/\/sxflightcase.com\/product\/metal-corner-protectors-cod101\/#primaryimage\"},\"image\":{\"@id\":\"https:\/\/sxflightcase.com\/product\/metal-corner-protectors-cod101\/#primaryimage\"},\"thumbnailUrl\":\"https:\/\/sxflightcase.com\/wp-content\/uploads\/2024\/08\/COD101.jpg\",\"datePublished\":\"2024-08-21T06:51:36+00:00\",\"dateModified\":\"2024-08-21T06:51:37+00:00\",\"description\":\"Metal corner protectors, factory direct! High-quality, durable protection for case edges. Ideal for safeguarding against impact during transport\",\"breadcrumb\":{\"@id\":\"https:\/\/sxflightcase.com\/product\/metal-corner-protectors-cod101\/#breadcrumb\"},\"inLanguage\":\"da-DK\",\"potentialAction\":[{\"@type\":\"ReadAction\",\"target\":[\"https:\/\/sxflightcase.com\/product\/metal-corner-protectors-cod101\/\"]}]},{\"@type\":\"ImageObject\",\"inLanguage\":\"da-DK\",\"@id\":\"https:\/\/sxflightcase.com\/product\/metal-corner-protectors-cod101\/#primaryimage\",\"url\":\"https:\/\/sxflightcase.com\/wp-content\/uploads\/2024\/08\/COD101.jpg\",\"contentUrl\":\"https:\/\/sxflightcase.com\/wp-content\/uploads\/2024\/08\/COD101.jpg\",\"width\":520,\"height\":561,\"caption\":\"Metal Corner Protectors\"},{\"@type\":\"BreadcrumbList\",\"@id\":\"https:\/\/sxflightcase.com\/product\/metal-corner-protectors-cod101\/#breadcrumb\",\"itemListElement\":[{\"@type\":\"ListItem\",\"position\":1,\"name\":\"Home\",\"item\":\"https:\/\/sxflightcase.com\/\"},{\"@type\":\"ListItem\",\"position\":2,\"name\":\"\u0e2a\u0e34\u0e19\u0e04\u0e49\u0e32\",\"item\":\"https:\/\/sxflightcase.com\/th\/shop\/\"},{\"@type\":\"ListItem\",\"position\":3,\"name\":\"Metal Corner Protectors COD101\"}]},{\"@type\":\"WebSite\",\"@id\":\"https:\/\/sxflightcase.com\/th\/#website\",\"url\":\"https:\/\/sxflightcase.com\/th\/\",\"name\":\"sxpowercase.com\",\"description\":\"Flight Case Factory\",\"publisher\":{\"@id\":\"https:\/\/sxflightcase.com\/th\/#organization\"},\"potentialAction\":[{\"@type\":\"SearchAction\",\"target\":{\"@type\":\"EntryPoint\",\"urlTemplate\":\"https:\/\/sxflightcase.com\/th\/?s={search_term_string}\"},\"query-input\":{\"@type\":\"PropertyValueSpecification\",\"valueRequired\":true,\"valueName\":\"search_term_string\"}}],\"inLanguage\":\"da-DK\"},{\"@type\":\"Organization\",\"@id\":\"https:\/\/sxflightcase.com\/th\/#organization\",\"name\":\"sxpowercase.com\",\"url\":\"https:\/\/sxflightcase.com\/th\/\",\"logo\":{\"@type\":\"ImageObject\",\"inLanguage\":\"da-DK\",\"@id\":\"https:\/\/sxflightcase.com\/th\/#\/schema\/logo\/image\/\",\"url\":\"https:\/\/sxflightcase.com\/wp-content\/uploads\/2024\/04\/1713919036007.jpg\",\"contentUrl\":\"https:\/\/sxflightcase.com\/wp-content\/uploads\/2024\/04\/1713919036007.jpg\",\"width\":382,\"height\":388,\"caption\":\"sxpowercase.com\"},\"image\":{\"@id\":\"https:\/\/sxflightcase.com\/th\/#\/schema\/logo\/image\/\"},\"sameAs\":[\"https:\/\/www.facebook.com\/profile.php?id=61560407257971\"],\"numberOfEmployees\":{\"@type\":\"QuantitativeValue\",\"minValue\":\"11\",\"maxValue\":\"50\"}}]}<\/script>\n<!-- \/ Yoast SEO Premium plugin. -->","yoast_head_json":{"title":"Metal Corner Protectors COD101 - https:\/\/sxflightcase.com \ud83d\udc97","description":"Metalhj\u00f8rnebeskyttere, direkte fra fabrikken! Holdbar beskyttelse af h\u00f8j kvalitet til kuffertens kanter. Ideel til at beskytte mod st\u00f8d under transport","robots":{"index":"index","follow":"follow","max-snippet":"max-snippet:-1","max-image-preview":"max-image-preview:large","max-video-preview":"max-video-preview:-1"},"canonical":"https:\/\/sxflightcase.com\/da\/vare\/hjornebeskyttere-af-metal-cod101-2\/","og_locale":"da_DK","og_type":"article","og_title":"Metal Corner Protectors COD101","og_description":"Metal corner protectors, factory direct! High-quality, durable protection for case edges. Ideal for safeguarding against impact during transport","og_url":"https:\/\/sxflightcase.com\/da\/vare\/hjornebeskyttere-af-metal-cod101-2\/","og_site_name":"https:\/\/sxflightcase.com","article_publisher":"https:\/\/www.facebook.com\/profile.php?id=61560407257971","article_modified_time":"2024-08-21T06:51:37+00:00","og_image":[{"width":520,"height":561,"url":"https:\/\/sxflightcase.com\/wp-content\/uploads\/2024\/08\/COD101.jpg","type":"image\/jpeg"}],"twitter_card":"summary_large_image","twitter_misc":{"Estimeret l\u00e6setid":"3 minutter"},"schema":{"@context":"https:\/\/schema.org","@graph":[{"@type":"WebPage","@id":"https:\/\/sxflightcase.com\/product\/metal-corner-protectors-cod101\/","url":"https:\/\/sxflightcase.com\/product\/metal-corner-protectors-cod101\/","name":"Metal Corner Protectors COD101 - https:\/\/sxflightcase.com \ud83d\udc97","isPartOf":{"@id":"https:\/\/sxflightcase.com\/th\/#website"},"primaryImageOfPage":{"@id":"https:\/\/sxflightcase.com\/product\/metal-corner-protectors-cod101\/#primaryimage"},"image":{"@id":"https:\/\/sxflightcase.com\/product\/metal-corner-protectors-cod101\/#primaryimage"},"thumbnailUrl":"https:\/\/sxflightcase.com\/wp-content\/uploads\/2024\/08\/COD101.jpg","datePublished":"2024-08-21T06:51:36+00:00","dateModified":"2024-08-21T06:51:37+00:00","description":"Metalhj\u00f8rnebeskyttere, direkte fra fabrikken! Holdbar beskyttelse af h\u00f8j kvalitet til kuffertens kanter. Ideel til at beskytte mod st\u00f8d under transport","breadcrumb":{"@id":"https:\/\/sxflightcase.com\/product\/metal-corner-protectors-cod101\/#breadcrumb"},"inLanguage":"da-DK","potentialAction":[{"@type":"ReadAction","target":["https:\/\/sxflightcase.com\/product\/metal-corner-protectors-cod101\/"]}]},{"@type":"ImageObject","inLanguage":"da-DK","@id":"https:\/\/sxflightcase.com\/product\/metal-corner-protectors-cod101\/#primaryimage","url":"https:\/\/sxflightcase.com\/wp-content\/uploads\/2024\/08\/COD101.jpg","contentUrl":"https:\/\/sxflightcase.com\/wp-content\/uploads\/2024\/08\/COD101.jpg","width":520,"height":561,"caption":"Metal Corner Protectors"},{"@type":"BreadcrumbList","@id":"https:\/\/sxflightcase.com\/product\/metal-corner-protectors-cod101\/#breadcrumb","itemListElement":[{"@type":"ListItem","position":1,"name":"Home","item":"https:\/\/sxflightcase.com\/"},{"@type":"ListItem","position":2,"name":"\u0e2a\u0e34\u0e19\u0e04\u0e49\u0e32","item":"https:\/\/sxflightcase.com\/th\/shop\/"},{"@type":"ListItem","position":3,"name":"Metal Corner Protectors COD101"}]},{"@type":"WebSite","@id":"https:\/\/sxflightcase.com\/th\/#website","url":"https:\/\/sxflightcase.com\/th\/","name":"sxpowercase.com","description":"Flight Case Factory","publisher":{"@id":"https:\/\/sxflightcase.com\/th\/#organization"},"potentialAction":[{"@type":"SearchAction","target":{"@type":"EntryPoint","urlTemplate":"https:\/\/sxflightcase.com\/th\/?s={search_term_string}"},"query-input":{"@type":"PropertyValueSpecification","valueRequired":true,"valueName":"search_term_string"}}],"inLanguage":"da-DK"},{"@type":"Organization","@id":"https:\/\/sxflightcase.com\/th\/#organization","name":"sxpowercase.com","url":"https:\/\/sxflightcase.com\/th\/","logo":{"@type":"ImageObject","inLanguage":"da-DK","@id":"https:\/\/sxflightcase.com\/th\/#\/schema\/logo\/image\/","url":"https:\/\/sxflightcase.com\/wp-content\/uploads\/2024\/04\/1713919036007.jpg","contentUrl":"https:\/\/sxflightcase.com\/wp-content\/uploads\/2024\/04\/1713919036007.jpg","width":382,"height":388,"caption":"sxpowercase.com"},"image":{"@id":"https:\/\/sxflightcase.com\/th\/#\/schema\/logo\/image\/"},"sameAs":["https:\/\/www.facebook.com\/profile.php?id=61560407257971"],"numberOfEmployees":{"@type":"QuantitativeValue","minValue":"11","maxValue":"50"}}]}},"_links":{"self":[{"href":"https:\/\/sxflightcase.com\/da\/wp-json\/wp\/v2\/product\/4161","targetHints":{"allow":["GET"]}}],"collection":[{"href":"https:\/\/sxflightcase.com\/da\/wp-json\/wp\/v2\/product"}],"about":[{"href":"https:\/\/sxflightcase.com\/da\/wp-json\/wp\/v2\/types\/product"}],"replies":[{"embeddable":true,"href":"https:\/\/sxflightcase.com\/da\/wp-json\/wp\/v2\/comments?post=4161"}],"version-history":[{"count":0,"href":"https:\/\/sxflightcase.com\/da\/wp-json\/wp\/v2\/product\/4161\/revisions"}],"wp:featuredmedia":[{"embeddable":true,"href":"https:\/\/sxflightcase.com\/da\/wp-json\/wp\/v2\/media\/4096"}],"wp:attachment":[{"href":"https:\/\/sxflightcase.com\/da\/wp-json\/wp\/v2\/media?parent=4161"}],"wp:term":[{"taxonomy":"product_brand","embeddable":true,"href":"https:\/\/sxflightcase.com\/da\/wp-json\/wp\/v2\/product_brand?post=4161"},{"taxonomy":"product_cat","embeddable":true,"href":"https:\/\/sxflightcase.com\/da\/wp-json\/wp\/v2\/product_cat?post=4161"},{"taxonomy":"product_tag","embeddable":true,"href":"https:\/\/sxflightcase.com\/da\/wp-json\/wp\/v2\/product_tag?post=4161"}],"curies":[{"name":"wp","href":"https:\/\/api.w.org\/{rel}","templated":true}]}}