{"id":4197,"date":"2024-08-22T07:42:06","date_gmt":"2024-08-22T06:42:06","guid":{"rendered":"https:\/\/sxpowercase.com\/?post_type=product&#038;p=4197"},"modified":"2024-08-22T07:42:07","modified_gmt":"2024-08-22T06:42:07","slug":"road-case-corner-clamp-cla102","status":"publish","type":"product","link":"https:\/\/sxflightcase.com\/da\/vare\/road-case-hjorneklemme-cla102-2\/","title":{"rendered":"Road Case-hj\u00f8rneklemme CLA102"},"content":{"rendered":"<h3>SX Road Case hj\u00f8rneklemme: Uundv\u00e6rlig beskyttelse af dit udstyr<\/h3>\n<h4>Sikr dine vejkasser med tillid<\/h4>\n<p>Transport af v\u00e6rdifuldt udstyr kr\u00e6ver robust beskyttelse. Den <span style=\"color: #3366ff;\"><a style=\"color: #3366ff;\" href=\"https:\/\/sxpowercase.com\/product\/road-case-corner-clamp-cla101\/\"><strong>Road Case hj\u00f8rneklemme<\/strong><\/a><\/span>\u00a0fra SX er specielt designet til at give den sikkerhed. Ved at forst\u00e6rke hj\u00f8rnerne p\u00e5 dine road cases sikrer disse klemmer, at dit udstyr forbliver sikkert og ubeskadiget under hele rejsen. <a href=\"https:\/\/sxpowercase.com\/\" target=\"_blank\" rel=\"noopener\" title=\"SX\" data-wpil-monitor-id=\"685\">SX<\/a> kombinerer p\u00e5lidelig kvalitet med direkte priser fra fabrikken og tilbyder hardware i topkvalitet til en lavere pris.<\/p>\n<h4>Kraftigt design til langvarig brug<\/h4>\n<p>SX <strong>Road Case-hj\u00f8rneklemmer<\/strong> er bygget til at modst\u00e5 de h\u00e5rdeste forhold. Disse klemmer er konstrueret af h\u00f8jstyrkematerialer, der modst\u00e5r slitage og giver langvarig stabilitet til dine road cases. Uanset om du er p\u00e5 turn\u00e9, i produktion eller transporterer tungt udstyr, har vores klemmer den n\u00f8dvendige holdbarhed til at holde dine kufferter intakte. SX garanterer, at du f\u00e5r f\u00f8rsteklasses beskyttelse uden den h\u00f8je pris, takket v\u00e6re vores fabriksdirekte model.<\/p>\n<h4>Enkel installation, bred kompatibilitet<\/h4>\n<p>Installation af SX <strong>Road Case-hj\u00f8rneklemmer<\/strong> er ligetil, hvilket g\u00f8r dem til en problemfri tilf\u00f8jelse til dine kufferter. Disse klemmer er designet til at passe til en r\u00e6kke forskellige kuffertmodeller og er alsidige og nemme at justere til din specifikke ops\u00e6tning. De fabriksn\u00e6re besparelser betyder, at du kan opgradere din kuffertbeskyttelse uden at overskride dit budget, samtidig med at du sikrer, at dine kufferter er forsvarligt forst\u00e6rket.<\/p>\n<h4>Skr\u00e6ddersyede l\u00f8sninger til enhver anvendelse<\/h4>\n<p>Hver vejkasseops\u00e6tning er unik, og SX giver fleksibilitet til at matche dine specifikke krav. Vores <strong>Road Case-hj\u00f8rneklemmer<\/strong> kan tilpasses til forskellige kufferttyper, hvilket sikrer optimal beskyttelse af dit udstyr. Med direkte adgang til fabrikspriser sparer du p\u00e5 omkostningerne, samtidig med at du f\u00e5r pr\u00e6cis det, du har brug for - p\u00e5lidelige klemmer, der er skr\u00e6ddersyet til dine specifikationer.<\/p>\n<h4>Betroet af branchefolk<\/h4>\n<p>SX har et st\u00e6rkt omd\u00f8mme inden for brancher som live events, turn\u00e9er og logistik. Vores <strong>Road Case-hj\u00f8rneklemmer<\/strong> er betroet for deres p\u00e5lidelighed og ydeevne i kr\u00e6vende situationer. N\u00e5r du v\u00e6lger SX, f\u00e5r du fordel af fabriksdirekte priser, som holder omkostningerne nede, samtidig med at de h\u00f8je standarder for kvalitet og holdbarhed opretholdes. Professionelle over hele verden stoler p\u00e5 SX, n\u00e5r det g\u00e6lder sikre og prisvenlige hardwarel\u00f8sninger.<\/p>\n<h4>Kvalitet og overkommelige priser kombineret<\/h4>\n<p>SX er forpligtet til at levere b\u00e5de v\u00e6rdi og kvalitet. Vores <strong>Road Case-hj\u00f8rneklemmer<\/strong> er fremstillet efter h\u00f8je standarder og tilbydes til fabriksn\u00e6re priser, hvilket sikrer, at du f\u00e5r holdbar og omkostningseffektiv beskyttelse. At investere i SX-hardware betyder at investere i langtidsholdbare produkter, der ikke belaster dit budget.<\/p>\n<h4>Forbedret beskyttelse til enhver ops\u00e6tning<\/h4>\n<p>N\u00e5r det g\u00e6lder om at beskytte dit udstyr, er SX <strong>Road Case-hj\u00f8rneklemmer<\/strong> tilbyder den perfekte balance mellem styrke og overkommelige priser. Disse klemmer er konstrueret til barske forhold og er nemme at montere, og de giver forbedret beskyttelse til enhver road case. Med besparelser direkte fra fabrikken kan du sikre dit udstyr uden at g\u00e5 p\u00e5 kompromis med hverken kvalitet eller pris.<\/p>\n<p>Kontakt nu:<span style=\"color: #0000ff;\"><a style=\"color: #0000ff;\" href=\"https:\/\/sxpowercase.com\/contact-us\/\">https:\/\/sxpowercase.com\/<\/a><\/span><\/p>\n<p>Hardware produktkatalog:<span style=\"color: #3366ff;\"><a style=\"color: #3366ff;\" href=\"https:\/\/sxpowercase.com\/wp-content\/uploads\/2024\/07\/\u4e94\u91d1.pdf\">Hardware tilbeh\u00f8r katalog<\/a><\/span><\/p>","protected":false},"excerpt":{"rendered":"<h3>SX Road Case-hj\u00f8rneklemmer: Sikker og stabil st\u00f8tte<\/h3>\n<p>SX Road Case Corner Clamps giver robust beskyttelse af dit udstyr under transport. Disse klemmer er designet til styrke og pr\u00e6cision og sikrer, at dine kufferter sidder sikkert fast til direkte fabrikspriser.<\/p>\n<h3>Bygget til holdbarhed og h\u00e5rdt brug<\/h3>\n<p>SX Road Case Corner Clamps er fremstillet af holdbare materialer og kan modst\u00e5 rejsens strabadser og h\u00e5rdh\u00e6ndet h\u00e5ndtering og giver langvarig p\u00e5lidelighed og beskyttelse.<\/p>\n<h3>Nem installation og tilpassede l\u00f8sninger<\/h3>\n<p>SX-klemmerne er nemme at installere og passer til forskellige design af vejkasser. Der er mulighed for at tilpasse dem, s\u00e5 du f\u00e5r skr\u00e6ddersyede l\u00f8sninger til en overkommelig pris uden at g\u00e5 p\u00e5 kompromis med kvaliteten.<\/p>","protected":false},"featured_media":4173,"comment_status":"open","ping_status":"closed","template":"","meta":[],"product_brand":[],"product_cat":[64],"product_tag":[],"class_list":{"0":"post-4197","1":"product","2":"type-product","3":"status-publish","4":"has-post-thumbnail","6":"product_cat-clamps","8":"first","9":"instock","10":"shipping-taxable","11":"product-type-simple"},"yoast_head":"<!-- This site is optimized with the Yoast SEO Premium plugin v27.1 (Yoast SEO v27.2) - https:\/\/yoast.com\/product\/yoast-seo-premium-wordpress\/ -->\n<title>Road Case Corner Clamp CLA102 - https:\/\/sxflightcase.com \ud83d\udc97<\/title>\n<meta name=\"description\" content=\"Road case corner clamp, factory direct! High-quality, durable clamps designed for secure assembly and reinforcement of case corners. Ideal for heavy-duty protection during transport.\" \/>\n<meta name=\"robots\" content=\"index, follow, max-snippet:-1, max-image-preview:large, max-video-preview:-1\" \/>\n<link rel=\"canonical\" href=\"https:\/\/sxflightcase.com\/da\/vare\/road-case-hjorneklemme-cla102-2\/\" \/>\n<meta property=\"og:locale\" content=\"da_DK\" \/>\n<meta property=\"og:type\" content=\"article\" \/>\n<meta property=\"og:title\" content=\"Road Case Corner Clamp CLA102\" \/>\n<meta property=\"og:description\" content=\"Road case corner clamp, factory direct! High-quality, durable clamps designed for secure assembly and reinforcement of case corners. Ideal for heavy-duty protection during transport.\" \/>\n<meta property=\"og:url\" content=\"https:\/\/sxflightcase.com\/da\/vare\/road-case-hjorneklemme-cla102-2\/\" \/>\n<meta property=\"og:site_name\" content=\"https:\/\/sxflightcase.com\" \/>\n<meta property=\"article:publisher\" content=\"https:\/\/www.facebook.com\/profile.php?id=61560407257971\" \/>\n<meta property=\"article:modified_time\" content=\"2024-08-22T06:42:07+00:00\" \/>\n<meta property=\"og:image\" content=\"https:\/\/sxflightcase.com\/wp-content\/uploads\/2024\/08\/CLA102.jpg\" \/>\n\t<meta property=\"og:image:width\" content=\"520\" \/>\n\t<meta property=\"og:image:height\" content=\"520\" \/>\n\t<meta property=\"og:image:type\" content=\"image\/jpeg\" \/>\n<meta name=\"twitter:card\" content=\"summary_large_image\" \/>\n<meta name=\"twitter:label1\" content=\"Estimeret l\u00e6setid\" \/>\n\t<meta name=\"twitter:data1\" content=\"3 minutter\" \/>\n<script type=\"application\/ld+json\" class=\"yoast-schema-graph\">{\"@context\":\"https:\/\/schema.org\",\"@graph\":[{\"@type\":\"WebPage\",\"@id\":\"https:\/\/sxflightcase.com\/product\/road-case-corner-clamp-cla102\/\",\"url\":\"https:\/\/sxflightcase.com\/product\/road-case-corner-clamp-cla102\/\",\"name\":\"Road Case Corner Clamp CLA102 - https:\/\/sxflightcase.com \ud83d\udc97\",\"isPartOf\":{\"@id\":\"https:\/\/sxflightcase.com\/th\/#website\"},\"primaryImageOfPage\":{\"@id\":\"https:\/\/sxflightcase.com\/product\/road-case-corner-clamp-cla102\/#primaryimage\"},\"image\":{\"@id\":\"https:\/\/sxflightcase.com\/product\/road-case-corner-clamp-cla102\/#primaryimage\"},\"thumbnailUrl\":\"https:\/\/sxflightcase.com\/wp-content\/uploads\/2024\/08\/CLA102.jpg\",\"datePublished\":\"2024-08-22T06:42:06+00:00\",\"dateModified\":\"2024-08-22T06:42:07+00:00\",\"description\":\"Road case corner clamp, factory direct! High-quality, durable clamps designed for secure assembly and reinforcement of case corners. Ideal for heavy-duty protection during transport.\",\"breadcrumb\":{\"@id\":\"https:\/\/sxflightcase.com\/product\/road-case-corner-clamp-cla102\/#breadcrumb\"},\"inLanguage\":\"da-DK\",\"potentialAction\":[{\"@type\":\"ReadAction\",\"target\":[\"https:\/\/sxflightcase.com\/product\/road-case-corner-clamp-cla102\/\"]}]},{\"@type\":\"ImageObject\",\"inLanguage\":\"da-DK\",\"@id\":\"https:\/\/sxflightcase.com\/product\/road-case-corner-clamp-cla102\/#primaryimage\",\"url\":\"https:\/\/sxflightcase.com\/wp-content\/uploads\/2024\/08\/CLA102.jpg\",\"contentUrl\":\"https:\/\/sxflightcase.com\/wp-content\/uploads\/2024\/08\/CLA102.jpg\",\"width\":520,\"height\":520,\"caption\":\"Road Case Corner Clamp\"},{\"@type\":\"BreadcrumbList\",\"@id\":\"https:\/\/sxflightcase.com\/product\/road-case-corner-clamp-cla102\/#breadcrumb\",\"itemListElement\":[{\"@type\":\"ListItem\",\"position\":1,\"name\":\"Home\",\"item\":\"https:\/\/sxflightcase.com\/\"},{\"@type\":\"ListItem\",\"position\":2,\"name\":\"\u0e2a\u0e34\u0e19\u0e04\u0e49\u0e32\",\"item\":\"https:\/\/sxflightcase.com\/th\/shop\/\"},{\"@type\":\"ListItem\",\"position\":3,\"name\":\"Road Case Corner Clamp CLA102\"}]},{\"@type\":\"WebSite\",\"@id\":\"https:\/\/sxflightcase.com\/th\/#website\",\"url\":\"https:\/\/sxflightcase.com\/th\/\",\"name\":\"sxpowercase.com\",\"description\":\"Flight Case Factory\",\"publisher\":{\"@id\":\"https:\/\/sxflightcase.com\/th\/#organization\"},\"potentialAction\":[{\"@type\":\"SearchAction\",\"target\":{\"@type\":\"EntryPoint\",\"urlTemplate\":\"https:\/\/sxflightcase.com\/th\/?s={search_term_string}\"},\"query-input\":{\"@type\":\"PropertyValueSpecification\",\"valueRequired\":true,\"valueName\":\"search_term_string\"}}],\"inLanguage\":\"da-DK\"},{\"@type\":\"Organization\",\"@id\":\"https:\/\/sxflightcase.com\/th\/#organization\",\"name\":\"sxpowercase.com\",\"url\":\"https:\/\/sxflightcase.com\/th\/\",\"logo\":{\"@type\":\"ImageObject\",\"inLanguage\":\"da-DK\",\"@id\":\"https:\/\/sxflightcase.com\/th\/#\/schema\/logo\/image\/\",\"url\":\"https:\/\/sxflightcase.com\/wp-content\/uploads\/2024\/04\/1713919036007.jpg\",\"contentUrl\":\"https:\/\/sxflightcase.com\/wp-content\/uploads\/2024\/04\/1713919036007.jpg\",\"width\":382,\"height\":388,\"caption\":\"sxpowercase.com\"},\"image\":{\"@id\":\"https:\/\/sxflightcase.com\/th\/#\/schema\/logo\/image\/\"},\"sameAs\":[\"https:\/\/www.facebook.com\/profile.php?id=61560407257971\"],\"numberOfEmployees\":{\"@type\":\"QuantitativeValue\",\"minValue\":\"11\",\"maxValue\":\"50\"}}]}<\/script>\n<!-- \/ Yoast SEO Premium plugin. -->","yoast_head_json":{"title":"Road Case Corner Clamp CLA102 - https:\/\/sxflightcase.com \ud83d\udc97","description":"Road case corner clamp, direkte fra fabrikken! Holdbare klemmer af h\u00f8j kvalitet designet til sikker montering og forst\u00e6rkning af kassehj\u00f8rner. Ideel til kraftig beskyttelse under transport.","robots":{"index":"index","follow":"follow","max-snippet":"max-snippet:-1","max-image-preview":"max-image-preview:large","max-video-preview":"max-video-preview:-1"},"canonical":"https:\/\/sxflightcase.com\/da\/vare\/road-case-hjorneklemme-cla102-2\/","og_locale":"da_DK","og_type":"article","og_title":"Road Case Corner Clamp CLA102","og_description":"Road case corner clamp, factory direct! High-quality, durable clamps designed for secure assembly and reinforcement of case corners. Ideal for heavy-duty protection during transport.","og_url":"https:\/\/sxflightcase.com\/da\/vare\/road-case-hjorneklemme-cla102-2\/","og_site_name":"https:\/\/sxflightcase.com","article_publisher":"https:\/\/www.facebook.com\/profile.php?id=61560407257971","article_modified_time":"2024-08-22T06:42:07+00:00","og_image":[{"width":520,"height":520,"url":"https:\/\/sxflightcase.com\/wp-content\/uploads\/2024\/08\/CLA102.jpg","type":"image\/jpeg"}],"twitter_card":"summary_large_image","twitter_misc":{"Estimeret l\u00e6setid":"3 minutter"},"schema":{"@context":"https:\/\/schema.org","@graph":[{"@type":"WebPage","@id":"https:\/\/sxflightcase.com\/product\/road-case-corner-clamp-cla102\/","url":"https:\/\/sxflightcase.com\/product\/road-case-corner-clamp-cla102\/","name":"Road Case Corner Clamp CLA102 - https:\/\/sxflightcase.com \ud83d\udc97","isPartOf":{"@id":"https:\/\/sxflightcase.com\/th\/#website"},"primaryImageOfPage":{"@id":"https:\/\/sxflightcase.com\/product\/road-case-corner-clamp-cla102\/#primaryimage"},"image":{"@id":"https:\/\/sxflightcase.com\/product\/road-case-corner-clamp-cla102\/#primaryimage"},"thumbnailUrl":"https:\/\/sxflightcase.com\/wp-content\/uploads\/2024\/08\/CLA102.jpg","datePublished":"2024-08-22T06:42:06+00:00","dateModified":"2024-08-22T06:42:07+00:00","description":"Road case corner clamp, direkte fra fabrikken! Holdbare klemmer af h\u00f8j kvalitet designet til sikker montering og forst\u00e6rkning af kassehj\u00f8rner. Ideel til kraftig beskyttelse under transport.","breadcrumb":{"@id":"https:\/\/sxflightcase.com\/product\/road-case-corner-clamp-cla102\/#breadcrumb"},"inLanguage":"da-DK","potentialAction":[{"@type":"ReadAction","target":["https:\/\/sxflightcase.com\/product\/road-case-corner-clamp-cla102\/"]}]},{"@type":"ImageObject","inLanguage":"da-DK","@id":"https:\/\/sxflightcase.com\/product\/road-case-corner-clamp-cla102\/#primaryimage","url":"https:\/\/sxflightcase.com\/wp-content\/uploads\/2024\/08\/CLA102.jpg","contentUrl":"https:\/\/sxflightcase.com\/wp-content\/uploads\/2024\/08\/CLA102.jpg","width":520,"height":520,"caption":"Road Case Corner Clamp"},{"@type":"BreadcrumbList","@id":"https:\/\/sxflightcase.com\/product\/road-case-corner-clamp-cla102\/#breadcrumb","itemListElement":[{"@type":"ListItem","position":1,"name":"Home","item":"https:\/\/sxflightcase.com\/"},{"@type":"ListItem","position":2,"name":"\u0e2a\u0e34\u0e19\u0e04\u0e49\u0e32","item":"https:\/\/sxflightcase.com\/th\/shop\/"},{"@type":"ListItem","position":3,"name":"Road Case Corner Clamp CLA102"}]},{"@type":"WebSite","@id":"https:\/\/sxflightcase.com\/th\/#website","url":"https:\/\/sxflightcase.com\/th\/","name":"sxpowercase.com","description":"Flight Case Factory","publisher":{"@id":"https:\/\/sxflightcase.com\/th\/#organization"},"potentialAction":[{"@type":"SearchAction","target":{"@type":"EntryPoint","urlTemplate":"https:\/\/sxflightcase.com\/th\/?s={search_term_string}"},"query-input":{"@type":"PropertyValueSpecification","valueRequired":true,"valueName":"search_term_string"}}],"inLanguage":"da-DK"},{"@type":"Organization","@id":"https:\/\/sxflightcase.com\/th\/#organization","name":"sxpowercase.com","url":"https:\/\/sxflightcase.com\/th\/","logo":{"@type":"ImageObject","inLanguage":"da-DK","@id":"https:\/\/sxflightcase.com\/th\/#\/schema\/logo\/image\/","url":"https:\/\/sxflightcase.com\/wp-content\/uploads\/2024\/04\/1713919036007.jpg","contentUrl":"https:\/\/sxflightcase.com\/wp-content\/uploads\/2024\/04\/1713919036007.jpg","width":382,"height":388,"caption":"sxpowercase.com"},"image":{"@id":"https:\/\/sxflightcase.com\/th\/#\/schema\/logo\/image\/"},"sameAs":["https:\/\/www.facebook.com\/profile.php?id=61560407257971"],"numberOfEmployees":{"@type":"QuantitativeValue","minValue":"11","maxValue":"50"}}]}},"_links":{"self":[{"href":"https:\/\/sxflightcase.com\/da\/wp-json\/wp\/v2\/product\/4197","targetHints":{"allow":["GET"]}}],"collection":[{"href":"https:\/\/sxflightcase.com\/da\/wp-json\/wp\/v2\/product"}],"about":[{"href":"https:\/\/sxflightcase.com\/da\/wp-json\/wp\/v2\/types\/product"}],"replies":[{"embeddable":true,"href":"https:\/\/sxflightcase.com\/da\/wp-json\/wp\/v2\/comments?post=4197"}],"version-history":[{"count":0,"href":"https:\/\/sxflightcase.com\/da\/wp-json\/wp\/v2\/product\/4197\/revisions"}],"wp:featuredmedia":[{"embeddable":true,"href":"https:\/\/sxflightcase.com\/da\/wp-json\/wp\/v2\/media\/4173"}],"wp:attachment":[{"href":"https:\/\/sxflightcase.com\/da\/wp-json\/wp\/v2\/media?parent=4197"}],"wp:term":[{"taxonomy":"product_brand","embeddable":true,"href":"https:\/\/sxflightcase.com\/da\/wp-json\/wp\/v2\/product_brand?post=4197"},{"taxonomy":"product_cat","embeddable":true,"href":"https:\/\/sxflightcase.com\/da\/wp-json\/wp\/v2\/product_cat?post=4197"},{"taxonomy":"product_tag","embeddable":true,"href":"https:\/\/sxflightcase.com\/da\/wp-json\/wp\/v2\/product_tag?post=4197"}],"curies":[{"name":"wp","href":"https:\/\/api.w.org\/{rel}","templated":true}]}}