{"id":4206,"date":"2024-08-23T07:12:40","date_gmt":"2024-08-23T06:12:40","guid":{"rendered":"https:\/\/sxpowercase.com\/?post_type=product&#038;p=4206"},"modified":"2024-08-23T07:12:59","modified_gmt":"2024-08-23T06:12:59","slug":"corner-brackets","status":"publish","type":"product","link":"https:\/\/sxflightcase.com\/da\/vare\/hjornebeslag-2\/","title":{"rendered":"Hj\u00f8rnebeslag CLA301"},"content":{"rendered":"<h3>SX-hj\u00f8rnebeslag: Support af h\u00f8j kvalitet til direkte fabrikspriser<\/h3>\n<h4>Styrk dine strukturer med lethed<\/h4>\n<p>N\u00e5r stabilitet er vigtig, er SX <span style=\"color: #3366ff;\"><a style=\"color: #3366ff;\" href=\"https:\/\/sxpowercase.com\/product\/corner-brackets-cla201\/\"><strong>Hj\u00f8rnebeslag<\/strong><\/a><\/span> er den perfekte l\u00f8sning til at forst\u00e6rke dine projekter. Disse p\u00e5lidelige beslag er fremstillet af metal af h\u00f8j kvalitet og designet til at levere langvarig ydelse. Ved at tilbyde direkte fabrikspriser sikrer SX, at du f\u00e5r hardware i topkvalitet uden de h\u00f8je omkostninger.<\/p>\n<h4>Bygget til holdbarhed og robusthed<\/h4>\n<p><a title=\"SX\" href=\"https:\/\/sxpowercase.com\/\" target=\"_blank\" rel=\"noopener\" data-wpil-monitor-id=\"689\">SX<\/a> <strong>Hj\u00f8rnebeslag<\/strong> er lavet til at klare kravene til b\u00e5de lette og tunge opgaver. Den robuste konstruktion giver p\u00e5lidelig st\u00f8tte til en lang r\u00e6kke opgaver, fra forbedring af hjemmet til store industriopgaver. Med vores fabriksdirekte priser f\u00e5r du f\u00f8rsteklasses hardware til en br\u00f8kdel af den typiske detailpris, hvilket g\u00f8r det lettere at holde sig inden for budgettet uden at g\u00e5 p\u00e5 kompromis med kvaliteten.<\/p>\n<h4>Enkel installation til ethvert projekt<\/h4>\n<p>Konstrueret til nem og hurtig installation, SX <strong>Hj\u00f8rnebeslag<\/strong> er ideelle til ethvert f\u00e6rdighedsniveau, fra begyndere til erfarne fagfolk. Uanset om du skal bruge dem til at fastg\u00f8re m\u00f8bler, bygge rammer eller forst\u00e6rke konstruktioner, passer disse alsidige beslag problemfrit til forskellige anvendelser. Vores prismodel med fabriksdirekte priser garanterer overkommelige priser, samtidig med at vi opretholder strenge kvalitetsstandarder.<\/p>\n<h4>Skr\u00e6ddersyet til dine specifikke behov<\/h4>\n<p>SX forst\u00e5r, at forskellige projekter kr\u00e6ver forskellige l\u00f8sninger. Det er derfor, vores <strong>Hj\u00f8rnebeslag<\/strong> kommer med muligheder, der kan tilpasses, s\u00e5 de passer til netop dine behov. Uanset om du har brug for specifikke dimensioner, materialer eller finish, kan vi levere skr\u00e6ddersyede l\u00f8sninger, mens vi stadig holder omkostningerne nede. Den direkte tilgang fra fabrikken giver os mulighed for at videregive besparelser direkte til dig, s\u00e5 du f\u00e5r skr\u00e6ddersyet kvalitet uden at bruge for mange penge.<\/p>\n<h4>Betroet af professionelle og g\u00f8r-det-selv-eksperter over hele verden<\/h4>\n<p>SX har opbygget et ry for at levere p\u00e5lidelig hardware, som professionelle og g\u00f8r-det-selv-entusiaster stoler p\u00e5. Vores <strong>Hj\u00f8rnebeslag<\/strong> er designet til at opfylde de h\u00f8jeste standarder, hvilket g\u00f8r dem til et popul\u00e6rt valg p\u00e5 tv\u00e6rs af forskellige brancher. Med besparelser direkte fra fabrikken f\u00e5r du gavn af holdbare produkter, der ikke belaster dit budget, s\u00e5 du kan fokusere p\u00e5 at f\u00e5 dine projekter gjort effektivt.<\/p>\n<h4>Garanteret kvalitet, prisoptimeret<\/h4>\n<p>Med SX beh\u00f8ver du ikke at v\u00e6lge mellem kvalitet og overkommelige priser. Vores <strong>Hj\u00f8rnebeslag<\/strong> gennemg\u00e5r strenge kvalitetskontroller for at sikre, at de lever op til dine forventninger. Ved at sk\u00e6re un\u00f8dvendige mellemm\u00e6nd v\u00e6k og distribuere direkte giver vi dig hardware af h\u00f8j kvalitet til konkurrencedygtige priser, hvilket g\u00f8r os til en p\u00e5lidelig partner til b\u00e5de store og sm\u00e5 projekter.<\/p>\n<h4>Perfekt til b\u00e5de private og kommercielle anvendelser<\/h4>\n<p>SX <strong>Hj\u00f8rnebeslag<\/strong> tilbyder uovertruffen alsidighed til en r\u00e6kke byggebehov. Deres robuste design sikrer, at alt, hvad du bygger, forbliver sikkert, uanset om du arbejder p\u00e5 skabe, hylder eller st\u00f8rre installationer. Vores direkte fabrikspriser sikrer, at du f\u00e5r p\u00e5lidelige produkter til den bedst mulige v\u00e6rdi, hvilket g\u00f8r SX til din foretrukne kilde til p\u00e5lidelige hardwarel\u00f8sninger.<\/p>\n<h4>V\u00e6lg SX til dit n\u00e6ste projekt<\/h4>\n<p>N\u00e5r du har brug for p\u00e5lidelig support til dine byggerier, er SX <strong>Hj\u00f8rnebeslag<\/strong> leverer kvalitet, holdbarhed og besparelser. Vores fabriksn\u00e6re priser og tilpasningsmuligheder g\u00f8r det nemt at finde de rigtige beslag til enhver opgave, samtidig med at omkostningerne holdes nede. Fra g\u00f8r-det-selv-entusiaster til branchefolk - SX er det smarte valg til kvalitetsbeslag, der passer til dit budget.<\/p>\n<p>Kontakt nu:<span style=\"color: #0000ff;\"><a style=\"color: #0000ff;\" href=\"https:\/\/sxpowercase.com\/contact-us\/\">https:\/\/sxpowercase.com\/<\/a><\/span><\/p>\n<p>Hardware produktkatalog:<span style=\"color: #3366ff;\"><a style=\"color: #3366ff;\" href=\"https:\/\/sxpowercase.com\/wp-content\/uploads\/2024\/07\/\u4e94\u91d1.pdf\">Hardware tilbeh\u00f8r katalog<\/a><\/span><\/p>","protected":false},"excerpt":{"rendered":"<h3>SX-hj\u00f8rnebeslag: P\u00e5lidelig support, fabriksdirekte priser<\/h3>\n<p>SX-hj\u00f8rnebeslag giver robust forst\u00e6rkning til ethvert projekt, fra g\u00f8r-det-selv-byggerier til industrielle anvendelser. De er fremstillet af h\u00f8jstyrkematerialer og leverer langvarig holdbarhed til en overkommelig pris.<\/p>\n<h3>Alsidig og nem at installere<\/h3>\n<p>SX-hj\u00f8rnebeslag er designet til hurtig og enkel installation, hvilket g\u00f8r dem ideelle til en r\u00e6kke projekter. Med priser direkte fra fabrikken f\u00e5r du p\u00e5lidelig hardware, der er b\u00e5de alsidig og omkostningseffektiv.<\/p>\n<h3>Skr\u00e6ddersyede l\u00f8sninger til unikke projekter<\/h3>\n<p>SX tilbyder tilpasningsmuligheder for sine hj\u00f8rnebeslag, s\u00e5 du f\u00e5r den perfekte pasform til dine specifikke behov. F\u00e5 kvalitetshardware, der er skr\u00e6ddersyet til dine behov, uden at det koster en formue.<\/p>","protected":false},"featured_media":4177,"comment_status":"open","ping_status":"closed","template":"","meta":[],"product_brand":[],"product_cat":[64],"product_tag":[],"class_list":{"0":"post-4206","1":"product","2":"type-product","3":"status-publish","4":"has-post-thumbnail","6":"product_cat-clamps","8":"first","9":"instock","10":"shipping-taxable","11":"product-type-simple"},"yoast_head":"<!-- This site is optimized with the Yoast SEO Premium plugin v27.1 (Yoast SEO v27.2) - https:\/\/yoast.com\/product\/yoast-seo-premium-wordpress\/ -->\n<title>Corner Brackets CLA301 - https:\/\/sxflightcase.com \ud83d\udc97<\/title>\n<meta name=\"description\" content=\"Corner brackets, factory direct! High-quality, durable brackets for reinforcing and securing corners in furniture, cabinets, and cases. Ideal for added stability and strength in various applications.\" \/>\n<meta name=\"robots\" content=\"index, follow, max-snippet:-1, max-image-preview:large, max-video-preview:-1\" \/>\n<link rel=\"canonical\" href=\"https:\/\/sxflightcase.com\/da\/vare\/hjornebeslag-2\/\" \/>\n<meta property=\"og:locale\" content=\"da_DK\" \/>\n<meta property=\"og:type\" content=\"article\" \/>\n<meta property=\"og:title\" content=\"Corner Brackets CLA301\" \/>\n<meta property=\"og:description\" content=\"Corner brackets, factory direct! High-quality, durable brackets for reinforcing and securing corners in furniture, cabinets, and cases. Ideal for added stability and strength in various applications.\" \/>\n<meta property=\"og:url\" content=\"https:\/\/sxflightcase.com\/da\/vare\/hjornebeslag-2\/\" \/>\n<meta property=\"og:site_name\" content=\"https:\/\/sxflightcase.com\" \/>\n<meta property=\"article:publisher\" content=\"https:\/\/www.facebook.com\/profile.php?id=61560407257971\" \/>\n<meta property=\"article:modified_time\" content=\"2024-08-23T06:12:59+00:00\" \/>\n<meta property=\"og:image\" content=\"https:\/\/sxflightcase.com\/wp-content\/uploads\/2024\/08\/CLA301.jpg\" \/>\n\t<meta property=\"og:image:width\" content=\"700\" \/>\n\t<meta property=\"og:image:height\" content=\"700\" \/>\n\t<meta property=\"og:image:type\" content=\"image\/jpeg\" \/>\n<meta name=\"twitter:card\" content=\"summary_large_image\" \/>\n<meta name=\"twitter:label1\" content=\"Estimeret l\u00e6setid\" \/>\n\t<meta name=\"twitter:data1\" content=\"3 minutter\" \/>\n<script type=\"application\/ld+json\" class=\"yoast-schema-graph\">{\"@context\":\"https:\/\/schema.org\",\"@graph\":[{\"@type\":\"WebPage\",\"@id\":\"https:\/\/sxflightcase.com\/product\/corner-brackets\/\",\"url\":\"https:\/\/sxflightcase.com\/product\/corner-brackets\/\",\"name\":\"Corner Brackets CLA301 - https:\/\/sxflightcase.com \ud83d\udc97\",\"isPartOf\":{\"@id\":\"https:\/\/sxflightcase.com\/th\/#website\"},\"primaryImageOfPage\":{\"@id\":\"https:\/\/sxflightcase.com\/product\/corner-brackets\/#primaryimage\"},\"image\":{\"@id\":\"https:\/\/sxflightcase.com\/product\/corner-brackets\/#primaryimage\"},\"thumbnailUrl\":\"https:\/\/sxflightcase.com\/wp-content\/uploads\/2024\/08\/CLA301.jpg\",\"datePublished\":\"2024-08-23T06:12:40+00:00\",\"dateModified\":\"2024-08-23T06:12:59+00:00\",\"description\":\"Corner brackets, factory direct! High-quality, durable brackets for reinforcing and securing corners in furniture, cabinets, and cases. Ideal for added stability and strength in various applications.\",\"breadcrumb\":{\"@id\":\"https:\/\/sxflightcase.com\/product\/corner-brackets\/#breadcrumb\"},\"inLanguage\":\"da-DK\",\"potentialAction\":[{\"@type\":\"ReadAction\",\"target\":[\"https:\/\/sxflightcase.com\/product\/corner-brackets\/\"]}]},{\"@type\":\"ImageObject\",\"inLanguage\":\"da-DK\",\"@id\":\"https:\/\/sxflightcase.com\/product\/corner-brackets\/#primaryimage\",\"url\":\"https:\/\/sxflightcase.com\/wp-content\/uploads\/2024\/08\/CLA301.jpg\",\"contentUrl\":\"https:\/\/sxflightcase.com\/wp-content\/uploads\/2024\/08\/CLA301.jpg\",\"width\":700,\"height\":700,\"caption\":\"Corner Brackets\"},{\"@type\":\"BreadcrumbList\",\"@id\":\"https:\/\/sxflightcase.com\/product\/corner-brackets\/#breadcrumb\",\"itemListElement\":[{\"@type\":\"ListItem\",\"position\":1,\"name\":\"Home\",\"item\":\"https:\/\/sxflightcase.com\/\"},{\"@type\":\"ListItem\",\"position\":2,\"name\":\"\u0e2a\u0e34\u0e19\u0e04\u0e49\u0e32\",\"item\":\"https:\/\/sxflightcase.com\/th\/shop\/\"},{\"@type\":\"ListItem\",\"position\":3,\"name\":\"Corner Brackets CLA301\"}]},{\"@type\":\"WebSite\",\"@id\":\"https:\/\/sxflightcase.com\/th\/#website\",\"url\":\"https:\/\/sxflightcase.com\/th\/\",\"name\":\"sxpowercase.com\",\"description\":\"Flight Case Factory\",\"publisher\":{\"@id\":\"https:\/\/sxflightcase.com\/th\/#organization\"},\"potentialAction\":[{\"@type\":\"SearchAction\",\"target\":{\"@type\":\"EntryPoint\",\"urlTemplate\":\"https:\/\/sxflightcase.com\/th\/?s={search_term_string}\"},\"query-input\":{\"@type\":\"PropertyValueSpecification\",\"valueRequired\":true,\"valueName\":\"search_term_string\"}}],\"inLanguage\":\"da-DK\"},{\"@type\":\"Organization\",\"@id\":\"https:\/\/sxflightcase.com\/th\/#organization\",\"name\":\"sxpowercase.com\",\"url\":\"https:\/\/sxflightcase.com\/th\/\",\"logo\":{\"@type\":\"ImageObject\",\"inLanguage\":\"da-DK\",\"@id\":\"https:\/\/sxflightcase.com\/th\/#\/schema\/logo\/image\/\",\"url\":\"https:\/\/sxflightcase.com\/wp-content\/uploads\/2024\/04\/1713919036007.jpg\",\"contentUrl\":\"https:\/\/sxflightcase.com\/wp-content\/uploads\/2024\/04\/1713919036007.jpg\",\"width\":382,\"height\":388,\"caption\":\"sxpowercase.com\"},\"image\":{\"@id\":\"https:\/\/sxflightcase.com\/th\/#\/schema\/logo\/image\/\"},\"sameAs\":[\"https:\/\/www.facebook.com\/profile.php?id=61560407257971\"],\"numberOfEmployees\":{\"@type\":\"QuantitativeValue\",\"minValue\":\"11\",\"maxValue\":\"50\"}}]}<\/script>\n<!-- \/ Yoast SEO Premium plugin. -->","yoast_head_json":{"title":"Corner Brackets CLA301 - https:\/\/sxflightcase.com \ud83d\udc97","description":"Hj\u00f8rnebeslag, direkte fra fabrikken! Holdbare beslag af h\u00f8j kvalitet til forst\u00e6rkning og sikring af hj\u00f8rner i m\u00f8bler, skabe og kasser. Ideelle til ekstra stabilitet og styrke i forskellige sammenh\u00e6nge.","robots":{"index":"index","follow":"follow","max-snippet":"max-snippet:-1","max-image-preview":"max-image-preview:large","max-video-preview":"max-video-preview:-1"},"canonical":"https:\/\/sxflightcase.com\/da\/vare\/hjornebeslag-2\/","og_locale":"da_DK","og_type":"article","og_title":"Corner Brackets CLA301","og_description":"Corner brackets, factory direct! High-quality, durable brackets for reinforcing and securing corners in furniture, cabinets, and cases. Ideal for added stability and strength in various applications.","og_url":"https:\/\/sxflightcase.com\/da\/vare\/hjornebeslag-2\/","og_site_name":"https:\/\/sxflightcase.com","article_publisher":"https:\/\/www.facebook.com\/profile.php?id=61560407257971","article_modified_time":"2024-08-23T06:12:59+00:00","og_image":[{"width":700,"height":700,"url":"https:\/\/sxflightcase.com\/wp-content\/uploads\/2024\/08\/CLA301.jpg","type":"image\/jpeg"}],"twitter_card":"summary_large_image","twitter_misc":{"Estimeret l\u00e6setid":"3 minutter"},"schema":{"@context":"https:\/\/schema.org","@graph":[{"@type":"WebPage","@id":"https:\/\/sxflightcase.com\/product\/corner-brackets\/","url":"https:\/\/sxflightcase.com\/product\/corner-brackets\/","name":"Corner Brackets CLA301 - https:\/\/sxflightcase.com \ud83d\udc97","isPartOf":{"@id":"https:\/\/sxflightcase.com\/th\/#website"},"primaryImageOfPage":{"@id":"https:\/\/sxflightcase.com\/product\/corner-brackets\/#primaryimage"},"image":{"@id":"https:\/\/sxflightcase.com\/product\/corner-brackets\/#primaryimage"},"thumbnailUrl":"https:\/\/sxflightcase.com\/wp-content\/uploads\/2024\/08\/CLA301.jpg","datePublished":"2024-08-23T06:12:40+00:00","dateModified":"2024-08-23T06:12:59+00:00","description":"Hj\u00f8rnebeslag, direkte fra fabrikken! Holdbare beslag af h\u00f8j kvalitet til forst\u00e6rkning og sikring af hj\u00f8rner i m\u00f8bler, skabe og kasser. Ideelle til ekstra stabilitet og styrke i forskellige sammenh\u00e6nge.","breadcrumb":{"@id":"https:\/\/sxflightcase.com\/product\/corner-brackets\/#breadcrumb"},"inLanguage":"da-DK","potentialAction":[{"@type":"ReadAction","target":["https:\/\/sxflightcase.com\/product\/corner-brackets\/"]}]},{"@type":"ImageObject","inLanguage":"da-DK","@id":"https:\/\/sxflightcase.com\/product\/corner-brackets\/#primaryimage","url":"https:\/\/sxflightcase.com\/wp-content\/uploads\/2024\/08\/CLA301.jpg","contentUrl":"https:\/\/sxflightcase.com\/wp-content\/uploads\/2024\/08\/CLA301.jpg","width":700,"height":700,"caption":"Corner Brackets"},{"@type":"BreadcrumbList","@id":"https:\/\/sxflightcase.com\/product\/corner-brackets\/#breadcrumb","itemListElement":[{"@type":"ListItem","position":1,"name":"Home","item":"https:\/\/sxflightcase.com\/"},{"@type":"ListItem","position":2,"name":"\u0e2a\u0e34\u0e19\u0e04\u0e49\u0e32","item":"https:\/\/sxflightcase.com\/th\/shop\/"},{"@type":"ListItem","position":3,"name":"Corner Brackets CLA301"}]},{"@type":"WebSite","@id":"https:\/\/sxflightcase.com\/th\/#website","url":"https:\/\/sxflightcase.com\/th\/","name":"sxpowercase.com","description":"Flight Case Factory","publisher":{"@id":"https:\/\/sxflightcase.com\/th\/#organization"},"potentialAction":[{"@type":"SearchAction","target":{"@type":"EntryPoint","urlTemplate":"https:\/\/sxflightcase.com\/th\/?s={search_term_string}"},"query-input":{"@type":"PropertyValueSpecification","valueRequired":true,"valueName":"search_term_string"}}],"inLanguage":"da-DK"},{"@type":"Organization","@id":"https:\/\/sxflightcase.com\/th\/#organization","name":"sxpowercase.com","url":"https:\/\/sxflightcase.com\/th\/","logo":{"@type":"ImageObject","inLanguage":"da-DK","@id":"https:\/\/sxflightcase.com\/th\/#\/schema\/logo\/image\/","url":"https:\/\/sxflightcase.com\/wp-content\/uploads\/2024\/04\/1713919036007.jpg","contentUrl":"https:\/\/sxflightcase.com\/wp-content\/uploads\/2024\/04\/1713919036007.jpg","width":382,"height":388,"caption":"sxpowercase.com"},"image":{"@id":"https:\/\/sxflightcase.com\/th\/#\/schema\/logo\/image\/"},"sameAs":["https:\/\/www.facebook.com\/profile.php?id=61560407257971"],"numberOfEmployees":{"@type":"QuantitativeValue","minValue":"11","maxValue":"50"}}]}},"_links":{"self":[{"href":"https:\/\/sxflightcase.com\/da\/wp-json\/wp\/v2\/product\/4206","targetHints":{"allow":["GET"]}}],"collection":[{"href":"https:\/\/sxflightcase.com\/da\/wp-json\/wp\/v2\/product"}],"about":[{"href":"https:\/\/sxflightcase.com\/da\/wp-json\/wp\/v2\/types\/product"}],"replies":[{"embeddable":true,"href":"https:\/\/sxflightcase.com\/da\/wp-json\/wp\/v2\/comments?post=4206"}],"version-history":[{"count":0,"href":"https:\/\/sxflightcase.com\/da\/wp-json\/wp\/v2\/product\/4206\/revisions"}],"wp:featuredmedia":[{"embeddable":true,"href":"https:\/\/sxflightcase.com\/da\/wp-json\/wp\/v2\/media\/4177"}],"wp:attachment":[{"href":"https:\/\/sxflightcase.com\/da\/wp-json\/wp\/v2\/media?parent=4206"}],"wp:term":[{"taxonomy":"product_brand","embeddable":true,"href":"https:\/\/sxflightcase.com\/da\/wp-json\/wp\/v2\/product_brand?post=4206"},{"taxonomy":"product_cat","embeddable":true,"href":"https:\/\/sxflightcase.com\/da\/wp-json\/wp\/v2\/product_cat?post=4206"},{"taxonomy":"product_tag","embeddable":true,"href":"https:\/\/sxflightcase.com\/da\/wp-json\/wp\/v2\/product_tag?post=4206"}],"curies":[{"name":"wp","href":"https:\/\/api.w.org\/{rel}","templated":true}]}}