{"id":4207,"date":"2024-08-23T07:18:45","date_gmt":"2024-08-23T06:18:45","guid":{"rendered":"https:\/\/sxpowercase.com\/?post_type=product&#038;p=4207"},"modified":"2024-08-23T07:18:46","modified_gmt":"2024-08-23T06:18:46","slug":"flight-case-corner-clamp-cla401","status":"publish","type":"product","link":"https:\/\/sxflightcase.com\/da\/vare\/flightcase-hjorneklemme-cla401-2\/","title":{"rendered":"Flight Case hj\u00f8rneklemme CLA401"},"content":{"rendered":"<h3>SX Flight Case-hj\u00f8rneklemme: Sikker og prisbillig hardware til p\u00e5lidelig beskyttelse<\/h3>\n<h4>Forbedret holdbarhed for dine flightcases<\/h4>\n<p>N\u00e5r det handler om at beskytte v\u00e6rdifuldt udstyr, er SX's <span style=\"color: #3366ff;\"><a style=\"color: #3366ff;\" href=\"https:\/\/sxpowercase.com\/product\/corner-brackets\/\"><strong>Flight Case-hj\u00f8rneklemme<\/strong><\/a><\/span> er et vigtigt stykke hardware. Disse klemmer er designet til at forst\u00e6rke hj\u00f8rnerne p\u00e5 flightcases og sikre, at dit udstyr forbliver sikkert under transport. Med direkte priser fra fabrikken leverer SX klemmer af h\u00f8j kvalitet til budgetvenlige priser, s\u00e5 du er sikker p\u00e5 at f\u00e5 f\u00f8rsteklasses hardware uden at betale for meget.<\/p>\n<h4>Bygget til at holde med overlegne materialer<\/h4>\n<p><a href=\"https:\/\/sxpowercase.com\/\" target=\"_blank\" rel=\"noopener\" title=\"SX\" data-wpil-monitor-id=\"690\">SX<\/a> <strong>Flight Case-hj\u00f8rneklemmer<\/strong> er fremstillet af robust, holdbart metal, der giver langvarig styrke til kr\u00e6vende opgaver. Disse klemmer er konstrueret til at modst\u00e5 sliddet ved konstant brug, samtidig med at de bevarer deres strukturelle integritet. Den direkte tilgang fra fabrikken giver SX mulighed for at tilbyde konkurrencedygtige priser uden at g\u00e5 p\u00e5 kompromis med kvaliteten af materialer eller h\u00e5ndv\u00e6rk.<\/p>\n<h4>Nem installation og p\u00e5lidelig ydeevne<\/h4>\n<p>SX <strong>Flight Case-hj\u00f8rneklemmer<\/strong> er designet til hurtig og enkel installation, hvilket g\u00f8r dem ideelle til b\u00e5de professionelle og g\u00f8r-det-selv-entusiaster. Klemmerne giver en sikker pasform, der sikrer, at dine flightcase-hj\u00f8rner holdes godt p\u00e5 plads, hvilket reducerer risikoen for skader. Ved at fokusere p\u00e5 direkte salg garanterer SX, at du f\u00e5r p\u00e5lidelig hardware til lave priser, perfekt til projekter af enhver st\u00f8rrelse.<\/p>\n<h4>P\u00e5lidelig kvalitet med fabriksbesparelser<\/h4>\n<p>Hos SX er kvalitet kernen i alt, hvad vi g\u00f8r. Vores <strong>Flight Case-hj\u00f8rneklemmer<\/strong> gennemg\u00e5r strenge kvalitetskontroller for at sikre, at de lever op til de h\u00f8jeste standarder. Ved at k\u00f8be direkte fra vores fabrik kan vi give besparelser videre til vores kunder, samtidig med at vi opretholder et ensartet kvalitetsniveau. Du f\u00e5r p\u00e5lidelig hardware, der er omkostningseffektiv og giver fremragende v\u00e6rdi for din investering.<\/p>\n<h4>Alsidige anvendelsesmuligheder for alle flightcases<\/h4>\n<p>Uanset om du bygger nye flightcases eller opgraderer eksisterende, kan SX <strong>Flight Case-hj\u00f8rneklemmer<\/strong> er alsidige nok til at passe til forskellige designs og st\u00f8rrelser. Klemmerne giver solid forst\u00e6rkning til b\u00e5de special- og standardkufferter, hvilket g\u00f8r dem til et popul\u00e6rt valg p\u00e5 tv\u00e6rs af forskellige brancher. Med direkte priser fra fabrikken kan du nemt udstyre dine kasser med f\u00f8rsteklasses klemmer til en br\u00f8kdel af de typiske markedsomkostninger.<\/p>\n<h4>Skr\u00e6ddersyede l\u00f8sninger til dine unikke behov<\/h4>\n<p>SX forst\u00e5r, at hvert projekt er unikt, og det er derfor, vi tilbyder tilpassede muligheder for vores <strong>Flight Case-hj\u00f8rneklemmer<\/strong>. Uanset om du har brug for specifikke dimensioner, finish eller materialer, kan vi skr\u00e6ddersy vores produkter til at matche dine n\u00f8jagtige krav. Vores direkte fabriksmodel holder disse tilpasninger overkommelige, samtidig med at vi leverer den kvalitet, du forventer af SX.<\/p>\n<h4>SX-l\u00f8ftet: Kvalitet og overkommelige priser kombineret<\/h4>\n<p>Med SX beh\u00f8ver du aldrig at g\u00e5 p\u00e5 kompromis med kvalitet og pris. Vores <strong>Flight Case-hj\u00f8rneklemmer<\/strong> giver den perfekte blanding af styrke, holdbarhed og overkommelige priser. Takket v\u00e6re vores salgsmodel direkte til kunden f\u00e5r du f\u00f8rsteklasses hardware uden ekstra omkostninger til mellemm\u00e6nd, hvilket sikrer, at du f\u00e5r klemmer af h\u00f8j kvalitet, der passer til b\u00e5de dine behov og dit budget.<\/p>\n<h4>V\u00e6lg SX for p\u00e5lidelig hardware til flykufferter<\/h4>\n<p>N\u00e5r det g\u00e6lder sikring af dine flightcases, er SX's <strong>Flight Case-hj\u00f8rneklemmer<\/strong> er det ideelle valg. Med nem installation, holdbar konstruktion og uovertrufne priser har b\u00e5de professionelle og g\u00f8r-det-selv-brugere tillid til vores klemmer. V\u00e6lg SX til dit n\u00e6ste projekt, og oplev fordelene ved kvalitetshardware, der ikke koster en formue.<\/p>\n<p>Kontakt nu:<span style=\"color: #0000ff;\"><a style=\"color: #0000ff;\" href=\"https:\/\/sxpowercase.com\/contact-us\/\">https:\/\/sxpowercase.com\/<\/a><\/span><\/p>\n<p>Hardware produktkatalog:<span style=\"color: #3366ff;\"><a style=\"color: #3366ff;\" href=\"https:\/\/sxpowercase.com\/wp-content\/uploads\/2024\/07\/\u4e94\u91d1.pdf\">Hardware tilbeh\u00f8r katalog<\/a><\/span><\/p>","protected":false},"excerpt":{"rendered":"<h3>SX Flight Case-hj\u00f8rneklemmer: Prisbillig beskyttelse af dit udstyr<\/h3>\n<p>SX tilbyder Flight Case Corner Clamps af h\u00f8j kvalitet, der giver p\u00e5lidelig hj\u00f8rneforst\u00e6rkning til dine flightcases. Med direkte priser fra fabrikken f\u00e5r du holdbar hardware, der er designet til at beskytte dit udstyr uden at bruge for mange penge.<\/p>\n<h3>Bygget til at holde, let at installere<\/h3>\n<p>SX Flight Case Corner Clamps er fremstillet af robust metal og sikrer langvarig holdbarhed og er hurtige at installere. Uanset om du er professionel eller g\u00f8r-det-selv-entusiast, giver disse klemmer st\u00e6rk st\u00f8tte til sikre og stabile flightcases.<\/p>\n<h3>Tilpasningsmuligheder til fabrikspriser<\/h3>\n<p>SX tilbyder tilpassede dimensioner og finish til vores Flight Case Corner Clamps. Nyd f\u00f8rsteklasses hardware, der er skr\u00e6ddersyet til dine behov, til uovertrufne priser takket v\u00e6re vores salgsmodel direkte til kunderne.<\/p>","protected":false},"featured_media":4178,"comment_status":"open","ping_status":"closed","template":"","meta":[],"product_brand":[],"product_cat":[64],"product_tag":[],"class_list":{"0":"post-4207","1":"product","2":"type-product","3":"status-publish","4":"has-post-thumbnail","6":"product_cat-clamps","8":"first","9":"instock","10":"shipping-taxable","11":"product-type-simple"},"yoast_head":"<!-- This site is optimized with the Yoast SEO Premium plugin v27.1 (Yoast SEO v27.2) - https:\/\/yoast.com\/product\/yoast-seo-premium-wordpress\/ -->\n<title>Flight Case Corner Clamp CLA401 - https:\/\/sxflightcase.com \ud83d\udc97<\/title>\n<meta name=\"description\" content=\"Flight case corner clamp, factory direct! High-quality, durable clamps designed to reinforce and securely fasten flight case corners. Ideal for ensuring long-lasting protection during transport.\" \/>\n<meta name=\"robots\" content=\"index, follow, max-snippet:-1, max-image-preview:large, max-video-preview:-1\" \/>\n<link rel=\"canonical\" href=\"https:\/\/sxflightcase.com\/da\/vare\/flightcase-hjorneklemme-cla401-2\/\" \/>\n<meta property=\"og:locale\" content=\"da_DK\" \/>\n<meta property=\"og:type\" content=\"article\" \/>\n<meta property=\"og:title\" content=\"Flight Case Corner Clamp CLA401\" \/>\n<meta property=\"og:description\" content=\"Flight case corner clamp, factory direct! High-quality, durable clamps designed to reinforce and securely fasten flight case corners. Ideal for ensuring long-lasting protection during transport.\" \/>\n<meta property=\"og:url\" content=\"https:\/\/sxflightcase.com\/da\/vare\/flightcase-hjorneklemme-cla401-2\/\" \/>\n<meta property=\"og:site_name\" content=\"https:\/\/sxflightcase.com\" \/>\n<meta property=\"article:publisher\" content=\"https:\/\/www.facebook.com\/profile.php?id=61560407257971\" \/>\n<meta property=\"article:modified_time\" content=\"2024-08-23T06:18:46+00:00\" \/>\n<meta property=\"og:image\" content=\"https:\/\/sxflightcase.com\/wp-content\/uploads\/2024\/08\/CLA401.jpg\" \/>\n\t<meta property=\"og:image:width\" content=\"700\" \/>\n\t<meta property=\"og:image:height\" content=\"700\" \/>\n\t<meta property=\"og:image:type\" content=\"image\/jpeg\" \/>\n<meta name=\"twitter:card\" content=\"summary_large_image\" \/>\n<meta name=\"twitter:label1\" content=\"Estimeret l\u00e6setid\" \/>\n\t<meta name=\"twitter:data1\" content=\"4 minutter\" \/>\n<script type=\"application\/ld+json\" class=\"yoast-schema-graph\">{\"@context\":\"https:\/\/schema.org\",\"@graph\":[{\"@type\":\"WebPage\",\"@id\":\"https:\/\/sxflightcase.com\/product\/flight-case-corner-clamp-cla401\/\",\"url\":\"https:\/\/sxflightcase.com\/product\/flight-case-corner-clamp-cla401\/\",\"name\":\"Flight Case Corner Clamp CLA401 - https:\/\/sxflightcase.com \ud83d\udc97\",\"isPartOf\":{\"@id\":\"https:\/\/sxflightcase.com\/th\/#website\"},\"primaryImageOfPage\":{\"@id\":\"https:\/\/sxflightcase.com\/product\/flight-case-corner-clamp-cla401\/#primaryimage\"},\"image\":{\"@id\":\"https:\/\/sxflightcase.com\/product\/flight-case-corner-clamp-cla401\/#primaryimage\"},\"thumbnailUrl\":\"https:\/\/sxflightcase.com\/wp-content\/uploads\/2024\/08\/CLA401.jpg\",\"datePublished\":\"2024-08-23T06:18:45+00:00\",\"dateModified\":\"2024-08-23T06:18:46+00:00\",\"description\":\"Flight case corner clamp, factory direct! High-quality, durable clamps designed to reinforce and securely fasten flight case corners. Ideal for ensuring long-lasting protection during transport.\",\"breadcrumb\":{\"@id\":\"https:\/\/sxflightcase.com\/product\/flight-case-corner-clamp-cla401\/#breadcrumb\"},\"inLanguage\":\"da-DK\",\"potentialAction\":[{\"@type\":\"ReadAction\",\"target\":[\"https:\/\/sxflightcase.com\/product\/flight-case-corner-clamp-cla401\/\"]}]},{\"@type\":\"ImageObject\",\"inLanguage\":\"da-DK\",\"@id\":\"https:\/\/sxflightcase.com\/product\/flight-case-corner-clamp-cla401\/#primaryimage\",\"url\":\"https:\/\/sxflightcase.com\/wp-content\/uploads\/2024\/08\/CLA401.jpg\",\"contentUrl\":\"https:\/\/sxflightcase.com\/wp-content\/uploads\/2024\/08\/CLA401.jpg\",\"width\":700,\"height\":700,\"caption\":\"Flight Case Corner Clamp\"},{\"@type\":\"BreadcrumbList\",\"@id\":\"https:\/\/sxflightcase.com\/product\/flight-case-corner-clamp-cla401\/#breadcrumb\",\"itemListElement\":[{\"@type\":\"ListItem\",\"position\":1,\"name\":\"Home\",\"item\":\"https:\/\/sxflightcase.com\/\"},{\"@type\":\"ListItem\",\"position\":2,\"name\":\"\u0e2a\u0e34\u0e19\u0e04\u0e49\u0e32\",\"item\":\"https:\/\/sxflightcase.com\/th\/shop\/\"},{\"@type\":\"ListItem\",\"position\":3,\"name\":\"Flight Case Corner Clamp CLA401\"}]},{\"@type\":\"WebSite\",\"@id\":\"https:\/\/sxflightcase.com\/th\/#website\",\"url\":\"https:\/\/sxflightcase.com\/th\/\",\"name\":\"sxpowercase.com\",\"description\":\"Flight Case Factory\",\"publisher\":{\"@id\":\"https:\/\/sxflightcase.com\/th\/#organization\"},\"potentialAction\":[{\"@type\":\"SearchAction\",\"target\":{\"@type\":\"EntryPoint\",\"urlTemplate\":\"https:\/\/sxflightcase.com\/th\/?s={search_term_string}\"},\"query-input\":{\"@type\":\"PropertyValueSpecification\",\"valueRequired\":true,\"valueName\":\"search_term_string\"}}],\"inLanguage\":\"da-DK\"},{\"@type\":\"Organization\",\"@id\":\"https:\/\/sxflightcase.com\/th\/#organization\",\"name\":\"sxpowercase.com\",\"url\":\"https:\/\/sxflightcase.com\/th\/\",\"logo\":{\"@type\":\"ImageObject\",\"inLanguage\":\"da-DK\",\"@id\":\"https:\/\/sxflightcase.com\/th\/#\/schema\/logo\/image\/\",\"url\":\"https:\/\/sxflightcase.com\/wp-content\/uploads\/2024\/04\/1713919036007.jpg\",\"contentUrl\":\"https:\/\/sxflightcase.com\/wp-content\/uploads\/2024\/04\/1713919036007.jpg\",\"width\":382,\"height\":388,\"caption\":\"sxpowercase.com\"},\"image\":{\"@id\":\"https:\/\/sxflightcase.com\/th\/#\/schema\/logo\/image\/\"},\"sameAs\":[\"https:\/\/www.facebook.com\/profile.php?id=61560407257971\"],\"numberOfEmployees\":{\"@type\":\"QuantitativeValue\",\"minValue\":\"11\",\"maxValue\":\"50\"}}]}<\/script>\n<!-- \/ Yoast SEO Premium plugin. -->","yoast_head_json":{"title":"Flight Case Corner Clamp CLA401 - https:\/\/sxflightcase.com \ud83d\udc97","description":"Hj\u00f8rneklemme til flightcase, direkte fra fabrikken! Holdbare klemmer af h\u00f8j kvalitet, der er designet til at forst\u00e6rke og fastg\u00f8re hj\u00f8rnerne p\u00e5 flightcases sikkert. Ideel til at sikre langvarig beskyttelse under transport.","robots":{"index":"index","follow":"follow","max-snippet":"max-snippet:-1","max-image-preview":"max-image-preview:large","max-video-preview":"max-video-preview:-1"},"canonical":"https:\/\/sxflightcase.com\/da\/vare\/flightcase-hjorneklemme-cla401-2\/","og_locale":"da_DK","og_type":"article","og_title":"Flight Case Corner Clamp CLA401","og_description":"Flight case corner clamp, factory direct! High-quality, durable clamps designed to reinforce and securely fasten flight case corners. Ideal for ensuring long-lasting protection during transport.","og_url":"https:\/\/sxflightcase.com\/da\/vare\/flightcase-hjorneklemme-cla401-2\/","og_site_name":"https:\/\/sxflightcase.com","article_publisher":"https:\/\/www.facebook.com\/profile.php?id=61560407257971","article_modified_time":"2024-08-23T06:18:46+00:00","og_image":[{"width":700,"height":700,"url":"https:\/\/sxflightcase.com\/wp-content\/uploads\/2024\/08\/CLA401.jpg","type":"image\/jpeg"}],"twitter_card":"summary_large_image","twitter_misc":{"Estimeret l\u00e6setid":"4 minutter"},"schema":{"@context":"https:\/\/schema.org","@graph":[{"@type":"WebPage","@id":"https:\/\/sxflightcase.com\/product\/flight-case-corner-clamp-cla401\/","url":"https:\/\/sxflightcase.com\/product\/flight-case-corner-clamp-cla401\/","name":"Flight Case Corner Clamp CLA401 - https:\/\/sxflightcase.com \ud83d\udc97","isPartOf":{"@id":"https:\/\/sxflightcase.com\/th\/#website"},"primaryImageOfPage":{"@id":"https:\/\/sxflightcase.com\/product\/flight-case-corner-clamp-cla401\/#primaryimage"},"image":{"@id":"https:\/\/sxflightcase.com\/product\/flight-case-corner-clamp-cla401\/#primaryimage"},"thumbnailUrl":"https:\/\/sxflightcase.com\/wp-content\/uploads\/2024\/08\/CLA401.jpg","datePublished":"2024-08-23T06:18:45+00:00","dateModified":"2024-08-23T06:18:46+00:00","description":"Hj\u00f8rneklemme til flightcase, direkte fra fabrikken! Holdbare klemmer af h\u00f8j kvalitet, der er designet til at forst\u00e6rke og fastg\u00f8re hj\u00f8rnerne p\u00e5 flightcases sikkert. Ideel til at sikre langvarig beskyttelse under transport.","breadcrumb":{"@id":"https:\/\/sxflightcase.com\/product\/flight-case-corner-clamp-cla401\/#breadcrumb"},"inLanguage":"da-DK","potentialAction":[{"@type":"ReadAction","target":["https:\/\/sxflightcase.com\/product\/flight-case-corner-clamp-cla401\/"]}]},{"@type":"ImageObject","inLanguage":"da-DK","@id":"https:\/\/sxflightcase.com\/product\/flight-case-corner-clamp-cla401\/#primaryimage","url":"https:\/\/sxflightcase.com\/wp-content\/uploads\/2024\/08\/CLA401.jpg","contentUrl":"https:\/\/sxflightcase.com\/wp-content\/uploads\/2024\/08\/CLA401.jpg","width":700,"height":700,"caption":"Flight Case Corner Clamp"},{"@type":"BreadcrumbList","@id":"https:\/\/sxflightcase.com\/product\/flight-case-corner-clamp-cla401\/#breadcrumb","itemListElement":[{"@type":"ListItem","position":1,"name":"Home","item":"https:\/\/sxflightcase.com\/"},{"@type":"ListItem","position":2,"name":"\u0e2a\u0e34\u0e19\u0e04\u0e49\u0e32","item":"https:\/\/sxflightcase.com\/th\/shop\/"},{"@type":"ListItem","position":3,"name":"Flight Case Corner Clamp CLA401"}]},{"@type":"WebSite","@id":"https:\/\/sxflightcase.com\/th\/#website","url":"https:\/\/sxflightcase.com\/th\/","name":"sxpowercase.com","description":"Flight Case Factory","publisher":{"@id":"https:\/\/sxflightcase.com\/th\/#organization"},"potentialAction":[{"@type":"SearchAction","target":{"@type":"EntryPoint","urlTemplate":"https:\/\/sxflightcase.com\/th\/?s={search_term_string}"},"query-input":{"@type":"PropertyValueSpecification","valueRequired":true,"valueName":"search_term_string"}}],"inLanguage":"da-DK"},{"@type":"Organization","@id":"https:\/\/sxflightcase.com\/th\/#organization","name":"sxpowercase.com","url":"https:\/\/sxflightcase.com\/th\/","logo":{"@type":"ImageObject","inLanguage":"da-DK","@id":"https:\/\/sxflightcase.com\/th\/#\/schema\/logo\/image\/","url":"https:\/\/sxflightcase.com\/wp-content\/uploads\/2024\/04\/1713919036007.jpg","contentUrl":"https:\/\/sxflightcase.com\/wp-content\/uploads\/2024\/04\/1713919036007.jpg","width":382,"height":388,"caption":"sxpowercase.com"},"image":{"@id":"https:\/\/sxflightcase.com\/th\/#\/schema\/logo\/image\/"},"sameAs":["https:\/\/www.facebook.com\/profile.php?id=61560407257971"],"numberOfEmployees":{"@type":"QuantitativeValue","minValue":"11","maxValue":"50"}}]}},"_links":{"self":[{"href":"https:\/\/sxflightcase.com\/da\/wp-json\/wp\/v2\/product\/4207","targetHints":{"allow":["GET"]}}],"collection":[{"href":"https:\/\/sxflightcase.com\/da\/wp-json\/wp\/v2\/product"}],"about":[{"href":"https:\/\/sxflightcase.com\/da\/wp-json\/wp\/v2\/types\/product"}],"replies":[{"embeddable":true,"href":"https:\/\/sxflightcase.com\/da\/wp-json\/wp\/v2\/comments?post=4207"}],"version-history":[{"count":0,"href":"https:\/\/sxflightcase.com\/da\/wp-json\/wp\/v2\/product\/4207\/revisions"}],"wp:featuredmedia":[{"embeddable":true,"href":"https:\/\/sxflightcase.com\/da\/wp-json\/wp\/v2\/media\/4178"}],"wp:attachment":[{"href":"https:\/\/sxflightcase.com\/da\/wp-json\/wp\/v2\/media?parent=4207"}],"wp:term":[{"taxonomy":"product_brand","embeddable":true,"href":"https:\/\/sxflightcase.com\/da\/wp-json\/wp\/v2\/product_brand?post=4207"},{"taxonomy":"product_cat","embeddable":true,"href":"https:\/\/sxflightcase.com\/da\/wp-json\/wp\/v2\/product_cat?post=4207"},{"taxonomy":"product_tag","embeddable":true,"href":"https:\/\/sxflightcase.com\/da\/wp-json\/wp\/v2\/product_tag?post=4207"}],"curies":[{"name":"wp","href":"https:\/\/api.w.org\/{rel}","templated":true}]}}