{"id":4208,"date":"2024-08-23T07:20:31","date_gmt":"2024-08-23T06:20:31","guid":{"rendered":"https:\/\/sxpowercase.com\/?post_type=product&#038;p=4208"},"modified":"2024-08-23T07:20:32","modified_gmt":"2024-08-23T06:20:32","slug":"flight-case-corner-clamp-cla501","status":"publish","type":"product","link":"https:\/\/sxflightcase.com\/da\/vare\/flightcase-hjorneklemme-cla501-2\/","title":{"rendered":"Flight Case hj\u00f8rneklemme CLA501"},"content":{"rendered":"<h3>SX Flight Case hj\u00f8rneklemme: Hardware af h\u00f8j kvalitet til overkommelige priser<\/h3>\n<h4>Styrk dine flightcases med p\u00e5lidelige klemmer<\/h4>\n<p>For dem, der har brug for holdbar beskyttelse af deres udstyr, er SX's <span style=\"color: #3366ff;\"><a style=\"color: #3366ff;\" href=\"https:\/\/sxpowercase.com\/product\/flight-case-corner-clamp-cla401\/\"><strong>Flight Case-hj\u00f8rneklemme<\/strong><\/a><\/span> er en afg\u00f8rende komponent. Disse klemmer er designet til at give stabilitet og sikkerhed og er perfekte til at forst\u00e6rke hj\u00f8rnerne p\u00e5 dine flightcases. Med vores fabriksdirekte priser sikrer SX, at du f\u00e5r f\u00f8rsteklasses hardware til konkurrencedygtige priser, hvilket giver fremragende v\u00e6rdi uden at g\u00e5 p\u00e5 kompromis med kvaliteten.<\/p>\n<h4>Holdbar konstruktion, du kan stole p\u00e5<\/h4>\n<p><a href=\"https:\/\/sxpowercase.com\/\" target=\"_blank\" rel=\"noopener\" title=\"SX\" data-wpil-monitor-id=\"691\">SX<\/a> <strong>Flight Case-hj\u00f8rneklemmer<\/strong> er bygget af st\u00e6rke metalmaterialer, der er designet til at modst\u00e5 de h\u00e5rdeste forhold. Disse klemmer giver overlegen beskyttelse og sikrer, at dit udstyr forbliver sikkert under hele transporten. Ved at producere direkte og eliminere un\u00f8dvendige mellemm\u00e6nd er SX i stand til at levere disse kvalitetsprodukter til priser, der passer til ethvert budget.<\/p>\n<h4>Hurtig installation og maksimal beskyttelse<\/h4>\n<p>Udformningen af SX's <strong>Flight Case-hj\u00f8rneklemme<\/strong> giver mulighed for nem og hurtig installation. Uanset om du er professionel bygherre eller i gang med et g\u00f8r-det-selv-projekt, giver disse klemmer en perfekt pasform, der l\u00e5ser dine flightcase-hj\u00f8rner p\u00e5 plads. Denne stabilitet minimerer risikoen for skader, hvilket g\u00f8r dem til et vigtigt valg for alle, der \u00f8nsker at beskytte deres v\u00e6rdifulde udstyr. Med SX's besparelser direkte fra fabrikken kan du sikre dine kufferter til en overkommelig pris.<\/p>\n<h4>Kvalitetssikring ved hvert k\u00f8b<\/h4>\n<p>Hos SX l\u00e6gger vi stor v\u00e6gt p\u00e5 at levere produkter af h\u00f8j kvalitet. Vores <strong>Flight Case-hj\u00f8rneklemmer<\/strong> gennemg\u00e5r strenge kvalitetskontrolprocesser for at sikre, at de lever op til branchens standarder. Ved at styre produktion og distribution internt kan SX tilbyde p\u00e5lidelig hardware til lavere priser og samtidig opretholde den kvalitet, som professionelle stoler p\u00e5.<\/p>\n<h4>Alsidig hardware til forskellige kassedesigns<\/h4>\n<p>SX&#039;er <strong>Flight Case-hj\u00f8rneklemmer<\/strong> er alsidige og kan tilpasses forskellige kuffertkonfigurationer. Uanset om du bygger en ny kasse eller forst\u00e6rker en eksisterende, giver disse klemmer p\u00e5lidelig hj\u00f8rnest\u00f8tte p\u00e5 tv\u00e6rs af forskellige kassest\u00f8rrelser. Vores forpligtelse til direkte salg fra fabrikken giver dig mulighed for at f\u00e5 f\u00f8rsteklasses hardware til overkommelige priser, hvilket g\u00f8r det nemmere at gennemf\u00f8re dine projekter inden for budgettet.<\/p>\n<h4>Skr\u00e6ddersyede l\u00f8sninger til unikke krav<\/h4>\n<p>SX tilbyder tilpasningsmuligheder for vores <strong>Flight Case-hj\u00f8rneklemmer<\/strong> for at opfylde specifikke projektbehov. Uanset om du har brug for s\u00e6rlige materialer, finish eller dimensioner, kan vi justere vores produkter i overensstemmelse hermed. Vores fabriksdirekte model sikrer, at selv tilpassede klemmer er tilg\u00e6ngelige til konkurrencedygtige priser, hvilket giver dig skr\u00e6ddersyede l\u00f8sninger uden oppustede omkostninger.<\/p>\n<h4>SX: Kombination af kvalitet og overkommelige priser<\/h4>\n<p>SX er dedikeret til at tilbyde hardware af h\u00f8j kvalitet til lave priser. Vores <strong>Flight Case-hj\u00f8rneklemmer<\/strong> er et godt eksempel p\u00e5, hvordan vi leverer holdbarhed, p\u00e5lidelighed og overkommelige priser i \u00e9n og samme pakke. Ved at kontrollere produktionsprocessen og sk\u00e6re un\u00f8dvendige omkostninger v\u00e6k giver vi kunderne st\u00e6rke og p\u00e5lidelige klemmer, der giver fremragende v\u00e6rdi.<\/p>\n<h4>Fastg\u00f8r dine kufferter med SX Flight Case Hardware<\/h4>\n<p>N\u00e5r det kommer til at forst\u00e6rke dine flightcases, kan du stole p\u00e5 SX's <strong>Flight Case-hj\u00f8rneklemmer<\/strong>. Med enkel installation, holdbar konstruktion og konkurrencedygtige priser er vores klemmer det perfekte valg for b\u00e5de professionelle og hobbyfolk. V\u00e6lg SX til dit n\u00e6ste projekt, og oplev den kvalitet og de besparelser, som kun fabriksfremstillede produkter kan give.<\/p>\n<p>Kontakt nu:<span style=\"color: #0000ff;\"><a style=\"color: #0000ff;\" href=\"https:\/\/sxpowercase.com\/contact-us\/\">https:\/\/sxpowercase.com\/<\/a><\/span><\/p>\n<p>Hardware produktkatalog:<span style=\"color: #3366ff;\"><a style=\"color: #3366ff;\" href=\"https:\/\/sxpowercase.com\/wp-content\/uploads\/2024\/07\/\u4e94\u91d1.pdf\">Hardware tilbeh\u00f8r katalog<\/a><\/span><\/p>","protected":false},"excerpt":{"rendered":"<h3>SX Flight Case-hj\u00f8rneklemmer: Prisbillig beskyttelse af dit udstyr<\/h3>\n<p>SX tilbyder Flight Case Corner Clamps af h\u00f8j kvalitet, der giver p\u00e5lidelig hj\u00f8rneforst\u00e6rkning til dine flightcases. Med direkte priser fra fabrikken f\u00e5r du holdbar hardware, der er designet til at beskytte dit udstyr uden at bruge for mange penge.<\/p>\n<h3>Bygget til at holde, let at installere<\/h3>\n<p>SX Flight Case Corner Clamps er fremstillet af robust metal og sikrer langvarig holdbarhed og er hurtige at installere. Uanset om du er professionel eller g\u00f8r-det-selv-entusiast, giver disse klemmer st\u00e6rk st\u00f8tte til sikre og stabile flightcases.<\/p>\n<h3>Tilpasningsmuligheder til fabrikspriser<\/h3>\n<p>SX tilbyder tilpassede dimensioner og finish til vores Flight Case Corner Clamps. Nyd f\u00f8rsteklasses hardware, der er skr\u00e6ddersyet til dine behov, til uovertrufne priser takket v\u00e6re vores salgsmodel direkte til kunderne.<\/p>","protected":false},"featured_media":4179,"comment_status":"open","ping_status":"closed","template":"","meta":[],"product_brand":[],"product_cat":[64],"product_tag":[],"class_list":{"0":"post-4208","1":"product","2":"type-product","3":"status-publish","4":"has-post-thumbnail","6":"product_cat-clamps","8":"first","9":"instock","10":"shipping-taxable","11":"product-type-simple"},"yoast_head":"<!-- This site is optimized with the Yoast SEO Premium plugin v27.1 (Yoast SEO v27.2) - https:\/\/yoast.com\/product\/yoast-seo-premium-wordpress\/ -->\n<title>Flight Case Corner Clamp CLA501 - https:\/\/sxflightcase.com \ud83d\udc97<\/title>\n<meta name=\"description\" content=\"Flight case corner clamp, factory direct! High-quality, durable clamps designed to reinforce and securely fasten flight case corners. Ideal for ensuring long-lasting protection during transport.\" \/>\n<meta name=\"robots\" content=\"index, follow, max-snippet:-1, max-image-preview:large, max-video-preview:-1\" \/>\n<link rel=\"canonical\" href=\"https:\/\/sxflightcase.com\/da\/vare\/flightcase-hjorneklemme-cla501-2\/\" \/>\n<meta property=\"og:locale\" content=\"da_DK\" \/>\n<meta property=\"og:type\" content=\"article\" \/>\n<meta property=\"og:title\" content=\"Flight Case Corner Clamp CLA501\" \/>\n<meta property=\"og:description\" content=\"Flight case corner clamp, factory direct! High-quality, durable clamps designed to reinforce and securely fasten flight case corners. Ideal for ensuring long-lasting protection during transport.\" \/>\n<meta property=\"og:url\" content=\"https:\/\/sxflightcase.com\/da\/vare\/flightcase-hjorneklemme-cla501-2\/\" \/>\n<meta property=\"og:site_name\" content=\"https:\/\/sxflightcase.com\" \/>\n<meta property=\"article:publisher\" content=\"https:\/\/www.facebook.com\/profile.php?id=61560407257971\" \/>\n<meta property=\"article:modified_time\" content=\"2024-08-23T06:20:32+00:00\" \/>\n<meta property=\"og:image\" content=\"https:\/\/sxflightcase.com\/wp-content\/uploads\/2024\/08\/CLA501.jpg\" \/>\n\t<meta property=\"og:image:width\" content=\"700\" \/>\n\t<meta property=\"og:image:height\" content=\"700\" \/>\n\t<meta property=\"og:image:type\" content=\"image\/jpeg\" \/>\n<meta name=\"twitter:card\" content=\"summary_large_image\" \/>\n<meta name=\"twitter:label1\" content=\"Estimeret l\u00e6setid\" \/>\n\t<meta name=\"twitter:data1\" content=\"3 minutter\" \/>\n<script type=\"application\/ld+json\" class=\"yoast-schema-graph\">{\"@context\":\"https:\/\/schema.org\",\"@graph\":[{\"@type\":\"WebPage\",\"@id\":\"https:\/\/sxflightcase.com\/product\/flight-case-corner-clamp-cla501\/\",\"url\":\"https:\/\/sxflightcase.com\/product\/flight-case-corner-clamp-cla501\/\",\"name\":\"Flight Case Corner Clamp CLA501 - https:\/\/sxflightcase.com \ud83d\udc97\",\"isPartOf\":{\"@id\":\"https:\/\/sxflightcase.com\/th\/#website\"},\"primaryImageOfPage\":{\"@id\":\"https:\/\/sxflightcase.com\/product\/flight-case-corner-clamp-cla501\/#primaryimage\"},\"image\":{\"@id\":\"https:\/\/sxflightcase.com\/product\/flight-case-corner-clamp-cla501\/#primaryimage\"},\"thumbnailUrl\":\"https:\/\/sxflightcase.com\/wp-content\/uploads\/2024\/08\/CLA501.jpg\",\"datePublished\":\"2024-08-23T06:20:31+00:00\",\"dateModified\":\"2024-08-23T06:20:32+00:00\",\"description\":\"Flight case corner clamp, factory direct! High-quality, durable clamps designed to reinforce and securely fasten flight case corners. Ideal for ensuring long-lasting protection during transport.\",\"breadcrumb\":{\"@id\":\"https:\/\/sxflightcase.com\/product\/flight-case-corner-clamp-cla501\/#breadcrumb\"},\"inLanguage\":\"da-DK\",\"potentialAction\":[{\"@type\":\"ReadAction\",\"target\":[\"https:\/\/sxflightcase.com\/product\/flight-case-corner-clamp-cla501\/\"]}]},{\"@type\":\"ImageObject\",\"inLanguage\":\"da-DK\",\"@id\":\"https:\/\/sxflightcase.com\/product\/flight-case-corner-clamp-cla501\/#primaryimage\",\"url\":\"https:\/\/sxflightcase.com\/wp-content\/uploads\/2024\/08\/CLA501.jpg\",\"contentUrl\":\"https:\/\/sxflightcase.com\/wp-content\/uploads\/2024\/08\/CLA501.jpg\",\"width\":700,\"height\":700,\"caption\":\"Flight Case Corner Clamp\"},{\"@type\":\"BreadcrumbList\",\"@id\":\"https:\/\/sxflightcase.com\/product\/flight-case-corner-clamp-cla501\/#breadcrumb\",\"itemListElement\":[{\"@type\":\"ListItem\",\"position\":1,\"name\":\"Home\",\"item\":\"https:\/\/sxflightcase.com\/\"},{\"@type\":\"ListItem\",\"position\":2,\"name\":\"\u0e2a\u0e34\u0e19\u0e04\u0e49\u0e32\",\"item\":\"https:\/\/sxflightcase.com\/th\/shop\/\"},{\"@type\":\"ListItem\",\"position\":3,\"name\":\"Flight Case Corner Clamp CLA501\"}]},{\"@type\":\"WebSite\",\"@id\":\"https:\/\/sxflightcase.com\/th\/#website\",\"url\":\"https:\/\/sxflightcase.com\/th\/\",\"name\":\"sxpowercase.com\",\"description\":\"Flight Case Factory\",\"publisher\":{\"@id\":\"https:\/\/sxflightcase.com\/th\/#organization\"},\"potentialAction\":[{\"@type\":\"SearchAction\",\"target\":{\"@type\":\"EntryPoint\",\"urlTemplate\":\"https:\/\/sxflightcase.com\/th\/?s={search_term_string}\"},\"query-input\":{\"@type\":\"PropertyValueSpecification\",\"valueRequired\":true,\"valueName\":\"search_term_string\"}}],\"inLanguage\":\"da-DK\"},{\"@type\":\"Organization\",\"@id\":\"https:\/\/sxflightcase.com\/th\/#organization\",\"name\":\"sxpowercase.com\",\"url\":\"https:\/\/sxflightcase.com\/th\/\",\"logo\":{\"@type\":\"ImageObject\",\"inLanguage\":\"da-DK\",\"@id\":\"https:\/\/sxflightcase.com\/th\/#\/schema\/logo\/image\/\",\"url\":\"https:\/\/sxflightcase.com\/wp-content\/uploads\/2024\/04\/1713919036007.jpg\",\"contentUrl\":\"https:\/\/sxflightcase.com\/wp-content\/uploads\/2024\/04\/1713919036007.jpg\",\"width\":382,\"height\":388,\"caption\":\"sxpowercase.com\"},\"image\":{\"@id\":\"https:\/\/sxflightcase.com\/th\/#\/schema\/logo\/image\/\"},\"sameAs\":[\"https:\/\/www.facebook.com\/profile.php?id=61560407257971\"],\"numberOfEmployees\":{\"@type\":\"QuantitativeValue\",\"minValue\":\"11\",\"maxValue\":\"50\"}}]}<\/script>\n<!-- \/ Yoast SEO Premium plugin. -->","yoast_head_json":{"title":"Flight Case Corner Clamp CLA501 - https:\/\/sxflightcase.com \ud83d\udc97","description":"Hj\u00f8rneklemme til flightcase, direkte fra fabrikken! Holdbare klemmer af h\u00f8j kvalitet, der er designet til at forst\u00e6rke og fastg\u00f8re hj\u00f8rnerne p\u00e5 flightcases sikkert. Ideel til at sikre langvarig beskyttelse under transport.","robots":{"index":"index","follow":"follow","max-snippet":"max-snippet:-1","max-image-preview":"max-image-preview:large","max-video-preview":"max-video-preview:-1"},"canonical":"https:\/\/sxflightcase.com\/da\/vare\/flightcase-hjorneklemme-cla501-2\/","og_locale":"da_DK","og_type":"article","og_title":"Flight Case Corner Clamp CLA501","og_description":"Flight case corner clamp, factory direct! High-quality, durable clamps designed to reinforce and securely fasten flight case corners. Ideal for ensuring long-lasting protection during transport.","og_url":"https:\/\/sxflightcase.com\/da\/vare\/flightcase-hjorneklemme-cla501-2\/","og_site_name":"https:\/\/sxflightcase.com","article_publisher":"https:\/\/www.facebook.com\/profile.php?id=61560407257971","article_modified_time":"2024-08-23T06:20:32+00:00","og_image":[{"width":700,"height":700,"url":"https:\/\/sxflightcase.com\/wp-content\/uploads\/2024\/08\/CLA501.jpg","type":"image\/jpeg"}],"twitter_card":"summary_large_image","twitter_misc":{"Estimeret l\u00e6setid":"3 minutter"},"schema":{"@context":"https:\/\/schema.org","@graph":[{"@type":"WebPage","@id":"https:\/\/sxflightcase.com\/product\/flight-case-corner-clamp-cla501\/","url":"https:\/\/sxflightcase.com\/product\/flight-case-corner-clamp-cla501\/","name":"Flight Case Corner Clamp CLA501 - https:\/\/sxflightcase.com \ud83d\udc97","isPartOf":{"@id":"https:\/\/sxflightcase.com\/th\/#website"},"primaryImageOfPage":{"@id":"https:\/\/sxflightcase.com\/product\/flight-case-corner-clamp-cla501\/#primaryimage"},"image":{"@id":"https:\/\/sxflightcase.com\/product\/flight-case-corner-clamp-cla501\/#primaryimage"},"thumbnailUrl":"https:\/\/sxflightcase.com\/wp-content\/uploads\/2024\/08\/CLA501.jpg","datePublished":"2024-08-23T06:20:31+00:00","dateModified":"2024-08-23T06:20:32+00:00","description":"Hj\u00f8rneklemme til flightcase, direkte fra fabrikken! Holdbare klemmer af h\u00f8j kvalitet, der er designet til at forst\u00e6rke og fastg\u00f8re hj\u00f8rnerne p\u00e5 flightcases sikkert. Ideel til at sikre langvarig beskyttelse under transport.","breadcrumb":{"@id":"https:\/\/sxflightcase.com\/product\/flight-case-corner-clamp-cla501\/#breadcrumb"},"inLanguage":"da-DK","potentialAction":[{"@type":"ReadAction","target":["https:\/\/sxflightcase.com\/product\/flight-case-corner-clamp-cla501\/"]}]},{"@type":"ImageObject","inLanguage":"da-DK","@id":"https:\/\/sxflightcase.com\/product\/flight-case-corner-clamp-cla501\/#primaryimage","url":"https:\/\/sxflightcase.com\/wp-content\/uploads\/2024\/08\/CLA501.jpg","contentUrl":"https:\/\/sxflightcase.com\/wp-content\/uploads\/2024\/08\/CLA501.jpg","width":700,"height":700,"caption":"Flight Case Corner Clamp"},{"@type":"BreadcrumbList","@id":"https:\/\/sxflightcase.com\/product\/flight-case-corner-clamp-cla501\/#breadcrumb","itemListElement":[{"@type":"ListItem","position":1,"name":"Home","item":"https:\/\/sxflightcase.com\/"},{"@type":"ListItem","position":2,"name":"\u0e2a\u0e34\u0e19\u0e04\u0e49\u0e32","item":"https:\/\/sxflightcase.com\/th\/shop\/"},{"@type":"ListItem","position":3,"name":"Flight Case Corner Clamp CLA501"}]},{"@type":"WebSite","@id":"https:\/\/sxflightcase.com\/th\/#website","url":"https:\/\/sxflightcase.com\/th\/","name":"sxpowercase.com","description":"Flight Case Factory","publisher":{"@id":"https:\/\/sxflightcase.com\/th\/#organization"},"potentialAction":[{"@type":"SearchAction","target":{"@type":"EntryPoint","urlTemplate":"https:\/\/sxflightcase.com\/th\/?s={search_term_string}"},"query-input":{"@type":"PropertyValueSpecification","valueRequired":true,"valueName":"search_term_string"}}],"inLanguage":"da-DK"},{"@type":"Organization","@id":"https:\/\/sxflightcase.com\/th\/#organization","name":"sxpowercase.com","url":"https:\/\/sxflightcase.com\/th\/","logo":{"@type":"ImageObject","inLanguage":"da-DK","@id":"https:\/\/sxflightcase.com\/th\/#\/schema\/logo\/image\/","url":"https:\/\/sxflightcase.com\/wp-content\/uploads\/2024\/04\/1713919036007.jpg","contentUrl":"https:\/\/sxflightcase.com\/wp-content\/uploads\/2024\/04\/1713919036007.jpg","width":382,"height":388,"caption":"sxpowercase.com"},"image":{"@id":"https:\/\/sxflightcase.com\/th\/#\/schema\/logo\/image\/"},"sameAs":["https:\/\/www.facebook.com\/profile.php?id=61560407257971"],"numberOfEmployees":{"@type":"QuantitativeValue","minValue":"11","maxValue":"50"}}]}},"_links":{"self":[{"href":"https:\/\/sxflightcase.com\/da\/wp-json\/wp\/v2\/product\/4208","targetHints":{"allow":["GET"]}}],"collection":[{"href":"https:\/\/sxflightcase.com\/da\/wp-json\/wp\/v2\/product"}],"about":[{"href":"https:\/\/sxflightcase.com\/da\/wp-json\/wp\/v2\/types\/product"}],"replies":[{"embeddable":true,"href":"https:\/\/sxflightcase.com\/da\/wp-json\/wp\/v2\/comments?post=4208"}],"version-history":[{"count":0,"href":"https:\/\/sxflightcase.com\/da\/wp-json\/wp\/v2\/product\/4208\/revisions"}],"wp:featuredmedia":[{"embeddable":true,"href":"https:\/\/sxflightcase.com\/da\/wp-json\/wp\/v2\/media\/4179"}],"wp:attachment":[{"href":"https:\/\/sxflightcase.com\/da\/wp-json\/wp\/v2\/media?parent=4208"}],"wp:term":[{"taxonomy":"product_brand","embeddable":true,"href":"https:\/\/sxflightcase.com\/da\/wp-json\/wp\/v2\/product_brand?post=4208"},{"taxonomy":"product_cat","embeddable":true,"href":"https:\/\/sxflightcase.com\/da\/wp-json\/wp\/v2\/product_cat?post=4208"},{"taxonomy":"product_tag","embeddable":true,"href":"https:\/\/sxflightcase.com\/da\/wp-json\/wp\/v2\/product_tag?post=4208"}],"curies":[{"name":"wp","href":"https:\/\/api.w.org\/{rel}","templated":true}]}}