{"id":4211,"date":"2024-08-24T07:59:50","date_gmt":"2024-08-24T06:59:50","guid":{"rendered":"https:\/\/sxpowercase.com\/?post_type=product&#038;p=4211"},"modified":"2024-08-24T07:59:51","modified_gmt":"2024-08-24T06:59:51","slug":"metal-corner-brace-cla502","status":"publish","type":"product","link":"https:\/\/sxflightcase.com\/da\/vare\/hjornebojle-i-metal-cla502\/","title":{"rendered":"Metal hj\u00f8rneb\u00f8jle CLA502"},"content":{"rendered":"<h3>SX-hj\u00f8rneb\u00f8jle i metal af h\u00f8j kvalitet: Holdbar st\u00f8tte til overkommelige priser<\/h3>\n<h4>P\u00e5lidelige hj\u00f8rnestivere giver \u00f8get stabilitet<\/h4>\n<p>N\u00e5r det drejer sig om at styrke og forst\u00e6rke forskellige konstruktioner, er <span style=\"color: #3366ff;\"><a style=\"color: #3366ff;\" href=\"https:\/\/sxpowercase.com\/product\/flight-case-corner-clamp-cla501\/\"><strong>Hj\u00f8rneb\u00f8jle af metal<\/strong><\/a><\/span> fra SX er en vigtig komponent. Uanset om det er til skabe, kasser eller m\u00f8bler, er vores seler designet til at give maksimal st\u00f8tte til en lav pris. Ved at tilbyde direkte salg fra fabrikken giver SX uovertrufne priser uden at g\u00e5 p\u00e5 kompromis med kvaliteten, hvilket sikrer, at du f\u00e5r den bedste v\u00e6rdi for dit k\u00f8b.<\/p>\n<h4>Bygget til styrke og lang levetid<\/h4>\n<p><a href=\"https:\/\/sxpowercase.com\/\" target=\"_blank\" rel=\"noopener\" title=\"SX\" data-wpil-monitor-id=\"692\">SX<\/a> <strong>Hj\u00f8rneb\u00f8jler af metal<\/strong> er fremstillet af holdbare metalmaterialer, der er designet til at modst\u00e5 tunge belastninger og barske milj\u00f8er. Vores produkter gennemg\u00e5r strenge kvalitetskontroller for at sikre, at de lever op til h\u00f8je industristandarder. Takket v\u00e6re vores direkte fabriksdistribution kan vi opretholde streng kontrol med produktionen og samtidig holde omkostningerne nede, s\u00e5 du kan nyde godt af b\u00e5de f\u00f8rsteklasses kvalitet og budgetvenlige priser.<\/p>\n<h4>Enkel installation og alsidige anvendelsesmuligheder<\/h4>\n<p>Installation af SX'er <strong>Hj\u00f8rneb\u00f8jle af metal<\/strong> er hurtig og nem, hvilket g\u00f8r den velegnet til b\u00e5de professionelle bygherrer og g\u00f8r-det-selv-entusiaster. Disse seler er alsidige og giver p\u00e5lidelig st\u00f8tte til forskellige projekter, lige fra sikring af skabe til forst\u00e6rkning af flightcases. Med SX's engagement i overkommelige priser kan du gennemf\u00f8re dine projekter effektivt uden at bruge for mange penge.<\/p>\n<h4>Garanteret kvalitet ved hvert k\u00f8b<\/h4>\n<p>Hos SX s\u00e6tter vi en \u00e6re i at levere produkter, som vores kunder kan stole p\u00e5. Vores <strong>Hj\u00f8rneb\u00f8jler af metal<\/strong> er fremstillet under streng kvalitetskontrol, hvilket sikrer ensartet ydeevne for hvert stykke. Ved at h\u00e5ndtere b\u00e5de produktion og distribution direkte holder SX priserne lave, samtidig med at vi opretholder de h\u00f8je standarder, vores kunder forventer.<\/p>\n<h4>Skr\u00e6ddersyede l\u00f8sninger til unikke behov<\/h4>\n<p>SX forst\u00e5r, at hvert projekt er unikt. Vi tilbyder tilpasningsmuligheder for vores <strong>Hj\u00f8rneb\u00f8jler af metal<\/strong>Det giver dig mulighed for at v\u00e6lge den st\u00f8rrelse, det materiale eller den finish, der passer bedst til dine behov. P\u00e5 trods af at vi tilbyder l\u00f8sninger, der kan tilpasses, sikrer vores fabriksn\u00e6re model, at du stadig f\u00e5r fordel af konkurrencedygtige priser, selv ved specialbestillinger.<\/p>\n<h4>V\u00e6rdidrevet hardware fra SX<\/h4>\n<p>SX er forpligtet til at levere kvalitetshardware til lave priser. Ved at eliminere mellemm\u00e6nd kan vi tilbyde vores <strong>Hj\u00f8rneb\u00f8jler af metal<\/strong> direkte fra fabrikken og giver betydelige besparelser videre til vores kunder. Uanset om du st\u00e5r for store projekter eller mindre g\u00f8r-det-selv-opgaver, kan du regne med SX, n\u00e5r det g\u00e6lder omkostningseffektivt og p\u00e5lideligt hardware.<\/p>\n<h4>V\u00e6lg SX til dine behov for hj\u00f8rneb\u00f8jler<\/h4>\n<p>N\u00e5r det handler om at sikre og forst\u00e6rke dine projekter, kan du stole p\u00e5 SX's <strong>Hj\u00f8rneb\u00f8jle af metal<\/strong>. Ved at kombinere holdbarhed, nem installation og overkommelige priser fra fabrikken tilbyder disse seler en perfekt blanding af kvalitet og v\u00e6rdi. Hvis du vil have alsidig st\u00f8tte, der ikke koster en formue, skal du ikke lede l\u00e6ngere end til SX, dit foretrukne m\u00e6rke til p\u00e5lidelige beslagl\u00f8sninger.<\/p>\n<p>Kontakt nu:<span style=\"color: #0000ff;\"><a style=\"color: #0000ff;\" href=\"https:\/\/sxpowercase.com\/contact-us\/\">https:\/\/sxpowercase.com\/<\/a><\/span><\/p>\n<p>Hardware produktkatalog:<span style=\"color: #3366ff;\"><a style=\"color: #3366ff;\" href=\"https:\/\/sxpowercase.com\/wp-content\/uploads\/2024\/07\/\u4e94\u91d1.pdf\">Hardware tilbeh\u00f8r katalog<\/a><\/span><\/p>","protected":false},"excerpt":{"rendered":"<h3>SX hj\u00f8rneb\u00f8jle i metal: Prisbillig st\u00f8tte af h\u00f8j kvalitet<\/h3>\n<p>Forst\u00e6rk dine konstruktioner med SX's Metal Corner Brace. Disse afstivere er ideelle til skabe, kasser og m\u00f8bler og giver p\u00e5lidelig styrke til fabriksdirekte priser, hvilket giver uovertruffen v\u00e6rdi uden at g\u00e5 p\u00e5 kompromis med kvaliteten.<\/p>\n<h3>Holdbar og bygget til at holde<\/h3>\n<p>SX Metal Corner Braces er lavet af robust metal og er designet til at klare tunge belastninger og h\u00e5rde forhold. Med strenge kvalitetskontroller og direkte salg fra fabrikken f\u00e5r du langtidsholdbar ydeevne til budgetvenlige priser.<\/p>\n<h3>Let at installere, alsidig til ethvert projekt<\/h3>\n<p>SX Metal Corner Braces er hurtige at installere og velegnede til forskellige form\u00e5l. Uanset om du er professionel eller g\u00f8r-det-selv-entusiast, giver disse alsidige seler p\u00e5lidelig st\u00f8tte til forskellige konstruktionsbehov, samtidig med at omkostningerne holdes nede.<\/p>","protected":false},"featured_media":4180,"comment_status":"open","ping_status":"closed","template":"","meta":[],"product_brand":[],"product_cat":[64],"product_tag":[],"class_list":{"0":"post-4211","1":"product","2":"type-product","3":"status-publish","4":"has-post-thumbnail","6":"product_cat-clamps","8":"first","9":"instock","10":"shipping-taxable","11":"product-type-simple"},"yoast_head":"<!-- This site is optimized with the Yoast SEO Premium plugin v27.1 (Yoast SEO v27.2) - https:\/\/yoast.com\/product\/yoast-seo-premium-wordpress\/ -->\n<title>Metal Corner Brace CLA502 - https:\/\/sxflightcase.com \ud83d\udc97<\/title>\n<meta name=\"description\" content=\"Metal corner brace, factory direct! High-quality, durable braces for reinforcing and securing corners in furniture, cases, and structures. Perfect for added stability and strength in various applications.\" \/>\n<meta name=\"robots\" content=\"index, follow, max-snippet:-1, max-image-preview:large, max-video-preview:-1\" \/>\n<link rel=\"canonical\" href=\"https:\/\/sxflightcase.com\/da\/vare\/hjornebojle-i-metal-cla502\/\" \/>\n<meta property=\"og:locale\" content=\"da_DK\" \/>\n<meta property=\"og:type\" content=\"article\" \/>\n<meta property=\"og:title\" content=\"Metal Corner Brace CLA502\" \/>\n<meta property=\"og:description\" content=\"Metal corner brace, factory direct! High-quality, durable braces for reinforcing and securing corners in furniture, cases, and structures. Perfect for added stability and strength in various applications.\" \/>\n<meta property=\"og:url\" content=\"https:\/\/sxflightcase.com\/da\/vare\/hjornebojle-i-metal-cla502\/\" \/>\n<meta property=\"og:site_name\" content=\"https:\/\/sxflightcase.com\" \/>\n<meta property=\"article:publisher\" content=\"https:\/\/www.facebook.com\/profile.php?id=61560407257971\" \/>\n<meta property=\"article:modified_time\" content=\"2024-08-24T06:59:51+00:00\" \/>\n<meta property=\"og:image\" content=\"https:\/\/sxflightcase.com\/wp-content\/uploads\/2024\/08\/CLA502.jpg\" \/>\n\t<meta property=\"og:image:width\" content=\"700\" \/>\n\t<meta property=\"og:image:height\" content=\"700\" \/>\n\t<meta property=\"og:image:type\" content=\"image\/jpeg\" \/>\n<meta name=\"twitter:card\" content=\"summary_large_image\" \/>\n<meta name=\"twitter:label1\" content=\"Estimeret l\u00e6setid\" \/>\n\t<meta name=\"twitter:data1\" content=\"3 minutter\" \/>\n<script type=\"application\/ld+json\" class=\"yoast-schema-graph\">{\"@context\":\"https:\/\/schema.org\",\"@graph\":[{\"@type\":\"WebPage\",\"@id\":\"https:\/\/sxflightcase.com\/product\/metal-corner-brace-cla502\/\",\"url\":\"https:\/\/sxflightcase.com\/product\/metal-corner-brace-cla502\/\",\"name\":\"Metal Corner Brace CLA502 - https:\/\/sxflightcase.com \ud83d\udc97\",\"isPartOf\":{\"@id\":\"https:\/\/sxflightcase.com\/th\/#website\"},\"primaryImageOfPage\":{\"@id\":\"https:\/\/sxflightcase.com\/product\/metal-corner-brace-cla502\/#primaryimage\"},\"image\":{\"@id\":\"https:\/\/sxflightcase.com\/product\/metal-corner-brace-cla502\/#primaryimage\"},\"thumbnailUrl\":\"https:\/\/sxflightcase.com\/wp-content\/uploads\/2024\/08\/CLA502.jpg\",\"datePublished\":\"2024-08-24T06:59:50+00:00\",\"dateModified\":\"2024-08-24T06:59:51+00:00\",\"description\":\"Metal corner brace, factory direct! High-quality, durable braces for reinforcing and securing corners in furniture, cases, and structures. Perfect for added stability and strength in various applications.\",\"breadcrumb\":{\"@id\":\"https:\/\/sxflightcase.com\/product\/metal-corner-brace-cla502\/#breadcrumb\"},\"inLanguage\":\"da-DK\",\"potentialAction\":[{\"@type\":\"ReadAction\",\"target\":[\"https:\/\/sxflightcase.com\/product\/metal-corner-brace-cla502\/\"]}]},{\"@type\":\"ImageObject\",\"inLanguage\":\"da-DK\",\"@id\":\"https:\/\/sxflightcase.com\/product\/metal-corner-brace-cla502\/#primaryimage\",\"url\":\"https:\/\/sxflightcase.com\/wp-content\/uploads\/2024\/08\/CLA502.jpg\",\"contentUrl\":\"https:\/\/sxflightcase.com\/wp-content\/uploads\/2024\/08\/CLA502.jpg\",\"width\":700,\"height\":700,\"caption\":\"Metal Corner Brace\"},{\"@type\":\"BreadcrumbList\",\"@id\":\"https:\/\/sxflightcase.com\/product\/metal-corner-brace-cla502\/#breadcrumb\",\"itemListElement\":[{\"@type\":\"ListItem\",\"position\":1,\"name\":\"Home\",\"item\":\"https:\/\/sxflightcase.com\/\"},{\"@type\":\"ListItem\",\"position\":2,\"name\":\"\u0e2a\u0e34\u0e19\u0e04\u0e49\u0e32\",\"item\":\"https:\/\/sxflightcase.com\/th\/shop\/\"},{\"@type\":\"ListItem\",\"position\":3,\"name\":\"Metal Corner Brace CLA502\"}]},{\"@type\":\"WebSite\",\"@id\":\"https:\/\/sxflightcase.com\/th\/#website\",\"url\":\"https:\/\/sxflightcase.com\/th\/\",\"name\":\"sxpowercase.com\",\"description\":\"Flight Case Factory\",\"publisher\":{\"@id\":\"https:\/\/sxflightcase.com\/th\/#organization\"},\"potentialAction\":[{\"@type\":\"SearchAction\",\"target\":{\"@type\":\"EntryPoint\",\"urlTemplate\":\"https:\/\/sxflightcase.com\/th\/?s={search_term_string}\"},\"query-input\":{\"@type\":\"PropertyValueSpecification\",\"valueRequired\":true,\"valueName\":\"search_term_string\"}}],\"inLanguage\":\"da-DK\"},{\"@type\":\"Organization\",\"@id\":\"https:\/\/sxflightcase.com\/th\/#organization\",\"name\":\"sxpowercase.com\",\"url\":\"https:\/\/sxflightcase.com\/th\/\",\"logo\":{\"@type\":\"ImageObject\",\"inLanguage\":\"da-DK\",\"@id\":\"https:\/\/sxflightcase.com\/th\/#\/schema\/logo\/image\/\",\"url\":\"https:\/\/sxflightcase.com\/wp-content\/uploads\/2024\/04\/1713919036007.jpg\",\"contentUrl\":\"https:\/\/sxflightcase.com\/wp-content\/uploads\/2024\/04\/1713919036007.jpg\",\"width\":382,\"height\":388,\"caption\":\"sxpowercase.com\"},\"image\":{\"@id\":\"https:\/\/sxflightcase.com\/th\/#\/schema\/logo\/image\/\"},\"sameAs\":[\"https:\/\/www.facebook.com\/profile.php?id=61560407257971\"],\"numberOfEmployees\":{\"@type\":\"QuantitativeValue\",\"minValue\":\"11\",\"maxValue\":\"50\"}}]}<\/script>\n<!-- \/ Yoast SEO Premium plugin. -->","yoast_head_json":{"title":"Metal Corner Brace CLA502 - https:\/\/sxflightcase.com \ud83d\udc97","description":"Metalhj\u00f8rneb\u00f8jle, direkte fra fabrikken! Holdbare seler af h\u00f8j kvalitet til forst\u00e6rkning og sikring af hj\u00f8rner i m\u00f8bler, kasser og konstruktioner. Perfekt til ekstra stabilitet og styrke i forskellige sammenh\u00e6nge.","robots":{"index":"index","follow":"follow","max-snippet":"max-snippet:-1","max-image-preview":"max-image-preview:large","max-video-preview":"max-video-preview:-1"},"canonical":"https:\/\/sxflightcase.com\/da\/vare\/hjornebojle-i-metal-cla502\/","og_locale":"da_DK","og_type":"article","og_title":"Metal Corner Brace CLA502","og_description":"Metal corner brace, factory direct! High-quality, durable braces for reinforcing and securing corners in furniture, cases, and structures. Perfect for added stability and strength in various applications.","og_url":"https:\/\/sxflightcase.com\/da\/vare\/hjornebojle-i-metal-cla502\/","og_site_name":"https:\/\/sxflightcase.com","article_publisher":"https:\/\/www.facebook.com\/profile.php?id=61560407257971","article_modified_time":"2024-08-24T06:59:51+00:00","og_image":[{"width":700,"height":700,"url":"https:\/\/sxflightcase.com\/wp-content\/uploads\/2024\/08\/CLA502.jpg","type":"image\/jpeg"}],"twitter_card":"summary_large_image","twitter_misc":{"Estimeret l\u00e6setid":"3 minutter"},"schema":{"@context":"https:\/\/schema.org","@graph":[{"@type":"WebPage","@id":"https:\/\/sxflightcase.com\/product\/metal-corner-brace-cla502\/","url":"https:\/\/sxflightcase.com\/product\/metal-corner-brace-cla502\/","name":"Metal Corner Brace CLA502 - https:\/\/sxflightcase.com \ud83d\udc97","isPartOf":{"@id":"https:\/\/sxflightcase.com\/th\/#website"},"primaryImageOfPage":{"@id":"https:\/\/sxflightcase.com\/product\/metal-corner-brace-cla502\/#primaryimage"},"image":{"@id":"https:\/\/sxflightcase.com\/product\/metal-corner-brace-cla502\/#primaryimage"},"thumbnailUrl":"https:\/\/sxflightcase.com\/wp-content\/uploads\/2024\/08\/CLA502.jpg","datePublished":"2024-08-24T06:59:50+00:00","dateModified":"2024-08-24T06:59:51+00:00","description":"Metalhj\u00f8rneb\u00f8jle, direkte fra fabrikken! Holdbare seler af h\u00f8j kvalitet til forst\u00e6rkning og sikring af hj\u00f8rner i m\u00f8bler, kasser og konstruktioner. Perfekt til ekstra stabilitet og styrke i forskellige sammenh\u00e6nge.","breadcrumb":{"@id":"https:\/\/sxflightcase.com\/product\/metal-corner-brace-cla502\/#breadcrumb"},"inLanguage":"da-DK","potentialAction":[{"@type":"ReadAction","target":["https:\/\/sxflightcase.com\/product\/metal-corner-brace-cla502\/"]}]},{"@type":"ImageObject","inLanguage":"da-DK","@id":"https:\/\/sxflightcase.com\/product\/metal-corner-brace-cla502\/#primaryimage","url":"https:\/\/sxflightcase.com\/wp-content\/uploads\/2024\/08\/CLA502.jpg","contentUrl":"https:\/\/sxflightcase.com\/wp-content\/uploads\/2024\/08\/CLA502.jpg","width":700,"height":700,"caption":"Metal Corner Brace"},{"@type":"BreadcrumbList","@id":"https:\/\/sxflightcase.com\/product\/metal-corner-brace-cla502\/#breadcrumb","itemListElement":[{"@type":"ListItem","position":1,"name":"Home","item":"https:\/\/sxflightcase.com\/"},{"@type":"ListItem","position":2,"name":"\u0e2a\u0e34\u0e19\u0e04\u0e49\u0e32","item":"https:\/\/sxflightcase.com\/th\/shop\/"},{"@type":"ListItem","position":3,"name":"Metal Corner Brace CLA502"}]},{"@type":"WebSite","@id":"https:\/\/sxflightcase.com\/th\/#website","url":"https:\/\/sxflightcase.com\/th\/","name":"sxpowercase.com","description":"Flight Case Factory","publisher":{"@id":"https:\/\/sxflightcase.com\/th\/#organization"},"potentialAction":[{"@type":"SearchAction","target":{"@type":"EntryPoint","urlTemplate":"https:\/\/sxflightcase.com\/th\/?s={search_term_string}"},"query-input":{"@type":"PropertyValueSpecification","valueRequired":true,"valueName":"search_term_string"}}],"inLanguage":"da-DK"},{"@type":"Organization","@id":"https:\/\/sxflightcase.com\/th\/#organization","name":"sxpowercase.com","url":"https:\/\/sxflightcase.com\/th\/","logo":{"@type":"ImageObject","inLanguage":"da-DK","@id":"https:\/\/sxflightcase.com\/th\/#\/schema\/logo\/image\/","url":"https:\/\/sxflightcase.com\/wp-content\/uploads\/2024\/04\/1713919036007.jpg","contentUrl":"https:\/\/sxflightcase.com\/wp-content\/uploads\/2024\/04\/1713919036007.jpg","width":382,"height":388,"caption":"sxpowercase.com"},"image":{"@id":"https:\/\/sxflightcase.com\/th\/#\/schema\/logo\/image\/"},"sameAs":["https:\/\/www.facebook.com\/profile.php?id=61560407257971"],"numberOfEmployees":{"@type":"QuantitativeValue","minValue":"11","maxValue":"50"}}]}},"_links":{"self":[{"href":"https:\/\/sxflightcase.com\/da\/wp-json\/wp\/v2\/product\/4211","targetHints":{"allow":["GET"]}}],"collection":[{"href":"https:\/\/sxflightcase.com\/da\/wp-json\/wp\/v2\/product"}],"about":[{"href":"https:\/\/sxflightcase.com\/da\/wp-json\/wp\/v2\/types\/product"}],"replies":[{"embeddable":true,"href":"https:\/\/sxflightcase.com\/da\/wp-json\/wp\/v2\/comments?post=4211"}],"version-history":[{"count":0,"href":"https:\/\/sxflightcase.com\/da\/wp-json\/wp\/v2\/product\/4211\/revisions"}],"wp:featuredmedia":[{"embeddable":true,"href":"https:\/\/sxflightcase.com\/da\/wp-json\/wp\/v2\/media\/4180"}],"wp:attachment":[{"href":"https:\/\/sxflightcase.com\/da\/wp-json\/wp\/v2\/media?parent=4211"}],"wp:term":[{"taxonomy":"product_brand","embeddable":true,"href":"https:\/\/sxflightcase.com\/da\/wp-json\/wp\/v2\/product_brand?post=4211"},{"taxonomy":"product_cat","embeddable":true,"href":"https:\/\/sxflightcase.com\/da\/wp-json\/wp\/v2\/product_cat?post=4211"},{"taxonomy":"product_tag","embeddable":true,"href":"https:\/\/sxflightcase.com\/da\/wp-json\/wp\/v2\/product_tag?post=4211"}],"curies":[{"name":"wp","href":"https:\/\/api.w.org\/{rel}","templated":true}]}}