{"id":4215,"date":"2024-08-24T08:14:05","date_gmt":"2024-08-24T07:14:05","guid":{"rendered":"https:\/\/sxpowercase.com\/?post_type=product&#038;p=4215"},"modified":"2024-08-24T08:14:06","modified_gmt":"2024-08-24T07:14:06","slug":"flight-case-clamp-cla505","status":"publish","type":"product","link":"https:\/\/sxflightcase.com\/da\/vare\/flightcase-klemme-cla505-2\/","title":{"rendered":"Flight Case Clamp CLA505"},"content":{"rendered":"<h3>SX Flight Case Clamp: Prisbillig kvalitet til p\u00e5lidelig ydelse<\/h3>\n<h4>Styrk dine kufferter med SX Flight Case Clamp<\/h4>\n<p>Til dem, der har brug for sikker, langtidsholdbar hardware, tilbyder SX p\u00e5lidelig <strong><span style=\"color: #3366ff;\"><a style=\"color: #3366ff;\" href=\"https:\/\/sxpowercase.com\/product\/flight-case-clamp-cla504\/\">Flight Case Clamp<\/a><\/span>\u00a0 <\/strong>der sikrer, at dine kasser forbliver t\u00e6t forseglede. Vores klemmer er lavet til b\u00e5de professionel og g\u00f8r-det-selv-brug og er den perfekte l\u00f8sning til at sikre udstyr, v\u00e6rkt\u00f8j eller andre v\u00e6rdifulde genstande under transport. SX kombinerer direkte fabrikspriser med h\u00f8je kvalitetsstandarder for at give dig holdbare klemmer uden at belaste dit budget.<\/p>\n<h4>Holdbar konstruktion til kr\u00e6vende brug<\/h4>\n<p><a href=\"https:\/\/sxpowercase.com\/\" target=\"_blank\" rel=\"noopener\" title=\"SX\" data-wpil-monitor-id=\"695\">SX<\/a> <strong>Flight Case Clamp<\/strong>\u00a0er bygget af robuste materialer, der kan modst\u00e5 belastningen ved hyppig brug. Uanset om du skal bruge dem til vejkasser, opbevaringscontainere eller specialbyggede projekter, er disse klemmer designet til at holde fast under pres. De er rustbestandige og bygget til at h\u00e5ndtere barske milj\u00f8er, hvilket g\u00f8r dem til det ideelle valg til b\u00e5de indend\u00f8rs og udend\u00f8rs brug.<\/p>\n<h4>Fabriksdirekte priser med garanteret kvalitet<\/h4>\n<p>Med SX f\u00e5r du uovertruffen v\u00e6rdi takket v\u00e6re vores tilgang direkte fra fabrikken. Det giver os mulighed for at holde omkostningerne nede og samtidig opretholde strenge kvalitetskontroller i hvert trin. Du modtager f\u00f8rsteklasses <strong>Flight Case Clamp<\/strong>\u00a0til priser, der passer til dit budget. Vores forpligtelse til at s\u00e6lge direkte fra fabrikken sikrer, at du ikke betaler ekstra for un\u00f8dvendige p\u00e5slag, s\u00e5 du kan nyde overlegen kvalitet til en overkommelig pris.<\/p>\n<h4>Alsidighed til forskellige anvendelser<\/h4>\n<p>SX&#039;er <strong>Flight Case Clamps<\/strong> er alsidige nok til at passe til en bred vifte af anvendelser. Uanset om du designer specialfremstillede kasser til live-events, transporterer skr\u00f8belige genstande eller bygger opbevaringsenheder, giver disse klemmer dig den fleksibilitet og sikkerhed, du har brug for. Deres nemme installation og holdbare design g\u00f8r dem velegnede til projekter i alle st\u00f8rrelser. Med SX har du adgang til alsidige l\u00f8sninger, der opfylder b\u00e5de professionelle og personlige krav.<\/p>\n<h4>Tilpasningsmuligheder skr\u00e6ddersyet til dine behov<\/h4>\n<p>Hos SX forst\u00e5r vi, at hvert projekt er unikt. Det er derfor, vi tilbyder skr\u00e6ddersyede muligheder for vores <strong>Flight Case Clamps<\/strong>fra specifikke dimensioner til forskellige overflader. Uanset tilpasningen sikrer vores fabriksdirekte priser, at du altid f\u00e5r stor v\u00e6rdi. Du kan stole p\u00e5, at SX leverer skr\u00e6ddersyede l\u00f8sninger, der opfylder dine n\u00f8jagtige behov uden at \u00f8ge omkostningerne.<\/p>\n<h4>Hvorfor v\u00e6lge SX til din flightcase-hardware?<\/h4>\n<p>SX er en p\u00e5lidelig leverand\u00f8r af prisvenlige hardwarel\u00f8sninger af h\u00f8j kvalitet. Vores <strong>Flight Case Clamps<\/strong> er designet til dem, der har brug for p\u00e5lidelig ydeevne til en \u00f8konomisk pris. Vi prioriterer kundetilfredshed ved at levere holdbare produkter, der er nemme at bruge, kan tilpasses og har konkurrencedygtige priser.<\/p>\n<h4>V\u00e6lg SX til flykuffertklemmer med h\u00f8j v\u00e6rdi<\/h4>\n<p>N\u00e5r du har brug for klemmer, der kombinerer styrke, brugervenlighed og overkommelige priser, er SX det m\u00e6rke, du skal stole p\u00e5. Vores <strong>Flight Case Clamps<\/strong> er bygget til at h\u00e5ndtere kr\u00e6vende forhold, samtidig med at de er budgetvenlige. Med SX v\u00e6lger du en p\u00e5lidelig partner til alle dine behov for case-hardware, som tilbyder v\u00e6rdi og ydeevne ved hvert k\u00f8b.<\/p>\n<p>Kontakt nu:<span style=\"color: #0000ff;\"><a style=\"color: #0000ff;\" href=\"https:\/\/sxpowercase.com\/contact-us\/\">https:\/\/sxpowercase.com\/<\/a><\/span><\/p>\n<p>Hardware produktkatalog:<span style=\"color: #3366ff;\"><a style=\"color: #3366ff;\" href=\"https:\/\/sxpowercase.com\/wp-content\/uploads\/2024\/07\/\u4e94\u91d1.pdf\">Hardware tilbeh\u00f8r katalog<\/a><\/span><\/p>","protected":false},"excerpt":{"rendered":"<div class=\"flex max-w-full flex-col flex-grow\">\n<div class=\"min-h-[20px] text-message flex w-full flex-col items-end gap-2 break-words [.text-message+&amp;]:mt-5 overflow-x-auto whitespace-normal\" dir=\"auto\" data-message-author-role=\"assistant\" data-message-id=\"fcb5a49e-2c52-4ff7-b7e2-5a7efc614dbf\">\n<div class=\"flex w-full flex-col gap-1 empty:hidden first:pt-[3px]\">\n<div class=\"markdown prose w-full break-words dark:prose-invert light\">\n<h3>SX Flight Case Clamp: Secure and Cost-Effective Hardware<\/h3>\n<p>SX Flight Case Clamps provide tight, stable connections for your cases, ensuring your gear remains safe. With direct-from-factory pricing, you get premium-quality clamps at unbeatable prices.<\/p>\n<h3>Strong and Easy to Install<\/h3>\n<p>Built from high-grade materials, SX Flight Case Clamps offer long-lasting performance and corrosion resistance. They\u2019re designed for easy installation, making them ideal for both professionals and DIY enthusiasts.<\/p>\n<h3>Customizable and Versatile Solutions<\/h3>\n<p>Whether for musical equipment or industrial storage, SX Flight Case Clamps fit various projects. Custom options are available, and our factory-direct model ensures you get the exact clamps you need at a budget-friendly price.<\/p>\n<\/div>\n<\/div>\n<\/div>\n<\/div>\n","protected":false},"featured_media":4183,"comment_status":"open","ping_status":"closed","template":"","meta":[],"product_brand":[],"product_cat":[64],"product_tag":[],"class_list":{"0":"post-4215","1":"product","2":"type-product","3":"status-publish","4":"has-post-thumbnail","6":"product_cat-clamps","8":"first","9":"instock","10":"shipping-taxable","11":"product-type-simple"},"yoast_head":"<!-- This site is optimized with the Yoast SEO Premium plugin v27.1 (Yoast SEO v27.2) - https:\/\/yoast.com\/product\/yoast-seo-premium-wordpress\/ -->\n<title>Flight Case Clamp CLA505 - https:\/\/sxflightcase.com \ud83d\udc97<\/title>\n<meta name=\"description\" content=\"Flight case clamp, factory direct! High-quality, durable clamps designed for secure assembly and reinforcement of flight case panels and corners. Ideal for ensuring long-lasting protection and stability.\" \/>\n<meta name=\"robots\" content=\"index, follow, max-snippet:-1, max-image-preview:large, max-video-preview:-1\" \/>\n<link rel=\"canonical\" href=\"https:\/\/sxflightcase.com\/da\/vare\/flightcase-klemme-cla505-2\/\" \/>\n<meta property=\"og:locale\" content=\"da_DK\" \/>\n<meta property=\"og:type\" content=\"article\" \/>\n<meta property=\"og:title\" content=\"Flight Case Clamp CLA505\" \/>\n<meta property=\"og:description\" content=\"Flight case clamp, factory direct! High-quality, durable clamps designed for secure assembly and reinforcement of flight case panels and corners. Ideal for ensuring long-lasting protection and stability.\" \/>\n<meta property=\"og:url\" content=\"https:\/\/sxflightcase.com\/da\/vare\/flightcase-klemme-cla505-2\/\" \/>\n<meta property=\"og:site_name\" content=\"https:\/\/sxflightcase.com\" \/>\n<meta property=\"article:publisher\" content=\"https:\/\/www.facebook.com\/profile.php?id=61560407257971\" \/>\n<meta property=\"article:modified_time\" content=\"2024-08-24T07:14:06+00:00\" \/>\n<meta property=\"og:image\" content=\"https:\/\/sxflightcase.com\/wp-content\/uploads\/2024\/08\/CLA505.jpg\" \/>\n\t<meta property=\"og:image:width\" content=\"700\" \/>\n\t<meta property=\"og:image:height\" content=\"700\" \/>\n\t<meta property=\"og:image:type\" content=\"image\/jpeg\" \/>\n<meta name=\"twitter:card\" content=\"summary_large_image\" \/>\n<meta name=\"twitter:label1\" content=\"Estimeret l\u00e6setid\" \/>\n\t<meta name=\"twitter:data1\" content=\"3 minutter\" \/>\n<script type=\"application\/ld+json\" class=\"yoast-schema-graph\">{\"@context\":\"https:\/\/schema.org\",\"@graph\":[{\"@type\":\"WebPage\",\"@id\":\"https:\/\/sxflightcase.com\/product\/flight-case-clamp-cla505\/\",\"url\":\"https:\/\/sxflightcase.com\/product\/flight-case-clamp-cla505\/\",\"name\":\"Flight Case Clamp CLA505 - https:\/\/sxflightcase.com \ud83d\udc97\",\"isPartOf\":{\"@id\":\"https:\/\/sxflightcase.com\/th\/#website\"},\"primaryImageOfPage\":{\"@id\":\"https:\/\/sxflightcase.com\/product\/flight-case-clamp-cla505\/#primaryimage\"},\"image\":{\"@id\":\"https:\/\/sxflightcase.com\/product\/flight-case-clamp-cla505\/#primaryimage\"},\"thumbnailUrl\":\"https:\/\/sxflightcase.com\/wp-content\/uploads\/2024\/08\/CLA505.jpg\",\"datePublished\":\"2024-08-24T07:14:05+00:00\",\"dateModified\":\"2024-08-24T07:14:06+00:00\",\"description\":\"Flight case clamp, factory direct! High-quality, durable clamps designed for secure assembly and reinforcement of flight case panels and corners. Ideal for ensuring long-lasting protection and stability.\",\"breadcrumb\":{\"@id\":\"https:\/\/sxflightcase.com\/product\/flight-case-clamp-cla505\/#breadcrumb\"},\"inLanguage\":\"da-DK\",\"potentialAction\":[{\"@type\":\"ReadAction\",\"target\":[\"https:\/\/sxflightcase.com\/product\/flight-case-clamp-cla505\/\"]}]},{\"@type\":\"ImageObject\",\"inLanguage\":\"da-DK\",\"@id\":\"https:\/\/sxflightcase.com\/product\/flight-case-clamp-cla505\/#primaryimage\",\"url\":\"https:\/\/sxflightcase.com\/wp-content\/uploads\/2024\/08\/CLA505.jpg\",\"contentUrl\":\"https:\/\/sxflightcase.com\/wp-content\/uploads\/2024\/08\/CLA505.jpg\",\"width\":700,\"height\":700,\"caption\":\"Flight Case Clamp\"},{\"@type\":\"BreadcrumbList\",\"@id\":\"https:\/\/sxflightcase.com\/product\/flight-case-clamp-cla505\/#breadcrumb\",\"itemListElement\":[{\"@type\":\"ListItem\",\"position\":1,\"name\":\"Home\",\"item\":\"https:\/\/sxflightcase.com\/\"},{\"@type\":\"ListItem\",\"position\":2,\"name\":\"\u0e2a\u0e34\u0e19\u0e04\u0e49\u0e32\",\"item\":\"https:\/\/sxflightcase.com\/th\/shop\/\"},{\"@type\":\"ListItem\",\"position\":3,\"name\":\"Flight Case Clamp CLA505\"}]},{\"@type\":\"WebSite\",\"@id\":\"https:\/\/sxflightcase.com\/th\/#website\",\"url\":\"https:\/\/sxflightcase.com\/th\/\",\"name\":\"sxpowercase.com\",\"description\":\"Flight Case Factory\",\"publisher\":{\"@id\":\"https:\/\/sxflightcase.com\/th\/#organization\"},\"potentialAction\":[{\"@type\":\"SearchAction\",\"target\":{\"@type\":\"EntryPoint\",\"urlTemplate\":\"https:\/\/sxflightcase.com\/th\/?s={search_term_string}\"},\"query-input\":{\"@type\":\"PropertyValueSpecification\",\"valueRequired\":true,\"valueName\":\"search_term_string\"}}],\"inLanguage\":\"da-DK\"},{\"@type\":\"Organization\",\"@id\":\"https:\/\/sxflightcase.com\/th\/#organization\",\"name\":\"sxpowercase.com\",\"url\":\"https:\/\/sxflightcase.com\/th\/\",\"logo\":{\"@type\":\"ImageObject\",\"inLanguage\":\"da-DK\",\"@id\":\"https:\/\/sxflightcase.com\/th\/#\/schema\/logo\/image\/\",\"url\":\"https:\/\/sxflightcase.com\/wp-content\/uploads\/2024\/04\/1713919036007.jpg\",\"contentUrl\":\"https:\/\/sxflightcase.com\/wp-content\/uploads\/2024\/04\/1713919036007.jpg\",\"width\":382,\"height\":388,\"caption\":\"sxpowercase.com\"},\"image\":{\"@id\":\"https:\/\/sxflightcase.com\/th\/#\/schema\/logo\/image\/\"},\"sameAs\":[\"https:\/\/www.facebook.com\/profile.php?id=61560407257971\"],\"numberOfEmployees\":{\"@type\":\"QuantitativeValue\",\"minValue\":\"11\",\"maxValue\":\"50\"}}]}<\/script>\n<!-- \/ Yoast SEO Premium plugin. -->","yoast_head_json":{"title":"Flight Case Clamp CLA505 - https:\/\/sxflightcase.com \ud83d\udc97","description":"Flightcase-klemme, direkte fra fabrikken! Holdbare klemmer af h\u00f8j kvalitet designet til sikker montering og forst\u00e6rkning af flightcase-paneler og -hj\u00f8rner. Ideel til at sikre langvarig beskyttelse og stabilitet.","robots":{"index":"index","follow":"follow","max-snippet":"max-snippet:-1","max-image-preview":"max-image-preview:large","max-video-preview":"max-video-preview:-1"},"canonical":"https:\/\/sxflightcase.com\/da\/vare\/flightcase-klemme-cla505-2\/","og_locale":"da_DK","og_type":"article","og_title":"Flight Case Clamp CLA505","og_description":"Flight case clamp, factory direct! High-quality, durable clamps designed for secure assembly and reinforcement of flight case panels and corners. Ideal for ensuring long-lasting protection and stability.","og_url":"https:\/\/sxflightcase.com\/da\/vare\/flightcase-klemme-cla505-2\/","og_site_name":"https:\/\/sxflightcase.com","article_publisher":"https:\/\/www.facebook.com\/profile.php?id=61560407257971","article_modified_time":"2024-08-24T07:14:06+00:00","og_image":[{"width":700,"height":700,"url":"https:\/\/sxflightcase.com\/wp-content\/uploads\/2024\/08\/CLA505.jpg","type":"image\/jpeg"}],"twitter_card":"summary_large_image","twitter_misc":{"Estimeret l\u00e6setid":"3 minutter"},"schema":{"@context":"https:\/\/schema.org","@graph":[{"@type":"WebPage","@id":"https:\/\/sxflightcase.com\/product\/flight-case-clamp-cla505\/","url":"https:\/\/sxflightcase.com\/product\/flight-case-clamp-cla505\/","name":"Flight Case Clamp CLA505 - https:\/\/sxflightcase.com \ud83d\udc97","isPartOf":{"@id":"https:\/\/sxflightcase.com\/th\/#website"},"primaryImageOfPage":{"@id":"https:\/\/sxflightcase.com\/product\/flight-case-clamp-cla505\/#primaryimage"},"image":{"@id":"https:\/\/sxflightcase.com\/product\/flight-case-clamp-cla505\/#primaryimage"},"thumbnailUrl":"https:\/\/sxflightcase.com\/wp-content\/uploads\/2024\/08\/CLA505.jpg","datePublished":"2024-08-24T07:14:05+00:00","dateModified":"2024-08-24T07:14:06+00:00","description":"Flightcase-klemme, direkte fra fabrikken! Holdbare klemmer af h\u00f8j kvalitet designet til sikker montering og forst\u00e6rkning af flightcase-paneler og -hj\u00f8rner. Ideel til at sikre langvarig beskyttelse og stabilitet.","breadcrumb":{"@id":"https:\/\/sxflightcase.com\/product\/flight-case-clamp-cla505\/#breadcrumb"},"inLanguage":"da-DK","potentialAction":[{"@type":"ReadAction","target":["https:\/\/sxflightcase.com\/product\/flight-case-clamp-cla505\/"]}]},{"@type":"ImageObject","inLanguage":"da-DK","@id":"https:\/\/sxflightcase.com\/product\/flight-case-clamp-cla505\/#primaryimage","url":"https:\/\/sxflightcase.com\/wp-content\/uploads\/2024\/08\/CLA505.jpg","contentUrl":"https:\/\/sxflightcase.com\/wp-content\/uploads\/2024\/08\/CLA505.jpg","width":700,"height":700,"caption":"Flight Case Clamp"},{"@type":"BreadcrumbList","@id":"https:\/\/sxflightcase.com\/product\/flight-case-clamp-cla505\/#breadcrumb","itemListElement":[{"@type":"ListItem","position":1,"name":"Home","item":"https:\/\/sxflightcase.com\/"},{"@type":"ListItem","position":2,"name":"\u0e2a\u0e34\u0e19\u0e04\u0e49\u0e32","item":"https:\/\/sxflightcase.com\/th\/shop\/"},{"@type":"ListItem","position":3,"name":"Flight Case Clamp CLA505"}]},{"@type":"WebSite","@id":"https:\/\/sxflightcase.com\/th\/#website","url":"https:\/\/sxflightcase.com\/th\/","name":"sxpowercase.com","description":"Flight Case Factory","publisher":{"@id":"https:\/\/sxflightcase.com\/th\/#organization"},"potentialAction":[{"@type":"SearchAction","target":{"@type":"EntryPoint","urlTemplate":"https:\/\/sxflightcase.com\/th\/?s={search_term_string}"},"query-input":{"@type":"PropertyValueSpecification","valueRequired":true,"valueName":"search_term_string"}}],"inLanguage":"da-DK"},{"@type":"Organization","@id":"https:\/\/sxflightcase.com\/th\/#organization","name":"sxpowercase.com","url":"https:\/\/sxflightcase.com\/th\/","logo":{"@type":"ImageObject","inLanguage":"da-DK","@id":"https:\/\/sxflightcase.com\/th\/#\/schema\/logo\/image\/","url":"https:\/\/sxflightcase.com\/wp-content\/uploads\/2024\/04\/1713919036007.jpg","contentUrl":"https:\/\/sxflightcase.com\/wp-content\/uploads\/2024\/04\/1713919036007.jpg","width":382,"height":388,"caption":"sxpowercase.com"},"image":{"@id":"https:\/\/sxflightcase.com\/th\/#\/schema\/logo\/image\/"},"sameAs":["https:\/\/www.facebook.com\/profile.php?id=61560407257971"],"numberOfEmployees":{"@type":"QuantitativeValue","minValue":"11","maxValue":"50"}}]}},"_links":{"self":[{"href":"https:\/\/sxflightcase.com\/da\/wp-json\/wp\/v2\/product\/4215","targetHints":{"allow":["GET"]}}],"collection":[{"href":"https:\/\/sxflightcase.com\/da\/wp-json\/wp\/v2\/product"}],"about":[{"href":"https:\/\/sxflightcase.com\/da\/wp-json\/wp\/v2\/types\/product"}],"replies":[{"embeddable":true,"href":"https:\/\/sxflightcase.com\/da\/wp-json\/wp\/v2\/comments?post=4215"}],"version-history":[{"count":0,"href":"https:\/\/sxflightcase.com\/da\/wp-json\/wp\/v2\/product\/4215\/revisions"}],"wp:featuredmedia":[{"embeddable":true,"href":"https:\/\/sxflightcase.com\/da\/wp-json\/wp\/v2\/media\/4183"}],"wp:attachment":[{"href":"https:\/\/sxflightcase.com\/da\/wp-json\/wp\/v2\/media?parent=4215"}],"wp:term":[{"taxonomy":"product_brand","embeddable":true,"href":"https:\/\/sxflightcase.com\/da\/wp-json\/wp\/v2\/product_brand?post=4215"},{"taxonomy":"product_cat","embeddable":true,"href":"https:\/\/sxflightcase.com\/da\/wp-json\/wp\/v2\/product_cat?post=4215"},{"taxonomy":"product_tag","embeddable":true,"href":"https:\/\/sxflightcase.com\/da\/wp-json\/wp\/v2\/product_tag?post=4215"}],"curies":[{"name":"wp","href":"https:\/\/api.w.org\/{rel}","templated":true}]}}