{"id":4220,"date":"2024-08-26T08:22:55","date_gmt":"2024-08-26T07:22:55","guid":{"rendered":"https:\/\/sxpowercase.com\/?post_type=product&#038;p=4220"},"modified":"2024-08-26T08:22:56","modified_gmt":"2024-08-26T07:22:56","slug":"flight-case-corner-brace-cla801","status":"publish","type":"product","link":"https:\/\/sxflightcase.com\/da\/vare\/flightcase-hjornebojle-cla801-2\/","title":{"rendered":"Flight Case Corner Brace CLA801"},"content":{"rendered":"<h3>SX Flight Case-hj\u00f8rnest\u00f8tte: Prisbillig og p\u00e5lidelig beskyttelse af dit udstyr<\/h3>\n<h4>Styrk dine kufferter med SX Flight Case Corner Brace<\/h4>\n<p>N\u00e5r du bygger eller opgraderer en flightcase, er det afg\u00f8rende at sikre solid beskyttelse. SX tilbyder holdbar <span style=\"color: #3366ff;\"><a style=\"color: #3366ff;\" href=\"https:\/\/sxpowercase.com\/product\/road-case-clamp-cla701\/\"><strong>Flight Case-hj\u00f8rnest\u00f8tte<\/strong><\/a><\/span> designet til at forbedre dine kassers strukturelle integritet. Uanset om du er professionel eller g\u00f8r-det-selv-entusiast, giver vores hj\u00f8rneb\u00f8jler det rette niveau af forst\u00e6rkning, uden at det koster en formue.<\/p>\n<h4>Bygget til barske milj\u00f8er<\/h4>\n<p>Vores <strong>Flight Case-hj\u00f8rneb\u00f8jler<\/strong> er fremstillet af metal i h\u00f8j kvalitet, hvilket sikrer, at de kan modst\u00e5 strabadserne ved konstant transport. Disse seler er designet til at forhindre skader og forl\u00e6nge din kufferts levetid og er uundv\u00e6rlige for alle, der \u00f8nsker at beskytte deres udstyr. <a href=\"https:\/\/sxpowercase.com\/\" target=\"_blank\" rel=\"noopener\" title=\"SX\" data-wpil-monitor-id=\"698\">SX<\/a> prioriterer kvalitet i hvert trin og leverer p\u00e5lidelig hardware til priser, der forbliver tilg\u00e6ngelige.<\/p>\n<h4>Fabriksn\u00e6re priser for omkostningseffektive l\u00f8sninger<\/h4>\n<p>Hos SX forst\u00e5r vi, at overkommelige priser er vigtige. Det er derfor, vores <strong>Flight Case-hj\u00f8rneb\u00f8jler<\/strong> er tilg\u00e6ngelige direkte fra fabrikken, hvilket eliminerer omkostninger til mellemm\u00e6nd. Ved at g\u00e5 direkte til kilden f\u00e5r du fordel af lavere priser, mens du stadig modtager produkter i topklasse. For k\u00f8bere, der fokuserer p\u00e5 at f\u00e5 den bedste v\u00e6rdi uden at g\u00e5 p\u00e5 kompromis med holdbarheden, er SX det perfekte valg.<\/p>\n<h4>Alsidig og nem at installere<\/h4>\n<p>SX&#039;er <strong>Flight Case-hj\u00f8rneb\u00f8jler<\/strong> er alsidige nok til at passe til forskellige kuffertdesigns, hvilket g\u00f8r dem velegnede til forskellige projekter. Den brugervenlige installationsproces betyder, at du hurtigt og nemt kan tilf\u00f8je disse seler til dine kabinetter og forbedre stabiliteten og beskyttelsen. Uanset om du opgraderer en eksisterende kasse eller bygger en ny fra bunden, har SX styr p\u00e5 det.<\/p>\n<h4>Tilpasningsmuligheder, der matcher dine krav<\/h4>\n<p>Hos SX ved vi, at alle sager har unikke behov. Derfor tilbyder vi tilpasningsmuligheder for vores <strong>Flight Case-hj\u00f8rneb\u00f8jler<\/strong>. Du kan v\u00e6lge forskellige st\u00f8rrelser, overflader og materialer, der passer til din specifikke anvendelse. Selv med disse skr\u00e6ddersyede muligheder fastholder vi vores forpligtelse til lave fabrikspriser, s\u00e5 du kan tilpasse uden at betale for meget.<\/p>\n<h4>Hvorfor SX er det foretrukne valg til case-hardware<\/h4>\n<p>SX er kendt for at levere billige hardwarel\u00f8sninger af h\u00f8j kvalitet. Vores <strong>Flight Case-hj\u00f8rneb\u00f8jler<\/strong> udm\u00e6rker sig ved deres robusthed, p\u00e5lidelighed og omkostningseffektivitet. Med fokus p\u00e5 kvalitetskontrol og kundetilfredshed sikrer vi, at du f\u00e5r langtidsholdbar hardware, der opfylder lige pr\u00e6cis dine behov.<\/p>\n<h4>Fastg\u00f8r dine kufferter med SX Flight Case Corner Braces<\/h4>\n<p>N\u00e5r det drejer sig om at beskytte dit v\u00e6rdifulde udstyr, er hver eneste komponent vigtig. SX's <strong>Flight Case-hj\u00f8rneb\u00f8jler<\/strong> tilbyder vigtig forst\u00e6rkning til dine flightcases og sikrer, at dit udstyr forbliver sikkert, uanset hvor h\u00e5rd rejsen er. V\u00e6lg SX for prisbillig, fabriksfremstillet hardware, der aldrig g\u00e5r p\u00e5 kompromis med kvalitet eller ydeevne.<\/p>\n<p>Kontakt nu:<span style=\"color: #0000ff;\"><a style=\"color: #0000ff;\" href=\"https:\/\/sxpowercase.com\/contact-us\/\">https:\/\/sxpowercase.com\/<\/a><\/span><\/p>\n<p>Hardware produktkatalog:<span style=\"color: #3366ff;\"><a style=\"color: #3366ff;\" href=\"https:\/\/sxpowercase.com\/wp-content\/uploads\/2024\/07\/\u4e94\u91d1.pdf\">Hardware tilbeh\u00f8r katalog<\/a><\/span><\/p>","protected":false},"excerpt":{"rendered":"<h3>SX Flight Case-hj\u00f8rnest\u00f8tte: Forst\u00e6rket beskyttelse til overkommelige priser<\/h3>\n<p>SX tilbyder hj\u00f8rneb\u00f8jler i metal af h\u00f8j kvalitet for at styrke dine kufferter til hyppig transport. Fabriksdirekte salg sikrer holdbar hardware til budgetvenlige priser.<\/p>\n<h3>Slidst\u00e6rke og nemme at montere SX-hj\u00f8rneb\u00f8jler<\/h3>\n<p>SX-hj\u00f8rneb\u00f8jler passer til forskellige kassedesigns, er nemme at installere og giver \u00f8get stabilitet. Uanset om du opgraderer gamle kabinetter eller bygger nye, er SX et p\u00e5lideligt valg.<\/p>\n<h3>Skr\u00e6ddersyede l\u00f8sninger, der opfylder dine specifikke behov<\/h3>\n<p>SX tilbyder muligheder for tilpasning af st\u00f8rrelse og materiale, samtidig med at prisen er direkte fra fabrikken, hvilket giver omkostningseffektiv hardware, der er skr\u00e6ddersyet til dine unikke behov.<\/p>","protected":false},"featured_media":4186,"comment_status":"open","ping_status":"closed","template":"","meta":[],"product_brand":[],"product_cat":[64],"product_tag":[],"class_list":{"0":"post-4220","1":"product","2":"type-product","3":"status-publish","4":"has-post-thumbnail","6":"product_cat-clamps","8":"first","9":"instock","10":"shipping-taxable","11":"product-type-simple"},"yoast_head":"<!-- This site is optimized with the Yoast SEO Premium plugin v27.1 (Yoast SEO v27.2) - https:\/\/yoast.com\/product\/yoast-seo-premium-wordpress\/ -->\n<title>Flight Case Corner Brace CLA801 - https:\/\/sxflightcase.com \ud83d\udc97<\/title>\n<meta name=\"description\" content=\"Flight case corner brace, factory direct! Durable, high-quality braces designed to reinforce and secure flight case corners. Ideal for ensuring stability and long-lasting protection during transport.\" \/>\n<meta name=\"robots\" content=\"index, follow, max-snippet:-1, max-image-preview:large, max-video-preview:-1\" \/>\n<link rel=\"canonical\" href=\"https:\/\/sxflightcase.com\/da\/vare\/flightcase-hjornebojle-cla801-2\/\" \/>\n<meta property=\"og:locale\" content=\"da_DK\" \/>\n<meta property=\"og:type\" content=\"article\" \/>\n<meta property=\"og:title\" content=\"Flight Case Corner Brace CLA801\" \/>\n<meta property=\"og:description\" content=\"Flight case corner brace, factory direct! Durable, high-quality braces designed to reinforce and secure flight case corners. Ideal for ensuring stability and long-lasting protection during transport.\" \/>\n<meta property=\"og:url\" content=\"https:\/\/sxflightcase.com\/da\/vare\/flightcase-hjornebojle-cla801-2\/\" \/>\n<meta property=\"og:site_name\" content=\"https:\/\/sxflightcase.com\" \/>\n<meta property=\"article:publisher\" content=\"https:\/\/www.facebook.com\/profile.php?id=61560407257971\" \/>\n<meta property=\"article:modified_time\" content=\"2024-08-26T07:22:56+00:00\" \/>\n<meta property=\"og:image\" content=\"https:\/\/sxflightcase.com\/wp-content\/uploads\/2024\/08\/CLA801.jpg\" \/>\n\t<meta property=\"og:image:width\" content=\"700\" \/>\n\t<meta property=\"og:image:height\" content=\"700\" \/>\n\t<meta property=\"og:image:type\" content=\"image\/jpeg\" \/>\n<meta name=\"twitter:card\" content=\"summary_large_image\" \/>\n<meta name=\"twitter:label1\" content=\"Estimeret l\u00e6setid\" \/>\n\t<meta name=\"twitter:data1\" content=\"3 minutter\" \/>\n<script type=\"application\/ld+json\" class=\"yoast-schema-graph\">{\"@context\":\"https:\/\/schema.org\",\"@graph\":[{\"@type\":\"WebPage\",\"@id\":\"https:\/\/sxflightcase.com\/product\/flight-case-corner-brace-cla801\/\",\"url\":\"https:\/\/sxflightcase.com\/product\/flight-case-corner-brace-cla801\/\",\"name\":\"Flight Case Corner Brace CLA801 - https:\/\/sxflightcase.com \ud83d\udc97\",\"isPartOf\":{\"@id\":\"https:\/\/sxflightcase.com\/th\/#website\"},\"primaryImageOfPage\":{\"@id\":\"https:\/\/sxflightcase.com\/product\/flight-case-corner-brace-cla801\/#primaryimage\"},\"image\":{\"@id\":\"https:\/\/sxflightcase.com\/product\/flight-case-corner-brace-cla801\/#primaryimage\"},\"thumbnailUrl\":\"https:\/\/sxflightcase.com\/wp-content\/uploads\/2024\/08\/CLA801.jpg\",\"datePublished\":\"2024-08-26T07:22:55+00:00\",\"dateModified\":\"2024-08-26T07:22:56+00:00\",\"description\":\"Flight case corner brace, factory direct! Durable, high-quality braces designed to reinforce and secure flight case corners. Ideal for ensuring stability and long-lasting protection during transport.\",\"breadcrumb\":{\"@id\":\"https:\/\/sxflightcase.com\/product\/flight-case-corner-brace-cla801\/#breadcrumb\"},\"inLanguage\":\"da-DK\",\"potentialAction\":[{\"@type\":\"ReadAction\",\"target\":[\"https:\/\/sxflightcase.com\/product\/flight-case-corner-brace-cla801\/\"]}]},{\"@type\":\"ImageObject\",\"inLanguage\":\"da-DK\",\"@id\":\"https:\/\/sxflightcase.com\/product\/flight-case-corner-brace-cla801\/#primaryimage\",\"url\":\"https:\/\/sxflightcase.com\/wp-content\/uploads\/2024\/08\/CLA801.jpg\",\"contentUrl\":\"https:\/\/sxflightcase.com\/wp-content\/uploads\/2024\/08\/CLA801.jpg\",\"width\":700,\"height\":700,\"caption\":\"Flight Case Corner Brace\"},{\"@type\":\"BreadcrumbList\",\"@id\":\"https:\/\/sxflightcase.com\/product\/flight-case-corner-brace-cla801\/#breadcrumb\",\"itemListElement\":[{\"@type\":\"ListItem\",\"position\":1,\"name\":\"Home\",\"item\":\"https:\/\/sxflightcase.com\/\"},{\"@type\":\"ListItem\",\"position\":2,\"name\":\"\u0e2a\u0e34\u0e19\u0e04\u0e49\u0e32\",\"item\":\"https:\/\/sxflightcase.com\/th\/shop\/\"},{\"@type\":\"ListItem\",\"position\":3,\"name\":\"Flight Case Corner Brace CLA801\"}]},{\"@type\":\"WebSite\",\"@id\":\"https:\/\/sxflightcase.com\/th\/#website\",\"url\":\"https:\/\/sxflightcase.com\/th\/\",\"name\":\"sxpowercase.com\",\"description\":\"Flight Case Factory\",\"publisher\":{\"@id\":\"https:\/\/sxflightcase.com\/th\/#organization\"},\"potentialAction\":[{\"@type\":\"SearchAction\",\"target\":{\"@type\":\"EntryPoint\",\"urlTemplate\":\"https:\/\/sxflightcase.com\/th\/?s={search_term_string}\"},\"query-input\":{\"@type\":\"PropertyValueSpecification\",\"valueRequired\":true,\"valueName\":\"search_term_string\"}}],\"inLanguage\":\"da-DK\"},{\"@type\":\"Organization\",\"@id\":\"https:\/\/sxflightcase.com\/th\/#organization\",\"name\":\"sxpowercase.com\",\"url\":\"https:\/\/sxflightcase.com\/th\/\",\"logo\":{\"@type\":\"ImageObject\",\"inLanguage\":\"da-DK\",\"@id\":\"https:\/\/sxflightcase.com\/th\/#\/schema\/logo\/image\/\",\"url\":\"https:\/\/sxflightcase.com\/wp-content\/uploads\/2024\/04\/1713919036007.jpg\",\"contentUrl\":\"https:\/\/sxflightcase.com\/wp-content\/uploads\/2024\/04\/1713919036007.jpg\",\"width\":382,\"height\":388,\"caption\":\"sxpowercase.com\"},\"image\":{\"@id\":\"https:\/\/sxflightcase.com\/th\/#\/schema\/logo\/image\/\"},\"sameAs\":[\"https:\/\/www.facebook.com\/profile.php?id=61560407257971\"],\"numberOfEmployees\":{\"@type\":\"QuantitativeValue\",\"minValue\":\"11\",\"maxValue\":\"50\"}}]}<\/script>\n<!-- \/ Yoast SEO Premium plugin. -->","yoast_head_json":{"title":"Flight Case Corner Brace CLA801 - https:\/\/sxflightcase.com \ud83d\udc97","description":"Hj\u00f8rnest\u00f8tte til flightcase, direkte fra fabrikken! Holdbare seler af h\u00f8j kvalitet, der er designet til at forst\u00e6rke og sikre flightcases hj\u00f8rner. Ideel til at sikre stabilitet og langvarig beskyttelse under transport.","robots":{"index":"index","follow":"follow","max-snippet":"max-snippet:-1","max-image-preview":"max-image-preview:large","max-video-preview":"max-video-preview:-1"},"canonical":"https:\/\/sxflightcase.com\/da\/vare\/flightcase-hjornebojle-cla801-2\/","og_locale":"da_DK","og_type":"article","og_title":"Flight Case Corner Brace CLA801","og_description":"Flight case corner brace, factory direct! Durable, high-quality braces designed to reinforce and secure flight case corners. Ideal for ensuring stability and long-lasting protection during transport.","og_url":"https:\/\/sxflightcase.com\/da\/vare\/flightcase-hjornebojle-cla801-2\/","og_site_name":"https:\/\/sxflightcase.com","article_publisher":"https:\/\/www.facebook.com\/profile.php?id=61560407257971","article_modified_time":"2024-08-26T07:22:56+00:00","og_image":[{"width":700,"height":700,"url":"https:\/\/sxflightcase.com\/wp-content\/uploads\/2024\/08\/CLA801.jpg","type":"image\/jpeg"}],"twitter_card":"summary_large_image","twitter_misc":{"Estimeret l\u00e6setid":"3 minutter"},"schema":{"@context":"https:\/\/schema.org","@graph":[{"@type":"WebPage","@id":"https:\/\/sxflightcase.com\/product\/flight-case-corner-brace-cla801\/","url":"https:\/\/sxflightcase.com\/product\/flight-case-corner-brace-cla801\/","name":"Flight Case Corner Brace CLA801 - https:\/\/sxflightcase.com \ud83d\udc97","isPartOf":{"@id":"https:\/\/sxflightcase.com\/th\/#website"},"primaryImageOfPage":{"@id":"https:\/\/sxflightcase.com\/product\/flight-case-corner-brace-cla801\/#primaryimage"},"image":{"@id":"https:\/\/sxflightcase.com\/product\/flight-case-corner-brace-cla801\/#primaryimage"},"thumbnailUrl":"https:\/\/sxflightcase.com\/wp-content\/uploads\/2024\/08\/CLA801.jpg","datePublished":"2024-08-26T07:22:55+00:00","dateModified":"2024-08-26T07:22:56+00:00","description":"Hj\u00f8rnest\u00f8tte til flightcase, direkte fra fabrikken! Holdbare seler af h\u00f8j kvalitet, der er designet til at forst\u00e6rke og sikre flightcases hj\u00f8rner. Ideel til at sikre stabilitet og langvarig beskyttelse under transport.","breadcrumb":{"@id":"https:\/\/sxflightcase.com\/product\/flight-case-corner-brace-cla801\/#breadcrumb"},"inLanguage":"da-DK","potentialAction":[{"@type":"ReadAction","target":["https:\/\/sxflightcase.com\/product\/flight-case-corner-brace-cla801\/"]}]},{"@type":"ImageObject","inLanguage":"da-DK","@id":"https:\/\/sxflightcase.com\/product\/flight-case-corner-brace-cla801\/#primaryimage","url":"https:\/\/sxflightcase.com\/wp-content\/uploads\/2024\/08\/CLA801.jpg","contentUrl":"https:\/\/sxflightcase.com\/wp-content\/uploads\/2024\/08\/CLA801.jpg","width":700,"height":700,"caption":"Flight Case Corner Brace"},{"@type":"BreadcrumbList","@id":"https:\/\/sxflightcase.com\/product\/flight-case-corner-brace-cla801\/#breadcrumb","itemListElement":[{"@type":"ListItem","position":1,"name":"Home","item":"https:\/\/sxflightcase.com\/"},{"@type":"ListItem","position":2,"name":"\u0e2a\u0e34\u0e19\u0e04\u0e49\u0e32","item":"https:\/\/sxflightcase.com\/th\/shop\/"},{"@type":"ListItem","position":3,"name":"Flight Case Corner Brace CLA801"}]},{"@type":"WebSite","@id":"https:\/\/sxflightcase.com\/th\/#website","url":"https:\/\/sxflightcase.com\/th\/","name":"sxpowercase.com","description":"Flight Case Factory","publisher":{"@id":"https:\/\/sxflightcase.com\/th\/#organization"},"potentialAction":[{"@type":"SearchAction","target":{"@type":"EntryPoint","urlTemplate":"https:\/\/sxflightcase.com\/th\/?s={search_term_string}"},"query-input":{"@type":"PropertyValueSpecification","valueRequired":true,"valueName":"search_term_string"}}],"inLanguage":"da-DK"},{"@type":"Organization","@id":"https:\/\/sxflightcase.com\/th\/#organization","name":"sxpowercase.com","url":"https:\/\/sxflightcase.com\/th\/","logo":{"@type":"ImageObject","inLanguage":"da-DK","@id":"https:\/\/sxflightcase.com\/th\/#\/schema\/logo\/image\/","url":"https:\/\/sxflightcase.com\/wp-content\/uploads\/2024\/04\/1713919036007.jpg","contentUrl":"https:\/\/sxflightcase.com\/wp-content\/uploads\/2024\/04\/1713919036007.jpg","width":382,"height":388,"caption":"sxpowercase.com"},"image":{"@id":"https:\/\/sxflightcase.com\/th\/#\/schema\/logo\/image\/"},"sameAs":["https:\/\/www.facebook.com\/profile.php?id=61560407257971"],"numberOfEmployees":{"@type":"QuantitativeValue","minValue":"11","maxValue":"50"}}]}},"_links":{"self":[{"href":"https:\/\/sxflightcase.com\/da\/wp-json\/wp\/v2\/product\/4220","targetHints":{"allow":["GET"]}}],"collection":[{"href":"https:\/\/sxflightcase.com\/da\/wp-json\/wp\/v2\/product"}],"about":[{"href":"https:\/\/sxflightcase.com\/da\/wp-json\/wp\/v2\/types\/product"}],"replies":[{"embeddable":true,"href":"https:\/\/sxflightcase.com\/da\/wp-json\/wp\/v2\/comments?post=4220"}],"version-history":[{"count":0,"href":"https:\/\/sxflightcase.com\/da\/wp-json\/wp\/v2\/product\/4220\/revisions"}],"wp:featuredmedia":[{"embeddable":true,"href":"https:\/\/sxflightcase.com\/da\/wp-json\/wp\/v2\/media\/4186"}],"wp:attachment":[{"href":"https:\/\/sxflightcase.com\/da\/wp-json\/wp\/v2\/media?parent=4220"}],"wp:term":[{"taxonomy":"product_brand","embeddable":true,"href":"https:\/\/sxflightcase.com\/da\/wp-json\/wp\/v2\/product_brand?post=4220"},{"taxonomy":"product_cat","embeddable":true,"href":"https:\/\/sxflightcase.com\/da\/wp-json\/wp\/v2\/product_cat?post=4220"},{"taxonomy":"product_tag","embeddable":true,"href":"https:\/\/sxflightcase.com\/da\/wp-json\/wp\/v2\/product_tag?post=4220"}],"curies":[{"name":"wp","href":"https:\/\/api.w.org\/{rel}","templated":true}]}}