{"id":4224,"date":"2024-08-27T03:45:20","date_gmt":"2024-08-27T02:45:20","guid":{"rendered":"https:\/\/sxpowercase.com\/?post_type=product&#038;p=4224"},"modified":"2024-08-27T03:45:21","modified_gmt":"2024-08-27T02:45:21","slug":"road-case-corner-brace-cla803","status":"publish","type":"product","link":"https:\/\/sxflightcase.com\/da\/vare\/road-case-hjornebojle-cla803-2\/","title":{"rendered":"Road Case Corner Brace CLA803"},"content":{"rendered":"<h3>P\u00e5lidelig beskyttelse med SX Road Case Corner Brace<\/h3>\n<p>N\u00e5r man bygger eller reparerer vejkasser, er holdbarhed og styrke afg\u00f8rende. SX tilbyder h\u00f8j kvalitet <span style=\"color: #3366ff;\"><a style=\"color: #3366ff;\" href=\"https:\/\/sxpowercase.com\/product\/flight-case-corner-brace-cla802\/\"><strong>Road Case hj\u00f8rneb\u00f8jle<\/strong><\/a><\/span>\u00a0designet til at yde optimal beskyttelse af dit udstyr. Disse hj\u00f8rnestiver giver dine kufferter stabilitet og sikrer, at de kan klare strabadserne ved hyppig transport. <a href=\"https:\/\/sxpowercase.com\/\" target=\"_blank\" rel=\"noopener\" title=\"SX\" data-wpil-monitor-id=\"700\">SX<\/a> Produkterne kombinerer f\u00f8rsteklasses materialer med direkte fabrikspriser og giver enest\u00e5ende v\u00e6rdi for pengene.<\/p>\n<h3>Bygget til at holde med kraftige materialer<\/h3>\n<p>SX forst\u00e5r, at vejkasser skal v\u00e6re st\u00e6rke nok til at modst\u00e5 vejens krav. Vores <strong>Road Case hj\u00f8rneb\u00f8jle<\/strong>\u00a0er lavet af h\u00e5rdt metal, der sikrer langvarig ydeevne og forbedret beskyttelse af dine kufferter. Den robuste konstruktion giver ekstra forst\u00e6rkning og beskytter mod st\u00f8d, fald og slitage under rejsen. Med SX kan du stole p\u00e5, at vi aldrig g\u00e5r p\u00e5 kompromis med kvaliteten, selv ikke med vores konkurrencedygtige priser.<\/p>\n<h3>Prisbillig kvalitet fra fabrikken<\/h3>\n<p>Hos SX mener vi, at kvalitet skal v\u00e6re tilg\u00e6ngelig. Ved at k\u00f8be vores produkter direkte fra fabrikken sk\u00e6rer vi un\u00f8dvendige omkostninger v\u00e6k og tilbyder <strong>Road Case hj\u00f8rneb\u00f8jle<\/strong>\u00a0til uovertrufne priser. Denne fabriksn\u00e6re tilgang sikrer, at du f\u00e5r holdbar og p\u00e5lidelig hardware uden at betale ekstra. Kvalitetssikring er vores prioritet, og vi opretholder strenge standarder, samtidig med at vi holder priserne nede.<\/p>\n<h3>Nem installation til ethvert projekt<\/h3>\n<p>SX&#039;er <strong>Road Case-hj\u00f8rneb\u00f8jler<\/strong> er designet til enkel installation, uanset om du bygger en ny kuffert eller forst\u00e6rker en eksisterende. Det alsidige design sikrer kompatibilitet med forskellige konfigurationer af vejkasser, s\u00e5 du kan forbedre din kasses holdbarhed med minimal indsats. Denne fleksibilitet g\u00f8r vores hj\u00f8rnestivere ideelle til b\u00e5de professionelle og g\u00f8r-det-selv-byggere.<\/p>\n<h3>Tilpassede muligheder for at opfylde dine behov<\/h3>\n<p>Vi anerkender, at hvert projekt er unikt, og derfor tilbyder SX tilpassede muligheder for vores <strong>Road Case-hj\u00f8rneb\u00f8jler<\/strong>. Fra forskellige st\u00f8rrelser og overflader til skr\u00e6ddersyede l\u00f8sninger til specifikke kassedesigns - SX har det udvalg, du har brug for, til priser, du har r\u00e5d til. Vores m\u00e5l er at tilbyde tilpasning uden at g\u00e5 p\u00e5 kompromis med kvaliteten eller \u00f8ge omkostningerne.<\/p>\n<h3>Betroet af fagfolk verden over<\/h3>\n<p>SX har opbygget et ry for at levere p\u00e5lidelige, fabriksfremstillede hardwarel\u00f8sninger til road case-industrien. Vores <strong>Road Case-hj\u00f8rneb\u00f8jler<\/strong> er betroet af professionelle, der v\u00e6rds\u00e6tter b\u00e5de kvalitet og overkommelige priser. Uanset om du samler tasker til kraftig brug eller hverdagsbeskyttelse, leverer SX den rigtige l\u00f8sning til dine hardwarebehov.<\/p>\n<h3>Styrk dine road cases med SX<\/h3>\n<p>N\u00e5r det handler om at sikre dit v\u00e6rdifulde udstyr, er hver eneste komponent vigtig. SX's <strong>Road Case-hj\u00f8rneb\u00f8jler<\/strong> giver den ekstra st\u00f8tte, der er n\u00f8dvendig for at holde dine kufferter intakte under transport. Med fokus p\u00e5 direkte fabrikspriser, h\u00f8j kvalitet og brugervenligt design er SX dit foretrukne m\u00e6rke, n\u00e5r det g\u00e6lder p\u00e5lideligt og omkostningseffektivt hardware til vejkufferter. Beskyt din investering ved at v\u00e6lge SX til dit n\u00e6ste projekt.<\/p>\n<p>Kontakt nu:<span style=\"color: #0000ff;\"><a style=\"color: #0000ff;\" href=\"https:\/\/sxpowercase.com\/contact-us\/\">https:\/\/sxpowercase.com\/<\/a><\/span><\/p>\n<p>Hardware produktkatalog:<span style=\"color: #3366ff;\"><a style=\"color: #3366ff;\" href=\"https:\/\/sxpowercase.com\/wp-content\/uploads\/2024\/07\/\u4e94\u91d1.pdf\">Hardware tilbeh\u00f8r katalog<\/a><\/span><\/p>","protected":false},"excerpt":{"rendered":"<h3>SX Road Case hj\u00f8rneb\u00f8jle: Holdbar og prisbillig beskyttelse<\/h3>\n<p>SX tilbyder kraftige hj\u00f8rneb\u00f8jler, der giver p\u00e5lidelig stabilitet til landevejskasser. Disse seler er bygget af h\u00e5rdt metal og sikrer langvarig ydeevne til fabriksdirekte priser.<\/p>\n<h3>Forst\u00e6rk dine sager med SX-hj\u00f8rneb\u00f8jler<\/h3>\n<p>SX-hj\u00f8rneb\u00f8jler er designet til nem montering og er ideelle til b\u00e5de professionelle og g\u00f8r-det-selv-projekter. De giver ekstra beskyttelse og styrke til vejkasser og beskytter mod slitage.<\/p>\n<h3>Brugertilpasset og omkostningseffektiv hardware fra SX<\/h3>\n<p>SX tilbyder skr\u00e6ddersyede muligheder for hj\u00f8rneafstivninger til vejkasser, der opfylder unikke projektbehov og samtidig er overkommelige i pris. SX, som professionelle har tillid til, kombinerer kvalitet og v\u00e6rdi i hvert eneste produkt.<\/p>","protected":false},"featured_media":4188,"comment_status":"open","ping_status":"closed","template":"","meta":[],"product_brand":[],"product_cat":[64],"product_tag":[],"class_list":{"0":"post-4224","1":"product","2":"type-product","3":"status-publish","4":"has-post-thumbnail","6":"product_cat-clamps","8":"first","9":"instock","10":"shipping-taxable","11":"product-type-simple"},"yoast_head":"<!-- This site is optimized with the Yoast SEO Premium plugin v27.1 (Yoast SEO v27.2) - https:\/\/yoast.com\/product\/yoast-seo-premium-wordpress\/ -->\n<title>Road Case Corner Brace CLA803 - https:\/\/sxflightcase.com \ud83d\udc97<\/title>\n<meta name=\"description\" content=\"Road case corner brace, factory direct! High-quality, durable braces designed to reinforce and secure road case corners. Ideal for added stability and protection during heavy-duty transport.\" \/>\n<meta name=\"robots\" content=\"index, follow, max-snippet:-1, max-image-preview:large, max-video-preview:-1\" \/>\n<link rel=\"canonical\" href=\"https:\/\/sxflightcase.com\/da\/vare\/road-case-hjornebojle-cla803-2\/\" \/>\n<meta property=\"og:locale\" content=\"da_DK\" \/>\n<meta property=\"og:type\" content=\"article\" \/>\n<meta property=\"og:title\" content=\"Road Case Corner Brace CLA803\" \/>\n<meta property=\"og:description\" content=\"Road case corner brace, factory direct! High-quality, durable braces designed to reinforce and secure road case corners. Ideal for added stability and protection during heavy-duty transport.\" \/>\n<meta property=\"og:url\" content=\"https:\/\/sxflightcase.com\/da\/vare\/road-case-hjornebojle-cla803-2\/\" \/>\n<meta property=\"og:site_name\" content=\"https:\/\/sxflightcase.com\" \/>\n<meta property=\"article:publisher\" content=\"https:\/\/www.facebook.com\/profile.php?id=61560407257971\" \/>\n<meta property=\"article:modified_time\" content=\"2024-08-27T02:45:21+00:00\" \/>\n<meta property=\"og:image\" content=\"https:\/\/sxflightcase.com\/wp-content\/uploads\/2024\/08\/CLA803.jpg\" \/>\n\t<meta property=\"og:image:width\" content=\"700\" \/>\n\t<meta property=\"og:image:height\" content=\"700\" \/>\n\t<meta property=\"og:image:type\" content=\"image\/jpeg\" \/>\n<meta name=\"twitter:card\" content=\"summary_large_image\" \/>\n<meta name=\"twitter:label1\" content=\"Estimeret l\u00e6setid\" \/>\n\t<meta name=\"twitter:data1\" content=\"3 minutter\" \/>\n<script type=\"application\/ld+json\" class=\"yoast-schema-graph\">{\"@context\":\"https:\/\/schema.org\",\"@graph\":[{\"@type\":\"WebPage\",\"@id\":\"https:\/\/sxflightcase.com\/product\/road-case-corner-brace-cla803\/\",\"url\":\"https:\/\/sxflightcase.com\/product\/road-case-corner-brace-cla803\/\",\"name\":\"Road Case Corner Brace CLA803 - https:\/\/sxflightcase.com \ud83d\udc97\",\"isPartOf\":{\"@id\":\"https:\/\/sxflightcase.com\/th\/#website\"},\"primaryImageOfPage\":{\"@id\":\"https:\/\/sxflightcase.com\/product\/road-case-corner-brace-cla803\/#primaryimage\"},\"image\":{\"@id\":\"https:\/\/sxflightcase.com\/product\/road-case-corner-brace-cla803\/#primaryimage\"},\"thumbnailUrl\":\"https:\/\/sxflightcase.com\/wp-content\/uploads\/2024\/08\/CLA803.jpg\",\"datePublished\":\"2024-08-27T02:45:20+00:00\",\"dateModified\":\"2024-08-27T02:45:21+00:00\",\"description\":\"Road case corner brace, factory direct! High-quality, durable braces designed to reinforce and secure road case corners. Ideal for added stability and protection during heavy-duty transport.\",\"breadcrumb\":{\"@id\":\"https:\/\/sxflightcase.com\/product\/road-case-corner-brace-cla803\/#breadcrumb\"},\"inLanguage\":\"da-DK\",\"potentialAction\":[{\"@type\":\"ReadAction\",\"target\":[\"https:\/\/sxflightcase.com\/product\/road-case-corner-brace-cla803\/\"]}]},{\"@type\":\"ImageObject\",\"inLanguage\":\"da-DK\",\"@id\":\"https:\/\/sxflightcase.com\/product\/road-case-corner-brace-cla803\/#primaryimage\",\"url\":\"https:\/\/sxflightcase.com\/wp-content\/uploads\/2024\/08\/CLA803.jpg\",\"contentUrl\":\"https:\/\/sxflightcase.com\/wp-content\/uploads\/2024\/08\/CLA803.jpg\",\"width\":700,\"height\":700,\"caption\":\"Road Case Corner Brace\"},{\"@type\":\"BreadcrumbList\",\"@id\":\"https:\/\/sxflightcase.com\/product\/road-case-corner-brace-cla803\/#breadcrumb\",\"itemListElement\":[{\"@type\":\"ListItem\",\"position\":1,\"name\":\"Home\",\"item\":\"https:\/\/sxflightcase.com\/\"},{\"@type\":\"ListItem\",\"position\":2,\"name\":\"\u0e2a\u0e34\u0e19\u0e04\u0e49\u0e32\",\"item\":\"https:\/\/sxflightcase.com\/th\/shop\/\"},{\"@type\":\"ListItem\",\"position\":3,\"name\":\"Road Case Corner Brace CLA803\"}]},{\"@type\":\"WebSite\",\"@id\":\"https:\/\/sxflightcase.com\/th\/#website\",\"url\":\"https:\/\/sxflightcase.com\/th\/\",\"name\":\"sxpowercase.com\",\"description\":\"Flight Case Factory\",\"publisher\":{\"@id\":\"https:\/\/sxflightcase.com\/th\/#organization\"},\"potentialAction\":[{\"@type\":\"SearchAction\",\"target\":{\"@type\":\"EntryPoint\",\"urlTemplate\":\"https:\/\/sxflightcase.com\/th\/?s={search_term_string}\"},\"query-input\":{\"@type\":\"PropertyValueSpecification\",\"valueRequired\":true,\"valueName\":\"search_term_string\"}}],\"inLanguage\":\"da-DK\"},{\"@type\":\"Organization\",\"@id\":\"https:\/\/sxflightcase.com\/th\/#organization\",\"name\":\"sxpowercase.com\",\"url\":\"https:\/\/sxflightcase.com\/th\/\",\"logo\":{\"@type\":\"ImageObject\",\"inLanguage\":\"da-DK\",\"@id\":\"https:\/\/sxflightcase.com\/th\/#\/schema\/logo\/image\/\",\"url\":\"https:\/\/sxflightcase.com\/wp-content\/uploads\/2024\/04\/1713919036007.jpg\",\"contentUrl\":\"https:\/\/sxflightcase.com\/wp-content\/uploads\/2024\/04\/1713919036007.jpg\",\"width\":382,\"height\":388,\"caption\":\"sxpowercase.com\"},\"image\":{\"@id\":\"https:\/\/sxflightcase.com\/th\/#\/schema\/logo\/image\/\"},\"sameAs\":[\"https:\/\/www.facebook.com\/profile.php?id=61560407257971\"],\"numberOfEmployees\":{\"@type\":\"QuantitativeValue\",\"minValue\":\"11\",\"maxValue\":\"50\"}}]}<\/script>\n<!-- \/ Yoast SEO Premium plugin. -->","yoast_head_json":{"title":"Road Case Corner Brace CLA803 - https:\/\/sxflightcase.com \ud83d\udc97","description":"Road case hj\u00f8rneb\u00f8jle, direkte fra fabrikken! Holdbare seler af h\u00f8j kvalitet, der er designet til at forst\u00e6rke og sikre vejkassens hj\u00f8rner. Ideel til ekstra stabilitet og beskyttelse under tung transport.","robots":{"index":"index","follow":"follow","max-snippet":"max-snippet:-1","max-image-preview":"max-image-preview:large","max-video-preview":"max-video-preview:-1"},"canonical":"https:\/\/sxflightcase.com\/da\/vare\/road-case-hjornebojle-cla803-2\/","og_locale":"da_DK","og_type":"article","og_title":"Road Case Corner Brace CLA803","og_description":"Road case corner brace, factory direct! High-quality, durable braces designed to reinforce and secure road case corners. Ideal for added stability and protection during heavy-duty transport.","og_url":"https:\/\/sxflightcase.com\/da\/vare\/road-case-hjornebojle-cla803-2\/","og_site_name":"https:\/\/sxflightcase.com","article_publisher":"https:\/\/www.facebook.com\/profile.php?id=61560407257971","article_modified_time":"2024-08-27T02:45:21+00:00","og_image":[{"width":700,"height":700,"url":"https:\/\/sxflightcase.com\/wp-content\/uploads\/2024\/08\/CLA803.jpg","type":"image\/jpeg"}],"twitter_card":"summary_large_image","twitter_misc":{"Estimeret l\u00e6setid":"3 minutter"},"schema":{"@context":"https:\/\/schema.org","@graph":[{"@type":"WebPage","@id":"https:\/\/sxflightcase.com\/product\/road-case-corner-brace-cla803\/","url":"https:\/\/sxflightcase.com\/product\/road-case-corner-brace-cla803\/","name":"Road Case Corner Brace CLA803 - https:\/\/sxflightcase.com \ud83d\udc97","isPartOf":{"@id":"https:\/\/sxflightcase.com\/th\/#website"},"primaryImageOfPage":{"@id":"https:\/\/sxflightcase.com\/product\/road-case-corner-brace-cla803\/#primaryimage"},"image":{"@id":"https:\/\/sxflightcase.com\/product\/road-case-corner-brace-cla803\/#primaryimage"},"thumbnailUrl":"https:\/\/sxflightcase.com\/wp-content\/uploads\/2024\/08\/CLA803.jpg","datePublished":"2024-08-27T02:45:20+00:00","dateModified":"2024-08-27T02:45:21+00:00","description":"Road case hj\u00f8rneb\u00f8jle, direkte fra fabrikken! Holdbare seler af h\u00f8j kvalitet, der er designet til at forst\u00e6rke og sikre vejkassens hj\u00f8rner. Ideel til ekstra stabilitet og beskyttelse under tung transport.","breadcrumb":{"@id":"https:\/\/sxflightcase.com\/product\/road-case-corner-brace-cla803\/#breadcrumb"},"inLanguage":"da-DK","potentialAction":[{"@type":"ReadAction","target":["https:\/\/sxflightcase.com\/product\/road-case-corner-brace-cla803\/"]}]},{"@type":"ImageObject","inLanguage":"da-DK","@id":"https:\/\/sxflightcase.com\/product\/road-case-corner-brace-cla803\/#primaryimage","url":"https:\/\/sxflightcase.com\/wp-content\/uploads\/2024\/08\/CLA803.jpg","contentUrl":"https:\/\/sxflightcase.com\/wp-content\/uploads\/2024\/08\/CLA803.jpg","width":700,"height":700,"caption":"Road Case Corner Brace"},{"@type":"BreadcrumbList","@id":"https:\/\/sxflightcase.com\/product\/road-case-corner-brace-cla803\/#breadcrumb","itemListElement":[{"@type":"ListItem","position":1,"name":"Home","item":"https:\/\/sxflightcase.com\/"},{"@type":"ListItem","position":2,"name":"\u0e2a\u0e34\u0e19\u0e04\u0e49\u0e32","item":"https:\/\/sxflightcase.com\/th\/shop\/"},{"@type":"ListItem","position":3,"name":"Road Case Corner Brace CLA803"}]},{"@type":"WebSite","@id":"https:\/\/sxflightcase.com\/th\/#website","url":"https:\/\/sxflightcase.com\/th\/","name":"sxpowercase.com","description":"Flight Case Factory","publisher":{"@id":"https:\/\/sxflightcase.com\/th\/#organization"},"potentialAction":[{"@type":"SearchAction","target":{"@type":"EntryPoint","urlTemplate":"https:\/\/sxflightcase.com\/th\/?s={search_term_string}"},"query-input":{"@type":"PropertyValueSpecification","valueRequired":true,"valueName":"search_term_string"}}],"inLanguage":"da-DK"},{"@type":"Organization","@id":"https:\/\/sxflightcase.com\/th\/#organization","name":"sxpowercase.com","url":"https:\/\/sxflightcase.com\/th\/","logo":{"@type":"ImageObject","inLanguage":"da-DK","@id":"https:\/\/sxflightcase.com\/th\/#\/schema\/logo\/image\/","url":"https:\/\/sxflightcase.com\/wp-content\/uploads\/2024\/04\/1713919036007.jpg","contentUrl":"https:\/\/sxflightcase.com\/wp-content\/uploads\/2024\/04\/1713919036007.jpg","width":382,"height":388,"caption":"sxpowercase.com"},"image":{"@id":"https:\/\/sxflightcase.com\/th\/#\/schema\/logo\/image\/"},"sameAs":["https:\/\/www.facebook.com\/profile.php?id=61560407257971"],"numberOfEmployees":{"@type":"QuantitativeValue","minValue":"11","maxValue":"50"}}]}},"_links":{"self":[{"href":"https:\/\/sxflightcase.com\/da\/wp-json\/wp\/v2\/product\/4224","targetHints":{"allow":["GET"]}}],"collection":[{"href":"https:\/\/sxflightcase.com\/da\/wp-json\/wp\/v2\/product"}],"about":[{"href":"https:\/\/sxflightcase.com\/da\/wp-json\/wp\/v2\/types\/product"}],"replies":[{"embeddable":true,"href":"https:\/\/sxflightcase.com\/da\/wp-json\/wp\/v2\/comments?post=4224"}],"version-history":[{"count":0,"href":"https:\/\/sxflightcase.com\/da\/wp-json\/wp\/v2\/product\/4224\/revisions"}],"wp:featuredmedia":[{"embeddable":true,"href":"https:\/\/sxflightcase.com\/da\/wp-json\/wp\/v2\/media\/4188"}],"wp:attachment":[{"href":"https:\/\/sxflightcase.com\/da\/wp-json\/wp\/v2\/media?parent=4224"}],"wp:term":[{"taxonomy":"product_brand","embeddable":true,"href":"https:\/\/sxflightcase.com\/da\/wp-json\/wp\/v2\/product_brand?post=4224"},{"taxonomy":"product_cat","embeddable":true,"href":"https:\/\/sxflightcase.com\/da\/wp-json\/wp\/v2\/product_cat?post=4224"},{"taxonomy":"product_tag","embeddable":true,"href":"https:\/\/sxflightcase.com\/da\/wp-json\/wp\/v2\/product_tag?post=4224"}],"curies":[{"name":"wp","href":"https:\/\/api.w.org\/{rel}","templated":true}]}}