{"id":4226,"date":"2024-08-27T03:54:31","date_gmt":"2024-08-27T02:54:31","guid":{"rendered":"https:\/\/sxpowercase.com\/?post_type=product&#038;p=4226"},"modified":"2024-08-27T03:54:32","modified_gmt":"2024-08-27T02:54:32","slug":"flight-case-brace-clb101","status":"publish","type":"product","link":"https:\/\/sxflightcase.com\/da\/vare\/flightcase-bojle-clb101-2\/","title":{"rendered":"Flight Case Brace CLB101"},"content":{"rendered":"<h3>Flight Case Brace i h\u00f8j kvalitet fra SX<\/h3>\n<p>N\u00e5r du bygger eller opgraderer dine flightcases, er det vigtigt med en st\u00e6rk forst\u00e6rkning. SX tilbyder en f\u00f8rsteklasses <span style=\"color: #3366ff;\"><a style=\"color: #3366ff;\" href=\"https:\/\/sxpowercase.com\/product\/road-case-corner-brace-cla804\/\"><strong>Flight Case-b\u00f8jle<\/strong><\/a><\/span> designet til at give p\u00e5lidelig st\u00f8tte og ekstra holdbarhed. Uanset om du har brug for at sikre f\u00f8lsomt udstyr eller modst\u00e5 tung brug, er vores seler fremstillet til at levere f\u00f8rsteklasses ydeevne. Med <a href=\"https:\/\/sxpowercase.com\/\" target=\"_blank\" rel=\"noopener\" title=\"SX\" data-wpil-monitor-id=\"702\">SX<\/a>f\u00e5r du fordel af fabriksdirekte priser, der sikrer kvalitetsbeskyttelse til en overkommelig pris.<\/p>\n<h3>Bygget til styrke og lang levetid<\/h3>\n<p>Vores <strong>Flight Case-b\u00f8jle<\/strong> er lavet af h\u00f8jstyrkemetal, der er konstrueret til at forst\u00e6rke din kuffertstruktur effektivt. Denne robuste konstruktion hj\u00e6lper med at forhindre b\u00f8jning, skader og andre almindelige problemer under transport. Med SX f\u00e5r du kvalitetshardware, der er bygget til at holde, samtidig med at du f\u00e5r lave priser gennem vores fabriksdirekte model. Nyd fordelene ved overlegne produkter uden den h\u00f8je pris.<\/p>\n<h3>P\u00e5lidelig beskyttelse til fabriksn\u00e6re priser<\/h3>\n<p>Hos SX fokuserer vi p\u00e5 at levere produkter af h\u00f8j kvalitet, der passer til dit budget. Vores <strong>Flight Case-b\u00f8jle<\/strong> tilbyder den styrke og stabilitet, du har brug for, til en br\u00f8kdel af prisen. Ved at sk\u00e6re mellemm\u00e6ndene v\u00e6k sikrer vi, at vores kunder f\u00e5r billige l\u00f8sninger uden at g\u00e5 p\u00e5 kompromis med kvaliteten. Stol p\u00e5 SX, n\u00e5r det g\u00e6lder holdbar hardware, der giver p\u00e5lidelig beskyttelse, alt sammen til konkurrencedygtige priser.<\/p>\n<h3>Nem installation og alsidigt design<\/h3>\n<p>SX&#039;er <strong>Flight Case-b\u00f8jle<\/strong> er designet til hurtig og problemfri installation. Uanset om du monterer en ny kuffert eller opgraderer en eksisterende, passer vores b\u00f8jle problemfrit ind i forskellige designs. Det alsidige design sikrer, at den fungerer godt sammen med forskellige typer kufferter og giver den forst\u00e6rkning, der er n\u00f8dvendig for at holde dit udstyr sikkert. Med SX sparer du tid og kr\u00e6fter, samtidig med at du f\u00e5r et p\u00e5lideligt produkt, der passer til dine behov.<\/p>\n<h3>Tilpasning til dine specifikke krav<\/h3>\n<p>Hos SX forst\u00e5r vi, at hvert projekt er unikt. Det er derfor, vi tilbyder skr\u00e6ddersyede muligheder for vores <strong>Flight Case-b\u00f8jle<\/strong>. Du kan v\u00e6lge mellem forskellige st\u00f8rrelser, overflader og designs, der matcher dine specifikke behov. Uanset om du har brug for kraftige seler eller en mere let l\u00f8sning, leverer SX skr\u00e6ddersyede l\u00f8sninger, der passer til dine projektm\u00e5l.<\/p>\n<h3>Betroet af fagfolk verden over<\/h3>\n<p>Professionelle i forskellige brancher s\u00e6tter deres lid til SX, n\u00e5r det g\u00e6lder hardware til flightcases. Vores <strong>Flight Case-b\u00f8jle<\/strong> er konstrueret til at modst\u00e5 strabadserne ved hyppige rejser og kraftig brug, hvilket g\u00f8r det til et f\u00f8rstevalg for dem, der prioriterer holdbarhed og ydeevne. Uanset om det er til audiovisuelt udstyr, musikinstrumenter eller andet v\u00e6rdifuldt udstyr, tilbyder SX den beskyttelse, du kan stole p\u00e5.<\/p>\n<h3>V\u00e6lg SX for p\u00e5lidelig hardware til flykufferter<\/h3>\n<p>N\u00e5r det g\u00e6lder om at sikre din investering, er SX's <strong>Flight Case-b\u00f8jle<\/strong> er det ideelle valg. Med fokus p\u00e5 direkte fabrikspriser, kvalitetssikring og holdbarhed leverer vi hardware, som du kan stole p\u00e5. Beskyt dit udstyr med tillid, og f\u00e5 ro i sindet, n\u00e5r du ved, at dine kufferter er forst\u00e6rket med SX's p\u00e5lidelige l\u00f8sninger.<\/p>\n<p>Kontakt nu:<span style=\"color: #0000ff;\"><a style=\"color: #0000ff;\" href=\"https:\/\/sxpowercase.com\/contact-us\/\">https:\/\/sxpowercase.com\/<\/a><\/span><\/p>\n<p>Hardware produktkatalog:<span style=\"color: #3366ff;\"><a style=\"color: #3366ff;\" href=\"https:\/\/sxpowercase.com\/wp-content\/uploads\/2024\/07\/\u4e94\u91d1.pdf\">Hardware tilbeh\u00f8r katalog<\/a><\/span><\/p>","protected":false},"excerpt":{"rendered":"<h3>SX Flight Case Brace: Holdbar beskyttelse til fabriksdirekte priser<\/h3>\n<p>Forst\u00e6rk dine flightcases med SX's h\u00f8jstyrke metalb\u00f8jler, der er designet til varig st\u00f8tte og p\u00e5lidelig ydeevne. Nyd kvalitetsbeskyttelse uden at bruge for mange penge.<\/p>\n<h3>Styrk dine kufferter med SX Flight Case Brace<\/h3>\n<p>SX tilbyder robuste flightcase-b\u00f8jler, der forhindrer b\u00f8jning og skader under transport. De er nemme at installere og alsidige og passer problemfrit ind i forskellige kuffertdesigns.<\/p>\n<h3>Tilpassede og overkommelige flightcase-b\u00f8jler fra SX<\/h3>\n<p>V\u00e6lg mellem skr\u00e6ddersyede muligheder til dine specifikke behov. SX leverer omkostningseffektive, fabriksn\u00e6re l\u00f8sninger, som fagfolk over hele verden har tillid til p\u00e5 grund af deres holdbarhed og ydeevne.<\/p>","protected":false},"featured_media":4190,"comment_status":"open","ping_status":"closed","template":"","meta":[],"product_brand":[],"product_cat":[64],"product_tag":[],"class_list":{"0":"post-4226","1":"product","2":"type-product","3":"status-publish","4":"has-post-thumbnail","6":"product_cat-clamps","8":"first","9":"instock","10":"shipping-taxable","11":"product-type-simple"},"yoast_head":"<!-- This site is optimized with the Yoast SEO Premium plugin v27.1 (Yoast SEO v27.2) - https:\/\/yoast.com\/product\/yoast-seo-premium-wordpress\/ -->\n<title>Flight Case Brace CLB101 - https:\/\/sxflightcase.com \ud83d\udc97<\/title>\n<meta name=\"description\" content=\"Flight case brace, factory direct! High-quality, durable braces designed to reinforce and secure flight case panels and corners. Perfect for ensuring stability and long-lasting protection.\" \/>\n<meta name=\"robots\" content=\"index, follow, max-snippet:-1, max-image-preview:large, max-video-preview:-1\" \/>\n<link rel=\"canonical\" href=\"https:\/\/sxflightcase.com\/da\/vare\/flightcase-bojle-clb101-2\/\" \/>\n<meta property=\"og:locale\" content=\"da_DK\" \/>\n<meta property=\"og:type\" content=\"article\" \/>\n<meta property=\"og:title\" content=\"Flight Case Brace CLB101\" \/>\n<meta property=\"og:description\" content=\"Flight case brace, factory direct! High-quality, durable braces designed to reinforce and secure flight case panels and corners. Perfect for ensuring stability and long-lasting protection.\" \/>\n<meta property=\"og:url\" content=\"https:\/\/sxflightcase.com\/da\/vare\/flightcase-bojle-clb101-2\/\" \/>\n<meta property=\"og:site_name\" content=\"https:\/\/sxflightcase.com\" \/>\n<meta property=\"article:publisher\" content=\"https:\/\/www.facebook.com\/profile.php?id=61560407257971\" \/>\n<meta property=\"article:modified_time\" content=\"2024-08-27T02:54:32+00:00\" \/>\n<meta property=\"og:image\" content=\"https:\/\/sxflightcase.com\/wp-content\/uploads\/2024\/08\/CLB101.jpg\" \/>\n\t<meta property=\"og:image:width\" content=\"520\" \/>\n\t<meta property=\"og:image:height\" content=\"520\" \/>\n\t<meta property=\"og:image:type\" content=\"image\/jpeg\" \/>\n<meta name=\"twitter:card\" content=\"summary_large_image\" \/>\n<meta name=\"twitter:label1\" content=\"Estimeret l\u00e6setid\" \/>\n\t<meta name=\"twitter:data1\" content=\"3 minutter\" \/>\n<script type=\"application\/ld+json\" class=\"yoast-schema-graph\">{\"@context\":\"https:\/\/schema.org\",\"@graph\":[{\"@type\":\"WebPage\",\"@id\":\"https:\/\/sxflightcase.com\/product\/flight-case-brace-clb101\/\",\"url\":\"https:\/\/sxflightcase.com\/product\/flight-case-brace-clb101\/\",\"name\":\"Flight Case Brace CLB101 - https:\/\/sxflightcase.com \ud83d\udc97\",\"isPartOf\":{\"@id\":\"https:\/\/sxflightcase.com\/th\/#website\"},\"primaryImageOfPage\":{\"@id\":\"https:\/\/sxflightcase.com\/product\/flight-case-brace-clb101\/#primaryimage\"},\"image\":{\"@id\":\"https:\/\/sxflightcase.com\/product\/flight-case-brace-clb101\/#primaryimage\"},\"thumbnailUrl\":\"https:\/\/sxflightcase.com\/wp-content\/uploads\/2024\/08\/CLB101.jpg\",\"datePublished\":\"2024-08-27T02:54:31+00:00\",\"dateModified\":\"2024-08-27T02:54:32+00:00\",\"description\":\"Flight case brace, factory direct! High-quality, durable braces designed to reinforce and secure flight case panels and corners. Perfect for ensuring stability and long-lasting protection.\",\"breadcrumb\":{\"@id\":\"https:\/\/sxflightcase.com\/product\/flight-case-brace-clb101\/#breadcrumb\"},\"inLanguage\":\"da-DK\",\"potentialAction\":[{\"@type\":\"ReadAction\",\"target\":[\"https:\/\/sxflightcase.com\/product\/flight-case-brace-clb101\/\"]}]},{\"@type\":\"ImageObject\",\"inLanguage\":\"da-DK\",\"@id\":\"https:\/\/sxflightcase.com\/product\/flight-case-brace-clb101\/#primaryimage\",\"url\":\"https:\/\/sxflightcase.com\/wp-content\/uploads\/2024\/08\/CLB101.jpg\",\"contentUrl\":\"https:\/\/sxflightcase.com\/wp-content\/uploads\/2024\/08\/CLB101.jpg\",\"width\":520,\"height\":520,\"caption\":\"Flight Case Brace\"},{\"@type\":\"BreadcrumbList\",\"@id\":\"https:\/\/sxflightcase.com\/product\/flight-case-brace-clb101\/#breadcrumb\",\"itemListElement\":[{\"@type\":\"ListItem\",\"position\":1,\"name\":\"Home\",\"item\":\"https:\/\/sxflightcase.com\/\"},{\"@type\":\"ListItem\",\"position\":2,\"name\":\"\u0e2a\u0e34\u0e19\u0e04\u0e49\u0e32\",\"item\":\"https:\/\/sxflightcase.com\/th\/shop\/\"},{\"@type\":\"ListItem\",\"position\":3,\"name\":\"Flight Case Brace CLB101\"}]},{\"@type\":\"WebSite\",\"@id\":\"https:\/\/sxflightcase.com\/th\/#website\",\"url\":\"https:\/\/sxflightcase.com\/th\/\",\"name\":\"sxpowercase.com\",\"description\":\"Flight Case Factory\",\"publisher\":{\"@id\":\"https:\/\/sxflightcase.com\/th\/#organization\"},\"potentialAction\":[{\"@type\":\"SearchAction\",\"target\":{\"@type\":\"EntryPoint\",\"urlTemplate\":\"https:\/\/sxflightcase.com\/th\/?s={search_term_string}\"},\"query-input\":{\"@type\":\"PropertyValueSpecification\",\"valueRequired\":true,\"valueName\":\"search_term_string\"}}],\"inLanguage\":\"da-DK\"},{\"@type\":\"Organization\",\"@id\":\"https:\/\/sxflightcase.com\/th\/#organization\",\"name\":\"sxpowercase.com\",\"url\":\"https:\/\/sxflightcase.com\/th\/\",\"logo\":{\"@type\":\"ImageObject\",\"inLanguage\":\"da-DK\",\"@id\":\"https:\/\/sxflightcase.com\/th\/#\/schema\/logo\/image\/\",\"url\":\"https:\/\/sxflightcase.com\/wp-content\/uploads\/2024\/04\/1713919036007.jpg\",\"contentUrl\":\"https:\/\/sxflightcase.com\/wp-content\/uploads\/2024\/04\/1713919036007.jpg\",\"width\":382,\"height\":388,\"caption\":\"sxpowercase.com\"},\"image\":{\"@id\":\"https:\/\/sxflightcase.com\/th\/#\/schema\/logo\/image\/\"},\"sameAs\":[\"https:\/\/www.facebook.com\/profile.php?id=61560407257971\"],\"numberOfEmployees\":{\"@type\":\"QuantitativeValue\",\"minValue\":\"11\",\"maxValue\":\"50\"}}]}<\/script>\n<!-- \/ Yoast SEO Premium plugin. -->","yoast_head_json":{"title":"Flight Case Brace CLB101 - https:\/\/sxflightcase.com \ud83d\udc97","description":"Flightcase-beslag, direkte fra fabrikken! Holdbare seler af h\u00f8j kvalitet, der er designet til at forst\u00e6rke og sikre flightcase-paneler og -hj\u00f8rner. Perfekt til at sikre stabilitet og langvarig beskyttelse.","robots":{"index":"index","follow":"follow","max-snippet":"max-snippet:-1","max-image-preview":"max-image-preview:large","max-video-preview":"max-video-preview:-1"},"canonical":"https:\/\/sxflightcase.com\/da\/vare\/flightcase-bojle-clb101-2\/","og_locale":"da_DK","og_type":"article","og_title":"Flight Case Brace CLB101","og_description":"Flight case brace, factory direct! High-quality, durable braces designed to reinforce and secure flight case panels and corners. Perfect for ensuring stability and long-lasting protection.","og_url":"https:\/\/sxflightcase.com\/da\/vare\/flightcase-bojle-clb101-2\/","og_site_name":"https:\/\/sxflightcase.com","article_publisher":"https:\/\/www.facebook.com\/profile.php?id=61560407257971","article_modified_time":"2024-08-27T02:54:32+00:00","og_image":[{"width":520,"height":520,"url":"https:\/\/sxflightcase.com\/wp-content\/uploads\/2024\/08\/CLB101.jpg","type":"image\/jpeg"}],"twitter_card":"summary_large_image","twitter_misc":{"Estimeret l\u00e6setid":"3 minutter"},"schema":{"@context":"https:\/\/schema.org","@graph":[{"@type":"WebPage","@id":"https:\/\/sxflightcase.com\/product\/flight-case-brace-clb101\/","url":"https:\/\/sxflightcase.com\/product\/flight-case-brace-clb101\/","name":"Flight Case Brace CLB101 - https:\/\/sxflightcase.com \ud83d\udc97","isPartOf":{"@id":"https:\/\/sxflightcase.com\/th\/#website"},"primaryImageOfPage":{"@id":"https:\/\/sxflightcase.com\/product\/flight-case-brace-clb101\/#primaryimage"},"image":{"@id":"https:\/\/sxflightcase.com\/product\/flight-case-brace-clb101\/#primaryimage"},"thumbnailUrl":"https:\/\/sxflightcase.com\/wp-content\/uploads\/2024\/08\/CLB101.jpg","datePublished":"2024-08-27T02:54:31+00:00","dateModified":"2024-08-27T02:54:32+00:00","description":"Flightcase-beslag, direkte fra fabrikken! Holdbare seler af h\u00f8j kvalitet, der er designet til at forst\u00e6rke og sikre flightcase-paneler og -hj\u00f8rner. Perfekt til at sikre stabilitet og langvarig beskyttelse.","breadcrumb":{"@id":"https:\/\/sxflightcase.com\/product\/flight-case-brace-clb101\/#breadcrumb"},"inLanguage":"da-DK","potentialAction":[{"@type":"ReadAction","target":["https:\/\/sxflightcase.com\/product\/flight-case-brace-clb101\/"]}]},{"@type":"ImageObject","inLanguage":"da-DK","@id":"https:\/\/sxflightcase.com\/product\/flight-case-brace-clb101\/#primaryimage","url":"https:\/\/sxflightcase.com\/wp-content\/uploads\/2024\/08\/CLB101.jpg","contentUrl":"https:\/\/sxflightcase.com\/wp-content\/uploads\/2024\/08\/CLB101.jpg","width":520,"height":520,"caption":"Flight Case Brace"},{"@type":"BreadcrumbList","@id":"https:\/\/sxflightcase.com\/product\/flight-case-brace-clb101\/#breadcrumb","itemListElement":[{"@type":"ListItem","position":1,"name":"Home","item":"https:\/\/sxflightcase.com\/"},{"@type":"ListItem","position":2,"name":"\u0e2a\u0e34\u0e19\u0e04\u0e49\u0e32","item":"https:\/\/sxflightcase.com\/th\/shop\/"},{"@type":"ListItem","position":3,"name":"Flight Case Brace CLB101"}]},{"@type":"WebSite","@id":"https:\/\/sxflightcase.com\/th\/#website","url":"https:\/\/sxflightcase.com\/th\/","name":"sxpowercase.com","description":"Flight Case Factory","publisher":{"@id":"https:\/\/sxflightcase.com\/th\/#organization"},"potentialAction":[{"@type":"SearchAction","target":{"@type":"EntryPoint","urlTemplate":"https:\/\/sxflightcase.com\/th\/?s={search_term_string}"},"query-input":{"@type":"PropertyValueSpecification","valueRequired":true,"valueName":"search_term_string"}}],"inLanguage":"da-DK"},{"@type":"Organization","@id":"https:\/\/sxflightcase.com\/th\/#organization","name":"sxpowercase.com","url":"https:\/\/sxflightcase.com\/th\/","logo":{"@type":"ImageObject","inLanguage":"da-DK","@id":"https:\/\/sxflightcase.com\/th\/#\/schema\/logo\/image\/","url":"https:\/\/sxflightcase.com\/wp-content\/uploads\/2024\/04\/1713919036007.jpg","contentUrl":"https:\/\/sxflightcase.com\/wp-content\/uploads\/2024\/04\/1713919036007.jpg","width":382,"height":388,"caption":"sxpowercase.com"},"image":{"@id":"https:\/\/sxflightcase.com\/th\/#\/schema\/logo\/image\/"},"sameAs":["https:\/\/www.facebook.com\/profile.php?id=61560407257971"],"numberOfEmployees":{"@type":"QuantitativeValue","minValue":"11","maxValue":"50"}}]}},"_links":{"self":[{"href":"https:\/\/sxflightcase.com\/da\/wp-json\/wp\/v2\/product\/4226","targetHints":{"allow":["GET"]}}],"collection":[{"href":"https:\/\/sxflightcase.com\/da\/wp-json\/wp\/v2\/product"}],"about":[{"href":"https:\/\/sxflightcase.com\/da\/wp-json\/wp\/v2\/types\/product"}],"replies":[{"embeddable":true,"href":"https:\/\/sxflightcase.com\/da\/wp-json\/wp\/v2\/comments?post=4226"}],"version-history":[{"count":0,"href":"https:\/\/sxflightcase.com\/da\/wp-json\/wp\/v2\/product\/4226\/revisions"}],"wp:featuredmedia":[{"embeddable":true,"href":"https:\/\/sxflightcase.com\/da\/wp-json\/wp\/v2\/media\/4190"}],"wp:attachment":[{"href":"https:\/\/sxflightcase.com\/da\/wp-json\/wp\/v2\/media?parent=4226"}],"wp:term":[{"taxonomy":"product_brand","embeddable":true,"href":"https:\/\/sxflightcase.com\/da\/wp-json\/wp\/v2\/product_brand?post=4226"},{"taxonomy":"product_cat","embeddable":true,"href":"https:\/\/sxflightcase.com\/da\/wp-json\/wp\/v2\/product_cat?post=4226"},{"taxonomy":"product_tag","embeddable":true,"href":"https:\/\/sxflightcase.com\/da\/wp-json\/wp\/v2\/product_tag?post=4226"}],"curies":[{"name":"wp","href":"https:\/\/api.w.org\/{rel}","templated":true}]}}