{"id":4233,"date":"2024-09-02T07:27:59","date_gmt":"2024-09-02T06:27:59","guid":{"rendered":"https:\/\/sxpowercase.com\/?post_type=product&#038;p=4233"},"modified":"2024-09-02T07:28:00","modified_gmt":"2024-09-02T06:28:00","slug":"road-case-brace-clb201","status":"publish","type":"product","link":"https:\/\/sxflightcase.com\/da\/vare\/road-case-brace-clb201\/","title":{"rendered":"Road Case Brace CLB201"},"content":{"rendered":"<h3>\u00d8g holdbarheden med SX Road Case Brace<\/h3>\n<p>N\u00e5r det drejer sig om at beskytte dit v\u00e6rdifulde udstyr, kan betydningen af en robust kuffert ikke overvurderes. Den <a href=\"https:\/\/sxpowercase.com\/product\/road-case-brace\/\"><strong>Road Case Brace<\/strong><\/a> by SX er designet til at give ekstra forst\u00e6rkning, s\u00e5 dit udstyr forbliver sikkert og beskyttet. Hos SX kombinerer vi kvalitet med overkommelige priser og tilbyder produkter, der opfylder de h\u00f8jeste standarder til fabriksn\u00e6re priser.<\/p>\n<h3>Bygget til at holde<\/h3>\n<p>De <strong>Road Case Brace<\/strong> fra <a href=\"https:\/\/sxpowercase.com\/\" target=\"_blank\" rel=\"noopener\" title=\"SX\" data-wpil-monitor-id=\"705\">SX<\/a> er fremstillet af materialer af h\u00f8j kvalitet, der kan modst\u00e5 strabadserne ved hyppige rejser. Uanset om du flytter dit udstyr p\u00e5 tv\u00e6rs af byen eller landet, tilf\u00f8jer denne b\u00f8jle vigtig holdbarhed til dine road cases og holder dit udstyr intakt under hver rejse.<\/p>\n<h3>Fabriksindstillede priser<\/h3>\n<p>Ved at k\u00f8be direkte fra vores fabrik er SX i stand til at tilbyde dig f\u00f8rsteklasses <strong>Seler til vejkasser<\/strong> til uovertrufne priser. Vi mener, at beskyttelse af h\u00f8j kvalitet ikke b\u00f8r have en h\u00f8j pris. Med SX f\u00e5r du den bedste v\u00e6rdi for dine penge uden at g\u00e5 p\u00e5 kompromis med kvaliteten.<\/p>\n<h3>Nem installation<\/h3>\n<p>De <strong>Road Case Brace<\/strong> er designet til nem installation og passer problemfrit ind i dine eksisterende kabinetter. Denne brugervenlige funktion sikrer, at du hurtigt kan opgradere dine kasser uden besv\u00e6r, s\u00e5 du f\u00e5r mere tid til at fokusere p\u00e5 dit arbejde i stedet for p\u00e5 kompliceret montering.<\/p>\n<h3>P\u00e5lidelig ydeevne<\/h3>\n<p>SX er forpligtet til at levere produkter med p\u00e5lidelig ydeevne. Vores <strong>Road Case Brace<\/strong> er betroet fagfolk p\u00e5 tv\u00e6rs af forskellige brancher for sin evne til konsekvent at levere beskyttelse og stabilitet. Du kan stole p\u00e5, at SX holder dit udstyr sikkert, uanset hvor dit arbejde f\u00f8rer dig hen.<\/p>\n<h3>Tilpasningsmuligheder<\/h3>\n<p>SX forst\u00e5r, at hver sag er unik, og tilbyder en r\u00e6kke forskellige <strong>Seler til vejkasser<\/strong> til at opfylde forskellige behov. Uanset om du har brug for en bestemt st\u00f8rrelse eller specialtilpasninger, leverer vi l\u00f8sninger, der im\u00f8dekommer dine n\u00f8jagtige krav, samtidig med at vi opretholder konkurrencedygtige priser.<\/p>\n<h3>V\u00e6lg SX for kvalitet<\/h3>\n<p>SX er dedikeret til at levere produkter, der kombinerer styrke, overkommelige priser og brugervenlighed. Den <strong>Road Case Brace<\/strong> eksemplificerer denne forpligtelse og tilbyder dig en p\u00e5lidelig m\u00e5de at forbedre beskyttelsen af dit udstyr p\u00e5. Med vores fabriksdirekte priser beh\u00f8ver du ikke at ofre kvalitet for prisen.<\/p>\n<h3>Konklusion<\/h3>\n<p>Investering i en <strong>Road Case Brace<\/strong> fra SX betyder at investere i ro i sindet. Vores afstivningsl\u00f8sninger sikrer, at dine kufferter forbliver holdbare og p\u00e5lidelige og giver den beskyttelse, som dit v\u00e6rdifulde udstyr fortjener. V\u00e6lg SX og oplev kvalitet, overkommelige priser og fremragende kundeservice i hvert eneste k\u00f8b.<\/p>\n<p>Kontakt nu:<span style=\"color: #0000ff;\"><a style=\"color: #0000ff;\" href=\"https:\/\/sxpowercase.com\/contact-us\/\">https:\/\/sxpowercase.com\/<\/a><\/span><\/p>\n<p>Hardware produktkatalog:<span style=\"color: #3366ff;\"><a style=\"color: #3366ff;\" href=\"https:\/\/sxpowercase.com\/wp-content\/uploads\/2024\/07\/\u4e94\u91d1.pdf\">Hardware tilbeh\u00f8r katalog<\/a><\/span><\/p>","protected":false},"excerpt":{"rendered":"<div class=\"flex max-w-full flex-col flex-grow\">\n<div class=\"min-h-[20px] text-message flex w-full flex-col items-end gap-2 break-words [.text-message+&amp;]:mt-5 overflow-x-auto whitespace-normal\" dir=\"auto\" data-message-author-role=\"assistant\" data-message-id=\"60de0853-cc30-4040-89ae-7656540583ea\">\n<div class=\"flex w-full flex-col gap-1 empty:hidden first:pt-[3px]\">\n<div class=\"markdown prose w-full break-words dark:prose-invert light\">\n<h3>SX Road Case Brace: Affordable, Durable Protection<\/h3>\n<p>Ensure your road cases are secure with SX\u2019s high-grade braces, designed to withstand the toughest travel conditions. Quality and durability at factory-direct prices.<\/p>\n<h3>Reinforce Your Road Cases with SX Braces<\/h3>\n<p>SX offers robust, reliable road case braces that protect your valuable gear during transport. Benefit from customizable options and unbeatable value.<\/p>\n<h3>Trusted by Professionals: SX Road Case Brace<\/h3>\n<p>Favored by industry experts, SX\u2019s Road Case Brace provides top-tier reinforcement at low costs. Choose SX for dependable protection and peace of mind.<\/p>\n<\/div>\n<\/div>\n<\/div>\n<\/div>\n","protected":false},"featured_media":4193,"comment_status":"open","ping_status":"closed","template":"","meta":[],"product_brand":[],"product_cat":[64],"product_tag":[],"class_list":{"0":"post-4233","1":"product","2":"type-product","3":"status-publish","4":"has-post-thumbnail","6":"product_cat-clamps","8":"first","9":"instock","10":"shipping-taxable","11":"product-type-simple"},"yoast_head":"<!-- This site is optimized with the Yoast SEO Premium plugin v27.1 (Yoast SEO v27.2) - https:\/\/yoast.com\/product\/yoast-seo-premium-wordpress\/ -->\n<title>Road Case Brace CLB201 - https:\/\/sxflightcase.com \ud83d\udc97<\/title>\n<meta name=\"description\" content=\"Road case brace, factory direct! High-quality, durable braces designed to reinforce and secure road case panels and corners. Ideal for ensuring stability and protection during heavy-duty transport.\" \/>\n<meta name=\"robots\" content=\"index, follow, max-snippet:-1, max-image-preview:large, max-video-preview:-1\" \/>\n<link rel=\"canonical\" href=\"https:\/\/sxflightcase.com\/da\/vare\/road-case-brace-clb201\/\" \/>\n<meta property=\"og:locale\" content=\"da_DK\" \/>\n<meta property=\"og:type\" content=\"article\" \/>\n<meta property=\"og:title\" content=\"Road Case Brace CLB201\" \/>\n<meta property=\"og:description\" content=\"Road case brace, factory direct! High-quality, durable braces designed to reinforce and secure road case panels and corners. Ideal for ensuring stability and protection during heavy-duty transport.\" \/>\n<meta property=\"og:url\" content=\"https:\/\/sxflightcase.com\/da\/vare\/road-case-brace-clb201\/\" \/>\n<meta property=\"og:site_name\" content=\"https:\/\/sxflightcase.com\" \/>\n<meta property=\"article:publisher\" content=\"https:\/\/www.facebook.com\/profile.php?id=61560407257971\" \/>\n<meta property=\"article:modified_time\" content=\"2024-09-02T06:28:00+00:00\" \/>\n<meta property=\"og:image\" content=\"https:\/\/sxflightcase.com\/wp-content\/uploads\/2024\/08\/CLB201.jpg\" \/>\n\t<meta property=\"og:image:width\" content=\"517\" \/>\n\t<meta property=\"og:image:height\" content=\"517\" \/>\n\t<meta property=\"og:image:type\" content=\"image\/jpeg\" \/>\n<meta name=\"twitter:card\" content=\"summary_large_image\" \/>\n<meta name=\"twitter:label1\" content=\"Estimeret l\u00e6setid\" \/>\n\t<meta name=\"twitter:data1\" content=\"3 minutter\" \/>\n<script type=\"application\/ld+json\" class=\"yoast-schema-graph\">{\"@context\":\"https:\/\/schema.org\",\"@graph\":[{\"@type\":\"WebPage\",\"@id\":\"https:\/\/sxflightcase.com\/product\/road-case-brace-clb201\/\",\"url\":\"https:\/\/sxflightcase.com\/product\/road-case-brace-clb201\/\",\"name\":\"Road Case Brace CLB201 - https:\/\/sxflightcase.com \ud83d\udc97\",\"isPartOf\":{\"@id\":\"https:\/\/sxflightcase.com\/th\/#website\"},\"primaryImageOfPage\":{\"@id\":\"https:\/\/sxflightcase.com\/product\/road-case-brace-clb201\/#primaryimage\"},\"image\":{\"@id\":\"https:\/\/sxflightcase.com\/product\/road-case-brace-clb201\/#primaryimage\"},\"thumbnailUrl\":\"https:\/\/sxflightcase.com\/wp-content\/uploads\/2024\/08\/CLB201.jpg\",\"datePublished\":\"2024-09-02T06:27:59+00:00\",\"dateModified\":\"2024-09-02T06:28:00+00:00\",\"description\":\"Road case brace, factory direct! High-quality, durable braces designed to reinforce and secure road case panels and corners. Ideal for ensuring stability and protection during heavy-duty transport.\",\"breadcrumb\":{\"@id\":\"https:\/\/sxflightcase.com\/product\/road-case-brace-clb201\/#breadcrumb\"},\"inLanguage\":\"da-DK\",\"potentialAction\":[{\"@type\":\"ReadAction\",\"target\":[\"https:\/\/sxflightcase.com\/product\/road-case-brace-clb201\/\"]}]},{\"@type\":\"ImageObject\",\"inLanguage\":\"da-DK\",\"@id\":\"https:\/\/sxflightcase.com\/product\/road-case-brace-clb201\/#primaryimage\",\"url\":\"https:\/\/sxflightcase.com\/wp-content\/uploads\/2024\/08\/CLB201.jpg\",\"contentUrl\":\"https:\/\/sxflightcase.com\/wp-content\/uploads\/2024\/08\/CLB201.jpg\",\"width\":517,\"height\":517,\"caption\":\"Road Case Brace\"},{\"@type\":\"BreadcrumbList\",\"@id\":\"https:\/\/sxflightcase.com\/product\/road-case-brace-clb201\/#breadcrumb\",\"itemListElement\":[{\"@type\":\"ListItem\",\"position\":1,\"name\":\"Home\",\"item\":\"https:\/\/sxflightcase.com\/\"},{\"@type\":\"ListItem\",\"position\":2,\"name\":\"\u0e2a\u0e34\u0e19\u0e04\u0e49\u0e32\",\"item\":\"https:\/\/sxflightcase.com\/th\/shop\/\"},{\"@type\":\"ListItem\",\"position\":3,\"name\":\"Road Case Brace CLB201\"}]},{\"@type\":\"WebSite\",\"@id\":\"https:\/\/sxflightcase.com\/th\/#website\",\"url\":\"https:\/\/sxflightcase.com\/th\/\",\"name\":\"sxpowercase.com\",\"description\":\"Flight Case Factory\",\"publisher\":{\"@id\":\"https:\/\/sxflightcase.com\/th\/#organization\"},\"potentialAction\":[{\"@type\":\"SearchAction\",\"target\":{\"@type\":\"EntryPoint\",\"urlTemplate\":\"https:\/\/sxflightcase.com\/th\/?s={search_term_string}\"},\"query-input\":{\"@type\":\"PropertyValueSpecification\",\"valueRequired\":true,\"valueName\":\"search_term_string\"}}],\"inLanguage\":\"da-DK\"},{\"@type\":\"Organization\",\"@id\":\"https:\/\/sxflightcase.com\/th\/#organization\",\"name\":\"sxpowercase.com\",\"url\":\"https:\/\/sxflightcase.com\/th\/\",\"logo\":{\"@type\":\"ImageObject\",\"inLanguage\":\"da-DK\",\"@id\":\"https:\/\/sxflightcase.com\/th\/#\/schema\/logo\/image\/\",\"url\":\"https:\/\/sxflightcase.com\/wp-content\/uploads\/2024\/04\/1713919036007.jpg\",\"contentUrl\":\"https:\/\/sxflightcase.com\/wp-content\/uploads\/2024\/04\/1713919036007.jpg\",\"width\":382,\"height\":388,\"caption\":\"sxpowercase.com\"},\"image\":{\"@id\":\"https:\/\/sxflightcase.com\/th\/#\/schema\/logo\/image\/\"},\"sameAs\":[\"https:\/\/www.facebook.com\/profile.php?id=61560407257971\"],\"numberOfEmployees\":{\"@type\":\"QuantitativeValue\",\"minValue\":\"11\",\"maxValue\":\"50\"}}]}<\/script>\n<!-- \/ Yoast SEO Premium plugin. -->","yoast_head_json":{"title":"Road Case Brace CLB201 - https:\/\/sxflightcase.com \ud83d\udc97","description":"Road case brace, direkte fra fabrikken! Holdbare seler af h\u00f8j kvalitet, der er designet til at forst\u00e6rke og sikre road case-paneler og -hj\u00f8rner. Ideel til at sikre stabilitet og beskyttelse under tung transport.","robots":{"index":"index","follow":"follow","max-snippet":"max-snippet:-1","max-image-preview":"max-image-preview:large","max-video-preview":"max-video-preview:-1"},"canonical":"https:\/\/sxflightcase.com\/da\/vare\/road-case-brace-clb201\/","og_locale":"da_DK","og_type":"article","og_title":"Road Case Brace CLB201","og_description":"Road case brace, factory direct! High-quality, durable braces designed to reinforce and secure road case panels and corners. Ideal for ensuring stability and protection during heavy-duty transport.","og_url":"https:\/\/sxflightcase.com\/da\/vare\/road-case-brace-clb201\/","og_site_name":"https:\/\/sxflightcase.com","article_publisher":"https:\/\/www.facebook.com\/profile.php?id=61560407257971","article_modified_time":"2024-09-02T06:28:00+00:00","og_image":[{"width":517,"height":517,"url":"https:\/\/sxflightcase.com\/wp-content\/uploads\/2024\/08\/CLB201.jpg","type":"image\/jpeg"}],"twitter_card":"summary_large_image","twitter_misc":{"Estimeret l\u00e6setid":"3 minutter"},"schema":{"@context":"https:\/\/schema.org","@graph":[{"@type":"WebPage","@id":"https:\/\/sxflightcase.com\/product\/road-case-brace-clb201\/","url":"https:\/\/sxflightcase.com\/product\/road-case-brace-clb201\/","name":"Road Case Brace CLB201 - https:\/\/sxflightcase.com \ud83d\udc97","isPartOf":{"@id":"https:\/\/sxflightcase.com\/th\/#website"},"primaryImageOfPage":{"@id":"https:\/\/sxflightcase.com\/product\/road-case-brace-clb201\/#primaryimage"},"image":{"@id":"https:\/\/sxflightcase.com\/product\/road-case-brace-clb201\/#primaryimage"},"thumbnailUrl":"https:\/\/sxflightcase.com\/wp-content\/uploads\/2024\/08\/CLB201.jpg","datePublished":"2024-09-02T06:27:59+00:00","dateModified":"2024-09-02T06:28:00+00:00","description":"Road case brace, direkte fra fabrikken! Holdbare seler af h\u00f8j kvalitet, der er designet til at forst\u00e6rke og sikre road case-paneler og -hj\u00f8rner. Ideel til at sikre stabilitet og beskyttelse under tung transport.","breadcrumb":{"@id":"https:\/\/sxflightcase.com\/product\/road-case-brace-clb201\/#breadcrumb"},"inLanguage":"da-DK","potentialAction":[{"@type":"ReadAction","target":["https:\/\/sxflightcase.com\/product\/road-case-brace-clb201\/"]}]},{"@type":"ImageObject","inLanguage":"da-DK","@id":"https:\/\/sxflightcase.com\/product\/road-case-brace-clb201\/#primaryimage","url":"https:\/\/sxflightcase.com\/wp-content\/uploads\/2024\/08\/CLB201.jpg","contentUrl":"https:\/\/sxflightcase.com\/wp-content\/uploads\/2024\/08\/CLB201.jpg","width":517,"height":517,"caption":"Road Case Brace"},{"@type":"BreadcrumbList","@id":"https:\/\/sxflightcase.com\/product\/road-case-brace-clb201\/#breadcrumb","itemListElement":[{"@type":"ListItem","position":1,"name":"Home","item":"https:\/\/sxflightcase.com\/"},{"@type":"ListItem","position":2,"name":"\u0e2a\u0e34\u0e19\u0e04\u0e49\u0e32","item":"https:\/\/sxflightcase.com\/th\/shop\/"},{"@type":"ListItem","position":3,"name":"Road Case Brace CLB201"}]},{"@type":"WebSite","@id":"https:\/\/sxflightcase.com\/th\/#website","url":"https:\/\/sxflightcase.com\/th\/","name":"sxpowercase.com","description":"Flight Case Factory","publisher":{"@id":"https:\/\/sxflightcase.com\/th\/#organization"},"potentialAction":[{"@type":"SearchAction","target":{"@type":"EntryPoint","urlTemplate":"https:\/\/sxflightcase.com\/th\/?s={search_term_string}"},"query-input":{"@type":"PropertyValueSpecification","valueRequired":true,"valueName":"search_term_string"}}],"inLanguage":"da-DK"},{"@type":"Organization","@id":"https:\/\/sxflightcase.com\/th\/#organization","name":"sxpowercase.com","url":"https:\/\/sxflightcase.com\/th\/","logo":{"@type":"ImageObject","inLanguage":"da-DK","@id":"https:\/\/sxflightcase.com\/th\/#\/schema\/logo\/image\/","url":"https:\/\/sxflightcase.com\/wp-content\/uploads\/2024\/04\/1713919036007.jpg","contentUrl":"https:\/\/sxflightcase.com\/wp-content\/uploads\/2024\/04\/1713919036007.jpg","width":382,"height":388,"caption":"sxpowercase.com"},"image":{"@id":"https:\/\/sxflightcase.com\/th\/#\/schema\/logo\/image\/"},"sameAs":["https:\/\/www.facebook.com\/profile.php?id=61560407257971"],"numberOfEmployees":{"@type":"QuantitativeValue","minValue":"11","maxValue":"50"}}]}},"_links":{"self":[{"href":"https:\/\/sxflightcase.com\/da\/wp-json\/wp\/v2\/product\/4233","targetHints":{"allow":["GET"]}}],"collection":[{"href":"https:\/\/sxflightcase.com\/da\/wp-json\/wp\/v2\/product"}],"about":[{"href":"https:\/\/sxflightcase.com\/da\/wp-json\/wp\/v2\/types\/product"}],"replies":[{"embeddable":true,"href":"https:\/\/sxflightcase.com\/da\/wp-json\/wp\/v2\/comments?post=4233"}],"version-history":[{"count":0,"href":"https:\/\/sxflightcase.com\/da\/wp-json\/wp\/v2\/product\/4233\/revisions"}],"wp:featuredmedia":[{"embeddable":true,"href":"https:\/\/sxflightcase.com\/da\/wp-json\/wp\/v2\/media\/4193"}],"wp:attachment":[{"href":"https:\/\/sxflightcase.com\/da\/wp-json\/wp\/v2\/media?parent=4233"}],"wp:term":[{"taxonomy":"product_brand","embeddable":true,"href":"https:\/\/sxflightcase.com\/da\/wp-json\/wp\/v2\/product_brand?post=4233"},{"taxonomy":"product_cat","embeddable":true,"href":"https:\/\/sxflightcase.com\/da\/wp-json\/wp\/v2\/product_cat?post=4233"},{"taxonomy":"product_tag","embeddable":true,"href":"https:\/\/sxflightcase.com\/da\/wp-json\/wp\/v2\/product_tag?post=4233"}],"curies":[{"name":"wp","href":"https:\/\/api.w.org\/{rel}","templated":true}]}}