{"id":4250,"date":"2024-09-03T07:29:04","date_gmt":"2024-09-03T06:29:04","guid":{"rendered":"https:\/\/sxpowercase.com\/?post_type=product&#038;p=4250"},"modified":"2024-09-03T07:29:05","modified_gmt":"2024-09-03T06:29:05","slug":"flight-case-wheel-hub-dia301","status":"publish","type":"product","link":"https:\/\/sxflightcase.com\/da\/vare\/flight-case-hjulnav-dia301-2\/","title":{"rendered":"Flight Case hjulnav DIA301"},"content":{"rendered":"<h3>Oplev holdbarheden af SX Flight Case-hjulnav<\/h3>\n<p>N\u00e5r du skal transportere dit v\u00e6rdifulde udstyr, er det afg\u00f8rende, at din flightcase er p\u00e5lidelig. Den <strong>SX Flight Case hjulnav<\/strong> er designet til at give dit udstyr den smidige og sikre mobilitet, det har brug for. Disse hjulnav er fremstillet af materialer i topkvalitet og sikrer, at dine flightcases glider ubesv\u00e6ret, hvilket reducerer slitage p\u00e5 b\u00e5de kufferten og indholdet indeni. Med <a href=\"https:\/\/sxpowercase.com\/\" target=\"_blank\" rel=\"noopener\" title=\"SX\" data-wpil-monitor-id=\"711\">SX<\/a>f\u00e5r du den perfekte kombination af styrke og ydeevne, hvilket g\u00f8r din transport bekymringsfri.<\/p>\n<h3>Fabriksdirekte priser for uovertruffen v\u00e6rdi<\/h3>\n<p>P\u00e5 <strong>SX<\/strong>Vi tror p\u00e5, at vi kan tilbyde f\u00f8rsteklasses kvalitet uden den h\u00f8je pris. Vores <a href=\"https:\/\/sxpowercase.com\/product\/flight-case-dishes-dia201\/\"><strong>Flight Case hjulnav<\/strong><\/a> f\u00e5s til direkte fabrikspriser, hvilket sikrer, at du f\u00e5r mest muligt for dine penge. Ved at sk\u00e6re mellemmanden v\u00e6k giver vi besparelserne direkte videre til dig, s\u00e5 du kan investere i f\u00f8rsteklasses produkter til overkommelige priser. Hver hub er omhyggeligt udformet til at opfylde h\u00f8je standarder, hvilket sikrer, at dit udstyr altid er p\u00e5 farten med den bedste support.<\/p>\n<h3>Kvalitet du kan stole p\u00e5<\/h3>\n<p><strong>SX Flight Case hjulnav<\/strong> er bygget til at holde, med fokus p\u00e5 holdbarhed og ydeevne. Vi forst\u00e5r, at dit udstyrs sikkerhed ikke er til forhandling, og derfor bruger vi kun materialer af h\u00f8j kvalitet i vores nav. Hvert produkt gennemg\u00e5r grundige tests for at sikre, at det lever op til vores strenge kvalitetsretningslinjer. Med <strong>SX<\/strong>kan du stole p\u00e5, at din flightcase vil yde sit bedste, rejse efter rejse.<\/p>\n<h3>Nem installation og alsidig brug<\/h3>\n<p>Installation af <strong>SX Flight Case hjulnav<\/strong> er en leg. Disse nav er designet til nem integration i en lang r\u00e6kke flightcases og giver en sikker og stabil base for alt dit udstyr. Uanset om du skal udstyre en ny kuffert eller opgradere en eksisterende, er vores hjulnav det perfekte valg. Deres alsidighed g\u00f8r dem velegnede til forskellige anvendelser og sikrer, at dit udstyr altid er godt underst\u00f8ttet, uanset rejsen.<\/p>\n<h3>Garanteret tilfredshed med SX<\/h3>\n<p>Din tilfredshed er vores h\u00f8jeste prioritet hos <strong>SX<\/strong>. Vi st\u00e5r inde for kvaliteten af vores <strong>Flight Case hjulnav<\/strong> og er forpligtet til at sikre, at du er helt tilfreds med dit k\u00f8b. Hvis du af en eller anden grund ikke er tilfreds, st\u00e5r vores dedikerede kundesupportteam klar til at hj\u00e6lpe dig. Vi er sikre p\u00e5, at n\u00e5r du f\u00f8rst har oplevet holdbarheden og ydeevnen af vores hjulnav, vil du se, hvorfor SX er det foretrukne m\u00e6rke inden for tilbeh\u00f8r til flightcases. V\u00e6lg SX til din n\u00e6ste opgradering, og nyd p\u00e5lidelig ydeevne til en pris, der ikke spr\u00e6nger banken.<\/p>\n<p>Kontakt nu:<span style=\"color: #0000ff;\"><a style=\"color: #0000ff;\" href=\"https:\/\/sxpowercase.com\/contact-us\/\">https:\/\/sxpowercase.com\/<\/a><\/span><\/p>\n<p>Hardware produktkatalog:<span style=\"color: #3366ff;\"><a style=\"color: #3366ff;\" href=\"https:\/\/sxpowercase.com\/wp-content\/uploads\/2024\/07\/\u4e94\u91d1.pdf\">Hardware tilbeh\u00f8r katalog<\/a><\/span><\/p>","protected":false},"excerpt":{"rendered":"<h3>SX Flight Case hjulnav: J\u00e6vn og sikker mobilitet<\/h3>\n<p>S\u00f8rg for ubesv\u00e6ret transport af dit udstyr med SX Flight Case Wheel Hubs. Disse nav er bygget af materialer i topkvalitet og giver p\u00e5lidelig ydelse, rejse efter rejse.<\/p>\n<h3>Overkommelig kvalitet med SX-fabriksdirekte priser<\/h3>\n<p>F\u00e5 f\u00f8rsteklasses Flight Case-hjulnav til uovertrufne priser direkte fra fabrikken fra SX. Nyd f\u00f8rsteklasses holdbarhed og ydeevne uden de h\u00f8je omkostninger.<\/p>\n<h3>Nem installation og p\u00e5lidelig support<\/h3>\n<p>SX Flight Case Wheel Hubs er nemme at installere og kan bruges til mange forskellige form\u00e5l. Stol p\u00e5, at SX s\u00f8rger for, at dit udstyr er godt underst\u00f8ttet og bev\u00e6ger sig gnidningsl\u00f8st.<\/p>","protected":false},"featured_media":4243,"comment_status":"open","ping_status":"closed","template":"","meta":[],"product_brand":[],"product_cat":[65],"product_tag":[],"class_list":{"0":"post-4250","1":"product","2":"type-product","3":"status-publish","4":"has-post-thumbnail","6":"product_cat-dishes","8":"first","9":"instock","10":"shipping-taxable","11":"product-type-simple"},"yoast_head":"<!-- This site is optimized with the Yoast SEO Premium plugin v27.1 (Yoast SEO v27.2) - https:\/\/yoast.com\/product\/yoast-seo-premium-wordpress\/ -->\n<title>Flight Case Wheel Hub DIA301 - https:\/\/sxflightcase.com \ud83d\udc97<\/title>\n<meta name=\"description\" content=\"Flight case wheel hub, factory direct! High-quality, durable hubs designed for smooth and reliable mobility of flight cases. Perfect for ensuring easy transport and long-lasting performance.\" \/>\n<meta name=\"robots\" content=\"index, follow, max-snippet:-1, max-image-preview:large, max-video-preview:-1\" \/>\n<link rel=\"canonical\" href=\"https:\/\/sxflightcase.com\/da\/vare\/flight-case-hjulnav-dia301-2\/\" \/>\n<meta property=\"og:locale\" content=\"da_DK\" \/>\n<meta property=\"og:type\" content=\"article\" \/>\n<meta property=\"og:title\" content=\"Flight Case Wheel Hub DIA301\" \/>\n<meta property=\"og:description\" content=\"Flight case wheel hub, factory direct! High-quality, durable hubs designed for smooth and reliable mobility of flight cases. Perfect for ensuring easy transport and long-lasting performance.\" \/>\n<meta property=\"og:url\" content=\"https:\/\/sxflightcase.com\/da\/vare\/flight-case-hjulnav-dia301-2\/\" \/>\n<meta property=\"og:site_name\" content=\"https:\/\/sxflightcase.com\" \/>\n<meta property=\"article:publisher\" content=\"https:\/\/www.facebook.com\/profile.php?id=61560407257971\" \/>\n<meta property=\"article:modified_time\" content=\"2024-09-03T06:29:05+00:00\" \/>\n<meta property=\"og:image\" content=\"https:\/\/sxflightcase.com\/wp-content\/uploads\/2024\/09\/DIA301.jpg\" \/>\n\t<meta property=\"og:image:width\" content=\"700\" \/>\n\t<meta property=\"og:image:height\" content=\"700\" \/>\n\t<meta property=\"og:image:type\" content=\"image\/jpeg\" \/>\n<meta name=\"twitter:card\" content=\"summary_large_image\" \/>\n<meta name=\"twitter:label1\" content=\"Estimeret l\u00e6setid\" \/>\n\t<meta name=\"twitter:data1\" content=\"3 minutter\" \/>\n<script type=\"application\/ld+json\" class=\"yoast-schema-graph\">{\"@context\":\"https:\/\/schema.org\",\"@graph\":[{\"@type\":\"WebPage\",\"@id\":\"https:\/\/sxflightcase.com\/product\/flight-case-wheel-hub-dia301\/\",\"url\":\"https:\/\/sxflightcase.com\/product\/flight-case-wheel-hub-dia301\/\",\"name\":\"Flight Case Wheel Hub DIA301 - https:\/\/sxflightcase.com \ud83d\udc97\",\"isPartOf\":{\"@id\":\"https:\/\/sxflightcase.com\/th\/#website\"},\"primaryImageOfPage\":{\"@id\":\"https:\/\/sxflightcase.com\/product\/flight-case-wheel-hub-dia301\/#primaryimage\"},\"image\":{\"@id\":\"https:\/\/sxflightcase.com\/product\/flight-case-wheel-hub-dia301\/#primaryimage\"},\"thumbnailUrl\":\"https:\/\/sxflightcase.com\/wp-content\/uploads\/2024\/09\/DIA301.jpg\",\"datePublished\":\"2024-09-03T06:29:04+00:00\",\"dateModified\":\"2024-09-03T06:29:05+00:00\",\"description\":\"Flight case wheel hub, factory direct! High-quality, durable hubs designed for smooth and reliable mobility of flight cases. Perfect for ensuring easy transport and long-lasting performance.\",\"breadcrumb\":{\"@id\":\"https:\/\/sxflightcase.com\/product\/flight-case-wheel-hub-dia301\/#breadcrumb\"},\"inLanguage\":\"da-DK\",\"potentialAction\":[{\"@type\":\"ReadAction\",\"target\":[\"https:\/\/sxflightcase.com\/product\/flight-case-wheel-hub-dia301\/\"]}]},{\"@type\":\"ImageObject\",\"inLanguage\":\"da-DK\",\"@id\":\"https:\/\/sxflightcase.com\/product\/flight-case-wheel-hub-dia301\/#primaryimage\",\"url\":\"https:\/\/sxflightcase.com\/wp-content\/uploads\/2024\/09\/DIA301.jpg\",\"contentUrl\":\"https:\/\/sxflightcase.com\/wp-content\/uploads\/2024\/09\/DIA301.jpg\",\"width\":700,\"height\":700,\"caption\":\"Flight Case Wheel Hub\"},{\"@type\":\"BreadcrumbList\",\"@id\":\"https:\/\/sxflightcase.com\/product\/flight-case-wheel-hub-dia301\/#breadcrumb\",\"itemListElement\":[{\"@type\":\"ListItem\",\"position\":1,\"name\":\"Home\",\"item\":\"https:\/\/sxflightcase.com\/\"},{\"@type\":\"ListItem\",\"position\":2,\"name\":\"\u0e2a\u0e34\u0e19\u0e04\u0e49\u0e32\",\"item\":\"https:\/\/sxflightcase.com\/th\/shop\/\"},{\"@type\":\"ListItem\",\"position\":3,\"name\":\"Flight Case Wheel Hub DIA301\"}]},{\"@type\":\"WebSite\",\"@id\":\"https:\/\/sxflightcase.com\/th\/#website\",\"url\":\"https:\/\/sxflightcase.com\/th\/\",\"name\":\"sxpowercase.com\",\"description\":\"Flight Case Factory\",\"publisher\":{\"@id\":\"https:\/\/sxflightcase.com\/th\/#organization\"},\"potentialAction\":[{\"@type\":\"SearchAction\",\"target\":{\"@type\":\"EntryPoint\",\"urlTemplate\":\"https:\/\/sxflightcase.com\/th\/?s={search_term_string}\"},\"query-input\":{\"@type\":\"PropertyValueSpecification\",\"valueRequired\":true,\"valueName\":\"search_term_string\"}}],\"inLanguage\":\"da-DK\"},{\"@type\":\"Organization\",\"@id\":\"https:\/\/sxflightcase.com\/th\/#organization\",\"name\":\"sxpowercase.com\",\"url\":\"https:\/\/sxflightcase.com\/th\/\",\"logo\":{\"@type\":\"ImageObject\",\"inLanguage\":\"da-DK\",\"@id\":\"https:\/\/sxflightcase.com\/th\/#\/schema\/logo\/image\/\",\"url\":\"https:\/\/sxflightcase.com\/wp-content\/uploads\/2024\/04\/1713919036007.jpg\",\"contentUrl\":\"https:\/\/sxflightcase.com\/wp-content\/uploads\/2024\/04\/1713919036007.jpg\",\"width\":382,\"height\":388,\"caption\":\"sxpowercase.com\"},\"image\":{\"@id\":\"https:\/\/sxflightcase.com\/th\/#\/schema\/logo\/image\/\"},\"sameAs\":[\"https:\/\/www.facebook.com\/profile.php?id=61560407257971\"],\"numberOfEmployees\":{\"@type\":\"QuantitativeValue\",\"minValue\":\"11\",\"maxValue\":\"50\"}}]}<\/script>\n<!-- \/ Yoast SEO Premium plugin. -->","yoast_head_json":{"title":"Flight Case Wheel Hub DIA301 - https:\/\/sxflightcase.com \ud83d\udc97","description":"Hjulnav til flightcases, direkte fra fabrikken! Holdbare nav af h\u00f8j kvalitet, der er designet til j\u00e6vn og p\u00e5lidelig mobilitet af flightcases. Perfekt til at sikre nem transport og langtidsholdbar ydelse.","robots":{"index":"index","follow":"follow","max-snippet":"max-snippet:-1","max-image-preview":"max-image-preview:large","max-video-preview":"max-video-preview:-1"},"canonical":"https:\/\/sxflightcase.com\/da\/vare\/flight-case-hjulnav-dia301-2\/","og_locale":"da_DK","og_type":"article","og_title":"Flight Case Wheel Hub DIA301","og_description":"Flight case wheel hub, factory direct! High-quality, durable hubs designed for smooth and reliable mobility of flight cases. Perfect for ensuring easy transport and long-lasting performance.","og_url":"https:\/\/sxflightcase.com\/da\/vare\/flight-case-hjulnav-dia301-2\/","og_site_name":"https:\/\/sxflightcase.com","article_publisher":"https:\/\/www.facebook.com\/profile.php?id=61560407257971","article_modified_time":"2024-09-03T06:29:05+00:00","og_image":[{"width":700,"height":700,"url":"https:\/\/sxflightcase.com\/wp-content\/uploads\/2024\/09\/DIA301.jpg","type":"image\/jpeg"}],"twitter_card":"summary_large_image","twitter_misc":{"Estimeret l\u00e6setid":"3 minutter"},"schema":{"@context":"https:\/\/schema.org","@graph":[{"@type":"WebPage","@id":"https:\/\/sxflightcase.com\/product\/flight-case-wheel-hub-dia301\/","url":"https:\/\/sxflightcase.com\/product\/flight-case-wheel-hub-dia301\/","name":"Flight Case Wheel Hub DIA301 - https:\/\/sxflightcase.com \ud83d\udc97","isPartOf":{"@id":"https:\/\/sxflightcase.com\/th\/#website"},"primaryImageOfPage":{"@id":"https:\/\/sxflightcase.com\/product\/flight-case-wheel-hub-dia301\/#primaryimage"},"image":{"@id":"https:\/\/sxflightcase.com\/product\/flight-case-wheel-hub-dia301\/#primaryimage"},"thumbnailUrl":"https:\/\/sxflightcase.com\/wp-content\/uploads\/2024\/09\/DIA301.jpg","datePublished":"2024-09-03T06:29:04+00:00","dateModified":"2024-09-03T06:29:05+00:00","description":"Hjulnav til flightcases, direkte fra fabrikken! Holdbare nav af h\u00f8j kvalitet, der er designet til j\u00e6vn og p\u00e5lidelig mobilitet af flightcases. Perfekt til at sikre nem transport og langtidsholdbar ydelse.","breadcrumb":{"@id":"https:\/\/sxflightcase.com\/product\/flight-case-wheel-hub-dia301\/#breadcrumb"},"inLanguage":"da-DK","potentialAction":[{"@type":"ReadAction","target":["https:\/\/sxflightcase.com\/product\/flight-case-wheel-hub-dia301\/"]}]},{"@type":"ImageObject","inLanguage":"da-DK","@id":"https:\/\/sxflightcase.com\/product\/flight-case-wheel-hub-dia301\/#primaryimage","url":"https:\/\/sxflightcase.com\/wp-content\/uploads\/2024\/09\/DIA301.jpg","contentUrl":"https:\/\/sxflightcase.com\/wp-content\/uploads\/2024\/09\/DIA301.jpg","width":700,"height":700,"caption":"Flight Case Wheel Hub"},{"@type":"BreadcrumbList","@id":"https:\/\/sxflightcase.com\/product\/flight-case-wheel-hub-dia301\/#breadcrumb","itemListElement":[{"@type":"ListItem","position":1,"name":"Home","item":"https:\/\/sxflightcase.com\/"},{"@type":"ListItem","position":2,"name":"\u0e2a\u0e34\u0e19\u0e04\u0e49\u0e32","item":"https:\/\/sxflightcase.com\/th\/shop\/"},{"@type":"ListItem","position":3,"name":"Flight Case Wheel Hub DIA301"}]},{"@type":"WebSite","@id":"https:\/\/sxflightcase.com\/th\/#website","url":"https:\/\/sxflightcase.com\/th\/","name":"sxpowercase.com","description":"Flight Case Factory","publisher":{"@id":"https:\/\/sxflightcase.com\/th\/#organization"},"potentialAction":[{"@type":"SearchAction","target":{"@type":"EntryPoint","urlTemplate":"https:\/\/sxflightcase.com\/th\/?s={search_term_string}"},"query-input":{"@type":"PropertyValueSpecification","valueRequired":true,"valueName":"search_term_string"}}],"inLanguage":"da-DK"},{"@type":"Organization","@id":"https:\/\/sxflightcase.com\/th\/#organization","name":"sxpowercase.com","url":"https:\/\/sxflightcase.com\/th\/","logo":{"@type":"ImageObject","inLanguage":"da-DK","@id":"https:\/\/sxflightcase.com\/th\/#\/schema\/logo\/image\/","url":"https:\/\/sxflightcase.com\/wp-content\/uploads\/2024\/04\/1713919036007.jpg","contentUrl":"https:\/\/sxflightcase.com\/wp-content\/uploads\/2024\/04\/1713919036007.jpg","width":382,"height":388,"caption":"sxpowercase.com"},"image":{"@id":"https:\/\/sxflightcase.com\/th\/#\/schema\/logo\/image\/"},"sameAs":["https:\/\/www.facebook.com\/profile.php?id=61560407257971"],"numberOfEmployees":{"@type":"QuantitativeValue","minValue":"11","maxValue":"50"}}]}},"_links":{"self":[{"href":"https:\/\/sxflightcase.com\/da\/wp-json\/wp\/v2\/product\/4250","targetHints":{"allow":["GET"]}}],"collection":[{"href":"https:\/\/sxflightcase.com\/da\/wp-json\/wp\/v2\/product"}],"about":[{"href":"https:\/\/sxflightcase.com\/da\/wp-json\/wp\/v2\/types\/product"}],"replies":[{"embeddable":true,"href":"https:\/\/sxflightcase.com\/da\/wp-json\/wp\/v2\/comments?post=4250"}],"version-history":[{"count":0,"href":"https:\/\/sxflightcase.com\/da\/wp-json\/wp\/v2\/product\/4250\/revisions"}],"wp:featuredmedia":[{"embeddable":true,"href":"https:\/\/sxflightcase.com\/da\/wp-json\/wp\/v2\/media\/4243"}],"wp:attachment":[{"href":"https:\/\/sxflightcase.com\/da\/wp-json\/wp\/v2\/media?parent=4250"}],"wp:term":[{"taxonomy":"product_brand","embeddable":true,"href":"https:\/\/sxflightcase.com\/da\/wp-json\/wp\/v2\/product_brand?post=4250"},{"taxonomy":"product_cat","embeddable":true,"href":"https:\/\/sxflightcase.com\/da\/wp-json\/wp\/v2\/product_cat?post=4250"},{"taxonomy":"product_tag","embeddable":true,"href":"https:\/\/sxflightcase.com\/da\/wp-json\/wp\/v2\/product_tag?post=4250"}],"curies":[{"name":"wp","href":"https:\/\/api.w.org\/{rel}","templated":true}]}}