{"id":4258,"date":"2024-09-04T08:05:09","date_gmt":"2024-09-04T07:05:09","guid":{"rendered":"https:\/\/sxpowercase.com\/?post_type=product&#038;p=4258"},"modified":"2024-09-04T08:05:10","modified_gmt":"2024-09-04T07:05:10","slug":"caster-dish-did101","status":"publish","type":"product","link":"https:\/\/sxflightcase.com\/da\/vare\/hjulskal-did101-2\/","title":{"rendered":"Hjul tallerken DID101"},"content":{"rendered":"<h3>SX-sk\u00e5l med hjul: Den perfekte l\u00f8sning til mobilitet og stabilitet<\/h3>\n<p>N\u00e5r det g\u00e6lder transport af tungt udstyr, er det afg\u00f8rende at have de rigtige komponenter. De <strong>SX Caster-sk\u00e5l<\/strong> er designet til at forbedre mobiliteten og stabiliteten af dine roadcases. Uanset om du flytter sarte instrumenter eller robust udstyr, s\u00f8rger vores hjulsk\u00e5le for, at dit udstyr forbliver sikkert og let at man\u00f8vrere.<\/p>\n<h3>Direkte fabrikspriser med kvalitetssikring<\/h3>\n<p>P\u00e5 <strong><a href=\"https:\/\/sxpowercase.com\/\" target=\"_blank\" rel=\"noopener\" title=\"SX\" data-wpil-monitor-id=\"716\">SX<\/a><\/strong>er vi stolte af at kunne tilbyde f\u00f8rsteklasses produkter til direkte fabrikspriser. Vores <a href=\"https:\/\/sxpowercase.com\/product\/road-case-dishes-dic101\/\"><strong>Sk\u00e5l med hjul<\/strong><\/a> er ingen undtagelse. Ved at sk\u00e6re mellemmanden v\u00e6k giver vi besparelserne direkte videre til dig uden at g\u00e5 p\u00e5 kompromis med kvaliteten. Du f\u00e5r et holdbart og p\u00e5lideligt produkt til en pris, der passer til dit budget.<\/p>\n<h3>Bygget til at holde med overlegne materialer<\/h3>\n<p>De <strong>SX Caster-sk\u00e5l<\/strong> er fremstillet af materialer af h\u00f8j kvalitet, der sikrer lang levetid og holdbarhed. Disse hjulsk\u00e5le er designet til at modst\u00e5 belastningen ved hyppig brug og giver solid st\u00f8tte til dine vejkufferter. Med SX investerer du i et produkt, der leverer en ensartet ydelse over tid og holder dit udstyr sikkert under hver eneste rejse.<\/p>\n<h3>Nem installation og alsidig brug<\/h3>\n<p>Vores <strong>Sk\u00e5l med hjul<\/strong> er konstrueret til nem installation, s\u00e5 du hurtigt og effektivt kan opgradere dine vejkufferter. Det alsidige design sikrer kompatibilitet med forskellige ops\u00e6tninger, hvilket g\u00f8r det til et praktisk valg for alle, der \u00f8nsker at forbedre deres transportkufferter. SX g\u00f8r det nemt at tilf\u00f8je denne vigtige komponent til dit udstyr og sikrer stabilitet og nem bev\u00e6gelse.<\/p>\n<h3>Stol p\u00e5 SX for p\u00e5lidelige transportl\u00f8sninger<\/h3>\n<p>At v\u00e6lge <strong>SX<\/strong> betyder at stole p\u00e5 et brand, der prioriterer kvalitet og kundetilfredshed. Vores <strong>Sk\u00e5l med hjul<\/strong> er grundigt testet for at opfylde branchens standarder og garanterer, at dit udstyr er godt underst\u00f8ttet og let at transportere. N\u00e5r du v\u00e6lger SX, v\u00e6lger du en p\u00e5lidelig l\u00f8sning, der sikrer, at dit udstyr kommer sikkert og effektivt frem til sin destination.<\/p>\n<p>Med <strong>SX Caster tallerkener<\/strong>Med SX f\u00e5r du den perfekte balance mellem mobilitet og sikkerhed til dine road cases. Invester i SX, og oplev forskellen i kvalitet, holdbarhed og ydeevne.<\/p>\n<p>Kontakt nu:<span style=\"color: #0000ff;\"><a style=\"color: #0000ff;\" href=\"https:\/\/sxpowercase.com\/contact-us\/\">https:\/\/sxpowercase.com\/<\/a><\/span><\/p>\n<p>Hardware produktkatalog:<span style=\"color: #3366ff;\"><a style=\"color: #3366ff;\" href=\"https:\/\/sxpowercase.com\/wp-content\/uploads\/2024\/07\/\u4e94\u91d1.pdf\">Hardware tilbeh\u00f8r katalog<\/a><\/span><\/p>","protected":false},"excerpt":{"rendered":"<h3>\u00d8g mobiliteten med SX Caster Dish<\/h3>\n<p>Opgrader dine vejkasser med SX Caster Dishes for forbedret stabilitet og nem man\u00f8vredygtighed, s\u00e5 dit tunge udstyr forbliver sikkert under transport.<\/p>\n<h3>Fabriksdirekte priser for kvalitet, du kan stole p\u00e5<\/h3>\n<p>F\u00e5 holdbare og p\u00e5lidelige SX Caster Dishes til fabriksdirekte priser, der giver enest\u00e5ende v\u00e6rdi uden at g\u00e5 p\u00e5 kompromis med kvaliteten.<\/p>\n<h3>Holdbar og alsidig installation<\/h3>\n<p>SX Caster Dishes er bygget til at holde og designet til nem installation, hvilket g\u00f8r dem til den perfekte tilf\u00f8jelse til enhver transportops\u00e6tning for ensartet ydeevne og stabilitet.<\/p>","protected":false},"featured_media":4247,"comment_status":"open","ping_status":"closed","template":"","meta":[],"product_brand":[],"product_cat":[65],"product_tag":[],"class_list":{"0":"post-4258","1":"product","2":"type-product","3":"status-publish","4":"has-post-thumbnail","6":"product_cat-dishes","8":"first","9":"instock","10":"shipping-taxable","11":"product-type-simple"},"yoast_head":"<!-- This site is optimized with the Yoast SEO Premium plugin v27.1 (Yoast SEO v27.2) - https:\/\/yoast.com\/product\/yoast-seo-premium-wordpress\/ -->\n<title>Caster Dish DID101 - https:\/\/sxflightcase.com \ud83d\udc97<\/title>\n<meta name=\"description\" content=\"Caster dish, factory direct! High-quality, durable dishes designed for securely mounting casters on cases and carts. Ideal for ensuring smooth mobility and long-lasting stability.\" \/>\n<meta name=\"robots\" content=\"index, follow, max-snippet:-1, max-image-preview:large, max-video-preview:-1\" \/>\n<link rel=\"canonical\" href=\"https:\/\/sxflightcase.com\/da\/vare\/hjulskal-did101-2\/\" \/>\n<meta property=\"og:locale\" content=\"da_DK\" \/>\n<meta property=\"og:type\" content=\"article\" \/>\n<meta property=\"og:title\" content=\"Caster Dish DID101\" \/>\n<meta property=\"og:description\" content=\"Caster dish, factory direct! High-quality, durable dishes designed for securely mounting casters on cases and carts. Ideal for ensuring smooth mobility and long-lasting stability.\" \/>\n<meta property=\"og:url\" content=\"https:\/\/sxflightcase.com\/da\/vare\/hjulskal-did101-2\/\" \/>\n<meta property=\"og:site_name\" content=\"https:\/\/sxflightcase.com\" \/>\n<meta property=\"article:publisher\" content=\"https:\/\/www.facebook.com\/profile.php?id=61560407257971\" \/>\n<meta property=\"article:modified_time\" content=\"2024-09-04T07:05:10+00:00\" \/>\n<meta property=\"og:image\" content=\"https:\/\/sxflightcase.com\/wp-content\/uploads\/2024\/09\/DID101.jpg\" \/>\n\t<meta property=\"og:image:width\" content=\"700\" \/>\n\t<meta property=\"og:image:height\" content=\"700\" \/>\n\t<meta property=\"og:image:type\" content=\"image\/jpeg\" \/>\n<meta name=\"twitter:card\" content=\"summary_large_image\" \/>\n<meta name=\"twitter:label1\" content=\"Estimeret l\u00e6setid\" \/>\n\t<meta name=\"twitter:data1\" content=\"3 minutter\" \/>\n<script type=\"application\/ld+json\" class=\"yoast-schema-graph\">{\"@context\":\"https:\/\/schema.org\",\"@graph\":[{\"@type\":\"WebPage\",\"@id\":\"https:\/\/sxflightcase.com\/product\/caster-dish-did101\/\",\"url\":\"https:\/\/sxflightcase.com\/product\/caster-dish-did101\/\",\"name\":\"Caster Dish DID101 - https:\/\/sxflightcase.com \ud83d\udc97\",\"isPartOf\":{\"@id\":\"https:\/\/sxflightcase.com\/th\/#website\"},\"primaryImageOfPage\":{\"@id\":\"https:\/\/sxflightcase.com\/product\/caster-dish-did101\/#primaryimage\"},\"image\":{\"@id\":\"https:\/\/sxflightcase.com\/product\/caster-dish-did101\/#primaryimage\"},\"thumbnailUrl\":\"https:\/\/sxflightcase.com\/wp-content\/uploads\/2024\/09\/DID101.jpg\",\"datePublished\":\"2024-09-04T07:05:09+00:00\",\"dateModified\":\"2024-09-04T07:05:10+00:00\",\"description\":\"Caster dish, factory direct! High-quality, durable dishes designed for securely mounting casters on cases and carts. Ideal for ensuring smooth mobility and long-lasting stability.\",\"breadcrumb\":{\"@id\":\"https:\/\/sxflightcase.com\/product\/caster-dish-did101\/#breadcrumb\"},\"inLanguage\":\"da-DK\",\"potentialAction\":[{\"@type\":\"ReadAction\",\"target\":[\"https:\/\/sxflightcase.com\/product\/caster-dish-did101\/\"]}]},{\"@type\":\"ImageObject\",\"inLanguage\":\"da-DK\",\"@id\":\"https:\/\/sxflightcase.com\/product\/caster-dish-did101\/#primaryimage\",\"url\":\"https:\/\/sxflightcase.com\/wp-content\/uploads\/2024\/09\/DID101.jpg\",\"contentUrl\":\"https:\/\/sxflightcase.com\/wp-content\/uploads\/2024\/09\/DID101.jpg\",\"width\":700,\"height\":700,\"caption\":\"Caster Dish\"},{\"@type\":\"BreadcrumbList\",\"@id\":\"https:\/\/sxflightcase.com\/product\/caster-dish-did101\/#breadcrumb\",\"itemListElement\":[{\"@type\":\"ListItem\",\"position\":1,\"name\":\"Home\",\"item\":\"https:\/\/sxflightcase.com\/\"},{\"@type\":\"ListItem\",\"position\":2,\"name\":\"\u0e2a\u0e34\u0e19\u0e04\u0e49\u0e32\",\"item\":\"https:\/\/sxflightcase.com\/th\/shop\/\"},{\"@type\":\"ListItem\",\"position\":3,\"name\":\"Caster Dish DID101\"}]},{\"@type\":\"WebSite\",\"@id\":\"https:\/\/sxflightcase.com\/th\/#website\",\"url\":\"https:\/\/sxflightcase.com\/th\/\",\"name\":\"sxpowercase.com\",\"description\":\"Flight Case Factory\",\"publisher\":{\"@id\":\"https:\/\/sxflightcase.com\/th\/#organization\"},\"potentialAction\":[{\"@type\":\"SearchAction\",\"target\":{\"@type\":\"EntryPoint\",\"urlTemplate\":\"https:\/\/sxflightcase.com\/th\/?s={search_term_string}\"},\"query-input\":{\"@type\":\"PropertyValueSpecification\",\"valueRequired\":true,\"valueName\":\"search_term_string\"}}],\"inLanguage\":\"da-DK\"},{\"@type\":\"Organization\",\"@id\":\"https:\/\/sxflightcase.com\/th\/#organization\",\"name\":\"sxpowercase.com\",\"url\":\"https:\/\/sxflightcase.com\/th\/\",\"logo\":{\"@type\":\"ImageObject\",\"inLanguage\":\"da-DK\",\"@id\":\"https:\/\/sxflightcase.com\/th\/#\/schema\/logo\/image\/\",\"url\":\"https:\/\/sxflightcase.com\/wp-content\/uploads\/2024\/04\/1713919036007.jpg\",\"contentUrl\":\"https:\/\/sxflightcase.com\/wp-content\/uploads\/2024\/04\/1713919036007.jpg\",\"width\":382,\"height\":388,\"caption\":\"sxpowercase.com\"},\"image\":{\"@id\":\"https:\/\/sxflightcase.com\/th\/#\/schema\/logo\/image\/\"},\"sameAs\":[\"https:\/\/www.facebook.com\/profile.php?id=61560407257971\"],\"numberOfEmployees\":{\"@type\":\"QuantitativeValue\",\"minValue\":\"11\",\"maxValue\":\"50\"}}]}<\/script>\n<!-- \/ Yoast SEO Premium plugin. -->","yoast_head_json":{"title":"Caster Dish DID101 - https:\/\/sxflightcase.com \ud83d\udc97","description":"Sk\u00e5l til hjul, direkte fra fabrikken! Holdbare sk\u00e5le af h\u00f8j kvalitet, der er designet til sikker montering af hjul p\u00e5 kufferter og vogne. Ideel til at sikre problemfri mobilitet og langvarig stabilitet.","robots":{"index":"index","follow":"follow","max-snippet":"max-snippet:-1","max-image-preview":"max-image-preview:large","max-video-preview":"max-video-preview:-1"},"canonical":"https:\/\/sxflightcase.com\/da\/vare\/hjulskal-did101-2\/","og_locale":"da_DK","og_type":"article","og_title":"Caster Dish DID101","og_description":"Caster dish, factory direct! High-quality, durable dishes designed for securely mounting casters on cases and carts. Ideal for ensuring smooth mobility and long-lasting stability.","og_url":"https:\/\/sxflightcase.com\/da\/vare\/hjulskal-did101-2\/","og_site_name":"https:\/\/sxflightcase.com","article_publisher":"https:\/\/www.facebook.com\/profile.php?id=61560407257971","article_modified_time":"2024-09-04T07:05:10+00:00","og_image":[{"width":700,"height":700,"url":"https:\/\/sxflightcase.com\/wp-content\/uploads\/2024\/09\/DID101.jpg","type":"image\/jpeg"}],"twitter_card":"summary_large_image","twitter_misc":{"Estimeret l\u00e6setid":"3 minutter"},"schema":{"@context":"https:\/\/schema.org","@graph":[{"@type":"WebPage","@id":"https:\/\/sxflightcase.com\/product\/caster-dish-did101\/","url":"https:\/\/sxflightcase.com\/product\/caster-dish-did101\/","name":"Caster Dish DID101 - https:\/\/sxflightcase.com \ud83d\udc97","isPartOf":{"@id":"https:\/\/sxflightcase.com\/th\/#website"},"primaryImageOfPage":{"@id":"https:\/\/sxflightcase.com\/product\/caster-dish-did101\/#primaryimage"},"image":{"@id":"https:\/\/sxflightcase.com\/product\/caster-dish-did101\/#primaryimage"},"thumbnailUrl":"https:\/\/sxflightcase.com\/wp-content\/uploads\/2024\/09\/DID101.jpg","datePublished":"2024-09-04T07:05:09+00:00","dateModified":"2024-09-04T07:05:10+00:00","description":"Sk\u00e5l til hjul, direkte fra fabrikken! Holdbare sk\u00e5le af h\u00f8j kvalitet, der er designet til sikker montering af hjul p\u00e5 kufferter og vogne. Ideel til at sikre problemfri mobilitet og langvarig stabilitet.","breadcrumb":{"@id":"https:\/\/sxflightcase.com\/product\/caster-dish-did101\/#breadcrumb"},"inLanguage":"da-DK","potentialAction":[{"@type":"ReadAction","target":["https:\/\/sxflightcase.com\/product\/caster-dish-did101\/"]}]},{"@type":"ImageObject","inLanguage":"da-DK","@id":"https:\/\/sxflightcase.com\/product\/caster-dish-did101\/#primaryimage","url":"https:\/\/sxflightcase.com\/wp-content\/uploads\/2024\/09\/DID101.jpg","contentUrl":"https:\/\/sxflightcase.com\/wp-content\/uploads\/2024\/09\/DID101.jpg","width":700,"height":700,"caption":"Caster Dish"},{"@type":"BreadcrumbList","@id":"https:\/\/sxflightcase.com\/product\/caster-dish-did101\/#breadcrumb","itemListElement":[{"@type":"ListItem","position":1,"name":"Home","item":"https:\/\/sxflightcase.com\/"},{"@type":"ListItem","position":2,"name":"\u0e2a\u0e34\u0e19\u0e04\u0e49\u0e32","item":"https:\/\/sxflightcase.com\/th\/shop\/"},{"@type":"ListItem","position":3,"name":"Caster Dish DID101"}]},{"@type":"WebSite","@id":"https:\/\/sxflightcase.com\/th\/#website","url":"https:\/\/sxflightcase.com\/th\/","name":"sxpowercase.com","description":"Flight Case Factory","publisher":{"@id":"https:\/\/sxflightcase.com\/th\/#organization"},"potentialAction":[{"@type":"SearchAction","target":{"@type":"EntryPoint","urlTemplate":"https:\/\/sxflightcase.com\/th\/?s={search_term_string}"},"query-input":{"@type":"PropertyValueSpecification","valueRequired":true,"valueName":"search_term_string"}}],"inLanguage":"da-DK"},{"@type":"Organization","@id":"https:\/\/sxflightcase.com\/th\/#organization","name":"sxpowercase.com","url":"https:\/\/sxflightcase.com\/th\/","logo":{"@type":"ImageObject","inLanguage":"da-DK","@id":"https:\/\/sxflightcase.com\/th\/#\/schema\/logo\/image\/","url":"https:\/\/sxflightcase.com\/wp-content\/uploads\/2024\/04\/1713919036007.jpg","contentUrl":"https:\/\/sxflightcase.com\/wp-content\/uploads\/2024\/04\/1713919036007.jpg","width":382,"height":388,"caption":"sxpowercase.com"},"image":{"@id":"https:\/\/sxflightcase.com\/th\/#\/schema\/logo\/image\/"},"sameAs":["https:\/\/www.facebook.com\/profile.php?id=61560407257971"],"numberOfEmployees":{"@type":"QuantitativeValue","minValue":"11","maxValue":"50"}}]}},"_links":{"self":[{"href":"https:\/\/sxflightcase.com\/da\/wp-json\/wp\/v2\/product\/4258","targetHints":{"allow":["GET"]}}],"collection":[{"href":"https:\/\/sxflightcase.com\/da\/wp-json\/wp\/v2\/product"}],"about":[{"href":"https:\/\/sxflightcase.com\/da\/wp-json\/wp\/v2\/types\/product"}],"replies":[{"embeddable":true,"href":"https:\/\/sxflightcase.com\/da\/wp-json\/wp\/v2\/comments?post=4258"}],"version-history":[{"count":0,"href":"https:\/\/sxflightcase.com\/da\/wp-json\/wp\/v2\/product\/4258\/revisions"}],"wp:featuredmedia":[{"embeddable":true,"href":"https:\/\/sxflightcase.com\/da\/wp-json\/wp\/v2\/media\/4247"}],"wp:attachment":[{"href":"https:\/\/sxflightcase.com\/da\/wp-json\/wp\/v2\/media?parent=4258"}],"wp:term":[{"taxonomy":"product_brand","embeddable":true,"href":"https:\/\/sxflightcase.com\/da\/wp-json\/wp\/v2\/product_brand?post=4258"},{"taxonomy":"product_cat","embeddable":true,"href":"https:\/\/sxflightcase.com\/da\/wp-json\/wp\/v2\/product_cat?post=4258"},{"taxonomy":"product_tag","embeddable":true,"href":"https:\/\/sxflightcase.com\/da\/wp-json\/wp\/v2\/product_tag?post=4258"}],"curies":[{"name":"wp","href":"https:\/\/api.w.org\/{rel}","templated":true}]}}