{"id":4312,"date":"2024-09-06T07:37:31","date_gmt":"2024-09-06T06:37:31","guid":{"rendered":"https:\/\/sxpowercase.com\/?post_type=product&#038;p=4312"},"modified":"2024-09-06T07:37:32","modified_gmt":"2024-09-06T06:37:32","slug":"punched-rack-panel-raa401","status":"publish","type":"product","link":"https:\/\/sxflightcase.com\/da\/vare\/udstanset-rackpanel-raa401\/","title":{"rendered":"Udstanset rackpanel RAA401"},"content":{"rendered":"<h3>G\u00f8r din ops\u00e6tning bedre med SX Punched Rack Panel<\/h3>\n<p>Leder du efter en holdbar og omkostningseffektiv l\u00f8sning til at organisere dit rackmonterede udstyr? Den <strong>SX udstanset rackpanel<\/strong> er designet til at forenkle kabelh\u00e5ndteringen og forbedre luftgennemstr\u00f8mningen i dit system. Med pr\u00e6cise perforeringer sikrer dette panel nem integration af kabler, samtidig med at det bevarer et slankt udseende.<\/p>\n<h3>Direkte fabrikspriser og garanti for h\u00f8j kvalitet<\/h3>\n<p>P\u00e5 <strong><a href=\"https:\/\/sxpowercase.com\/\" target=\"_blank\" rel=\"noopener\" title=\"SX\" data-wpil-monitor-id=\"727\">SX<\/a><\/strong>Vi tilbyder <strong>Udstanset rackpanel<\/strong> produkter med direkte fabrikspriser. Det giver os mulighed for at levere f\u00f8rsteklasses kvalitet til konkurrencedygtige priser. Uden mellemm\u00e6nd f\u00e5r du den bedste v\u00e6rdi for dine penge uden at g\u00e5 p\u00e5 kompromis med kvaliteten. Vores produkter er fremstillet til at opfylde de h\u00f8jeste industristandarder.<\/p>\n<h3>St\u00e6rk og p\u00e5lidelig konstruktion<\/h3>\n<p>De <strong>SX udstanset rackpanel<\/strong> er bygget af materialer af h\u00f8j kvalitet, der sikrer styrke og holdbarhed. Den robuste konstruktion garanterer, at dit udstyr forbliver sikkert monteret, selv i kr\u00e6vende milj\u00f8er. Du kan stole p\u00e5 <strong>SX<\/strong> for langtidsholdbare, p\u00e5lidelige l\u00f8sninger til en lav pris.<\/p>\n<h3>Nem installation til hurtig ops\u00e6tning<\/h3>\n<p>Vores <strong>Udstanset rackpanel<\/strong> er designet til ubesv\u00e6ret installation og passer problemfrit ind i standardracksystemer. Med sine pr\u00e6cisionssk\u00e5rne huller forenkler den kabelh\u00e5ndteringen og sikrer en ren og professionel ops\u00e6tning. Spar tid og undg\u00e5 besv\u00e6r med denne brugervenlige l\u00f8sning fra <strong>SX<\/strong>.<\/p>\n<h3>Alsidig og \u00f8konomisk overkommelig<\/h3>\n<p>Uanset om du opretter et datacenter, et tv-studie eller et hjemmekontor, er <strong>SX stanset stativ <\/strong>tilbyder alsidighed til forskellige anvendelser. Den er ikke kun overkommelig i pris, men sikrer ogs\u00e5 en sikker pasform til dine enheder, hvilket giver fremragende v\u00e6rdi for din investering.<\/p>\n<h3>Garanteret kvalitet<\/h3>\n<p>P\u00e5 <strong>SX<\/strong>Vi st\u00e5r inde for kvaliteten af vores produkter. Hver <strong>Stanset stativ <\/strong>gennemg\u00e5r strenge kvalitetskontroller for at sikre, at de lever op til dine forventninger om holdbarhed og ydeevne. Med vores engagement i kvalitet kan du stole p\u00e5, at <strong>SX<\/strong> produkter leverer p\u00e5lidelig ydelse hver gang.<\/p>\n<p>Opgrader dit system med <strong>SX stanset stativ <\/strong>og nyd den perfekte kombination af materialer af h\u00f8j kvalitet, fabrikspriser og nem installation.<\/p>\n<p>Kontakt nu:<span style=\"color: #0000ff;\"><a style=\"color: #0000ff;\" href=\"https:\/\/sxpowercase.com\/contact-us\/\">https:\/\/sxpowercase.com\/<\/a><\/span><\/p>\n<p>Hardware produktkatalog:<span style=\"color: #3366ff;\"><a style=\"color: #3366ff;\" href=\"https:\/\/sxpowercase.com\/wp-content\/uploads\/2024\/07\/\u4e94\u91d1.pdf\">Hardware tilbeh\u00f8r katalog<\/a><\/span><\/p>","protected":false},"excerpt":{"rendered":"<h3>SX Punched Rack Panel: Holdbar l\u00f8sning til kabelh\u00e5ndtering<\/h3>\n<p>Forenkle din rackmonterede ops\u00e6tning med SX Punched Rack Panel, der er designet til nem kabelh\u00e5ndtering og forbedret luftgennemstr\u00f8mning.<\/p>\n<h3>Fabriksdirekte priser med f\u00f8rsteklasses kvalitet<\/h3>\n<p>F\u00e5 Punched Rack Panels af h\u00f8j kvalitet til konkurrencedygtige priser med fabriksdirekte priser, der sikrer topv\u00e6rdi uden mellemhandleromkostninger.<\/p>\n<h3>Nem installation og alsidig brug<\/h3>\n<p>SX Punched Rack Panel tilbyder problemfri installation og passer til standard racksystemer, hvilket giver en p\u00e5lidelig og prisbillig l\u00f8sning til forskellige anvendelser.<\/p>","protected":false},"featured_media":4273,"comment_status":"open","ping_status":"closed","template":"","meta":[],"product_brand":[],"product_cat":[66],"product_tag":[],"class_list":{"0":"post-4312","1":"product","2":"type-product","3":"status-publish","4":"has-post-thumbnail","6":"product_cat-rack-hardware","8":"first","9":"instock","10":"shipping-taxable","11":"product-type-simple"},"yoast_head":"<!-- This site is optimized with the Yoast SEO Premium plugin v27.1 (Yoast SEO v27.2) - https:\/\/yoast.com\/product\/yoast-seo-premium-wordpress\/ -->\n<title>Punched Rack Panel RAA401 - https:\/\/sxflightcase.com \ud83d\udc97<\/title>\n<meta name=\"description\" content=\"Punched rack panel, factory direct! Durable, high-quality panels with pre-punched holes for easy and secure equipment mounting. Ideal for efficient organization in racks and flight cases.\" \/>\n<meta name=\"robots\" content=\"index, follow, max-snippet:-1, max-image-preview:large, max-video-preview:-1\" \/>\n<link rel=\"canonical\" href=\"https:\/\/sxflightcase.com\/da\/vare\/udstanset-rackpanel-raa401\/\" \/>\n<meta property=\"og:locale\" content=\"da_DK\" \/>\n<meta property=\"og:type\" content=\"article\" \/>\n<meta property=\"og:title\" content=\"Punched Rack Panel RAA401\" \/>\n<meta property=\"og:description\" content=\"Punched rack panel, factory direct! Durable, high-quality panels with pre-punched holes for easy and secure equipment mounting. Ideal for efficient organization in racks and flight cases.\" \/>\n<meta property=\"og:url\" content=\"https:\/\/sxflightcase.com\/da\/vare\/udstanset-rackpanel-raa401\/\" \/>\n<meta property=\"og:site_name\" content=\"https:\/\/sxflightcase.com\" \/>\n<meta property=\"article:publisher\" content=\"https:\/\/www.facebook.com\/profile.php?id=61560407257971\" \/>\n<meta property=\"article:modified_time\" content=\"2024-09-06T06:37:32+00:00\" \/>\n<meta property=\"og:image\" content=\"https:\/\/sxflightcase.com\/wp-content\/uploads\/2024\/09\/RAA401.jpg\" \/>\n\t<meta property=\"og:image:width\" content=\"700\" \/>\n\t<meta property=\"og:image:height\" content=\"700\" \/>\n\t<meta property=\"og:image:type\" content=\"image\/jpeg\" \/>\n<meta name=\"twitter:card\" content=\"summary_large_image\" \/>\n<meta name=\"twitter:label1\" content=\"Estimeret l\u00e6setid\" \/>\n\t<meta name=\"twitter:data1\" content=\"2 minutter\" \/>\n<script type=\"application\/ld+json\" class=\"yoast-schema-graph\">{\"@context\":\"https:\/\/schema.org\",\"@graph\":[{\"@type\":\"WebPage\",\"@id\":\"https:\/\/sxflightcase.com\/product\/punched-rack-panel-raa401\/\",\"url\":\"https:\/\/sxflightcase.com\/product\/punched-rack-panel-raa401\/\",\"name\":\"Punched Rack Panel RAA401 - https:\/\/sxflightcase.com \ud83d\udc97\",\"isPartOf\":{\"@id\":\"https:\/\/sxflightcase.com\/th\/#website\"},\"primaryImageOfPage\":{\"@id\":\"https:\/\/sxflightcase.com\/product\/punched-rack-panel-raa401\/#primaryimage\"},\"image\":{\"@id\":\"https:\/\/sxflightcase.com\/product\/punched-rack-panel-raa401\/#primaryimage\"},\"thumbnailUrl\":\"https:\/\/sxflightcase.com\/wp-content\/uploads\/2024\/09\/RAA401.jpg\",\"datePublished\":\"2024-09-06T06:37:31+00:00\",\"dateModified\":\"2024-09-06T06:37:32+00:00\",\"description\":\"Punched rack panel, factory direct! Durable, high-quality panels with pre-punched holes for easy and secure equipment mounting. Ideal for efficient organization in racks and flight cases.\",\"breadcrumb\":{\"@id\":\"https:\/\/sxflightcase.com\/product\/punched-rack-panel-raa401\/#breadcrumb\"},\"inLanguage\":\"da-DK\",\"potentialAction\":[{\"@type\":\"ReadAction\",\"target\":[\"https:\/\/sxflightcase.com\/product\/punched-rack-panel-raa401\/\"]}]},{\"@type\":\"ImageObject\",\"inLanguage\":\"da-DK\",\"@id\":\"https:\/\/sxflightcase.com\/product\/punched-rack-panel-raa401\/#primaryimage\",\"url\":\"https:\/\/sxflightcase.com\/wp-content\/uploads\/2024\/09\/RAA401.jpg\",\"contentUrl\":\"https:\/\/sxflightcase.com\/wp-content\/uploads\/2024\/09\/RAA401.jpg\",\"width\":700,\"height\":700,\"caption\":\"Punched Rack Panel\"},{\"@type\":\"BreadcrumbList\",\"@id\":\"https:\/\/sxflightcase.com\/product\/punched-rack-panel-raa401\/#breadcrumb\",\"itemListElement\":[{\"@type\":\"ListItem\",\"position\":1,\"name\":\"Home\",\"item\":\"https:\/\/sxflightcase.com\/\"},{\"@type\":\"ListItem\",\"position\":2,\"name\":\"\u0e2a\u0e34\u0e19\u0e04\u0e49\u0e32\",\"item\":\"https:\/\/sxflightcase.com\/th\/shop\/\"},{\"@type\":\"ListItem\",\"position\":3,\"name\":\"Punched Rack Panel RAA401\"}]},{\"@type\":\"WebSite\",\"@id\":\"https:\/\/sxflightcase.com\/th\/#website\",\"url\":\"https:\/\/sxflightcase.com\/th\/\",\"name\":\"sxpowercase.com\",\"description\":\"Flight Case Factory\",\"publisher\":{\"@id\":\"https:\/\/sxflightcase.com\/th\/#organization\"},\"potentialAction\":[{\"@type\":\"SearchAction\",\"target\":{\"@type\":\"EntryPoint\",\"urlTemplate\":\"https:\/\/sxflightcase.com\/th\/?s={search_term_string}\"},\"query-input\":{\"@type\":\"PropertyValueSpecification\",\"valueRequired\":true,\"valueName\":\"search_term_string\"}}],\"inLanguage\":\"da-DK\"},{\"@type\":\"Organization\",\"@id\":\"https:\/\/sxflightcase.com\/th\/#organization\",\"name\":\"sxpowercase.com\",\"url\":\"https:\/\/sxflightcase.com\/th\/\",\"logo\":{\"@type\":\"ImageObject\",\"inLanguage\":\"da-DK\",\"@id\":\"https:\/\/sxflightcase.com\/th\/#\/schema\/logo\/image\/\",\"url\":\"https:\/\/sxflightcase.com\/wp-content\/uploads\/2024\/04\/1713919036007.jpg\",\"contentUrl\":\"https:\/\/sxflightcase.com\/wp-content\/uploads\/2024\/04\/1713919036007.jpg\",\"width\":382,\"height\":388,\"caption\":\"sxpowercase.com\"},\"image\":{\"@id\":\"https:\/\/sxflightcase.com\/th\/#\/schema\/logo\/image\/\"},\"sameAs\":[\"https:\/\/www.facebook.com\/profile.php?id=61560407257971\"],\"numberOfEmployees\":{\"@type\":\"QuantitativeValue\",\"minValue\":\"11\",\"maxValue\":\"50\"}}]}<\/script>\n<!-- \/ Yoast SEO Premium plugin. -->","yoast_head_json":{"title":"Punched Rack Panel RAA401 - https:\/\/sxflightcase.com \ud83d\udc97","description":"Udstanset rackpanel, direkte fra fabrikken! Holdbare paneler af h\u00f8j kvalitet med udstansede huller til nem og sikker montering af udstyr. Ideelle til effektiv organisering i racks og flightcases.","robots":{"index":"index","follow":"follow","max-snippet":"max-snippet:-1","max-image-preview":"max-image-preview:large","max-video-preview":"max-video-preview:-1"},"canonical":"https:\/\/sxflightcase.com\/da\/vare\/udstanset-rackpanel-raa401\/","og_locale":"da_DK","og_type":"article","og_title":"Punched Rack Panel RAA401","og_description":"Punched rack panel, factory direct! Durable, high-quality panels with pre-punched holes for easy and secure equipment mounting. Ideal for efficient organization in racks and flight cases.","og_url":"https:\/\/sxflightcase.com\/da\/vare\/udstanset-rackpanel-raa401\/","og_site_name":"https:\/\/sxflightcase.com","article_publisher":"https:\/\/www.facebook.com\/profile.php?id=61560407257971","article_modified_time":"2024-09-06T06:37:32+00:00","og_image":[{"width":700,"height":700,"url":"https:\/\/sxflightcase.com\/wp-content\/uploads\/2024\/09\/RAA401.jpg","type":"image\/jpeg"}],"twitter_card":"summary_large_image","twitter_misc":{"Estimeret l\u00e6setid":"2 minutter"},"schema":{"@context":"https:\/\/schema.org","@graph":[{"@type":"WebPage","@id":"https:\/\/sxflightcase.com\/product\/punched-rack-panel-raa401\/","url":"https:\/\/sxflightcase.com\/product\/punched-rack-panel-raa401\/","name":"Punched Rack Panel RAA401 - https:\/\/sxflightcase.com \ud83d\udc97","isPartOf":{"@id":"https:\/\/sxflightcase.com\/th\/#website"},"primaryImageOfPage":{"@id":"https:\/\/sxflightcase.com\/product\/punched-rack-panel-raa401\/#primaryimage"},"image":{"@id":"https:\/\/sxflightcase.com\/product\/punched-rack-panel-raa401\/#primaryimage"},"thumbnailUrl":"https:\/\/sxflightcase.com\/wp-content\/uploads\/2024\/09\/RAA401.jpg","datePublished":"2024-09-06T06:37:31+00:00","dateModified":"2024-09-06T06:37:32+00:00","description":"Udstanset rackpanel, direkte fra fabrikken! Holdbare paneler af h\u00f8j kvalitet med udstansede huller til nem og sikker montering af udstyr. Ideelle til effektiv organisering i racks og flightcases.","breadcrumb":{"@id":"https:\/\/sxflightcase.com\/product\/punched-rack-panel-raa401\/#breadcrumb"},"inLanguage":"da-DK","potentialAction":[{"@type":"ReadAction","target":["https:\/\/sxflightcase.com\/product\/punched-rack-panel-raa401\/"]}]},{"@type":"ImageObject","inLanguage":"da-DK","@id":"https:\/\/sxflightcase.com\/product\/punched-rack-panel-raa401\/#primaryimage","url":"https:\/\/sxflightcase.com\/wp-content\/uploads\/2024\/09\/RAA401.jpg","contentUrl":"https:\/\/sxflightcase.com\/wp-content\/uploads\/2024\/09\/RAA401.jpg","width":700,"height":700,"caption":"Punched Rack Panel"},{"@type":"BreadcrumbList","@id":"https:\/\/sxflightcase.com\/product\/punched-rack-panel-raa401\/#breadcrumb","itemListElement":[{"@type":"ListItem","position":1,"name":"Home","item":"https:\/\/sxflightcase.com\/"},{"@type":"ListItem","position":2,"name":"\u0e2a\u0e34\u0e19\u0e04\u0e49\u0e32","item":"https:\/\/sxflightcase.com\/th\/shop\/"},{"@type":"ListItem","position":3,"name":"Punched Rack Panel RAA401"}]},{"@type":"WebSite","@id":"https:\/\/sxflightcase.com\/th\/#website","url":"https:\/\/sxflightcase.com\/th\/","name":"sxpowercase.com","description":"Flight Case Factory","publisher":{"@id":"https:\/\/sxflightcase.com\/th\/#organization"},"potentialAction":[{"@type":"SearchAction","target":{"@type":"EntryPoint","urlTemplate":"https:\/\/sxflightcase.com\/th\/?s={search_term_string}"},"query-input":{"@type":"PropertyValueSpecification","valueRequired":true,"valueName":"search_term_string"}}],"inLanguage":"da-DK"},{"@type":"Organization","@id":"https:\/\/sxflightcase.com\/th\/#organization","name":"sxpowercase.com","url":"https:\/\/sxflightcase.com\/th\/","logo":{"@type":"ImageObject","inLanguage":"da-DK","@id":"https:\/\/sxflightcase.com\/th\/#\/schema\/logo\/image\/","url":"https:\/\/sxflightcase.com\/wp-content\/uploads\/2024\/04\/1713919036007.jpg","contentUrl":"https:\/\/sxflightcase.com\/wp-content\/uploads\/2024\/04\/1713919036007.jpg","width":382,"height":388,"caption":"sxpowercase.com"},"image":{"@id":"https:\/\/sxflightcase.com\/th\/#\/schema\/logo\/image\/"},"sameAs":["https:\/\/www.facebook.com\/profile.php?id=61560407257971"],"numberOfEmployees":{"@type":"QuantitativeValue","minValue":"11","maxValue":"50"}}]}},"_links":{"self":[{"href":"https:\/\/sxflightcase.com\/da\/wp-json\/wp\/v2\/product\/4312","targetHints":{"allow":["GET"]}}],"collection":[{"href":"https:\/\/sxflightcase.com\/da\/wp-json\/wp\/v2\/product"}],"about":[{"href":"https:\/\/sxflightcase.com\/da\/wp-json\/wp\/v2\/types\/product"}],"replies":[{"embeddable":true,"href":"https:\/\/sxflightcase.com\/da\/wp-json\/wp\/v2\/comments?post=4312"}],"version-history":[{"count":0,"href":"https:\/\/sxflightcase.com\/da\/wp-json\/wp\/v2\/product\/4312\/revisions"}],"wp:featuredmedia":[{"embeddable":true,"href":"https:\/\/sxflightcase.com\/da\/wp-json\/wp\/v2\/media\/4273"}],"wp:attachment":[{"href":"https:\/\/sxflightcase.com\/da\/wp-json\/wp\/v2\/media?parent=4312"}],"wp:term":[{"taxonomy":"product_brand","embeddable":true,"href":"https:\/\/sxflightcase.com\/da\/wp-json\/wp\/v2\/product_brand?post=4312"},{"taxonomy":"product_cat","embeddable":true,"href":"https:\/\/sxflightcase.com\/da\/wp-json\/wp\/v2\/product_cat?post=4312"},{"taxonomy":"product_tag","embeddable":true,"href":"https:\/\/sxflightcase.com\/da\/wp-json\/wp\/v2\/product_tag?post=4312"}],"curies":[{"name":"wp","href":"https:\/\/api.w.org\/{rel}","templated":true}]}}