{"id":4320,"date":"2024-09-09T07:11:30","date_gmt":"2024-09-09T06:11:30","guid":{"rendered":"https:\/\/sxpowercase.com\/?post_type=product&#038;p=4320"},"modified":"2024-09-09T07:11:31","modified_gmt":"2024-09-09T06:11:31","slug":"rack-mounting-rails-rab102","status":"publish","type":"product","link":"https:\/\/sxflightcase.com\/da\/vare\/rackmonteringsskinner-rab102-2\/","title":{"rendered":"Rack monteringsskinner RAB102"},"content":{"rendered":"<h3>Forbedr din ops\u00e6tning med SX Rack-monteringsskinner<\/h3>\n<p>N\u00e5r det g\u00e6lder sikker montering af dit udstyr, <strong>SX <a href=\"https:\/\/sxpowercase.com\/product\/rack-rail-rab101\/\">Skinner til montering p\u00e5 stativ<\/a><\/strong> er en vigtig komponent i ethvert professionelt setup. Disse skinner er designet til at v\u00e6re st\u00e6rke og p\u00e5lidelige og g\u00f8r det nemt at st\u00f8tte dit v\u00e6rdifulde udstyr. Med <strong>SX<\/strong>f\u00e5r du direkte priser fra fabrikken, hvilket sikrer f\u00f8rsteklasses kvalitet til en pris, der passer til dit budget.<\/p>\n<h3>Holdbarhed, du kan regne med<\/h3>\n<p>Vores <strong>Skinner til montering p\u00e5 stativ<\/strong> er bygget af f\u00f8rsteklasses materialer, der er designet til at modst\u00e5 den daglige brug. Uanset om du opstiller i et studie, serverrum eller v\u00e6rksted, giver disse skinner langvarig ydeevne. <strong><a href=\"https:\/\/sxpowercase.com\/\" target=\"_blank\" rel=\"noopener\" title=\"SX\" data-wpil-monitor-id=\"731\">SX<\/a><\/strong> sikrer, at alle produkter lever op til strenge kvalitetsstandarder, s\u00e5 du kan stole p\u00e5 holdbarheden og modstandsdygtigheden af hver eneste skinne.<\/p>\n<h3>Nem integration og tilpasning<\/h3>\n<p>SX <strong>Skinner til montering p\u00e5 stativ<\/strong> er kompatible med de fleste standardracksystemer, hvilket g\u00f8r dem nemme at integrere i dit eksisterende setup. Uanset om du arbejder med lydudstyr, IT-hardware eller industrielt v\u00e6rkt\u00f8j, er disse skinner alsidige nok til at underst\u00f8tte alle typer udstyr. Desuden giver deres tilpasningsdygtige design mulighed for hurtig og enkel installation, s\u00e5 du sparer tid.<\/p>\n<h3>Fabriksindstillede priser for maksimal v\u00e6rdi<\/h3>\n<p>P\u00e5 <strong>SX<\/strong>Vi sk\u00e6rer mellemmanden v\u00e6k for at levere <strong>Skinne til montering p\u00e5 stativ<\/strong>\u00a0til uovertrufne priser direkte fra fabrikken. Det betyder, at du f\u00e5r f\u00f8rsteklasses kvalitet for mindre, uden at g\u00e5 p\u00e5 kompromis med ydeevne eller p\u00e5lidelighed. For virksomheder, der \u00f8nsker at maksimere v\u00e6rdien uden at bruge for mange penge, <strong>SX<\/strong> er det ideelle valg.<\/p>\n<h3>P\u00e5lidelig stabilitet til dit udstyr<\/h3>\n<p>Stabilitet er afg\u00f8rende, n\u00e5r man monterer tungt udstyr, og <strong>SX Rack-monteringsskinne<\/strong>\u00a0er konstrueret til at holde dine enheder sikkert p\u00e5 plads. Uanset om du har at g\u00f8re med tunge servere eller skr\u00f8beligt lydudstyr, sikrer disse skinner, at alt forbliver p\u00e5 plads. Dette niveau af st\u00f8tte hj\u00e6lper med at beskytte dine v\u00e6rdifulde aktiver mod utilsigtet skade.<\/p>\n<h3>Alsidig og p\u00e5lidelig<\/h3>\n<p>Fra broadcast-udstyr til IT-infrastruktur, <strong>SX Rack-monteringsskinne<\/strong>\u00a0er bygget til en lang r\u00e6kke anvendelser. Deres fleksibilitet kombineret med h\u00f8j holdbarhed g\u00f8r dem velegnede til brug i ethvert milj\u00f8. Professionelle stoler p\u00e5 <strong>SX<\/strong> produkter for deres robuste ydeevne og nemme tilpasning.<\/p>\n<h3>Kvalitet og sikkerhed<\/h3>\n<p>P\u00e5 <strong>SX<\/strong>Vi er stolte af at levere kvalitet, du kan stole p\u00e5. Hver eneste <strong>Skinne til montering p\u00e5 stativ<\/strong> gennemg\u00e5r strenge tests for at sikre, at de lever op til vores h\u00f8je standarder. Med direkte priser fra fabrikken og fokus p\u00e5 materialer i topklasse, <strong>SX<\/strong> er dit foretrukne m\u00e6rke til p\u00e5lidelige rackmonteringsl\u00f8sninger, der ikke koster en formue.<\/p>\n<p>V\u00e6lg en p\u00e5lidelig, holdbar og prisvenlig l\u00f8sning <strong>SX Rack-monteringsskinne<\/strong>\u00a0s\u00e5 du kan st\u00f8tte dit udstyr med tillid.<\/p>\n<ol>\n<li>Kontakt nu:<span style=\"color: #0000ff;\"><a style=\"color: #0000ff;\" href=\"https:\/\/sxpowercase.com\/contact-us\/\">https:\/\/sxpowercase.com\/<\/a><\/span><\/li>\n<li>Hardware produktkatalog:<span style=\"color: #3366ff;\"><a style=\"color: #3366ff;\" href=\"https:\/\/sxpowercase.com\/wp-content\/uploads\/2024\/07\/\u4e94\u91d1.pdf\">Hardware tilbeh\u00f8r katalog<\/a><\/span><\/li>\n<\/ol>","protected":false},"excerpt":{"rendered":"<h3>Fastg\u00f8r dit udstyr med SX Rack Mounting Rails<\/h3>\n<p>SX Rack Mounting Rails giver st\u00e6rk, p\u00e5lidelig st\u00f8tte til dit professionelle setup og sikrer stabilitet og sikkerhed for dit udstyr til direkte fabrikspriser.<\/p>\n<h3>Holdbar og bygget til at holde<\/h3>\n<p>SX Rack Mounting Rails er fremstillet af f\u00f8rsteklasses materialer og er designet til at modst\u00e5 h\u00e5rd brug og give langvarig ydeevne i ethvert milj\u00f8.<\/p>\n<h3>Nem installation og alsidig kompatibilitet<\/h3>\n<p>SX Rack Mounting Rails er kompatible med de fleste standardracksystemer og sikrer hurtig installation og fleksibel st\u00f8tte til en lang r\u00e6kke udstyr.<\/p>","protected":false},"featured_media":4276,"comment_status":"open","ping_status":"closed","template":"","meta":[],"product_brand":[],"product_cat":[66],"product_tag":[],"class_list":{"0":"post-4320","1":"product","2":"type-product","3":"status-publish","4":"has-post-thumbnail","6":"product_cat-rack-hardware","8":"first","9":"instock","10":"shipping-taxable","11":"product-type-simple"},"yoast_head":"<!-- This site is optimized with the Yoast SEO Premium plugin v27.1 (Yoast SEO v27.2) - https:\/\/yoast.com\/product\/yoast-seo-premium-wordpress\/ -->\n<title>Rack Mounting Rails RAB102 - https:\/\/sxflightcase.com \ud83d\udc97<\/title>\n<meta name=\"description\" content=\"Rack mounting rails, factory direct! High-quality, durable rails designed for securely mounting and organizing equipment in racks.\" \/>\n<meta name=\"robots\" content=\"index, follow, max-snippet:-1, max-image-preview:large, max-video-preview:-1\" \/>\n<link rel=\"canonical\" href=\"https:\/\/sxflightcase.com\/da\/vare\/rackmonteringsskinner-rab102-2\/\" \/>\n<meta property=\"og:locale\" content=\"da_DK\" \/>\n<meta property=\"og:type\" content=\"article\" \/>\n<meta property=\"og:title\" content=\"Rack Mounting Rails RAB102\" \/>\n<meta property=\"og:description\" content=\"Rack mounting rails, factory direct! High-quality, durable rails designed for securely mounting and organizing equipment in racks.\" \/>\n<meta property=\"og:url\" content=\"https:\/\/sxflightcase.com\/da\/vare\/rackmonteringsskinner-rab102-2\/\" \/>\n<meta property=\"og:site_name\" content=\"https:\/\/sxflightcase.com\" \/>\n<meta property=\"article:publisher\" content=\"https:\/\/www.facebook.com\/profile.php?id=61560407257971\" \/>\n<meta property=\"article:modified_time\" content=\"2024-09-09T06:11:31+00:00\" \/>\n<meta property=\"og:image\" content=\"https:\/\/sxflightcase.com\/wp-content\/uploads\/2024\/09\/RAB102.jpg\" \/>\n\t<meta property=\"og:image:width\" content=\"700\" \/>\n\t<meta property=\"og:image:height\" content=\"700\" \/>\n\t<meta property=\"og:image:type\" content=\"image\/jpeg\" \/>\n<meta name=\"twitter:card\" content=\"summary_large_image\" \/>\n<meta name=\"twitter:label1\" content=\"Estimeret l\u00e6setid\" \/>\n\t<meta name=\"twitter:data1\" content=\"3 minutter\" \/>\n<script type=\"application\/ld+json\" class=\"yoast-schema-graph\">{\"@context\":\"https:\/\/schema.org\",\"@graph\":[{\"@type\":\"WebPage\",\"@id\":\"https:\/\/sxflightcase.com\/product\/rack-mounting-rails-rab102\/\",\"url\":\"https:\/\/sxflightcase.com\/product\/rack-mounting-rails-rab102\/\",\"name\":\"Rack Mounting Rails RAB102 - https:\/\/sxflightcase.com \ud83d\udc97\",\"isPartOf\":{\"@id\":\"https:\/\/sxflightcase.com\/th\/#website\"},\"primaryImageOfPage\":{\"@id\":\"https:\/\/sxflightcase.com\/product\/rack-mounting-rails-rab102\/#primaryimage\"},\"image\":{\"@id\":\"https:\/\/sxflightcase.com\/product\/rack-mounting-rails-rab102\/#primaryimage\"},\"thumbnailUrl\":\"https:\/\/sxflightcase.com\/wp-content\/uploads\/2024\/09\/RAB102.jpg\",\"datePublished\":\"2024-09-09T06:11:30+00:00\",\"dateModified\":\"2024-09-09T06:11:31+00:00\",\"description\":\"Rack mounting rails, factory direct! High-quality, durable rails designed for securely mounting and organizing equipment in racks.\",\"breadcrumb\":{\"@id\":\"https:\/\/sxflightcase.com\/product\/rack-mounting-rails-rab102\/#breadcrumb\"},\"inLanguage\":\"da-DK\",\"potentialAction\":[{\"@type\":\"ReadAction\",\"target\":[\"https:\/\/sxflightcase.com\/product\/rack-mounting-rails-rab102\/\"]}]},{\"@type\":\"ImageObject\",\"inLanguage\":\"da-DK\",\"@id\":\"https:\/\/sxflightcase.com\/product\/rack-mounting-rails-rab102\/#primaryimage\",\"url\":\"https:\/\/sxflightcase.com\/wp-content\/uploads\/2024\/09\/RAB102.jpg\",\"contentUrl\":\"https:\/\/sxflightcase.com\/wp-content\/uploads\/2024\/09\/RAB102.jpg\",\"width\":700,\"height\":700,\"caption\":\"Rack Mounting Rails\"},{\"@type\":\"BreadcrumbList\",\"@id\":\"https:\/\/sxflightcase.com\/product\/rack-mounting-rails-rab102\/#breadcrumb\",\"itemListElement\":[{\"@type\":\"ListItem\",\"position\":1,\"name\":\"Home\",\"item\":\"https:\/\/sxflightcase.com\/\"},{\"@type\":\"ListItem\",\"position\":2,\"name\":\"\u0e2a\u0e34\u0e19\u0e04\u0e49\u0e32\",\"item\":\"https:\/\/sxflightcase.com\/th\/shop\/\"},{\"@type\":\"ListItem\",\"position\":3,\"name\":\"Rack Mounting Rails RAB102\"}]},{\"@type\":\"WebSite\",\"@id\":\"https:\/\/sxflightcase.com\/th\/#website\",\"url\":\"https:\/\/sxflightcase.com\/th\/\",\"name\":\"sxpowercase.com\",\"description\":\"Flight Case Factory\",\"publisher\":{\"@id\":\"https:\/\/sxflightcase.com\/th\/#organization\"},\"potentialAction\":[{\"@type\":\"SearchAction\",\"target\":{\"@type\":\"EntryPoint\",\"urlTemplate\":\"https:\/\/sxflightcase.com\/th\/?s={search_term_string}\"},\"query-input\":{\"@type\":\"PropertyValueSpecification\",\"valueRequired\":true,\"valueName\":\"search_term_string\"}}],\"inLanguage\":\"da-DK\"},{\"@type\":\"Organization\",\"@id\":\"https:\/\/sxflightcase.com\/th\/#organization\",\"name\":\"sxpowercase.com\",\"url\":\"https:\/\/sxflightcase.com\/th\/\",\"logo\":{\"@type\":\"ImageObject\",\"inLanguage\":\"da-DK\",\"@id\":\"https:\/\/sxflightcase.com\/th\/#\/schema\/logo\/image\/\",\"url\":\"https:\/\/sxflightcase.com\/wp-content\/uploads\/2024\/04\/1713919036007.jpg\",\"contentUrl\":\"https:\/\/sxflightcase.com\/wp-content\/uploads\/2024\/04\/1713919036007.jpg\",\"width\":382,\"height\":388,\"caption\":\"sxpowercase.com\"},\"image\":{\"@id\":\"https:\/\/sxflightcase.com\/th\/#\/schema\/logo\/image\/\"},\"sameAs\":[\"https:\/\/www.facebook.com\/profile.php?id=61560407257971\"],\"numberOfEmployees\":{\"@type\":\"QuantitativeValue\",\"minValue\":\"11\",\"maxValue\":\"50\"}}]}<\/script>\n<!-- \/ Yoast SEO Premium plugin. -->","yoast_head_json":{"title":"Rack Mounting Rails RAB102 - https:\/\/sxflightcase.com \ud83d\udc97","description":"Skinner til rackmontering, direkte fra fabrikken! Holdbare skinner af h\u00f8j kvalitet, der er designet til sikker montering og organisering af udstyr i reoler.","robots":{"index":"index","follow":"follow","max-snippet":"max-snippet:-1","max-image-preview":"max-image-preview:large","max-video-preview":"max-video-preview:-1"},"canonical":"https:\/\/sxflightcase.com\/da\/vare\/rackmonteringsskinner-rab102-2\/","og_locale":"da_DK","og_type":"article","og_title":"Rack Mounting Rails RAB102","og_description":"Rack mounting rails, factory direct! High-quality, durable rails designed for securely mounting and organizing equipment in racks.","og_url":"https:\/\/sxflightcase.com\/da\/vare\/rackmonteringsskinner-rab102-2\/","og_site_name":"https:\/\/sxflightcase.com","article_publisher":"https:\/\/www.facebook.com\/profile.php?id=61560407257971","article_modified_time":"2024-09-09T06:11:31+00:00","og_image":[{"width":700,"height":700,"url":"https:\/\/sxflightcase.com\/wp-content\/uploads\/2024\/09\/RAB102.jpg","type":"image\/jpeg"}],"twitter_card":"summary_large_image","twitter_misc":{"Estimeret l\u00e6setid":"3 minutter"},"schema":{"@context":"https:\/\/schema.org","@graph":[{"@type":"WebPage","@id":"https:\/\/sxflightcase.com\/product\/rack-mounting-rails-rab102\/","url":"https:\/\/sxflightcase.com\/product\/rack-mounting-rails-rab102\/","name":"Rack Mounting Rails RAB102 - https:\/\/sxflightcase.com \ud83d\udc97","isPartOf":{"@id":"https:\/\/sxflightcase.com\/th\/#website"},"primaryImageOfPage":{"@id":"https:\/\/sxflightcase.com\/product\/rack-mounting-rails-rab102\/#primaryimage"},"image":{"@id":"https:\/\/sxflightcase.com\/product\/rack-mounting-rails-rab102\/#primaryimage"},"thumbnailUrl":"https:\/\/sxflightcase.com\/wp-content\/uploads\/2024\/09\/RAB102.jpg","datePublished":"2024-09-09T06:11:30+00:00","dateModified":"2024-09-09T06:11:31+00:00","description":"Skinner til rackmontering, direkte fra fabrikken! Holdbare skinner af h\u00f8j kvalitet, der er designet til sikker montering og organisering af udstyr i reoler.","breadcrumb":{"@id":"https:\/\/sxflightcase.com\/product\/rack-mounting-rails-rab102\/#breadcrumb"},"inLanguage":"da-DK","potentialAction":[{"@type":"ReadAction","target":["https:\/\/sxflightcase.com\/product\/rack-mounting-rails-rab102\/"]}]},{"@type":"ImageObject","inLanguage":"da-DK","@id":"https:\/\/sxflightcase.com\/product\/rack-mounting-rails-rab102\/#primaryimage","url":"https:\/\/sxflightcase.com\/wp-content\/uploads\/2024\/09\/RAB102.jpg","contentUrl":"https:\/\/sxflightcase.com\/wp-content\/uploads\/2024\/09\/RAB102.jpg","width":700,"height":700,"caption":"Rack Mounting Rails"},{"@type":"BreadcrumbList","@id":"https:\/\/sxflightcase.com\/product\/rack-mounting-rails-rab102\/#breadcrumb","itemListElement":[{"@type":"ListItem","position":1,"name":"Home","item":"https:\/\/sxflightcase.com\/"},{"@type":"ListItem","position":2,"name":"\u0e2a\u0e34\u0e19\u0e04\u0e49\u0e32","item":"https:\/\/sxflightcase.com\/th\/shop\/"},{"@type":"ListItem","position":3,"name":"Rack Mounting Rails RAB102"}]},{"@type":"WebSite","@id":"https:\/\/sxflightcase.com\/th\/#website","url":"https:\/\/sxflightcase.com\/th\/","name":"sxpowercase.com","description":"Flight Case Factory","publisher":{"@id":"https:\/\/sxflightcase.com\/th\/#organization"},"potentialAction":[{"@type":"SearchAction","target":{"@type":"EntryPoint","urlTemplate":"https:\/\/sxflightcase.com\/th\/?s={search_term_string}"},"query-input":{"@type":"PropertyValueSpecification","valueRequired":true,"valueName":"search_term_string"}}],"inLanguage":"da-DK"},{"@type":"Organization","@id":"https:\/\/sxflightcase.com\/th\/#organization","name":"sxpowercase.com","url":"https:\/\/sxflightcase.com\/th\/","logo":{"@type":"ImageObject","inLanguage":"da-DK","@id":"https:\/\/sxflightcase.com\/th\/#\/schema\/logo\/image\/","url":"https:\/\/sxflightcase.com\/wp-content\/uploads\/2024\/04\/1713919036007.jpg","contentUrl":"https:\/\/sxflightcase.com\/wp-content\/uploads\/2024\/04\/1713919036007.jpg","width":382,"height":388,"caption":"sxpowercase.com"},"image":{"@id":"https:\/\/sxflightcase.com\/th\/#\/schema\/logo\/image\/"},"sameAs":["https:\/\/www.facebook.com\/profile.php?id=61560407257971"],"numberOfEmployees":{"@type":"QuantitativeValue","minValue":"11","maxValue":"50"}}]}},"_links":{"self":[{"href":"https:\/\/sxflightcase.com\/da\/wp-json\/wp\/v2\/product\/4320","targetHints":{"allow":["GET"]}}],"collection":[{"href":"https:\/\/sxflightcase.com\/da\/wp-json\/wp\/v2\/product"}],"about":[{"href":"https:\/\/sxflightcase.com\/da\/wp-json\/wp\/v2\/types\/product"}],"replies":[{"embeddable":true,"href":"https:\/\/sxflightcase.com\/da\/wp-json\/wp\/v2\/comments?post=4320"}],"version-history":[{"count":0,"href":"https:\/\/sxflightcase.com\/da\/wp-json\/wp\/v2\/product\/4320\/revisions"}],"wp:featuredmedia":[{"embeddable":true,"href":"https:\/\/sxflightcase.com\/da\/wp-json\/wp\/v2\/media\/4276"}],"wp:attachment":[{"href":"https:\/\/sxflightcase.com\/da\/wp-json\/wp\/v2\/media?parent=4320"}],"wp:term":[{"taxonomy":"product_brand","embeddable":true,"href":"https:\/\/sxflightcase.com\/da\/wp-json\/wp\/v2\/product_brand?post=4320"},{"taxonomy":"product_cat","embeddable":true,"href":"https:\/\/sxflightcase.com\/da\/wp-json\/wp\/v2\/product_cat?post=4320"},{"taxonomy":"product_tag","embeddable":true,"href":"https:\/\/sxflightcase.com\/da\/wp-json\/wp\/v2\/product_tag?post=4320"}],"curies":[{"name":"wp","href":"https:\/\/api.w.org\/{rel}","templated":true}]}}