{"id":4334,"date":"2024-09-10T07:25:20","date_gmt":"2024-09-10T06:25:20","guid":{"rendered":"https:\/\/sxpowercase.com\/?post_type=product&#038;p=4334"},"modified":"2024-09-10T07:25:21","modified_gmt":"2024-09-10T06:25:21","slug":"rack-panel-rab203","status":"publish","type":"product","link":"https:\/\/sxflightcase.com\/da\/vare\/rackpanel-rab203\/","title":{"rendered":"Stativpanel RAB203"},"content":{"rendered":"<h3>Premium rackpaneler fra SX til alle dine behov<\/h3>\n<p>P\u00e5 udkig efter en p\u00e5lidelig <span style=\"color: #0000ff;\"><a style=\"color: #0000ff;\" href=\"https:\/\/sxpowercase.com\/product\/equipment-rack-plate-rab202\/\"><strong>Rack-panel<\/strong><\/a><\/span> til en overkommelig pris? <strong>SX<\/strong> tilbyder l\u00f8sninger i topkvalitet direkte fra fabrikken. Vores <strong>Rack-paneler<\/strong> er konstrueret til at opfylde dine behov, uanset om du s\u00e6tter et nyt system op eller opgraderer din nuv\u00e6rende ops\u00e6tning.<\/p>\n<h3>Materialer af h\u00f8j kvalitet giver maksimal holdbarhed<\/h3>\n<p>Vores <strong>Rack-paneler<\/strong> er fremstillet af materialer af h\u00f8j kvalitet for at sikre holdbarhed og styrke. Med <strong><a href=\"https:\/\/sxpowercase.com\/\" target=\"_blank\" rel=\"noopener\" title=\"SX\" data-wpil-monitor-id=\"736\">SX<\/a><\/strong> produkter f\u00e5r du et panel, der ikke bare ser godt ud, men som ogs\u00e5 kan klare kravene i professionelle milj\u00f8er. Kvaliteten er garanteret, og vores fabriksdirekte priser betyder, at du ikke beh\u00f8ver at spr\u00e6nge banken.<\/p>\n<h3>Nem installation og alsidighed<\/h3>\n<p>De <strong>SX Rack Panel<\/strong> er designet til nem installation og alsidig brug. Uanset om du monterer servere, lydudstyr eller anden hardware, passer vores paneler problemfrit ind i standardracks, hvilket g\u00f8r ops\u00e6tningen hurtig og ligetil. Det sikrer en problemfri oplevelse og en professionel finish hver gang.<\/p>\n<h3>Fabriksdirekte priser for stor v\u00e6rdi<\/h3>\n<p>P\u00e5 <strong>SX<\/strong>tilbyder vi vores <strong>Rack-paneler<\/strong> direkte fra fabrikken, hvilket betyder, at du f\u00e5r lavere priser uden at g\u00e5 p\u00e5 kompromis med kvaliteten. Vores tilgang direkte til kunden sikrer, at du f\u00e5r enest\u00e5ende v\u00e6rdi, s\u00e5 du kan udstyre dit rack med f\u00f8rsteklasses paneler til en br\u00f8kdel af prisen.<\/p>\n<h3>Alsidige applikationer til forskellige behov<\/h3>\n<p>De <strong>SX Rack Panel<\/strong> er perfekt til en r\u00e6kke anvendelser, fra serverracks til AV-ops\u00e6tninger. Designet kan tilpasses forskellige monteringsbehov, hvilket g\u00f8r det til et alsidigt valg til enhver professionel eller industriel ops\u00e6tning. Denne fleksibilitet g\u00f8r vores paneler til en smart investering for enhver udstyrsorganisation.<\/p>\n<h3>Streng kvalitetssikring giver ro i sindet<\/h3>\n<p>Hver eneste <strong>Rack-panel<\/strong> fra <strong>SX<\/strong> gennemg\u00e5r grundige kvalitetskontroller for at sikre, at de lever op til vores h\u00f8je standarder. Vi er stolte af at levere produkter, der b\u00e5de er p\u00e5lidelige og har en lang levetid. N\u00e5r du v\u00e6lger <strong>SX<\/strong>v\u00e6lger du ro i sindet, fordi du ved, at dit udstyr er sikkert monteret.<\/p>\n<h3>Betroet af branchefolk<\/h3>\n<p>Vores <strong>Rack-paneler<\/strong> er betroet af branchefolk p\u00e5 grund af deres p\u00e5lidelighed og ydeevne. <strong>SX<\/strong> har opbygget et ry for at levere kvalitetsprodukter, der fungerer under pres. Uanset om du skal indrette et studie eller et datacenter, tilbyder vores paneler den p\u00e5lidelige l\u00f8sning, du har brug for.<\/p>\n<p>For pr\u00e6mie <strong>Rack-paneler<\/strong> der kombinerer kvalitet, overkommelige priser og brugervenlighed, skal du ikke lede l\u00e6ngere end <strong>SX<\/strong>. Vores fabriksn\u00e6re tilgang sikrer, at du f\u00e5r det bedste produkt til den bedste pris. V\u00e6lg selv <strong>SX<\/strong> til alle dine behov for rackmontering.<\/p>\n<ol>\n<li>Kontakt nu:<span style=\"color: #0000ff;\"><a style=\"color: #0000ff;\" href=\"https:\/\/sxpowercase.com\/contact-us\/\">https:\/\/sxpowercase.com\/<\/a><\/span><\/li>\n<li>Hardware produktkatalog:<span style=\"color: #0000ff;\"><a style=\"color: #0000ff;\" href=\"https:\/\/sxpowercase.com\/wp-content\/uploads\/2024\/07\/\u4e94\u91d1.pdf\">Hardware tilbeh\u00f8r katalog<\/a><\/span><\/li>\n<\/ol>","protected":false},"excerpt":{"rendered":"<div class=\"flex-shrink-0 flex flex-col relative items-end\">\n<div>\n<div class=\"pt-0\">\n<div class=\"gizmo-bot-avatar flex h-8 w-8 items-center justify-center overflow-hidden rounded-full\">\n<div class=\"relative p-1 rounded-sm flex items-center justify-center bg-token-main-surface-primary text-token-text-primary h-8 w-8\"><\/div>\n<\/div>\n<\/div>\n<\/div>\n<\/div>\n<div class=\"group\/conversation-turn relative flex w-full min-w-0 flex-col agent-turn\">\n<div class=\"flex-col gap-1 md:gap-3\">\n<div class=\"flex max-w-full flex-col flex-grow\">\n<div class=\"min-h-[20px] text-message flex w-full flex-col items-end gap-2 whitespace-normal break-words [.text-message+&amp;]:mt-5\" dir=\"auto\" data-message-author-role=\"assistant\" data-message-id=\"f77ba064-ccd1-4820-b71e-f917db2e329b\">\n<div class=\"flex w-full flex-col gap-1 empty:hidden first:pt-[3px]\">\n<div class=\"markdown prose w-full break-words dark:prose-invert light\">\n<h3>Premium SX Rack Panels: Affordable Excellence<\/h3>\n<p>SX delivers high-quality Rack Panels straight from the factory, offering both durability and affordability for your setup.<\/p>\n<h3>Durable Materials for Professional Use<\/h3>\n<p>Crafted from high-grade materials, SX Rack Panels provide long-lasting strength and reliability, perfect for demanding environments.<\/p>\n<h3>Easy Installation and Versatile Applications<\/h3>\n<p>Designed for quick setup and compatibility with standard racks, SX Rack Panels are versatile for various mounting needs, ensuring a seamless and professional finish.<\/p>\n<\/div>\n<\/div>\n<\/div>\n<\/div>\n<\/div>\n<\/div>\n","protected":false},"featured_media":4280,"comment_status":"open","ping_status":"closed","template":"","meta":[],"product_brand":[],"product_cat":[66],"product_tag":[],"class_list":{"0":"post-4334","1":"product","2":"type-product","3":"status-publish","4":"has-post-thumbnail","6":"product_cat-rack-hardware","8":"first","9":"instock","10":"shipping-taxable","11":"product-type-simple"},"yoast_head":"<!-- This site is optimized with the Yoast SEO Premium plugin v27.1 (Yoast SEO v27.2) - https:\/\/yoast.com\/product\/yoast-seo-premium-wordpress\/ -->\n<title>Rack Panel RAB203 - https:\/\/sxflightcase.com \ud83d\udc97<\/title>\n<meta name=\"description\" content=\"Rack panel, factory direct! High-quality, durable panels designed for mounting and organizing equipment in racks. Ideal for professional and industrial setups, ensuring secure and efficient use.\" \/>\n<meta name=\"robots\" content=\"index, follow, max-snippet:-1, max-image-preview:large, max-video-preview:-1\" \/>\n<link rel=\"canonical\" href=\"https:\/\/sxflightcase.com\/da\/vare\/rackpanel-rab203\/\" \/>\n<meta property=\"og:locale\" content=\"da_DK\" \/>\n<meta property=\"og:type\" content=\"article\" \/>\n<meta property=\"og:title\" content=\"Rack Panel RAB203\" \/>\n<meta property=\"og:description\" content=\"Rack panel, factory direct! High-quality, durable panels designed for mounting and organizing equipment in racks. Ideal for professional and industrial setups, ensuring secure and efficient use.\" \/>\n<meta property=\"og:url\" content=\"https:\/\/sxflightcase.com\/da\/vare\/rackpanel-rab203\/\" \/>\n<meta property=\"og:site_name\" content=\"https:\/\/sxflightcase.com\" \/>\n<meta property=\"article:publisher\" content=\"https:\/\/www.facebook.com\/profile.php?id=61560407257971\" \/>\n<meta property=\"article:modified_time\" content=\"2024-09-10T06:25:21+00:00\" \/>\n<meta property=\"og:image\" content=\"https:\/\/sxflightcase.com\/wp-content\/uploads\/2024\/09\/RAB203.jpg\" \/>\n\t<meta property=\"og:image:width\" content=\"700\" \/>\n\t<meta property=\"og:image:height\" content=\"700\" \/>\n\t<meta property=\"og:image:type\" content=\"image\/jpeg\" \/>\n<meta name=\"twitter:card\" content=\"summary_large_image\" \/>\n<meta name=\"twitter:label1\" content=\"Estimeret l\u00e6setid\" \/>\n\t<meta name=\"twitter:data1\" content=\"3 minutter\" \/>\n<script type=\"application\/ld+json\" class=\"yoast-schema-graph\">{\"@context\":\"https:\/\/schema.org\",\"@graph\":[{\"@type\":\"WebPage\",\"@id\":\"https:\/\/sxflightcase.com\/product\/rack-panel-rab203\/\",\"url\":\"https:\/\/sxflightcase.com\/product\/rack-panel-rab203\/\",\"name\":\"Rack Panel RAB203 - https:\/\/sxflightcase.com \ud83d\udc97\",\"isPartOf\":{\"@id\":\"https:\/\/sxflightcase.com\/th\/#website\"},\"primaryImageOfPage\":{\"@id\":\"https:\/\/sxflightcase.com\/product\/rack-panel-rab203\/#primaryimage\"},\"image\":{\"@id\":\"https:\/\/sxflightcase.com\/product\/rack-panel-rab203\/#primaryimage\"},\"thumbnailUrl\":\"https:\/\/sxflightcase.com\/wp-content\/uploads\/2024\/09\/RAB203.jpg\",\"datePublished\":\"2024-09-10T06:25:20+00:00\",\"dateModified\":\"2024-09-10T06:25:21+00:00\",\"description\":\"Rack panel, factory direct! High-quality, durable panels designed for mounting and organizing equipment in racks. Ideal for professional and industrial setups, ensuring secure and efficient use.\",\"breadcrumb\":{\"@id\":\"https:\/\/sxflightcase.com\/product\/rack-panel-rab203\/#breadcrumb\"},\"inLanguage\":\"da-DK\",\"potentialAction\":[{\"@type\":\"ReadAction\",\"target\":[\"https:\/\/sxflightcase.com\/product\/rack-panel-rab203\/\"]}]},{\"@type\":\"ImageObject\",\"inLanguage\":\"da-DK\",\"@id\":\"https:\/\/sxflightcase.com\/product\/rack-panel-rab203\/#primaryimage\",\"url\":\"https:\/\/sxflightcase.com\/wp-content\/uploads\/2024\/09\/RAB203.jpg\",\"contentUrl\":\"https:\/\/sxflightcase.com\/wp-content\/uploads\/2024\/09\/RAB203.jpg\",\"width\":700,\"height\":700,\"caption\":\"Rack Panel\"},{\"@type\":\"BreadcrumbList\",\"@id\":\"https:\/\/sxflightcase.com\/product\/rack-panel-rab203\/#breadcrumb\",\"itemListElement\":[{\"@type\":\"ListItem\",\"position\":1,\"name\":\"Home\",\"item\":\"https:\/\/sxflightcase.com\/\"},{\"@type\":\"ListItem\",\"position\":2,\"name\":\"\u0e2a\u0e34\u0e19\u0e04\u0e49\u0e32\",\"item\":\"https:\/\/sxflightcase.com\/th\/shop\/\"},{\"@type\":\"ListItem\",\"position\":3,\"name\":\"Rack Panel RAB203\"}]},{\"@type\":\"WebSite\",\"@id\":\"https:\/\/sxflightcase.com\/th\/#website\",\"url\":\"https:\/\/sxflightcase.com\/th\/\",\"name\":\"sxpowercase.com\",\"description\":\"Flight Case Factory\",\"publisher\":{\"@id\":\"https:\/\/sxflightcase.com\/th\/#organization\"},\"potentialAction\":[{\"@type\":\"SearchAction\",\"target\":{\"@type\":\"EntryPoint\",\"urlTemplate\":\"https:\/\/sxflightcase.com\/th\/?s={search_term_string}\"},\"query-input\":{\"@type\":\"PropertyValueSpecification\",\"valueRequired\":true,\"valueName\":\"search_term_string\"}}],\"inLanguage\":\"da-DK\"},{\"@type\":\"Organization\",\"@id\":\"https:\/\/sxflightcase.com\/th\/#organization\",\"name\":\"sxpowercase.com\",\"url\":\"https:\/\/sxflightcase.com\/th\/\",\"logo\":{\"@type\":\"ImageObject\",\"inLanguage\":\"da-DK\",\"@id\":\"https:\/\/sxflightcase.com\/th\/#\/schema\/logo\/image\/\",\"url\":\"https:\/\/sxflightcase.com\/wp-content\/uploads\/2024\/04\/1713919036007.jpg\",\"contentUrl\":\"https:\/\/sxflightcase.com\/wp-content\/uploads\/2024\/04\/1713919036007.jpg\",\"width\":382,\"height\":388,\"caption\":\"sxpowercase.com\"},\"image\":{\"@id\":\"https:\/\/sxflightcase.com\/th\/#\/schema\/logo\/image\/\"},\"sameAs\":[\"https:\/\/www.facebook.com\/profile.php?id=61560407257971\"],\"numberOfEmployees\":{\"@type\":\"QuantitativeValue\",\"minValue\":\"11\",\"maxValue\":\"50\"}}]}<\/script>\n<!-- \/ Yoast SEO Premium plugin. -->","yoast_head_json":{"title":"Rack Panel RAB203 - https:\/\/sxflightcase.com \ud83d\udc97","description":"Rackpanel, direkte fra fabrikken! Holdbare paneler af h\u00f8j kvalitet designet til montering og organisering af udstyr i stativer. Ideelle til professionelle og industrielle ops\u00e6tninger, der sikrer sikker og effektiv brug.","robots":{"index":"index","follow":"follow","max-snippet":"max-snippet:-1","max-image-preview":"max-image-preview:large","max-video-preview":"max-video-preview:-1"},"canonical":"https:\/\/sxflightcase.com\/da\/vare\/rackpanel-rab203\/","og_locale":"da_DK","og_type":"article","og_title":"Rack Panel RAB203","og_description":"Rack panel, factory direct! High-quality, durable panels designed for mounting and organizing equipment in racks. Ideal for professional and industrial setups, ensuring secure and efficient use.","og_url":"https:\/\/sxflightcase.com\/da\/vare\/rackpanel-rab203\/","og_site_name":"https:\/\/sxflightcase.com","article_publisher":"https:\/\/www.facebook.com\/profile.php?id=61560407257971","article_modified_time":"2024-09-10T06:25:21+00:00","og_image":[{"width":700,"height":700,"url":"https:\/\/sxflightcase.com\/wp-content\/uploads\/2024\/09\/RAB203.jpg","type":"image\/jpeg"}],"twitter_card":"summary_large_image","twitter_misc":{"Estimeret l\u00e6setid":"3 minutter"},"schema":{"@context":"https:\/\/schema.org","@graph":[{"@type":"WebPage","@id":"https:\/\/sxflightcase.com\/product\/rack-panel-rab203\/","url":"https:\/\/sxflightcase.com\/product\/rack-panel-rab203\/","name":"Rack Panel RAB203 - https:\/\/sxflightcase.com \ud83d\udc97","isPartOf":{"@id":"https:\/\/sxflightcase.com\/th\/#website"},"primaryImageOfPage":{"@id":"https:\/\/sxflightcase.com\/product\/rack-panel-rab203\/#primaryimage"},"image":{"@id":"https:\/\/sxflightcase.com\/product\/rack-panel-rab203\/#primaryimage"},"thumbnailUrl":"https:\/\/sxflightcase.com\/wp-content\/uploads\/2024\/09\/RAB203.jpg","datePublished":"2024-09-10T06:25:20+00:00","dateModified":"2024-09-10T06:25:21+00:00","description":"Rackpanel, direkte fra fabrikken! Holdbare paneler af h\u00f8j kvalitet designet til montering og organisering af udstyr i stativer. Ideelle til professionelle og industrielle ops\u00e6tninger, der sikrer sikker og effektiv brug.","breadcrumb":{"@id":"https:\/\/sxflightcase.com\/product\/rack-panel-rab203\/#breadcrumb"},"inLanguage":"da-DK","potentialAction":[{"@type":"ReadAction","target":["https:\/\/sxflightcase.com\/product\/rack-panel-rab203\/"]}]},{"@type":"ImageObject","inLanguage":"da-DK","@id":"https:\/\/sxflightcase.com\/product\/rack-panel-rab203\/#primaryimage","url":"https:\/\/sxflightcase.com\/wp-content\/uploads\/2024\/09\/RAB203.jpg","contentUrl":"https:\/\/sxflightcase.com\/wp-content\/uploads\/2024\/09\/RAB203.jpg","width":700,"height":700,"caption":"Rack Panel"},{"@type":"BreadcrumbList","@id":"https:\/\/sxflightcase.com\/product\/rack-panel-rab203\/#breadcrumb","itemListElement":[{"@type":"ListItem","position":1,"name":"Home","item":"https:\/\/sxflightcase.com\/"},{"@type":"ListItem","position":2,"name":"\u0e2a\u0e34\u0e19\u0e04\u0e49\u0e32","item":"https:\/\/sxflightcase.com\/th\/shop\/"},{"@type":"ListItem","position":3,"name":"Rack Panel RAB203"}]},{"@type":"WebSite","@id":"https:\/\/sxflightcase.com\/th\/#website","url":"https:\/\/sxflightcase.com\/th\/","name":"sxpowercase.com","description":"Flight Case Factory","publisher":{"@id":"https:\/\/sxflightcase.com\/th\/#organization"},"potentialAction":[{"@type":"SearchAction","target":{"@type":"EntryPoint","urlTemplate":"https:\/\/sxflightcase.com\/th\/?s={search_term_string}"},"query-input":{"@type":"PropertyValueSpecification","valueRequired":true,"valueName":"search_term_string"}}],"inLanguage":"da-DK"},{"@type":"Organization","@id":"https:\/\/sxflightcase.com\/th\/#organization","name":"sxpowercase.com","url":"https:\/\/sxflightcase.com\/th\/","logo":{"@type":"ImageObject","inLanguage":"da-DK","@id":"https:\/\/sxflightcase.com\/th\/#\/schema\/logo\/image\/","url":"https:\/\/sxflightcase.com\/wp-content\/uploads\/2024\/04\/1713919036007.jpg","contentUrl":"https:\/\/sxflightcase.com\/wp-content\/uploads\/2024\/04\/1713919036007.jpg","width":382,"height":388,"caption":"sxpowercase.com"},"image":{"@id":"https:\/\/sxflightcase.com\/th\/#\/schema\/logo\/image\/"},"sameAs":["https:\/\/www.facebook.com\/profile.php?id=61560407257971"],"numberOfEmployees":{"@type":"QuantitativeValue","minValue":"11","maxValue":"50"}}]}},"_links":{"self":[{"href":"https:\/\/sxflightcase.com\/da\/wp-json\/wp\/v2\/product\/4334","targetHints":{"allow":["GET"]}}],"collection":[{"href":"https:\/\/sxflightcase.com\/da\/wp-json\/wp\/v2\/product"}],"about":[{"href":"https:\/\/sxflightcase.com\/da\/wp-json\/wp\/v2\/types\/product"}],"replies":[{"embeddable":true,"href":"https:\/\/sxflightcase.com\/da\/wp-json\/wp\/v2\/comments?post=4334"}],"version-history":[{"count":0,"href":"https:\/\/sxflightcase.com\/da\/wp-json\/wp\/v2\/product\/4334\/revisions"}],"wp:featuredmedia":[{"embeddable":true,"href":"https:\/\/sxflightcase.com\/da\/wp-json\/wp\/v2\/media\/4280"}],"wp:attachment":[{"href":"https:\/\/sxflightcase.com\/da\/wp-json\/wp\/v2\/media?parent=4334"}],"wp:term":[{"taxonomy":"product_brand","embeddable":true,"href":"https:\/\/sxflightcase.com\/da\/wp-json\/wp\/v2\/product_brand?post=4334"},{"taxonomy":"product_cat","embeddable":true,"href":"https:\/\/sxflightcase.com\/da\/wp-json\/wp\/v2\/product_cat?post=4334"},{"taxonomy":"product_tag","embeddable":true,"href":"https:\/\/sxflightcase.com\/da\/wp-json\/wp\/v2\/product_tag?post=4334"}],"curies":[{"name":"wp","href":"https:\/\/api.w.org\/{rel}","templated":true}]}}