{"id":4355,"date":"2024-09-11T06:59:14","date_gmt":"2024-09-11T05:59:14","guid":{"rendered":"https:\/\/sxpowercase.com\/?post_type=product&#038;p=4355"},"modified":"2024-09-11T06:59:15","modified_gmt":"2024-09-11T05:59:15","slug":"panel-rack-rab205","status":"publish","type":"product","link":"https:\/\/sxflightcase.com\/da\/vare\/panel-rack-rab205-2\/","title":{"rendered":"Panelstativ RAB205"},"content":{"rendered":"<h3>Panelreoler af h\u00f8j kvalitet fra SX til overkommelige priser<\/h3>\n<p>N\u00e5r du leder efter en p\u00e5lidelig <a href=\"https:\/\/sxpowercase.com\/product\/rack-panel-rab204\/\"><strong>Panelstativ<\/strong><\/a>, <strong>SX<\/strong> er du d\u00e6kket ind. Vores panelreoler er designet til at give robust st\u00f8tte og maksimal funktionalitet til en overkommelig pris. Med <strong>SX<\/strong>Du f\u00e5r kvalitet, der holder, uden at det koster en formue.<\/p>\n<h3>Holdbart design og p\u00e5lidelig ydeevne<\/h3>\n<p>P\u00e5 <strong><a href=\"https:\/\/sxpowercase.com\/\" target=\"_blank\" rel=\"noopener\" title=\"SX\" data-wpil-monitor-id=\"742\">SX<\/a><\/strong>prioriterer vi holdbarhed og ydeevne. Hver enkelt <strong>Panelstativ<\/strong> vi producerer, er bygget af materialer af h\u00f8j kvalitet for at sikre, at de kan klare de h\u00e5rdeste milj\u00f8er. Uanset om du bruger det i et kommercielt milj\u00f8 eller i et hjemmestudie, giver vores stativer langvarig stabilitet.<\/p>\n<h3>Let at installere, direkte besparelser fra fabrikken<\/h3>\n<p>Vores <strong>Panelreoler<\/strong> er designet til hurtig installation, hvilket g\u00f8r din installationsproces glat og problemfri. Desuden kan vi med vores direkte fabriksmodel tilbyde disse f\u00f8rsteklasses produkter til betydeligt lavere priser. Det betyder, at du f\u00e5r f\u00f8rsteklasses udstyr uden at betale overpris.<\/p>\n<h3>P\u00e5lidelig kvalitet, garanteret<\/h3>\n<p><strong>SX<\/strong> st\u00e5r bag kvaliteten af hver eneste <strong>Panelstativ<\/strong> vi fremstiller. Grundige tests sikrer, at hvert produkt lever op til vores h\u00f8je standarder for styrke og holdbarhed. Du kan regne med, at vores stativer holder dit udstyr sikkert og organiseret, uanset hvad det skal bruges til.<\/p>\n<h3>Perfekt til flere anvendelser<\/h3>\n<p>Uanset om du s\u00e6tter et AV-system op eller administrerer et serverrum, <strong>SX<\/strong> <strong>Panelreoler<\/strong> er alsidige nok til at opfylde alle dine behov. Deres tilpasningsdygtige design g\u00f8r dem ideelle til forskellige ops\u00e6tninger og sikrer kompatibilitet med en bred vifte af udstyr. Med <strong>SX<\/strong>har du en l\u00f8sning, der passer.<\/p>\n<h3>V\u00e6rdi for pengene med direkte salg fra fabrikken<\/h3>\n<p>P\u00e5 <strong>SX<\/strong>Vi mener, at l\u00f8sninger af h\u00f8j kvalitet ogs\u00e5 skal v\u00e6re til at betale. Vores model med direkte salg fra fabrikken giver os mulighed for at tilbyde vores f\u00f8rsteklasses <strong>Panelreoler<\/strong> til uovertrufne priser. Med <strong>SX<\/strong>f\u00e5r du den bedste kvalitet uden de h\u00f8je omkostninger, hvilket sikrer, at du f\u00e5r virkelig v\u00e6rdi for pengene.<\/p>\n<h3>Det p\u00e5lidelige valg for fagfolk over hele verden<\/h3>\n<p>Professionelle over hele verden v\u00e6lger <strong>SX Panel Racks<\/strong> for deres p\u00e5lidelighed og v\u00e6rdi. Fra it-professionelle til lydteknikere har tillid til vores racks for deres holdbarhed og ydeevne i ethvert milj\u00f8. Med <strong>SX<\/strong>v\u00e6lger du et m\u00e6rke, der er kendt for kvalitet og tillid.<\/p>\n<p>Hvis du har brug for h\u00f8j ydeevne til en overkommelig pris <strong>Panelreoler<\/strong>, <strong>SX<\/strong> er det navn, du kan stole p\u00e5. Kvaliteten er garanteret, priserne er lave, og installationen er en leg. V\u00e6lg selv <strong>SX<\/strong> til din n\u00e6ste rack-l\u00f8sning og oplev f\u00f8rsteklasses p\u00e5lidelighed uden de h\u00f8je omkostninger.<\/p>\n<ol>\n<li>Kontakt nu:<span style=\"color: #0000ff;\"><a style=\"color: #0000ff;\" href=\"https:\/\/sxpowercase.com\/contact-us\/\">https:\/\/sxpowercase.com\/<\/a><\/span><\/li>\n<li>Hardware produktkatalog:<span style=\"color: #0000ff;\"><a style=\"color: #0000ff;\" href=\"https:\/\/sxpowercase.com\/wp-content\/uploads\/2024\/07\/\u4e94\u91d1.pdf\">Hardware tilbeh\u00f8r katalog<\/a><\/span><\/li>\n<\/ol>","protected":false},"excerpt":{"rendered":"<h3>SX Rack-paneler: H\u00f8j kvalitet til fabrikspriser<\/h3>\n<p>SX tilbyder holdbare rackpaneler fremstillet af f\u00f8rsteklasses materialer, der giver f\u00f8rsteklasses kvalitet til overkommelige, fabriksdirekte priser.<\/p>\n<h3>Hurtig installation og alsidig brug<\/h3>\n<p>Vores rackpaneler er designet til nem installation og kompatibilitet med forskellige systemer, hvilket sikrer en sikker pasform til enhver ops\u00e6tning.<\/p>\n<h3>Betroet af fagfolk verden over<\/h3>\n<p>Professionelle stoler p\u00e5 SX Rack Panels p\u00e5 grund af deres holdbarhed, ydeevne og strenge kvalitetssikring, hvilket g\u00f8r dem til et godt valg til montering af udstyr.<\/p>","protected":false},"featured_media":4282,"comment_status":"open","ping_status":"closed","template":"","meta":[],"product_brand":[],"product_cat":[66],"product_tag":[],"class_list":{"0":"post-4355","1":"product","2":"type-product","3":"status-publish","4":"has-post-thumbnail","6":"product_cat-rack-hardware","8":"first","9":"instock","10":"shipping-taxable","11":"product-type-simple"},"yoast_head":"<!-- This site is optimized with the Yoast SEO Premium plugin v27.1 (Yoast SEO v27.2) - https:\/\/yoast.com\/product\/yoast-seo-premium-wordpress\/ -->\n<title>Panel Rack RAB205 - https:\/\/sxflightcase.com \ud83d\udc97<\/title>\n<meta name=\"description\" content=\"Panel rack, factory direct! High-quality, durable racks designed for securely mounting and organizing equipment. Perfect for professional setups, ensuring efficient use and stability.\" \/>\n<meta name=\"robots\" content=\"index, follow, max-snippet:-1, max-image-preview:large, max-video-preview:-1\" \/>\n<link rel=\"canonical\" href=\"https:\/\/sxflightcase.com\/da\/\u4ea7\u54c1\/\u9762\u677f\u67b6-rab205-2\/\" \/>\n<meta property=\"og:locale\" content=\"da_DK\" \/>\n<meta property=\"og:type\" content=\"article\" \/>\n<meta property=\"og:title\" content=\"Panel Rack RAB205\" \/>\n<meta property=\"og:description\" content=\"Panel rack, factory direct! High-quality, durable racks designed for securely mounting and organizing equipment. Perfect for professional setups, ensuring efficient use and stability.\" \/>\n<meta property=\"og:url\" content=\"https:\/\/sxflightcase.com\/da\/\u4ea7\u54c1\/\u9762\u677f\u67b6-rab205-2\/\" \/>\n<meta property=\"og:site_name\" content=\"https:\/\/sxflightcase.com\" \/>\n<meta property=\"article:publisher\" content=\"https:\/\/www.facebook.com\/profile.php?id=61560407257971\" \/>\n<meta property=\"article:modified_time\" content=\"2024-09-11T05:59:15+00:00\" \/>\n<meta property=\"og:image\" content=\"https:\/\/sxflightcase.com\/wp-content\/uploads\/2024\/09\/RAB205.jpg\" \/>\n\t<meta property=\"og:image:width\" content=\"700\" \/>\n\t<meta property=\"og:image:height\" content=\"700\" \/>\n\t<meta property=\"og:image:type\" content=\"image\/jpeg\" \/>\n<meta name=\"twitter:card\" content=\"summary_large_image\" \/>\n<meta name=\"twitter:label1\" content=\"Estimeret l\u00e6setid\" \/>\n\t<meta name=\"twitter:data1\" content=\"3 minutter\" \/>\n<script type=\"application\/ld+json\" class=\"yoast-schema-graph\">{\"@context\":\"https:\/\/schema.org\",\"@graph\":[{\"@type\":\"WebPage\",\"@id\":\"https:\/\/sxflightcase.com\/zh\/\u4ea7\u54c1\/\u9762\u677f\u67b6-rab205-2\/\",\"url\":\"https:\/\/sxflightcase.com\/zh\/\u4ea7\u54c1\/\u9762\u677f\u67b6-rab205-2\/\",\"name\":\"Panel Rack RAB205 - https:\/\/sxflightcase.com \ud83d\udc97\",\"isPartOf\":{\"@id\":\"https:\/\/sxflightcase.com\/th\/#website\"},\"primaryImageOfPage\":{\"@id\":\"https:\/\/sxflightcase.com\/zh\/\u4ea7\u54c1\/\u9762\u677f\u67b6-rab205-2\/#primaryimage\"},\"image\":{\"@id\":\"https:\/\/sxflightcase.com\/zh\/\u4ea7\u54c1\/\u9762\u677f\u67b6-rab205-2\/#primaryimage\"},\"thumbnailUrl\":\"https:\/\/sxflightcase.com\/wp-content\/uploads\/2024\/09\/RAB205.jpg\",\"datePublished\":\"2024-09-11T05:59:14+00:00\",\"dateModified\":\"2024-09-11T05:59:15+00:00\",\"description\":\"Panel rack, factory direct! High-quality, durable racks designed for securely mounting and organizing equipment. Perfect for professional setups, ensuring efficient use and stability.\",\"breadcrumb\":{\"@id\":\"https:\/\/sxflightcase.com\/zh\/\u4ea7\u54c1\/\u9762\u677f\u67b6-rab205-2\/#breadcrumb\"},\"inLanguage\":\"da-DK\",\"potentialAction\":[{\"@type\":\"ReadAction\",\"target\":[\"https:\/\/sxflightcase.com\/zh\/\u4ea7\u54c1\/\u9762\u677f\u67b6-rab205-2\/\"]}]},{\"@type\":\"ImageObject\",\"inLanguage\":\"da-DK\",\"@id\":\"https:\/\/sxflightcase.com\/zh\/\u4ea7\u54c1\/\u9762\u677f\u67b6-rab205-2\/#primaryimage\",\"url\":\"https:\/\/sxflightcase.com\/wp-content\/uploads\/2024\/09\/RAB205.jpg\",\"contentUrl\":\"https:\/\/sxflightcase.com\/wp-content\/uploads\/2024\/09\/RAB205.jpg\",\"width\":700,\"height\":700,\"caption\":\"Panel Rack\"},{\"@type\":\"BreadcrumbList\",\"@id\":\"https:\/\/sxflightcase.com\/zh\/\u4ea7\u54c1\/\u9762\u677f\u67b6-rab205-2\/#breadcrumb\",\"itemListElement\":[{\"@type\":\"ListItem\",\"position\":1,\"name\":\"Home\",\"item\":\"https:\/\/sxflightcase.com\/\"},{\"@type\":\"ListItem\",\"position\":2,\"name\":\"\u0e2a\u0e34\u0e19\u0e04\u0e49\u0e32\",\"item\":\"https:\/\/sxflightcase.com\/th\/shop\/\"},{\"@type\":\"ListItem\",\"position\":3,\"name\":\"Panel Rack RAB205\"}]},{\"@type\":\"WebSite\",\"@id\":\"https:\/\/sxflightcase.com\/th\/#website\",\"url\":\"https:\/\/sxflightcase.com\/th\/\",\"name\":\"sxpowercase.com\",\"description\":\"Flight Case Factory\",\"publisher\":{\"@id\":\"https:\/\/sxflightcase.com\/th\/#organization\"},\"potentialAction\":[{\"@type\":\"SearchAction\",\"target\":{\"@type\":\"EntryPoint\",\"urlTemplate\":\"https:\/\/sxflightcase.com\/th\/?s={search_term_string}\"},\"query-input\":{\"@type\":\"PropertyValueSpecification\",\"valueRequired\":true,\"valueName\":\"search_term_string\"}}],\"inLanguage\":\"da-DK\"},{\"@type\":\"Organization\",\"@id\":\"https:\/\/sxflightcase.com\/th\/#organization\",\"name\":\"sxpowercase.com\",\"url\":\"https:\/\/sxflightcase.com\/th\/\",\"logo\":{\"@type\":\"ImageObject\",\"inLanguage\":\"da-DK\",\"@id\":\"https:\/\/sxflightcase.com\/th\/#\/schema\/logo\/image\/\",\"url\":\"https:\/\/sxflightcase.com\/wp-content\/uploads\/2024\/04\/1713919036007.jpg\",\"contentUrl\":\"https:\/\/sxflightcase.com\/wp-content\/uploads\/2024\/04\/1713919036007.jpg\",\"width\":382,\"height\":388,\"caption\":\"sxpowercase.com\"},\"image\":{\"@id\":\"https:\/\/sxflightcase.com\/th\/#\/schema\/logo\/image\/\"},\"sameAs\":[\"https:\/\/www.facebook.com\/profile.php?id=61560407257971\"],\"numberOfEmployees\":{\"@type\":\"QuantitativeValue\",\"minValue\":\"11\",\"maxValue\":\"50\"}}]}<\/script>\n<!-- \/ Yoast SEO Premium plugin. -->","yoast_head_json":{"title":"Panel Rack RAB205 - https:\/\/sxflightcase.com \ud83d\udc97","description":"Panelrack, direkte fra fabrikken! Holdbare stativer af h\u00f8j kvalitet, der er designet til sikker montering og organisering af udstyr. Perfekt til professionelle ops\u00e6tninger, der sikrer effektiv brug og stabilitet.","robots":{"index":"index","follow":"follow","max-snippet":"max-snippet:-1","max-image-preview":"max-image-preview:large","max-video-preview":"max-video-preview:-1"},"canonical":"https:\/\/sxflightcase.com\/da\/\u4ea7\u54c1\/\u9762\u677f\u67b6-rab205-2\/","og_locale":"da_DK","og_type":"article","og_title":"Panel Rack RAB205","og_description":"Panel rack, factory direct! High-quality, durable racks designed for securely mounting and organizing equipment. Perfect for professional setups, ensuring efficient use and stability.","og_url":"https:\/\/sxflightcase.com\/da\/\u4ea7\u54c1\/\u9762\u677f\u67b6-rab205-2\/","og_site_name":"https:\/\/sxflightcase.com","article_publisher":"https:\/\/www.facebook.com\/profile.php?id=61560407257971","article_modified_time":"2024-09-11T05:59:15+00:00","og_image":[{"width":700,"height":700,"url":"https:\/\/sxflightcase.com\/wp-content\/uploads\/2024\/09\/RAB205.jpg","type":"image\/jpeg"}],"twitter_card":"summary_large_image","twitter_misc":{"Estimeret l\u00e6setid":"3 minutter"},"schema":{"@context":"https:\/\/schema.org","@graph":[{"@type":"WebPage","@id":"https:\/\/sxflightcase.com\/zh\/\u4ea7\u54c1\/\u9762\u677f\u67b6-rab205-2\/","url":"https:\/\/sxflightcase.com\/zh\/\u4ea7\u54c1\/\u9762\u677f\u67b6-rab205-2\/","name":"Panel Rack RAB205 - https:\/\/sxflightcase.com \ud83d\udc97","isPartOf":{"@id":"https:\/\/sxflightcase.com\/th\/#website"},"primaryImageOfPage":{"@id":"https:\/\/sxflightcase.com\/zh\/\u4ea7\u54c1\/\u9762\u677f\u67b6-rab205-2\/#primaryimage"},"image":{"@id":"https:\/\/sxflightcase.com\/zh\/\u4ea7\u54c1\/\u9762\u677f\u67b6-rab205-2\/#primaryimage"},"thumbnailUrl":"https:\/\/sxflightcase.com\/wp-content\/uploads\/2024\/09\/RAB205.jpg","datePublished":"2024-09-11T05:59:14+00:00","dateModified":"2024-09-11T05:59:15+00:00","description":"Panelrack, direkte fra fabrikken! Holdbare stativer af h\u00f8j kvalitet, der er designet til sikker montering og organisering af udstyr. Perfekt til professionelle ops\u00e6tninger, der sikrer effektiv brug og stabilitet.","breadcrumb":{"@id":"https:\/\/sxflightcase.com\/zh\/\u4ea7\u54c1\/\u9762\u677f\u67b6-rab205-2\/#breadcrumb"},"inLanguage":"da-DK","potentialAction":[{"@type":"ReadAction","target":["https:\/\/sxflightcase.com\/zh\/\u4ea7\u54c1\/\u9762\u677f\u67b6-rab205-2\/"]}]},{"@type":"ImageObject","inLanguage":"da-DK","@id":"https:\/\/sxflightcase.com\/zh\/\u4ea7\u54c1\/\u9762\u677f\u67b6-rab205-2\/#primaryimage","url":"https:\/\/sxflightcase.com\/wp-content\/uploads\/2024\/09\/RAB205.jpg","contentUrl":"https:\/\/sxflightcase.com\/wp-content\/uploads\/2024\/09\/RAB205.jpg","width":700,"height":700,"caption":"Panel Rack"},{"@type":"BreadcrumbList","@id":"https:\/\/sxflightcase.com\/zh\/\u4ea7\u54c1\/\u9762\u677f\u67b6-rab205-2\/#breadcrumb","itemListElement":[{"@type":"ListItem","position":1,"name":"Home","item":"https:\/\/sxflightcase.com\/"},{"@type":"ListItem","position":2,"name":"\u0e2a\u0e34\u0e19\u0e04\u0e49\u0e32","item":"https:\/\/sxflightcase.com\/th\/shop\/"},{"@type":"ListItem","position":3,"name":"Panel Rack RAB205"}]},{"@type":"WebSite","@id":"https:\/\/sxflightcase.com\/th\/#website","url":"https:\/\/sxflightcase.com\/th\/","name":"sxpowercase.com","description":"Flight Case Factory","publisher":{"@id":"https:\/\/sxflightcase.com\/th\/#organization"},"potentialAction":[{"@type":"SearchAction","target":{"@type":"EntryPoint","urlTemplate":"https:\/\/sxflightcase.com\/th\/?s={search_term_string}"},"query-input":{"@type":"PropertyValueSpecification","valueRequired":true,"valueName":"search_term_string"}}],"inLanguage":"da-DK"},{"@type":"Organization","@id":"https:\/\/sxflightcase.com\/th\/#organization","name":"sxpowercase.com","url":"https:\/\/sxflightcase.com\/th\/","logo":{"@type":"ImageObject","inLanguage":"da-DK","@id":"https:\/\/sxflightcase.com\/th\/#\/schema\/logo\/image\/","url":"https:\/\/sxflightcase.com\/wp-content\/uploads\/2024\/04\/1713919036007.jpg","contentUrl":"https:\/\/sxflightcase.com\/wp-content\/uploads\/2024\/04\/1713919036007.jpg","width":382,"height":388,"caption":"sxpowercase.com"},"image":{"@id":"https:\/\/sxflightcase.com\/th\/#\/schema\/logo\/image\/"},"sameAs":["https:\/\/www.facebook.com\/profile.php?id=61560407257971"],"numberOfEmployees":{"@type":"QuantitativeValue","minValue":"11","maxValue":"50"}}]}},"_links":{"self":[{"href":"https:\/\/sxflightcase.com\/da\/wp-json\/wp\/v2\/product\/4355","targetHints":{"allow":["GET"]}}],"collection":[{"href":"https:\/\/sxflightcase.com\/da\/wp-json\/wp\/v2\/product"}],"about":[{"href":"https:\/\/sxflightcase.com\/da\/wp-json\/wp\/v2\/types\/product"}],"replies":[{"embeddable":true,"href":"https:\/\/sxflightcase.com\/da\/wp-json\/wp\/v2\/comments?post=4355"}],"version-history":[{"count":0,"href":"https:\/\/sxflightcase.com\/da\/wp-json\/wp\/v2\/product\/4355\/revisions"}],"wp:featuredmedia":[{"embeddable":true,"href":"https:\/\/sxflightcase.com\/da\/wp-json\/wp\/v2\/media\/4282"}],"wp:attachment":[{"href":"https:\/\/sxflightcase.com\/da\/wp-json\/wp\/v2\/media?parent=4355"}],"wp:term":[{"taxonomy":"product_brand","embeddable":true,"href":"https:\/\/sxflightcase.com\/da\/wp-json\/wp\/v2\/product_brand?post=4355"},{"taxonomy":"product_cat","embeddable":true,"href":"https:\/\/sxflightcase.com\/da\/wp-json\/wp\/v2\/product_cat?post=4355"},{"taxonomy":"product_tag","embeddable":true,"href":"https:\/\/sxflightcase.com\/da\/wp-json\/wp\/v2\/product_tag?post=4355"}],"curies":[{"name":"wp","href":"https:\/\/api.w.org\/{rel}","templated":true}]}}