{"id":4431,"date":"2024-09-18T07:22:10","date_gmt":"2024-09-18T06:22:10","guid":{"rendered":"https:\/\/sxpowercase.com\/?post_type=product&#038;p=4431"},"modified":"2024-09-18T07:22:11","modified_gmt":"2024-09-18T06:22:11","slug":"rack-panels-rae102","status":"publish","type":"product","link":"https:\/\/sxflightcase.com\/da\/vare\/rackpaneler-rae102-2\/","title":{"rendered":"Rack-paneler RAE102"},"content":{"rendered":"<h3>SX Rack-paneler: Forbedr dit racksystem med kvalitet og overkommelige priser<\/h3>\n<p>Hvis du leder efter en p\u00e5lidelig m\u00e5de at forbedre dit reolsystem p\u00e5, <strong>SX <span style=\"color: #0000ff;\"><a style=\"color: #0000ff;\" href=\"https:\/\/sxpowercase.com\/product\/metal-rack-filler-panel-rac101\/\">Rack-paneler<\/a><\/span><\/strong> er den ideelle l\u00f8sning. Disse paneler er designet til at d\u00e6kke ubrugte rum i dit rack, hvilket giver din ops\u00e6tning et renere og mere organiseret udseende. P\u00e5 <strong>SX<\/strong>Vi sikrer, at vores reolpaneler er fremstillet af materialer af h\u00f8j kvalitet for at give langvarig beskyttelse og holdbarhed.<\/p>\n<h3>Fabriksindstillede priser for maksimal v\u00e6rdi<\/h3>\n<p>Med <strong><a href=\"https:\/\/sxpowercase.com\/\" target=\"_blank\" rel=\"noopener\" title=\"SX\" data-wpil-monitor-id=\"764\">SX<\/a><\/strong>kan du nyde f\u00f8rsteklasses <strong>rackpanel<\/strong>\u00a0til en lav pris. Ved at tilbyde direkte salg fra fabrikken eliminerer vi mellemmanden og giver besparelsen videre til dig. Det betyder, at du f\u00e5r f\u00f8rsteklasses <strong>rackpanel<\/strong>\u00a0uden de oppustede omkostninger, der typisk ses p\u00e5 markedet. Det er en smart investering i b\u00e5de kvalitet og pris.<\/p>\n<h3>Nem installation giver et professionelt look<\/h3>\n<p>Vores <strong>SX Rack Panel<\/strong>\u00a0er designet til at passe problemfrit ind i ethvert standard rack-system. Installationen er hurtig og nem og sikrer, at du med det samme kan forbedre udseendet og funktionaliteten af din ops\u00e6tning. Uanset om du har at g\u00f8re med lyd-, server- eller IT-systemer, hj\u00e6lper disse paneler med at skabe et professionelt udseende, samtidig med at de forbedrer luftgennemstr\u00f8mningen og beskyttelsen af udstyret.<\/p>\n<h3>Holdbare materialer til langvarig ydelse<\/h3>\n<p>Fremstillet af holdbart metal i h\u00f8j kvalitet, <strong>SX Rack Panel<\/strong>\u00a0er bygget til at modst\u00e5 mange \u00e5rs brug. De beskytter dit udstyr mod st\u00f8v og fysiske skader, samtidig med at de opretholder en optimal luftstr\u00f8m i dit rack. Ved at investere i disse paneler sikrer du, at dit udstyr forbliver sikkert og fungerer effektivt over tid.<\/p>\n<h3>H\u00f8j kvalitet til en lav pris<\/h3>\n<p>P\u00e5 <strong>SX<\/strong>Vi er stolte af at levere b\u00e5de kvalitet og overkommelige priser. Vores <strong>rackpanel<\/strong>\u00a0er udformet til at opfylde professionelle standarder og samtidig v\u00e6re budgetvenlige. Uanset om du skal udstyre et lille system eller styre en storstilet installation, kan du stole p\u00e5 <strong>SX<\/strong> for at give dig den bedste l\u00f8sning.<\/p>\n<h3>Konklusion<\/h3>\n<p>Med <strong>SX Rack-paneler<\/strong>f\u00e5r du holdbare paneler af h\u00f8j kvalitet til direkte fabrikspriser, hvilket g\u00f8r dem til et fremragende valg til ethvert professionelt racksystem. Bestil nu, og nyd fordelene ved kvalitetsbeskyttelse af dit v\u00e6rdifulde udstyr til en pris, der passer til dit budget!<\/p>\n<ol>\n<li>Kontakt nu:<span style=\"color: #0000ff;\"><a style=\"color: #0000ff;\" href=\"https:\/\/sxpowercase.com\/contact-us\/\">https:\/\/sxpowercase.com\/<\/a><\/span><\/li>\n<li>Hardware produktkatalog:<span style=\"color: #0000ff;\"><a style=\"color: #0000ff;\" href=\"https:\/\/sxpowercase.com\/wp-content\/uploads\/2024\/07\/\u4e94\u91d1.pdf\">Hardware tilbeh\u00f8r katalog<\/a><\/span><\/li>\n<\/ol>","protected":false},"excerpt":{"rendered":"<h3>Organiser din reol med SX Rack Panels<\/h3>\n<p>SX Rack Panels giver et rent og professionelt udseende til dit system, samtidig med at det beskytter dit udstyr og optimerer luftstr\u00f8mmen.<\/p>\n<h3>Fabriksindstillede priser for topv\u00e6rdi<\/h3>\n<p>Nyd f\u00f8rsteklasses kvalitet til uovertrufne priser med SX's fabriksdirekte salg, der tilbyder paneler af h\u00f8j kvalitet uden de h\u00f8je omkostninger.<\/p>\n<h3>Holdbar og nem at installere<\/h3>\n<p>SX Rack Panels er lavet af langtidsholdbart metal og er designet til nem installation i standardracks, hvilket sikrer p\u00e5lidelig beskyttelse og forbedret systemydelse.<\/p>","protected":false},"featured_media":4294,"comment_status":"open","ping_status":"closed","template":"","meta":[],"product_brand":[],"product_cat":[66],"product_tag":[],"class_list":{"0":"post-4431","1":"product","2":"type-product","3":"status-publish","4":"has-post-thumbnail","6":"product_cat-rack-hardware","8":"first","9":"instock","10":"shipping-taxable","11":"product-type-simple"},"yoast_head":"<!-- This site is optimized with the Yoast SEO Premium plugin v27.1 (Yoast SEO v27.2) - https:\/\/yoast.com\/product\/yoast-seo-premium-wordpress\/ -->\n<title>Rack Panels RAE102 - https:\/\/sxflightcase.com \ud83d\udc97<\/title>\n<meta name=\"description\" content=\"SX Rack Panels offer high-quality, affordable solutions for covering unused rack spaces. Easy to install and factory-direct priced for maximum value.\" \/>\n<meta name=\"robots\" content=\"index, follow, max-snippet:-1, max-image-preview:large, max-video-preview:-1\" \/>\n<link rel=\"canonical\" href=\"https:\/\/sxflightcase.com\/da\/vare\/rackpaneler-rae102-2\/\" \/>\n<meta property=\"og:locale\" content=\"da_DK\" \/>\n<meta property=\"og:type\" content=\"article\" \/>\n<meta property=\"og:title\" content=\"Rack Panels RAE102\" \/>\n<meta property=\"og:description\" content=\"SX Rack Panels offer high-quality, affordable solutions for covering unused rack spaces. Easy to install and factory-direct priced for maximum value.\" \/>\n<meta property=\"og:url\" content=\"https:\/\/sxflightcase.com\/da\/vare\/rackpaneler-rae102-2\/\" \/>\n<meta property=\"og:site_name\" content=\"https:\/\/sxflightcase.com\" \/>\n<meta property=\"article:publisher\" content=\"https:\/\/www.facebook.com\/profile.php?id=61560407257971\" \/>\n<meta property=\"article:modified_time\" content=\"2024-09-18T06:22:11+00:00\" \/>\n<meta property=\"og:image\" content=\"https:\/\/sxflightcase.com\/wp-content\/uploads\/2024\/09\/RAE102.jpg\" \/>\n\t<meta property=\"og:image:width\" content=\"700\" \/>\n\t<meta property=\"og:image:height\" content=\"700\" \/>\n\t<meta property=\"og:image:type\" content=\"image\/jpeg\" \/>\n<meta name=\"twitter:card\" content=\"summary_large_image\" \/>\n<meta name=\"twitter:label1\" content=\"Estimeret l\u00e6setid\" \/>\n\t<meta name=\"twitter:data1\" content=\"3 minutter\" \/>\n<script type=\"application\/ld+json\" class=\"yoast-schema-graph\">{\"@context\":\"https:\/\/schema.org\",\"@graph\":[{\"@type\":\"WebPage\",\"@id\":\"https:\/\/sxflightcase.com\/product\/rack-panels-rae102\/\",\"url\":\"https:\/\/sxflightcase.com\/product\/rack-panels-rae102\/\",\"name\":\"Rack Panels RAE102 - https:\/\/sxflightcase.com \ud83d\udc97\",\"isPartOf\":{\"@id\":\"https:\/\/sxflightcase.com\/th\/#website\"},\"primaryImageOfPage\":{\"@id\":\"https:\/\/sxflightcase.com\/product\/rack-panels-rae102\/#primaryimage\"},\"image\":{\"@id\":\"https:\/\/sxflightcase.com\/product\/rack-panels-rae102\/#primaryimage\"},\"thumbnailUrl\":\"https:\/\/sxflightcase.com\/wp-content\/uploads\/2024\/09\/RAE102.jpg\",\"datePublished\":\"2024-09-18T06:22:10+00:00\",\"dateModified\":\"2024-09-18T06:22:11+00:00\",\"description\":\"SX Rack Panels offer high-quality, affordable solutions for covering unused rack spaces. Easy to install and factory-direct priced for maximum value.\",\"breadcrumb\":{\"@id\":\"https:\/\/sxflightcase.com\/product\/rack-panels-rae102\/#breadcrumb\"},\"inLanguage\":\"da-DK\",\"potentialAction\":[{\"@type\":\"ReadAction\",\"target\":[\"https:\/\/sxflightcase.com\/product\/rack-panels-rae102\/\"]}]},{\"@type\":\"ImageObject\",\"inLanguage\":\"da-DK\",\"@id\":\"https:\/\/sxflightcase.com\/product\/rack-panels-rae102\/#primaryimage\",\"url\":\"https:\/\/sxflightcase.com\/wp-content\/uploads\/2024\/09\/RAE102.jpg\",\"contentUrl\":\"https:\/\/sxflightcase.com\/wp-content\/uploads\/2024\/09\/RAE102.jpg\",\"width\":700,\"height\":700,\"caption\":\"Rack Panels\"},{\"@type\":\"BreadcrumbList\",\"@id\":\"https:\/\/sxflightcase.com\/product\/rack-panels-rae102\/#breadcrumb\",\"itemListElement\":[{\"@type\":\"ListItem\",\"position\":1,\"name\":\"Home\",\"item\":\"https:\/\/sxflightcase.com\/\"},{\"@type\":\"ListItem\",\"position\":2,\"name\":\"\u0e2a\u0e34\u0e19\u0e04\u0e49\u0e32\",\"item\":\"https:\/\/sxflightcase.com\/th\/shop\/\"},{\"@type\":\"ListItem\",\"position\":3,\"name\":\"Rack Panels RAE102\"}]},{\"@type\":\"WebSite\",\"@id\":\"https:\/\/sxflightcase.com\/th\/#website\",\"url\":\"https:\/\/sxflightcase.com\/th\/\",\"name\":\"sxpowercase.com\",\"description\":\"Flight Case Factory\",\"publisher\":{\"@id\":\"https:\/\/sxflightcase.com\/th\/#organization\"},\"potentialAction\":[{\"@type\":\"SearchAction\",\"target\":{\"@type\":\"EntryPoint\",\"urlTemplate\":\"https:\/\/sxflightcase.com\/th\/?s={search_term_string}\"},\"query-input\":{\"@type\":\"PropertyValueSpecification\",\"valueRequired\":true,\"valueName\":\"search_term_string\"}}],\"inLanguage\":\"da-DK\"},{\"@type\":\"Organization\",\"@id\":\"https:\/\/sxflightcase.com\/th\/#organization\",\"name\":\"sxpowercase.com\",\"url\":\"https:\/\/sxflightcase.com\/th\/\",\"logo\":{\"@type\":\"ImageObject\",\"inLanguage\":\"da-DK\",\"@id\":\"https:\/\/sxflightcase.com\/th\/#\/schema\/logo\/image\/\",\"url\":\"https:\/\/sxflightcase.com\/wp-content\/uploads\/2024\/04\/1713919036007.jpg\",\"contentUrl\":\"https:\/\/sxflightcase.com\/wp-content\/uploads\/2024\/04\/1713919036007.jpg\",\"width\":382,\"height\":388,\"caption\":\"sxpowercase.com\"},\"image\":{\"@id\":\"https:\/\/sxflightcase.com\/th\/#\/schema\/logo\/image\/\"},\"sameAs\":[\"https:\/\/www.facebook.com\/profile.php?id=61560407257971\"],\"numberOfEmployees\":{\"@type\":\"QuantitativeValue\",\"minValue\":\"11\",\"maxValue\":\"50\"}}]}<\/script>\n<!-- \/ Yoast SEO Premium plugin. -->","yoast_head_json":{"title":"Rack Panels RAE102 - https:\/\/sxflightcase.com \ud83d\udc97","description":"SX Rack Panels tilbyder prisvenlige l\u00f8sninger af h\u00f8j kvalitet til at d\u00e6kke ubrugte rackpladser. De er nemme at installere og prissat direkte fra fabrikken for maksimal v\u00e6rdi.","robots":{"index":"index","follow":"follow","max-snippet":"max-snippet:-1","max-image-preview":"max-image-preview:large","max-video-preview":"max-video-preview:-1"},"canonical":"https:\/\/sxflightcase.com\/da\/vare\/rackpaneler-rae102-2\/","og_locale":"da_DK","og_type":"article","og_title":"Rack Panels RAE102","og_description":"SX Rack Panels offer high-quality, affordable solutions for covering unused rack spaces. Easy to install and factory-direct priced for maximum value.","og_url":"https:\/\/sxflightcase.com\/da\/vare\/rackpaneler-rae102-2\/","og_site_name":"https:\/\/sxflightcase.com","article_publisher":"https:\/\/www.facebook.com\/profile.php?id=61560407257971","article_modified_time":"2024-09-18T06:22:11+00:00","og_image":[{"width":700,"height":700,"url":"https:\/\/sxflightcase.com\/wp-content\/uploads\/2024\/09\/RAE102.jpg","type":"image\/jpeg"}],"twitter_card":"summary_large_image","twitter_misc":{"Estimeret l\u00e6setid":"3 minutter"},"schema":{"@context":"https:\/\/schema.org","@graph":[{"@type":"WebPage","@id":"https:\/\/sxflightcase.com\/product\/rack-panels-rae102\/","url":"https:\/\/sxflightcase.com\/product\/rack-panels-rae102\/","name":"Rack Panels RAE102 - https:\/\/sxflightcase.com \ud83d\udc97","isPartOf":{"@id":"https:\/\/sxflightcase.com\/th\/#website"},"primaryImageOfPage":{"@id":"https:\/\/sxflightcase.com\/product\/rack-panels-rae102\/#primaryimage"},"image":{"@id":"https:\/\/sxflightcase.com\/product\/rack-panels-rae102\/#primaryimage"},"thumbnailUrl":"https:\/\/sxflightcase.com\/wp-content\/uploads\/2024\/09\/RAE102.jpg","datePublished":"2024-09-18T06:22:10+00:00","dateModified":"2024-09-18T06:22:11+00:00","description":"SX Rack Panels tilbyder prisvenlige l\u00f8sninger af h\u00f8j kvalitet til at d\u00e6kke ubrugte rackpladser. De er nemme at installere og prissat direkte fra fabrikken for maksimal v\u00e6rdi.","breadcrumb":{"@id":"https:\/\/sxflightcase.com\/product\/rack-panels-rae102\/#breadcrumb"},"inLanguage":"da-DK","potentialAction":[{"@type":"ReadAction","target":["https:\/\/sxflightcase.com\/product\/rack-panels-rae102\/"]}]},{"@type":"ImageObject","inLanguage":"da-DK","@id":"https:\/\/sxflightcase.com\/product\/rack-panels-rae102\/#primaryimage","url":"https:\/\/sxflightcase.com\/wp-content\/uploads\/2024\/09\/RAE102.jpg","contentUrl":"https:\/\/sxflightcase.com\/wp-content\/uploads\/2024\/09\/RAE102.jpg","width":700,"height":700,"caption":"Rack Panels"},{"@type":"BreadcrumbList","@id":"https:\/\/sxflightcase.com\/product\/rack-panels-rae102\/#breadcrumb","itemListElement":[{"@type":"ListItem","position":1,"name":"Home","item":"https:\/\/sxflightcase.com\/"},{"@type":"ListItem","position":2,"name":"\u0e2a\u0e34\u0e19\u0e04\u0e49\u0e32","item":"https:\/\/sxflightcase.com\/th\/shop\/"},{"@type":"ListItem","position":3,"name":"Rack Panels RAE102"}]},{"@type":"WebSite","@id":"https:\/\/sxflightcase.com\/th\/#website","url":"https:\/\/sxflightcase.com\/th\/","name":"sxpowercase.com","description":"Flight Case Factory","publisher":{"@id":"https:\/\/sxflightcase.com\/th\/#organization"},"potentialAction":[{"@type":"SearchAction","target":{"@type":"EntryPoint","urlTemplate":"https:\/\/sxflightcase.com\/th\/?s={search_term_string}"},"query-input":{"@type":"PropertyValueSpecification","valueRequired":true,"valueName":"search_term_string"}}],"inLanguage":"da-DK"},{"@type":"Organization","@id":"https:\/\/sxflightcase.com\/th\/#organization","name":"sxpowercase.com","url":"https:\/\/sxflightcase.com\/th\/","logo":{"@type":"ImageObject","inLanguage":"da-DK","@id":"https:\/\/sxflightcase.com\/th\/#\/schema\/logo\/image\/","url":"https:\/\/sxflightcase.com\/wp-content\/uploads\/2024\/04\/1713919036007.jpg","contentUrl":"https:\/\/sxflightcase.com\/wp-content\/uploads\/2024\/04\/1713919036007.jpg","width":382,"height":388,"caption":"sxpowercase.com"},"image":{"@id":"https:\/\/sxflightcase.com\/th\/#\/schema\/logo\/image\/"},"sameAs":["https:\/\/www.facebook.com\/profile.php?id=61560407257971"],"numberOfEmployees":{"@type":"QuantitativeValue","minValue":"11","maxValue":"50"}}]}},"_links":{"self":[{"href":"https:\/\/sxflightcase.com\/da\/wp-json\/wp\/v2\/product\/4431","targetHints":{"allow":["GET"]}}],"collection":[{"href":"https:\/\/sxflightcase.com\/da\/wp-json\/wp\/v2\/product"}],"about":[{"href":"https:\/\/sxflightcase.com\/da\/wp-json\/wp\/v2\/types\/product"}],"replies":[{"embeddable":true,"href":"https:\/\/sxflightcase.com\/da\/wp-json\/wp\/v2\/comments?post=4431"}],"version-history":[{"count":0,"href":"https:\/\/sxflightcase.com\/da\/wp-json\/wp\/v2\/product\/4431\/revisions"}],"wp:featuredmedia":[{"embeddable":true,"href":"https:\/\/sxflightcase.com\/da\/wp-json\/wp\/v2\/media\/4294"}],"wp:attachment":[{"href":"https:\/\/sxflightcase.com\/da\/wp-json\/wp\/v2\/media?parent=4431"}],"wp:term":[{"taxonomy":"product_brand","embeddable":true,"href":"https:\/\/sxflightcase.com\/da\/wp-json\/wp\/v2\/product_brand?post=4431"},{"taxonomy":"product_cat","embeddable":true,"href":"https:\/\/sxflightcase.com\/da\/wp-json\/wp\/v2\/product_cat?post=4431"},{"taxonomy":"product_tag","embeddable":true,"href":"https:\/\/sxflightcase.com\/da\/wp-json\/wp\/v2\/product_tag?post=4431"}],"curies":[{"name":"wp","href":"https:\/\/api.w.org\/{rel}","templated":true}]}}