{"id":4435,"date":"2024-09-19T04:05:42","date_gmt":"2024-09-19T03:05:42","guid":{"rendered":"https:\/\/sxpowercase.com\/?post_type=product&#038;p=4435"},"modified":"2024-09-19T04:09:52","modified_gmt":"2024-09-19T03:09:52","slug":"rack-accessories-raf201","status":"publish","type":"product","link":"https:\/\/sxflightcase.com\/da\/vare\/tilbehor-til-reoler-raf201-2\/","title":{"rendered":"Rack tilbeh\u00f8r RAF201"},"content":{"rendered":"<h3>Tilbeh\u00f8r til SX-rack: Fuldend din rackops\u00e6tning med l\u00f8sninger af h\u00f8j kvalitet<\/h3>\n<p>N\u00e5r det handler om at optimere dit reolsystem, <strong>SX <a href=\"https:\/\/sxpowercase.com\/product\/rack-panels-rae102\/\">Tilbeh\u00f8r til stativer<\/a><\/strong> er designet til at tilbyde uovertruffen funktionalitet og holdbarhed. Uanset om du har brug for kabelh\u00e5ndteringsl\u00f8sninger, ventilerede paneler eller rackskinner, <strong>SX<\/strong> tilbyder et bredt udvalg af tilbeh\u00f8r, der sikrer, at dit rack er organiseret, effektivt og beskyttet. Hvert tilbeh\u00f8r er bygget af f\u00f8rsteklasses materialer for at opfylde kravene til professionelle ops\u00e6tninger.<\/p>\n<h3>Fabriksindstillede priser for maksimal besparelse<\/h3>\n<p>P\u00e5 <strong><a title=\"SX\" href=\"https:\/\/sxpowercase.com\/\" target=\"_blank\" rel=\"noopener\" data-wpil-monitor-id=\"766\">SX<\/a><\/strong>tror vi p\u00e5 at tilbyde topkvalitet <strong>tilbeh\u00f8r til reoler<\/strong> til overkommelige priser. Ved at sk\u00e6re mellemmanden v\u00e6k kan vi tilbyde direkte fabrikspriser, der hj\u00e6lper dig med at spare penge uden at g\u00e5 p\u00e5 kompromis med kvaliteten. Du kan stole p\u00e5 <strong>SX<\/strong> for at levere det bedste <strong>tilbeh\u00f8r til stativer<\/strong>\u00a0til en br\u00f8kdel af prisen, hvilket sikrer, at du f\u00e5r maksimal v\u00e6rdi ved hvert k\u00f8b.<\/p>\n<h3>Nem installation til hurtig ops\u00e6tning<\/h3>\n<p>Vores <strong>Tilbeh\u00f8r til SX-rack<\/strong> er designet til problemfri integration med ethvert standard racksystem. Uanset om du installerer kabelarrang\u00f8rer, monteringsbeslag eller luftstr\u00f8mspaneler, er processen ligetil og problemfri. Disse <strong>tilbeh\u00f8r til reoler<\/strong> forbedrer ikke kun udseendet af dit system, men ogs\u00e5 dets funktionalitet og sikrer en professionel ops\u00e6tning.<\/p>\n<h3>Bygget til at holde med kvalitetsmaterialer<\/h3>\n<p>Hver eneste <strong>SX<\/strong> produktet er lavet af holdbare, langtidsholdbare materialer, der sikrer din <strong>tilbeh\u00f8r til reoler<\/strong> modst\u00e5 tidens tand. Uanset om du skal udstyre et audiovisuelt system eller administrere serverudstyr, er vores tilbeh\u00f8r designet til at beskytte dit v\u00e6rdifulde udstyr og samtidig holde alting p\u00e6nt organiseret. Med <strong>SX<\/strong>kan du stole p\u00e5, at dit udstyr er i gode h\u00e6nder.<\/p>\n<h3>Prisbillige l\u00f8sninger til alle behov<\/h3>\n<p>Vores udvalg af <strong>tilbeh\u00f8r til stativer<\/strong>\u00a0d\u00e6kker alle dine behov, fra udfyldningspaneler til monteringsbeslag. <strong>SX<\/strong> er forpligtet til at levere kvalitetsprodukter til den lavest mulige pris, s\u00e5 du f\u00e5r alt, hvad du har brug for, uden at bruge for mange penge. Vi garanterer, at hvert eneste produkt, vi tilbyder, er fremstillet med omhu og leverer kvalitet og ydeevne til en budgetvenlig pris.<\/p>\n<h3>Konklusion<\/h3>\n<p>For h\u00f8j kvalitet, holdbarhed og overkommelige priser <strong>tilbeh\u00f8r til stativer<\/strong>skal du ikke lede l\u00e6ngere end <strong>SX<\/strong>. Vores produkter giver overlegen beskyttelse og organisering af dit reolsystem til direkte fabrikspriser, s\u00e5 du f\u00e5r mest muligt for dine penge. Forbedr din ops\u00e6tning med <strong>SX Rack tilbeh\u00f8r<\/strong><\/p>\n<ol>\n<li>Kontakt nu:<span style=\"color: #0000ff;\"><a style=\"color: #0000ff;\" href=\"https:\/\/sxpowercase.com\/contact-us\/\">https:\/\/sxpowercase.com\/<\/a><\/span><\/li>\n<li>Hardware produktkatalog:<span style=\"color: #0000ff;\"><a style=\"color: #0000ff;\" href=\"https:\/\/sxpowercase.com\/wp-content\/uploads\/2024\/07\/\u4e94\u91d1.pdf\">Hardware tilbeh\u00f8r katalog<\/a><\/span><\/li>\n<\/ol>","protected":false},"excerpt":{"rendered":"<h3>Optimer dit stativ med SX Rack-tilbeh\u00f8r<\/h3>\n<p>SX Rack-tilbeh\u00f8r giver overlegen organisering og beskyttelse af dit system med holdbare l\u00f8sninger som kabelstyring og rackskinner.<\/p>\n<h3>Fabriksindstillede priser for maksimal besparelse<\/h3>\n<p>Nyd f\u00f8rsteklasses tilbeh\u00f8r til stativer til direkte fabrikspriser med SX, hvilket sikrer f\u00f8rsteklasses kvalitet uden at spr\u00e6nge dit budget.<\/p>\n<h3>Nem installation og langtidsholdbare materialer<\/h3>\n<p>SX Rack Accessories er bygget til at holde og designet til nem installation, hvilket g\u00f8r dem perfekte til at forbedre effektiviteten og levetiden af din rackops\u00e6tning.<\/p>","protected":false},"featured_media":4297,"comment_status":"open","ping_status":"closed","template":"","meta":[],"product_brand":[],"product_cat":[66],"product_tag":[],"class_list":{"0":"post-4435","1":"product","2":"type-product","3":"status-publish","4":"has-post-thumbnail","6":"product_cat-rack-hardware","8":"first","9":"instock","10":"shipping-taxable","11":"product-type-simple"},"yoast_head":"<!-- This site is optimized with the Yoast SEO Premium plugin v27.1 (Yoast SEO v27.2) - https:\/\/yoast.com\/product\/yoast-seo-premium-wordpress\/ -->\n<title>Rack Accessories RAF201 - https:\/\/sxflightcase.com \ud83d\udc97<\/title>\n<meta name=\"description\" content=\"SX Rack Accessories offer durable, affordable solutions for any rack setup. Factory-direct pricing ensures you get premium products without the high cost.\" \/>\n<meta name=\"robots\" content=\"index, follow, max-snippet:-1, max-image-preview:large, max-video-preview:-1\" \/>\n<link rel=\"canonical\" href=\"https:\/\/sxflightcase.com\/da\/vare\/tilbehor-til-reoler-raf201-2\/\" \/>\n<meta property=\"og:locale\" content=\"da_DK\" \/>\n<meta property=\"og:type\" content=\"article\" \/>\n<meta property=\"og:title\" content=\"Rack Accessories RAF201\" \/>\n<meta property=\"og:description\" content=\"SX Rack Accessories offer durable, affordable solutions for any rack setup. Factory-direct pricing ensures you get premium products without the high cost.\" \/>\n<meta property=\"og:url\" content=\"https:\/\/sxflightcase.com\/da\/vare\/tilbehor-til-reoler-raf201-2\/\" \/>\n<meta property=\"og:site_name\" content=\"https:\/\/sxflightcase.com\" \/>\n<meta property=\"article:publisher\" content=\"https:\/\/www.facebook.com\/profile.php?id=61560407257971\" \/>\n<meta property=\"article:modified_time\" content=\"2024-09-19T03:09:52+00:00\" \/>\n<meta property=\"og:image\" content=\"https:\/\/sxflightcase.com\/wp-content\/uploads\/2024\/09\/RAF201.jpg\" \/>\n\t<meta property=\"og:image:width\" content=\"700\" \/>\n\t<meta property=\"og:image:height\" content=\"700\" \/>\n\t<meta property=\"og:image:type\" content=\"image\/jpeg\" \/>\n<meta name=\"twitter:card\" content=\"summary_large_image\" \/>\n<meta name=\"twitter:label1\" content=\"Estimeret l\u00e6setid\" \/>\n\t<meta name=\"twitter:data1\" content=\"3 minutter\" \/>\n<script type=\"application\/ld+json\" class=\"yoast-schema-graph\">{\"@context\":\"https:\/\/schema.org\",\"@graph\":[{\"@type\":\"WebPage\",\"@id\":\"https:\/\/sxflightcase.com\/product\/rack-accessories-raf201\/\",\"url\":\"https:\/\/sxflightcase.com\/product\/rack-accessories-raf201\/\",\"name\":\"Rack Accessories RAF201 - https:\/\/sxflightcase.com \ud83d\udc97\",\"isPartOf\":{\"@id\":\"https:\/\/sxflightcase.com\/th\/#website\"},\"primaryImageOfPage\":{\"@id\":\"https:\/\/sxflightcase.com\/product\/rack-accessories-raf201\/#primaryimage\"},\"image\":{\"@id\":\"https:\/\/sxflightcase.com\/product\/rack-accessories-raf201\/#primaryimage\"},\"thumbnailUrl\":\"https:\/\/sxflightcase.com\/wp-content\/uploads\/2024\/09\/RAF201.jpg\",\"datePublished\":\"2024-09-19T03:05:42+00:00\",\"dateModified\":\"2024-09-19T03:09:52+00:00\",\"description\":\"SX Rack Accessories offer durable, affordable solutions for any rack setup. Factory-direct pricing ensures you get premium products without the high cost.\",\"breadcrumb\":{\"@id\":\"https:\/\/sxflightcase.com\/product\/rack-accessories-raf201\/#breadcrumb\"},\"inLanguage\":\"da-DK\",\"potentialAction\":[{\"@type\":\"ReadAction\",\"target\":[\"https:\/\/sxflightcase.com\/product\/rack-accessories-raf201\/\"]}]},{\"@type\":\"ImageObject\",\"inLanguage\":\"da-DK\",\"@id\":\"https:\/\/sxflightcase.com\/product\/rack-accessories-raf201\/#primaryimage\",\"url\":\"https:\/\/sxflightcase.com\/wp-content\/uploads\/2024\/09\/RAF201.jpg\",\"contentUrl\":\"https:\/\/sxflightcase.com\/wp-content\/uploads\/2024\/09\/RAF201.jpg\",\"width\":700,\"height\":700,\"caption\":\"Rack Accessories\"},{\"@type\":\"BreadcrumbList\",\"@id\":\"https:\/\/sxflightcase.com\/product\/rack-accessories-raf201\/#breadcrumb\",\"itemListElement\":[{\"@type\":\"ListItem\",\"position\":1,\"name\":\"Home\",\"item\":\"https:\/\/sxflightcase.com\/\"},{\"@type\":\"ListItem\",\"position\":2,\"name\":\"\u0e2a\u0e34\u0e19\u0e04\u0e49\u0e32\",\"item\":\"https:\/\/sxflightcase.com\/th\/shop\/\"},{\"@type\":\"ListItem\",\"position\":3,\"name\":\"Rack Accessories RAF201\"}]},{\"@type\":\"WebSite\",\"@id\":\"https:\/\/sxflightcase.com\/th\/#website\",\"url\":\"https:\/\/sxflightcase.com\/th\/\",\"name\":\"sxpowercase.com\",\"description\":\"Flight Case Factory\",\"publisher\":{\"@id\":\"https:\/\/sxflightcase.com\/th\/#organization\"},\"potentialAction\":[{\"@type\":\"SearchAction\",\"target\":{\"@type\":\"EntryPoint\",\"urlTemplate\":\"https:\/\/sxflightcase.com\/th\/?s={search_term_string}\"},\"query-input\":{\"@type\":\"PropertyValueSpecification\",\"valueRequired\":true,\"valueName\":\"search_term_string\"}}],\"inLanguage\":\"da-DK\"},{\"@type\":\"Organization\",\"@id\":\"https:\/\/sxflightcase.com\/th\/#organization\",\"name\":\"sxpowercase.com\",\"url\":\"https:\/\/sxflightcase.com\/th\/\",\"logo\":{\"@type\":\"ImageObject\",\"inLanguage\":\"da-DK\",\"@id\":\"https:\/\/sxflightcase.com\/th\/#\/schema\/logo\/image\/\",\"url\":\"https:\/\/sxflightcase.com\/wp-content\/uploads\/2024\/04\/1713919036007.jpg\",\"contentUrl\":\"https:\/\/sxflightcase.com\/wp-content\/uploads\/2024\/04\/1713919036007.jpg\",\"width\":382,\"height\":388,\"caption\":\"sxpowercase.com\"},\"image\":{\"@id\":\"https:\/\/sxflightcase.com\/th\/#\/schema\/logo\/image\/\"},\"sameAs\":[\"https:\/\/www.facebook.com\/profile.php?id=61560407257971\"],\"numberOfEmployees\":{\"@type\":\"QuantitativeValue\",\"minValue\":\"11\",\"maxValue\":\"50\"}}]}<\/script>\n<!-- \/ Yoast SEO Premium plugin. -->","yoast_head_json":{"title":"Rack Accessories RAF201 - https:\/\/sxflightcase.com \ud83d\udc97","description":"SX Rack Accessories tilbyder holdbare, prisvenlige l\u00f8sninger til enhver rackops\u00e6tning. Direkte fabrikspriser sikrer, at du f\u00e5r f\u00f8rsteklasses produkter uden de h\u00f8je omkostninger.","robots":{"index":"index","follow":"follow","max-snippet":"max-snippet:-1","max-image-preview":"max-image-preview:large","max-video-preview":"max-video-preview:-1"},"canonical":"https:\/\/sxflightcase.com\/da\/vare\/tilbehor-til-reoler-raf201-2\/","og_locale":"da_DK","og_type":"article","og_title":"Rack Accessories RAF201","og_description":"SX Rack Accessories offer durable, affordable solutions for any rack setup. Factory-direct pricing ensures you get premium products without the high cost.","og_url":"https:\/\/sxflightcase.com\/da\/vare\/tilbehor-til-reoler-raf201-2\/","og_site_name":"https:\/\/sxflightcase.com","article_publisher":"https:\/\/www.facebook.com\/profile.php?id=61560407257971","article_modified_time":"2024-09-19T03:09:52+00:00","og_image":[{"width":700,"height":700,"url":"https:\/\/sxflightcase.com\/wp-content\/uploads\/2024\/09\/RAF201.jpg","type":"image\/jpeg"}],"twitter_card":"summary_large_image","twitter_misc":{"Estimeret l\u00e6setid":"3 minutter"},"schema":{"@context":"https:\/\/schema.org","@graph":[{"@type":"WebPage","@id":"https:\/\/sxflightcase.com\/product\/rack-accessories-raf201\/","url":"https:\/\/sxflightcase.com\/product\/rack-accessories-raf201\/","name":"Rack Accessories RAF201 - https:\/\/sxflightcase.com \ud83d\udc97","isPartOf":{"@id":"https:\/\/sxflightcase.com\/th\/#website"},"primaryImageOfPage":{"@id":"https:\/\/sxflightcase.com\/product\/rack-accessories-raf201\/#primaryimage"},"image":{"@id":"https:\/\/sxflightcase.com\/product\/rack-accessories-raf201\/#primaryimage"},"thumbnailUrl":"https:\/\/sxflightcase.com\/wp-content\/uploads\/2024\/09\/RAF201.jpg","datePublished":"2024-09-19T03:05:42+00:00","dateModified":"2024-09-19T03:09:52+00:00","description":"SX Rack Accessories tilbyder holdbare, prisvenlige l\u00f8sninger til enhver rackops\u00e6tning. Direkte fabrikspriser sikrer, at du f\u00e5r f\u00f8rsteklasses produkter uden de h\u00f8je omkostninger.","breadcrumb":{"@id":"https:\/\/sxflightcase.com\/product\/rack-accessories-raf201\/#breadcrumb"},"inLanguage":"da-DK","potentialAction":[{"@type":"ReadAction","target":["https:\/\/sxflightcase.com\/product\/rack-accessories-raf201\/"]}]},{"@type":"ImageObject","inLanguage":"da-DK","@id":"https:\/\/sxflightcase.com\/product\/rack-accessories-raf201\/#primaryimage","url":"https:\/\/sxflightcase.com\/wp-content\/uploads\/2024\/09\/RAF201.jpg","contentUrl":"https:\/\/sxflightcase.com\/wp-content\/uploads\/2024\/09\/RAF201.jpg","width":700,"height":700,"caption":"Rack Accessories"},{"@type":"BreadcrumbList","@id":"https:\/\/sxflightcase.com\/product\/rack-accessories-raf201\/#breadcrumb","itemListElement":[{"@type":"ListItem","position":1,"name":"Home","item":"https:\/\/sxflightcase.com\/"},{"@type":"ListItem","position":2,"name":"\u0e2a\u0e34\u0e19\u0e04\u0e49\u0e32","item":"https:\/\/sxflightcase.com\/th\/shop\/"},{"@type":"ListItem","position":3,"name":"Rack Accessories RAF201"}]},{"@type":"WebSite","@id":"https:\/\/sxflightcase.com\/th\/#website","url":"https:\/\/sxflightcase.com\/th\/","name":"sxpowercase.com","description":"Flight Case Factory","publisher":{"@id":"https:\/\/sxflightcase.com\/th\/#organization"},"potentialAction":[{"@type":"SearchAction","target":{"@type":"EntryPoint","urlTemplate":"https:\/\/sxflightcase.com\/th\/?s={search_term_string}"},"query-input":{"@type":"PropertyValueSpecification","valueRequired":true,"valueName":"search_term_string"}}],"inLanguage":"da-DK"},{"@type":"Organization","@id":"https:\/\/sxflightcase.com\/th\/#organization","name":"sxpowercase.com","url":"https:\/\/sxflightcase.com\/th\/","logo":{"@type":"ImageObject","inLanguage":"da-DK","@id":"https:\/\/sxflightcase.com\/th\/#\/schema\/logo\/image\/","url":"https:\/\/sxflightcase.com\/wp-content\/uploads\/2024\/04\/1713919036007.jpg","contentUrl":"https:\/\/sxflightcase.com\/wp-content\/uploads\/2024\/04\/1713919036007.jpg","width":382,"height":388,"caption":"sxpowercase.com"},"image":{"@id":"https:\/\/sxflightcase.com\/th\/#\/schema\/logo\/image\/"},"sameAs":["https:\/\/www.facebook.com\/profile.php?id=61560407257971"],"numberOfEmployees":{"@type":"QuantitativeValue","minValue":"11","maxValue":"50"}}]}},"_links":{"self":[{"href":"https:\/\/sxflightcase.com\/da\/wp-json\/wp\/v2\/product\/4435","targetHints":{"allow":["GET"]}}],"collection":[{"href":"https:\/\/sxflightcase.com\/da\/wp-json\/wp\/v2\/product"}],"about":[{"href":"https:\/\/sxflightcase.com\/da\/wp-json\/wp\/v2\/types\/product"}],"replies":[{"embeddable":true,"href":"https:\/\/sxflightcase.com\/da\/wp-json\/wp\/v2\/comments?post=4435"}],"version-history":[{"count":0,"href":"https:\/\/sxflightcase.com\/da\/wp-json\/wp\/v2\/product\/4435\/revisions"}],"wp:featuredmedia":[{"embeddable":true,"href":"https:\/\/sxflightcase.com\/da\/wp-json\/wp\/v2\/media\/4297"}],"wp:attachment":[{"href":"https:\/\/sxflightcase.com\/da\/wp-json\/wp\/v2\/media?parent=4435"}],"wp:term":[{"taxonomy":"product_brand","embeddable":true,"href":"https:\/\/sxflightcase.com\/da\/wp-json\/wp\/v2\/product_brand?post=4435"},{"taxonomy":"product_cat","embeddable":true,"href":"https:\/\/sxflightcase.com\/da\/wp-json\/wp\/v2\/product_cat?post=4435"},{"taxonomy":"product_tag","embeddable":true,"href":"https:\/\/sxflightcase.com\/da\/wp-json\/wp\/v2\/product_tag?post=4435"}],"curies":[{"name":"wp","href":"https:\/\/api.w.org\/{rel}","templated":true}]}}