{"id":4436,"date":"2024-09-19T04:09:39","date_gmt":"2024-09-19T03:09:39","guid":{"rendered":"https:\/\/sxpowercase.com\/?post_type=product&#038;p=4436"},"modified":"2024-09-19T04:10:17","modified_gmt":"2024-09-19T03:10:17","slug":"rack-accessories-raf301","status":"publish","type":"product","link":"https:\/\/sxflightcase.com\/da\/vare\/tilbehor-til-stativ-raf301\/","title":{"rendered":"Rack tilbeh\u00f8r RAF301"},"content":{"rendered":"<h3>Tilbeh\u00f8r til SX-rack: Forbedr dit racksystem med prisvenlige l\u00f8sninger<\/h3>\n<p>At v\u00e6lge det rigtige <a href=\"https:\/\/sxpowercase.com\/product\/rack-accessories-raf201\/\"><strong>Tilbeh\u00f8r til stativer<\/strong><\/a> er afg\u00f8rende for at maksimere funktionaliteten i dit reolsystem. P\u00e5 <strong>SX<\/strong>Vi tilbyder et omfattende udvalg af tilbeh\u00f8r af h\u00f8j kvalitet, herunder ventilerede paneler, kabelh\u00e5ndteringsv\u00e6rkt\u00f8jer og monteringsbeslag. Hvert produkt er designet til at opfylde de specifikke behov i professionelle audio-visuelle og IT-ops\u00e6tninger og sikrer, at dit udstyr forbliver organiseret og sikkert.<\/p>\n<h3>Fabriksn\u00e6re besparelser og kvalitetssikring<\/h3>\n<p>Med <strong><a title=\"SX\" href=\"https:\/\/sxpowercase.com\/\" target=\"_blank\" rel=\"noopener\" data-wpil-monitor-id=\"767\">SX<\/a><\/strong>f\u00e5r du pr\u00e6mie <strong>Tilbeh\u00f8r til stativer<\/strong> til uovertrufne priser. Vores fabriksn\u00e6re salgsmodel giver os mulighed for at sk\u00e6re mellemm\u00e6nd v\u00e6k og give besparelserne direkte videre til dig. Vi prioriterer kvalitet uden den h\u00f8je pris og sikrer, at hvert produkt leverer p\u00e5lidelig ydeevne til en omkostningseffektiv pris. V\u00e6lg <strong>SX<\/strong> for overkommelige og p\u00e5lidelige rack-l\u00f8sninger.<\/p>\n<h3>Let at bruge og installere<\/h3>\n<p>Vores <strong>Tilbeh\u00f8r til SX-rack<\/strong> er konstrueret til hurtig og nem installation. Uanset om du tilf\u00f8jer ekstra ventilation for at forhindre overophedning eller installerer et kabelstyringssystem for at holde orden, passer hvert tilbeh\u00f8r problemfrit ind i standard rackops\u00e6tninger. Med <strong>SX<\/strong>Det er nemt at ops\u00e6tte eller opgradere dit system, s\u00e5 du sparer b\u00e5de tid og kr\u00e6fter.<\/p>\n<h3>Holdbar og langtidsholdbar<\/h3>\n<p>Alle <strong>SX<\/strong> produkter er bygget af holdbare materialer af industriel kvalitet, der sikrer din <strong>Tilbeh\u00f8r til stativer<\/strong> holder i \u00e5revis. Uanset om du har med f\u00f8lsom elektronik eller kraftig hardware at g\u00f8re, tilbyder vores tilbeh\u00f8r den styrke og holdbarhed, der kr\u00e6ves for at beskytte dit v\u00e6rdifulde udstyr. Med <strong>SX<\/strong>f\u00e5r du tilbeh\u00f8r, der er designet til at modst\u00e5 kr\u00e6vende milj\u00f8er.<\/p>\n<h3>Alsidige muligheder for alle stativkonfigurationer<\/h3>\n<p>P\u00e5 <strong>SX<\/strong>Vi tilbyder et bredt udvalg af <strong>Tilbeh\u00f8r til stativ<\/strong>\u00a0der passer til ethvert behov. Fra udfyldningspaneler til kabelbakker og monteringsskinner d\u00e6kker vores produkter alt det v\u00e6sentlige. Uanset din konfiguration, <strong>SX<\/strong> har tilbeh\u00f8ret til at fuldende dit reolsystem, s\u00e5 det bliver mere organiseret, effektivt og sikkert.<\/p>\n<h3>Konklusion<\/h3>\n<p>For topkvalitet til en overkommelig pris <strong>Tilbeh\u00f8r til stativ<\/strong>, tillid <strong>SX<\/strong> til at levere. Vores direkte fabrikspriser, holdbare materialer og nemme installation g\u00f8r os til det foretrukne valg for professionelle, der \u00f8nsker at forbedre deres reolsystemer. Forbedr dit reolsystem med <strong>Tilbeh\u00f8r til SX-rack<\/strong> i dag.<\/p>\n<ol>\n<li>Kontakt nu:<span style=\"color: #0000ff;\"><a style=\"color: #0000ff;\" href=\"https:\/\/sxpowercase.com\/contact-us\/\">https:\/\/sxpowercase.com\/<\/a><\/span><\/li>\n<li>Hardware produktkatalog:<span style=\"color: #0000ff;\"><a style=\"color: #0000ff;\" href=\"https:\/\/sxpowercase.com\/wp-content\/uploads\/2024\/07\/\u4e94\u91d1.pdf\">Hardware tilbeh\u00f8r katalog<\/a><\/span><\/li>\n<\/ol>","protected":false},"excerpt":{"rendered":"<h3>Optimer dit stativ med SX Rack-tilbeh\u00f8r<\/h3>\n<p>SX Rack-tilbeh\u00f8r giver overlegen organisering og beskyttelse af dit system med holdbare l\u00f8sninger som kabelstyring og rackskinner.<\/p>\n<h3>Fabriksindstillede priser for maksimal besparelse<\/h3>\n<p>Nyd f\u00f8rsteklasses tilbeh\u00f8r til stativer til direkte fabrikspriser med SX, hvilket sikrer f\u00f8rsteklasses kvalitet uden at spr\u00e6nge dit budget.<\/p>\n<h3>Nem installation og langtidsholdbare materialer<\/h3>\n<p>SX Rack Accessories er bygget til at holde og designet til nem installation, hvilket g\u00f8r dem perfekte til at forbedre effektiviteten og levetiden af din rackops\u00e6tning.<\/p>","protected":false},"featured_media":4298,"comment_status":"open","ping_status":"closed","template":"","meta":[],"product_brand":[],"product_cat":[66],"product_tag":[],"class_list":{"0":"post-4436","1":"product","2":"type-product","3":"status-publish","4":"has-post-thumbnail","6":"product_cat-rack-hardware","8":"first","9":"instock","10":"shipping-taxable","11":"product-type-simple"},"yoast_head":"<!-- This site is optimized with the Yoast SEO Premium plugin v27.1 (Yoast SEO v27.2) - https:\/\/yoast.com\/product\/yoast-seo-premium-wordpress\/ -->\n<title>Rack Accessories RAF301 - https:\/\/sxflightcase.com \ud83d\udc97<\/title>\n<meta name=\"description\" content=\"SX Rack Accessories offer durable, affordable solutions for any rack setup. Factory-direct pricing ensures you get premium products without the high cost.\" \/>\n<meta name=\"robots\" content=\"index, follow, max-snippet:-1, max-image-preview:large, max-video-preview:-1\" \/>\n<link rel=\"canonical\" href=\"https:\/\/sxflightcase.com\/da\/produk\/aksesoris-rak-raf301-2\/\" \/>\n<meta property=\"og:locale\" content=\"da_DK\" \/>\n<meta property=\"og:type\" content=\"article\" \/>\n<meta property=\"og:title\" content=\"Rack Accessories RAF301\" \/>\n<meta property=\"og:description\" content=\"SX Rack Accessories offer durable, affordable solutions for any rack setup. Factory-direct pricing ensures you get premium products without the high cost.\" \/>\n<meta property=\"og:url\" content=\"https:\/\/sxflightcase.com\/da\/produk\/aksesoris-rak-raf301-2\/\" \/>\n<meta property=\"og:site_name\" content=\"https:\/\/sxflightcase.com\" \/>\n<meta property=\"article:publisher\" content=\"https:\/\/www.facebook.com\/profile.php?id=61560407257971\" \/>\n<meta property=\"article:modified_time\" content=\"2024-09-19T03:10:17+00:00\" \/>\n<meta property=\"og:image\" content=\"https:\/\/sxflightcase.com\/wp-content\/uploads\/2024\/09\/RAF301.jpg\" \/>\n\t<meta property=\"og:image:width\" content=\"700\" \/>\n\t<meta property=\"og:image:height\" content=\"700\" \/>\n\t<meta property=\"og:image:type\" content=\"image\/jpeg\" \/>\n<meta name=\"twitter:card\" content=\"summary_large_image\" \/>\n<meta name=\"twitter:label1\" content=\"Estimeret l\u00e6setid\" \/>\n\t<meta name=\"twitter:data1\" content=\"3 minutter\" \/>\n<script type=\"application\/ld+json\" class=\"yoast-schema-graph\">{\"@context\":\"https:\/\/schema.org\",\"@graph\":[{\"@type\":\"WebPage\",\"@id\":\"https:\/\/sxflightcase.com\/id\/produk\/aksesoris-rak-raf301-2\/\",\"url\":\"https:\/\/sxflightcase.com\/id\/produk\/aksesoris-rak-raf301-2\/\",\"name\":\"Rack Accessories RAF301 - https:\/\/sxflightcase.com \ud83d\udc97\",\"isPartOf\":{\"@id\":\"https:\/\/sxflightcase.com\/th\/#website\"},\"primaryImageOfPage\":{\"@id\":\"https:\/\/sxflightcase.com\/id\/produk\/aksesoris-rak-raf301-2\/#primaryimage\"},\"image\":{\"@id\":\"https:\/\/sxflightcase.com\/id\/produk\/aksesoris-rak-raf301-2\/#primaryimage\"},\"thumbnailUrl\":\"https:\/\/sxflightcase.com\/wp-content\/uploads\/2024\/09\/RAF301.jpg\",\"datePublished\":\"2024-09-19T03:09:39+00:00\",\"dateModified\":\"2024-09-19T03:10:17+00:00\",\"description\":\"SX Rack Accessories offer durable, affordable solutions for any rack setup. Factory-direct pricing ensures you get premium products without the high cost.\",\"breadcrumb\":{\"@id\":\"https:\/\/sxflightcase.com\/id\/produk\/aksesoris-rak-raf301-2\/#breadcrumb\"},\"inLanguage\":\"da-DK\",\"potentialAction\":[{\"@type\":\"ReadAction\",\"target\":[\"https:\/\/sxflightcase.com\/id\/produk\/aksesoris-rak-raf301-2\/\"]}]},{\"@type\":\"ImageObject\",\"inLanguage\":\"da-DK\",\"@id\":\"https:\/\/sxflightcase.com\/id\/produk\/aksesoris-rak-raf301-2\/#primaryimage\",\"url\":\"https:\/\/sxflightcase.com\/wp-content\/uploads\/2024\/09\/RAF301.jpg\",\"contentUrl\":\"https:\/\/sxflightcase.com\/wp-content\/uploads\/2024\/09\/RAF301.jpg\",\"width\":700,\"height\":700,\"caption\":\"Rack Accessories\"},{\"@type\":\"BreadcrumbList\",\"@id\":\"https:\/\/sxflightcase.com\/id\/produk\/aksesoris-rak-raf301-2\/#breadcrumb\",\"itemListElement\":[{\"@type\":\"ListItem\",\"position\":1,\"name\":\"Home\",\"item\":\"https:\/\/sxflightcase.com\/\"},{\"@type\":\"ListItem\",\"position\":2,\"name\":\"\u0e2a\u0e34\u0e19\u0e04\u0e49\u0e32\",\"item\":\"https:\/\/sxflightcase.com\/th\/shop\/\"},{\"@type\":\"ListItem\",\"position\":3,\"name\":\"Rack Accessories RAF301\"}]},{\"@type\":\"WebSite\",\"@id\":\"https:\/\/sxflightcase.com\/th\/#website\",\"url\":\"https:\/\/sxflightcase.com\/th\/\",\"name\":\"sxpowercase.com\",\"description\":\"Flight Case Factory\",\"publisher\":{\"@id\":\"https:\/\/sxflightcase.com\/th\/#organization\"},\"potentialAction\":[{\"@type\":\"SearchAction\",\"target\":{\"@type\":\"EntryPoint\",\"urlTemplate\":\"https:\/\/sxflightcase.com\/th\/?s={search_term_string}\"},\"query-input\":{\"@type\":\"PropertyValueSpecification\",\"valueRequired\":true,\"valueName\":\"search_term_string\"}}],\"inLanguage\":\"da-DK\"},{\"@type\":\"Organization\",\"@id\":\"https:\/\/sxflightcase.com\/th\/#organization\",\"name\":\"sxpowercase.com\",\"url\":\"https:\/\/sxflightcase.com\/th\/\",\"logo\":{\"@type\":\"ImageObject\",\"inLanguage\":\"da-DK\",\"@id\":\"https:\/\/sxflightcase.com\/th\/#\/schema\/logo\/image\/\",\"url\":\"https:\/\/sxflightcase.com\/wp-content\/uploads\/2024\/04\/1713919036007.jpg\",\"contentUrl\":\"https:\/\/sxflightcase.com\/wp-content\/uploads\/2024\/04\/1713919036007.jpg\",\"width\":382,\"height\":388,\"caption\":\"sxpowercase.com\"},\"image\":{\"@id\":\"https:\/\/sxflightcase.com\/th\/#\/schema\/logo\/image\/\"},\"sameAs\":[\"https:\/\/www.facebook.com\/profile.php?id=61560407257971\"],\"numberOfEmployees\":{\"@type\":\"QuantitativeValue\",\"minValue\":\"11\",\"maxValue\":\"50\"}}]}<\/script>\n<!-- \/ Yoast SEO Premium plugin. -->","yoast_head_json":{"title":"Rack Accessories RAF301 - https:\/\/sxflightcase.com \ud83d\udc97","description":"SX Rack Accessories tilbyder holdbare, prisvenlige l\u00f8sninger til enhver rackops\u00e6tning. Direkte fabrikspriser sikrer, at du f\u00e5r f\u00f8rsteklasses produkter uden de h\u00f8je omkostninger.","robots":{"index":"index","follow":"follow","max-snippet":"max-snippet:-1","max-image-preview":"max-image-preview:large","max-video-preview":"max-video-preview:-1"},"canonical":"https:\/\/sxflightcase.com\/da\/produk\/aksesoris-rak-raf301-2\/","og_locale":"da_DK","og_type":"article","og_title":"Rack Accessories RAF301","og_description":"SX Rack Accessories offer durable, affordable solutions for any rack setup. Factory-direct pricing ensures you get premium products without the high cost.","og_url":"https:\/\/sxflightcase.com\/da\/produk\/aksesoris-rak-raf301-2\/","og_site_name":"https:\/\/sxflightcase.com","article_publisher":"https:\/\/www.facebook.com\/profile.php?id=61560407257971","article_modified_time":"2024-09-19T03:10:17+00:00","og_image":[{"width":700,"height":700,"url":"https:\/\/sxflightcase.com\/wp-content\/uploads\/2024\/09\/RAF301.jpg","type":"image\/jpeg"}],"twitter_card":"summary_large_image","twitter_misc":{"Estimeret l\u00e6setid":"3 minutter"},"schema":{"@context":"https:\/\/schema.org","@graph":[{"@type":"WebPage","@id":"https:\/\/sxflightcase.com\/id\/produk\/aksesoris-rak-raf301-2\/","url":"https:\/\/sxflightcase.com\/id\/produk\/aksesoris-rak-raf301-2\/","name":"Rack Accessories RAF301 - https:\/\/sxflightcase.com \ud83d\udc97","isPartOf":{"@id":"https:\/\/sxflightcase.com\/th\/#website"},"primaryImageOfPage":{"@id":"https:\/\/sxflightcase.com\/id\/produk\/aksesoris-rak-raf301-2\/#primaryimage"},"image":{"@id":"https:\/\/sxflightcase.com\/id\/produk\/aksesoris-rak-raf301-2\/#primaryimage"},"thumbnailUrl":"https:\/\/sxflightcase.com\/wp-content\/uploads\/2024\/09\/RAF301.jpg","datePublished":"2024-09-19T03:09:39+00:00","dateModified":"2024-09-19T03:10:17+00:00","description":"SX Rack Accessories tilbyder holdbare, prisvenlige l\u00f8sninger til enhver rackops\u00e6tning. Direkte fabrikspriser sikrer, at du f\u00e5r f\u00f8rsteklasses produkter uden de h\u00f8je omkostninger.","breadcrumb":{"@id":"https:\/\/sxflightcase.com\/id\/produk\/aksesoris-rak-raf301-2\/#breadcrumb"},"inLanguage":"da-DK","potentialAction":[{"@type":"ReadAction","target":["https:\/\/sxflightcase.com\/id\/produk\/aksesoris-rak-raf301-2\/"]}]},{"@type":"ImageObject","inLanguage":"da-DK","@id":"https:\/\/sxflightcase.com\/id\/produk\/aksesoris-rak-raf301-2\/#primaryimage","url":"https:\/\/sxflightcase.com\/wp-content\/uploads\/2024\/09\/RAF301.jpg","contentUrl":"https:\/\/sxflightcase.com\/wp-content\/uploads\/2024\/09\/RAF301.jpg","width":700,"height":700,"caption":"Rack Accessories"},{"@type":"BreadcrumbList","@id":"https:\/\/sxflightcase.com\/id\/produk\/aksesoris-rak-raf301-2\/#breadcrumb","itemListElement":[{"@type":"ListItem","position":1,"name":"Home","item":"https:\/\/sxflightcase.com\/"},{"@type":"ListItem","position":2,"name":"\u0e2a\u0e34\u0e19\u0e04\u0e49\u0e32","item":"https:\/\/sxflightcase.com\/th\/shop\/"},{"@type":"ListItem","position":3,"name":"Rack Accessories RAF301"}]},{"@type":"WebSite","@id":"https:\/\/sxflightcase.com\/th\/#website","url":"https:\/\/sxflightcase.com\/th\/","name":"sxpowercase.com","description":"Flight Case Factory","publisher":{"@id":"https:\/\/sxflightcase.com\/th\/#organization"},"potentialAction":[{"@type":"SearchAction","target":{"@type":"EntryPoint","urlTemplate":"https:\/\/sxflightcase.com\/th\/?s={search_term_string}"},"query-input":{"@type":"PropertyValueSpecification","valueRequired":true,"valueName":"search_term_string"}}],"inLanguage":"da-DK"},{"@type":"Organization","@id":"https:\/\/sxflightcase.com\/th\/#organization","name":"sxpowercase.com","url":"https:\/\/sxflightcase.com\/th\/","logo":{"@type":"ImageObject","inLanguage":"da-DK","@id":"https:\/\/sxflightcase.com\/th\/#\/schema\/logo\/image\/","url":"https:\/\/sxflightcase.com\/wp-content\/uploads\/2024\/04\/1713919036007.jpg","contentUrl":"https:\/\/sxflightcase.com\/wp-content\/uploads\/2024\/04\/1713919036007.jpg","width":382,"height":388,"caption":"sxpowercase.com"},"image":{"@id":"https:\/\/sxflightcase.com\/th\/#\/schema\/logo\/image\/"},"sameAs":["https:\/\/www.facebook.com\/profile.php?id=61560407257971"],"numberOfEmployees":{"@type":"QuantitativeValue","minValue":"11","maxValue":"50"}}]}},"_links":{"self":[{"href":"https:\/\/sxflightcase.com\/da\/wp-json\/wp\/v2\/product\/4436","targetHints":{"allow":["GET"]}}],"collection":[{"href":"https:\/\/sxflightcase.com\/da\/wp-json\/wp\/v2\/product"}],"about":[{"href":"https:\/\/sxflightcase.com\/da\/wp-json\/wp\/v2\/types\/product"}],"replies":[{"embeddable":true,"href":"https:\/\/sxflightcase.com\/da\/wp-json\/wp\/v2\/comments?post=4436"}],"version-history":[{"count":0,"href":"https:\/\/sxflightcase.com\/da\/wp-json\/wp\/v2\/product\/4436\/revisions"}],"wp:featuredmedia":[{"embeddable":true,"href":"https:\/\/sxflightcase.com\/da\/wp-json\/wp\/v2\/media\/4298"}],"wp:attachment":[{"href":"https:\/\/sxflightcase.com\/da\/wp-json\/wp\/v2\/media?parent=4436"}],"wp:term":[{"taxonomy":"product_brand","embeddable":true,"href":"https:\/\/sxflightcase.com\/da\/wp-json\/wp\/v2\/product_brand?post=4436"},{"taxonomy":"product_cat","embeddable":true,"href":"https:\/\/sxflightcase.com\/da\/wp-json\/wp\/v2\/product_cat?post=4436"},{"taxonomy":"product_tag","embeddable":true,"href":"https:\/\/sxflightcase.com\/da\/wp-json\/wp\/v2\/product_tag?post=4436"}],"curies":[{"name":"wp","href":"https:\/\/api.w.org\/{rel}","templated":true}]}}