{"id":4539,"date":"2024-09-24T07:36:38","date_gmt":"2024-09-24T06:36:38","guid":{"rendered":"https:\/\/sxpowercase.com\/?post_type=product&#038;p=4539"},"modified":"2024-09-24T07:36:39","modified_gmt":"2024-09-24T06:36:39","slug":"hinges-wholesaler-hib101","status":"publish","type":"product","link":"https:\/\/sxflightcase.com\/da\/vare\/haengsler-grossist-hib101-2\/","title":{"rendered":"H\u00e6ngsler grossist HIB101"},"content":{"rendered":"<h3>SX: Din p\u00e5lidelige grossist af h\u00e6ngsler til kvalitet og v\u00e6rdi<\/h3>\n<p>N\u00e5r du er p\u00e5 jagt efter en p\u00e5lidelig <a href=\"https:\/\/sxpowercase.com\/product\/hinges-supplier-hia203\/\"><strong>H\u00e6ngsler grossist<\/strong><\/a>skal du ikke lede l\u00e6ngere end <strong>SX<\/strong>. Vi har specialiseret os i at levere et stort udvalg af h\u00e6ngsler, der er designet til at opfylde forskellige behov inden for b\u00e5de bolig og erhverv. Vores engagement i kvalitet sikrer, at du f\u00e5r produkter, som du kan stole p\u00e5.<\/p>\n<h3>Fabriksdirekte priser for at maksimere dine besparelser<\/h3>\n<p>Som f\u00f8rende <strong>H\u00e6ngsler grossist<\/strong>Vi tilbyder <strong>direkte priser fra fabrikken<\/strong> der hj\u00e6lper dig med at spare betydeligt. Ved at eliminere un\u00f8dvendige mellemm\u00e6nd, <strong><a href=\"https:\/\/sxpowercase.com\/\" target=\"_blank\" rel=\"noopener\" title=\"SX\" data-wpil-monitor-id=\"775\">SX<\/a><\/strong> garanterer lave priser uden at g\u00e5 p\u00e5 kompromis med kvaliteten. Denne tilgang g\u00f8r vores h\u00e6ngsler til et fremragende valg for virksomheder, der \u00f8nsker at opretholde fortjenstmargener og samtidig tilbyde kunderne stor v\u00e6rdi.<\/p>\n<h3>Kvalitetssikring, du kan stole p\u00e5<\/h3>\n<p>P\u00e5 <strong>SX<\/strong>Vi mener, at kvalitet er altafg\u00f8rende. Alle vores h\u00e6ngsler gennemg\u00e5r strenge tests for at sikre, at de lever op til branchens standarder. Som en p\u00e5lidelig <strong>H\u00e6ngsler grossist<\/strong>Vi bruger kun materialer af h\u00f8j kvalitet til at fremstille produkter, der er bygget til at holde. Uanset om du har brug for h\u00e6ngsler til d\u00f8re, skabe eller industrielle applikationer, leverer vores muligheder ydeevne og holdbarhed.<\/p>\n<h3>Omfattende udvalg af h\u00e6ngsler til enhver anvendelse<\/h3>\n<p>Vores mangfoldige lager omfatter forskellige typer h\u00e6ngsler, f.eks. skjulte h\u00e6ngsler, stumph\u00e6ngsler og drejeh\u00e6ngsler. Som en betroet <strong>H\u00e6ngsler grossist<\/strong>Vi forst\u00e5r, at hvert projekt har unikke krav. Det er derfor, vi tilbyder muligheder, der kan tilpasses, s\u00e5 du kan finde det perfekte h\u00e6ngsel til dine specifikke behov.<\/p>\n<h3>Str\u00f8mlinet bestillingsproces<\/h3>\n<p>Bestilling fra <strong>SX<\/strong> er ligetil og problemfri. Vores brugervenlige onlineplatform g\u00f8r det nemt at gennemse vores udvalg og afgive ordrer hurtigt. Desuden st\u00e5r vores dedikerede kundeserviceteam altid til r\u00e5dighed for at hj\u00e6lpe dig med eventuelle foresp\u00f8rgsler eller s\u00e6rlige \u00f8nsker. Vi er forpligtet til at g\u00f8re din oplevelse s\u00e5 problemfri som muligt.<\/p>\n<h3>Konklusion<\/h3>\n<p>At v\u00e6lge <strong>SX<\/strong> som din <strong>H\u00e6ngsler grossist<\/strong> betyder, at du samarbejder med et brand, der prioriterer kvalitet, overkommelige priser og kundetilfredshed. Med vores direkte fabrikspriser og omfattende produktsortiment kan du trygt opfylde alle dine krav til h\u00e6ngsler.<\/p>\n<ol>\n<li>Kontakt nu:<span style=\"color: #0000ff;\"><a style=\"color: #0000ff;\" href=\"https:\/\/sxpowercase.com\/contact-us\/\">https:\/\/sxpowercase.com\/<\/a><\/span><\/li>\n<li>Hardware produktkatalog:<span style=\"color: #0000ff;\"><a style=\"color: #0000ff;\" href=\"https:\/\/sxpowercase.com\/wp-content\/uploads\/2024\/07\/\u4e94\u91d1.pdf\">Hardware tilbeh\u00f8r katalog<\/a><\/span><\/li>\n<\/ol>","protected":false},"excerpt":{"rendered":"<h3>SX: Din p\u00e5lidelige grossist af h\u00e6ngsler til kvalitet og v\u00e6rdi<\/h3>\n<p>SX tilbyder et bredt udvalg af h\u00e6ngsler af h\u00f8j kvalitet til private og kommercielle behov, s\u00e5 du er sikker p\u00e5 at f\u00e5 p\u00e5lidelige produkter, du kan stole p\u00e5.<\/p>\n<h3>Fabriksindstillede priser for maksimal besparelse<\/h3>\n<p>Vores fabriksdirekte priser eliminerer mellemm\u00e6nd, s\u00e5 du kan spare betydeligt og samtidig bevare kvaliteten - perfekt til virksomheder, der \u00f8nsker at maksimere fortjenstmargenerne.<\/p>\n<h3>Omfattende udvalg af h\u00e6ngsler til enhver anvendelse<\/h3>\n<p>Fra skjulte til drejelige h\u00e6ngsler tilbyder SX tilpassede muligheder, der er skr\u00e6ddersyet til dine projektkrav, s\u00e5 du kan finde den ideelle h\u00e6ngsell\u00f8sning.<\/p>","protected":false},"featured_media":4493,"comment_status":"open","ping_status":"closed","template":"","meta":[],"product_brand":[],"product_cat":[67],"product_tag":[],"class_list":{"0":"post-4539","1":"product","2":"type-product","3":"status-publish","4":"has-post-thumbnail","6":"product_cat-hingesstays","8":"first","9":"instock","10":"shipping-taxable","11":"product-type-simple"},"yoast_head":"<!-- This site is optimized with the Yoast SEO Premium plugin v27.1 (Yoast SEO v27.2) - https:\/\/yoast.com\/product\/yoast-seo-premium-wordpress\/ -->\n<title>Hinges Wholesaler HIB101 - https:\/\/sxflightcase.com \ud83d\udc97<\/title>\n<meta name=\"description\" content=\"Discover SX, your trusted hinges wholesaler, offering quality products at factory-direct prices. Explore our extensive selection for all your needs.\" \/>\n<meta name=\"robots\" content=\"index, follow, max-snippet:-1, max-image-preview:large, max-video-preview:-1\" \/>\n<link rel=\"canonical\" href=\"https:\/\/sxflightcase.com\/da\/\u7522\u54c1\/\u9278\u93c8\u6279\u767c\u5546-hib101-2\/\" \/>\n<meta property=\"og:locale\" content=\"da_DK\" \/>\n<meta property=\"og:type\" content=\"article\" \/>\n<meta property=\"og:title\" content=\"Hinges Wholesaler HIB101\" \/>\n<meta property=\"og:description\" content=\"Discover SX, your trusted hinges wholesaler, offering quality products at factory-direct prices. Explore our extensive selection for all your needs.\" \/>\n<meta property=\"og:url\" content=\"https:\/\/sxflightcase.com\/da\/\u7522\u54c1\/\u9278\u93c8\u6279\u767c\u5546-hib101-2\/\" \/>\n<meta property=\"og:site_name\" content=\"https:\/\/sxflightcase.com\" \/>\n<meta property=\"article:publisher\" content=\"https:\/\/www.facebook.com\/profile.php?id=61560407257971\" \/>\n<meta property=\"article:modified_time\" content=\"2024-09-24T06:36:39+00:00\" \/>\n<meta property=\"og:image\" content=\"https:\/\/sxflightcase.com\/wp-content\/uploads\/2024\/09\/HIB101.jpg\" \/>\n\t<meta property=\"og:image:width\" content=\"700\" \/>\n\t<meta property=\"og:image:height\" content=\"700\" \/>\n\t<meta property=\"og:image:type\" content=\"image\/jpeg\" \/>\n<meta name=\"twitter:card\" content=\"summary_large_image\" \/>\n<meta name=\"twitter:label1\" content=\"Estimeret l\u00e6setid\" \/>\n\t<meta name=\"twitter:data1\" content=\"2 minutter\" \/>\n<script type=\"application\/ld+json\" class=\"yoast-schema-graph\">{\"@context\":\"https:\/\/schema.org\",\"@graph\":[{\"@type\":\"WebPage\",\"@id\":\"https:\/\/sxflightcase.com\/zh_hk\/\u7522\u54c1\/\u9278\u93c8\u6279\u767c\u5546-hib101-2\/\",\"url\":\"https:\/\/sxflightcase.com\/zh_hk\/\u7522\u54c1\/\u9278\u93c8\u6279\u767c\u5546-hib101-2\/\",\"name\":\"Hinges Wholesaler HIB101 - https:\/\/sxflightcase.com \ud83d\udc97\",\"isPartOf\":{\"@id\":\"https:\/\/sxflightcase.com\/th\/#website\"},\"primaryImageOfPage\":{\"@id\":\"https:\/\/sxflightcase.com\/zh_hk\/\u7522\u54c1\/\u9278\u93c8\u6279\u767c\u5546-hib101-2\/#primaryimage\"},\"image\":{\"@id\":\"https:\/\/sxflightcase.com\/zh_hk\/\u7522\u54c1\/\u9278\u93c8\u6279\u767c\u5546-hib101-2\/#primaryimage\"},\"thumbnailUrl\":\"https:\/\/sxflightcase.com\/wp-content\/uploads\/2024\/09\/HIB101.jpg\",\"datePublished\":\"2024-09-24T06:36:38+00:00\",\"dateModified\":\"2024-09-24T06:36:39+00:00\",\"description\":\"Discover SX, your trusted hinges wholesaler, offering quality products at factory-direct prices. Explore our extensive selection for all your needs.\",\"breadcrumb\":{\"@id\":\"https:\/\/sxflightcase.com\/zh_hk\/\u7522\u54c1\/\u9278\u93c8\u6279\u767c\u5546-hib101-2\/#breadcrumb\"},\"inLanguage\":\"da-DK\",\"potentialAction\":[{\"@type\":\"ReadAction\",\"target\":[\"https:\/\/sxflightcase.com\/zh_hk\/\u7522\u54c1\/\u9278\u93c8\u6279\u767c\u5546-hib101-2\/\"]}]},{\"@type\":\"ImageObject\",\"inLanguage\":\"da-DK\",\"@id\":\"https:\/\/sxflightcase.com\/zh_hk\/\u7522\u54c1\/\u9278\u93c8\u6279\u767c\u5546-hib101-2\/#primaryimage\",\"url\":\"https:\/\/sxflightcase.com\/wp-content\/uploads\/2024\/09\/HIB101.jpg\",\"contentUrl\":\"https:\/\/sxflightcase.com\/wp-content\/uploads\/2024\/09\/HIB101.jpg\",\"width\":700,\"height\":700,\"caption\":\"Hinges Wholesaler\"},{\"@type\":\"BreadcrumbList\",\"@id\":\"https:\/\/sxflightcase.com\/zh_hk\/\u7522\u54c1\/\u9278\u93c8\u6279\u767c\u5546-hib101-2\/#breadcrumb\",\"itemListElement\":[{\"@type\":\"ListItem\",\"position\":1,\"name\":\"Home\",\"item\":\"https:\/\/sxflightcase.com\/\"},{\"@type\":\"ListItem\",\"position\":2,\"name\":\"\u0e2a\u0e34\u0e19\u0e04\u0e49\u0e32\",\"item\":\"https:\/\/sxflightcase.com\/th\/shop\/\"},{\"@type\":\"ListItem\",\"position\":3,\"name\":\"Hinges Wholesaler HIB101\"}]},{\"@type\":\"WebSite\",\"@id\":\"https:\/\/sxflightcase.com\/th\/#website\",\"url\":\"https:\/\/sxflightcase.com\/th\/\",\"name\":\"sxpowercase.com\",\"description\":\"Flight Case Factory\",\"publisher\":{\"@id\":\"https:\/\/sxflightcase.com\/th\/#organization\"},\"potentialAction\":[{\"@type\":\"SearchAction\",\"target\":{\"@type\":\"EntryPoint\",\"urlTemplate\":\"https:\/\/sxflightcase.com\/th\/?s={search_term_string}\"},\"query-input\":{\"@type\":\"PropertyValueSpecification\",\"valueRequired\":true,\"valueName\":\"search_term_string\"}}],\"inLanguage\":\"da-DK\"},{\"@type\":\"Organization\",\"@id\":\"https:\/\/sxflightcase.com\/th\/#organization\",\"name\":\"sxpowercase.com\",\"url\":\"https:\/\/sxflightcase.com\/th\/\",\"logo\":{\"@type\":\"ImageObject\",\"inLanguage\":\"da-DK\",\"@id\":\"https:\/\/sxflightcase.com\/th\/#\/schema\/logo\/image\/\",\"url\":\"https:\/\/sxflightcase.com\/wp-content\/uploads\/2024\/04\/1713919036007.jpg\",\"contentUrl\":\"https:\/\/sxflightcase.com\/wp-content\/uploads\/2024\/04\/1713919036007.jpg\",\"width\":382,\"height\":388,\"caption\":\"sxpowercase.com\"},\"image\":{\"@id\":\"https:\/\/sxflightcase.com\/th\/#\/schema\/logo\/image\/\"},\"sameAs\":[\"https:\/\/www.facebook.com\/profile.php?id=61560407257971\"],\"numberOfEmployees\":{\"@type\":\"QuantitativeValue\",\"minValue\":\"11\",\"maxValue\":\"50\"}}]}<\/script>\n<!-- \/ Yoast SEO Premium plugin. -->","yoast_head_json":{"title":"Hinges Wholesaler HIB101 - https:\/\/sxflightcase.com \ud83d\udc97","description":"Oplev SX, din p\u00e5lidelige grossist af h\u00e6ngsler, der tilbyder kvalitetsprodukter til direkte fabrikspriser. Udforsk vores omfattende udvalg til alle dine behov.","robots":{"index":"index","follow":"follow","max-snippet":"max-snippet:-1","max-image-preview":"max-image-preview:large","max-video-preview":"max-video-preview:-1"},"canonical":"https:\/\/sxflightcase.com\/da\/\u7522\u54c1\/\u9278\u93c8\u6279\u767c\u5546-hib101-2\/","og_locale":"da_DK","og_type":"article","og_title":"Hinges Wholesaler HIB101","og_description":"Discover SX, your trusted hinges wholesaler, offering quality products at factory-direct prices. Explore our extensive selection for all your needs.","og_url":"https:\/\/sxflightcase.com\/da\/\u7522\u54c1\/\u9278\u93c8\u6279\u767c\u5546-hib101-2\/","og_site_name":"https:\/\/sxflightcase.com","article_publisher":"https:\/\/www.facebook.com\/profile.php?id=61560407257971","article_modified_time":"2024-09-24T06:36:39+00:00","og_image":[{"width":700,"height":700,"url":"https:\/\/sxflightcase.com\/wp-content\/uploads\/2024\/09\/HIB101.jpg","type":"image\/jpeg"}],"twitter_card":"summary_large_image","twitter_misc":{"Estimeret l\u00e6setid":"2 minutter"},"schema":{"@context":"https:\/\/schema.org","@graph":[{"@type":"WebPage","@id":"https:\/\/sxflightcase.com\/zh_hk\/\u7522\u54c1\/\u9278\u93c8\u6279\u767c\u5546-hib101-2\/","url":"https:\/\/sxflightcase.com\/zh_hk\/\u7522\u54c1\/\u9278\u93c8\u6279\u767c\u5546-hib101-2\/","name":"Hinges Wholesaler HIB101 - https:\/\/sxflightcase.com \ud83d\udc97","isPartOf":{"@id":"https:\/\/sxflightcase.com\/th\/#website"},"primaryImageOfPage":{"@id":"https:\/\/sxflightcase.com\/zh_hk\/\u7522\u54c1\/\u9278\u93c8\u6279\u767c\u5546-hib101-2\/#primaryimage"},"image":{"@id":"https:\/\/sxflightcase.com\/zh_hk\/\u7522\u54c1\/\u9278\u93c8\u6279\u767c\u5546-hib101-2\/#primaryimage"},"thumbnailUrl":"https:\/\/sxflightcase.com\/wp-content\/uploads\/2024\/09\/HIB101.jpg","datePublished":"2024-09-24T06:36:38+00:00","dateModified":"2024-09-24T06:36:39+00:00","description":"Oplev SX, din p\u00e5lidelige grossist af h\u00e6ngsler, der tilbyder kvalitetsprodukter til direkte fabrikspriser. Udforsk vores omfattende udvalg til alle dine behov.","breadcrumb":{"@id":"https:\/\/sxflightcase.com\/zh_hk\/\u7522\u54c1\/\u9278\u93c8\u6279\u767c\u5546-hib101-2\/#breadcrumb"},"inLanguage":"da-DK","potentialAction":[{"@type":"ReadAction","target":["https:\/\/sxflightcase.com\/zh_hk\/\u7522\u54c1\/\u9278\u93c8\u6279\u767c\u5546-hib101-2\/"]}]},{"@type":"ImageObject","inLanguage":"da-DK","@id":"https:\/\/sxflightcase.com\/zh_hk\/\u7522\u54c1\/\u9278\u93c8\u6279\u767c\u5546-hib101-2\/#primaryimage","url":"https:\/\/sxflightcase.com\/wp-content\/uploads\/2024\/09\/HIB101.jpg","contentUrl":"https:\/\/sxflightcase.com\/wp-content\/uploads\/2024\/09\/HIB101.jpg","width":700,"height":700,"caption":"Hinges Wholesaler"},{"@type":"BreadcrumbList","@id":"https:\/\/sxflightcase.com\/zh_hk\/\u7522\u54c1\/\u9278\u93c8\u6279\u767c\u5546-hib101-2\/#breadcrumb","itemListElement":[{"@type":"ListItem","position":1,"name":"Home","item":"https:\/\/sxflightcase.com\/"},{"@type":"ListItem","position":2,"name":"\u0e2a\u0e34\u0e19\u0e04\u0e49\u0e32","item":"https:\/\/sxflightcase.com\/th\/shop\/"},{"@type":"ListItem","position":3,"name":"Hinges Wholesaler HIB101"}]},{"@type":"WebSite","@id":"https:\/\/sxflightcase.com\/th\/#website","url":"https:\/\/sxflightcase.com\/th\/","name":"sxpowercase.com","description":"Flight Case Factory","publisher":{"@id":"https:\/\/sxflightcase.com\/th\/#organization"},"potentialAction":[{"@type":"SearchAction","target":{"@type":"EntryPoint","urlTemplate":"https:\/\/sxflightcase.com\/th\/?s={search_term_string}"},"query-input":{"@type":"PropertyValueSpecification","valueRequired":true,"valueName":"search_term_string"}}],"inLanguage":"da-DK"},{"@type":"Organization","@id":"https:\/\/sxflightcase.com\/th\/#organization","name":"sxpowercase.com","url":"https:\/\/sxflightcase.com\/th\/","logo":{"@type":"ImageObject","inLanguage":"da-DK","@id":"https:\/\/sxflightcase.com\/th\/#\/schema\/logo\/image\/","url":"https:\/\/sxflightcase.com\/wp-content\/uploads\/2024\/04\/1713919036007.jpg","contentUrl":"https:\/\/sxflightcase.com\/wp-content\/uploads\/2024\/04\/1713919036007.jpg","width":382,"height":388,"caption":"sxpowercase.com"},"image":{"@id":"https:\/\/sxflightcase.com\/th\/#\/schema\/logo\/image\/"},"sameAs":["https:\/\/www.facebook.com\/profile.php?id=61560407257971"],"numberOfEmployees":{"@type":"QuantitativeValue","minValue":"11","maxValue":"50"}}]}},"_links":{"self":[{"href":"https:\/\/sxflightcase.com\/da\/wp-json\/wp\/v2\/product\/4539","targetHints":{"allow":["GET"]}}],"collection":[{"href":"https:\/\/sxflightcase.com\/da\/wp-json\/wp\/v2\/product"}],"about":[{"href":"https:\/\/sxflightcase.com\/da\/wp-json\/wp\/v2\/types\/product"}],"replies":[{"embeddable":true,"href":"https:\/\/sxflightcase.com\/da\/wp-json\/wp\/v2\/comments?post=4539"}],"version-history":[{"count":0,"href":"https:\/\/sxflightcase.com\/da\/wp-json\/wp\/v2\/product\/4539\/revisions"}],"wp:featuredmedia":[{"embeddable":true,"href":"https:\/\/sxflightcase.com\/da\/wp-json\/wp\/v2\/media\/4493"}],"wp:attachment":[{"href":"https:\/\/sxflightcase.com\/da\/wp-json\/wp\/v2\/media?parent=4539"}],"wp:term":[{"taxonomy":"product_brand","embeddable":true,"href":"https:\/\/sxflightcase.com\/da\/wp-json\/wp\/v2\/product_brand?post=4539"},{"taxonomy":"product_cat","embeddable":true,"href":"https:\/\/sxflightcase.com\/da\/wp-json\/wp\/v2\/product_cat?post=4539"},{"taxonomy":"product_tag","embeddable":true,"href":"https:\/\/sxflightcase.com\/da\/wp-json\/wp\/v2\/product_tag?post=4539"}],"curies":[{"name":"wp","href":"https:\/\/api.w.org\/{rel}","templated":true}]}}