{"id":4542,"date":"2024-09-24T07:44:19","date_gmt":"2024-09-24T06:44:19","guid":{"rendered":"https:\/\/sxpowercase.com\/?post_type=product&#038;p=4542"},"modified":"2024-09-24T07:44:19","modified_gmt":"2024-09-24T06:44:19","slug":"flight-case-hinges-hic101","status":"publish","type":"product","link":"https:\/\/sxflightcase.com\/da\/vare\/haengsler-til-flightcase-hic101-2\/","title":{"rendered":"H\u00e6ngsler til flightcase HIC101"},"content":{"rendered":"<h3>X: Din kilde til p\u00e5lidelige h\u00e6ngsler til flykufferter<\/h3>\n<p>N\u00e5r det drejer sig om at beskytte dit v\u00e6rdifulde udstyr, er kvaliteten af dit <span style=\"color: #0000ff;\"><a style=\"color: #0000ff;\" href=\"https:\/\/sxpowercase.com\/product\/hinges-wholesaler-hib102\/\">H\u00e6ngsler til flightcase<\/a><\/span> er afg\u00f8rende. P\u00e5 <strong>SX<\/strong>Vi har specialiseret os i at levere f\u00f8rsteklasses flightcase-h\u00e6ngsler, der sikrer holdbarhed og p\u00e5lidelighed. Vores produkter er designet til at modst\u00e5 transportens strabadser, samtidig med at de holder dit udstyr trygt og sikkert.<\/p>\n<h3>Direkte fabrikspriser for kvalitetsh\u00e6ngsler<\/h3>\n<p>Som en f\u00f8rende leverand\u00f8r, <strong><a href=\"https:\/\/sxpowercase.com\/\" target=\"_blank\" rel=\"noopener\" title=\"SX\" data-wpil-monitor-id=\"777\">SX<\/a><\/strong> Tilbud <strong>direkte priser fra fabrikken<\/strong> p\u00e5 alle vores flightcase-h\u00e6ngsler. Det betyder, at du f\u00e5r fordel af konkurrencedygtige priser uden at g\u00e5 p\u00e5 kompromis med kvaliteten. Ved at sk\u00e6re mellemmanden v\u00e6k giver vi besparelserne direkte videre til dig, hvilket g\u00f8r det nemmere at holde sig inden for budgettet for dine projekter.<\/p>\n<h3>Forpligtelse til kvalitetssikring<\/h3>\n<p>P\u00e5 <strong>SX<\/strong>Vi forst\u00e5r, at kvalitet ikke er til forhandling, n\u00e5r det drejer sig om h\u00e6ngsler til flightcases. Vores h\u00e6ngsler gennemg\u00e5r strenge kvalitetskontroller for at sikre, at de lever op til de h\u00f8jeste standarder. Vi er forpligtet til at levere produkter, der ikke kun er holdbare, men ogs\u00e5 p\u00e5lidelige, s\u00e5 du kan have ro i sindet og vide, at dit udstyr er godt beskyttet.<\/p>\n<h3>Alsidige muligheder til ethvert behov<\/h3>\n<p>Vores udvalg af flightcase-h\u00e6ngsler er designet til at im\u00f8dekomme forskellige anvendelser. Uanset om du har brug for standardh\u00e6ngsler eller kraftige l\u00f8sninger, <strong>SX<\/strong> er du d\u00e6kket ind. Vi s\u00e6tter en \u00e6re i at tilbyde et varieret udvalg, der opfylder de specifikke behov hos fagfolk p\u00e5 tv\u00e6rs af forskellige brancher, s\u00e5 du kan finde den perfekte l\u00f8sning til dine flightcases.<\/p>\n<h3>Nem bestilling og hurtig levering<\/h3>\n<p>Bestilling af flightcase-h\u00e6ngsel fra <strong>SX<\/strong> er ligetil og effektiv. Vores brugervenlige hjemmeside giver dig mulighed for nemt at gennemse vores udvalg og afgive ordrer med blot et par klik. Desuden er vi stolte af vores hurtige levering, s\u00e5 du kan modtage dine h\u00e6ngsler med det samme og komme tilbage til det, du er bedst til.<\/p>\n<h3>Konklusion<\/h3>\n<p>V\u00e6lg <strong>SX<\/strong> til dit flightcase-h\u00e6ngsel og nyd den perfekte kombination af kvalitet, overkommelige priser og bekvemmelighed. Vores engagement i kundetilfredshed g\u00f8r os til den ideelle partner til alle dine h\u00e6ngselbehov.<\/p>\n<ol>\n<li>Kontakt nu:<span style=\"color: #0000ff;\"><a style=\"color: #0000ff;\" href=\"https:\/\/sxpowercase.com\/contact-us\/\">https:\/\/sxpowercase.com\/<\/a><\/span><\/li>\n<li>Hardware produktkatalog:<span style=\"color: #0000ff;\"><a style=\"color: #0000ff;\" href=\"https:\/\/sxpowercase.com\/wp-content\/uploads\/2024\/07\/\u4e94\u91d1.pdf\">Hardware tilbeh\u00f8r katalog<\/a><\/span><\/li>\n<\/ol>","protected":false},"excerpt":{"rendered":"<div class=\"flex max-w-full flex-col flex-grow\">\n<div class=\"min-h-[20px] text-message flex w-full flex-col items-end gap-2 whitespace-normal break-words [.text-message+&amp;]:mt-5\" dir=\"auto\" data-message-author-role=\"assistant\" data-message-id=\"5a0f762f-b3da-4e73-8630-b5ec1058c8fc\">\n<div class=\"flex w-full flex-col gap-1 empty:hidden first:pt-[3px]\">\n<div class=\"markdown prose w-full break-words dark:prose-invert light\">\n<h3>SX: Your Source for Reliable Flight Case Hinges<\/h3>\n<p>At SX, we specialize in high-quality flight case hinges designed for durability and reliability, ensuring your equipment is safe during transport.<\/p>\n<h3>Factory Direct Pricing for Quality Hinges<\/h3>\n<p>Benefit from competitive factory direct pricing on all flight case hinges, allowing you to stay within budget without sacrificing quality.<\/p>\n<h3>Versatile Options for Every Need<\/h3>\n<p>Our diverse selection includes standard and heavy-duty hinges, catering to various applications to meet the specific needs of professionals across industries.<\/p>\n<\/div>\n<\/div>\n<\/div>\n<\/div>\n","protected":false},"featured_media":4495,"comment_status":"open","ping_status":"closed","template":"","meta":[],"product_brand":[],"product_cat":[67],"product_tag":[],"class_list":{"0":"post-4542","1":"product","2":"type-product","3":"status-publish","4":"has-post-thumbnail","6":"product_cat-hingesstays","8":"first","9":"instock","10":"shipping-taxable","11":"product-type-simple"},"yoast_head":"<!-- This site is optimized with the Yoast SEO Premium plugin v27.1 (Yoast SEO v27.2) - https:\/\/yoast.com\/product\/yoast-seo-premium-wordpress\/ -->\n<title>Flight Case Hinges HIC101 - https:\/\/sxflightcase.com \ud83d\udc97<\/title>\n<meta name=\"description\" content=\"Discover high-quality flight case hinges from SX at factory direct prices. Enjoy fast delivery and reliable quality for your equipment protection.\" \/>\n<meta name=\"robots\" content=\"index, follow, max-snippet:-1, max-image-preview:large, max-video-preview:-1\" \/>\n<link rel=\"canonical\" href=\"https:\/\/sxflightcase.com\/da\/produk\/flight-case-hinges-hic101\/\" \/>\n<meta property=\"og:locale\" content=\"da_DK\" \/>\n<meta property=\"og:type\" content=\"article\" \/>\n<meta property=\"og:title\" content=\"Flight Case Hinges HIC101\" \/>\n<meta property=\"og:description\" content=\"Discover high-quality flight case hinges from SX at factory direct prices. Enjoy fast delivery and reliable quality for your equipment protection.\" \/>\n<meta property=\"og:url\" content=\"https:\/\/sxflightcase.com\/da\/produk\/flight-case-hinges-hic101\/\" \/>\n<meta property=\"og:site_name\" content=\"https:\/\/sxflightcase.com\" \/>\n<meta property=\"article:publisher\" content=\"https:\/\/www.facebook.com\/profile.php?id=61560407257971\" \/>\n<meta property=\"og:image\" content=\"https:\/\/sxflightcase.com\/wp-content\/uploads\/2024\/09\/HIC101.jpg\" \/>\n\t<meta property=\"og:image:width\" content=\"700\" \/>\n\t<meta property=\"og:image:height\" content=\"700\" \/>\n\t<meta property=\"og:image:type\" content=\"image\/jpeg\" \/>\n<meta name=\"twitter:card\" content=\"summary_large_image\" \/>\n<meta name=\"twitter:label1\" content=\"Estimeret l\u00e6setid\" \/>\n\t<meta name=\"twitter:data1\" content=\"2 minutter\" \/>\n<script type=\"application\/ld+json\" class=\"yoast-schema-graph\">{\"@context\":\"https:\/\/schema.org\",\"@graph\":[{\"@type\":\"WebPage\",\"@id\":\"https:\/\/sxflightcase.com\/af\/produk\/flight-case-hinges-hic101\/\",\"url\":\"https:\/\/sxflightcase.com\/af\/produk\/flight-case-hinges-hic101\/\",\"name\":\"Flight Case Hinges HIC101 - https:\/\/sxflightcase.com \ud83d\udc97\",\"isPartOf\":{\"@id\":\"https:\/\/sxflightcase.com\/th\/#website\"},\"primaryImageOfPage\":{\"@id\":\"https:\/\/sxflightcase.com\/af\/produk\/flight-case-hinges-hic101\/#primaryimage\"},\"image\":{\"@id\":\"https:\/\/sxflightcase.com\/af\/produk\/flight-case-hinges-hic101\/#primaryimage\"},\"thumbnailUrl\":\"https:\/\/sxflightcase.com\/wp-content\/uploads\/2024\/09\/HIC101.jpg\",\"datePublished\":\"2024-09-24T06:44:19+00:00\",\"description\":\"Discover high-quality flight case hinges from SX at factory direct prices. Enjoy fast delivery and reliable quality for your equipment protection.\",\"breadcrumb\":{\"@id\":\"https:\/\/sxflightcase.com\/af\/produk\/flight-case-hinges-hic101\/#breadcrumb\"},\"inLanguage\":\"da-DK\",\"potentialAction\":[{\"@type\":\"ReadAction\",\"target\":[\"https:\/\/sxflightcase.com\/af\/produk\/flight-case-hinges-hic101\/\"]}]},{\"@type\":\"ImageObject\",\"inLanguage\":\"da-DK\",\"@id\":\"https:\/\/sxflightcase.com\/af\/produk\/flight-case-hinges-hic101\/#primaryimage\",\"url\":\"https:\/\/sxflightcase.com\/wp-content\/uploads\/2024\/09\/HIC101.jpg\",\"contentUrl\":\"https:\/\/sxflightcase.com\/wp-content\/uploads\/2024\/09\/HIC101.jpg\",\"width\":700,\"height\":700,\"caption\":\"Flight Case Hinges\"},{\"@type\":\"BreadcrumbList\",\"@id\":\"https:\/\/sxflightcase.com\/af\/produk\/flight-case-hinges-hic101\/#breadcrumb\",\"itemListElement\":[{\"@type\":\"ListItem\",\"position\":1,\"name\":\"Home\",\"item\":\"https:\/\/sxflightcase.com\/\"},{\"@type\":\"ListItem\",\"position\":2,\"name\":\"\u0e2a\u0e34\u0e19\u0e04\u0e49\u0e32\",\"item\":\"https:\/\/sxflightcase.com\/th\/shop\/\"},{\"@type\":\"ListItem\",\"position\":3,\"name\":\"Flight Case Hinges HIC101\"}]},{\"@type\":\"WebSite\",\"@id\":\"https:\/\/sxflightcase.com\/th\/#website\",\"url\":\"https:\/\/sxflightcase.com\/th\/\",\"name\":\"sxpowercase.com\",\"description\":\"Flight Case Factory\",\"publisher\":{\"@id\":\"https:\/\/sxflightcase.com\/th\/#organization\"},\"potentialAction\":[{\"@type\":\"SearchAction\",\"target\":{\"@type\":\"EntryPoint\",\"urlTemplate\":\"https:\/\/sxflightcase.com\/th\/?s={search_term_string}\"},\"query-input\":{\"@type\":\"PropertyValueSpecification\",\"valueRequired\":true,\"valueName\":\"search_term_string\"}}],\"inLanguage\":\"da-DK\"},{\"@type\":\"Organization\",\"@id\":\"https:\/\/sxflightcase.com\/th\/#organization\",\"name\":\"sxpowercase.com\",\"url\":\"https:\/\/sxflightcase.com\/th\/\",\"logo\":{\"@type\":\"ImageObject\",\"inLanguage\":\"da-DK\",\"@id\":\"https:\/\/sxflightcase.com\/th\/#\/schema\/logo\/image\/\",\"url\":\"https:\/\/sxflightcase.com\/wp-content\/uploads\/2024\/04\/1713919036007.jpg\",\"contentUrl\":\"https:\/\/sxflightcase.com\/wp-content\/uploads\/2024\/04\/1713919036007.jpg\",\"width\":382,\"height\":388,\"caption\":\"sxpowercase.com\"},\"image\":{\"@id\":\"https:\/\/sxflightcase.com\/th\/#\/schema\/logo\/image\/\"},\"sameAs\":[\"https:\/\/www.facebook.com\/profile.php?id=61560407257971\"],\"numberOfEmployees\":{\"@type\":\"QuantitativeValue\",\"minValue\":\"11\",\"maxValue\":\"50\"}}]}<\/script>\n<!-- \/ Yoast SEO Premium plugin. -->","yoast_head_json":{"title":"Flight Case Hinges HIC101 - https:\/\/sxflightcase.com \ud83d\udc97","description":"Oplev flightcase-h\u00e6ngsler i h\u00f8j kvalitet fra SX til direkte fabrikspriser. Nyd hurtig levering og p\u00e5lidelig kvalitet til beskyttelse af dit udstyr.","robots":{"index":"index","follow":"follow","max-snippet":"max-snippet:-1","max-image-preview":"max-image-preview:large","max-video-preview":"max-video-preview:-1"},"canonical":"https:\/\/sxflightcase.com\/da\/produk\/flight-case-hinges-hic101\/","og_locale":"da_DK","og_type":"article","og_title":"Flight Case Hinges HIC101","og_description":"Discover high-quality flight case hinges from SX at factory direct prices. Enjoy fast delivery and reliable quality for your equipment protection.","og_url":"https:\/\/sxflightcase.com\/da\/produk\/flight-case-hinges-hic101\/","og_site_name":"https:\/\/sxflightcase.com","article_publisher":"https:\/\/www.facebook.com\/profile.php?id=61560407257971","og_image":[{"width":700,"height":700,"url":"https:\/\/sxflightcase.com\/wp-content\/uploads\/2024\/09\/HIC101.jpg","type":"image\/jpeg"}],"twitter_card":"summary_large_image","twitter_misc":{"Estimeret l\u00e6setid":"2 minutter"},"schema":{"@context":"https:\/\/schema.org","@graph":[{"@type":"WebPage","@id":"https:\/\/sxflightcase.com\/af\/produk\/flight-case-hinges-hic101\/","url":"https:\/\/sxflightcase.com\/af\/produk\/flight-case-hinges-hic101\/","name":"Flight Case Hinges HIC101 - https:\/\/sxflightcase.com \ud83d\udc97","isPartOf":{"@id":"https:\/\/sxflightcase.com\/th\/#website"},"primaryImageOfPage":{"@id":"https:\/\/sxflightcase.com\/af\/produk\/flight-case-hinges-hic101\/#primaryimage"},"image":{"@id":"https:\/\/sxflightcase.com\/af\/produk\/flight-case-hinges-hic101\/#primaryimage"},"thumbnailUrl":"https:\/\/sxflightcase.com\/wp-content\/uploads\/2024\/09\/HIC101.jpg","datePublished":"2024-09-24T06:44:19+00:00","description":"Oplev flightcase-h\u00e6ngsler i h\u00f8j kvalitet fra SX til direkte fabrikspriser. Nyd hurtig levering og p\u00e5lidelig kvalitet til beskyttelse af dit udstyr.","breadcrumb":{"@id":"https:\/\/sxflightcase.com\/af\/produk\/flight-case-hinges-hic101\/#breadcrumb"},"inLanguage":"da-DK","potentialAction":[{"@type":"ReadAction","target":["https:\/\/sxflightcase.com\/af\/produk\/flight-case-hinges-hic101\/"]}]},{"@type":"ImageObject","inLanguage":"da-DK","@id":"https:\/\/sxflightcase.com\/af\/produk\/flight-case-hinges-hic101\/#primaryimage","url":"https:\/\/sxflightcase.com\/wp-content\/uploads\/2024\/09\/HIC101.jpg","contentUrl":"https:\/\/sxflightcase.com\/wp-content\/uploads\/2024\/09\/HIC101.jpg","width":700,"height":700,"caption":"Flight Case Hinges"},{"@type":"BreadcrumbList","@id":"https:\/\/sxflightcase.com\/af\/produk\/flight-case-hinges-hic101\/#breadcrumb","itemListElement":[{"@type":"ListItem","position":1,"name":"Home","item":"https:\/\/sxflightcase.com\/"},{"@type":"ListItem","position":2,"name":"\u0e2a\u0e34\u0e19\u0e04\u0e49\u0e32","item":"https:\/\/sxflightcase.com\/th\/shop\/"},{"@type":"ListItem","position":3,"name":"Flight Case Hinges HIC101"}]},{"@type":"WebSite","@id":"https:\/\/sxflightcase.com\/th\/#website","url":"https:\/\/sxflightcase.com\/th\/","name":"sxpowercase.com","description":"Flight Case Factory","publisher":{"@id":"https:\/\/sxflightcase.com\/th\/#organization"},"potentialAction":[{"@type":"SearchAction","target":{"@type":"EntryPoint","urlTemplate":"https:\/\/sxflightcase.com\/th\/?s={search_term_string}"},"query-input":{"@type":"PropertyValueSpecification","valueRequired":true,"valueName":"search_term_string"}}],"inLanguage":"da-DK"},{"@type":"Organization","@id":"https:\/\/sxflightcase.com\/th\/#organization","name":"sxpowercase.com","url":"https:\/\/sxflightcase.com\/th\/","logo":{"@type":"ImageObject","inLanguage":"da-DK","@id":"https:\/\/sxflightcase.com\/th\/#\/schema\/logo\/image\/","url":"https:\/\/sxflightcase.com\/wp-content\/uploads\/2024\/04\/1713919036007.jpg","contentUrl":"https:\/\/sxflightcase.com\/wp-content\/uploads\/2024\/04\/1713919036007.jpg","width":382,"height":388,"caption":"sxpowercase.com"},"image":{"@id":"https:\/\/sxflightcase.com\/th\/#\/schema\/logo\/image\/"},"sameAs":["https:\/\/www.facebook.com\/profile.php?id=61560407257971"],"numberOfEmployees":{"@type":"QuantitativeValue","minValue":"11","maxValue":"50"}}]}},"_links":{"self":[{"href":"https:\/\/sxflightcase.com\/da\/wp-json\/wp\/v2\/product\/4542","targetHints":{"allow":["GET"]}}],"collection":[{"href":"https:\/\/sxflightcase.com\/da\/wp-json\/wp\/v2\/product"}],"about":[{"href":"https:\/\/sxflightcase.com\/da\/wp-json\/wp\/v2\/types\/product"}],"replies":[{"embeddable":true,"href":"https:\/\/sxflightcase.com\/da\/wp-json\/wp\/v2\/comments?post=4542"}],"version-history":[{"count":0,"href":"https:\/\/sxflightcase.com\/da\/wp-json\/wp\/v2\/product\/4542\/revisions"}],"wp:featuredmedia":[{"embeddable":true,"href":"https:\/\/sxflightcase.com\/da\/wp-json\/wp\/v2\/media\/4495"}],"wp:attachment":[{"href":"https:\/\/sxflightcase.com\/da\/wp-json\/wp\/v2\/media?parent=4542"}],"wp:term":[{"taxonomy":"product_brand","embeddable":true,"href":"https:\/\/sxflightcase.com\/da\/wp-json\/wp\/v2\/product_brand?post=4542"},{"taxonomy":"product_cat","embeddable":true,"href":"https:\/\/sxflightcase.com\/da\/wp-json\/wp\/v2\/product_cat?post=4542"},{"taxonomy":"product_tag","embeddable":true,"href":"https:\/\/sxflightcase.com\/da\/wp-json\/wp\/v2\/product_tag?post=4542"}],"curies":[{"name":"wp","href":"https:\/\/api.w.org\/{rel}","templated":true}]}}