{"id":4543,"date":"2024-09-24T07:46:22","date_gmt":"2024-09-24T06:46:22","guid":{"rendered":"https:\/\/sxpowercase.com\/?post_type=product&#038;p=4543"},"modified":"2024-09-24T07:46:23","modified_gmt":"2024-09-24T06:46:23","slug":"flight-case-hinges-hic102","status":"publish","type":"product","link":"https:\/\/sxflightcase.com\/da\/vare\/haengsler-til-flightcase-hic102-2\/","title":{"rendered":"H\u00e6ngsler til flightcase HIC102"},"content":{"rendered":"<h3>Oplev holdbare h\u00e6ngsler til flykufferter fra SX<\/h3>\n<p>N\u00e5r det handler om at beskytte dit udstyr, er den rigtige <a href=\"https:\/\/sxpowercase.com\/product\/flight-case-hinges-hic101\/\">H\u00e6ngsler til flightcase<\/a> kan g\u00f8re hele forskellen. P\u00e5 <strong>SX<\/strong>Vi leverer h\u00e6ngsler til flightcases i topkvalitet, der er designet til styrke og lang levetid. Vores h\u00e6ngsler sikrer, at dit udstyr forbliver sikkert under transport, hvilket giver dig selvtillid, uanset hvor du g\u00e5r.<\/p>\n<h3>Overkommelige priser direkte fra fabrikken<\/h3>\n<p><strong><a href=\"https:\/\/sxpowercase.com\/\" target=\"_blank\" rel=\"noopener\" title=\"SX\" data-wpil-monitor-id=\"778\">SX<\/a><\/strong> er stolt af at kunne tilbyde <strong>direkte priser fra fabrikken<\/strong> p\u00e5 alle vores flightcase-h\u00e6ngsler. Ved at eliminere mellemm\u00e6nd leverer vi besparelser direkte til dig. Vores konkurrencedygtige priser giver dig mulighed for at investere i kvalitet uden at overskride dit budget, hvilket g\u00f8r os til det smarte valg for professionelle.<\/p>\n<h3>Uovertruffen kvalitetssikring<\/h3>\n<p>Kvalitet er kernen i alt, hvad vi g\u00f8r hos os. <strong>SX<\/strong>. Alle vores flightcase-h\u00e6ngsler gennemg\u00e5r strenge kvalitetskontrolprocesser for at sikre, at de lever op til branchens standarder. Med vores h\u00e6ngsler kan du v\u00e6re sikker p\u00e5 p\u00e5lidelighed og holdbarhed, s\u00e5 dit udstyr er sikkert p\u00e5 hver eneste rejse.<\/p>\n<h3>En r\u00e6kke muligheder, der passer til dine behov<\/h3>\n<p>Uanset om du er p\u00e5 udkig efter et standard eller kraftigt flightcase-h\u00e6ngsel, <strong>SX<\/strong> har en bred vifte af muligheder at v\u00e6lge imellem. Vores omfattende udvalg henvender sig til forskellige anvendelser og sikrer, at du finder det perfekte h\u00e6ngsel til dine specifikke krav. Vores produkter er bygget til at holde, uanset udfordringen.<\/p>\n<h3>Enkel bestilling og hurtig levering<\/h3>\n<p>Bestilling af flightcase-h\u00e6ngsel fra <strong>SX<\/strong> er nemt og effektivt. Vores hjemmeside er designet til en problemfri indk\u00f8bsoplevelse, s\u00e5 du nemt kan gennemse og k\u00f8be de varer, du har brug for. Desuden s\u00f8rger vi for hurtig levering, s\u00e5 din ordre kommer hurtigt frem, s\u00e5 du kan holde dig til planen.<\/p>\n<h3>Konklusion<\/h3>\n<p>V\u00e6lg et p\u00e5lideligt flightcase-h\u00e6ngsel <strong>SX<\/strong>. Vi tilbyder en perfekt blanding af kvalitet, overkommelige priser og bekvemmelighed, hvilket g\u00f8r os til din foretrukne leverand\u00f8r til alle dine h\u00e6ngselbehov.<\/p>\n<ol>\n<li>Kontakt nu:<span style=\"color: #0000ff;\"><a style=\"color: #0000ff;\" href=\"https:\/\/sxpowercase.com\/contact-us\/\">https:\/\/sxpowercase.com\/<\/a><\/span><\/li>\n<li>Hardware produktkatalog:<span style=\"color: #0000ff;\"><a style=\"color: #0000ff;\" href=\"https:\/\/sxpowercase.com\/wp-content\/uploads\/2024\/07\/\u4e94\u91d1.pdf\">Hardware tilbeh\u00f8r katalog<\/a><\/span><\/li>\n<\/ol>","protected":false},"excerpt":{"rendered":"<div class=\"flex max-w-full flex-col flex-grow\">\n<div class=\"min-h-[20px] text-message flex w-full flex-col items-end gap-2 whitespace-normal break-words [.text-message+&amp;]:mt-5\" dir=\"auto\" data-message-author-role=\"assistant\" data-message-id=\"5a0f762f-b3da-4e73-8630-b5ec1058c8fc\">\n<div class=\"flex w-full flex-col gap-1 empty:hidden first:pt-[3px]\">\n<div class=\"markdown prose w-full break-words dark:prose-invert light\">\n<h3>SX: Your Source for Reliable Flight Case Hinges<\/h3>\n<p>At SX, we specialize in high-quality flight case hinges designed for durability and reliability, ensuring your equipment is safe during transport.<\/p>\n<h3>Factory Direct Pricing for Quality Hinges<\/h3>\n<p>Benefit from competitive factory direct pricing on all flight case hinges, allowing you to stay within budget without sacrificing quality.<\/p>\n<h3>Versatile Options for Every Need<\/h3>\n<p>Our diverse selection includes standard and heavy-duty hinges, catering to various applications to meet the specific needs of professionals across industries.<\/p>\n<\/div>\n<\/div>\n<\/div>\n<\/div>\n","protected":false},"featured_media":4496,"comment_status":"open","ping_status":"closed","template":"","meta":[],"product_brand":[],"product_cat":[67],"product_tag":[],"class_list":{"0":"post-4543","1":"product","2":"type-product","3":"status-publish","4":"has-post-thumbnail","6":"product_cat-hingesstays","8":"first","9":"instock","10":"shipping-taxable","11":"product-type-simple"},"yoast_head":"<!-- This site is optimized with the Yoast SEO Premium plugin v27.1 (Yoast SEO v27.2) - https:\/\/yoast.com\/product\/yoast-seo-premium-wordpress\/ -->\n<title>Flight Case Hinges HIC102 - https:\/\/sxflightcase.com \ud83d\udc97<\/title>\n<meta name=\"description\" content=\"Shop SX for durable flight case hinges at factory direct prices. Enjoy quick shipping and quality assurance for all your equipment protection needs.\" \/>\n<meta name=\"robots\" content=\"index, follow, max-snippet:-1, max-image-preview:large, max-video-preview:-1\" \/>\n<link rel=\"canonical\" href=\"https:\/\/sxflightcase.com\/da\/san-pham\/flight-case-hinges-hic102\/\" \/>\n<meta property=\"og:locale\" content=\"da_DK\" \/>\n<meta property=\"og:type\" content=\"article\" \/>\n<meta property=\"og:title\" content=\"Flight Case Hinges HIC102\" \/>\n<meta property=\"og:description\" content=\"Shop SX for durable flight case hinges at factory direct prices. Enjoy quick shipping and quality assurance for all your equipment protection needs.\" \/>\n<meta property=\"og:url\" content=\"https:\/\/sxflightcase.com\/da\/san-pham\/flight-case-hinges-hic102\/\" \/>\n<meta property=\"og:site_name\" content=\"https:\/\/sxflightcase.com\" \/>\n<meta property=\"article:publisher\" content=\"https:\/\/www.facebook.com\/profile.php?id=61560407257971\" \/>\n<meta property=\"article:modified_time\" content=\"2024-09-24T06:46:23+00:00\" \/>\n<meta property=\"og:image\" content=\"https:\/\/sxflightcase.com\/wp-content\/uploads\/2024\/09\/HIC102.jpg\" \/>\n\t<meta property=\"og:image:width\" content=\"700\" \/>\n\t<meta property=\"og:image:height\" content=\"700\" \/>\n\t<meta property=\"og:image:type\" content=\"image\/jpeg\" \/>\n<meta name=\"twitter:card\" content=\"summary_large_image\" \/>\n<meta name=\"twitter:label1\" content=\"Estimeret l\u00e6setid\" \/>\n\t<meta name=\"twitter:data1\" content=\"2 minutter\" \/>\n<script type=\"application\/ld+json\" class=\"yoast-schema-graph\">{\"@context\":\"https:\/\/schema.org\",\"@graph\":[{\"@type\":\"WebPage\",\"@id\":\"https:\/\/sxflightcase.com\/vi\/san-pham\/flight-case-hinges-hic102\/\",\"url\":\"https:\/\/sxflightcase.com\/vi\/san-pham\/flight-case-hinges-hic102\/\",\"name\":\"Flight Case Hinges HIC102 - https:\/\/sxflightcase.com \ud83d\udc97\",\"isPartOf\":{\"@id\":\"https:\/\/sxflightcase.com\/th\/#website\"},\"primaryImageOfPage\":{\"@id\":\"https:\/\/sxflightcase.com\/vi\/san-pham\/flight-case-hinges-hic102\/#primaryimage\"},\"image\":{\"@id\":\"https:\/\/sxflightcase.com\/vi\/san-pham\/flight-case-hinges-hic102\/#primaryimage\"},\"thumbnailUrl\":\"https:\/\/sxflightcase.com\/wp-content\/uploads\/2024\/09\/HIC102.jpg\",\"datePublished\":\"2024-09-24T06:46:22+00:00\",\"dateModified\":\"2024-09-24T06:46:23+00:00\",\"description\":\"Shop SX for durable flight case hinges at factory direct prices. Enjoy quick shipping and quality assurance for all your equipment protection needs.\",\"breadcrumb\":{\"@id\":\"https:\/\/sxflightcase.com\/vi\/san-pham\/flight-case-hinges-hic102\/#breadcrumb\"},\"inLanguage\":\"da-DK\",\"potentialAction\":[{\"@type\":\"ReadAction\",\"target\":[\"https:\/\/sxflightcase.com\/vi\/san-pham\/flight-case-hinges-hic102\/\"]}]},{\"@type\":\"ImageObject\",\"inLanguage\":\"da-DK\",\"@id\":\"https:\/\/sxflightcase.com\/vi\/san-pham\/flight-case-hinges-hic102\/#primaryimage\",\"url\":\"https:\/\/sxflightcase.com\/wp-content\/uploads\/2024\/09\/HIC102.jpg\",\"contentUrl\":\"https:\/\/sxflightcase.com\/wp-content\/uploads\/2024\/09\/HIC102.jpg\",\"width\":700,\"height\":700,\"caption\":\"Flight Case Hinges\"},{\"@type\":\"BreadcrumbList\",\"@id\":\"https:\/\/sxflightcase.com\/vi\/san-pham\/flight-case-hinges-hic102\/#breadcrumb\",\"itemListElement\":[{\"@type\":\"ListItem\",\"position\":1,\"name\":\"Home\",\"item\":\"https:\/\/sxflightcase.com\/\"},{\"@type\":\"ListItem\",\"position\":2,\"name\":\"\u0e2a\u0e34\u0e19\u0e04\u0e49\u0e32\",\"item\":\"https:\/\/sxflightcase.com\/th\/shop\/\"},{\"@type\":\"ListItem\",\"position\":3,\"name\":\"Flight Case Hinges HIC102\"}]},{\"@type\":\"WebSite\",\"@id\":\"https:\/\/sxflightcase.com\/th\/#website\",\"url\":\"https:\/\/sxflightcase.com\/th\/\",\"name\":\"sxpowercase.com\",\"description\":\"Flight Case Factory\",\"publisher\":{\"@id\":\"https:\/\/sxflightcase.com\/th\/#organization\"},\"potentialAction\":[{\"@type\":\"SearchAction\",\"target\":{\"@type\":\"EntryPoint\",\"urlTemplate\":\"https:\/\/sxflightcase.com\/th\/?s={search_term_string}\"},\"query-input\":{\"@type\":\"PropertyValueSpecification\",\"valueRequired\":true,\"valueName\":\"search_term_string\"}}],\"inLanguage\":\"da-DK\"},{\"@type\":\"Organization\",\"@id\":\"https:\/\/sxflightcase.com\/th\/#organization\",\"name\":\"sxpowercase.com\",\"url\":\"https:\/\/sxflightcase.com\/th\/\",\"logo\":{\"@type\":\"ImageObject\",\"inLanguage\":\"da-DK\",\"@id\":\"https:\/\/sxflightcase.com\/th\/#\/schema\/logo\/image\/\",\"url\":\"https:\/\/sxflightcase.com\/wp-content\/uploads\/2024\/04\/1713919036007.jpg\",\"contentUrl\":\"https:\/\/sxflightcase.com\/wp-content\/uploads\/2024\/04\/1713919036007.jpg\",\"width\":382,\"height\":388,\"caption\":\"sxpowercase.com\"},\"image\":{\"@id\":\"https:\/\/sxflightcase.com\/th\/#\/schema\/logo\/image\/\"},\"sameAs\":[\"https:\/\/www.facebook.com\/profile.php?id=61560407257971\"],\"numberOfEmployees\":{\"@type\":\"QuantitativeValue\",\"minValue\":\"11\",\"maxValue\":\"50\"}}]}<\/script>\n<!-- \/ Yoast SEO Premium plugin. -->","yoast_head_json":{"title":"Flight Case Hinges HIC102 - https:\/\/sxflightcase.com \ud83d\udc97","description":"Shop SX for holdbare flightcase-h\u00e6ngsler til direkte fabrikspriser. Nyd hurtig levering og kvalitetssikring til alle dine behov for beskyttelse af udstyr.","robots":{"index":"index","follow":"follow","max-snippet":"max-snippet:-1","max-image-preview":"max-image-preview:large","max-video-preview":"max-video-preview:-1"},"canonical":"https:\/\/sxflightcase.com\/da\/san-pham\/flight-case-hinges-hic102\/","og_locale":"da_DK","og_type":"article","og_title":"Flight Case Hinges HIC102","og_description":"Shop SX for durable flight case hinges at factory direct prices. Enjoy quick shipping and quality assurance for all your equipment protection needs.","og_url":"https:\/\/sxflightcase.com\/da\/san-pham\/flight-case-hinges-hic102\/","og_site_name":"https:\/\/sxflightcase.com","article_publisher":"https:\/\/www.facebook.com\/profile.php?id=61560407257971","article_modified_time":"2024-09-24T06:46:23+00:00","og_image":[{"width":700,"height":700,"url":"https:\/\/sxflightcase.com\/wp-content\/uploads\/2024\/09\/HIC102.jpg","type":"image\/jpeg"}],"twitter_card":"summary_large_image","twitter_misc":{"Estimeret l\u00e6setid":"2 minutter"},"schema":{"@context":"https:\/\/schema.org","@graph":[{"@type":"WebPage","@id":"https:\/\/sxflightcase.com\/vi\/san-pham\/flight-case-hinges-hic102\/","url":"https:\/\/sxflightcase.com\/vi\/san-pham\/flight-case-hinges-hic102\/","name":"Flight Case Hinges HIC102 - https:\/\/sxflightcase.com \ud83d\udc97","isPartOf":{"@id":"https:\/\/sxflightcase.com\/th\/#website"},"primaryImageOfPage":{"@id":"https:\/\/sxflightcase.com\/vi\/san-pham\/flight-case-hinges-hic102\/#primaryimage"},"image":{"@id":"https:\/\/sxflightcase.com\/vi\/san-pham\/flight-case-hinges-hic102\/#primaryimage"},"thumbnailUrl":"https:\/\/sxflightcase.com\/wp-content\/uploads\/2024\/09\/HIC102.jpg","datePublished":"2024-09-24T06:46:22+00:00","dateModified":"2024-09-24T06:46:23+00:00","description":"Shop SX for holdbare flightcase-h\u00e6ngsler til direkte fabrikspriser. Nyd hurtig levering og kvalitetssikring til alle dine behov for beskyttelse af udstyr.","breadcrumb":{"@id":"https:\/\/sxflightcase.com\/vi\/san-pham\/flight-case-hinges-hic102\/#breadcrumb"},"inLanguage":"da-DK","potentialAction":[{"@type":"ReadAction","target":["https:\/\/sxflightcase.com\/vi\/san-pham\/flight-case-hinges-hic102\/"]}]},{"@type":"ImageObject","inLanguage":"da-DK","@id":"https:\/\/sxflightcase.com\/vi\/san-pham\/flight-case-hinges-hic102\/#primaryimage","url":"https:\/\/sxflightcase.com\/wp-content\/uploads\/2024\/09\/HIC102.jpg","contentUrl":"https:\/\/sxflightcase.com\/wp-content\/uploads\/2024\/09\/HIC102.jpg","width":700,"height":700,"caption":"Flight Case Hinges"},{"@type":"BreadcrumbList","@id":"https:\/\/sxflightcase.com\/vi\/san-pham\/flight-case-hinges-hic102\/#breadcrumb","itemListElement":[{"@type":"ListItem","position":1,"name":"Home","item":"https:\/\/sxflightcase.com\/"},{"@type":"ListItem","position":2,"name":"\u0e2a\u0e34\u0e19\u0e04\u0e49\u0e32","item":"https:\/\/sxflightcase.com\/th\/shop\/"},{"@type":"ListItem","position":3,"name":"Flight Case Hinges HIC102"}]},{"@type":"WebSite","@id":"https:\/\/sxflightcase.com\/th\/#website","url":"https:\/\/sxflightcase.com\/th\/","name":"sxpowercase.com","description":"Flight Case Factory","publisher":{"@id":"https:\/\/sxflightcase.com\/th\/#organization"},"potentialAction":[{"@type":"SearchAction","target":{"@type":"EntryPoint","urlTemplate":"https:\/\/sxflightcase.com\/th\/?s={search_term_string}"},"query-input":{"@type":"PropertyValueSpecification","valueRequired":true,"valueName":"search_term_string"}}],"inLanguage":"da-DK"},{"@type":"Organization","@id":"https:\/\/sxflightcase.com\/th\/#organization","name":"sxpowercase.com","url":"https:\/\/sxflightcase.com\/th\/","logo":{"@type":"ImageObject","inLanguage":"da-DK","@id":"https:\/\/sxflightcase.com\/th\/#\/schema\/logo\/image\/","url":"https:\/\/sxflightcase.com\/wp-content\/uploads\/2024\/04\/1713919036007.jpg","contentUrl":"https:\/\/sxflightcase.com\/wp-content\/uploads\/2024\/04\/1713919036007.jpg","width":382,"height":388,"caption":"sxpowercase.com"},"image":{"@id":"https:\/\/sxflightcase.com\/th\/#\/schema\/logo\/image\/"},"sameAs":["https:\/\/www.facebook.com\/profile.php?id=61560407257971"],"numberOfEmployees":{"@type":"QuantitativeValue","minValue":"11","maxValue":"50"}}]}},"_links":{"self":[{"href":"https:\/\/sxflightcase.com\/da\/wp-json\/wp\/v2\/product\/4543","targetHints":{"allow":["GET"]}}],"collection":[{"href":"https:\/\/sxflightcase.com\/da\/wp-json\/wp\/v2\/product"}],"about":[{"href":"https:\/\/sxflightcase.com\/da\/wp-json\/wp\/v2\/types\/product"}],"replies":[{"embeddable":true,"href":"https:\/\/sxflightcase.com\/da\/wp-json\/wp\/v2\/comments?post=4543"}],"version-history":[{"count":0,"href":"https:\/\/sxflightcase.com\/da\/wp-json\/wp\/v2\/product\/4543\/revisions"}],"wp:featuredmedia":[{"embeddable":true,"href":"https:\/\/sxflightcase.com\/da\/wp-json\/wp\/v2\/media\/4496"}],"wp:attachment":[{"href":"https:\/\/sxflightcase.com\/da\/wp-json\/wp\/v2\/media?parent=4543"}],"wp:term":[{"taxonomy":"product_brand","embeddable":true,"href":"https:\/\/sxflightcase.com\/da\/wp-json\/wp\/v2\/product_brand?post=4543"},{"taxonomy":"product_cat","embeddable":true,"href":"https:\/\/sxflightcase.com\/da\/wp-json\/wp\/v2\/product_cat?post=4543"},{"taxonomy":"product_tag","embeddable":true,"href":"https:\/\/sxflightcase.com\/da\/wp-json\/wp\/v2\/product_tag?post=4543"}],"curies":[{"name":"wp","href":"https:\/\/api.w.org\/{rel}","templated":true}]}}