{"id":1058,"date":"2024-05-06T04:04:43","date_gmt":"2024-05-06T03:04:43","guid":{"rendered":"https:\/\/sxpowercase.com\/?post_type=product&#038;p=1058"},"modified":"2025-02-17T22:56:11","modified_gmt":"2025-02-18T06:56:11","slug":"amp-flight-case-8u-10u-12u","status":"publish","type":"product","link":"https:\/\/sxflightcase.com\/de\/produkt\/verstarker-fluggehause-8u-10u-12u-2\/","title":{"rendered":"Flight Case anpassen 8u 10u 12u"},"content":{"rendered":"<h2 data-start=\"118\" data-end=\"181\">Verbessern Sie den Schutz Ihrer Ausr\u00fcstung mit dem Customize Flight Case von SX<\/h2>\n<h3 data-start=\"183\" data-end=\"231\"><strong data-start=\"187\" data-end=\"231\">Un\u00fcbertroffener Schutz f\u00fcr Ihre Verst\u00e4rker<\/strong><\/h3>\n<p data-start=\"233\" data-end=\"563\">Wenn es um den Transport Ihrer wertvollen <strong data-start=\"277\" data-end=\"291\">Verst\u00e4rker<\/strong>Die Gew\u00e4hrleistung ihrer Sicherheit ist von entscheidender Bedeutung. SX's <a href=\"https:\/\/sxpowercase.com\/product\/stage-lighting-flight-case\/\"><strong data-start=\"332\" data-end=\"358\">Flightcases individuell gestalten<\/strong><\/a> bieten den ultimativen Schutz, der mit Pr\u00e4zision und Liebe zum Detail hergestellt wird. Egal, ob Sie auf dem Weg zu einem Gig, einer Tournee oder ins Studio sind, diese Flightcases sind so konzipiert, dass Ihre Ausr\u00fcstung sicher und unbesch\u00e4digt bleibt.<\/p>\n<h3 data-start=\"565\" data-end=\"612\"><strong data-start=\"569\" data-end=\"612\">Warum sollten Sie sich f\u00fcr die Customize Flight Cases von SX entscheiden?<\/strong><\/h3>\n<p data-start=\"614\" data-end=\"1059\">Wir von SX wissen, dass jeder Verst\u00e4rker den besten Schutz verdient. Unser <strong data-start=\"690\" data-end=\"716\">Anpassen <a href=\"https:\/\/sxpowercase.com\/product\/mixer-case-rack\/\">Flightcases<\/a><\/strong> sind auf Langlebigkeit und Funktionalit\u00e4t ausgelegt. Mit <strong data-start=\"778\" data-end=\"810\">hochdichter sto\u00dffester Schaumstoff<\/strong> und widerstandsf\u00e4hig <strong data-start=\"822\" data-end=\"840\">Aluminiumrahmen<\/strong> Konstruktion sch\u00fctzen unsere Koffer Ihre Verst\u00e4rker vor St\u00f6\u00dfen, Vibrationen und grober Handhabung. Ob Sie nun einen <strong data-start=\"959\" data-end=\"972\">Combo-Verst\u00e4rker<\/strong> oder <strong data-start=\"976\" data-end=\"997\">Zahnstangengetriebe<\/strong>Wir sorgen daf\u00fcr, dass Ihre Ausr\u00fcstung beim Transport unversehrt bleibt.<\/p>\n<h3 data-start=\"1061\" data-end=\"1106\"><strong data-start=\"1065\" data-end=\"1106\">Ma\u00dfgeschneiderte L\u00f6sungen f\u00fcr Ihren Verst\u00e4rker<\/strong><\/h3>\n<p data-start=\"1108\" data-end=\"1498\">Kein Verst\u00e4rker ist wie der andere, und genau deshalb <strong data-start=\"1155\" data-end=\"1161\">SX<\/strong> ist spezialisiert auf <strong data-start=\"1177\" data-end=\"1203\">Flightcases individuell gestalten<\/strong>. Unser Designteam arbeitet eng mit Ihnen zusammen, um ein Geh\u00e4use zu entwickeln, das den Abmessungen Ihres Verst\u00e4rkers entspricht und einen passgenauen und sicheren Sitz gew\u00e4hrleistet. Wir bieten Anpassungen in Bezug auf <strong data-start=\"1368\" data-end=\"1376\">Gr\u00f6\u00dfe<\/strong>, <strong data-start=\"1378\" data-end=\"1391\">Materialien<\/strong>, <strong data-start=\"1393\" data-end=\"1418\">Schaumstoffdesigns f\u00fcr den Innenbereich<\/strong>, <strong data-start=\"1420\" data-end=\"1431\">Griffe<\/strong>, <strong data-start=\"1433\" data-end=\"1442\">Schl\u00f6sser<\/strong>und mehr, so dass Sie ein Flightcase erhalten, das wirklich Ihnen geh\u00f6rt.<\/p>\n<h3 data-start=\"1500\" data-end=\"1570\"><strong data-start=\"1504\" data-end=\"1570\">Steigern Sie Ihr professionelles Image mit den Customize Flight Cases von SX<\/strong><\/h3>\n<p data-start=\"1572\" data-end=\"1895\">Mit einer <strong data-start=\"1580\" data-end=\"1605\">Flightcase anpassen<\/strong> von SX sch\u00fctzt nicht nur Ihre Ausr\u00fcstung, sondern st\u00e4rkt auch Ihr Image als Profi. Kunden und Partner werden Ihre Liebe zum Detail und Ihr Engagement f\u00fcr den Schutz Ihrer Ausr\u00fcstung zu sch\u00e4tzen wissen. Dies verleiht Ihrer Marke Glaubw\u00fcrdigkeit und Verl\u00e4sslichkeit und hilft Ihnen, sich in einem wettbewerbsintensiven Markt zu profilieren.<\/p>\n<h3 data-start=\"1897\" data-end=\"1964\"><strong data-start=\"1901\" data-end=\"1964\">Effizientes und praktisches Design f\u00fcr Berufst\u00e4tige, die viel unterwegs sind<\/strong><\/h3>\n<p data-start=\"1966\" data-end=\"2364\">Unser <strong data-start=\"1970\" data-end=\"1996\">Flightcases individuell gestalten<\/strong> sind auf Komfort ausgelegt. Merkmale wie <strong data-start=\"2050\" data-end=\"2070\">eingebaute Griffe<\/strong>, <strong data-start=\"2072\" data-end=\"2093\">Schwerlastr\u00e4der<\/strong>, Und <strong data-start=\"2099\" data-end=\"2118\">Schmetterlingsschl\u00f6sser<\/strong> sorgen daf\u00fcr, dass der Transport Ihrer Ausr\u00fcstung m\u00fchelos ist. Kein l\u00e4stiges Hantieren mit Koffern mehr - nur noch reibungsloser Transport von Gig zu Gig. Mit SX verbringen Sie weniger Zeit damit, sich um den Schutz Ihrer Ausr\u00fcstung zu k\u00fcmmern, und haben mehr Zeit, sich auf Ihre Performance zu konzentrieren.<\/p>\n<h3 data-start=\"2366\" data-end=\"2427\"><strong data-start=\"2370\" data-end=\"2427\">Erweitern Sie Ihr Gesch\u00e4ft mit den Customize Flight Cases von SX<\/strong><\/h3>\n<p data-start=\"2429\" data-end=\"2758\">Durch Investitionen in SX's <strong data-start=\"2450\" data-end=\"2476\">Flightcases individuell gestalten<\/strong>sch\u00fctzen Sie nicht nur Ihre Ausr\u00fcstung, sondern investieren auch in das Wachstum Ihres Unternehmens. Mit einem sicheren, professionell aussehenden Schutz f\u00fcr Ihre Ausr\u00fcstung gewinnen Sie mehr Kunden, sichern sich mehr Auftritte und steigern letztendlich Ihren Umsatz. Entscheiden Sie sich f\u00fcr SX und verhelfen Sie Ihrem Unternehmen zu neuen H\u00f6henfl\u00fcgen.<\/p>\n<h3 data-start=\"2760\" data-end=\"2800\"><strong data-start=\"2764\" data-end=\"2800\">Kundenzufriedenheit garantiert<\/strong><\/h3>\n<p data-start=\"2802\" data-end=\"3064\">Bei SX sind wir bestrebt, ein H\u00f6chstma\u00df an Kundenzufriedenheit zu erreichen. Unser <strong data-start=\"2887\" data-end=\"2913\">Flightcases individuell gestalten<\/strong> sind weltweit f\u00fcr ihre Langlebigkeit, Qualit\u00e4t und Zuverl\u00e4ssigkeit bekannt. Schlie\u00dfen Sie sich den vielen Profis an, die sich beim Schutz ihrer wertvollen Verst\u00e4rker auf SX verlassen.<\/p>\n<h3 data-start=\"3066\" data-end=\"3117\"><strong data-start=\"3070\" data-end=\"3117\">Hauptmerkmale der Customize Flight Cases von SX<\/strong><\/h3>\n<ul data-start=\"3119\" data-end=\"3529\">\n<li data-start=\"3119\" data-end=\"3173\"><strong data-start=\"3121\" data-end=\"3134\">Material:<\/strong> Aluminiumrahmen + feuerfestes 9mm Sperrholz<\/li>\n<li data-start=\"3174\" data-end=\"3218\"><strong data-start=\"3176\" data-end=\"3189\">Innen:<\/strong> Hochdichter sto\u00dffester Schaumstoff<\/li>\n<li data-start=\"3219\" data-end=\"3292\"><strong data-start=\"3221\" data-end=\"3239\">Anpassungen:<\/strong> Ma\u00dfgeschneidert auf die Gr\u00f6\u00dfe und Spezifikationen Ihrer Ausr\u00fcstung<\/li>\n<li data-start=\"3293\" data-end=\"3347\"><strong data-start=\"3295\" data-end=\"3307\">Verpacken:<\/strong> Luftpolstertasche + Karton f\u00fcr sichere Lieferung<\/li>\n<li data-start=\"3348\" data-end=\"3383\"><strong data-start=\"3350\" data-end=\"3366\">Probezeit:<\/strong> 3-5 Arbeitstage<\/li>\n<li data-start=\"3384\" data-end=\"3427\"><strong data-start=\"3386\" data-end=\"3408\">Uhrzeit der formellen Bestellung:<\/strong> 15-20 Arbeitstage<\/li>\n<li data-start=\"3428\" data-end=\"3529\"><strong data-start=\"3430\" data-end=\"3446\">Zubeh\u00f6r:<\/strong> Vier Schmetterlingsverschl\u00fcsse, vier R\u00e4der und vier stabile Griffe f\u00fcr einfachen Transport<\/li>\n<\/ul>\n<h3 data-start=\"3531\" data-end=\"3577\"><strong data-start=\"3535\" data-end=\"3577\">FAQs \u00fcber SX's Customize Flight Cases<\/strong><\/h3>\n<p data-start=\"3579\" data-end=\"3745\"><strong data-start=\"3579\" data-end=\"3652\">F: Kann SX die Schaumstoffinnenseiten der Customize Flightcases individuell gestalten?<\/strong><br data-start=\"3652\" data-end=\"3655\" \/><strong data-start=\"3655\" data-end=\"3661\">A:<\/strong> Ja! Wir bieten <strong data-start=\"3678\" data-end=\"3703\">Schaumstoff-Innenausstattung nach Ma\u00df<\/strong> die genau auf Ihren Verst\u00e4rker abgestimmt sind.<\/p>\n<p data-start=\"3747\" data-end=\"3982\"><strong data-start=\"3747\" data-end=\"3837\">F: Sind die ma\u00dfgeschneiderten Flightcases von SX sowohl f\u00fcr Combo-Amps als auch f\u00fcr Rack-Ger\u00e4te geeignet?<\/strong><br data-start=\"3837\" data-end=\"3840\" \/><strong data-start=\"3840\" data-end=\"3846\">A:<\/strong> Unbedingt! Wir entwerfen <strong data-start=\"3869\" data-end=\"3890\">benutzerdefinierte Stra\u00dfenkoffer<\/strong> f\u00fcr eine breite Palette von Verst\u00e4rkerkonfigurationen, darunter <strong data-start=\"3941\" data-end=\"3955\">Combo-Verst\u00e4rker<\/strong> Und <strong data-start=\"3960\" data-end=\"3981\">Zahnstangengetriebe<\/strong>.<\/p>\n<p data-start=\"3984\" data-end=\"4200\"><strong data-start=\"3984\" data-end=\"4035\">F: Wie haltbar sind die ma\u00dfgeschneiderten Flightcases von SX?<\/strong><br data-start=\"4035\" data-end=\"4038\" \/><strong data-start=\"4038\" data-end=\"4044\">A:<\/strong> \u00c4u\u00dferst langlebig. Unser <strong data-start=\"4068\" data-end=\"4094\">Flightcases individuell gestalten<\/strong> sind so konstruiert, dass sie den h\u00e4rtesten Bedingungen standhalten und einen zuverl\u00e4ssigen Schutz f\u00fcr Ihre wertvollen Ger\u00e4te gew\u00e4hrleisten.<\/p>\n<p data-start=\"4202\" data-end=\"4433\"><strong data-start=\"4202\" data-end=\"4274\">F: Wird die Verwendung der individuell gestalteten Flightcases von SX dazu beitragen, mehr Kunden zu gewinnen?<\/strong><br data-start=\"4274\" data-end=\"4277\" \/><strong data-start=\"4277\" data-end=\"4283\">A:<\/strong> Ja! Professionelle Qualit\u00e4t zu haben <strong data-start=\"4315\" data-end=\"4341\">Flightcases individuell gestalten<\/strong> steigert Ihr Image, erh\u00f6ht das Vertrauen der Kunden und steigert letztlich Ihr Gesch\u00e4ft.<\/p>\n<p data-start=\"4435\" data-end=\"4618\"><strong data-start=\"4435\" data-end=\"4489\">F: Wie kann ich ma\u00dfgeschneiderte Flightcases bei SX bestellen?<\/strong><br data-start=\"4489\" data-end=\"4492\" \/><strong data-start=\"4492\" data-end=\"4498\">A:<\/strong> Setzen Sie sich einfach mit unserem Team in Verbindung, und wir werden mit Ihnen zusammenarbeiten, um die perfekte <strong data-start=\"4577\" data-end=\"4602\">Anpassen <a href=\"https:\/\/sxpowercase.com\/are-flight-case-safe\/\" target=\"_blank\" rel=\"noopener\"  data-wpil-monitor-id=\"903\">Flightcase<\/a><\/strong> f\u00fcr Ihre Bed\u00fcrfnisse.<\/p>\n<h3 data-start=\"4620\" data-end=\"4645\"><strong data-start=\"4624\" data-end=\"4643\">Jetzt Zugriff erhalten:<\/strong><\/h3>\n<p data-start=\"4646\" data-end=\"4695\"><a href=\"https:\/\/sxpowercase.com\/contact-us\/\" target=\"_new\" rel=\"noopener\" data-start=\"4646\" data-end=\"4695\">Kontakt SX<\/a><\/p>\n<hr data-start=\"4697\" data-end=\"4700\" \/>\n<h3 data-start=\"4702\" data-end=\"4721\"><strong data-start=\"4706\" data-end=\"4719\">Hei\u00dfe Tags:<\/strong><\/h3>\n<p data-start=\"4722\" data-end=\"5006\"><strong data-start=\"4722\" data-end=\"5006\">Niedriger Preis, auf Lager, kostenloses Muster, Strom- und Signalkabel, 16 Gauge 4 Conductor Wire, Mikrofonst\u00e4nder Case, Outdoor Led Display Cabinet, Rack Mount, elektrischer Verteilerkasten, China, Lieferanten, Fabrik, kundenspezifisch, Gro\u00dfhandel, Stromk\u00e4sten, Stromkabel, Hebezeugkontroller, Flight Cases<\/strong><\/p>","protected":false},"excerpt":{"rendered":"<h2><strong>Ma\u00dfgeschneiderter Schutz<\/strong><\/h2>\n<p>Die Verst\u00e4rker-Flightcases von SX sind auf Langlebigkeit ausgelegt und verf\u00fcgen \u00fcber eine spezielle Schaumstoff-Innenausstattung, die Ihr Equipment vor St\u00f6\u00dfen, Schl\u00e4gen und Vibrationen w\u00e4hrend des Transports sch\u00fctzt.<\/p>\n<h2><strong>Ma\u00dfgeschneiderte L\u00f6sungen f\u00fcr jeden Amp<\/strong><\/h2>\n<p>Von Combo-Verst\u00e4rkern bis hin zu Rack-Ger\u00e4ten bietet SX ma\u00dfgeschneiderte Road-Cases, die auf Ihren speziellen Verst\u00e4rker zugeschnitten sind und maximalen Schutz und Sicherheit f\u00fcr unterwegs bieten.<\/p>\n<h2><strong>Professionalit\u00e4t und Effizienz<\/strong><\/h2>\n<p>Mit den Amp Flight Cases von SX sch\u00fctzen Sie nicht nur Ihr Equipment, sondern verbessern auch Ihr professionelles Image und Ihre Effizienz. Mit praktischen Funktionen wie integrierten Griffen und stabilen Rollen k\u00f6nnen Sie sich auf Ihre Performance konzentrieren, mehr Kunden anlocken und mehr Gigs sichern.<\/p>","protected":false},"featured_media":1059,"comment_status":"open","ping_status":"closed","template":"","meta":[],"product_brand":[],"product_cat":[35],"product_tag":[54],"class_list":{"0":"post-1058","1":"product","2":"type-product","3":"status-publish","4":"has-post-thumbnail","6":"product_cat-standard-rack-cases","7":"product_tag-customize","9":"first","10":"instock","11":"shipping-taxable","12":"product-type-simple"},"yoast_head":"<!-- This site is optimized with the Yoast SEO Premium plugin v27.1 (Yoast SEO v27.2) - https:\/\/yoast.com\/product\/yoast-seo-premium-wordpress\/ -->\n<title>Customize Flight Case 8u 10u 12u - https:\/\/sxflightcase.com \ud83d\udc97<\/title>\n<meta name=\"description\" content=\"Customize Flight Case: Explore factory-direct sales and professional customization for the ultimate protection of your equipment\" \/>\n<meta name=\"robots\" content=\"index, follow, max-snippet:-1, max-image-preview:large, max-video-preview:-1\" \/>\n<link rel=\"canonical\" href=\"https:\/\/sxflightcase.com\/de\/\u4ea7\u54c1\/\u653e\u5927\u5668\u98de\u884c\u7bb1-8u-10u-12u\/\" \/>\n<meta property=\"og:locale\" content=\"de_DE\" \/>\n<meta property=\"og:type\" content=\"article\" \/>\n<meta property=\"og:title\" content=\"Customize Flight Case 8u 10u 12u\" \/>\n<meta property=\"og:description\" content=\"Customize Flight Case: Explore factory-direct sales and professional customization for the ultimate protection of your equipment\" \/>\n<meta property=\"og:url\" content=\"https:\/\/sxflightcase.com\/de\/\u4ea7\u54c1\/\u653e\u5927\u5668\u98de\u884c\u7bb1-8u-10u-12u\/\" \/>\n<meta property=\"og:site_name\" content=\"https:\/\/sxflightcase.com\" \/>\n<meta property=\"article:publisher\" content=\"https:\/\/www.facebook.com\/profile.php?id=61560407257971\" \/>\n<meta property=\"article:modified_time\" content=\"2025-02-18T06:56:11+00:00\" \/>\n<meta property=\"og:image\" content=\"https:\/\/sxflightcase.com\/wp-content\/uploads\/2024\/05\/1714963187169.jpg\" \/>\n\t<meta property=\"og:image:width\" content=\"700\" \/>\n\t<meta property=\"og:image:height\" content=\"700\" \/>\n\t<meta property=\"og:image:type\" content=\"image\/jpeg\" \/>\n<meta name=\"twitter:card\" content=\"summary_large_image\" \/>\n<meta name=\"twitter:label1\" content=\"Gesch\u00e4tzte Lesezeit\" \/>\n\t<meta name=\"twitter:data1\" content=\"4\u00a0Minuten\" \/>\n<script type=\"application\/ld+json\" class=\"yoast-schema-graph\">{\"@context\":\"https:\/\/schema.org\",\"@graph\":[{\"@type\":\"WebPage\",\"@id\":\"https:\/\/sxflightcase.com\/zh\/\u4ea7\u54c1\/\u653e\u5927\u5668\u98de\u884c\u7bb1-8u-10u-12u\/\",\"url\":\"https:\/\/sxflightcase.com\/zh\/\u4ea7\u54c1\/\u653e\u5927\u5668\u98de\u884c\u7bb1-8u-10u-12u\/\",\"name\":\"Customize Flight Case 8u 10u 12u - https:\/\/sxflightcase.com \ud83d\udc97\",\"isPartOf\":{\"@id\":\"https:\/\/sxflightcase.com\/th\/#website\"},\"primaryImageOfPage\":{\"@id\":\"https:\/\/sxflightcase.com\/zh\/\u4ea7\u54c1\/\u653e\u5927\u5668\u98de\u884c\u7bb1-8u-10u-12u\/#primaryimage\"},\"image\":{\"@id\":\"https:\/\/sxflightcase.com\/zh\/\u4ea7\u54c1\/\u653e\u5927\u5668\u98de\u884c\u7bb1-8u-10u-12u\/#primaryimage\"},\"thumbnailUrl\":\"https:\/\/sxflightcase.com\/wp-content\/uploads\/2024\/05\/1714963187169.jpg\",\"datePublished\":\"2024-05-06T03:04:43+00:00\",\"dateModified\":\"2025-02-18T06:56:11+00:00\",\"description\":\"Customize Flight Case: Explore factory-direct sales and professional customization for the ultimate protection of your equipment\",\"breadcrumb\":{\"@id\":\"https:\/\/sxflightcase.com\/zh\/\u4ea7\u54c1\/\u653e\u5927\u5668\u98de\u884c\u7bb1-8u-10u-12u\/#breadcrumb\"},\"inLanguage\":\"de\",\"potentialAction\":[{\"@type\":\"ReadAction\",\"target\":[\"https:\/\/sxflightcase.com\/zh\/\u4ea7\u54c1\/\u653e\u5927\u5668\u98de\u884c\u7bb1-8u-10u-12u\/\"]}]},{\"@type\":\"ImageObject\",\"inLanguage\":\"de\",\"@id\":\"https:\/\/sxflightcase.com\/zh\/\u4ea7\u54c1\/\u653e\u5927\u5668\u98de\u884c\u7bb1-8u-10u-12u\/#primaryimage\",\"url\":\"https:\/\/sxflightcase.com\/wp-content\/uploads\/2024\/05\/1714963187169.jpg\",\"contentUrl\":\"https:\/\/sxflightcase.com\/wp-content\/uploads\/2024\/05\/1714963187169.jpg\",\"width\":700,\"height\":700,\"caption\":\"amp flight case\"},{\"@type\":\"BreadcrumbList\",\"@id\":\"https:\/\/sxflightcase.com\/zh\/\u4ea7\u54c1\/\u653e\u5927\u5668\u98de\u884c\u7bb1-8u-10u-12u\/#breadcrumb\",\"itemListElement\":[{\"@type\":\"ListItem\",\"position\":1,\"name\":\"Home\",\"item\":\"https:\/\/sxflightcase.com\/\"},{\"@type\":\"ListItem\",\"position\":2,\"name\":\"\u0e2a\u0e34\u0e19\u0e04\u0e49\u0e32\",\"item\":\"https:\/\/sxflightcase.com\/th\/shop\/\"},{\"@type\":\"ListItem\",\"position\":3,\"name\":\"Customize Flight Case 8u 10u 12u\"}]},{\"@type\":\"WebSite\",\"@id\":\"https:\/\/sxflightcase.com\/th\/#website\",\"url\":\"https:\/\/sxflightcase.com\/th\/\",\"name\":\"sxpowercase.com\",\"description\":\"Flight Case Factory\",\"publisher\":{\"@id\":\"https:\/\/sxflightcase.com\/th\/#organization\"},\"potentialAction\":[{\"@type\":\"SearchAction\",\"target\":{\"@type\":\"EntryPoint\",\"urlTemplate\":\"https:\/\/sxflightcase.com\/th\/?s={search_term_string}\"},\"query-input\":{\"@type\":\"PropertyValueSpecification\",\"valueRequired\":true,\"valueName\":\"search_term_string\"}}],\"inLanguage\":\"de\"},{\"@type\":\"Organization\",\"@id\":\"https:\/\/sxflightcase.com\/th\/#organization\",\"name\":\"sxpowercase.com\",\"url\":\"https:\/\/sxflightcase.com\/th\/\",\"logo\":{\"@type\":\"ImageObject\",\"inLanguage\":\"de\",\"@id\":\"https:\/\/sxflightcase.com\/th\/#\/schema\/logo\/image\/\",\"url\":\"https:\/\/sxflightcase.com\/wp-content\/uploads\/2024\/04\/1713919036007.jpg\",\"contentUrl\":\"https:\/\/sxflightcase.com\/wp-content\/uploads\/2024\/04\/1713919036007.jpg\",\"width\":382,\"height\":388,\"caption\":\"sxpowercase.com\"},\"image\":{\"@id\":\"https:\/\/sxflightcase.com\/th\/#\/schema\/logo\/image\/\"},\"sameAs\":[\"https:\/\/www.facebook.com\/profile.php?id=61560407257971\"],\"numberOfEmployees\":{\"@type\":\"QuantitativeValue\",\"minValue\":\"11\",\"maxValue\":\"50\"}}]}<\/script>\n<!-- \/ Yoast SEO Premium plugin. -->","yoast_head_json":{"title":"Customize Flight Case 8u 10u 12u - https:\/\/sxflightcase.com \ud83d\udc97","description":"Customize Flight Case: Entdecken Sie den Direktvertrieb und die professionelle Anpassung f\u00fcr den ultimativen Schutz Ihrer Ausr\u00fcstung","robots":{"index":"index","follow":"follow","max-snippet":"max-snippet:-1","max-image-preview":"max-image-preview:large","max-video-preview":"max-video-preview:-1"},"canonical":"https:\/\/sxflightcase.com\/de\/\u4ea7\u54c1\/\u653e\u5927\u5668\u98de\u884c\u7bb1-8u-10u-12u\/","og_locale":"de_DE","og_type":"article","og_title":"Customize Flight Case 8u 10u 12u","og_description":"Customize Flight Case: Explore factory-direct sales and professional customization for the ultimate protection of your equipment","og_url":"https:\/\/sxflightcase.com\/de\/\u4ea7\u54c1\/\u653e\u5927\u5668\u98de\u884c\u7bb1-8u-10u-12u\/","og_site_name":"https:\/\/sxflightcase.com","article_publisher":"https:\/\/www.facebook.com\/profile.php?id=61560407257971","article_modified_time":"2025-02-18T06:56:11+00:00","og_image":[{"width":700,"height":700,"url":"https:\/\/sxflightcase.com\/wp-content\/uploads\/2024\/05\/1714963187169.jpg","type":"image\/jpeg"}],"twitter_card":"summary_large_image","twitter_misc":{"Gesch\u00e4tzte Lesezeit":"4\u00a0Minuten"},"schema":{"@context":"https:\/\/schema.org","@graph":[{"@type":"WebPage","@id":"https:\/\/sxflightcase.com\/zh\/\u4ea7\u54c1\/\u653e\u5927\u5668\u98de\u884c\u7bb1-8u-10u-12u\/","url":"https:\/\/sxflightcase.com\/zh\/\u4ea7\u54c1\/\u653e\u5927\u5668\u98de\u884c\u7bb1-8u-10u-12u\/","name":"Customize Flight Case 8u 10u 12u - https:\/\/sxflightcase.com \ud83d\udc97","isPartOf":{"@id":"https:\/\/sxflightcase.com\/th\/#website"},"primaryImageOfPage":{"@id":"https:\/\/sxflightcase.com\/zh\/\u4ea7\u54c1\/\u653e\u5927\u5668\u98de\u884c\u7bb1-8u-10u-12u\/#primaryimage"},"image":{"@id":"https:\/\/sxflightcase.com\/zh\/\u4ea7\u54c1\/\u653e\u5927\u5668\u98de\u884c\u7bb1-8u-10u-12u\/#primaryimage"},"thumbnailUrl":"https:\/\/sxflightcase.com\/wp-content\/uploads\/2024\/05\/1714963187169.jpg","datePublished":"2024-05-06T03:04:43+00:00","dateModified":"2025-02-18T06:56:11+00:00","description":"Customize Flight Case: Entdecken Sie den Direktvertrieb und die professionelle Anpassung f\u00fcr den ultimativen Schutz Ihrer Ausr\u00fcstung","breadcrumb":{"@id":"https:\/\/sxflightcase.com\/zh\/\u4ea7\u54c1\/\u653e\u5927\u5668\u98de\u884c\u7bb1-8u-10u-12u\/#breadcrumb"},"inLanguage":"de","potentialAction":[{"@type":"ReadAction","target":["https:\/\/sxflightcase.com\/zh\/\u4ea7\u54c1\/\u653e\u5927\u5668\u98de\u884c\u7bb1-8u-10u-12u\/"]}]},{"@type":"ImageObject","inLanguage":"de","@id":"https:\/\/sxflightcase.com\/zh\/\u4ea7\u54c1\/\u653e\u5927\u5668\u98de\u884c\u7bb1-8u-10u-12u\/#primaryimage","url":"https:\/\/sxflightcase.com\/wp-content\/uploads\/2024\/05\/1714963187169.jpg","contentUrl":"https:\/\/sxflightcase.com\/wp-content\/uploads\/2024\/05\/1714963187169.jpg","width":700,"height":700,"caption":"amp flight case"},{"@type":"BreadcrumbList","@id":"https:\/\/sxflightcase.com\/zh\/\u4ea7\u54c1\/\u653e\u5927\u5668\u98de\u884c\u7bb1-8u-10u-12u\/#breadcrumb","itemListElement":[{"@type":"ListItem","position":1,"name":"Home","item":"https:\/\/sxflightcase.com\/"},{"@type":"ListItem","position":2,"name":"\u0e2a\u0e34\u0e19\u0e04\u0e49\u0e32","item":"https:\/\/sxflightcase.com\/th\/shop\/"},{"@type":"ListItem","position":3,"name":"Customize Flight Case 8u 10u 12u"}]},{"@type":"WebSite","@id":"https:\/\/sxflightcase.com\/th\/#website","url":"https:\/\/sxflightcase.com\/th\/","name":"www.sxpowercase.com","description":"Flight Case Fabrik","publisher":{"@id":"https:\/\/sxflightcase.com\/th\/#organization"},"potentialAction":[{"@type":"SearchAction","target":{"@type":"EntryPoint","urlTemplate":"https:\/\/sxflightcase.com\/th\/?s={search_term_string}"},"query-input":{"@type":"PropertyValueSpecification","valueRequired":true,"valueName":"search_term_string"}}],"inLanguage":"de"},{"@type":"Organization","@id":"https:\/\/sxflightcase.com\/th\/#organization","name":"www.sxpowercase.com","url":"https:\/\/sxflightcase.com\/th\/","logo":{"@type":"ImageObject","inLanguage":"de","@id":"https:\/\/sxflightcase.com\/th\/#\/schema\/logo\/image\/","url":"https:\/\/sxflightcase.com\/wp-content\/uploads\/2024\/04\/1713919036007.jpg","contentUrl":"https:\/\/sxflightcase.com\/wp-content\/uploads\/2024\/04\/1713919036007.jpg","width":382,"height":388,"caption":"sxpowercase.com"},"image":{"@id":"https:\/\/sxflightcase.com\/th\/#\/schema\/logo\/image\/"},"sameAs":["https:\/\/www.facebook.com\/profile.php?id=61560407257971"],"numberOfEmployees":{"@type":"QuantitativeValue","minValue":"11","maxValue":"50"}}]}},"_links":{"self":[{"href":"https:\/\/sxflightcase.com\/de\/wp-json\/wp\/v2\/product\/1058","targetHints":{"allow":["GET"]}}],"collection":[{"href":"https:\/\/sxflightcase.com\/de\/wp-json\/wp\/v2\/product"}],"about":[{"href":"https:\/\/sxflightcase.com\/de\/wp-json\/wp\/v2\/types\/product"}],"replies":[{"embeddable":true,"href":"https:\/\/sxflightcase.com\/de\/wp-json\/wp\/v2\/comments?post=1058"}],"version-history":[{"count":0,"href":"https:\/\/sxflightcase.com\/de\/wp-json\/wp\/v2\/product\/1058\/revisions"}],"wp:featuredmedia":[{"embeddable":true,"href":"https:\/\/sxflightcase.com\/de\/wp-json\/wp\/v2\/media\/1059"}],"wp:attachment":[{"href":"https:\/\/sxflightcase.com\/de\/wp-json\/wp\/v2\/media?parent=1058"}],"wp:term":[{"taxonomy":"product_brand","embeddable":true,"href":"https:\/\/sxflightcase.com\/de\/wp-json\/wp\/v2\/product_brand?post=1058"},{"taxonomy":"product_cat","embeddable":true,"href":"https:\/\/sxflightcase.com\/de\/wp-json\/wp\/v2\/product_cat?post=1058"},{"taxonomy":"product_tag","embeddable":true,"href":"https:\/\/sxflightcase.com\/de\/wp-json\/wp\/v2\/product_tag?post=1058"}],"curies":[{"name":"wp","href":"https:\/\/api.w.org\/{rel}","templated":true}]}}