{"id":1069,"date":"2024-05-06T08:08:32","date_gmt":"2024-05-06T07:08:32","guid":{"rendered":"https:\/\/sxpowercase.com\/?post_type=product&#038;p=1069"},"modified":"2025-02-18T18:45:02","modified_gmt":"2025-02-19T02:45:02","slug":"road-case-workbox","status":"publish","type":"product","link":"https:\/\/sxflightcase.com\/de\/produkt\/roadcase-arbeitsbox\/","title":{"rendered":"DJ-Koffer-Fabrik"},"content":{"rendered":"<p><strong>Titel:<\/strong><br \/>\nSX DJ Case Factory: Custom Road Cases f\u00fcr DJ Equipment | Flycases &amp; Rack Flight Cases<\/p>\n<p><strong>Meta-Beschreibung:<\/strong><br \/>\nSch\u00fctzen Sie Ihr DJ-Equipment mit den ma\u00dfgefertigten Road-Cases von SX. Langlebig, tragbar und auf Ihr Equipment zugeschnitten. Steigern Sie Ihr Gesch\u00e4ft mit professionellem Schutz.<\/p>\n<h3><strong>SX: Ihre vertrauensw\u00fcrdige DJ-Case-Fabrik<\/strong><\/h3>\n<p><strong>SX<\/strong> ist Ihre erste Wahl f\u00fcr den Schutz Ihres DJ-Equipments. Egal, ob Sie auf Tournee oder im Studio sind, unsere Cases halten Ihr Equipment sicher und bereit f\u00fcr jeden Auftritt.<\/p>\n<h3><strong>Warum SX DJ Cases w\u00e4hlen?<\/strong><\/h3>\n<ol>\n<li><strong>Ma\u00dfgeschneiderte L\u00f6sungen f\u00fcr Ihre Ausr\u00fcstung<\/strong><br \/>\nJedes DJ-Setup ist einzigartig, und das gilt auch f\u00fcr unsere Cases. Bei SX kreieren wir <strong>benutzerdefinierte Stra\u00dfenkoffer<\/strong> nur f\u00fcr Sie. Sie brauchen einen Koffer f\u00fcr Plattenspieler, Mischpulte oder ein komplettes Setup? Wir haben das Richtige f\u00fcr Sie.<\/li>\n<li><strong>Flycases f\u00fcr den einfachen Transport<\/strong><br \/>\nUnser <strong>Flycases<\/strong> sind perfekt f\u00fcr DJs, die viel unterwegs sind. Sie sind auf Langlebigkeit ausgelegt und verf\u00fcgen \u00fcber ergonomische Griffe und leichtg\u00e4ngige Rollen. Der Transport Ihrer Ausr\u00fcstung war noch nie so einfach.<\/li>\n<li><strong>Rack Flight Cases f\u00fcr maximalen Schutz<\/strong><br \/>\nF\u00fcr gr\u00f6\u00dfere Installationen ist unser <strong>Rack-Flightcases<\/strong> bieten erstklassigen Schutz. Sie sind hergestellt mit <strong>Aluminiumrahmen<\/strong>, <strong>feuerfestes 12mm Sperrholz<\/strong>, Und <strong>hochdichter sto\u00dffester Schaumstoff<\/strong>. Diese Koffer k\u00f6nnen alles aushalten, was die Stra\u00dfe ihnen vorgibt.<\/li>\n<li><strong>Steigern Sie Ihr Gesch\u00e4ft mit SX DJ Cases<\/strong><br \/>\nEine Investition in SX DJ Cases bedeutet eine Investition in Ihr Gesch\u00e4ft. Mit unserem professionellen Schutz k\u00f6nnen Sie sich darauf konzentrieren, fantastische Auftritte zu liefern, w\u00e4hrend wir uns um Ihre Ausr\u00fcstung k\u00fcmmern.<\/li>\n<li><strong>Maximieren Sie Ihre Gewinne<\/strong><br \/>\nBeim Schutz Ihrer wertvollen DJ-Ausr\u00fcstung geht es nicht nur um Sicherheit. Es geht auch um die Maximierung Ihres Gewinns. Ein zuverl\u00e4ssiger Schutz bedeutet mehr Auftritte, zufriedenere Kunden und mehr Einnahmen.<\/li>\n<\/ol>\n<h3><strong>Wesentliche Merkmale:<\/strong><\/h3>\n<ul>\n<li><strong>Material:<\/strong> Aluminiumrahmen + feuerfestes 12mm Sperrholz<\/li>\n<li><strong>Innen:<\/strong> Hochdichter sto\u00dffester Schaumstoff f\u00fcr maximalen Schutz<\/li>\n<li><strong>Gr\u00f6\u00dfe:<\/strong> Vollst\u00e4ndig anpassbar an Ihre Ausr\u00fcstung<\/li>\n<li><strong>Zubeh\u00f6r:<\/strong> Vier Schmetterlingsverschl\u00fcsse, vier R\u00e4der, vier stabile Griffe<\/li>\n<li><strong>Anpassungen:<\/strong> Passen Sie den Koffer an Ihre Bed\u00fcrfnisse an - w\u00e4hlen Sie Material, Abmessungen, Innenf\u00fcllungen, Griffe und Schl\u00f6sser.<\/li>\n<\/ul>\n<h3><strong>Au\u00dfergew\u00f6hnliche Qualit\u00e4t und Service<\/strong><\/h3>\n<p>Bei SX dreht sich alles um <strong>au\u00dfergew\u00f6hnliche Qualit\u00e4t<\/strong> Und <strong>Kundenbetreuung<\/strong>. Von unseren strapazierf\u00e4higen Koffern bis hin zu unserem reaktionsschnellen Support-Team - Ihre Zufriedenheit liegt uns am Herzen.<\/p>\n<h3><strong>FAQs<\/strong><\/h3>\n<p><strong>F: Kann SX Roadcases f\u00fcr bestimmte DJ-Equipmentgr\u00f6\u00dfen anpassen?<\/strong><br \/>\nA: Ja, wir bieten individuelle L\u00f6sungen, die auf die Abmessungen und Spezifikationen Ihrer Ausr\u00fcstung zugeschnitten sind.<\/p>\n<p><strong>F: Sind SX DJ-Koffer robust genug f\u00fcr h\u00e4ufiges Reisen?<\/strong><br \/>\nA: Auf jeden Fall! Unsere Roadcases sind so konstruiert, dass sie den Strapazen des Reisens standhalten und Ihrer Ausr\u00fcstung maximalen Schutz bieten.<\/p>\n<p><strong>F: Bieten Sie Garantieleistungen f\u00fcr SX DJ-Koffer an?<\/strong><br \/>\nA: Ja, f\u00fcr unsere DJ-Cases gilt eine Garantie, die Ihnen zus\u00e4tzliche Sicherheit gibt.<\/p>\n<p><strong>F: Wie kann ich bei SX eine Bestellung f\u00fcr individuelle DJ-Koffer aufgeben?<\/strong><br \/>\nA: Wenden Sie sich einfach an unser Team, und wir f\u00fchren Sie durch den Bestellprozess f\u00fcr ma\u00dfgeschneiderte Roadcases f\u00fcr Ihre DJ-Ausr\u00fcstung.<\/p>\n<p><strong>F: Kann ich bei der SX DJ Case Factory in gro\u00dfen Mengen bestellen?<\/strong><br \/>\nA: Ja, wir k\u00f6nnen Gro\u00dfbestellungen entgegennehmen, um Ihren Gesch\u00e4ftsanforderungen gerecht zu werden.<\/p>\n<h3><strong>Bestellen Sie Ihr individuelles DJ-Case noch heute!<\/strong><\/h3>\n<p>Sind Sie bereit, Ihr DJ-Equipment mit den Premium-Roadcases von SX zu sch\u00fctzen? Kontaktieren Sie uns jetzt, um Ihre individuelle L\u00f6sung zu entwerfen.<\/p>\n<p><strong>Jetzt Zugriff erhalten:<\/strong> <a href=\"https:\/\/sxpowercase.com\/contact-us\/\" target=\"_blank\" rel=\"noopener noreferrer\">https:\/\/sxpowercase.com\/contact-us\/<\/a><\/p>\n<h3><strong>Hei\u00dfe Tags:<\/strong><\/h3>\n<p>Niedriger Preis, auf Lager, kostenloses Muster, Strom- und Signalkabel, 16 Gauge 4 Conductor Wire, Mikrofonst\u00e4nder Case, Outdoor LED Display Cabinet, Rack Mount, Electrical Distro Box, China, Lieferanten, Fabrik, ma\u00dfgeschneidert, Gro\u00dfhandel, Stromk\u00e4sten, Stromkabel, Hebezeug-Controller, Flight Cases.<\/p>","protected":false},"excerpt":{"rendered":"<h2><strong>Ma\u00dfgeschneiderter Schutz f\u00fcr Ihre Ausr\u00fcstung<\/strong><\/h2>\n<p>SX ist auf die Herstellung individueller Roadcases spezialisiert, die auf Ihr spezielles DJ-Equipment zugeschnitten sind und maximalen Schutz f\u00fcr Ihr Setup gew\u00e4hrleisten.<\/p>\n<h2><strong>Flycases f\u00fcr den einfachen Transport<\/strong><\/h2>\n<p>Unsere Flycases sind f\u00fcr DJs unterwegs konzipiert und verf\u00fcgen \u00fcber eine robuste Konstruktion und praktische Griffe f\u00fcr den problemlosen Transport zwischen Auftritten.<\/p>\n<h2><strong>Rack-Flightcases f\u00fcr ultimativen Schutz<\/strong><\/h2>\n<p>F\u00fcr gr\u00f6\u00dfere DJ-Setups bieten unsere Rack-Flightcases zus\u00e4tzlichen Schutz vor St\u00f6\u00dfen und Kratzern und sorgen daf\u00fcr, dass Ihr Equipment unterwegs sicher bleibt.<\/p>","protected":false},"featured_media":1070,"comment_status":"open","ping_status":"closed","template":"","meta":[],"product_brand":[],"product_cat":[41],"product_tag":[],"class_list":{"0":"post-1069","1":"product","2":"type-product","3":"status-publish","4":"has-post-thumbnail","6":"product_cat-equipment-cases","8":"first","9":"instock","10":"shipping-taxable","11":"product-type-simple"},"yoast_head":"<!-- This site is optimized with the Yoast SEO Premium plugin v27.1 (Yoast SEO v27.2) - https:\/\/yoast.com\/product\/yoast-seo-premium-wordpress\/ -->\n<title>Dj Case Factory - https:\/\/sxflightcase.com \ud83d\udc97<\/title>\n<meta name=\"description\" content=\"Dj case factory: Specializing in direct sales and professional customization for premium equipment protection solutions.\" \/>\n<meta name=\"robots\" content=\"index, follow, max-snippet:-1, max-image-preview:large, max-video-preview:-1\" \/>\n<link rel=\"canonical\" href=\"https:\/\/sxflightcase.com\/de\/produit\/boite-de-travail-pour-valise-de-route\/\" \/>\n<meta property=\"og:locale\" content=\"de_DE\" \/>\n<meta property=\"og:type\" content=\"article\" \/>\n<meta property=\"og:title\" content=\"Dj Case Factory\" \/>\n<meta property=\"og:description\" content=\"Dj case factory: Specializing in direct sales and professional customization for premium equipment protection solutions.\" \/>\n<meta property=\"og:url\" content=\"https:\/\/sxflightcase.com\/de\/produit\/boite-de-travail-pour-valise-de-route\/\" \/>\n<meta property=\"og:site_name\" content=\"https:\/\/sxflightcase.com\" \/>\n<meta property=\"article:publisher\" content=\"https:\/\/www.facebook.com\/profile.php?id=61560407257971\" \/>\n<meta property=\"article:modified_time\" content=\"2025-02-19T02:45:02+00:00\" \/>\n<meta property=\"og:image\" content=\"https:\/\/sxflightcase.com\/wp-content\/uploads\/2024\/05\/1714963576972.jpg\" \/>\n\t<meta property=\"og:image:width\" content=\"742\" \/>\n\t<meta property=\"og:image:height\" content=\"746\" \/>\n\t<meta property=\"og:image:type\" content=\"image\/jpeg\" \/>\n<meta name=\"twitter:card\" content=\"summary_large_image\" \/>\n<meta name=\"twitter:label1\" content=\"Gesch\u00e4tzte Lesezeit\" \/>\n\t<meta name=\"twitter:data1\" content=\"4\u00a0Minuten\" \/>\n<script type=\"application\/ld+json\" class=\"yoast-schema-graph\">{\"@context\":\"https:\/\/schema.org\",\"@graph\":[{\"@type\":\"WebPage\",\"@id\":\"https:\/\/sxflightcase.com\/fr\/produit\/boite-de-travail-pour-valise-de-route\/\",\"url\":\"https:\/\/sxflightcase.com\/fr\/produit\/boite-de-travail-pour-valise-de-route\/\",\"name\":\"Dj Case Factory - https:\/\/sxflightcase.com \ud83d\udc97\",\"isPartOf\":{\"@id\":\"https:\/\/sxflightcase.com\/th\/#website\"},\"primaryImageOfPage\":{\"@id\":\"https:\/\/sxflightcase.com\/fr\/produit\/boite-de-travail-pour-valise-de-route\/#primaryimage\"},\"image\":{\"@id\":\"https:\/\/sxflightcase.com\/fr\/produit\/boite-de-travail-pour-valise-de-route\/#primaryimage\"},\"thumbnailUrl\":\"https:\/\/sxflightcase.com\/wp-content\/uploads\/2024\/05\/1714963576972.jpg\",\"datePublished\":\"2024-05-06T07:08:32+00:00\",\"dateModified\":\"2025-02-19T02:45:02+00:00\",\"description\":\"Dj case factory: Specializing in direct sales and professional customization for premium equipment protection solutions.\",\"breadcrumb\":{\"@id\":\"https:\/\/sxflightcase.com\/fr\/produit\/boite-de-travail-pour-valise-de-route\/#breadcrumb\"},\"inLanguage\":\"de\",\"potentialAction\":[{\"@type\":\"ReadAction\",\"target\":[\"https:\/\/sxflightcase.com\/fr\/produit\/boite-de-travail-pour-valise-de-route\/\"]}]},{\"@type\":\"ImageObject\",\"inLanguage\":\"de\",\"@id\":\"https:\/\/sxflightcase.com\/fr\/produit\/boite-de-travail-pour-valise-de-route\/#primaryimage\",\"url\":\"https:\/\/sxflightcase.com\/wp-content\/uploads\/2024\/05\/1714963576972.jpg\",\"contentUrl\":\"https:\/\/sxflightcase.com\/wp-content\/uploads\/2024\/05\/1714963576972.jpg\",\"width\":742,\"height\":746,\"caption\":\"road case workbox\"},{\"@type\":\"BreadcrumbList\",\"@id\":\"https:\/\/sxflightcase.com\/fr\/produit\/boite-de-travail-pour-valise-de-route\/#breadcrumb\",\"itemListElement\":[{\"@type\":\"ListItem\",\"position\":1,\"name\":\"Home\",\"item\":\"https:\/\/sxflightcase.com\/\"},{\"@type\":\"ListItem\",\"position\":2,\"name\":\"\u0e2a\u0e34\u0e19\u0e04\u0e49\u0e32\",\"item\":\"https:\/\/sxflightcase.com\/th\/shop\/\"},{\"@type\":\"ListItem\",\"position\":3,\"name\":\"Dj Case Factory\"}]},{\"@type\":\"WebSite\",\"@id\":\"https:\/\/sxflightcase.com\/th\/#website\",\"url\":\"https:\/\/sxflightcase.com\/th\/\",\"name\":\"sxpowercase.com\",\"description\":\"Flight Case Factory\",\"publisher\":{\"@id\":\"https:\/\/sxflightcase.com\/th\/#organization\"},\"potentialAction\":[{\"@type\":\"SearchAction\",\"target\":{\"@type\":\"EntryPoint\",\"urlTemplate\":\"https:\/\/sxflightcase.com\/th\/?s={search_term_string}\"},\"query-input\":{\"@type\":\"PropertyValueSpecification\",\"valueRequired\":true,\"valueName\":\"search_term_string\"}}],\"inLanguage\":\"de\"},{\"@type\":\"Organization\",\"@id\":\"https:\/\/sxflightcase.com\/th\/#organization\",\"name\":\"sxpowercase.com\",\"url\":\"https:\/\/sxflightcase.com\/th\/\",\"logo\":{\"@type\":\"ImageObject\",\"inLanguage\":\"de\",\"@id\":\"https:\/\/sxflightcase.com\/th\/#\/schema\/logo\/image\/\",\"url\":\"https:\/\/sxflightcase.com\/wp-content\/uploads\/2024\/04\/1713919036007.jpg\",\"contentUrl\":\"https:\/\/sxflightcase.com\/wp-content\/uploads\/2024\/04\/1713919036007.jpg\",\"width\":382,\"height\":388,\"caption\":\"sxpowercase.com\"},\"image\":{\"@id\":\"https:\/\/sxflightcase.com\/th\/#\/schema\/logo\/image\/\"},\"sameAs\":[\"https:\/\/www.facebook.com\/profile.php?id=61560407257971\"],\"numberOfEmployees\":{\"@type\":\"QuantitativeValue\",\"minValue\":\"11\",\"maxValue\":\"50\"}}]}<\/script>\n<!-- \/ Yoast SEO Premium plugin. -->","yoast_head_json":{"title":"Dj Case Factory - https:\/\/sxflightcase.com \ud83d\udc97","description":"DJ-Case-Fabrik: Spezialisiert auf Direktvertrieb und professionelle Anpassung f\u00fcr Premium-L\u00f6sungen zum Schutz von Ger\u00e4ten.","robots":{"index":"index","follow":"follow","max-snippet":"max-snippet:-1","max-image-preview":"max-image-preview:large","max-video-preview":"max-video-preview:-1"},"canonical":"https:\/\/sxflightcase.com\/de\/produit\/boite-de-travail-pour-valise-de-route\/","og_locale":"de_DE","og_type":"article","og_title":"Dj Case Factory","og_description":"Dj case factory: Specializing in direct sales and professional customization for premium equipment protection solutions.","og_url":"https:\/\/sxflightcase.com\/de\/produit\/boite-de-travail-pour-valise-de-route\/","og_site_name":"https:\/\/sxflightcase.com","article_publisher":"https:\/\/www.facebook.com\/profile.php?id=61560407257971","article_modified_time":"2025-02-19T02:45:02+00:00","og_image":[{"width":742,"height":746,"url":"https:\/\/sxflightcase.com\/wp-content\/uploads\/2024\/05\/1714963576972.jpg","type":"image\/jpeg"}],"twitter_card":"summary_large_image","twitter_misc":{"Gesch\u00e4tzte Lesezeit":"4\u00a0Minuten"},"schema":{"@context":"https:\/\/schema.org","@graph":[{"@type":"WebPage","@id":"https:\/\/sxflightcase.com\/fr\/produit\/boite-de-travail-pour-valise-de-route\/","url":"https:\/\/sxflightcase.com\/fr\/produit\/boite-de-travail-pour-valise-de-route\/","name":"Dj Case Factory - https:\/\/sxflightcase.com \ud83d\udc97","isPartOf":{"@id":"https:\/\/sxflightcase.com\/th\/#website"},"primaryImageOfPage":{"@id":"https:\/\/sxflightcase.com\/fr\/produit\/boite-de-travail-pour-valise-de-route\/#primaryimage"},"image":{"@id":"https:\/\/sxflightcase.com\/fr\/produit\/boite-de-travail-pour-valise-de-route\/#primaryimage"},"thumbnailUrl":"https:\/\/sxflightcase.com\/wp-content\/uploads\/2024\/05\/1714963576972.jpg","datePublished":"2024-05-06T07:08:32+00:00","dateModified":"2025-02-19T02:45:02+00:00","description":"DJ-Case-Fabrik: Spezialisiert auf Direktvertrieb und professionelle Anpassung f\u00fcr Premium-L\u00f6sungen zum Schutz von Ger\u00e4ten.","breadcrumb":{"@id":"https:\/\/sxflightcase.com\/fr\/produit\/boite-de-travail-pour-valise-de-route\/#breadcrumb"},"inLanguage":"de","potentialAction":[{"@type":"ReadAction","target":["https:\/\/sxflightcase.com\/fr\/produit\/boite-de-travail-pour-valise-de-route\/"]}]},{"@type":"ImageObject","inLanguage":"de","@id":"https:\/\/sxflightcase.com\/fr\/produit\/boite-de-travail-pour-valise-de-route\/#primaryimage","url":"https:\/\/sxflightcase.com\/wp-content\/uploads\/2024\/05\/1714963576972.jpg","contentUrl":"https:\/\/sxflightcase.com\/wp-content\/uploads\/2024\/05\/1714963576972.jpg","width":742,"height":746,"caption":"road case workbox"},{"@type":"BreadcrumbList","@id":"https:\/\/sxflightcase.com\/fr\/produit\/boite-de-travail-pour-valise-de-route\/#breadcrumb","itemListElement":[{"@type":"ListItem","position":1,"name":"Home","item":"https:\/\/sxflightcase.com\/"},{"@type":"ListItem","position":2,"name":"\u0e2a\u0e34\u0e19\u0e04\u0e49\u0e32","item":"https:\/\/sxflightcase.com\/th\/shop\/"},{"@type":"ListItem","position":3,"name":"Dj Case Factory"}]},{"@type":"WebSite","@id":"https:\/\/sxflightcase.com\/th\/#website","url":"https:\/\/sxflightcase.com\/th\/","name":"www.sxpowercase.com","description":"Flight Case Fabrik","publisher":{"@id":"https:\/\/sxflightcase.com\/th\/#organization"},"potentialAction":[{"@type":"SearchAction","target":{"@type":"EntryPoint","urlTemplate":"https:\/\/sxflightcase.com\/th\/?s={search_term_string}"},"query-input":{"@type":"PropertyValueSpecification","valueRequired":true,"valueName":"search_term_string"}}],"inLanguage":"de"},{"@type":"Organization","@id":"https:\/\/sxflightcase.com\/th\/#organization","name":"www.sxpowercase.com","url":"https:\/\/sxflightcase.com\/th\/","logo":{"@type":"ImageObject","inLanguage":"de","@id":"https:\/\/sxflightcase.com\/th\/#\/schema\/logo\/image\/","url":"https:\/\/sxflightcase.com\/wp-content\/uploads\/2024\/04\/1713919036007.jpg","contentUrl":"https:\/\/sxflightcase.com\/wp-content\/uploads\/2024\/04\/1713919036007.jpg","width":382,"height":388,"caption":"sxpowercase.com"},"image":{"@id":"https:\/\/sxflightcase.com\/th\/#\/schema\/logo\/image\/"},"sameAs":["https:\/\/www.facebook.com\/profile.php?id=61560407257971"],"numberOfEmployees":{"@type":"QuantitativeValue","minValue":"11","maxValue":"50"}}]}},"_links":{"self":[{"href":"https:\/\/sxflightcase.com\/de\/wp-json\/wp\/v2\/product\/1069","targetHints":{"allow":["GET"]}}],"collection":[{"href":"https:\/\/sxflightcase.com\/de\/wp-json\/wp\/v2\/product"}],"about":[{"href":"https:\/\/sxflightcase.com\/de\/wp-json\/wp\/v2\/types\/product"}],"replies":[{"embeddable":true,"href":"https:\/\/sxflightcase.com\/de\/wp-json\/wp\/v2\/comments?post=1069"}],"version-history":[{"count":0,"href":"https:\/\/sxflightcase.com\/de\/wp-json\/wp\/v2\/product\/1069\/revisions"}],"wp:featuredmedia":[{"embeddable":true,"href":"https:\/\/sxflightcase.com\/de\/wp-json\/wp\/v2\/media\/1070"}],"wp:attachment":[{"href":"https:\/\/sxflightcase.com\/de\/wp-json\/wp\/v2\/media?parent=1069"}],"wp:term":[{"taxonomy":"product_brand","embeddable":true,"href":"https:\/\/sxflightcase.com\/de\/wp-json\/wp\/v2\/product_brand?post=1069"},{"taxonomy":"product_cat","embeddable":true,"href":"https:\/\/sxflightcase.com\/de\/wp-json\/wp\/v2\/product_cat?post=1069"},{"taxonomy":"product_tag","embeddable":true,"href":"https:\/\/sxflightcase.com\/de\/wp-json\/wp\/v2\/product_tag?post=1069"}],"curies":[{"name":"wp","href":"https:\/\/api.w.org\/{rel}","templated":true}]}}