{"id":1082,"date":"2024-05-06T09:24:28","date_gmt":"2024-05-06T08:24:28","guid":{"rendered":"https:\/\/sxpowercase.com\/?post_type=product&#038;p=1082"},"modified":"2025-02-18T19:48:08","modified_gmt":"2025-02-19T03:48:08","slug":"cable-case-with-heavy-duty-wheels","status":"publish","type":"product","link":"https:\/\/sxflightcase.com\/de\/produkt\/kabelkoffer-mit-schwerlastrollen-2\/","title":{"rendered":"Kabelkoffer mit Schwerlastr\u00e4dern"},"content":{"rendered":"<p><strong>Titel:<\/strong><br \/>\nSX-Kabelh\u00fcllen: Premium-Schutz f\u00fcr Ihre Kabel | anpassbar &amp; langlebig<\/p>\n<p><strong>Meta-Beschreibung:<\/strong><br \/>\nSch\u00fctzen Sie Ihre Kabel mit den hochwertigen SX <a href=\"https:\/\/sxpowercase.com\/product\/wireless-microphone-case\/\">Kabelgeh\u00e4use<\/a>. Individuell anpassbar, langlebig und f\u00fcr maximalen Schutz konzipiert. Steigern Sie noch heute die Effizienz Ihres Unternehmens!<\/p>\n<h3><strong>SX: Ihr zuverl\u00e4ssiger Lieferant von Kabelgeh\u00e4usen<\/strong><\/h3>\n<p><strong>SX<\/strong> ist Ihre erste Wahl f\u00fcr <a href=\"https:\/\/sxpowercase.com\/product\/flight-case-19-rack\/\">Kabelgeh\u00e4use<\/a>. In unseren Koffern sind Ihre Kabel sicher und organisiert. Sie sind perfekt f\u00fcr Audio-, Video- oder Stromkabel.<\/p>\n<h3><strong>Warum sollten Sie sich f\u00fcr SX Cable Cases entscheiden?<\/strong><\/h3>\n<ol>\n<li><strong>Maximaler Schutz f\u00fcr Ihre Kabel<\/strong><br \/>\nUnsere F\u00e4lle haben <strong>Aluminiumrahmen<\/strong>, <strong>feuerfestes 12mm Sperrholz<\/strong>, Und <strong>hochdichter sto\u00dffester Schaumstoff im Inneren<\/strong>. Sie sch\u00fctzen Ihre Kabel vor St\u00f6\u00dfen, Feuchtigkeit und anderen Gefahren.<\/li>\n<li><strong>Ma\u00dfgeschneiderte L\u00f6sungen f\u00fcr Ihre Bed\u00fcrfnisse<\/strong><br \/>\nJeder Kabelsatz ist einzigartig, und das gilt auch f\u00fcr unsere Koffer. Wir k\u00f6nnen ein <strong>individuelle L\u00f6sung<\/strong> f\u00fcr Ihre spezifischen Bed\u00fcrfnisse.<\/li>\n<li><strong>Steigerung der Unternehmenseffizienz<\/strong><br \/>\nDie SX-Kabeltaschen sorgen f\u00fcr Ordnung und Schutz Ihrer Kabel. Das spart Ihnen Zeit und reduziert den Stress. Sie k\u00f6nnen sich mehr auf Ihre Projekte konzentrieren, was zu einer h\u00f6heren Produktivit\u00e4t und mehr Umsatz f\u00fchrt.<\/li>\n<li><strong>Maximieren Sie Ihre Gewinne<\/strong><br \/>\nDie Investition in SX-Kabeltaschen ist sinnvoll. Sie sparen Geld, weil sie Sch\u00e4den und Ersatz vermeiden. Mit haltbaren Koffern k\u00f6nnen Sie mehr Projekte in Angriff nehmen und Ihren Gewinn steigern.<\/li>\n<li><strong>Au\u00dfergew\u00f6hnliche Qualit\u00e4t und Service<\/strong><br \/>\nUnser Ziel bei SX ist es <strong>au\u00dfergew\u00f6hnliche Qualit\u00e4t<\/strong> Und <strong>Kundenbetreuung<\/strong>. Wir arbeiten eng mit Ihnen zusammen, um Ihre Zufriedenheit von Anfang bis Ende zu gew\u00e4hrleisten.<\/li>\n<\/ol>\n<h3><strong>Wesentliche Merkmale:<\/strong><\/h3>\n<ul>\n<li><strong>Material:<\/strong> Aluminiumrahmen + feuerfestes 12mm Sperrholz<\/li>\n<li><strong>Innen:<\/strong> Hochdichter sto\u00dffester Schaumstoff f\u00fcr maximalen Schutz<\/li>\n<li><strong>Zubeh\u00f6r:<\/strong> Vier Schmetterlingsverschl\u00fcsse, vier R\u00e4der und vier stabile Griffe f\u00fcr einfachen Transport<\/li>\n<li><strong>Anpassungen:<\/strong> Passen Sie den Koffer an Ihre Bed\u00fcrfnisse an - w\u00e4hlen Sie Material, Abmessungen, Innenf\u00fcllungen, Griffe und Schl\u00f6sser.<\/li>\n<li><strong>Verpacken:<\/strong> Blase Tasche + Karton f\u00fcr sichere Lieferung<\/li>\n<\/ul>\n<h3><strong>Steigern Sie Ihr Gesch\u00e4ft mit SX-Kabelh\u00fcllen<\/strong><\/h3>\n<p>Lassen Sie sich nicht von besch\u00e4digten oder unordentlichen Kabeln aufhalten. Mit den Kabeltaschen von SX k\u00f6nnen Sie:<\/p>\n<ul>\n<li><strong>Sch\u00fctzen Sie Ihre wertvollen Kabel<\/strong> vor Besch\u00e4digungen w\u00e4hrend des Transports.<\/li>\n<li><strong>Organisiert bleiben<\/strong> und bereit f\u00fcr jedes Projekt.<\/li>\n<li><strong>Steigern Sie Ihr Endergebnis<\/strong> indem sie mehr Auftritte mit Selbstvertrauen annimmt.<\/li>\n<\/ul>\n<h3><strong>FAQs<\/strong><\/h3>\n<p><strong>F: Kann SX Kabelgeh\u00e4use f\u00fcr bestimmte Kabelgr\u00f6\u00dfen anpassen?<\/strong><br \/>\nA: Ja, wir bieten kundenspezifische L\u00f6sungen, die auf Ihre Kabelabmessungen und -spezifikationen zugeschnitten sind.<\/p>\n<p><strong>F: Sind SX-Kabelgeh\u00e4use sowohl f\u00fcr den Innen- als auch f\u00fcr den Au\u00dfenbereich geeignet?<\/strong><br \/>\nA: Auf jeden Fall! Unsere Taschen sind so konzipiert, dass sie verschiedenen Umgebungen standhalten und Ihre Kabel \u00fcberall gesch\u00fctzt bleiben.<\/p>\n<p><strong>F: Wie lange dauert es, bis ich ein individuelles Kabelgeh\u00e4use von SX erhalte?<\/strong><br \/>\nA: Die Lieferzeiten h\u00e4ngen von der Komplexit\u00e4t des Falles und unserer aktuellen Arbeitsbelastung ab. Kontaktieren Sie uns f\u00fcr spezifische Lieferfristen.<\/p>\n<p><strong>F: Gibt es f\u00fcr die SX-Kabeltaschen eine Garantie?<\/strong><br \/>\nA: Ja, unsere Koffer sind mit einer Garantie ausgestattet, die f\u00fcr zus\u00e4tzlichen Seelenfrieden sorgt.<\/p>\n<p><strong>F: Kann ich bei SX Kabelh\u00fcllen in gro\u00dfen Mengen bestellen?<\/strong><br \/>\nA: Ja, wir k\u00f6nnen Gro\u00dfauftr\u00e4ge annehmen. Kontaktieren Sie uns f\u00fcr Preise und Verf\u00fcgbarkeit.<\/p>\n<h3><strong>Bestellen Sie Ihre individuelle Kabeltasche noch heute!<\/strong><\/h3>\n<p>Sind Sie bereit, Ihre Kabel mit den hochwertigen Taschen von SX zu sch\u00fctzen? Kontaktieren Sie uns jetzt, um Ihre individuelle L\u00f6sung zu entwerfen.<\/p>\n<p><strong>Jetzt Zugriff erhalten:<\/strong> <a href=\"https:\/\/sxpowercase.com\/contact-us\/\" target=\"_blank\" rel=\"noopener noreferrer\">https:\/\/sxpowercase.com\/contact-us\/<\/a><\/p>\n<h3><strong>Hei\u00dfe Tags:<\/strong><\/h3>\n<p>Niedriger Preis, Strom- und Signalkabel, 16 Gauge 4 Conductor Wire, Microphone Stand Case, Outdoor LED Display Cabinet, Rack Mount, Electrical Distro Box, China, Lieferanten, Fabrik, ma\u00dfgeschneidert, Gro\u00dfhandel, Stromk\u00e4sten, Stromkabel, Hebezeug-Controller, Flight Cases.<\/p>\n<h1><\/h1>","protected":false},"excerpt":{"rendered":"<h2><strong>Hochwertige H\u00fcllen f\u00fcr maximalen Schutz<\/strong><\/h2>\n<p>SX-Kabelh\u00fcllen sind auf Langlebigkeit ausgelegt. Sie bestehen aus strapazierf\u00e4higen Materialien und verf\u00fcgen \u00fcber sichere Verschl\u00fcsse, um sicherzustellen, dass Ihre Kabel \u00fcberall sicher und geordnet bleiben.<\/p>\n<h2><strong>Ma\u00dfgeschneiderte L\u00f6sungen f\u00fcr Ihren Kabelbedarf<\/strong><\/h2>\n<p>Wir bieten Ihnen ma\u00dfgeschneiderte Kabeltaschen f\u00fcr Ihre spezifischen Anforderungen, ob f\u00fcr Audio- oder Videokabel oder f\u00fcr jede andere Art von Kabeln. Halten Sie Ihre Kabel mit unseren individuellen L\u00f6sungen organisiert und gesch\u00fctzt.<\/p>\n<h2><strong>Steigern Sie die Gesch\u00e4ftseffizienz mit SX-Kabelgeh\u00e4usen<\/strong><\/h2>\n<p>Investieren Sie in SX-Kabelgeh\u00e4use, um die Effizienz und Rentabilit\u00e4t Ihres Unternehmens zu steigern. Verbringen Sie weniger Zeit mit der Suche nach Kabeln und konzentrieren Sie sich mehr auf Ihre Projekte. Das f\u00fchrt zu h\u00f6herer Produktivit\u00e4t und h\u00f6herem Umsatz.<\/p>","protected":false},"featured_media":1083,"comment_status":"open","ping_status":"closed","template":"","meta":[],"product_brand":[],"product_cat":[36],"product_tag":[],"class_list":{"0":"post-1082","1":"product","2":"type-product","3":"status-publish","4":"has-post-thumbnail","6":"product_cat-cables-cases","8":"first","9":"instock","10":"shipping-taxable","11":"product-type-simple"},"yoast_head":"<!-- This site is optimized with the Yoast SEO Premium plugin v27.1 (Yoast SEO v27.2) - https:\/\/yoast.com\/product\/yoast-seo-premium-wordpress\/ -->\n<title>Cable Case With Heavy Duty Wheels - https:\/\/sxflightcase.com \ud83d\udc97<\/title>\n<meta name=\"description\" content=\"Cable case Factory: Specializing in direct sales and professional customization for premium equipment protection solutions\" \/>\n<meta name=\"robots\" content=\"index, follow, max-snippet:-1, max-image-preview:large, max-video-preview:-1\" \/>\n<link rel=\"canonical\" href=\"https:\/\/sxflightcase.com\/de\/produkt\/kabelkasse-med-kraftige-hjul\/\" \/>\n<meta property=\"og:locale\" content=\"de_DE\" \/>\n<meta property=\"og:type\" content=\"article\" \/>\n<meta property=\"og:title\" content=\"Cable Case With Heavy Duty Wheels\" \/>\n<meta property=\"og:description\" content=\"Cable case Factory: Specializing in direct sales and professional customization for premium equipment protection solutions\" \/>\n<meta property=\"og:url\" content=\"https:\/\/sxflightcase.com\/de\/produkt\/kabelkasse-med-kraftige-hjul\/\" \/>\n<meta property=\"og:site_name\" content=\"https:\/\/sxflightcase.com\" \/>\n<meta property=\"article:publisher\" content=\"https:\/\/www.facebook.com\/profile.php?id=61560407257971\" \/>\n<meta property=\"article:modified_time\" content=\"2025-02-19T03:48:08+00:00\" \/>\n<meta property=\"og:image\" content=\"https:\/\/sxflightcase.com\/wp-content\/uploads\/2024\/05\/1714963633661.jpg\" \/>\n\t<meta property=\"og:image:width\" content=\"691\" \/>\n\t<meta property=\"og:image:height\" content=\"692\" \/>\n\t<meta property=\"og:image:type\" content=\"image\/jpeg\" \/>\n<meta name=\"twitter:card\" content=\"summary_large_image\" \/>\n<meta name=\"twitter:label1\" content=\"Gesch\u00e4tzte Lesezeit\" \/>\n\t<meta name=\"twitter:data1\" content=\"3\u00a0Minuten\" \/>\n<script type=\"application\/ld+json\" class=\"yoast-schema-graph\">{\"@context\":\"https:\/\/schema.org\",\"@graph\":[{\"@type\":\"WebPage\",\"@id\":\"https:\/\/sxflightcase.com\/da\/produkt\/kabelkasse-med-kraftige-hjul\/\",\"url\":\"https:\/\/sxflightcase.com\/da\/produkt\/kabelkasse-med-kraftige-hjul\/\",\"name\":\"Cable Case With Heavy Duty Wheels - https:\/\/sxflightcase.com \ud83d\udc97\",\"isPartOf\":{\"@id\":\"https:\/\/sxflightcase.com\/th\/#website\"},\"primaryImageOfPage\":{\"@id\":\"https:\/\/sxflightcase.com\/da\/produkt\/kabelkasse-med-kraftige-hjul\/#primaryimage\"},\"image\":{\"@id\":\"https:\/\/sxflightcase.com\/da\/produkt\/kabelkasse-med-kraftige-hjul\/#primaryimage\"},\"thumbnailUrl\":\"https:\/\/sxflightcase.com\/wp-content\/uploads\/2024\/05\/1714963633661.jpg\",\"datePublished\":\"2024-05-06T08:24:28+00:00\",\"dateModified\":\"2025-02-19T03:48:08+00:00\",\"description\":\"Cable case Factory: Specializing in direct sales and professional customization for premium equipment protection solutions\",\"breadcrumb\":{\"@id\":\"https:\/\/sxflightcase.com\/da\/produkt\/kabelkasse-med-kraftige-hjul\/#breadcrumb\"},\"inLanguage\":\"de\",\"potentialAction\":[{\"@type\":\"ReadAction\",\"target\":[\"https:\/\/sxflightcase.com\/da\/produkt\/kabelkasse-med-kraftige-hjul\/\"]}]},{\"@type\":\"ImageObject\",\"inLanguage\":\"de\",\"@id\":\"https:\/\/sxflightcase.com\/da\/produkt\/kabelkasse-med-kraftige-hjul\/#primaryimage\",\"url\":\"https:\/\/sxflightcase.com\/wp-content\/uploads\/2024\/05\/1714963633661.jpg\",\"contentUrl\":\"https:\/\/sxflightcase.com\/wp-content\/uploads\/2024\/05\/1714963633661.jpg\",\"width\":691,\"height\":692,\"caption\":\"cable case\"},{\"@type\":\"BreadcrumbList\",\"@id\":\"https:\/\/sxflightcase.com\/da\/produkt\/kabelkasse-med-kraftige-hjul\/#breadcrumb\",\"itemListElement\":[{\"@type\":\"ListItem\",\"position\":1,\"name\":\"Home\",\"item\":\"https:\/\/sxflightcase.com\/\"},{\"@type\":\"ListItem\",\"position\":2,\"name\":\"\u0e2a\u0e34\u0e19\u0e04\u0e49\u0e32\",\"item\":\"https:\/\/sxflightcase.com\/th\/shop\/\"},{\"@type\":\"ListItem\",\"position\":3,\"name\":\"Cable Case With Heavy Duty Wheels\"}]},{\"@type\":\"WebSite\",\"@id\":\"https:\/\/sxflightcase.com\/th\/#website\",\"url\":\"https:\/\/sxflightcase.com\/th\/\",\"name\":\"sxpowercase.com\",\"description\":\"Flight Case Factory\",\"publisher\":{\"@id\":\"https:\/\/sxflightcase.com\/th\/#organization\"},\"potentialAction\":[{\"@type\":\"SearchAction\",\"target\":{\"@type\":\"EntryPoint\",\"urlTemplate\":\"https:\/\/sxflightcase.com\/th\/?s={search_term_string}\"},\"query-input\":{\"@type\":\"PropertyValueSpecification\",\"valueRequired\":true,\"valueName\":\"search_term_string\"}}],\"inLanguage\":\"de\"},{\"@type\":\"Organization\",\"@id\":\"https:\/\/sxflightcase.com\/th\/#organization\",\"name\":\"sxpowercase.com\",\"url\":\"https:\/\/sxflightcase.com\/th\/\",\"logo\":{\"@type\":\"ImageObject\",\"inLanguage\":\"de\",\"@id\":\"https:\/\/sxflightcase.com\/th\/#\/schema\/logo\/image\/\",\"url\":\"https:\/\/sxflightcase.com\/wp-content\/uploads\/2024\/04\/1713919036007.jpg\",\"contentUrl\":\"https:\/\/sxflightcase.com\/wp-content\/uploads\/2024\/04\/1713919036007.jpg\",\"width\":382,\"height\":388,\"caption\":\"sxpowercase.com\"},\"image\":{\"@id\":\"https:\/\/sxflightcase.com\/th\/#\/schema\/logo\/image\/\"},\"sameAs\":[\"https:\/\/www.facebook.com\/profile.php?id=61560407257971\"],\"numberOfEmployees\":{\"@type\":\"QuantitativeValue\",\"minValue\":\"11\",\"maxValue\":\"50\"}}]}<\/script>\n<!-- \/ Yoast SEO Premium plugin. -->","yoast_head_json":{"title":"Cable Case With Heavy Duty Wheels - https:\/\/sxflightcase.com \ud83d\udc97","description":"Kabeltasche Factory: Spezialisiert auf den Direktvertrieb und die professionelle Anpassung von hochwertigen Ger\u00e4teschutzl\u00f6sungen","robots":{"index":"index","follow":"follow","max-snippet":"max-snippet:-1","max-image-preview":"max-image-preview:large","max-video-preview":"max-video-preview:-1"},"canonical":"https:\/\/sxflightcase.com\/de\/produkt\/kabelkasse-med-kraftige-hjul\/","og_locale":"de_DE","og_type":"article","og_title":"Cable Case With Heavy Duty Wheels","og_description":"Cable case Factory: Specializing in direct sales and professional customization for premium equipment protection solutions","og_url":"https:\/\/sxflightcase.com\/de\/produkt\/kabelkasse-med-kraftige-hjul\/","og_site_name":"https:\/\/sxflightcase.com","article_publisher":"https:\/\/www.facebook.com\/profile.php?id=61560407257971","article_modified_time":"2025-02-19T03:48:08+00:00","og_image":[{"width":691,"height":692,"url":"https:\/\/sxflightcase.com\/wp-content\/uploads\/2024\/05\/1714963633661.jpg","type":"image\/jpeg"}],"twitter_card":"summary_large_image","twitter_misc":{"Gesch\u00e4tzte Lesezeit":"3\u00a0Minuten"},"schema":{"@context":"https:\/\/schema.org","@graph":[{"@type":"WebPage","@id":"https:\/\/sxflightcase.com\/da\/produkt\/kabelkasse-med-kraftige-hjul\/","url":"https:\/\/sxflightcase.com\/da\/produkt\/kabelkasse-med-kraftige-hjul\/","name":"Cable Case With Heavy Duty Wheels - https:\/\/sxflightcase.com \ud83d\udc97","isPartOf":{"@id":"https:\/\/sxflightcase.com\/th\/#website"},"primaryImageOfPage":{"@id":"https:\/\/sxflightcase.com\/da\/produkt\/kabelkasse-med-kraftige-hjul\/#primaryimage"},"image":{"@id":"https:\/\/sxflightcase.com\/da\/produkt\/kabelkasse-med-kraftige-hjul\/#primaryimage"},"thumbnailUrl":"https:\/\/sxflightcase.com\/wp-content\/uploads\/2024\/05\/1714963633661.jpg","datePublished":"2024-05-06T08:24:28+00:00","dateModified":"2025-02-19T03:48:08+00:00","description":"Kabeltasche Factory: Spezialisiert auf den Direktvertrieb und die professionelle Anpassung von hochwertigen Ger\u00e4teschutzl\u00f6sungen","breadcrumb":{"@id":"https:\/\/sxflightcase.com\/da\/produkt\/kabelkasse-med-kraftige-hjul\/#breadcrumb"},"inLanguage":"de","potentialAction":[{"@type":"ReadAction","target":["https:\/\/sxflightcase.com\/da\/produkt\/kabelkasse-med-kraftige-hjul\/"]}]},{"@type":"ImageObject","inLanguage":"de","@id":"https:\/\/sxflightcase.com\/da\/produkt\/kabelkasse-med-kraftige-hjul\/#primaryimage","url":"https:\/\/sxflightcase.com\/wp-content\/uploads\/2024\/05\/1714963633661.jpg","contentUrl":"https:\/\/sxflightcase.com\/wp-content\/uploads\/2024\/05\/1714963633661.jpg","width":691,"height":692,"caption":"cable case"},{"@type":"BreadcrumbList","@id":"https:\/\/sxflightcase.com\/da\/produkt\/kabelkasse-med-kraftige-hjul\/#breadcrumb","itemListElement":[{"@type":"ListItem","position":1,"name":"Home","item":"https:\/\/sxflightcase.com\/"},{"@type":"ListItem","position":2,"name":"\u0e2a\u0e34\u0e19\u0e04\u0e49\u0e32","item":"https:\/\/sxflightcase.com\/th\/shop\/"},{"@type":"ListItem","position":3,"name":"Cable Case With Heavy Duty Wheels"}]},{"@type":"WebSite","@id":"https:\/\/sxflightcase.com\/th\/#website","url":"https:\/\/sxflightcase.com\/th\/","name":"www.sxpowercase.com","description":"Flight Case Fabrik","publisher":{"@id":"https:\/\/sxflightcase.com\/th\/#organization"},"potentialAction":[{"@type":"SearchAction","target":{"@type":"EntryPoint","urlTemplate":"https:\/\/sxflightcase.com\/th\/?s={search_term_string}"},"query-input":{"@type":"PropertyValueSpecification","valueRequired":true,"valueName":"search_term_string"}}],"inLanguage":"de"},{"@type":"Organization","@id":"https:\/\/sxflightcase.com\/th\/#organization","name":"www.sxpowercase.com","url":"https:\/\/sxflightcase.com\/th\/","logo":{"@type":"ImageObject","inLanguage":"de","@id":"https:\/\/sxflightcase.com\/th\/#\/schema\/logo\/image\/","url":"https:\/\/sxflightcase.com\/wp-content\/uploads\/2024\/04\/1713919036007.jpg","contentUrl":"https:\/\/sxflightcase.com\/wp-content\/uploads\/2024\/04\/1713919036007.jpg","width":382,"height":388,"caption":"sxpowercase.com"},"image":{"@id":"https:\/\/sxflightcase.com\/th\/#\/schema\/logo\/image\/"},"sameAs":["https:\/\/www.facebook.com\/profile.php?id=61560407257971"],"numberOfEmployees":{"@type":"QuantitativeValue","minValue":"11","maxValue":"50"}}]}},"_links":{"self":[{"href":"https:\/\/sxflightcase.com\/de\/wp-json\/wp\/v2\/product\/1082","targetHints":{"allow":["GET"]}}],"collection":[{"href":"https:\/\/sxflightcase.com\/de\/wp-json\/wp\/v2\/product"}],"about":[{"href":"https:\/\/sxflightcase.com\/de\/wp-json\/wp\/v2\/types\/product"}],"replies":[{"embeddable":true,"href":"https:\/\/sxflightcase.com\/de\/wp-json\/wp\/v2\/comments?post=1082"}],"version-history":[{"count":0,"href":"https:\/\/sxflightcase.com\/de\/wp-json\/wp\/v2\/product\/1082\/revisions"}],"wp:featuredmedia":[{"embeddable":true,"href":"https:\/\/sxflightcase.com\/de\/wp-json\/wp\/v2\/media\/1083"}],"wp:attachment":[{"href":"https:\/\/sxflightcase.com\/de\/wp-json\/wp\/v2\/media?parent=1082"}],"wp:term":[{"taxonomy":"product_brand","embeddable":true,"href":"https:\/\/sxflightcase.com\/de\/wp-json\/wp\/v2\/product_brand?post=1082"},{"taxonomy":"product_cat","embeddable":true,"href":"https:\/\/sxflightcase.com\/de\/wp-json\/wp\/v2\/product_cat?post=1082"},{"taxonomy":"product_tag","embeddable":true,"href":"https:\/\/sxflightcase.com\/de\/wp-json\/wp\/v2\/product_tag?post=1082"}],"curies":[{"name":"wp","href":"https:\/\/api.w.org\/{rel}","templated":true}]}}