{"id":1102,"date":"2024-05-07T06:44:03","date_gmt":"2024-05-07T05:44:03","guid":{"rendered":"https:\/\/sxpowercase.com\/?post_type=product&#038;p=1102"},"modified":"2025-02-19T23:31:10","modified_gmt":"2025-02-20T07:31:10","slug":"yamaha-mixer-case","status":"publish","type":"product","link":"https:\/\/sxflightcase.com\/de\/produkt\/yamaha-mixer-koffer-2\/","title":{"rendered":"Yamaha Mischpultkoffer - anpassbar und langlebig"},"content":{"rendered":"<h3><strong>Produkt\u00fcbersicht: Yamaha Mischpultkoffer<\/strong><\/h3>\n<p>Der\u00a0<strong>Yamaha Mischpultkoffer<\/strong>\u00a0wurde entwickelt, um Ihr Mischpult w\u00e4hrend des Transports und der Lagerung optimal zu sch\u00fctzen. Ganz gleich, ob Sie eine Turnhalle, ein Theater, eine B\u00fchnenauff\u00fchrung oder eine Firmenveranstaltung vorbereiten, unsere Koffer sorgen daf\u00fcr, dass Ihre Ausr\u00fcstung sicher und gesch\u00fctzt bleibt.<\/p>\n<hr \/>\n<h3><strong>Wesentliche Merkmale:<\/strong><\/h3>\n<ul>\n<li><strong>Material:<\/strong>\u00a09mm laminiertes Sperrholz f\u00fcr maximale Haltbarkeit<\/li>\n<li><strong>Hardware:<\/strong>\u00a0Beschl\u00e4ge in handels\u00fcblicher Qualit\u00e4t, einschlie\u00dflich\u00a0<strong>Signatur Gator Red Griffe und Verschl\u00fcsse<\/strong>, Und\u00a0<strong>Ballecken<\/strong><\/li>\n<li><strong>Mobilit\u00e4t:<\/strong>\u00a0Eingebauter federbelasteter versenkter Abschleppgriff und R\u00e4der f\u00fcr einfachen Transport<\/li>\n<li><strong>Innen:<\/strong>\u00a0Ultra-Dur EVA-Schaumstoffpolsterung mit Bel\u00fcftungsbl\u00f6cken f\u00fcr die Luftzirkulation<\/li>\n<li><strong>Farboptionen:<\/strong>\u00a0Schwarz, Blau, Rot oder kundenspezifische Farben erh\u00e4ltlich<\/li>\n<li><strong>Verwendung:<\/strong>\u00a0Ideal f\u00fcr den Schutz, den Transport und die Lagerung von Yamaha-Mischpulten<\/li>\n<\/ul>\n<hr \/>\n<h3><strong>Anwendungen:<\/strong><\/h3>\n<p>Der Yamaha-Mixer-Koffer eignet sich perfekt f\u00fcr eine Vielzahl von Anwendungen, darunter:<\/p>\n<ul>\n<li><strong>Sporthallen<\/strong><\/li>\n<li><strong>Theater<\/strong><\/li>\n<li><strong>B\u00fchnenauff\u00fchrungen<\/strong><\/li>\n<li><strong>Veranstaltungen im Freien<\/strong><\/li>\n<li><strong>Hotels und Tagungsr\u00e4ume<\/strong><\/li>\n<\/ul>\n<hr \/>\n<h3><strong>Warum sollten Sie sich f\u00fcr unseren Yamaha-Mixer-Koffer entscheiden?<\/strong><\/h3>\n<ol start=\"1\">\n<li><strong>\u00dcberlegener Schutz<\/strong><br \/>\nUnsere Koffer sind so konstruiert, dass sie den Strapazen des Transports standhalten und Ihr Mischpult vor St\u00f6\u00dfen, St\u00fcrzen und anderen Gefahren gesch\u00fctzt bleibt.<\/li>\n<li><strong>Anpassbares Design<\/strong><br \/>\nWir bieten\u00a0<strong>ma\u00dfgeschneiderte L\u00f6sungen<\/strong>\u00a0um Ihr spezifisches Mischermodell und Ihre Anforderungen zu erf\u00fcllen. W\u00e4hlen Sie aus verschiedenen Farben, Materialien und Innenausstattungen.<\/li>\n<li><strong>Erh\u00f6hte Mobilit\u00e4t<\/strong><br \/>\nDank der eingebauten Griffe und R\u00e4der k\u00f6nnen Sie Ihr Mischpult m\u00fchelos von einem Veranstaltungsort zum anderen transportieren und so Zeit und M\u00fche sparen.<\/li>\n<li><strong>Langlebigkeit und Verl\u00e4sslichkeit<\/strong><br \/>\nUnsere aus hochwertigen Materialien gefertigten Koffer sind auf Langlebigkeit ausgelegt und bieten langfristigen Schutz f\u00fcr Ihre wertvollen Ger\u00e4te.<\/li>\n<\/ol>\n<hr \/>\n<h3><strong>Verpackung und Versand:<\/strong><\/h3>\n<ul>\n<li><strong>Versandzeit:<\/strong>\n<ul>\n<li>Auf dem Seeweg: 15-60 Tage<\/li>\n<li>Auf dem Luftweg: 4-9 Tage<\/li>\n<li>Per Express: 4-9 Tage<\/li>\n<\/ul>\n<\/li>\n<li><strong>Lieferfrist:<\/strong>\u00a07-15 Arbeitstage oder je nach Ihren Anforderungen<\/li>\n<li><strong>Verpackung:<\/strong>\u00a0Karton oder kundenspezifische Verpackung verf\u00fcgbar<\/li>\n<\/ul>\n<hr \/>\n<h3><strong>Unser Service:<\/strong><\/h3>\n<ul>\n<li><strong>Professioneller Service:<\/strong>\u00a0Kompetenz in der Verpackung und im weltweiten Export von Produkten<\/li>\n<li><strong>Exzellente Fertigung:<\/strong>\u00a0Hochwertige Produktion mit Liebe zum Detail<\/li>\n<li><strong>Flexible Zahlungsm\u00f6glichkeiten:<\/strong>\u00a0T\/T, Western Union, und mehr<\/li>\n<\/ul>\n<hr \/>\n<h3><strong>\u00dcber uns:<\/strong><\/h3>\n<p>Dank unserer langj\u00e4hrigen Erfahrung haben wir uns einen guten Ruf f\u00fcr Integrit\u00e4t, Professionalit\u00e4t und hervorragende Preise erworben. Unsere Produkte genie\u00dfen das Vertrauen von Kunden im In- und Ausland. Wir verpflichten uns weiterhin zur Lieferung von\u00a0<strong>Qualit\u00e4t, Wert und Kundenzufriedenheit<\/strong>.<\/p>\n<hr \/>\n<h3><strong>FAQs:<\/strong><\/h3>\n<p><strong>F: Kann der Yamaha-Mixer-Koffer f\u00fcr bestimmte Mixer-Modelle angepasst werden?<\/strong><br \/>\nA: Ja, wir bieten ma\u00dfgeschneiderte L\u00f6sungen, die perfekt zu Ihrem Mixer passen.<\/p>\n<p><strong>F: Sind diese Koffer f\u00fcr den Au\u00dfeneinsatz geeignet?<\/strong><br \/>\nA: Auf jeden Fall! Unsere Taschen sind so konzipiert, dass sie verschiedenen Umgebungen standhalten und Ihr Mischpult \u00fcberall gesch\u00fctzt bleibt.<\/p>\n<p><strong>F: Wie lange dauert es, bis ich ein individuelles Yamaha-Mischpultgeh\u00e4use erhalte?<\/strong><br \/>\nA: Die Lieferzeiten h\u00e4ngen von der Komplexit\u00e4t des Falles und unserer aktuellen Arbeitsbelastung ab. Kontaktieren Sie uns f\u00fcr spezifische Lieferfristen.<\/p>\n<p><strong>F: Gibt es f\u00fcr diese Koffer eine Garantie?<\/strong><br \/>\nA: Ja, unsere Koffer sind mit einer Garantie ausgestattet, die f\u00fcr zus\u00e4tzlichen Seelenfrieden sorgt.<\/p>\n<p><strong>F: Kann ich in gro\u00dfen Mengen bestellen?<\/strong><br \/>\nA: Ja, wir k\u00f6nnen Gro\u00dfauftr\u00e4ge annehmen. Kontaktieren Sie uns f\u00fcr Preise und Verf\u00fcgbarkeit.<\/p>\n<hr \/>\n<h3><strong>Bestellen Sie Ihren Yamaha-Mixer-Koffer noch heute!<\/strong><\/h3>\n<p>Sind Sie bereit, Ihr Yamaha-Mischpult mit unseren hochwertigen Flightcases zu sch\u00fctzen? Kontaktieren Sie uns jetzt, um Ihre individuelle L\u00f6sung zu entwerfen.<\/p>\n<p><strong>Jetzt Zugriff erhalten:<\/strong>\u00a0<a href=\"https:\/\/sxpowercase.com\/contact-us\/\" target=\"_blank\" rel=\"noopener noreferrer\">https:\/\/sxpowercase.com\/contact-us\/<\/a><\/p>\n<p class=\"productsTags\">Hot Tags: Niedriger Preis, auf Lager, kostenlose Probe, Strom- und Signalkabel, 16 Gauge 4-Leiter-Kabel, Mikrofonst\u00e4ndergeh\u00e4use, Outdoor-LED-Displayschrank, Rackmontage, elektrische Verteilerbox, China, Lieferanten, Fabrik, kundenspezifisch, Gro\u00dfhandel, <span style=\"color: #993366;\"><a style=\"color: #993366;\" href=\"https:\/\/sxflightcase.com\/de\/product-category\/all-product\/power-distribution-boxes\/\">Stromk\u00e4sten<\/a>,\u00a0<a style=\"color: #993366;\" href=\"https:\/\/sxflightcase.com\/de\/product-category\/all-product\/hoist-controllers\/\">Stromkabel<\/a>,\u00a0<a style=\"color: #993366;\" href=\"https:\/\/sxflightcase.com\/de\/product-category\/all-product\/hoist-controllers\/\">Hubwerkssteuerungen<\/a>,\u00a0<a style=\"color: #993366;\" href=\"https:\/\/sxflightcase.com\/de\/product-category\/all-product\/flight-case\/\">Flightcases.<\/a><\/span><\/p>","protected":false},"excerpt":{"rendered":"<h2>Yamaha Mischpultkoffer<\/h2>\n<p>Speziell f\u00fcr das Yamaha-Mischpultgeh\u00e4use entwickelt und konstruiert. Hergestellt aus Polycarbonat, einem robusten und transparenten Kunststoff, der widerstandsf\u00e4hig und sto\u00dffest ist und somit eine wichtige Investition darstellt. Die Abdeckung sch\u00fctzt Fader und Kn\u00f6pfe vor Staub, Fl\u00fcssigkeiten und anderen sch\u00e4dlichen Elementen. Sie bietet Platz f\u00fcr Kabel und umschlie\u00dft Regler. Von der Industrie empfohlen - von Privatpersonen genutzt!<\/p>\n<h2><strong>Produktionseinf\u00fchrung<\/strong><\/h2>\n<p>Yamaha-Mixer-Koffer<\/p>\n<p>- Die Abdeckung sch\u00fctzt die Bedienoberfl\u00e4che, Fader und Kn\u00f6pfe vor St\u00f6\u00dfen, Staub, Fl\u00fcssigkeiten und anderen sch\u00e4dlichen Elementen<\/p>\n<p>- Passend f\u00fcr das professionelle Mischpult von Yamaha<\/p>\n<p>- Hergestellt aus Polycarbonat, einem widerstandsf\u00e4higen Kunststoff, der f\u00fcr kugelsicheres Glas verwendet wird<\/p>\n<p>- Abdeckungen, w\u00e4hrend die Kabel angeschlossen bleiben. Decken Sie das Ger\u00e4t w\u00e4hrend des Gebrauchs ab, um versehentliche Mischungs\u00e4nderungen zu vermeiden, oder wenn Sie die Konsole fernsteuern.<\/p>\n<p>- Starker, attraktiver Schutz f\u00fcr Ihre Konsole<\/p>","protected":false},"featured_media":1106,"comment_status":"open","ping_status":"closed","template":"","meta":[],"product_brand":[],"product_cat":[41],"product_tag":[],"class_list":{"0":"post-1102","1":"product","2":"type-product","3":"status-publish","4":"has-post-thumbnail","6":"product_cat-equipment-cases","8":"first","9":"instock","10":"shipping-taxable","11":"product-type-simple"},"yoast_head":"<!-- This site is optimized with the Yoast SEO Premium plugin v27.1 (Yoast SEO v27.2) - https:\/\/yoast.com\/product\/yoast-seo-premium-wordpress\/ -->\n<title>Yamaha Mixer Case| Customizable &amp; Durable - https:\/\/sxflightcase.com \ud83d\udc97<\/title>\n<meta name=\"description\" content=\"Yamaha Mixer Case Factory: Specializing in direct sales and professional customization for premium equipment protection solutions.\" \/>\n<meta name=\"robots\" content=\"index, follow, max-snippet:-1, max-image-preview:large, max-video-preview:-1\" \/>\n<link rel=\"canonical\" href=\"https:\/\/sxflightcase.com\/de\/termek\/yamaha-mixer-tok\/\" \/>\n<meta property=\"og:locale\" content=\"de_DE\" \/>\n<meta property=\"og:type\" content=\"article\" \/>\n<meta property=\"og:title\" content=\"Yamaha Mixer Case| Customizable &amp; Durable\" \/>\n<meta property=\"og:description\" content=\"Yamaha Mixer Case Factory: Specializing in direct sales and professional customization for premium equipment protection solutions.\" \/>\n<meta property=\"og:url\" content=\"https:\/\/sxflightcase.com\/de\/termek\/yamaha-mixer-tok\/\" \/>\n<meta property=\"og:site_name\" content=\"https:\/\/sxflightcase.com\" \/>\n<meta property=\"article:publisher\" content=\"https:\/\/www.facebook.com\/profile.php?id=61560407257971\" \/>\n<meta property=\"article:modified_time\" content=\"2025-02-20T07:31:10+00:00\" \/>\n<meta property=\"og:image\" content=\"https:\/\/sxflightcase.com\/wp-content\/uploads\/2024\/05\/yamaha-mixer-case59351388027.webp\" \/>\n\t<meta property=\"og:image:width\" content=\"730\" \/>\n\t<meta property=\"og:image:height\" content=\"730\" \/>\n\t<meta property=\"og:image:type\" content=\"image\/webp\" \/>\n<meta name=\"twitter:card\" content=\"summary_large_image\" \/>\n<meta name=\"twitter:label1\" content=\"Gesch\u00e4tzte Lesezeit\" \/>\n\t<meta name=\"twitter:data1\" content=\"4\u00a0Minuten\" \/>\n<script type=\"application\/ld+json\" class=\"yoast-schema-graph\">{\"@context\":\"https:\/\/schema.org\",\"@graph\":[{\"@type\":\"WebPage\",\"@id\":\"https:\/\/sxflightcase.com\/hu\/termek\/yamaha-mixer-tok\/\",\"url\":\"https:\/\/sxflightcase.com\/hu\/termek\/yamaha-mixer-tok\/\",\"name\":\"Yamaha Mixer Case| Customizable & Durable - https:\/\/sxflightcase.com \ud83d\udc97\",\"isPartOf\":{\"@id\":\"https:\/\/sxflightcase.com\/th\/#website\"},\"primaryImageOfPage\":{\"@id\":\"https:\/\/sxflightcase.com\/hu\/termek\/yamaha-mixer-tok\/#primaryimage\"},\"image\":{\"@id\":\"https:\/\/sxflightcase.com\/hu\/termek\/yamaha-mixer-tok\/#primaryimage\"},\"thumbnailUrl\":\"https:\/\/sxflightcase.com\/wp-content\/uploads\/2024\/05\/yamaha-mixer-case59351388027.webp\",\"datePublished\":\"2024-05-07T05:44:03+00:00\",\"dateModified\":\"2025-02-20T07:31:10+00:00\",\"description\":\"Yamaha Mixer Case Factory: Specializing in direct sales and professional customization for premium equipment protection solutions.\",\"breadcrumb\":{\"@id\":\"https:\/\/sxflightcase.com\/hu\/termek\/yamaha-mixer-tok\/#breadcrumb\"},\"inLanguage\":\"de\",\"potentialAction\":[{\"@type\":\"ReadAction\",\"target\":[\"https:\/\/sxflightcase.com\/hu\/termek\/yamaha-mixer-tok\/\"]}]},{\"@type\":\"ImageObject\",\"inLanguage\":\"de\",\"@id\":\"https:\/\/sxflightcase.com\/hu\/termek\/yamaha-mixer-tok\/#primaryimage\",\"url\":\"https:\/\/sxflightcase.com\/wp-content\/uploads\/2024\/05\/yamaha-mixer-case59351388027.webp\",\"contentUrl\":\"https:\/\/sxflightcase.com\/wp-content\/uploads\/2024\/05\/yamaha-mixer-case59351388027.webp\",\"width\":730,\"height\":730,\"caption\":\"Yamaha Mixer Case\"},{\"@type\":\"BreadcrumbList\",\"@id\":\"https:\/\/sxflightcase.com\/hu\/termek\/yamaha-mixer-tok\/#breadcrumb\",\"itemListElement\":[{\"@type\":\"ListItem\",\"position\":1,\"name\":\"Home\",\"item\":\"https:\/\/sxflightcase.com\/\"},{\"@type\":\"ListItem\",\"position\":2,\"name\":\"\u0e2a\u0e34\u0e19\u0e04\u0e49\u0e32\",\"item\":\"https:\/\/sxflightcase.com\/th\/shop\/\"},{\"@type\":\"ListItem\",\"position\":3,\"name\":\"Yamaha Mixer Case| Customizable &#038; Durable\"}]},{\"@type\":\"WebSite\",\"@id\":\"https:\/\/sxflightcase.com\/th\/#website\",\"url\":\"https:\/\/sxflightcase.com\/th\/\",\"name\":\"sxpowercase.com\",\"description\":\"Flight Case Factory\",\"publisher\":{\"@id\":\"https:\/\/sxflightcase.com\/th\/#organization\"},\"potentialAction\":[{\"@type\":\"SearchAction\",\"target\":{\"@type\":\"EntryPoint\",\"urlTemplate\":\"https:\/\/sxflightcase.com\/th\/?s={search_term_string}\"},\"query-input\":{\"@type\":\"PropertyValueSpecification\",\"valueRequired\":true,\"valueName\":\"search_term_string\"}}],\"inLanguage\":\"de\"},{\"@type\":\"Organization\",\"@id\":\"https:\/\/sxflightcase.com\/th\/#organization\",\"name\":\"sxpowercase.com\",\"url\":\"https:\/\/sxflightcase.com\/th\/\",\"logo\":{\"@type\":\"ImageObject\",\"inLanguage\":\"de\",\"@id\":\"https:\/\/sxflightcase.com\/th\/#\/schema\/logo\/image\/\",\"url\":\"https:\/\/sxflightcase.com\/wp-content\/uploads\/2024\/04\/1713919036007.jpg\",\"contentUrl\":\"https:\/\/sxflightcase.com\/wp-content\/uploads\/2024\/04\/1713919036007.jpg\",\"width\":382,\"height\":388,\"caption\":\"sxpowercase.com\"},\"image\":{\"@id\":\"https:\/\/sxflightcase.com\/th\/#\/schema\/logo\/image\/\"},\"sameAs\":[\"https:\/\/www.facebook.com\/profile.php?id=61560407257971\"],\"numberOfEmployees\":{\"@type\":\"QuantitativeValue\",\"minValue\":\"11\",\"maxValue\":\"50\"}}]}<\/script>\n<!-- \/ Yoast SEO Premium plugin. -->","yoast_head_json":{"title":"Yamaha Mixer Case| Customizable & Durable - https:\/\/sxflightcase.com \ud83d\udc97","description":"Yamaha Mixer Case Factory: Spezialisiert auf den Direktvertrieb und die professionelle Anpassung von hochwertigen Schutzl\u00f6sungen f\u00fcr Ger\u00e4te.","robots":{"index":"index","follow":"follow","max-snippet":"max-snippet:-1","max-image-preview":"max-image-preview:large","max-video-preview":"max-video-preview:-1"},"canonical":"https:\/\/sxflightcase.com\/de\/termek\/yamaha-mixer-tok\/","og_locale":"de_DE","og_type":"article","og_title":"Yamaha Mixer Case| Customizable & Durable","og_description":"Yamaha Mixer Case Factory: Specializing in direct sales and professional customization for premium equipment protection solutions.","og_url":"https:\/\/sxflightcase.com\/de\/termek\/yamaha-mixer-tok\/","og_site_name":"https:\/\/sxflightcase.com","article_publisher":"https:\/\/www.facebook.com\/profile.php?id=61560407257971","article_modified_time":"2025-02-20T07:31:10+00:00","og_image":[{"width":730,"height":730,"url":"https:\/\/sxflightcase.com\/wp-content\/uploads\/2024\/05\/yamaha-mixer-case59351388027.webp","type":"image\/webp"}],"twitter_card":"summary_large_image","twitter_misc":{"Gesch\u00e4tzte Lesezeit":"4\u00a0Minuten"},"schema":{"@context":"https:\/\/schema.org","@graph":[{"@type":"WebPage","@id":"https:\/\/sxflightcase.com\/hu\/termek\/yamaha-mixer-tok\/","url":"https:\/\/sxflightcase.com\/hu\/termek\/yamaha-mixer-tok\/","name":"Yamaha Mixer Case| Customizable & Durable - https:\/\/sxflightcase.com \ud83d\udc97","isPartOf":{"@id":"https:\/\/sxflightcase.com\/th\/#website"},"primaryImageOfPage":{"@id":"https:\/\/sxflightcase.com\/hu\/termek\/yamaha-mixer-tok\/#primaryimage"},"image":{"@id":"https:\/\/sxflightcase.com\/hu\/termek\/yamaha-mixer-tok\/#primaryimage"},"thumbnailUrl":"https:\/\/sxflightcase.com\/wp-content\/uploads\/2024\/05\/yamaha-mixer-case59351388027.webp","datePublished":"2024-05-07T05:44:03+00:00","dateModified":"2025-02-20T07:31:10+00:00","description":"Yamaha Mixer Case Factory: Spezialisiert auf den Direktvertrieb und die professionelle Anpassung von hochwertigen Schutzl\u00f6sungen f\u00fcr Ger\u00e4te.","breadcrumb":{"@id":"https:\/\/sxflightcase.com\/hu\/termek\/yamaha-mixer-tok\/#breadcrumb"},"inLanguage":"de","potentialAction":[{"@type":"ReadAction","target":["https:\/\/sxflightcase.com\/hu\/termek\/yamaha-mixer-tok\/"]}]},{"@type":"ImageObject","inLanguage":"de","@id":"https:\/\/sxflightcase.com\/hu\/termek\/yamaha-mixer-tok\/#primaryimage","url":"https:\/\/sxflightcase.com\/wp-content\/uploads\/2024\/05\/yamaha-mixer-case59351388027.webp","contentUrl":"https:\/\/sxflightcase.com\/wp-content\/uploads\/2024\/05\/yamaha-mixer-case59351388027.webp","width":730,"height":730,"caption":"Yamaha Mixer Case"},{"@type":"BreadcrumbList","@id":"https:\/\/sxflightcase.com\/hu\/termek\/yamaha-mixer-tok\/#breadcrumb","itemListElement":[{"@type":"ListItem","position":1,"name":"Home","item":"https:\/\/sxflightcase.com\/"},{"@type":"ListItem","position":2,"name":"\u0e2a\u0e34\u0e19\u0e04\u0e49\u0e32","item":"https:\/\/sxflightcase.com\/th\/shop\/"},{"@type":"ListItem","position":3,"name":"Yamaha Mixer Case| Customizable &#038; Durable"}]},{"@type":"WebSite","@id":"https:\/\/sxflightcase.com\/th\/#website","url":"https:\/\/sxflightcase.com\/th\/","name":"www.sxpowercase.com","description":"Flight Case Fabrik","publisher":{"@id":"https:\/\/sxflightcase.com\/th\/#organization"},"potentialAction":[{"@type":"SearchAction","target":{"@type":"EntryPoint","urlTemplate":"https:\/\/sxflightcase.com\/th\/?s={search_term_string}"},"query-input":{"@type":"PropertyValueSpecification","valueRequired":true,"valueName":"search_term_string"}}],"inLanguage":"de"},{"@type":"Organization","@id":"https:\/\/sxflightcase.com\/th\/#organization","name":"www.sxpowercase.com","url":"https:\/\/sxflightcase.com\/th\/","logo":{"@type":"ImageObject","inLanguage":"de","@id":"https:\/\/sxflightcase.com\/th\/#\/schema\/logo\/image\/","url":"https:\/\/sxflightcase.com\/wp-content\/uploads\/2024\/04\/1713919036007.jpg","contentUrl":"https:\/\/sxflightcase.com\/wp-content\/uploads\/2024\/04\/1713919036007.jpg","width":382,"height":388,"caption":"sxpowercase.com"},"image":{"@id":"https:\/\/sxflightcase.com\/th\/#\/schema\/logo\/image\/"},"sameAs":["https:\/\/www.facebook.com\/profile.php?id=61560407257971"],"numberOfEmployees":{"@type":"QuantitativeValue","minValue":"11","maxValue":"50"}}]}},"_links":{"self":[{"href":"https:\/\/sxflightcase.com\/de\/wp-json\/wp\/v2\/product\/1102","targetHints":{"allow":["GET"]}}],"collection":[{"href":"https:\/\/sxflightcase.com\/de\/wp-json\/wp\/v2\/product"}],"about":[{"href":"https:\/\/sxflightcase.com\/de\/wp-json\/wp\/v2\/types\/product"}],"replies":[{"embeddable":true,"href":"https:\/\/sxflightcase.com\/de\/wp-json\/wp\/v2\/comments?post=1102"}],"version-history":[{"count":0,"href":"https:\/\/sxflightcase.com\/de\/wp-json\/wp\/v2\/product\/1102\/revisions"}],"wp:featuredmedia":[{"embeddable":true,"href":"https:\/\/sxflightcase.com\/de\/wp-json\/wp\/v2\/media\/1106"}],"wp:attachment":[{"href":"https:\/\/sxflightcase.com\/de\/wp-json\/wp\/v2\/media?parent=1102"}],"wp:term":[{"taxonomy":"product_brand","embeddable":true,"href":"https:\/\/sxflightcase.com\/de\/wp-json\/wp\/v2\/product_brand?post=1102"},{"taxonomy":"product_cat","embeddable":true,"href":"https:\/\/sxflightcase.com\/de\/wp-json\/wp\/v2\/product_cat?post=1102"},{"taxonomy":"product_tag","embeddable":true,"href":"https:\/\/sxflightcase.com\/de\/wp-json\/wp\/v2\/product_tag?post=1102"}],"curies":[{"name":"wp","href":"https:\/\/api.w.org\/{rel}","templated":true}]}}