{"id":1107,"date":"2024-05-07T06:46:14","date_gmt":"2024-05-07T05:46:14","guid":{"rendered":"https:\/\/sxpowercase.com\/?post_type=product&#038;p=1107"},"modified":"2025-02-20T00:04:50","modified_gmt":"2025-02-20T08:04:50","slug":"mixer-hard-case","status":"publish","type":"product","link":"https:\/\/sxflightcase.com\/de\/produkt\/mischpultkoffer\/","title":{"rendered":"Mixer-Hartschalenkoffer"},"content":{"rendered":"<h3><strong>Produkt\u00fcbersicht: Mixer-Koffer<\/strong><\/h3>\n<p>Der\u00a0<strong>SX Mixer Hartschalenkoffer<\/strong>\u00a0ist f\u00fcr den ultimativen Schutz Ihrer Audioausr\u00fcstung konzipiert. Ganz gleich, ob Sie DJ, Tontechniker oder Musiker sind, unsere Taschen sorgen daf\u00fcr, dass Ihr Mischpult beim Transport vor St\u00f6\u00dfen, St\u00fcrzen und anderen Gefahren gesch\u00fctzt ist.<\/p>\n<hr \/>\n<h3><strong>Wesentliche Merkmale:<\/strong><\/h3>\n<ul>\n<li><strong>Material:<\/strong>\u00a09mm Sperrholz mit\u00a0<strong>verchromte\/verzinkte Hardware<\/strong>\u00a0Und\u00a0<strong>Aluminium-Extrusion<\/strong>\u00a0f\u00fcr maximale Haltbarkeit<\/li>\n<li><strong>Schaumstoff-Futter:<\/strong>\u00a0Die Optionen umfassen\u00a0<strong>Perlschaum<\/strong>,\u00a0<strong>EVA-Schaum<\/strong>, oder\u00a0<strong>Eierschaum<\/strong>\u00a0f\u00fcr hervorragende D\u00e4mpfung<\/li>\n<li><strong>Farboptionen:<\/strong>\u00a0Verf\u00fcgbar in\u00a0<strong>Schwarz (Standard)<\/strong>Rot, Blau, Orange, Gelb, Gr\u00fcn, und mehr<\/li>\n<li><strong>Vorlaufzeit:<\/strong>\u00a0Musterbestellung in\u00a0<strong>3 Tage<\/strong>, normale Reihenfolge in\u00a0<strong>7-15 Tage<\/strong><\/li>\n<li><strong>Abmessungen:<\/strong>\u00a0Anpassbar an Ihre spezielle Ausr\u00fcstung<\/li>\n<\/ul>\n<hr \/>\n<h3><strong>Warum sollten Sie sich f\u00fcr SX-Mixer-Hartschalenkoffer entscheiden?<\/strong><\/h3>\n<ol start=\"1\">\n<li><strong>Direktverkauf ab Werk f\u00fcr unschlagbare Preise<\/strong><br \/>\nDa wir den Zwischenh\u00e4ndler ausschalten, bieten wir\u00a0<strong>hochwertige Koffer zu wettbewerbsf\u00e4higen Preisen<\/strong>. Unser Direktvertriebsmodell gew\u00e4hrleistet, dass Sie das beste Preis-Leistungs-Verh\u00e4ltnis erhalten, ohne Kompromisse bei der Qualit\u00e4t einzugehen.<\/li>\n<li><strong>Anpassbar an Ihre Bed\u00fcrfnisse<\/strong><br \/>\nJeder Berufst\u00e4tige hat individuelle Anforderungen. Wir bieten\u00a0<strong>umfangreiche Anpassungsm\u00f6glichkeiten<\/strong>einschlie\u00dflich spezifischer Abmessungen, Schaumstoffarten und zus\u00e4tzlicher F\u00e4cher, um einen Koffer zu schaffen, der perfekt zu Ihrer Ausr\u00fcstung passt.<\/li>\n<li><strong>Langlebig und zuverl\u00e4ssig<\/strong><br \/>\nUnsere Mixer-Hartschalenkoffer sind f\u00fcr die h\u00e4rtesten Bedingungen ausgelegt und eignen sich f\u00fcr\u00a0<strong>langanhaltender Schutz<\/strong>. Egal, ob Sie unterwegs oder im Studio sind, Ihre Ausr\u00fcstung bleibt sicher und gesch\u00fctzt.<\/li>\n<li><strong>Erh\u00f6hte Mobilit\u00e4t<\/strong><br \/>\nMit stabilen Griffen und optionalen R\u00e4dern erleichtern unsere Koffer den Transport Ihres Mischpults zwischen verschiedenen Veranstaltungsorten und sparen Ihnen Zeit und M\u00fche.<\/li>\n<\/ol>\n<hr \/>\n<h3><strong>Anwendungen:<\/strong><\/h3>\n<p>Der SX Mixer Hard Case ist ideal f\u00fcr:<\/p>\n<ul>\n<li><strong>DJs<\/strong><\/li>\n<li><strong>Tontechniker<\/strong><\/li>\n<li><strong>Musikanten<\/strong><\/li>\n<li><strong>Veranstaltungsplaner<\/strong><\/li>\n<li><strong>Studio-Fachleute<\/strong><\/li>\n<\/ul>\n<hr \/>\n<h3><strong>Verpackung und Versand:<\/strong><\/h3>\n<ul>\n<li><strong>Versandzeit:<\/strong>\n<ul>\n<li>Auf dem Seeweg: 15-60 Tage<\/li>\n<li>Auf dem Luftweg: 4-9 Tage<\/li>\n<li>Per Express: 4-9 Tage<\/li>\n<\/ul>\n<\/li>\n<li><strong>Lieferfrist:<\/strong>\u00a07-15 Arbeitstage oder je nach Ihren Anforderungen<\/li>\n<li><strong>Verpackung:<\/strong>\u00a0Karton oder kundenspezifische Verpackung verf\u00fcgbar<\/li>\n<\/ul>\n<hr \/>\n<h3><strong>Unser Service:<\/strong><\/h3>\n<ul>\n<li><strong>Professioneller Service:<\/strong>\u00a0Kompetenz in der Herstellung und im Export von hochwertigen Koffern<\/li>\n<li><strong>Exzellente Fertigung:<\/strong>\u00a0Liebe zum Detail und hervorragende Handwerkskunst<\/li>\n<li><strong>Flexible Zahlungsm\u00f6glichkeiten:<\/strong>\u00a0T\/T, Western Union, und mehr<\/li>\n<\/ul>\n<hr \/>\n<h3><strong>\u00dcber uns:<\/strong><\/h3>\n<p>Mit jahrelanger Erfahrung hat sich SX einen guten Ruf erworben f\u00fcr\u00a0<strong>Integrit\u00e4t, Professionalit\u00e4t und hervorragende Preisgestaltung<\/strong>. Unsere Produkte genie\u00dfen das Vertrauen von Kunden auf der ganzen Welt, und wir sind weiterhin bestrebt, die\u00a0<strong>Qualit\u00e4t, Wert und Kundenzufriedenheit<\/strong>.<\/p>\n<hr \/>\n<h3><strong>FAQs:<\/strong><\/h3>\n<p><strong>F: Sind Sie ein Handelsunternehmen oder ein Hersteller?<\/strong><br \/>\nA: Wir sind ein\u00a0<strong>professioneller Hersteller<\/strong>\u00a0die sich auf hochwertige Koffer f\u00fcr Audioger\u00e4te spezialisiert hat.<\/p>\n<p><strong>F: Wird der Koffer mit zus\u00e4tzlichem Schaumstoff f\u00fcr verschiedene Controllergr\u00f6\u00dfen geliefert?<\/strong><br \/>\nA: Der Koffer enth\u00e4lt einen herausnehmbaren Schaumstoff unter der Gleitplattform, um den Mischer w\u00e4hrend des Transports zu sichern. Zus\u00e4tzlicher Schaumstoff kann auf Anfrage angepasst werden.<\/p>\n<p><strong>F: Wie einfach ist es, den Schaumstoff f\u00fcr verschiedene Verwendungszwecke zu entfernen?<\/strong><br \/>\nA: Der Schaumstoff l\u00e4sst sich leicht entfernen oder auf verschiedene Ger\u00e4tegr\u00f6\u00dfen zuschneiden und bietet somit Flexibilit\u00e4t f\u00fcr verschiedene Verwendungszwecke.<\/p>\n<p><strong>F: Kann ich in gro\u00dfen Mengen bestellen?<\/strong><br \/>\nA: Ja, wir k\u00f6nnen Gro\u00dfauftr\u00e4ge annehmen. Kontaktieren Sie uns f\u00fcr Preise und Verf\u00fcgbarkeit.<\/p>\n<hr \/>\n<h3><strong>Bestellen Sie Ihren Mixer-Koffer noch heute!<\/strong><\/h3>\n<p>Sind Sie bereit, Ihr Mischpult mit den hochwertigen Hartschalenkoffern von SX zu sch\u00fctzen? Kontaktieren Sie uns jetzt, um Ihre individuelle L\u00f6sung zu entwerfen.<\/p>\n<p><strong>Jetzt Zugriff erhalten:<\/strong>\u00a0<a href=\"https:\/\/sxpowercase.com\/contact-us\/\" target=\"_blank\" rel=\"noopener noreferrer\">https:\/\/sxpowercase.com\/contact-us\/<\/a><\/p>\n<p>Hei\u00dfe Tags: Niedriger Preis, Strom- und Signalkabel, 16 Gauge 4 Conductor Wire, Microphone Stand Case, Outdoor Led Display Cabinet, Rack Mount, elektrische Distro Box, China, Lieferanten, Fabrik, angepasst, Gro\u00dfhandel, <span style=\"color: #993366;\"><a style=\"color: #993366;\" href=\"https:\/\/sxflightcase.com\/de\/product-category\/all-product\/power-distribution-boxes\/\">Stromk\u00e4sten<\/a>,\u00a0<a style=\"color: #993366;\" href=\"https:\/\/sxflightcase.com\/de\/product-category\/all-product\/hoist-controllers\/\">Stromkabel<\/a>,\u00a0<a style=\"color: #993366;\" href=\"https:\/\/sxflightcase.com\/de\/product-category\/all-product\/hoist-controllers\/\">Hubwerkssteuerungen<\/a>,\u00a0<a style=\"color: #993366;\" href=\"https:\/\/sxflightcase.com\/de\/product-category\/all-product\/flight-case\/\">Flightcases.<\/a><\/span><\/p>","protected":false},"excerpt":{"rendered":"<h2 class=\"prodetails-name\">Mixer-Hartschalenkoffer<\/h2>\n<p>Dank unserer internen Erfahrungen kennen wir die Erwartungen unserer Kunden an den Koffer und k\u00f6nnen gleichzeitig verschiedene Anpassungsoptionen anbieten, um Ihnen den Transport Ihrer Ausr\u00fcstung zu erleichtern. Der Mixer-Hartschalenkoffer ist aufgrund seiner Vielseitigkeit einer der beliebtesten Flightcases auf dem Markt.<\/p>\n<h2><strong>Produktionseinf\u00fchrung<\/strong><\/h2>\n<p>Hartschalenkoffer f\u00fcr Mischpult<\/p>\n<p>Gefertigt aus 9 mm starkem, vinylbeschichtetem Sperrholz, stabilen Aluminiumprofilen und hochbelastbaren Butterfly-Verschl\u00fcssen, bietet er sicheren Transport und Arbeitsplatz in einem. Dank der integrierten gleitenden Laptop-Plattform und dem praktischen Kabelzugang ist das Setup im Handumdrehen einsatzbereit.<\/p>","protected":false},"featured_media":1108,"comment_status":"open","ping_status":"closed","template":"","meta":[],"product_brand":[],"product_cat":[41],"product_tag":[],"class_list":{"0":"post-1107","1":"product","2":"type-product","3":"status-publish","4":"has-post-thumbnail","6":"product_cat-equipment-cases","8":"first","9":"instock","10":"shipping-taxable","11":"product-type-simple"},"yoast_head":"<!-- This site is optimized with the Yoast SEO Premium plugin v27.1 (Yoast SEO v27.2) - https:\/\/yoast.com\/product\/yoast-seo-premium-wordpress\/ -->\n<title>Mixer Hard Case - https:\/\/sxflightcase.com \ud83d\udc97<\/title>\n<meta name=\"description\" content=\"Mixer Hard Case Factory: Specializing in direct sales and professional customization for premium equipment protection solutions.\" \/>\n<meta name=\"robots\" content=\"index, follow, max-snippet:-1, max-image-preview:large, max-video-preview:-1\" \/>\n<link rel=\"canonical\" href=\"https:\/\/sxflightcase.com\/de\/san-pham\/mixer-hard-case\/\" \/>\n<meta property=\"og:locale\" content=\"de_DE\" \/>\n<meta property=\"og:type\" content=\"article\" \/>\n<meta property=\"og:title\" content=\"Mixer Hard Case\" \/>\n<meta property=\"og:description\" content=\"Mixer Hard Case Factory: Specializing in direct sales and professional customization for premium equipment protection solutions.\" \/>\n<meta property=\"og:url\" content=\"https:\/\/sxflightcase.com\/de\/san-pham\/mixer-hard-case\/\" \/>\n<meta property=\"og:site_name\" content=\"https:\/\/sxflightcase.com\" \/>\n<meta property=\"article:publisher\" content=\"https:\/\/www.facebook.com\/profile.php?id=61560407257971\" \/>\n<meta property=\"article:modified_time\" content=\"2025-02-20T08:04:50+00:00\" \/>\n<meta property=\"og:image\" content=\"https:\/\/sxflightcase.com\/wp-content\/uploads\/2024\/05\/mixer-hard-case55546902954.webp\" \/>\n\t<meta property=\"og:image:width\" content=\"700\" \/>\n\t<meta property=\"og:image:height\" content=\"700\" \/>\n\t<meta property=\"og:image:type\" content=\"image\/webp\" \/>\n<meta name=\"twitter:card\" content=\"summary_large_image\" \/>\n<meta name=\"twitter:label1\" content=\"Gesch\u00e4tzte Lesezeit\" \/>\n\t<meta name=\"twitter:data1\" content=\"4\u00a0Minuten\" \/>\n<script type=\"application\/ld+json\" class=\"yoast-schema-graph\">{\"@context\":\"https:\/\/schema.org\",\"@graph\":[{\"@type\":\"WebPage\",\"@id\":\"https:\/\/sxflightcase.com\/vi\/san-pham\/mixer-hard-case\/\",\"url\":\"https:\/\/sxflightcase.com\/vi\/san-pham\/mixer-hard-case\/\",\"name\":\"Mixer Hard Case - https:\/\/sxflightcase.com \ud83d\udc97\",\"isPartOf\":{\"@id\":\"https:\/\/sxflightcase.com\/th\/#website\"},\"primaryImageOfPage\":{\"@id\":\"https:\/\/sxflightcase.com\/vi\/san-pham\/mixer-hard-case\/#primaryimage\"},\"image\":{\"@id\":\"https:\/\/sxflightcase.com\/vi\/san-pham\/mixer-hard-case\/#primaryimage\"},\"thumbnailUrl\":\"https:\/\/sxflightcase.com\/wp-content\/uploads\/2024\/05\/mixer-hard-case55546902954.webp\",\"datePublished\":\"2024-05-07T05:46:14+00:00\",\"dateModified\":\"2025-02-20T08:04:50+00:00\",\"description\":\"Mixer Hard Case Factory: Specializing in direct sales and professional customization for premium equipment protection solutions.\",\"breadcrumb\":{\"@id\":\"https:\/\/sxflightcase.com\/vi\/san-pham\/mixer-hard-case\/#breadcrumb\"},\"inLanguage\":\"de\",\"potentialAction\":[{\"@type\":\"ReadAction\",\"target\":[\"https:\/\/sxflightcase.com\/vi\/san-pham\/mixer-hard-case\/\"]}]},{\"@type\":\"ImageObject\",\"inLanguage\":\"de\",\"@id\":\"https:\/\/sxflightcase.com\/vi\/san-pham\/mixer-hard-case\/#primaryimage\",\"url\":\"https:\/\/sxflightcase.com\/wp-content\/uploads\/2024\/05\/mixer-hard-case55546902954.webp\",\"contentUrl\":\"https:\/\/sxflightcase.com\/wp-content\/uploads\/2024\/05\/mixer-hard-case55546902954.webp\",\"width\":700,\"height\":700,\"caption\":\"Mixer Hard Case\"},{\"@type\":\"BreadcrumbList\",\"@id\":\"https:\/\/sxflightcase.com\/vi\/san-pham\/mixer-hard-case\/#breadcrumb\",\"itemListElement\":[{\"@type\":\"ListItem\",\"position\":1,\"name\":\"Home\",\"item\":\"https:\/\/sxflightcase.com\/\"},{\"@type\":\"ListItem\",\"position\":2,\"name\":\"\u0e2a\u0e34\u0e19\u0e04\u0e49\u0e32\",\"item\":\"https:\/\/sxflightcase.com\/th\/shop\/\"},{\"@type\":\"ListItem\",\"position\":3,\"name\":\"Mixer Hard Case\"}]},{\"@type\":\"WebSite\",\"@id\":\"https:\/\/sxflightcase.com\/th\/#website\",\"url\":\"https:\/\/sxflightcase.com\/th\/\",\"name\":\"sxpowercase.com\",\"description\":\"Flight Case Factory\",\"publisher\":{\"@id\":\"https:\/\/sxflightcase.com\/th\/#organization\"},\"potentialAction\":[{\"@type\":\"SearchAction\",\"target\":{\"@type\":\"EntryPoint\",\"urlTemplate\":\"https:\/\/sxflightcase.com\/th\/?s={search_term_string}\"},\"query-input\":{\"@type\":\"PropertyValueSpecification\",\"valueRequired\":true,\"valueName\":\"search_term_string\"}}],\"inLanguage\":\"de\"},{\"@type\":\"Organization\",\"@id\":\"https:\/\/sxflightcase.com\/th\/#organization\",\"name\":\"sxpowercase.com\",\"url\":\"https:\/\/sxflightcase.com\/th\/\",\"logo\":{\"@type\":\"ImageObject\",\"inLanguage\":\"de\",\"@id\":\"https:\/\/sxflightcase.com\/th\/#\/schema\/logo\/image\/\",\"url\":\"https:\/\/sxflightcase.com\/wp-content\/uploads\/2024\/04\/1713919036007.jpg\",\"contentUrl\":\"https:\/\/sxflightcase.com\/wp-content\/uploads\/2024\/04\/1713919036007.jpg\",\"width\":382,\"height\":388,\"caption\":\"sxpowercase.com\"},\"image\":{\"@id\":\"https:\/\/sxflightcase.com\/th\/#\/schema\/logo\/image\/\"},\"sameAs\":[\"https:\/\/www.facebook.com\/profile.php?id=61560407257971\"],\"numberOfEmployees\":{\"@type\":\"QuantitativeValue\",\"minValue\":\"11\",\"maxValue\":\"50\"}}]}<\/script>\n<!-- \/ Yoast SEO Premium plugin. -->","yoast_head_json":{"title":"Mixer Hard Case - https:\/\/sxflightcase.com \ud83d\udc97","description":"Mixer Hard Case Factory: Spezialisiert auf den Direktvertrieb und die professionelle Anpassung von hochwertigen Schutzl\u00f6sungen f\u00fcr Ger\u00e4te.","robots":{"index":"index","follow":"follow","max-snippet":"max-snippet:-1","max-image-preview":"max-image-preview:large","max-video-preview":"max-video-preview:-1"},"canonical":"https:\/\/sxflightcase.com\/de\/san-pham\/mixer-hard-case\/","og_locale":"de_DE","og_type":"article","og_title":"Mixer Hard Case","og_description":"Mixer Hard Case Factory: Specializing in direct sales and professional customization for premium equipment protection solutions.","og_url":"https:\/\/sxflightcase.com\/de\/san-pham\/mixer-hard-case\/","og_site_name":"https:\/\/sxflightcase.com","article_publisher":"https:\/\/www.facebook.com\/profile.php?id=61560407257971","article_modified_time":"2025-02-20T08:04:50+00:00","og_image":[{"width":700,"height":700,"url":"https:\/\/sxflightcase.com\/wp-content\/uploads\/2024\/05\/mixer-hard-case55546902954.webp","type":"image\/webp"}],"twitter_card":"summary_large_image","twitter_misc":{"Gesch\u00e4tzte Lesezeit":"4\u00a0Minuten"},"schema":{"@context":"https:\/\/schema.org","@graph":[{"@type":"WebPage","@id":"https:\/\/sxflightcase.com\/vi\/san-pham\/mixer-hard-case\/","url":"https:\/\/sxflightcase.com\/vi\/san-pham\/mixer-hard-case\/","name":"Mixer Hard Case - https:\/\/sxflightcase.com \ud83d\udc97","isPartOf":{"@id":"https:\/\/sxflightcase.com\/th\/#website"},"primaryImageOfPage":{"@id":"https:\/\/sxflightcase.com\/vi\/san-pham\/mixer-hard-case\/#primaryimage"},"image":{"@id":"https:\/\/sxflightcase.com\/vi\/san-pham\/mixer-hard-case\/#primaryimage"},"thumbnailUrl":"https:\/\/sxflightcase.com\/wp-content\/uploads\/2024\/05\/mixer-hard-case55546902954.webp","datePublished":"2024-05-07T05:46:14+00:00","dateModified":"2025-02-20T08:04:50+00:00","description":"Mixer Hard Case Factory: Spezialisiert auf den Direktvertrieb und die professionelle Anpassung von hochwertigen Schutzl\u00f6sungen f\u00fcr Ger\u00e4te.","breadcrumb":{"@id":"https:\/\/sxflightcase.com\/vi\/san-pham\/mixer-hard-case\/#breadcrumb"},"inLanguage":"de","potentialAction":[{"@type":"ReadAction","target":["https:\/\/sxflightcase.com\/vi\/san-pham\/mixer-hard-case\/"]}]},{"@type":"ImageObject","inLanguage":"de","@id":"https:\/\/sxflightcase.com\/vi\/san-pham\/mixer-hard-case\/#primaryimage","url":"https:\/\/sxflightcase.com\/wp-content\/uploads\/2024\/05\/mixer-hard-case55546902954.webp","contentUrl":"https:\/\/sxflightcase.com\/wp-content\/uploads\/2024\/05\/mixer-hard-case55546902954.webp","width":700,"height":700,"caption":"Mixer Hard Case"},{"@type":"BreadcrumbList","@id":"https:\/\/sxflightcase.com\/vi\/san-pham\/mixer-hard-case\/#breadcrumb","itemListElement":[{"@type":"ListItem","position":1,"name":"Home","item":"https:\/\/sxflightcase.com\/"},{"@type":"ListItem","position":2,"name":"\u0e2a\u0e34\u0e19\u0e04\u0e49\u0e32","item":"https:\/\/sxflightcase.com\/th\/shop\/"},{"@type":"ListItem","position":3,"name":"Mixer Hard Case"}]},{"@type":"WebSite","@id":"https:\/\/sxflightcase.com\/th\/#website","url":"https:\/\/sxflightcase.com\/th\/","name":"www.sxpowercase.com","description":"Flight Case Fabrik","publisher":{"@id":"https:\/\/sxflightcase.com\/th\/#organization"},"potentialAction":[{"@type":"SearchAction","target":{"@type":"EntryPoint","urlTemplate":"https:\/\/sxflightcase.com\/th\/?s={search_term_string}"},"query-input":{"@type":"PropertyValueSpecification","valueRequired":true,"valueName":"search_term_string"}}],"inLanguage":"de"},{"@type":"Organization","@id":"https:\/\/sxflightcase.com\/th\/#organization","name":"www.sxpowercase.com","url":"https:\/\/sxflightcase.com\/th\/","logo":{"@type":"ImageObject","inLanguage":"de","@id":"https:\/\/sxflightcase.com\/th\/#\/schema\/logo\/image\/","url":"https:\/\/sxflightcase.com\/wp-content\/uploads\/2024\/04\/1713919036007.jpg","contentUrl":"https:\/\/sxflightcase.com\/wp-content\/uploads\/2024\/04\/1713919036007.jpg","width":382,"height":388,"caption":"sxpowercase.com"},"image":{"@id":"https:\/\/sxflightcase.com\/th\/#\/schema\/logo\/image\/"},"sameAs":["https:\/\/www.facebook.com\/profile.php?id=61560407257971"],"numberOfEmployees":{"@type":"QuantitativeValue","minValue":"11","maxValue":"50"}}]}},"_links":{"self":[{"href":"https:\/\/sxflightcase.com\/de\/wp-json\/wp\/v2\/product\/1107","targetHints":{"allow":["GET"]}}],"collection":[{"href":"https:\/\/sxflightcase.com\/de\/wp-json\/wp\/v2\/product"}],"about":[{"href":"https:\/\/sxflightcase.com\/de\/wp-json\/wp\/v2\/types\/product"}],"replies":[{"embeddable":true,"href":"https:\/\/sxflightcase.com\/de\/wp-json\/wp\/v2\/comments?post=1107"}],"version-history":[{"count":0,"href":"https:\/\/sxflightcase.com\/de\/wp-json\/wp\/v2\/product\/1107\/revisions"}],"wp:featuredmedia":[{"embeddable":true,"href":"https:\/\/sxflightcase.com\/de\/wp-json\/wp\/v2\/media\/1108"}],"wp:attachment":[{"href":"https:\/\/sxflightcase.com\/de\/wp-json\/wp\/v2\/media?parent=1107"}],"wp:term":[{"taxonomy":"product_brand","embeddable":true,"href":"https:\/\/sxflightcase.com\/de\/wp-json\/wp\/v2\/product_brand?post=1107"},{"taxonomy":"product_cat","embeddable":true,"href":"https:\/\/sxflightcase.com\/de\/wp-json\/wp\/v2\/product_cat?post=1107"},{"taxonomy":"product_tag","embeddable":true,"href":"https:\/\/sxflightcase.com\/de\/wp-json\/wp\/v2\/product_tag?post=1107"}],"curies":[{"name":"wp","href":"https:\/\/api.w.org\/{rel}","templated":true}]}}