{"id":1602,"date":"2024-05-10T02:17:12","date_gmt":"2024-05-10T01:17:12","guid":{"rendered":"https:\/\/sxpowercase.com\/?post_type=product&#038;p=1602"},"modified":"2024-06-27T08:15:23","modified_gmt":"2024-06-27T07:15:23","slug":"19-inch-rack-2","status":"publish","type":"product","link":"https:\/\/sxflightcase.com\/de\/produkt\/19-zoll-rack-2\/","title":{"rendered":"MP 19-Zoll-Rack"},"content":{"rendered":"<h3><strong>Produktionseinf\u00fchrung<\/strong><\/h3>\n<p>Die Innenbreite des 19-Zoll-Racks entspricht dem Standardma\u00df von 19\". Die Racktiefe (bis zum hinteren Deckel) des Racks betr\u00e4gt 20,25\". Deckeltiefe: 3,75\", 4 gefederte Griffe, 8 versenkte Drehverschl\u00fcsse mit Vorh\u00e4ngeschlosseins\u00e4tzen. Die Rack-Geh\u00e4use der Shengxiang-Serie sind auch als 2U-, 4U-, 6U-, 8U-, 10U-, 12U-, 14U- und 16U-Geh\u00e4use erh\u00e4ltlich.<\/p>\n<h3><strong>Produktparameter (Spezifikation)<\/strong><\/h3>\n<section class=\"table-wrap\">\n<table class=\"table\" width=\"100%\" cellspacing=\"0\" cellpadding=\"0\">\n<tbody>\n<tr class=\"firstRow\">\n<td width=\"134\">Produktname<\/td>\n<td width=\"504\">19-Zoll-Rack<\/td>\n<\/tr>\n<tr>\n<td width=\"134\">Materialien<\/td>\n<td width=\"504\">9 mm starke Konstruktion aus laminiertem Sperrholz mit handels\u00fcblichen beschichteten Beschl\u00e4gen, robusten Griffen und Riegeln sowie Kugelecken<br \/>\nEingebauter federbelasteter versenkter Abschleppgriff<br \/>\nEVA-Schaumstoff-Innenpolsterung, um den Koffer sto\u00dffest zu machen<\/td>\n<\/tr>\n<tr>\n<td width=\"134\">Farbe<\/td>\n<td width=\"504\">Schwarz, Blau, Rot oder Benutzerdefiniert<\/td>\n<\/tr>\n<tr>\n<td width=\"134\">Verwendung<\/td>\n<td width=\"504\">Transportlagerung sch\u00fctzen<\/td>\n<\/tr>\n<\/tbody>\n<\/table>\n<\/section>\n<h3>Organisieren Sie Ihre Ausr\u00fcstung mit SX 19-Zoll-Rack-L\u00f6sungen<\/h3>\n<h4>SX 19-Zoll-Rack: Effiziente Organisation Ihres Arbeitsbereichs<\/h4>\n<p>Der <a href=\"https:\/\/sxpowercase.com\/\" target=\"_blank\"  rel=\"noopener\" title=\"SX\"  data-wpil-monitor-id=\"502\">SX<\/a> 19-Zoll-Rack wurde entwickelt, um Ihren Arbeitsbereich zu optimieren, indem es eine vielseitige und zuverl\u00e4ssige L\u00f6sung f\u00fcr die Montage und Organisation Ihrer Ger\u00e4te bietet. Ganz gleich, ob Sie Server, Audioger\u00e4te oder Netzwerkausr\u00fcstung verwalten, unsere Racks gew\u00e4hrleisten einen einfachen Zugang und eine effiziente Nutzung des Platzes.<\/p>\n<h4>Werksnahe Qualit\u00e4t<\/h4>\n<p>Bei SX legen wir Wert auf Qualit\u00e4t und Erschwinglichkeit, indem wir unser 19-Zoll-Rack direkt ab Werk anbieten. Durch den Wegfall von Zwischenh\u00e4ndlern behalten wir die Kontrolle \u00fcber Produktionsstandards und Kosten und stellen sicher, dass Sie ein hochwertiges Produkt zu einem wettbewerbsf\u00e4higen Preis erhalten.<\/p>\n<h4>Auf Ihre Bed\u00fcrfnisse zugeschnitten<\/h4>\n<p>Wir wissen, dass jede Einrichtung einzigartig ist. Deshalb kann unser 19-Zoll-Rack an Ihre speziellen Anforderungen angepasst werden. Egal, ob Sie zus\u00e4tzliche F\u00e4cher, Kabelmanagementl\u00f6sungen oder eine andere Gr\u00f6\u00dfe ben\u00f6tigen, unsere Racks lassen sich so anpassen, dass sie sich nahtlos in Ihre Umgebung einf\u00fcgen.<\/p>\n<hr \/>\n<h4>Warum das SX 19-Zoll-Rack?<\/h4>\n<p>Wer sich f\u00fcr SX entscheidet, entscheidet sich f\u00fcr Langlebigkeit, Zuverl\u00e4ssigkeit und Kosteneffizienz. Unsere Regale sind f\u00fcr eine lange Lebensdauer ausgelegt und f\u00fcr die Optimierung von Platz und Organisation in jeder Umgebung konzipiert. Dank der einfachen Installation und der robusten Konstruktion sind sie ein unverzichtbarer Gewinn f\u00fcr jede professionelle Umgebung.<\/p>\n<hr \/>\n<h4>Verbessern Sie Ihren Arbeitsbereich mit SX<\/h4>\n<p>Investieren Sie noch heute in ein SX 19-Zoll-Rack und erleben Sie den Unterschied in Organisation und Effizienz. Ob f\u00fcr den Heimgebrauch, Studio-Setups oder professionelle Installationen, SX-Racks bieten un\u00fcbertroffene Qualit\u00e4t und Funktionalit\u00e4t. Kontaktieren Sie uns jetzt, um unser Angebot an 19-Zoll-Racks zu erkunden und die perfekte L\u00f6sung f\u00fcr Ihre Bed\u00fcrfnisse zu finden.<\/p>\n<p><strong>H\u00e4ufig gestellte Fragen<\/strong><\/p>\n<p>F: Wie lautet Ihre Frist f\u00fcr die Lieferung?<\/p>\n<p>A: Unsere normale Lieferbedingung ist EXW Guangzhou. Wir akzeptieren auch FOB, CFR, CIF, DDP, DDU etc. Wir werden Ihnen die Versandkosten anbieten und Sie k\u00f6nnen diejenige w\u00e4hlen, die f\u00fcr Sie am bequemsten und effektivsten ist.<\/p>\n<p>F: Welche Zahlungsarten akzeptieren Sie?<\/p>\n<p>A: T\/T, Western Union usw. Wir akzeptieren jede bequeme und schnelle Zahlungsbedingung.<\/p>\n<p>F: Wann kann ich den Preis erfahren?<\/p>\n<p>A: Normalerweise erstellen wir innerhalb von 8 Stunden nach Eingang Ihrer Anfrage ein Angebot.<\/p>\n<p>F: K\u00f6nnen Sie unsere eigene Verpackung \u00fcbernehmen?<\/p>\n<p>A: Ja, Sie liefern nur das Verpackungsdesign und wir produzieren, was Sie m\u00f6chten. Wir haben auch einen professionellen Designer, der Ihnen beim Verpackungsdesign helfen kann.<\/p>\n<p><strong>Qualit\u00e4tskontrolle<\/strong><\/p>\n<p>Wir haben QC Person Aufenthalt auf den Produktionslinien zu tun, um die Inspektion. Alle Produkte m\u00fcssen vor der Auslieferung inspiziert worden sein. Wir tun Inline-Inspektion und Endkontrolle.<\/p>\n<p>1. Alle Rohstoffe werden nach Ankunft in unserer Fabrik \u00fcberpr\u00fcft.<\/p>\n<p>2. Alle Teile, Logos und alle Details werden w\u00e4hrend der Produktion \u00fcberpr\u00fcft.<\/p>\n<p>3. Alle Verpackungsdetails werden w\u00e4hrend der Produktion \u00fcberpr\u00fcft.<\/p>\n<p>4. Die gesamte Produktionsqualit\u00e4t und Verpackung wird nach Abschluss der Endkontrolle \u00fcberpr\u00fcft.<\/p>\n<p>Hot Tags: Niedriger Preis, auf Lager, kostenlose Probe, Strom- und Signalkabel, 16 Gauge 4-Leiter-Kabel, Mikrofonst\u00e4ndergeh\u00e4use, Outdoor-LED-Vitrine, Rackmontage, 19-Zoll-Rackmount-Mixer-Flightcases, elektrische Verteilerbox, China, Lieferanten, Fabrik, kundenspezifisch, Gro\u00dfhandel, <span style=\"color: #993366;\"><a style=\"color: #993366;\" href=\"https:\/\/sxflightcase.com\/de\/product-category\/all-product\/power-distribution-boxes\/\">Stromk\u00e4sten<\/a>,\u00a0<a style=\"color: #993366;\" href=\"https:\/\/sxflightcase.com\/de\/product-category\/all-product\/hoist-controllers\/\">Stromkabel<\/a>,\u00a0<a style=\"color: #993366;\" href=\"https:\/\/sxflightcase.com\/de\/product-category\/all-product\/hoist-controllers\/\">Hubwerkssteuerungen<\/a>,\u00a0<a style=\"color: #993366;\" href=\"https:\/\/sxflightcase.com\/de\/product-category\/all-product\/flight-case\/\">Flightcases.<\/a><\/span><\/p>","protected":false},"excerpt":{"rendered":"<h2 class=\"prodetails-name\">19-Zoll-Gestell<\/h2>\n<p>Wir bieten eine Reihe von 19-Zoll-Racks f\u00fcr die meisten B\u00fchnenger\u00e4te wie Verst\u00e4rker und Prozessoren mit verschiedenen Optionen an. Das Geh\u00e4use ist eine Sonderanfertigung <a class=\"wpil_keyword_link\" title=\"Flightcase\" href=\"https:\/\/sxpowercase.com\/product-category\/all-product\/flight-case\/\" target=\"_blank\" rel=\"noopener\" data-wpil-keyword-link=\"linked\" data-wpil-monitor-id=\"389\">Flightcase<\/a> mit hochbelastbaren Beschl\u00e4gen und schwarzem Sperrholz in Standardausf\u00fchrung.<\/p>\n<h2><strong>Produktionseinf\u00fchrung<\/strong><\/h2>\n<p>Die Innenbreite des 19-Zoll-Racks entspricht dem Standardma\u00df von 19\". Die Racktiefe (bis zum hinteren Deckel) des Racks betr\u00e4gt 20,25\". Deckeltiefe: 3,75\", 4 gefederte Griffe, 8 versenkte Drehverschl\u00fcsse mit Vorh\u00e4ngeschlosseins\u00e4tzen. Die Rack-Geh\u00e4use der Shengxiang-Serie sind auch als 2U-, 4U-, 6U-, 8U-, 10U-, 12U-, 14U- und 16U-Geh\u00e4use erh\u00e4ltlich.<\/p>","protected":false},"featured_media":1603,"comment_status":"open","ping_status":"closed","template":"","meta":[],"product_brand":[],"product_cat":[35],"product_tag":[50],"class_list":{"0":"post-1602","1":"product","2":"type-product","3":"status-publish","4":"has-post-thumbnail","6":"product_cat-standard-rack-cases","7":"product_tag-mp","9":"first","10":"instock","11":"shipping-taxable","12":"product-type-simple"},"yoast_head":"<!-- This site is optimized with the Yoast SEO Premium plugin v27.1 (Yoast SEO v27.2) - https:\/\/yoast.com\/product\/yoast-seo-premium-wordpress\/ -->\n<title>MP 19-Inch Rack - https:\/\/sxflightcase.com \ud83d\udc97<\/title>\n<meta name=\"description\" content=\"19-Inch Rack: Discover our factory-direct options, offering professional customization for efficient organization and storage of your equipment.\" \/>\n<meta name=\"robots\" content=\"index, follow, max-snippet:-1, max-image-preview:large, max-video-preview:-1\" \/>\n<link rel=\"canonical\" href=\"https:\/\/sxflightcase.com\/de\/produkt\/19-tommer-rack-2\/\" \/>\n<meta property=\"og:locale\" content=\"de_DE\" \/>\n<meta property=\"og:type\" content=\"article\" \/>\n<meta property=\"og:title\" content=\"MP 19-Inch Rack\" \/>\n<meta property=\"og:description\" content=\"19-Inch Rack: Discover our factory-direct options, offering professional customization for efficient organization and storage of your equipment.\" \/>\n<meta property=\"og:url\" content=\"https:\/\/sxflightcase.com\/de\/produkt\/19-tommer-rack-2\/\" \/>\n<meta property=\"og:site_name\" content=\"https:\/\/sxflightcase.com\" \/>\n<meta property=\"article:publisher\" content=\"https:\/\/www.facebook.com\/profile.php?id=61560407257971\" \/>\n<meta property=\"article:modified_time\" content=\"2024-06-27T07:15:23+00:00\" \/>\n<meta property=\"og:image\" content=\"https:\/\/sxflightcase.com\/wp-content\/uploads\/2024\/05\/19-inch-rack03459619372.webp\" \/>\n\t<meta property=\"og:image:width\" content=\"750\" \/>\n\t<meta property=\"og:image:height\" content=\"750\" \/>\n\t<meta property=\"og:image:type\" content=\"image\/webp\" \/>\n<meta name=\"twitter:card\" content=\"summary_large_image\" \/>\n<meta name=\"twitter:label1\" content=\"Gesch\u00e4tzte Lesezeit\" \/>\n\t<meta name=\"twitter:data1\" content=\"4\u00a0Minuten\" \/>\n<script type=\"application\/ld+json\" class=\"yoast-schema-graph\">{\"@context\":\"https:\/\/schema.org\",\"@graph\":[{\"@type\":\"WebPage\",\"@id\":\"https:\/\/sxflightcase.com\/da\/produkt\/19-tommer-rack-2\/\",\"url\":\"https:\/\/sxflightcase.com\/da\/produkt\/19-tommer-rack-2\/\",\"name\":\"MP 19-Inch Rack - https:\/\/sxflightcase.com \ud83d\udc97\",\"isPartOf\":{\"@id\":\"https:\/\/sxflightcase.com\/th\/#website\"},\"primaryImageOfPage\":{\"@id\":\"https:\/\/sxflightcase.com\/da\/produkt\/19-tommer-rack-2\/#primaryimage\"},\"image\":{\"@id\":\"https:\/\/sxflightcase.com\/da\/produkt\/19-tommer-rack-2\/#primaryimage\"},\"thumbnailUrl\":\"https:\/\/sxflightcase.com\/wp-content\/uploads\/2024\/05\/19-inch-rack03459619372.webp\",\"datePublished\":\"2024-05-10T01:17:12+00:00\",\"dateModified\":\"2024-06-27T07:15:23+00:00\",\"description\":\"19-Inch Rack: Discover our factory-direct options, offering professional customization for efficient organization and storage of your equipment.\",\"breadcrumb\":{\"@id\":\"https:\/\/sxflightcase.com\/da\/produkt\/19-tommer-rack-2\/#breadcrumb\"},\"inLanguage\":\"de\",\"potentialAction\":[{\"@type\":\"ReadAction\",\"target\":[\"https:\/\/sxflightcase.com\/da\/produkt\/19-tommer-rack-2\/\"]}]},{\"@type\":\"ImageObject\",\"inLanguage\":\"de\",\"@id\":\"https:\/\/sxflightcase.com\/da\/produkt\/19-tommer-rack-2\/#primaryimage\",\"url\":\"https:\/\/sxflightcase.com\/wp-content\/uploads\/2024\/05\/19-inch-rack03459619372.webp\",\"contentUrl\":\"https:\/\/sxflightcase.com\/wp-content\/uploads\/2024\/05\/19-inch-rack03459619372.webp\",\"width\":750,\"height\":750,\"caption\":\"19-Inch Rack\"},{\"@type\":\"BreadcrumbList\",\"@id\":\"https:\/\/sxflightcase.com\/da\/produkt\/19-tommer-rack-2\/#breadcrumb\",\"itemListElement\":[{\"@type\":\"ListItem\",\"position\":1,\"name\":\"Home\",\"item\":\"https:\/\/sxflightcase.com\/\"},{\"@type\":\"ListItem\",\"position\":2,\"name\":\"\u0e2a\u0e34\u0e19\u0e04\u0e49\u0e32\",\"item\":\"https:\/\/sxflightcase.com\/th\/shop\/\"},{\"@type\":\"ListItem\",\"position\":3,\"name\":\"MP 19-Inch Rack\"}]},{\"@type\":\"WebSite\",\"@id\":\"https:\/\/sxflightcase.com\/th\/#website\",\"url\":\"https:\/\/sxflightcase.com\/th\/\",\"name\":\"sxpowercase.com\",\"description\":\"Flight Case Factory\",\"publisher\":{\"@id\":\"https:\/\/sxflightcase.com\/th\/#organization\"},\"potentialAction\":[{\"@type\":\"SearchAction\",\"target\":{\"@type\":\"EntryPoint\",\"urlTemplate\":\"https:\/\/sxflightcase.com\/th\/?s={search_term_string}\"},\"query-input\":{\"@type\":\"PropertyValueSpecification\",\"valueRequired\":true,\"valueName\":\"search_term_string\"}}],\"inLanguage\":\"de\"},{\"@type\":\"Organization\",\"@id\":\"https:\/\/sxflightcase.com\/th\/#organization\",\"name\":\"sxpowercase.com\",\"url\":\"https:\/\/sxflightcase.com\/th\/\",\"logo\":{\"@type\":\"ImageObject\",\"inLanguage\":\"de\",\"@id\":\"https:\/\/sxflightcase.com\/th\/#\/schema\/logo\/image\/\",\"url\":\"https:\/\/sxflightcase.com\/wp-content\/uploads\/2024\/04\/1713919036007.jpg\",\"contentUrl\":\"https:\/\/sxflightcase.com\/wp-content\/uploads\/2024\/04\/1713919036007.jpg\",\"width\":382,\"height\":388,\"caption\":\"sxpowercase.com\"},\"image\":{\"@id\":\"https:\/\/sxflightcase.com\/th\/#\/schema\/logo\/image\/\"},\"sameAs\":[\"https:\/\/www.facebook.com\/profile.php?id=61560407257971\"],\"numberOfEmployees\":{\"@type\":\"QuantitativeValue\",\"minValue\":\"11\",\"maxValue\":\"50\"}}]}<\/script>\n<!-- \/ Yoast SEO Premium plugin. -->","yoast_head_json":{"title":"MP 19-Inch Rack - https:\/\/sxflightcase.com \ud83d\udc97","description":"19-Zoll-Rack: Entdecken Sie unsere werkseitigen Optionen, die eine professionelle Anpassung f\u00fcr eine effiziente Organisation und Lagerung Ihrer Ger\u00e4te erm\u00f6glichen.","robots":{"index":"index","follow":"follow","max-snippet":"max-snippet:-1","max-image-preview":"max-image-preview:large","max-video-preview":"max-video-preview:-1"},"canonical":"https:\/\/sxflightcase.com\/de\/produkt\/19-tommer-rack-2\/","og_locale":"de_DE","og_type":"article","og_title":"MP 19-Inch Rack","og_description":"19-Inch Rack: Discover our factory-direct options, offering professional customization for efficient organization and storage of your equipment.","og_url":"https:\/\/sxflightcase.com\/de\/produkt\/19-tommer-rack-2\/","og_site_name":"https:\/\/sxflightcase.com","article_publisher":"https:\/\/www.facebook.com\/profile.php?id=61560407257971","article_modified_time":"2024-06-27T07:15:23+00:00","og_image":[{"width":750,"height":750,"url":"https:\/\/sxflightcase.com\/wp-content\/uploads\/2024\/05\/19-inch-rack03459619372.webp","type":"image\/webp"}],"twitter_card":"summary_large_image","twitter_misc":{"Gesch\u00e4tzte Lesezeit":"4\u00a0Minuten"},"schema":{"@context":"https:\/\/schema.org","@graph":[{"@type":"WebPage","@id":"https:\/\/sxflightcase.com\/da\/produkt\/19-tommer-rack-2\/","url":"https:\/\/sxflightcase.com\/da\/produkt\/19-tommer-rack-2\/","name":"MP 19-Inch Rack - https:\/\/sxflightcase.com \ud83d\udc97","isPartOf":{"@id":"https:\/\/sxflightcase.com\/th\/#website"},"primaryImageOfPage":{"@id":"https:\/\/sxflightcase.com\/da\/produkt\/19-tommer-rack-2\/#primaryimage"},"image":{"@id":"https:\/\/sxflightcase.com\/da\/produkt\/19-tommer-rack-2\/#primaryimage"},"thumbnailUrl":"https:\/\/sxflightcase.com\/wp-content\/uploads\/2024\/05\/19-inch-rack03459619372.webp","datePublished":"2024-05-10T01:17:12+00:00","dateModified":"2024-06-27T07:15:23+00:00","description":"19-Zoll-Rack: Entdecken Sie unsere werkseitigen Optionen, die eine professionelle Anpassung f\u00fcr eine effiziente Organisation und Lagerung Ihrer Ger\u00e4te erm\u00f6glichen.","breadcrumb":{"@id":"https:\/\/sxflightcase.com\/da\/produkt\/19-tommer-rack-2\/#breadcrumb"},"inLanguage":"de","potentialAction":[{"@type":"ReadAction","target":["https:\/\/sxflightcase.com\/da\/produkt\/19-tommer-rack-2\/"]}]},{"@type":"ImageObject","inLanguage":"de","@id":"https:\/\/sxflightcase.com\/da\/produkt\/19-tommer-rack-2\/#primaryimage","url":"https:\/\/sxflightcase.com\/wp-content\/uploads\/2024\/05\/19-inch-rack03459619372.webp","contentUrl":"https:\/\/sxflightcase.com\/wp-content\/uploads\/2024\/05\/19-inch-rack03459619372.webp","width":750,"height":750,"caption":"19-Inch Rack"},{"@type":"BreadcrumbList","@id":"https:\/\/sxflightcase.com\/da\/produkt\/19-tommer-rack-2\/#breadcrumb","itemListElement":[{"@type":"ListItem","position":1,"name":"Home","item":"https:\/\/sxflightcase.com\/"},{"@type":"ListItem","position":2,"name":"\u0e2a\u0e34\u0e19\u0e04\u0e49\u0e32","item":"https:\/\/sxflightcase.com\/th\/shop\/"},{"@type":"ListItem","position":3,"name":"MP 19-Inch Rack"}]},{"@type":"WebSite","@id":"https:\/\/sxflightcase.com\/th\/#website","url":"https:\/\/sxflightcase.com\/th\/","name":"www.sxpowercase.com","description":"Flight Case Fabrik","publisher":{"@id":"https:\/\/sxflightcase.com\/th\/#organization"},"potentialAction":[{"@type":"SearchAction","target":{"@type":"EntryPoint","urlTemplate":"https:\/\/sxflightcase.com\/th\/?s={search_term_string}"},"query-input":{"@type":"PropertyValueSpecification","valueRequired":true,"valueName":"search_term_string"}}],"inLanguage":"de"},{"@type":"Organization","@id":"https:\/\/sxflightcase.com\/th\/#organization","name":"www.sxpowercase.com","url":"https:\/\/sxflightcase.com\/th\/","logo":{"@type":"ImageObject","inLanguage":"de","@id":"https:\/\/sxflightcase.com\/th\/#\/schema\/logo\/image\/","url":"https:\/\/sxflightcase.com\/wp-content\/uploads\/2024\/04\/1713919036007.jpg","contentUrl":"https:\/\/sxflightcase.com\/wp-content\/uploads\/2024\/04\/1713919036007.jpg","width":382,"height":388,"caption":"sxpowercase.com"},"image":{"@id":"https:\/\/sxflightcase.com\/th\/#\/schema\/logo\/image\/"},"sameAs":["https:\/\/www.facebook.com\/profile.php?id=61560407257971"],"numberOfEmployees":{"@type":"QuantitativeValue","minValue":"11","maxValue":"50"}}]}},"_links":{"self":[{"href":"https:\/\/sxflightcase.com\/de\/wp-json\/wp\/v2\/product\/1602","targetHints":{"allow":["GET"]}}],"collection":[{"href":"https:\/\/sxflightcase.com\/de\/wp-json\/wp\/v2\/product"}],"about":[{"href":"https:\/\/sxflightcase.com\/de\/wp-json\/wp\/v2\/types\/product"}],"replies":[{"embeddable":true,"href":"https:\/\/sxflightcase.com\/de\/wp-json\/wp\/v2\/comments?post=1602"}],"version-history":[{"count":0,"href":"https:\/\/sxflightcase.com\/de\/wp-json\/wp\/v2\/product\/1602\/revisions"}],"wp:featuredmedia":[{"embeddable":true,"href":"https:\/\/sxflightcase.com\/de\/wp-json\/wp\/v2\/media\/1603"}],"wp:attachment":[{"href":"https:\/\/sxflightcase.com\/de\/wp-json\/wp\/v2\/media?parent=1602"}],"wp:term":[{"taxonomy":"product_brand","embeddable":true,"href":"https:\/\/sxflightcase.com\/de\/wp-json\/wp\/v2\/product_brand?post=1602"},{"taxonomy":"product_cat","embeddable":true,"href":"https:\/\/sxflightcase.com\/de\/wp-json\/wp\/v2\/product_cat?post=1602"},{"taxonomy":"product_tag","embeddable":true,"href":"https:\/\/sxflightcase.com\/de\/wp-json\/wp\/v2\/product_tag?post=1602"}],"curies":[{"name":"wp","href":"https:\/\/api.w.org\/{rel}","templated":true}]}}