{"id":1607,"date":"2024-05-10T02:29:21","date_gmt":"2024-05-10T01:29:21","guid":{"rendered":"https:\/\/sxpowercase.com\/?post_type=product&#038;p=1607"},"modified":"2024-06-27T08:16:10","modified_gmt":"2024-06-27T07:16:10","slug":"rack-mount-enclosure","status":"publish","type":"product","link":"https:\/\/sxflightcase.com\/de\/produkt\/rackmount-gehause-2\/","title":{"rendered":"FC-Rackmontagegeh\u00e4use"},"content":{"rendered":"<p><strong>Produktparameter (Spezifikation)<\/strong><\/p>\n<section class=\"table-wrap\">\n<table class=\"table\" width=\"100%\" cellspacing=\"0\" cellpadding=\"0\">\n<tbody>\n<tr class=\"firstRow\">\n<td width=\"134\">Produktname:<\/td>\n<td width=\"503\">Rack-Montage-Geh\u00e4use<\/td>\n<\/tr>\n<tr>\n<td width=\"134\">Material<\/td>\n<td width=\"503\">Aluminiumrahmen + Feuerfest + 9 mm Sperrholz<\/td>\n<\/tr>\n<tr>\n<td width=\"134\">Innen<\/td>\n<td width=\"503\">Sto\u00dffester Schaumstoff mit hoher Dichte<\/td>\n<\/tr>\n<tr>\n<td width=\"134\">Gr\u00f6\u00dfe<\/td>\n<td width=\"503\">Kann individuell angepasst werden<\/td>\n<\/tr>\n<tr>\n<td width=\"134\">Zubeh\u00f6r<\/td>\n<td width=\"503\">Acht Schmetterlingsverschl\u00fcsse, vier R\u00e4der zum leichten Tragen, vier stabile Griffe<\/td>\n<\/tr>\n<tr>\n<td width=\"134\">Brauch<\/td>\n<td width=\"503\">Alle Arten von Anpassungen sind willkommen, wie etwa Material, Abmessungen, Innenf\u00fcllungen, Griffe, Schl\u00f6sser usw. des Aluminiumgeh\u00e4uses.<\/td>\n<\/tr>\n<\/tbody>\n<\/table>\n<\/section>\n<h3>Sichern Sie Ihre Ausr\u00fcstung mit SX-Geh\u00e4usen zur Rackmontage<\/h3>\n<h4>SX-Rack-Geh\u00e4use: Sch\u00fctzen und Organisieren Sie Ihre Ausr\u00fcstung<\/h4>\n<p>Sorgen Sie f\u00fcr die Sicherheit und Organisation Ihrer wertvollen Ausr\u00fcstung mit <a href=\"https:\/\/sxpowercase.com\/\" target=\"_blank\"  rel=\"noopener\" title=\"SX\"  data-wpil-monitor-id=\"503\">SX<\/a> Rack-Mount-Geh\u00e4use. Diese Geh\u00e4use sind so konzipiert, dass sie Ihre Elektronik sicher unterbringen, vor Staub, Feuchtigkeit und physischen Sch\u00e4den sch\u00fctzen und gleichzeitig Platz und Zug\u00e4nglichkeit optimieren.<\/p>\n<h4>Direkt von unserer Fabrik<\/h4>\n<p>Bei SX legen wir gr\u00f6\u00dften Wert auf Qualit\u00e4t und Zuverl\u00e4ssigkeit. Unsere Rack Mount Enclosures werden direkt in unserem Werk hergestellt, wodurch wir eine strenge Qualit\u00e4tskontrolle durchf\u00fchren und wettbewerbsf\u00e4hige Preise anbieten k\u00f6nnen. Durch den Wegfall von Zwischenh\u00e4ndlern stellen wir sicher, dass Sie eine langlebige und kosteng\u00fcnstige L\u00f6sung erhalten.<\/p>\n<h4>Anpassbare L\u00f6sungen<\/h4>\n<p>Wir wissen, dass jede Einrichtung einzigartig ist. Deshalb k\u00f6nnen unsere Rack Mount Enclosures an Ihre speziellen Anforderungen angepasst werden. Ganz gleich, ob Sie eine zus\u00e4tzliche Bel\u00fcftung, Optionen f\u00fcr die Kabelverwaltung oder eine bestimmte Gr\u00f6\u00dfe ben\u00f6tigen, unsere Geh\u00e4use lassen sich so anpassen, dass sie sich nahtlos in Ihre Umgebung einf\u00fcgen.<\/p>\n<hr \/>\n<h4>Warum sollten Sie sich f\u00fcr SX-Geh\u00e4use zur Rackmontage entscheiden?<\/h4>\n<p>Wenn Sie sich f\u00fcr SX entscheiden, entscheiden Sie sich f\u00fcr Langlebigkeit, Funktionalit\u00e4t und Seelenfrieden. Unsere Geh\u00e4use sind so gebaut, dass sie den harten Anforderungen des professionellen Einsatzes standhalten und gleichzeitig einen einfachen Zugang und Schutz f\u00fcr Ihre Ger\u00e4te bieten. Mit ihrem vielseitigen Design und ihrer robusten Konstruktion sind sie ideal f\u00fcr eine Vielzahl von Anwendungen.<\/p>\n<hr \/>\n<h4>Erweitern Sie Ihr Setup mit SX<\/h4>\n<p>Investieren Sie noch heute in ein SX-Geh\u00e4use f\u00fcr die Rackmontage und erleben Sie verbesserte Sicherheit und Organisation f\u00fcr Ihre Elektronik. Ob f\u00fcr Rechenzentren, audiovisuelle Einrichtungen oder industrielle Anwendungen, SX-Geh\u00e4use bieten \u00fcberlegene Leistung und Zuverl\u00e4ssigkeit. Nehmen Sie jetzt Kontakt mit uns auf, um unser Angebot zu erkunden und die perfekte L\u00f6sung f\u00fcr Ihre Anforderungen zu finden.<\/p>\n<p><strong>H\u00e4ufig gestellte Fragen<\/strong><\/p>\n<p>F: Wie lautet Ihre Frist f\u00fcr die Lieferung?<\/p>\n<p>A: Unsere normale Lieferbedingung ist EXW Guangzhou. Wir akzeptieren auch FOB, CFR, CIF, DDP, DDU etc. Wir werden Ihnen die Versandkosten anbieten und Sie k\u00f6nnen diejenige w\u00e4hlen, die f\u00fcr Sie am bequemsten und effektivsten ist.<\/p>\n<p>F: Welche Zahlungsarten akzeptieren Sie?<\/p>\n<p>A: T\/T, Western Union usw. Wir akzeptieren jede bequeme und schnelle Zahlungsbedingung.<\/p>\n<p>Hot Tags: Niedriger Preis, auf Lager, kostenlose Probe, Strom- und Signalkabel, 16 Gauge 4-Leiter-Kabel, Mikrofonst\u00e4ndergeh\u00e4use, Outdoor-LED-Vitrine, Rackmontage, 19-Zoll-Rackmount-Mixer-Flightcases, elektrische Verteilerbox, China, Lieferanten, Fabrik, kundenspezifisch, Gro\u00dfhandel, <span style=\"color: #993366;\"><a style=\"color: #993366;\" href=\"https:\/\/sxflightcase.com\/de\/product-category\/all-product\/power-distribution-boxes\/\">Stromk\u00e4sten<\/a>,\u00a0<a style=\"color: #993366;\" href=\"https:\/\/sxflightcase.com\/de\/product-category\/all-product\/hoist-controllers\/\">Stromkabel<\/a>,\u00a0<a style=\"color: #993366;\" href=\"https:\/\/sxflightcase.com\/de\/product-category\/all-product\/hoist-controllers\/\">Hubwerkssteuerungen<\/a>,\u00a0<a style=\"color: #993366;\" href=\"https:\/\/sxflightcase.com\/de\/product-category\/all-product\/flight-case\/\">Flightcases.<\/a><\/span><\/p>","protected":false},"excerpt":{"rendered":"<h2>Rack-Montage-Geh\u00e4use<\/h2>\n<p>Gegr\u00fcndet im Jahr 2001, sind wir spezialisiert auf die Herstellung aller Arten von Rack-Mount-Geh\u00e4use mit einer Werkstattfl\u00e4che von \u00fcber 20.00 Quadratmetern. Normalerweise machen wir Rack-Mount-Geh\u00e4use von 2u bis 20u, aber wir machen auch verschiedene Gr\u00f6\u00dfe h\u00e4ngt von Ihrem Bedarf.<\/p>\n<h2><strong>Produktionseinf\u00fchrung<\/strong><\/h2>\n<p>Die Innenbreite des Rack-Geh\u00e4uses betr\u00e4gt standardm\u00e4\u00dfig 19\". Die Rack-Tiefe (bis zum hinteren Deckel) des Racks betr\u00e4gt 20,25\". Deckeltiefe: 3,75\", 4 gefederte Griffe, 8 versenkte Drehverschl\u00fcsse mit Vorh\u00e4ngeschlosseins\u00e4tzen. Die Rack-Geh\u00e4use der Shengxiang-Serie sind auch als 2U-, 4U-, 6U-, 8U-, 10U-, 12U-, 14U- und 16U-Geh\u00e4use erh\u00e4ltlich.<\/p>","protected":false},"featured_media":1611,"comment_status":"open","ping_status":"closed","template":"","meta":[],"product_brand":[],"product_cat":[35],"product_tag":[52],"class_list":{"0":"post-1607","1":"product","2":"type-product","3":"status-publish","4":"has-post-thumbnail","6":"product_cat-standard-rack-cases","7":"product_tag-fc","9":"first","10":"instock","11":"shipping-taxable","12":"product-type-simple"},"yoast_head":"<!-- This site is optimized with the Yoast SEO Premium plugin v27.1 (Yoast SEO v27.2) - https:\/\/yoast.com\/product\/yoast-seo-premium-wordpress\/ -->\n<title>FC Rack Mount Enclosure - https:\/\/sxflightcase.com \ud83d\udc97<\/title>\n<meta name=\"description\" content=\"Rack Mount Enclosure: Explore our factory-direct options for professional customization, ensuring optimal organization and protection of your equipment.\" \/>\n<meta name=\"robots\" content=\"index, follow, max-snippet:-1, max-image-preview:large, max-video-preview:-1\" \/>\n<link rel=\"canonical\" href=\"https:\/\/sxflightcase.com\/de\/\u0645\u0646\u062a\u062c\/\u0636\u0645\u064a\u0645\u0629-\u062a\u0631\u0643\u064a\u0628-\u0627\u0644\u062d\u0627\u0645\u0644-2\/\" \/>\n<meta property=\"og:locale\" content=\"de_DE\" \/>\n<meta property=\"og:type\" content=\"article\" \/>\n<meta property=\"og:title\" content=\"FC Rack Mount Enclosure\" \/>\n<meta property=\"og:description\" content=\"Rack Mount Enclosure: Explore our factory-direct options for professional customization, ensuring optimal organization and protection of your equipment.\" \/>\n<meta property=\"og:url\" content=\"https:\/\/sxflightcase.com\/de\/\u0645\u0646\u062a\u062c\/\u0636\u0645\u064a\u0645\u0629-\u062a\u0631\u0643\u064a\u0628-\u0627\u0644\u062d\u0627\u0645\u0644-2\/\" \/>\n<meta property=\"og:site_name\" content=\"https:\/\/sxflightcase.com\" \/>\n<meta property=\"article:publisher\" content=\"https:\/\/www.facebook.com\/profile.php?id=61560407257971\" \/>\n<meta property=\"article:modified_time\" content=\"2024-06-27T07:16:10+00:00\" \/>\n<meta property=\"og:image\" content=\"https:\/\/sxflightcase.com\/wp-content\/uploads\/2024\/05\/rack-mount-enclosure00548436494.webp\" \/>\n\t<meta property=\"og:image:width\" content=\"730\" \/>\n\t<meta property=\"og:image:height\" content=\"730\" \/>\n\t<meta property=\"og:image:type\" content=\"image\/webp\" \/>\n<meta name=\"twitter:card\" content=\"summary_large_image\" \/>\n<meta name=\"twitter:label1\" content=\"Gesch\u00e4tzte Lesezeit\" \/>\n\t<meta name=\"twitter:data1\" content=\"3\u00a0Minuten\" \/>\n<script type=\"application\/ld+json\" class=\"yoast-schema-graph\">{\"@context\":\"https:\/\/schema.org\",\"@graph\":[{\"@type\":\"WebPage\",\"@id\":\"https:\/\/sxflightcase.com\/ar\/\u0645\u0646\u062a\u062c\/\u0636\u0645\u064a\u0645\u0629-\u062a\u0631\u0643\u064a\u0628-\u0627\u0644\u062d\u0627\u0645\u0644-2\/\",\"url\":\"https:\/\/sxflightcase.com\/ar\/\u0645\u0646\u062a\u062c\/\u0636\u0645\u064a\u0645\u0629-\u062a\u0631\u0643\u064a\u0628-\u0627\u0644\u062d\u0627\u0645\u0644-2\/\",\"name\":\"FC Rack Mount Enclosure - https:\/\/sxflightcase.com \ud83d\udc97\",\"isPartOf\":{\"@id\":\"https:\/\/sxflightcase.com\/th\/#website\"},\"primaryImageOfPage\":{\"@id\":\"https:\/\/sxflightcase.com\/ar\/\u0645\u0646\u062a\u062c\/\u0636\u0645\u064a\u0645\u0629-\u062a\u0631\u0643\u064a\u0628-\u0627\u0644\u062d\u0627\u0645\u0644-2\/#primaryimage\"},\"image\":{\"@id\":\"https:\/\/sxflightcase.com\/ar\/\u0645\u0646\u062a\u062c\/\u0636\u0645\u064a\u0645\u0629-\u062a\u0631\u0643\u064a\u0628-\u0627\u0644\u062d\u0627\u0645\u0644-2\/#primaryimage\"},\"thumbnailUrl\":\"https:\/\/sxflightcase.com\/wp-content\/uploads\/2024\/05\/rack-mount-enclosure00548436494.webp\",\"datePublished\":\"2024-05-10T01:29:21+00:00\",\"dateModified\":\"2024-06-27T07:16:10+00:00\",\"description\":\"Rack Mount Enclosure: Explore our factory-direct options for professional customization, ensuring optimal organization and protection of your equipment.\",\"breadcrumb\":{\"@id\":\"https:\/\/sxflightcase.com\/ar\/\u0645\u0646\u062a\u062c\/\u0636\u0645\u064a\u0645\u0629-\u062a\u0631\u0643\u064a\u0628-\u0627\u0644\u062d\u0627\u0645\u0644-2\/#breadcrumb\"},\"inLanguage\":\"de\",\"potentialAction\":[{\"@type\":\"ReadAction\",\"target\":[\"https:\/\/sxflightcase.com\/ar\/\u0645\u0646\u062a\u062c\/\u0636\u0645\u064a\u0645\u0629-\u062a\u0631\u0643\u064a\u0628-\u0627\u0644\u062d\u0627\u0645\u0644-2\/\"]}]},{\"@type\":\"ImageObject\",\"inLanguage\":\"de\",\"@id\":\"https:\/\/sxflightcase.com\/ar\/\u0645\u0646\u062a\u062c\/\u0636\u0645\u064a\u0645\u0629-\u062a\u0631\u0643\u064a\u0628-\u0627\u0644\u062d\u0627\u0645\u0644-2\/#primaryimage\",\"url\":\"https:\/\/sxflightcase.com\/wp-content\/uploads\/2024\/05\/rack-mount-enclosure00548436494.webp\",\"contentUrl\":\"https:\/\/sxflightcase.com\/wp-content\/uploads\/2024\/05\/rack-mount-enclosure00548436494.webp\",\"width\":730,\"height\":730,\"caption\":\"Rack Mount Enclosure\"},{\"@type\":\"BreadcrumbList\",\"@id\":\"https:\/\/sxflightcase.com\/ar\/\u0645\u0646\u062a\u062c\/\u0636\u0645\u064a\u0645\u0629-\u062a\u0631\u0643\u064a\u0628-\u0627\u0644\u062d\u0627\u0645\u0644-2\/#breadcrumb\",\"itemListElement\":[{\"@type\":\"ListItem\",\"position\":1,\"name\":\"Home\",\"item\":\"https:\/\/sxflightcase.com\/\"},{\"@type\":\"ListItem\",\"position\":2,\"name\":\"\u0e2a\u0e34\u0e19\u0e04\u0e49\u0e32\",\"item\":\"https:\/\/sxflightcase.com\/th\/shop\/\"},{\"@type\":\"ListItem\",\"position\":3,\"name\":\"FC Rack Mount Enclosure\"}]},{\"@type\":\"WebSite\",\"@id\":\"https:\/\/sxflightcase.com\/th\/#website\",\"url\":\"https:\/\/sxflightcase.com\/th\/\",\"name\":\"sxpowercase.com\",\"description\":\"Flight Case Factory\",\"publisher\":{\"@id\":\"https:\/\/sxflightcase.com\/th\/#organization\"},\"potentialAction\":[{\"@type\":\"SearchAction\",\"target\":{\"@type\":\"EntryPoint\",\"urlTemplate\":\"https:\/\/sxflightcase.com\/th\/?s={search_term_string}\"},\"query-input\":{\"@type\":\"PropertyValueSpecification\",\"valueRequired\":true,\"valueName\":\"search_term_string\"}}],\"inLanguage\":\"de\"},{\"@type\":\"Organization\",\"@id\":\"https:\/\/sxflightcase.com\/th\/#organization\",\"name\":\"sxpowercase.com\",\"url\":\"https:\/\/sxflightcase.com\/th\/\",\"logo\":{\"@type\":\"ImageObject\",\"inLanguage\":\"de\",\"@id\":\"https:\/\/sxflightcase.com\/th\/#\/schema\/logo\/image\/\",\"url\":\"https:\/\/sxflightcase.com\/wp-content\/uploads\/2024\/04\/1713919036007.jpg\",\"contentUrl\":\"https:\/\/sxflightcase.com\/wp-content\/uploads\/2024\/04\/1713919036007.jpg\",\"width\":382,\"height\":388,\"caption\":\"sxpowercase.com\"},\"image\":{\"@id\":\"https:\/\/sxflightcase.com\/th\/#\/schema\/logo\/image\/\"},\"sameAs\":[\"https:\/\/www.facebook.com\/profile.php?id=61560407257971\"],\"numberOfEmployees\":{\"@type\":\"QuantitativeValue\",\"minValue\":\"11\",\"maxValue\":\"50\"}}]}<\/script>\n<!-- \/ Yoast SEO Premium plugin. -->","yoast_head_json":{"title":"FC Rack Mount Enclosure - https:\/\/sxflightcase.com \ud83d\udc97","description":"Rack Mount Enclosure: Entdecken Sie unsere werkseitigen Optionen f\u00fcr eine professionelle Anpassung, die eine optimale Organisation und einen optimalen Schutz Ihrer Ger\u00e4te gew\u00e4hrleistet.","robots":{"index":"index","follow":"follow","max-snippet":"max-snippet:-1","max-image-preview":"max-image-preview:large","max-video-preview":"max-video-preview:-1"},"canonical":"https:\/\/sxflightcase.com\/de\/\u0645\u0646\u062a\u062c\/\u0636\u0645\u064a\u0645\u0629-\u062a\u0631\u0643\u064a\u0628-\u0627\u0644\u062d\u0627\u0645\u0644-2\/","og_locale":"de_DE","og_type":"article","og_title":"FC Rack Mount Enclosure","og_description":"Rack Mount Enclosure: Explore our factory-direct options for professional customization, ensuring optimal organization and protection of your equipment.","og_url":"https:\/\/sxflightcase.com\/de\/\u0645\u0646\u062a\u062c\/\u0636\u0645\u064a\u0645\u0629-\u062a\u0631\u0643\u064a\u0628-\u0627\u0644\u062d\u0627\u0645\u0644-2\/","og_site_name":"https:\/\/sxflightcase.com","article_publisher":"https:\/\/www.facebook.com\/profile.php?id=61560407257971","article_modified_time":"2024-06-27T07:16:10+00:00","og_image":[{"width":730,"height":730,"url":"https:\/\/sxflightcase.com\/wp-content\/uploads\/2024\/05\/rack-mount-enclosure00548436494.webp","type":"image\/webp"}],"twitter_card":"summary_large_image","twitter_misc":{"Gesch\u00e4tzte Lesezeit":"3\u00a0Minuten"},"schema":{"@context":"https:\/\/schema.org","@graph":[{"@type":"WebPage","@id":"https:\/\/sxflightcase.com\/ar\/\u0645\u0646\u062a\u062c\/\u0636\u0645\u064a\u0645\u0629-\u062a\u0631\u0643\u064a\u0628-\u0627\u0644\u062d\u0627\u0645\u0644-2\/","url":"https:\/\/sxflightcase.com\/ar\/\u0645\u0646\u062a\u062c\/\u0636\u0645\u064a\u0645\u0629-\u062a\u0631\u0643\u064a\u0628-\u0627\u0644\u062d\u0627\u0645\u0644-2\/","name":"FC Rack Mount Enclosure - https:\/\/sxflightcase.com \ud83d\udc97","isPartOf":{"@id":"https:\/\/sxflightcase.com\/th\/#website"},"primaryImageOfPage":{"@id":"https:\/\/sxflightcase.com\/ar\/\u0645\u0646\u062a\u062c\/\u0636\u0645\u064a\u0645\u0629-\u062a\u0631\u0643\u064a\u0628-\u0627\u0644\u062d\u0627\u0645\u0644-2\/#primaryimage"},"image":{"@id":"https:\/\/sxflightcase.com\/ar\/\u0645\u0646\u062a\u062c\/\u0636\u0645\u064a\u0645\u0629-\u062a\u0631\u0643\u064a\u0628-\u0627\u0644\u062d\u0627\u0645\u0644-2\/#primaryimage"},"thumbnailUrl":"https:\/\/sxflightcase.com\/wp-content\/uploads\/2024\/05\/rack-mount-enclosure00548436494.webp","datePublished":"2024-05-10T01:29:21+00:00","dateModified":"2024-06-27T07:16:10+00:00","description":"Rack Mount Enclosure: Entdecken Sie unsere werkseitigen Optionen f\u00fcr eine professionelle Anpassung, die eine optimale Organisation und einen optimalen Schutz Ihrer Ger\u00e4te gew\u00e4hrleistet.","breadcrumb":{"@id":"https:\/\/sxflightcase.com\/ar\/\u0645\u0646\u062a\u062c\/\u0636\u0645\u064a\u0645\u0629-\u062a\u0631\u0643\u064a\u0628-\u0627\u0644\u062d\u0627\u0645\u0644-2\/#breadcrumb"},"inLanguage":"de","potentialAction":[{"@type":"ReadAction","target":["https:\/\/sxflightcase.com\/ar\/\u0645\u0646\u062a\u062c\/\u0636\u0645\u064a\u0645\u0629-\u062a\u0631\u0643\u064a\u0628-\u0627\u0644\u062d\u0627\u0645\u0644-2\/"]}]},{"@type":"ImageObject","inLanguage":"de","@id":"https:\/\/sxflightcase.com\/ar\/\u0645\u0646\u062a\u062c\/\u0636\u0645\u064a\u0645\u0629-\u062a\u0631\u0643\u064a\u0628-\u0627\u0644\u062d\u0627\u0645\u0644-2\/#primaryimage","url":"https:\/\/sxflightcase.com\/wp-content\/uploads\/2024\/05\/rack-mount-enclosure00548436494.webp","contentUrl":"https:\/\/sxflightcase.com\/wp-content\/uploads\/2024\/05\/rack-mount-enclosure00548436494.webp","width":730,"height":730,"caption":"Rack Mount Enclosure"},{"@type":"BreadcrumbList","@id":"https:\/\/sxflightcase.com\/ar\/\u0645\u0646\u062a\u062c\/\u0636\u0645\u064a\u0645\u0629-\u062a\u0631\u0643\u064a\u0628-\u0627\u0644\u062d\u0627\u0645\u0644-2\/#breadcrumb","itemListElement":[{"@type":"ListItem","position":1,"name":"Home","item":"https:\/\/sxflightcase.com\/"},{"@type":"ListItem","position":2,"name":"\u0e2a\u0e34\u0e19\u0e04\u0e49\u0e32","item":"https:\/\/sxflightcase.com\/th\/shop\/"},{"@type":"ListItem","position":3,"name":"FC Rack Mount Enclosure"}]},{"@type":"WebSite","@id":"https:\/\/sxflightcase.com\/th\/#website","url":"https:\/\/sxflightcase.com\/th\/","name":"www.sxpowercase.com","description":"Flight Case Fabrik","publisher":{"@id":"https:\/\/sxflightcase.com\/th\/#organization"},"potentialAction":[{"@type":"SearchAction","target":{"@type":"EntryPoint","urlTemplate":"https:\/\/sxflightcase.com\/th\/?s={search_term_string}"},"query-input":{"@type":"PropertyValueSpecification","valueRequired":true,"valueName":"search_term_string"}}],"inLanguage":"de"},{"@type":"Organization","@id":"https:\/\/sxflightcase.com\/th\/#organization","name":"www.sxpowercase.com","url":"https:\/\/sxflightcase.com\/th\/","logo":{"@type":"ImageObject","inLanguage":"de","@id":"https:\/\/sxflightcase.com\/th\/#\/schema\/logo\/image\/","url":"https:\/\/sxflightcase.com\/wp-content\/uploads\/2024\/04\/1713919036007.jpg","contentUrl":"https:\/\/sxflightcase.com\/wp-content\/uploads\/2024\/04\/1713919036007.jpg","width":382,"height":388,"caption":"sxpowercase.com"},"image":{"@id":"https:\/\/sxflightcase.com\/th\/#\/schema\/logo\/image\/"},"sameAs":["https:\/\/www.facebook.com\/profile.php?id=61560407257971"],"numberOfEmployees":{"@type":"QuantitativeValue","minValue":"11","maxValue":"50"}}]}},"_links":{"self":[{"href":"https:\/\/sxflightcase.com\/de\/wp-json\/wp\/v2\/product\/1607","targetHints":{"allow":["GET"]}}],"collection":[{"href":"https:\/\/sxflightcase.com\/de\/wp-json\/wp\/v2\/product"}],"about":[{"href":"https:\/\/sxflightcase.com\/de\/wp-json\/wp\/v2\/types\/product"}],"replies":[{"embeddable":true,"href":"https:\/\/sxflightcase.com\/de\/wp-json\/wp\/v2\/comments?post=1607"}],"version-history":[{"count":0,"href":"https:\/\/sxflightcase.com\/de\/wp-json\/wp\/v2\/product\/1607\/revisions"}],"wp:featuredmedia":[{"embeddable":true,"href":"https:\/\/sxflightcase.com\/de\/wp-json\/wp\/v2\/media\/1611"}],"wp:attachment":[{"href":"https:\/\/sxflightcase.com\/de\/wp-json\/wp\/v2\/media?parent=1607"}],"wp:term":[{"taxonomy":"product_brand","embeddable":true,"href":"https:\/\/sxflightcase.com\/de\/wp-json\/wp\/v2\/product_brand?post=1607"},{"taxonomy":"product_cat","embeddable":true,"href":"https:\/\/sxflightcase.com\/de\/wp-json\/wp\/v2\/product_cat?post=1607"},{"taxonomy":"product_tag","embeddable":true,"href":"https:\/\/sxflightcase.com\/de\/wp-json\/wp\/v2\/product_tag?post=1607"}],"curies":[{"name":"wp","href":"https:\/\/api.w.org\/{rel}","templated":true}]}}