{"id":1612,"date":"2024-05-10T02:37:34","date_gmt":"2024-05-10T01:37:34","guid":{"rendered":"https:\/\/sxpowercase.com\/?post_type=product&#038;p=1612"},"modified":"2024-06-27T08:16:57","modified_gmt":"2024-06-27T07:16:57","slug":"19-rack-flight-case","status":"publish","type":"product","link":"https:\/\/sxflightcase.com\/de\/produkt\/19-rack-flightcase\/","title":{"rendered":"MP 19 Rack Flightcase"},"content":{"rendered":"<p><strong>Produktparameter (Spezifikation)<\/strong><\/p>\n<section class=\"table-wrap\">\n<table class=\"table\" width=\"100%\" cellspacing=\"0\" cellpadding=\"0\">\n<tbody>\n<tr class=\"firstRow\">\n<td width=\"134\">Produktname:<\/td>\n<td width=\"503\">19-Rack-Flightcase<\/td>\n<\/tr>\n<tr>\n<td width=\"134\">Material und Zubeh\u00f6r:<\/td>\n<td width=\"503\">9 mm Sperrholz + verchromte\/verzinkte Beschl\u00e4ge + Aluminium-Strangpressprofil<br \/>\nAbnehmbare Deckel vorne und hinten<\/td>\n<\/tr>\n<tr>\n<td width=\"134\">Schaumstoffauskleidung:<\/td>\n<td width=\"503\">Perlenschaum \/ EVA-Schaum \/ Eierschaum usw. \u2026 normal oder auf Anfrage<\/td>\n<\/tr>\n<tr>\n<td width=\"134\">Farbe:<\/td>\n<td width=\"503\">Schwarz (Standardfarbe), Rot, Blau, Orange, Gelb, Gr\u00fcn usw.<\/td>\n<\/tr>\n<tr>\n<td width=\"134\">Vorlaufzeit:<\/td>\n<td width=\"503\">Musterbestellung 3 Tage, Normalbestellung 7-15 Tage<\/td>\n<\/tr>\n<tr>\n<td width=\"134\">Dimension:<\/td>\n<td width=\"503\">Abh\u00e4ngig von der Ger\u00e4tegr\u00f6\u00dfe<\/td>\n<\/tr>\n<\/tbody>\n<\/table>\n<\/section>\n<h3>Sch\u00fctzen Sie Ihre Ausr\u00fcstung mit SX 19\u2033 Rack Flightcases<\/h3>\n<h4>SX 19\u2033 Rack Flightcases: Sicher, zuverl\u00e4ssig, vielseitig<\/h4>\n<p>Sorgen Sie mit SX 19\u2033 Rack Flight Cases f\u00fcr die Sicherheit und Tragbarkeit Ihrer Ausr\u00fcstung. Diese f\u00fcr den professionellen Einsatz konzipierten Koffer bieten robusten Schutz vor St\u00f6\u00dfen, Schl\u00e4gen und Umwelteinfl\u00fcssen und sind gleichzeitig einfach zu transportieren und einzurichten.<\/p>\n<h4>Auf Langlebigkeit ausgelegt<\/h4>\n<p>Bei SX legen wir Wert auf Haltbarkeit und Leistung. Unsere 19-Zoll-Rack-Flightcases sind aus hochwertigen Materialien gefertigt und gew\u00e4hrleisten einen dauerhaften Schutz Ihrer wertvollen Ausr\u00fcstung. Egal, ob Sie zwischen Auftritten reisen oder an einem festen Ort aufbauen, unsere Koffer sch\u00fctzen Ihre Ausr\u00fcstung sicher und gesch\u00fctzt.<\/p>\n<h4>Anpassbare Optionen<\/h4>\n<p>Wir wissen, dass jedes Setup einzigartig ist. Deshalb k\u00f6nnen unsere 19-Zoll-Rack-Flightcases individuell an Ihre speziellen Anforderungen angepasst werden. Von der Innenpolsterung und Sto\u00dfd\u00e4mpfung bis hin zu Au\u00dfenfarben und Branding-Optionen passen wir unsere Cases perfekt an Ihre Anforderungen an.<\/p>\n<hr \/>\n<h4>Warum sollten Sie sich f\u00fcr SX 19\u2033 Rack Flightcases entscheiden?<\/h4>\n<p>Wenn Sie sich f\u00fcr SX entscheiden, entscheiden Sie sich f\u00fcr Zuverl\u00e4ssigkeit und Sicherheit. Unsere Koffer werden von Profis in verschiedenen Branchen, darunter audiovisuelle Medien, IT und Telekommunikation, verwendet. Mit ihrer robusten Konstruktion und dem durchdachten Design sorgen sie daf\u00fcr, dass Ihre Ausr\u00fcstung \u00fcberall gesch\u00fctzt bleibt.<\/p>\n<hr \/>\n<h4>Erh\u00f6hen Sie den Schutz Ihrer Ausr\u00fcstung mit<\/h4>\n<p>Investieren Sie noch heute in SX 19\u2033 Rack Flightcases und erleben Sie mehr Sicherheit und Komfort f\u00fcr Ihre Ausr\u00fcstung. Ob f\u00fcr Live-Auftritte, Studioinstallationen oder IT-Bereitstellungen, SX-Cases bieten die Zuverl\u00e4ssigkeit und Haltbarkeit, die Sie brauchen. Kontaktieren Sie uns jetzt, um unser Sortiment kennenzulernen und die perfekte L\u00f6sung f\u00fcr Ihr Setup zu finden.<\/p>\n<h3><strong>FAQs<\/strong><\/h3>\n<ul>\n<li><strong>Wie funktioniert ein Verteilerkasten?<\/strong><br \/>\nVerteilerk\u00e4sten regeln den Stromfluss zu verschiedenen Stromkreisen innerhalb eines Geb\u00e4udes und gew\u00e4hrleisten eine sichere und effiziente Stromverteilung.<\/li>\n<li><strong>Welche Vorteile bietet die elektrische Energieverteilung?<\/strong><br \/>\nEine effektive Stromverteilung verbessert die Zuverl\u00e4ssigkeit, Sicherheit und Energieeffizienz und tr\u00e4gt so zur Unternehmensproduktivit\u00e4t und zum Umsatzwachstum bei.<\/li>\n<li><strong>Wie k\u00f6nnen B\u00fchnenveranstaltungen ihre Stromverteilungsstrategien optimieren?<\/strong><br \/>\nstage eventkann die Stromverteilung optimieren, indem es in moderne Ger\u00e4te investiert, regelm\u00e4\u00dfige Wartungen durchf\u00fchrt und Energiesparma\u00dfnahmen umsetzt.<\/li>\n<li><strong>Welche Rolle spielt <a title=\"SX\" href=\"https:\/\/sxpowercase.com\/\" target=\"_blank\" rel=\"noopener\" data-wpil-monitor-id=\"111\">SX<\/a> bei der Energieverteilung eine Rolle spielen?<\/strong><br \/>\nSX bietet L\u00f6sungen zur Optimierung der Stromverteilung und unterst\u00fctzt Unternehmen dabei, ihre Effizienz, Zuverl\u00e4ssigkeit und Rentabilit\u00e4t zu verbessern.<\/li>\n<li><strong>K\u00f6nnen durch eine optimierte Energieverteilung Kosten eingespart werden?<\/strong><br \/>\nJa, durch die Reduzierung der Energieverschwendung und die Minimierung von Ausfallzeiten kann eine optimierte Stromverteilung zu erheblichen Kosteneinsparungen f\u00fcr Unternehmen f\u00fchren.<\/li>\n<li><strong>Wie tr\u00e4gt die Stromverteilung zum Unternehmenswachstum bei?<\/strong><br \/>\nEine zuverl\u00e4ssige Stromverteilung gew\u00e4hrleistet einen unterbrechungsfreien Betrieb und f\u00fchrt so zu h\u00f6herer Produktivit\u00e4t, Kundenzufriedenheit und letztendlich zu Unternehmenswachstum.<\/li>\n<\/ul>\n<p>Hot Tags: Niedriger Preis, auf Lager, kostenlose Probe, Strom- und Signalkabel, 16 Gauge 4-Leiter-Kabel, Mikrofonst\u00e4ndergeh\u00e4use, Outdoor-LED-Displayschrank, Rackmontage, elektrische Verteilerbox, China, Lieferanten, Fabrik, kundenspezifisch, Gro\u00dfhandel, <span style=\"color: #993366;\"><a style=\"color: #993366;\" href=\"https:\/\/sxflightcase.com\/de\/product-category\/all-product\/power-distribution-boxes\/\">Stromk\u00e4sten<\/a>,\u00a0<a style=\"color: #993366;\" href=\"https:\/\/sxflightcase.com\/de\/product-category\/all-product\/hoist-controllers\/\">Stromkabel<\/a>,\u00a0<a style=\"color: #993366;\" href=\"https:\/\/sxflightcase.com\/de\/product-category\/all-product\/hoist-controllers\/\">Hubwerkssteuerungen<\/a>,\u00a0<a style=\"color: #993366;\" href=\"https:\/\/sxflightcase.com\/de\/product-category\/all-product\/flight-case\/\">Flightcases.<\/a><\/span><\/p>","protected":false},"excerpt":{"rendered":"<h2 class=\"prodetails-name\">19 Rack-Flightcase<\/h2>\n<p>Gegr\u00fcndet im Jahr 2001, sind wir auf die Herstellung von Flightcases zur Rackmontage aller Art spezialisiert und verf\u00fcgen \u00fcber eine Werkstattfl\u00e4che von \u00fcber 20.000 Quadratmetern. Wir haben 19 Rack-Flightcases, 2U bis 20U, je nach Bedarf.<\/p>\n<p>&lt;p&gt;&lt;h2&gt;<strong>Produktionseinf\u00fchrung<\/strong><\/p>\n<p>19-Rack-Flightcase mit leicht verschlie\u00dfbarem Nut- und Federsystem aus Aluminium. Kabelzugangs\u00f6ffnung mit abnehmbarer Emblemabdeckung und versenkten Butterfly-Drehverschl\u00fcssen im Industriestil \u2013 Vorh\u00e4ngeschloss-f\u00e4hig.<\/p>","protected":false},"featured_media":1613,"comment_status":"open","ping_status":"closed","template":"","meta":[],"product_brand":[],"product_cat":[35],"product_tag":[50],"class_list":{"0":"post-1612","1":"product","2":"type-product","3":"status-publish","4":"has-post-thumbnail","6":"product_cat-standard-rack-cases","7":"product_tag-mp","9":"first","10":"instock","11":"shipping-taxable","12":"product-type-simple"},"yoast_head":"<!-- This site is optimized with the Yoast SEO Premium plugin v27.1 (Yoast SEO v27.2) - https:\/\/yoast.com\/product\/yoast-seo-premium-wordpress\/ -->\n<title>MP 19 Rack Flight Case - https:\/\/sxflightcase.com \ud83d\udc97<\/title>\n<meta name=\"description\" content=\"19 Rack Flight Case: Explore our factory-direct options for professional customization, ensuring optimal organization and protection of your equipment.\" \/>\n<meta name=\"robots\" content=\"index, follow, max-snippet:-1, max-image-preview:large, max-video-preview:-1\" \/>\n<link rel=\"canonical\" href=\"https:\/\/sxflightcase.com\/de\/produkt\/19-rack-flightcase\/\" \/>\n<meta property=\"og:locale\" content=\"de_DE\" \/>\n<meta property=\"og:type\" content=\"article\" \/>\n<meta property=\"og:title\" content=\"MP 19 Rack Flight Case\" \/>\n<meta property=\"og:description\" content=\"19 Rack Flight Case: Explore our factory-direct options for professional customization, ensuring optimal organization and protection of your equipment.\" \/>\n<meta property=\"og:url\" content=\"https:\/\/sxflightcase.com\/de\/produkt\/19-rack-flightcase\/\" \/>\n<meta property=\"og:site_name\" content=\"https:\/\/sxflightcase.com\" \/>\n<meta property=\"article:publisher\" content=\"https:\/\/www.facebook.com\/profile.php?id=61560407257971\" \/>\n<meta property=\"article:modified_time\" content=\"2024-06-27T07:16:57+00:00\" \/>\n<meta property=\"og:image\" content=\"https:\/\/sxflightcase.com\/wp-content\/uploads\/2024\/05\/19-rack-flight-case42121776330.webp\" \/>\n\t<meta property=\"og:image:width\" content=\"750\" \/>\n\t<meta property=\"og:image:height\" content=\"750\" \/>\n\t<meta property=\"og:image:type\" content=\"image\/webp\" \/>\n<meta name=\"twitter:card\" content=\"summary_large_image\" \/>\n<meta name=\"twitter:label1\" content=\"Gesch\u00e4tzte Lesezeit\" \/>\n\t<meta name=\"twitter:data1\" content=\"3\u00a0Minuten\" \/>\n<script type=\"application\/ld+json\" class=\"yoast-schema-graph\">{\"@context\":\"https:\/\/schema.org\",\"@graph\":[{\"@type\":\"WebPage\",\"@id\":\"https:\/\/sxflightcase.com\/product\/19-rack-flight-case\/\",\"url\":\"https:\/\/sxflightcase.com\/product\/19-rack-flight-case\/\",\"name\":\"MP 19 Rack Flight Case - https:\/\/sxflightcase.com \ud83d\udc97\",\"isPartOf\":{\"@id\":\"https:\/\/sxflightcase.com\/th\/#website\"},\"primaryImageOfPage\":{\"@id\":\"https:\/\/sxflightcase.com\/product\/19-rack-flight-case\/#primaryimage\"},\"image\":{\"@id\":\"https:\/\/sxflightcase.com\/product\/19-rack-flight-case\/#primaryimage\"},\"thumbnailUrl\":\"https:\/\/sxflightcase.com\/wp-content\/uploads\/2024\/05\/19-rack-flight-case42121776330.webp\",\"datePublished\":\"2024-05-10T01:37:34+00:00\",\"dateModified\":\"2024-06-27T07:16:57+00:00\",\"description\":\"19 Rack Flight Case: Explore our factory-direct options for professional customization, ensuring optimal organization and protection of your equipment.\",\"breadcrumb\":{\"@id\":\"https:\/\/sxflightcase.com\/product\/19-rack-flight-case\/#breadcrumb\"},\"inLanguage\":\"de\",\"potentialAction\":[{\"@type\":\"ReadAction\",\"target\":[\"https:\/\/sxflightcase.com\/product\/19-rack-flight-case\/\"]}]},{\"@type\":\"ImageObject\",\"inLanguage\":\"de\",\"@id\":\"https:\/\/sxflightcase.com\/product\/19-rack-flight-case\/#primaryimage\",\"url\":\"https:\/\/sxflightcase.com\/wp-content\/uploads\/2024\/05\/19-rack-flight-case42121776330.webp\",\"contentUrl\":\"https:\/\/sxflightcase.com\/wp-content\/uploads\/2024\/05\/19-rack-flight-case42121776330.webp\",\"width\":750,\"height\":750,\"caption\":\"19 Rack Flight Case\"},{\"@type\":\"BreadcrumbList\",\"@id\":\"https:\/\/sxflightcase.com\/product\/19-rack-flight-case\/#breadcrumb\",\"itemListElement\":[{\"@type\":\"ListItem\",\"position\":1,\"name\":\"Home\",\"item\":\"https:\/\/sxflightcase.com\/\"},{\"@type\":\"ListItem\",\"position\":2,\"name\":\"\u0e2a\u0e34\u0e19\u0e04\u0e49\u0e32\",\"item\":\"https:\/\/sxflightcase.com\/th\/shop\/\"},{\"@type\":\"ListItem\",\"position\":3,\"name\":\"MP 19 Rack Flight Case\"}]},{\"@type\":\"WebSite\",\"@id\":\"https:\/\/sxflightcase.com\/th\/#website\",\"url\":\"https:\/\/sxflightcase.com\/th\/\",\"name\":\"sxpowercase.com\",\"description\":\"Flight Case Factory\",\"publisher\":{\"@id\":\"https:\/\/sxflightcase.com\/th\/#organization\"},\"potentialAction\":[{\"@type\":\"SearchAction\",\"target\":{\"@type\":\"EntryPoint\",\"urlTemplate\":\"https:\/\/sxflightcase.com\/th\/?s={search_term_string}\"},\"query-input\":{\"@type\":\"PropertyValueSpecification\",\"valueRequired\":true,\"valueName\":\"search_term_string\"}}],\"inLanguage\":\"de\"},{\"@type\":\"Organization\",\"@id\":\"https:\/\/sxflightcase.com\/th\/#organization\",\"name\":\"sxpowercase.com\",\"url\":\"https:\/\/sxflightcase.com\/th\/\",\"logo\":{\"@type\":\"ImageObject\",\"inLanguage\":\"de\",\"@id\":\"https:\/\/sxflightcase.com\/th\/#\/schema\/logo\/image\/\",\"url\":\"https:\/\/sxflightcase.com\/wp-content\/uploads\/2024\/04\/1713919036007.jpg\",\"contentUrl\":\"https:\/\/sxflightcase.com\/wp-content\/uploads\/2024\/04\/1713919036007.jpg\",\"width\":382,\"height\":388,\"caption\":\"sxpowercase.com\"},\"image\":{\"@id\":\"https:\/\/sxflightcase.com\/th\/#\/schema\/logo\/image\/\"},\"sameAs\":[\"https:\/\/www.facebook.com\/profile.php?id=61560407257971\"],\"numberOfEmployees\":{\"@type\":\"QuantitativeValue\",\"minValue\":\"11\",\"maxValue\":\"50\"}}]}<\/script>\n<!-- \/ Yoast SEO Premium plugin. -->","yoast_head_json":{"title":"MP 19 Rack Flight Case - https:\/\/sxflightcase.com \ud83d\udc97","description":"19 Rack Flight Case: Entdecken Sie unsere direkt ab Werk verf\u00fcgbaren Optionen zur professionellen Anpassung, die eine optimale Organisation und den Schutz Ihrer Ausr\u00fcstung gew\u00e4hrleisten.","robots":{"index":"index","follow":"follow","max-snippet":"max-snippet:-1","max-image-preview":"max-image-preview:large","max-video-preview":"max-video-preview:-1"},"canonical":"https:\/\/sxflightcase.com\/de\/produkt\/19-rack-flightcase\/","og_locale":"de_DE","og_type":"article","og_title":"MP 19 Rack Flight Case","og_description":"19 Rack Flight Case: Explore our factory-direct options for professional customization, ensuring optimal organization and protection of your equipment.","og_url":"https:\/\/sxflightcase.com\/de\/produkt\/19-rack-flightcase\/","og_site_name":"https:\/\/sxflightcase.com","article_publisher":"https:\/\/www.facebook.com\/profile.php?id=61560407257971","article_modified_time":"2024-06-27T07:16:57+00:00","og_image":[{"width":750,"height":750,"url":"https:\/\/sxflightcase.com\/wp-content\/uploads\/2024\/05\/19-rack-flight-case42121776330.webp","type":"image\/webp"}],"twitter_card":"summary_large_image","twitter_misc":{"Gesch\u00e4tzte Lesezeit":"3\u00a0Minuten"},"schema":{"@context":"https:\/\/schema.org","@graph":[{"@type":"WebPage","@id":"https:\/\/sxflightcase.com\/product\/19-rack-flight-case\/","url":"https:\/\/sxflightcase.com\/product\/19-rack-flight-case\/","name":"MP 19 Rack Flight Case - https:\/\/sxflightcase.com \ud83d\udc97","isPartOf":{"@id":"https:\/\/sxflightcase.com\/th\/#website"},"primaryImageOfPage":{"@id":"https:\/\/sxflightcase.com\/product\/19-rack-flight-case\/#primaryimage"},"image":{"@id":"https:\/\/sxflightcase.com\/product\/19-rack-flight-case\/#primaryimage"},"thumbnailUrl":"https:\/\/sxflightcase.com\/wp-content\/uploads\/2024\/05\/19-rack-flight-case42121776330.webp","datePublished":"2024-05-10T01:37:34+00:00","dateModified":"2024-06-27T07:16:57+00:00","description":"19 Rack Flight Case: Entdecken Sie unsere direkt ab Werk verf\u00fcgbaren Optionen zur professionellen Anpassung, die eine optimale Organisation und den Schutz Ihrer Ausr\u00fcstung gew\u00e4hrleisten.","breadcrumb":{"@id":"https:\/\/sxflightcase.com\/product\/19-rack-flight-case\/#breadcrumb"},"inLanguage":"de","potentialAction":[{"@type":"ReadAction","target":["https:\/\/sxflightcase.com\/product\/19-rack-flight-case\/"]}]},{"@type":"ImageObject","inLanguage":"de","@id":"https:\/\/sxflightcase.com\/product\/19-rack-flight-case\/#primaryimage","url":"https:\/\/sxflightcase.com\/wp-content\/uploads\/2024\/05\/19-rack-flight-case42121776330.webp","contentUrl":"https:\/\/sxflightcase.com\/wp-content\/uploads\/2024\/05\/19-rack-flight-case42121776330.webp","width":750,"height":750,"caption":"19 Rack Flight Case"},{"@type":"BreadcrumbList","@id":"https:\/\/sxflightcase.com\/product\/19-rack-flight-case\/#breadcrumb","itemListElement":[{"@type":"ListItem","position":1,"name":"Home","item":"https:\/\/sxflightcase.com\/"},{"@type":"ListItem","position":2,"name":"\u0e2a\u0e34\u0e19\u0e04\u0e49\u0e32","item":"https:\/\/sxflightcase.com\/th\/shop\/"},{"@type":"ListItem","position":3,"name":"MP 19 Rack Flight Case"}]},{"@type":"WebSite","@id":"https:\/\/sxflightcase.com\/th\/#website","url":"https:\/\/sxflightcase.com\/th\/","name":"www.sxpowercase.com","description":"Flight Case Fabrik","publisher":{"@id":"https:\/\/sxflightcase.com\/th\/#organization"},"potentialAction":[{"@type":"SearchAction","target":{"@type":"EntryPoint","urlTemplate":"https:\/\/sxflightcase.com\/th\/?s={search_term_string}"},"query-input":{"@type":"PropertyValueSpecification","valueRequired":true,"valueName":"search_term_string"}}],"inLanguage":"de"},{"@type":"Organization","@id":"https:\/\/sxflightcase.com\/th\/#organization","name":"www.sxpowercase.com","url":"https:\/\/sxflightcase.com\/th\/","logo":{"@type":"ImageObject","inLanguage":"de","@id":"https:\/\/sxflightcase.com\/th\/#\/schema\/logo\/image\/","url":"https:\/\/sxflightcase.com\/wp-content\/uploads\/2024\/04\/1713919036007.jpg","contentUrl":"https:\/\/sxflightcase.com\/wp-content\/uploads\/2024\/04\/1713919036007.jpg","width":382,"height":388,"caption":"sxpowercase.com"},"image":{"@id":"https:\/\/sxflightcase.com\/th\/#\/schema\/logo\/image\/"},"sameAs":["https:\/\/www.facebook.com\/profile.php?id=61560407257971"],"numberOfEmployees":{"@type":"QuantitativeValue","minValue":"11","maxValue":"50"}}]}},"_links":{"self":[{"href":"https:\/\/sxflightcase.com\/de\/wp-json\/wp\/v2\/product\/1612","targetHints":{"allow":["GET"]}}],"collection":[{"href":"https:\/\/sxflightcase.com\/de\/wp-json\/wp\/v2\/product"}],"about":[{"href":"https:\/\/sxflightcase.com\/de\/wp-json\/wp\/v2\/types\/product"}],"replies":[{"embeddable":true,"href":"https:\/\/sxflightcase.com\/de\/wp-json\/wp\/v2\/comments?post=1612"}],"version-history":[{"count":0,"href":"https:\/\/sxflightcase.com\/de\/wp-json\/wp\/v2\/product\/1612\/revisions"}],"wp:featuredmedia":[{"embeddable":true,"href":"https:\/\/sxflightcase.com\/de\/wp-json\/wp\/v2\/media\/1613"}],"wp:attachment":[{"href":"https:\/\/sxflightcase.com\/de\/wp-json\/wp\/v2\/media?parent=1612"}],"wp:term":[{"taxonomy":"product_brand","embeddable":true,"href":"https:\/\/sxflightcase.com\/de\/wp-json\/wp\/v2\/product_brand?post=1612"},{"taxonomy":"product_cat","embeddable":true,"href":"https:\/\/sxflightcase.com\/de\/wp-json\/wp\/v2\/product_cat?post=1612"},{"taxonomy":"product_tag","embeddable":true,"href":"https:\/\/sxflightcase.com\/de\/wp-json\/wp\/v2\/product_tag?post=1612"}],"curies":[{"name":"wp","href":"https:\/\/api.w.org\/{rel}","templated":true}]}}