{"id":1632,"date":"2024-05-10T03:09:46","date_gmt":"2024-05-10T02:09:46","guid":{"rendered":"https:\/\/sxpowercase.com\/?post_type=product&#038;p=1632"},"modified":"2024-06-26T10:14:35","modified_gmt":"2024-06-26T09:14:35","slug":"19-inch-rack-mount-enclosure","status":"publish","type":"product","link":"https:\/\/sxflightcase.com\/de\/produkt\/19-zoll-gehause-zur-rackmontage\/","title":{"rendered":"MP 19-Zoll-Rackmontagegeh\u00e4use"},"content":{"rendered":"<h3><strong>Produktparameter (Spezifikation)<\/strong><\/h3>\n<section class=\"table-wrap\">\n<table class=\"table\" width=\"100%\" cellspacing=\"0\" cellpadding=\"0\">\n<tbody>\n<tr class=\"firstRow\">\n<td width=\"134\">Produktname:<\/td>\n<td width=\"503\">19-Zoll-Geh\u00e4use zur Rackmontage<\/td>\n<\/tr>\n<tr>\n<td width=\"134\">Material<\/td>\n<td width=\"503\">Aluminiumrahmen + Feuerfest + 9 mm Sperrholz<\/td>\n<\/tr>\n<tr>\n<td width=\"134\">Innen<\/td>\n<td width=\"503\">Sto\u00dffester Schaumstoff mit hoher Dichte<\/td>\n<\/tr>\n<tr>\n<td width=\"134\">Gr\u00f6\u00dfe<\/td>\n<td width=\"503\">Kann individuell angepasst werden<\/td>\n<\/tr>\n<tr>\n<td width=\"134\">Zubeh\u00f6r<\/td>\n<td width=\"503\">Acht Schmetterlingsverschl\u00fcsse, vier R\u00e4der zum leichten Tragen, vier stabile Griffe<\/td>\n<\/tr>\n<tr>\n<td width=\"134\">Brauch<\/td>\n<td width=\"503\">Alle Arten von Anpassungen sind willkommen, wie etwa Material, Abmessungen, Innenf\u00fcllungen, Griffe, Schl\u00f6sser usw. des Aluminiumgeh\u00e4uses.<\/td>\n<\/tr>\n<\/tbody>\n<\/table>\n<\/section>\n<h2>Verbessern Sie den Schutz Ihrer Ausr\u00fcstung mit dem 19-Zoll-Rack-Geh\u00e4use von SX<\/h2>\n<h3>\u00dcberragender Schutz f\u00fcr Ihre Ausr\u00fcstung<\/h3>\n<p>Einf\u00fchrung der <a href=\"https:\/\/sxpowercase.com\/\" target=\"_blank\"  rel=\"noopener\" title=\"SX\"  data-wpil-monitor-id=\"485\">SX<\/a> 19-Zoll-Geh\u00e4use f\u00fcr die Rackmontage, die ultimative L\u00f6sung zur Sicherung und zum Schutz Ihrer wertvollen Ausr\u00fcstung. Mit robusten Materialien und einem pr\u00e4zisen Design sorgt unser Geh\u00e4use daf\u00fcr, dass Ihre Ger\u00e4te vor Sch\u00e4den gesch\u00fctzt sind, egal ob beim Transport oder bei der Einrichtung. Vertrauen Sie auf die Zuverl\u00e4ssigkeit und Langlebigkeit von SX, die Sie brauchen.<\/p>\n<h3>Direktverkauf ab Werk f\u00fcr maximalen Nutzen<\/h3>\n<p>Bei SX glauben wir daran, unseren Kunden den besten Wert zu bieten. Durch den Direktvertrieb ab Werk k\u00f6nnen wir Zwischenh\u00e4ndler ausschalten und unsere 19-Zoll-Rack-Geh\u00e4use zu unschlagbaren Preisen anbieten. Durch diesen direkten Ansatz sparen Sie nicht nur Geld, sondern erhalten auch ein Produkt von h\u00f6chster Qualit\u00e4t. Steigern Sie die Effizienz Ihres Unternehmens mit den kosteneffizienten L\u00f6sungen von SX.<\/p>\n<h3>Ma\u00dfgeschneiderte Anpassung an Ihre Bed\u00fcrfnisse<\/h3>\n<p>SX ist sich bewusst, dass jeder Profi seine eigenen Anforderungen hat, und bietet daher umfassende Anpassungsdienste an. Unsere 19-Zoll-Rackgeh\u00e4use k\u00f6nnen auf Ihre Anforderungen zugeschnitten werden, von kundenspezifischen Abmessungen bis hin zu zus\u00e4tzlichen Funktionen wie zus\u00e4tzlichen F\u00e4chern oder personalisiertem Branding. Mit unseren ma\u00dfgeschneiderten L\u00f6sungen sind Ihre Ger\u00e4te perfekt gesch\u00fctzt und Ihr professionelles Image wird verbessert.<\/p>\n<hr \/>\n<h3>Warum SX w\u00e4hlen?<\/h3>\n<p>Wenn Sie sich f\u00fcr SX entscheiden, investieren Sie in erstklassigen Schutz f\u00fcr Ihre Ausr\u00fcstung. Unser Direktvertriebsmodell garantiert Ihnen die besten Preise, ohne Kompromisse bei der Qualit\u00e4t einzugehen. Dank unseres Engagements f\u00fcr kundenspezifische Anpassungen wird das 19-Zoll-Rack-Geh\u00e4use genau Ihren Anforderungen gerecht und bietet einen unvergleichlichen Schutz f\u00fcr Ihre Ger\u00e4te. Setzen Sie sich noch heute mit SX zusammen und erfahren Sie, wie unsere Produkte Ihre Gesch\u00e4ftsabl\u00e4ufe verbessern und Ihre wertvolle Ausr\u00fcstung sch\u00fctzen k\u00f6nnen.<\/p>\n<p><strong>H\u00e4ufig gestellte Fragen<\/strong><\/p>\n<p>F: Wie hoch ist Ihre Mindestbestellmenge?<\/p>\n<p>A: Wenn wir die Produkte auf Lager haben, gibt es keine Mindestbestellmenge. Wenn wir produzieren m\u00fcssen, k\u00f6nnen wir die Mindestbestellmenge entsprechend der genauen Situation des Kunden besprechen.<\/p>\n<p>F: Was ist Ihr Versandservice?<\/p>\n<p>A: Wir bieten Dienstleistungen f\u00fcr die Schiffsbuchung, Warenkonsolidierung, Zollanmeldung, Vorbereitung von Versanddokumenten und Massenlieferung im Verschiffungshafen an.<\/p>\n<p>F: K\u00f6nnen Sie bei der Gestaltung helfen?<\/p>\n<p>A: Ja, einfaches Design kostenlos, spezielles Design muss bezahlt werden.<\/p>\n<p><strong>Qualit\u00e4tskontrolle<\/strong><\/p>\n<p>Wir haben Qualit\u00e4tskontrollpersonal an den Produktionslinien, das die Inspektion durchf\u00fchrt. Alle Produkte m\u00fcssen vor der Auslieferung \u00fcberpr\u00fcft werden. Wir f\u00fchren Inline-Inspektionen und Endkontrollen durch.<\/p>\n<p>1. Alle Rohstoffe werden nach Ankunft in unserer Fabrik \u00fcberpr\u00fcft.<\/p>\n<p>2. Alle Teile, Logos und alle Details werden w\u00e4hrend der Produktion \u00fcberpr\u00fcft.<\/p>\n<p>3. Alle Verpackungsdetails werden w\u00e4hrend der Produktion \u00fcberpr\u00fcft.<\/p>\n<p>4. Die gesamte Produktionsqualit\u00e4t und Verpackung wird nach Abschluss der Endkontrolle \u00fcberpr\u00fcft.<\/p>\n<p>Hot Tags: Niedriger Preis, auf Lager, kostenlose Probe, Strom- und Signalkabel, 16 Gauge 4-Leiter-Kabel, Mikrofonst\u00e4ndergeh\u00e4use, Outdoor-LED-Vitrine, Rackmontage, 19-Zoll-Rackmount-Mixer-Flightcases, elektrische Verteilerbox, China, Lieferanten, Fabrik, kundenspezifisch, Gro\u00dfhandel, <span style=\"color: #993366;\"><a style=\"color: #993366;\" href=\"https:\/\/sxflightcase.com\/de\/product-category\/all-product\/power-distribution-boxes\/\">Stromk\u00e4sten<\/a>,\u00a0<a style=\"color: #993366;\" href=\"https:\/\/sxflightcase.com\/de\/product-category\/all-product\/hoist-controllers\/\">Stromkabel<\/a>,\u00a0<a style=\"color: #993366;\" href=\"https:\/\/sxflightcase.com\/de\/product-category\/all-product\/hoist-controllers\/\">Hubwerkssteuerungen<\/a>,\u00a0<a style=\"color: #993366;\" href=\"https:\/\/sxflightcase.com\/de\/product-category\/all-product\/flight-case\/\">Flightcases.<\/a><\/span><\/p>","protected":false},"excerpt":{"rendered":"<h2 class=\"prodetails-name\">19-Zoll-Rack-Geh\u00e4use<\/h2>\n<p>Gegr\u00fcndet im Jahr 2001, sind wir spezialisiert auf die Herstellung aller Arten von 19-Zoll-Rack-Mount-Geh\u00e4use mit einer Werkstattfl\u00e4che von \u00fcber 20.00 Quadratmetern. Normalerweise machen wir von 2u bis 20u, aber wir machen auch verschiedene Gr\u00f6\u00dfe h\u00e4ngt von Ihrem Bedarf.<\/p>\n<h2><strong>Produktionseinf\u00fchrung<\/strong><\/h2>\n<p>Die Innenbreite des 19-Zoll-Geh\u00e4uses f\u00fcr die Rackmontage betr\u00e4gt standardm\u00e4\u00dfig 19\". Die Rack-Tiefe (bis zum hinteren Deckel) des Racks betr\u00e4gt 20,25\". Deckeltiefe: 3,75\", 4 gefederte Griffe, 8 versenkte Drehverschl\u00fcsse mit Vorh\u00e4ngeschlosseins\u00e4tzen. Die Rack-Geh\u00e4use der Shengxiang-Serie sind auch als 2U-, 4U-, 6U-, 8U-, 10U-, 12U-, 14U- und 16U-Geh\u00e4use erh\u00e4ltlich.<\/p>","protected":false},"featured_media":1633,"comment_status":"open","ping_status":"closed","template":"","meta":[],"product_brand":[],"product_cat":[35],"product_tag":[50],"class_list":{"0":"post-1632","1":"product","2":"type-product","3":"status-publish","4":"has-post-thumbnail","6":"product_cat-standard-rack-cases","7":"product_tag-mp","9":"first","10":"instock","11":"shipping-taxable","12":"product-type-simple"},"yoast_head":"<!-- This site is optimized with the Yoast SEO Premium plugin v27.1 (Yoast SEO v27.2) - https:\/\/yoast.com\/product\/yoast-seo-premium-wordpress\/ -->\n<title>MP 19 Inch Rack Mount Enclosure - https:\/\/sxflightcase.com \ud83d\udc97<\/title>\n<meta name=\"description\" content=\"19 Inch Rack Mount Enclosure: Explore our factory-direct options for professional customization, ensuring optimal organization and protection of your equipment.\" \/>\n<meta name=\"robots\" content=\"index, follow, max-snippet:-1, max-image-preview:large, max-video-preview:-1\" \/>\n<link rel=\"canonical\" href=\"https:\/\/sxflightcase.com\/de\/\u0645\u0646\u062a\u062c\/\u0636\u0645\u064a\u0645\u0629-\u0645\u062b\u0628\u062a\u0629-\u0639\u0644\u0649-\u062d\u0627\u0645\u0644-19-\u0628\u0648\u0635\u0629-2\/\" \/>\n<meta property=\"og:locale\" content=\"de_DE\" \/>\n<meta property=\"og:type\" content=\"article\" \/>\n<meta property=\"og:title\" content=\"MP 19 Inch Rack Mount Enclosure\" \/>\n<meta property=\"og:description\" content=\"19 Inch Rack Mount Enclosure: Explore our factory-direct options for professional customization, ensuring optimal organization and protection of your equipment.\" \/>\n<meta property=\"og:url\" content=\"https:\/\/sxflightcase.com\/de\/\u0645\u0646\u062a\u062c\/\u0636\u0645\u064a\u0645\u0629-\u0645\u062b\u0628\u062a\u0629-\u0639\u0644\u0649-\u062d\u0627\u0645\u0644-19-\u0628\u0648\u0635\u0629-2\/\" \/>\n<meta property=\"og:site_name\" content=\"https:\/\/sxflightcase.com\" \/>\n<meta property=\"article:publisher\" content=\"https:\/\/www.facebook.com\/profile.php?id=61560407257971\" \/>\n<meta property=\"article:modified_time\" content=\"2024-06-26T09:14:35+00:00\" \/>\n<meta property=\"og:image\" content=\"https:\/\/sxflightcase.com\/wp-content\/uploads\/2024\/05\/19-inch-rack-mount-enclosure58212769315.webp\" \/>\n\t<meta property=\"og:image:width\" content=\"750\" \/>\n\t<meta property=\"og:image:height\" content=\"750\" \/>\n\t<meta property=\"og:image:type\" content=\"image\/webp\" \/>\n<meta name=\"twitter:card\" content=\"summary_large_image\" \/>\n<meta name=\"twitter:label1\" content=\"Gesch\u00e4tzte Lesezeit\" \/>\n\t<meta name=\"twitter:data1\" content=\"4\u00a0Minuten\" \/>\n<script type=\"application\/ld+json\" class=\"yoast-schema-graph\">{\"@context\":\"https:\/\/schema.org\",\"@graph\":[{\"@type\":\"WebPage\",\"@id\":\"https:\/\/sxflightcase.com\/ary\/\u0645\u0646\u062a\u062c\/\u0636\u0645\u064a\u0645\u0629-\u0645\u062b\u0628\u062a\u0629-\u0639\u0644\u0649-\u062d\u0627\u0645\u0644-19-\u0628\u0648\u0635\u0629-2\/\",\"url\":\"https:\/\/sxflightcase.com\/ary\/\u0645\u0646\u062a\u062c\/\u0636\u0645\u064a\u0645\u0629-\u0645\u062b\u0628\u062a\u0629-\u0639\u0644\u0649-\u062d\u0627\u0645\u0644-19-\u0628\u0648\u0635\u0629-2\/\",\"name\":\"MP 19 Inch Rack Mount Enclosure - https:\/\/sxflightcase.com \ud83d\udc97\",\"isPartOf\":{\"@id\":\"https:\/\/sxflightcase.com\/th\/#website\"},\"primaryImageOfPage\":{\"@id\":\"https:\/\/sxflightcase.com\/ary\/\u0645\u0646\u062a\u062c\/\u0636\u0645\u064a\u0645\u0629-\u0645\u062b\u0628\u062a\u0629-\u0639\u0644\u0649-\u062d\u0627\u0645\u0644-19-\u0628\u0648\u0635\u0629-2\/#primaryimage\"},\"image\":{\"@id\":\"https:\/\/sxflightcase.com\/ary\/\u0645\u0646\u062a\u062c\/\u0636\u0645\u064a\u0645\u0629-\u0645\u062b\u0628\u062a\u0629-\u0639\u0644\u0649-\u062d\u0627\u0645\u0644-19-\u0628\u0648\u0635\u0629-2\/#primaryimage\"},\"thumbnailUrl\":\"https:\/\/sxflightcase.com\/wp-content\/uploads\/2024\/05\/19-inch-rack-mount-enclosure58212769315.webp\",\"datePublished\":\"2024-05-10T02:09:46+00:00\",\"dateModified\":\"2024-06-26T09:14:35+00:00\",\"description\":\"19 Inch Rack Mount Enclosure: Explore our factory-direct options for professional customization, ensuring optimal organization and protection of your equipment.\",\"breadcrumb\":{\"@id\":\"https:\/\/sxflightcase.com\/ary\/\u0645\u0646\u062a\u062c\/\u0636\u0645\u064a\u0645\u0629-\u0645\u062b\u0628\u062a\u0629-\u0639\u0644\u0649-\u062d\u0627\u0645\u0644-19-\u0628\u0648\u0635\u0629-2\/#breadcrumb\"},\"inLanguage\":\"de\",\"potentialAction\":[{\"@type\":\"ReadAction\",\"target\":[\"https:\/\/sxflightcase.com\/ary\/\u0645\u0646\u062a\u062c\/\u0636\u0645\u064a\u0645\u0629-\u0645\u062b\u0628\u062a\u0629-\u0639\u0644\u0649-\u062d\u0627\u0645\u0644-19-\u0628\u0648\u0635\u0629-2\/\"]}]},{\"@type\":\"ImageObject\",\"inLanguage\":\"de\",\"@id\":\"https:\/\/sxflightcase.com\/ary\/\u0645\u0646\u062a\u062c\/\u0636\u0645\u064a\u0645\u0629-\u0645\u062b\u0628\u062a\u0629-\u0639\u0644\u0649-\u062d\u0627\u0645\u0644-19-\u0628\u0648\u0635\u0629-2\/#primaryimage\",\"url\":\"https:\/\/sxflightcase.com\/wp-content\/uploads\/2024\/05\/19-inch-rack-mount-enclosure58212769315.webp\",\"contentUrl\":\"https:\/\/sxflightcase.com\/wp-content\/uploads\/2024\/05\/19-inch-rack-mount-enclosure58212769315.webp\",\"width\":750,\"height\":750,\"caption\":\"19 Inch Rack Mount Enclosure\"},{\"@type\":\"BreadcrumbList\",\"@id\":\"https:\/\/sxflightcase.com\/ary\/\u0645\u0646\u062a\u062c\/\u0636\u0645\u064a\u0645\u0629-\u0645\u062b\u0628\u062a\u0629-\u0639\u0644\u0649-\u062d\u0627\u0645\u0644-19-\u0628\u0648\u0635\u0629-2\/#breadcrumb\",\"itemListElement\":[{\"@type\":\"ListItem\",\"position\":1,\"name\":\"Home\",\"item\":\"https:\/\/sxflightcase.com\/\"},{\"@type\":\"ListItem\",\"position\":2,\"name\":\"\u0e2a\u0e34\u0e19\u0e04\u0e49\u0e32\",\"item\":\"https:\/\/sxflightcase.com\/th\/shop\/\"},{\"@type\":\"ListItem\",\"position\":3,\"name\":\"MP 19 Inch Rack Mount Enclosure\"}]},{\"@type\":\"WebSite\",\"@id\":\"https:\/\/sxflightcase.com\/th\/#website\",\"url\":\"https:\/\/sxflightcase.com\/th\/\",\"name\":\"sxpowercase.com\",\"description\":\"Flight Case Factory\",\"publisher\":{\"@id\":\"https:\/\/sxflightcase.com\/th\/#organization\"},\"potentialAction\":[{\"@type\":\"SearchAction\",\"target\":{\"@type\":\"EntryPoint\",\"urlTemplate\":\"https:\/\/sxflightcase.com\/th\/?s={search_term_string}\"},\"query-input\":{\"@type\":\"PropertyValueSpecification\",\"valueRequired\":true,\"valueName\":\"search_term_string\"}}],\"inLanguage\":\"de\"},{\"@type\":\"Organization\",\"@id\":\"https:\/\/sxflightcase.com\/th\/#organization\",\"name\":\"sxpowercase.com\",\"url\":\"https:\/\/sxflightcase.com\/th\/\",\"logo\":{\"@type\":\"ImageObject\",\"inLanguage\":\"de\",\"@id\":\"https:\/\/sxflightcase.com\/th\/#\/schema\/logo\/image\/\",\"url\":\"https:\/\/sxflightcase.com\/wp-content\/uploads\/2024\/04\/1713919036007.jpg\",\"contentUrl\":\"https:\/\/sxflightcase.com\/wp-content\/uploads\/2024\/04\/1713919036007.jpg\",\"width\":382,\"height\":388,\"caption\":\"sxpowercase.com\"},\"image\":{\"@id\":\"https:\/\/sxflightcase.com\/th\/#\/schema\/logo\/image\/\"},\"sameAs\":[\"https:\/\/www.facebook.com\/profile.php?id=61560407257971\"],\"numberOfEmployees\":{\"@type\":\"QuantitativeValue\",\"minValue\":\"11\",\"maxValue\":\"50\"}}]}<\/script>\n<!-- \/ Yoast SEO Premium plugin. -->","yoast_head_json":{"title":"MP 19 Inch Rack Mount Enclosure - https:\/\/sxflightcase.com \ud83d\udc97","description":"19-Zoll-Geh\u00e4use f\u00fcr die Rackmontage: Entdecken Sie unsere werkseitigen Optionen f\u00fcr eine professionelle Anpassung, die eine optimale Organisation und den Schutz Ihrer Ger\u00e4te gew\u00e4hrleistet.","robots":{"index":"index","follow":"follow","max-snippet":"max-snippet:-1","max-image-preview":"max-image-preview:large","max-video-preview":"max-video-preview:-1"},"canonical":"https:\/\/sxflightcase.com\/de\/\u0645\u0646\u062a\u062c\/\u0636\u0645\u064a\u0645\u0629-\u0645\u062b\u0628\u062a\u0629-\u0639\u0644\u0649-\u062d\u0627\u0645\u0644-19-\u0628\u0648\u0635\u0629-2\/","og_locale":"de_DE","og_type":"article","og_title":"MP 19 Inch Rack Mount Enclosure","og_description":"19 Inch Rack Mount Enclosure: Explore our factory-direct options for professional customization, ensuring optimal organization and protection of your equipment.","og_url":"https:\/\/sxflightcase.com\/de\/\u0645\u0646\u062a\u062c\/\u0636\u0645\u064a\u0645\u0629-\u0645\u062b\u0628\u062a\u0629-\u0639\u0644\u0649-\u062d\u0627\u0645\u0644-19-\u0628\u0648\u0635\u0629-2\/","og_site_name":"https:\/\/sxflightcase.com","article_publisher":"https:\/\/www.facebook.com\/profile.php?id=61560407257971","article_modified_time":"2024-06-26T09:14:35+00:00","og_image":[{"width":750,"height":750,"url":"https:\/\/sxflightcase.com\/wp-content\/uploads\/2024\/05\/19-inch-rack-mount-enclosure58212769315.webp","type":"image\/webp"}],"twitter_card":"summary_large_image","twitter_misc":{"Gesch\u00e4tzte Lesezeit":"4\u00a0Minuten"},"schema":{"@context":"https:\/\/schema.org","@graph":[{"@type":"WebPage","@id":"https:\/\/sxflightcase.com\/ary\/\u0645\u0646\u062a\u062c\/\u0636\u0645\u064a\u0645\u0629-\u0645\u062b\u0628\u062a\u0629-\u0639\u0644\u0649-\u062d\u0627\u0645\u0644-19-\u0628\u0648\u0635\u0629-2\/","url":"https:\/\/sxflightcase.com\/ary\/\u0645\u0646\u062a\u062c\/\u0636\u0645\u064a\u0645\u0629-\u0645\u062b\u0628\u062a\u0629-\u0639\u0644\u0649-\u062d\u0627\u0645\u0644-19-\u0628\u0648\u0635\u0629-2\/","name":"MP 19 Inch Rack Mount Enclosure - https:\/\/sxflightcase.com \ud83d\udc97","isPartOf":{"@id":"https:\/\/sxflightcase.com\/th\/#website"},"primaryImageOfPage":{"@id":"https:\/\/sxflightcase.com\/ary\/\u0645\u0646\u062a\u062c\/\u0636\u0645\u064a\u0645\u0629-\u0645\u062b\u0628\u062a\u0629-\u0639\u0644\u0649-\u062d\u0627\u0645\u0644-19-\u0628\u0648\u0635\u0629-2\/#primaryimage"},"image":{"@id":"https:\/\/sxflightcase.com\/ary\/\u0645\u0646\u062a\u062c\/\u0636\u0645\u064a\u0645\u0629-\u0645\u062b\u0628\u062a\u0629-\u0639\u0644\u0649-\u062d\u0627\u0645\u0644-19-\u0628\u0648\u0635\u0629-2\/#primaryimage"},"thumbnailUrl":"https:\/\/sxflightcase.com\/wp-content\/uploads\/2024\/05\/19-inch-rack-mount-enclosure58212769315.webp","datePublished":"2024-05-10T02:09:46+00:00","dateModified":"2024-06-26T09:14:35+00:00","description":"19-Zoll-Geh\u00e4use f\u00fcr die Rackmontage: Entdecken Sie unsere werkseitigen Optionen f\u00fcr eine professionelle Anpassung, die eine optimale Organisation und den Schutz Ihrer Ger\u00e4te gew\u00e4hrleistet.","breadcrumb":{"@id":"https:\/\/sxflightcase.com\/ary\/\u0645\u0646\u062a\u062c\/\u0636\u0645\u064a\u0645\u0629-\u0645\u062b\u0628\u062a\u0629-\u0639\u0644\u0649-\u062d\u0627\u0645\u0644-19-\u0628\u0648\u0635\u0629-2\/#breadcrumb"},"inLanguage":"de","potentialAction":[{"@type":"ReadAction","target":["https:\/\/sxflightcase.com\/ary\/\u0645\u0646\u062a\u062c\/\u0636\u0645\u064a\u0645\u0629-\u0645\u062b\u0628\u062a\u0629-\u0639\u0644\u0649-\u062d\u0627\u0645\u0644-19-\u0628\u0648\u0635\u0629-2\/"]}]},{"@type":"ImageObject","inLanguage":"de","@id":"https:\/\/sxflightcase.com\/ary\/\u0645\u0646\u062a\u062c\/\u0636\u0645\u064a\u0645\u0629-\u0645\u062b\u0628\u062a\u0629-\u0639\u0644\u0649-\u062d\u0627\u0645\u0644-19-\u0628\u0648\u0635\u0629-2\/#primaryimage","url":"https:\/\/sxflightcase.com\/wp-content\/uploads\/2024\/05\/19-inch-rack-mount-enclosure58212769315.webp","contentUrl":"https:\/\/sxflightcase.com\/wp-content\/uploads\/2024\/05\/19-inch-rack-mount-enclosure58212769315.webp","width":750,"height":750,"caption":"19 Inch Rack Mount Enclosure"},{"@type":"BreadcrumbList","@id":"https:\/\/sxflightcase.com\/ary\/\u0645\u0646\u062a\u062c\/\u0636\u0645\u064a\u0645\u0629-\u0645\u062b\u0628\u062a\u0629-\u0639\u0644\u0649-\u062d\u0627\u0645\u0644-19-\u0628\u0648\u0635\u0629-2\/#breadcrumb","itemListElement":[{"@type":"ListItem","position":1,"name":"Home","item":"https:\/\/sxflightcase.com\/"},{"@type":"ListItem","position":2,"name":"\u0e2a\u0e34\u0e19\u0e04\u0e49\u0e32","item":"https:\/\/sxflightcase.com\/th\/shop\/"},{"@type":"ListItem","position":3,"name":"MP 19 Inch Rack Mount Enclosure"}]},{"@type":"WebSite","@id":"https:\/\/sxflightcase.com\/th\/#website","url":"https:\/\/sxflightcase.com\/th\/","name":"www.sxpowercase.com","description":"Flight Case Fabrik","publisher":{"@id":"https:\/\/sxflightcase.com\/th\/#organization"},"potentialAction":[{"@type":"SearchAction","target":{"@type":"EntryPoint","urlTemplate":"https:\/\/sxflightcase.com\/th\/?s={search_term_string}"},"query-input":{"@type":"PropertyValueSpecification","valueRequired":true,"valueName":"search_term_string"}}],"inLanguage":"de"},{"@type":"Organization","@id":"https:\/\/sxflightcase.com\/th\/#organization","name":"www.sxpowercase.com","url":"https:\/\/sxflightcase.com\/th\/","logo":{"@type":"ImageObject","inLanguage":"de","@id":"https:\/\/sxflightcase.com\/th\/#\/schema\/logo\/image\/","url":"https:\/\/sxflightcase.com\/wp-content\/uploads\/2024\/04\/1713919036007.jpg","contentUrl":"https:\/\/sxflightcase.com\/wp-content\/uploads\/2024\/04\/1713919036007.jpg","width":382,"height":388,"caption":"sxpowercase.com"},"image":{"@id":"https:\/\/sxflightcase.com\/th\/#\/schema\/logo\/image\/"},"sameAs":["https:\/\/www.facebook.com\/profile.php?id=61560407257971"],"numberOfEmployees":{"@type":"QuantitativeValue","minValue":"11","maxValue":"50"}}]}},"_links":{"self":[{"href":"https:\/\/sxflightcase.com\/de\/wp-json\/wp\/v2\/product\/1632","targetHints":{"allow":["GET"]}}],"collection":[{"href":"https:\/\/sxflightcase.com\/de\/wp-json\/wp\/v2\/product"}],"about":[{"href":"https:\/\/sxflightcase.com\/de\/wp-json\/wp\/v2\/types\/product"}],"replies":[{"embeddable":true,"href":"https:\/\/sxflightcase.com\/de\/wp-json\/wp\/v2\/comments?post=1632"}],"version-history":[{"count":0,"href":"https:\/\/sxflightcase.com\/de\/wp-json\/wp\/v2\/product\/1632\/revisions"}],"wp:featuredmedia":[{"embeddable":true,"href":"https:\/\/sxflightcase.com\/de\/wp-json\/wp\/v2\/media\/1633"}],"wp:attachment":[{"href":"https:\/\/sxflightcase.com\/de\/wp-json\/wp\/v2\/media?parent=1632"}],"wp:term":[{"taxonomy":"product_brand","embeddable":true,"href":"https:\/\/sxflightcase.com\/de\/wp-json\/wp\/v2\/product_brand?post=1632"},{"taxonomy":"product_cat","embeddable":true,"href":"https:\/\/sxflightcase.com\/de\/wp-json\/wp\/v2\/product_cat?post=1632"},{"taxonomy":"product_tag","embeddable":true,"href":"https:\/\/sxflightcase.com\/de\/wp-json\/wp\/v2\/product_tag?post=1632"}],"curies":[{"name":"wp","href":"https:\/\/api.w.org\/{rel}","templated":true}]}}