{"id":1673,"date":"2024-05-10T03:49:46","date_gmt":"2024-05-10T02:49:46","guid":{"rendered":"https:\/\/sxpowercase.com\/?post_type=product&#038;p=1673"},"modified":"2024-07-16T02:59:52","modified_gmt":"2024-07-16T01:59:52","slug":"6u-flight-case","status":"publish","type":"product","link":"https:\/\/sxflightcase.com\/de\/produkt\/6u-flightcase\/","title":{"rendered":"FP 6u Flightcase"},"content":{"rendered":"<p><strong>Produktparameter (Spezifikation)<\/strong><\/p>\n<section class=\"table-wrap\">\n<table class=\"table\" width=\"100%\" cellspacing=\"0\" cellpadding=\"0\">\n<tbody>\n<tr class=\"firstRow\">\n<td width=\"134\">Produktname:<\/td>\n<td width=\"503\">6u Flightcase<\/td>\n<\/tr>\n<tr>\n<td width=\"134\">Material:<\/td>\n<td width=\"503\">9 mm Sperrholz + verchromte\/verzinkte Beschl\u00e4ge + Aluminium-Strangpressprofil<\/td>\n<\/tr>\n<tr>\n<td width=\"134\">Schaumstoffauskleidung:<\/td>\n<td width=\"503\">Perlenschaum \/ EVA-Schaum \/ Eierschaum usw. \u2026 normal oder auf Anfrage<\/td>\n<\/tr>\n<tr>\n<td width=\"134\">Farbe:<\/td>\n<td width=\"503\">Schwarz (Standardfarbe), Rot, Blau, Orange, Gelb, Gr\u00fcn usw.<\/td>\n<\/tr>\n<tr>\n<td width=\"134\">Vorlaufzeit:<\/td>\n<td width=\"503\">Musterbestellung 3 Tage, Normalbestellung 7-15 Tage<\/td>\n<\/tr>\n<tr>\n<td width=\"134\">Dimension:<\/td>\n<td width=\"503\">Abh\u00e4ngig von der Ger\u00e4tegr\u00f6\u00dfe<\/td>\n<\/tr>\n<\/tbody>\n<\/table>\n<\/section>\n<h1>SX 6U Flight Case: Ultimativer Schutz f\u00fcr Ihre Ausr\u00fcstung<\/h1>\n<h2>Langlebig und ger\u00e4umig<\/h2>\n<p>Der <a title=\"SX\" href=\"https:\/\/sxpowercase.com\/\" target=\"_blank\" rel=\"noopener\" data-wpil-monitor-id=\"473\">SX<\/a> 6U Flight Case wurde entwickelt, um den ultimativen Schutz f\u00fcr Ihre wertvolle Ausr\u00fcstung zu bieten. Mit sechs Rack-Einheiten bietet dieses Flight Case ausreichend Platz f\u00fcr Ihre gesamte Ausr\u00fcstung. Egal, ob Sie Musiker, Tontechniker oder DJ sind, dieses Case sorgt daf\u00fcr, dass Ihr Equipment w\u00e4hrend des Transports sicher und organisiert bleibt.<\/p>\n<h2>Direktverkauf ab Werk f\u00fcr ein hervorragendes Preis-Leistungs-Verh\u00e4ltnis<\/h2>\n<h3>Maximale Einsparungen<\/h3>\n<p>Wir bei SX glauben daran, qualitativ hochwertige Produkte zu den bestm\u00f6glichen Preisen anzubieten. Durch den Direktvertrieb ab Werk k\u00f6nnen wir den Zwischenh\u00e4ndler ausschalten und die Einsparungen direkt an Sie weitergeben. Auf diese Weise k\u00f6nnen wir das 6U Flight Case zu einem unschlagbaren Preis anbieten und sicherstellen, dass Sie einen au\u00dfergew\u00f6hnlichen Wert erhalten, ohne Kompromisse bei der Qualit\u00e4t einzugehen.<\/p>\n<h2>Anpassung an Ihre Bed\u00fcrfnisse<\/h2>\n<h3>Personalisierter Schutz<\/h3>\n<p>Jeder Profi hat seine eigenen Anforderungen, und das SX 6U Flight Case kann an diese Bed\u00fcrfnisse angepasst werden. Ganz gleich, ob Sie zus\u00e4tzliche Polsterung, spezielle F\u00e4cherkonfigurationen oder individuelle Abmessungen ben\u00f6tigen, unser Anpassungsservice sorgt daf\u00fcr, dass Ihr Flightcase perfekt auf Ihre Ausr\u00fcstung zugeschnitten ist. Sch\u00fctzen Sie Ihre Ausr\u00fcstung mit einem speziell f\u00fcr Sie entwickelten Koffer.<\/p>\n<h2>Verbessern Sie Ihr professionelles Image<\/h2>\n<h3>Schlankes und zuverl\u00e4ssiges Design<\/h3>\n<p>Das SX 6U Flight Case bietet nicht nur hervorragenden Schutz, sondern tr\u00e4gt auch zu Ihrem professionellen Image bei. Sein schlankes, robustes Design demonstriert Ihr Engagement f\u00fcr Qualit\u00e4t und Zuverl\u00e4ssigkeit. Hinterlassen Sie bei Kunden und Kollegen einen bleibenden Eindruck mit einem Flightcase, das so professionell aussieht wie die Ger\u00e4te, die es sch\u00fctzt.<\/p>\n<hr \/>\n<h2>Warum SX w\u00e4hlen?<\/h2>\n<p>Wenn Sie sich f\u00fcr das SX 6U Flight Case entscheiden, investieren Sie in ein Produkt, das hervorragenden Schutz, individuelle Anpassung und Wertigkeit vereint. Unser Direktvertriebsmodell in Kombination mit unserem Engagement f\u00fcr hochwertige Materialien garantiert ein Flightcase, das Ihre Erwartungen erf\u00fcllt und \u00fcbertrifft. Verbessern Sie Ihr Gesch\u00e4ft mit einem Flightcase, das den Strapazen des Reisens standh\u00e4lt und gleichzeitig ein professionelles Aussehen bewahrt.<\/p>\n<p>Kontaktieren Sie uns noch heute, um mehr \u00fcber unser 6U Flight Case zu erfahren und zu entdecken, wie Sie von unseren Anpassungsoptionen profitieren k\u00f6nnen. Vertrauen Sie SX bei all Ihren Anforderungen an Flightcases und erleben Sie den Unterschied, den Qualit\u00e4t und Wert ausmachen.<\/p>\n<p><strong>H\u00e4ufig gestellte Fragen<\/strong><\/p>\n<p>F: K\u00f6nnen Sie OEM und ODM?<\/p>\n<p>A: Ja, OEM und ODM sind beide akzeptabel. Material, Farbe und Stil k\u00f6nnen angepasst werden. Die Grundmenge teilen wir Ihnen nach der Besprechung mit.<\/p>\n<p>F: Darf ich wissen, welches der n\u00e4chstgelegene Seehafen von Ihrem Unternehmen ist, falls ich Ihr Unternehmen besuchen m\u00f6chte?<\/p>\n<p>A: Zuerst Huangpu Seehafen, dann Shenzhen oder Nansha Seehafen, willkommen bei uns.<\/p>\n<p>F: Wie lauten die Zahlungsbedingungen?<\/p>\n<p>A: T.T with 30% down payment, 70%before shipment or West Union also accept.<\/p>\n<p><strong>Unser Service<\/strong><\/p>\n<p>1. Mehr professioneller Service im Bereich des Exports von Verpackungs- und Druckprodukten<\/p>\n<p>2. Bessere Herstellungsf\u00e4higkeit<\/p>\n<p>3. Verschiedene Zahlungsbedingungen zur Auswahl: T\/T, Western Union<\/p>\n<p>Hot Tags: Niedriger Preis, auf Lager, kostenlose Probe, Strom- und Signalkabel, 16 Gauge 4-Leiter-Kabel, Mikrofonst\u00e4ndergeh\u00e4use, Outdoor-LED-Vitrine, Rackmontage, 19-Zoll-Rackmount-Mixer-Flightcases, elektrische Verteilerbox, China, Lieferanten, Fabrik, kundenspezifisch, Gro\u00dfhandel, <span style=\"color: #993366;\"><a style=\"color: #993366;\" href=\"https:\/\/sxflightcase.com\/de\/product-category\/all-product\/power-distribution-boxes\/\">Stromk\u00e4sten<\/a>,\u00a0<a style=\"color: #993366;\" href=\"https:\/\/sxflightcase.com\/de\/product-category\/all-product\/hoist-controllers\/\">Stromkabel<\/a>,\u00a0<a style=\"color: #993366;\" href=\"https:\/\/sxflightcase.com\/de\/product-category\/all-product\/hoist-controllers\/\">Hubwerkssteuerungen<\/a>,\u00a0<a style=\"color: #993366;\" href=\"https:\/\/sxflightcase.com\/de\/product-category\/all-product\/flight-case\/\">Flightcases.<\/a><\/span><\/p>","protected":false},"excerpt":{"rendered":"<h2 class=\"prodetails-name\">6u Flight Case<\/h2>\n<p>Wir sind ein Gro\u00dfh\u00e4ndler f\u00fcr alle Arten von <a class=\"wpil_keyword_link\" title=\"Flightcase\" href=\"https:\/\/sxpowercase.com\/product-category\/all-product\/flight-case\/\" target=\"_blank\" rel=\"noopener\" data-wpil-keyword-link=\"linked\" data-wpil-monitor-id=\"401\">Flightcase<\/a>Wir liefern das 6U Flightcase mit vorh\u00e4ngeschlie\u00dfbaren Verschl\u00fcssen, die f\u00fcr Sicherheit sorgen. Die intelligenten, stapelbaren Ecken erm\u00f6glichen es Ihnen, mehrere Cases mit gro\u00dfer Stabilit\u00e4t \u00fcbereinander zu stellen, und die eingelassenen Griffe sind bequem zu tragen.<\/p>\n<h2><strong>Produktionseinf\u00fchrung<\/strong><\/h2>\n<p>Dieses 6u-Fluggeh\u00e4use wurde aus hochwertigen Materialien entwickelt, die aus Sperrholzlaminat, Schaumstoffauskleidung, Aluminiumprofilen und hochwertiger Hardware bestehen.<\/p>","protected":false},"featured_media":1676,"comment_status":"open","ping_status":"closed","template":"","meta":[],"product_brand":[],"product_cat":[35],"product_tag":[53],"class_list":{"0":"post-1673","1":"product","2":"type-product","3":"status-publish","4":"has-post-thumbnail","6":"product_cat-standard-rack-cases","7":"product_tag-fp","9":"first","10":"instock","11":"shipping-taxable","12":"product-type-simple"},"yoast_head":"<!-- This site is optimized with the Yoast SEO Premium plugin v27.1 (Yoast SEO v27.2) - https:\/\/yoast.com\/product\/yoast-seo-premium-wordpress\/ -->\n<title>FP 6u Flight Case - https:\/\/sxflightcase.com \ud83d\udc97<\/title>\n<meta name=\"description\" content=\"6u Flight Case: Explore our factory-direct options for professional customization, ensuring optimal organization and protection of your equipment.\" \/>\n<meta name=\"robots\" content=\"index, follow, max-snippet:-1, max-image-preview:large, max-video-preview:-1\" \/>\n<link rel=\"canonical\" href=\"https:\/\/sxflightcase.com\/de\/\u7522\u54c1\/6u-\u6a5f\u7bb1\/\" \/>\n<meta property=\"og:locale\" content=\"de_DE\" \/>\n<meta property=\"og:type\" content=\"article\" \/>\n<meta property=\"og:title\" content=\"FP 6u Flight Case\" \/>\n<meta property=\"og:description\" content=\"6u Flight Case: Explore our factory-direct options for professional customization, ensuring optimal organization and protection of your equipment.\" \/>\n<meta property=\"og:url\" content=\"https:\/\/sxflightcase.com\/de\/\u7522\u54c1\/6u-\u6a5f\u7bb1\/\" \/>\n<meta property=\"og:site_name\" content=\"https:\/\/sxflightcase.com\" \/>\n<meta property=\"article:publisher\" content=\"https:\/\/www.facebook.com\/profile.php?id=61560407257971\" \/>\n<meta property=\"article:modified_time\" content=\"2024-07-16T01:59:52+00:00\" \/>\n<meta property=\"og:image\" content=\"https:\/\/sxflightcase.com\/wp-content\/uploads\/2024\/05\/6u-flight-case49558055117.webp\" \/>\n\t<meta property=\"og:image:width\" content=\"750\" \/>\n\t<meta property=\"og:image:height\" content=\"750\" \/>\n\t<meta property=\"og:image:type\" content=\"image\/webp\" \/>\n<meta name=\"twitter:card\" content=\"summary_large_image\" \/>\n<meta name=\"twitter:label1\" content=\"Gesch\u00e4tzte Lesezeit\" \/>\n\t<meta name=\"twitter:data1\" content=\"4\u00a0Minuten\" \/>\n<script type=\"application\/ld+json\" class=\"yoast-schema-graph\">{\"@context\":\"https:\/\/schema.org\",\"@graph\":[{\"@type\":\"WebPage\",\"@id\":\"https:\/\/sxflightcase.com\/zh_hk\/\u7522\u54c1\/6u-\u6a5f\u7bb1\/\",\"url\":\"https:\/\/sxflightcase.com\/zh_hk\/\u7522\u54c1\/6u-\u6a5f\u7bb1\/\",\"name\":\"FP 6u Flight Case - https:\/\/sxflightcase.com \ud83d\udc97\",\"isPartOf\":{\"@id\":\"https:\/\/sxflightcase.com\/th\/#website\"},\"primaryImageOfPage\":{\"@id\":\"https:\/\/sxflightcase.com\/zh_hk\/\u7522\u54c1\/6u-\u6a5f\u7bb1\/#primaryimage\"},\"image\":{\"@id\":\"https:\/\/sxflightcase.com\/zh_hk\/\u7522\u54c1\/6u-\u6a5f\u7bb1\/#primaryimage\"},\"thumbnailUrl\":\"https:\/\/sxflightcase.com\/wp-content\/uploads\/2024\/05\/6u-flight-case49558055117.webp\",\"datePublished\":\"2024-05-10T02:49:46+00:00\",\"dateModified\":\"2024-07-16T01:59:52+00:00\",\"description\":\"6u Flight Case: Explore our factory-direct options for professional customization, ensuring optimal organization and protection of your equipment.\",\"breadcrumb\":{\"@id\":\"https:\/\/sxflightcase.com\/zh_hk\/\u7522\u54c1\/6u-\u6a5f\u7bb1\/#breadcrumb\"},\"inLanguage\":\"de\",\"potentialAction\":[{\"@type\":\"ReadAction\",\"target\":[\"https:\/\/sxflightcase.com\/zh_hk\/\u7522\u54c1\/6u-\u6a5f\u7bb1\/\"]}]},{\"@type\":\"ImageObject\",\"inLanguage\":\"de\",\"@id\":\"https:\/\/sxflightcase.com\/zh_hk\/\u7522\u54c1\/6u-\u6a5f\u7bb1\/#primaryimage\",\"url\":\"https:\/\/sxflightcase.com\/wp-content\/uploads\/2024\/05\/6u-flight-case49558055117.webp\",\"contentUrl\":\"https:\/\/sxflightcase.com\/wp-content\/uploads\/2024\/05\/6u-flight-case49558055117.webp\",\"width\":750,\"height\":750,\"caption\":\"6u Flight Case\"},{\"@type\":\"BreadcrumbList\",\"@id\":\"https:\/\/sxflightcase.com\/zh_hk\/\u7522\u54c1\/6u-\u6a5f\u7bb1\/#breadcrumb\",\"itemListElement\":[{\"@type\":\"ListItem\",\"position\":1,\"name\":\"Home\",\"item\":\"https:\/\/sxflightcase.com\/\"},{\"@type\":\"ListItem\",\"position\":2,\"name\":\"\u0e2a\u0e34\u0e19\u0e04\u0e49\u0e32\",\"item\":\"https:\/\/sxflightcase.com\/th\/shop\/\"},{\"@type\":\"ListItem\",\"position\":3,\"name\":\"FP 6u Flight Case\"}]},{\"@type\":\"WebSite\",\"@id\":\"https:\/\/sxflightcase.com\/th\/#website\",\"url\":\"https:\/\/sxflightcase.com\/th\/\",\"name\":\"sxpowercase.com\",\"description\":\"Flight Case Factory\",\"publisher\":{\"@id\":\"https:\/\/sxflightcase.com\/th\/#organization\"},\"potentialAction\":[{\"@type\":\"SearchAction\",\"target\":{\"@type\":\"EntryPoint\",\"urlTemplate\":\"https:\/\/sxflightcase.com\/th\/?s={search_term_string}\"},\"query-input\":{\"@type\":\"PropertyValueSpecification\",\"valueRequired\":true,\"valueName\":\"search_term_string\"}}],\"inLanguage\":\"de\"},{\"@type\":\"Organization\",\"@id\":\"https:\/\/sxflightcase.com\/th\/#organization\",\"name\":\"sxpowercase.com\",\"url\":\"https:\/\/sxflightcase.com\/th\/\",\"logo\":{\"@type\":\"ImageObject\",\"inLanguage\":\"de\",\"@id\":\"https:\/\/sxflightcase.com\/th\/#\/schema\/logo\/image\/\",\"url\":\"https:\/\/sxflightcase.com\/wp-content\/uploads\/2024\/04\/1713919036007.jpg\",\"contentUrl\":\"https:\/\/sxflightcase.com\/wp-content\/uploads\/2024\/04\/1713919036007.jpg\",\"width\":382,\"height\":388,\"caption\":\"sxpowercase.com\"},\"image\":{\"@id\":\"https:\/\/sxflightcase.com\/th\/#\/schema\/logo\/image\/\"},\"sameAs\":[\"https:\/\/www.facebook.com\/profile.php?id=61560407257971\"],\"numberOfEmployees\":{\"@type\":\"QuantitativeValue\",\"minValue\":\"11\",\"maxValue\":\"50\"}}]}<\/script>\n<!-- \/ Yoast SEO Premium plugin. -->","yoast_head_json":{"title":"FP 6u Flight Case - https:\/\/sxflightcase.com \ud83d\udc97","description":"6u Flight Case: Entdecken Sie unsere werkseitigen Optionen f\u00fcr eine professionelle Anpassung, die eine optimale Organisation und einen optimalen Schutz Ihrer Ger\u00e4te gew\u00e4hrleistet.","robots":{"index":"index","follow":"follow","max-snippet":"max-snippet:-1","max-image-preview":"max-image-preview:large","max-video-preview":"max-video-preview:-1"},"canonical":"https:\/\/sxflightcase.com\/de\/\u7522\u54c1\/6u-\u6a5f\u7bb1\/","og_locale":"de_DE","og_type":"article","og_title":"FP 6u Flight Case","og_description":"6u Flight Case: Explore our factory-direct options for professional customization, ensuring optimal organization and protection of your equipment.","og_url":"https:\/\/sxflightcase.com\/de\/\u7522\u54c1\/6u-\u6a5f\u7bb1\/","og_site_name":"https:\/\/sxflightcase.com","article_publisher":"https:\/\/www.facebook.com\/profile.php?id=61560407257971","article_modified_time":"2024-07-16T01:59:52+00:00","og_image":[{"width":750,"height":750,"url":"https:\/\/sxflightcase.com\/wp-content\/uploads\/2024\/05\/6u-flight-case49558055117.webp","type":"image\/webp"}],"twitter_card":"summary_large_image","twitter_misc":{"Gesch\u00e4tzte Lesezeit":"4\u00a0Minuten"},"schema":{"@context":"https:\/\/schema.org","@graph":[{"@type":"WebPage","@id":"https:\/\/sxflightcase.com\/zh_hk\/\u7522\u54c1\/6u-\u6a5f\u7bb1\/","url":"https:\/\/sxflightcase.com\/zh_hk\/\u7522\u54c1\/6u-\u6a5f\u7bb1\/","name":"FP 6u Flight Case - https:\/\/sxflightcase.com \ud83d\udc97","isPartOf":{"@id":"https:\/\/sxflightcase.com\/th\/#website"},"primaryImageOfPage":{"@id":"https:\/\/sxflightcase.com\/zh_hk\/\u7522\u54c1\/6u-\u6a5f\u7bb1\/#primaryimage"},"image":{"@id":"https:\/\/sxflightcase.com\/zh_hk\/\u7522\u54c1\/6u-\u6a5f\u7bb1\/#primaryimage"},"thumbnailUrl":"https:\/\/sxflightcase.com\/wp-content\/uploads\/2024\/05\/6u-flight-case49558055117.webp","datePublished":"2024-05-10T02:49:46+00:00","dateModified":"2024-07-16T01:59:52+00:00","description":"6u Flight Case: Entdecken Sie unsere werkseitigen Optionen f\u00fcr eine professionelle Anpassung, die eine optimale Organisation und einen optimalen Schutz Ihrer Ger\u00e4te gew\u00e4hrleistet.","breadcrumb":{"@id":"https:\/\/sxflightcase.com\/zh_hk\/\u7522\u54c1\/6u-\u6a5f\u7bb1\/#breadcrumb"},"inLanguage":"de","potentialAction":[{"@type":"ReadAction","target":["https:\/\/sxflightcase.com\/zh_hk\/\u7522\u54c1\/6u-\u6a5f\u7bb1\/"]}]},{"@type":"ImageObject","inLanguage":"de","@id":"https:\/\/sxflightcase.com\/zh_hk\/\u7522\u54c1\/6u-\u6a5f\u7bb1\/#primaryimage","url":"https:\/\/sxflightcase.com\/wp-content\/uploads\/2024\/05\/6u-flight-case49558055117.webp","contentUrl":"https:\/\/sxflightcase.com\/wp-content\/uploads\/2024\/05\/6u-flight-case49558055117.webp","width":750,"height":750,"caption":"6u Flight Case"},{"@type":"BreadcrumbList","@id":"https:\/\/sxflightcase.com\/zh_hk\/\u7522\u54c1\/6u-\u6a5f\u7bb1\/#breadcrumb","itemListElement":[{"@type":"ListItem","position":1,"name":"Home","item":"https:\/\/sxflightcase.com\/"},{"@type":"ListItem","position":2,"name":"\u0e2a\u0e34\u0e19\u0e04\u0e49\u0e32","item":"https:\/\/sxflightcase.com\/th\/shop\/"},{"@type":"ListItem","position":3,"name":"FP 6u Flight Case"}]},{"@type":"WebSite","@id":"https:\/\/sxflightcase.com\/th\/#website","url":"https:\/\/sxflightcase.com\/th\/","name":"www.sxpowercase.com","description":"Flight Case Fabrik","publisher":{"@id":"https:\/\/sxflightcase.com\/th\/#organization"},"potentialAction":[{"@type":"SearchAction","target":{"@type":"EntryPoint","urlTemplate":"https:\/\/sxflightcase.com\/th\/?s={search_term_string}"},"query-input":{"@type":"PropertyValueSpecification","valueRequired":true,"valueName":"search_term_string"}}],"inLanguage":"de"},{"@type":"Organization","@id":"https:\/\/sxflightcase.com\/th\/#organization","name":"www.sxpowercase.com","url":"https:\/\/sxflightcase.com\/th\/","logo":{"@type":"ImageObject","inLanguage":"de","@id":"https:\/\/sxflightcase.com\/th\/#\/schema\/logo\/image\/","url":"https:\/\/sxflightcase.com\/wp-content\/uploads\/2024\/04\/1713919036007.jpg","contentUrl":"https:\/\/sxflightcase.com\/wp-content\/uploads\/2024\/04\/1713919036007.jpg","width":382,"height":388,"caption":"sxpowercase.com"},"image":{"@id":"https:\/\/sxflightcase.com\/th\/#\/schema\/logo\/image\/"},"sameAs":["https:\/\/www.facebook.com\/profile.php?id=61560407257971"],"numberOfEmployees":{"@type":"QuantitativeValue","minValue":"11","maxValue":"50"}}]}},"_links":{"self":[{"href":"https:\/\/sxflightcase.com\/de\/wp-json\/wp\/v2\/product\/1673","targetHints":{"allow":["GET"]}}],"collection":[{"href":"https:\/\/sxflightcase.com\/de\/wp-json\/wp\/v2\/product"}],"about":[{"href":"https:\/\/sxflightcase.com\/de\/wp-json\/wp\/v2\/types\/product"}],"replies":[{"embeddable":true,"href":"https:\/\/sxflightcase.com\/de\/wp-json\/wp\/v2\/comments?post=1673"}],"version-history":[{"count":0,"href":"https:\/\/sxflightcase.com\/de\/wp-json\/wp\/v2\/product\/1673\/revisions"}],"wp:featuredmedia":[{"embeddable":true,"href":"https:\/\/sxflightcase.com\/de\/wp-json\/wp\/v2\/media\/1676"}],"wp:attachment":[{"href":"https:\/\/sxflightcase.com\/de\/wp-json\/wp\/v2\/media?parent=1673"}],"wp:term":[{"taxonomy":"product_brand","embeddable":true,"href":"https:\/\/sxflightcase.com\/de\/wp-json\/wp\/v2\/product_brand?post=1673"},{"taxonomy":"product_cat","embeddable":true,"href":"https:\/\/sxflightcase.com\/de\/wp-json\/wp\/v2\/product_cat?post=1673"},{"taxonomy":"product_tag","embeddable":true,"href":"https:\/\/sxflightcase.com\/de\/wp-json\/wp\/v2\/product_tag?post=1673"}],"curies":[{"name":"wp","href":"https:\/\/api.w.org\/{rel}","templated":true}]}}