{"id":1683,"date":"2024-05-10T03:55:38","date_gmt":"2024-05-10T02:55:38","guid":{"rendered":"https:\/\/sxpowercase.com\/?post_type=product&#038;p=1683"},"modified":"2024-07-16T02:59:51","modified_gmt":"2024-07-16T01:59:51","slug":"4u-flight-case","status":"publish","type":"product","link":"https:\/\/sxflightcase.com\/de\/produkt\/4u-flightcase\/","title":{"rendered":"FP 4u Flightcase"},"content":{"rendered":"<p><strong>Produktparameter (Spezifikation)<\/strong><\/p>\n<section class=\"table-wrap\">\n<table class=\"table\" width=\"100%\" cellspacing=\"0\" cellpadding=\"0\">\n<tbody>\n<tr class=\"firstRow\">\n<td width=\"134\">Produktname:<\/td>\n<td width=\"503\">4u Flightcase<\/td>\n<\/tr>\n<tr>\n<td width=\"134\">Material:<\/td>\n<td width=\"503\">9 mm Sperrholz + verchromte\/verzinkte Beschl\u00e4ge + Aluminium-Strangpressprofil<\/td>\n<\/tr>\n<tr>\n<td width=\"134\">Schaumstoffauskleidung:<\/td>\n<td width=\"503\">Perlenschaum \/ EVA-Schaum \/ Eierschaum usw. \u2026 normal oder auf Anfrage<\/td>\n<\/tr>\n<tr>\n<td width=\"134\">Farbe:<\/td>\n<td width=\"503\">Schwarz (Standardfarbe), Rot, Blau, Orange, Gelb, Gr\u00fcn usw.<\/td>\n<\/tr>\n<tr>\n<td width=\"134\">Vorlaufzeit:<\/td>\n<td width=\"503\">Musterbestellung 3 Tage, Normalbestellung 7-15 Tage<\/td>\n<\/tr>\n<tr>\n<td width=\"134\">Dimension:<\/td>\n<td width=\"503\">Abh\u00e4ngig von der Ger\u00e4tegr\u00f6\u00dfe<\/td>\n<\/tr>\n<\/tbody>\n<\/table>\n<\/section>\n<h1>SX 4U Flight Case: Der ultimative Schutz f\u00fcr Ihre Ausr\u00fcstung<\/h1>\n<h2>Zuverl\u00e4ssiger Schutz f\u00fcr Ihre Ausr\u00fcstung<\/h2>\n<p>Wenn es um den Transport Ihrer wertvollen Ausr\u00fcstung geht, ist Zuverl\u00e4ssigkeit der Schl\u00fcssel. Der <a title=\"SX\" href=\"https:\/\/sxpowercase.com\/\" target=\"_blank\" rel=\"noopener\" data-wpil-monitor-id=\"471\">SX<\/a> 4U Flight Case bietet unvergleichlichen Schutz und sorgt daf\u00fcr, dass Ihre Ausr\u00fcstung w\u00e4hrend des Transports sicher bleibt. Dieses Flight Case ist aus strapazierf\u00e4higen Materialien gefertigt und h\u00e4lt auch den h\u00e4rtesten Bedingungen stand, sodass Musiker, Tontechniker und Veranstaltungsprofis beruhigt sein k\u00f6nnen.<\/p>\n<h2>Direktverkauf ab Werk f\u00fcr unschlagbare Preise<\/h2>\n<h3>Qualit\u00e4t zu wettbewerbsf\u00e4higen Preisen<\/h3>\n<p>Wir bei SX sind stolz darauf, qualitativ hochwertige Produkte zu wettbewerbsf\u00e4higen Preisen zu liefern. Durch den Direktvertrieb ab Werk k\u00f6nnen wir den Zwischenh\u00e4ndler ausschalten und das 4U Flight Case zu einem au\u00dfergew\u00f6hnlich g\u00fcnstigen Preis anbieten. Dieser Ansatz spart nicht nur Geld, sondern garantiert auch, dass Sie ein Produkt erhalten, das unseren strengen Qualit\u00e4tsstandards entspricht.<\/p>\n<h2>Anpassung an Ihre Bed\u00fcrfnisse<\/h2>\n<h3>Ma\u00dfgeschneiderte L\u00f6sungen f\u00fcr jeden Profi<\/h3>\n<p>Jedes professionelle Setup ist einzigartig. Deshalb bietet SX einen umfassenden Anpassungsservice f\u00fcr unser 4U Flight Case. Ganz gleich, ob Sie bestimmte Abmessungen, zus\u00e4tzliche Polsterung oder individuelle F\u00e4cher ben\u00f6tigen, wir k\u00f6nnen unsere Flightcases genau auf Ihre Anforderungen zuschneiden. Unser Ziel ist es, eine L\u00f6sung zu bieten, die perfekt zu Ihrer Ausr\u00fcstung passt und optimalen Schutz und Organisation gew\u00e4hrleistet.<\/p>\n<h2>Steigern Sie Ihr professionelles Image<\/h2>\n<h3>Langlebiges und stilvolles Design<\/h3>\n<p>Mit dem SX 4U Flight Case sch\u00fctzen Sie nicht nur Ihre Ausr\u00fcstung, sondern werten auch Ihr professionelles Image auf. Das schlanke und robuste Design unserer Flightcases unterstreicht Ihr Engagement f\u00fcr Qualit\u00e4t und Zuverl\u00e4ssigkeit. Beeindrucken Sie Ihre Kunden und Kollegen mit einem Flightcase, das genauso gut aussieht wie es funktioniert und daf\u00fcr sorgt, dass Ihre Ausr\u00fcstung sicher und stilvoll ankommt.<\/p>\n<hr \/>\n<h2>Warum SX w\u00e4hlen?<\/h2>\n<p>Wenn Sie sich f\u00fcr das SX 4U Flight Case entscheiden, investieren Sie in ein Produkt, das hervorragenden Schutz, individuelle Anpassung und Wert bietet. Unser Engagement f\u00fcr den Direktvertrieb ab Werk und die Verwendung hochwertiger Materialien gew\u00e4hrleistet, dass Sie das beste Produkt f\u00fcr Ihre Anforderungen erhalten. Werten Sie Ihr Unternehmen mit einem Flight Case auf, das den Strapazen des Reisens standh\u00e4lt und Ihre Professionalit\u00e4t unterstreicht.<\/p>\n<p>Nehmen Sie noch heute Kontakt mit uns auf, um mehr \u00fcber unser 4U Flight Case zu erfahren und wie Sie von unseren Anpassungsoptionen profitieren k\u00f6nnen. Vertrauen Sie SX bei all Ihren Anforderungen an Flightcases und erleben Sie den Unterschied, den Qualit\u00e4t und Wert ausmachen k\u00f6nnen.<\/p>\n<p><strong>H\u00e4ufig gestellte Fragen<\/strong><\/p>\n<p>F: Sind Sie ein Handelsunternehmen oder ein Hersteller?<\/p>\n<p>A: Wir sind ein professioneller Hersteller, der sich auf Flightcases und Stromverteilungsprodukte f\u00fcr Veranstaltungen spezialisiert hat. Und wir handeln unsere Produkte direkt mit unseren Kunden.<\/p>\n<p>F: K\u00f6nnen Sie OEM und ODM?<\/p>\n<p>A: Ja, OEM und ODM sind beide akzeptabel. Material, Farbe und Stil k\u00f6nnen angepasst werden. Die Grundmenge teilen wir Ihnen nach der Besprechung mit.<\/p>\n<p>F: K\u00f6nnen wir unser eigenes Logo verwenden?<\/p>\n<p>A: Ja, wir k\u00f6nnen Ihr privates Logo entsprechend Ihrer Anfrage drucken.<\/p>\n<p>Hot Tags: Niedriger Preis, auf Lager, kostenlose Probe, Strom- und Signalkabel, 16 Gauge 4-Leiter-Kabel, Mikrofonst\u00e4ndergeh\u00e4use, Outdoor-LED-Vitrine, Rackmontage, 19-Zoll-Rackmount-Mixer-Flightcases, elektrische Verteilerbox, China, Lieferanten, Fabrik, kundenspezifisch, Gro\u00dfhandel, <span style=\"color: #993366;\"><a style=\"color: #993366;\" href=\"https:\/\/sxflightcase.com\/de\/product-category\/all-product\/power-distribution-boxes\/\">Stromk\u00e4sten<\/a>,\u00a0<a style=\"color: #993366;\" href=\"https:\/\/sxflightcase.com\/de\/product-category\/all-product\/hoist-controllers\/\">Stromkabel<\/a>,\u00a0<a style=\"color: #993366;\" href=\"https:\/\/sxflightcase.com\/de\/product-category\/all-product\/hoist-controllers\/\">Hubwerkssteuerungen<\/a>,\u00a0<a style=\"color: #993366;\" href=\"https:\/\/sxflightcase.com\/de\/product-category\/all-product\/flight-case\/\">Flightcases.<\/a><\/span><\/p>","protected":false},"excerpt":{"rendered":"<h2 class=\"prodetails-name\">4u Flight Case<\/h2>\n<p>Wir liefern 4u Flightcases, um teure Ger\u00e4te und Ausr\u00fcstungen w\u00e4hrend des Gebrauchs, der Verpackung, der Lagerung und des Transports zuverl\u00e4ssig zu sch\u00fctzen.<\/p>\n<h2><strong>Produktionseinf\u00fchrung<\/strong><\/h2>\n<p>Dieses 4-Raum-Flightcase ist aus hochwertigen Materialien gefertigt, verf\u00fcgt \u00fcber eine hochbelastbare Rackleiste aus Stahl und optionale Ausstattungsmerkmale wie Rollen, Kufen, Etikettenschalen und Deckeltiefen und eignet sich perfekt f\u00fcr die Best\u00fcckung mit Rack-Montage-Equipment wie PA-Verst\u00e4rkern, Prozessoren, Rack-Schubladen und Effektger\u00e4ten.<\/p>","protected":false},"featured_media":1684,"comment_status":"open","ping_status":"closed","template":"","meta":[],"product_brand":[],"product_cat":[35],"product_tag":[53],"class_list":{"0":"post-1683","1":"product","2":"type-product","3":"status-publish","4":"has-post-thumbnail","6":"product_cat-standard-rack-cases","7":"product_tag-fp","9":"first","10":"instock","11":"shipping-taxable","12":"product-type-simple"},"yoast_head":"<!-- This site is optimized with the Yoast SEO Premium plugin v27.1 (Yoast SEO v27.2) - https:\/\/yoast.com\/product\/yoast-seo-premium-wordpress\/ -->\n<title>FP 4u Flight Case Manufacture - https:\/\/sxflightcase.com<\/title>\n<meta name=\"description\" content=\"4u Flight Case Manufacture: Discover our factory-direct options for professional-grade equipment protection and organization.\" \/>\n<meta name=\"robots\" content=\"index, follow, max-snippet:-1, max-image-preview:large, max-video-preview:-1\" \/>\n<link rel=\"canonical\" href=\"https:\/\/sxflightcase.com\/de\/produkt\/4u-flight-case\/\" \/>\n<meta property=\"og:locale\" content=\"de_DE\" \/>\n<meta property=\"og:type\" content=\"article\" \/>\n<meta property=\"og:title\" content=\"FP 4u Flight Case\" \/>\n<meta property=\"og:description\" content=\"4u Flight Case Manufacture: Discover our factory-direct options for professional-grade equipment protection and organization.\" \/>\n<meta property=\"og:url\" content=\"https:\/\/sxflightcase.com\/de\/produkt\/4u-flight-case\/\" \/>\n<meta property=\"og:site_name\" content=\"https:\/\/sxflightcase.com\" \/>\n<meta property=\"article:publisher\" content=\"https:\/\/www.facebook.com\/profile.php?id=61560407257971\" \/>\n<meta property=\"article:modified_time\" content=\"2024-07-16T01:59:51+00:00\" \/>\n<meta property=\"og:image\" content=\"https:\/\/sxflightcase.com\/wp-content\/uploads\/2024\/05\/4u-flight-case14545683226.webp\" \/>\n\t<meta property=\"og:image:width\" content=\"750\" \/>\n\t<meta property=\"og:image:height\" content=\"750\" \/>\n\t<meta property=\"og:image:type\" content=\"image\/webp\" \/>\n<meta name=\"twitter:card\" content=\"summary_large_image\" \/>\n<meta name=\"twitter:label1\" content=\"Gesch\u00e4tzte Lesezeit\" \/>\n\t<meta name=\"twitter:data1\" content=\"4\u00a0Minuten\" \/>\n<script type=\"application\/ld+json\" class=\"yoast-schema-graph\">{\"@context\":\"https:\/\/schema.org\",\"@graph\":[{\"@type\":\"WebPage\",\"@id\":\"https:\/\/sxflightcase.com\/da\/produkt\/4u-flight-case\/\",\"url\":\"https:\/\/sxflightcase.com\/da\/produkt\/4u-flight-case\/\",\"name\":\"FP 4u Flight Case Manufacture - https:\/\/sxflightcase.com\",\"isPartOf\":{\"@id\":\"https:\/\/sxflightcase.com\/th\/#website\"},\"primaryImageOfPage\":{\"@id\":\"https:\/\/sxflightcase.com\/da\/produkt\/4u-flight-case\/#primaryimage\"},\"image\":{\"@id\":\"https:\/\/sxflightcase.com\/da\/produkt\/4u-flight-case\/#primaryimage\"},\"thumbnailUrl\":\"https:\/\/sxflightcase.com\/wp-content\/uploads\/2024\/05\/4u-flight-case14545683226.webp\",\"datePublished\":\"2024-05-10T02:55:38+00:00\",\"dateModified\":\"2024-07-16T01:59:51+00:00\",\"description\":\"4u Flight Case Manufacture: Discover our factory-direct options for professional-grade equipment protection and organization.\",\"breadcrumb\":{\"@id\":\"https:\/\/sxflightcase.com\/da\/produkt\/4u-flight-case\/#breadcrumb\"},\"inLanguage\":\"de\",\"potentialAction\":[{\"@type\":\"ReadAction\",\"target\":[\"https:\/\/sxflightcase.com\/da\/produkt\/4u-flight-case\/\"]}]},{\"@type\":\"ImageObject\",\"inLanguage\":\"de\",\"@id\":\"https:\/\/sxflightcase.com\/da\/produkt\/4u-flight-case\/#primaryimage\",\"url\":\"https:\/\/sxflightcase.com\/wp-content\/uploads\/2024\/05\/4u-flight-case14545683226.webp\",\"contentUrl\":\"https:\/\/sxflightcase.com\/wp-content\/uploads\/2024\/05\/4u-flight-case14545683226.webp\",\"width\":750,\"height\":750,\"caption\":\"4u Flight Case\"},{\"@type\":\"BreadcrumbList\",\"@id\":\"https:\/\/sxflightcase.com\/da\/produkt\/4u-flight-case\/#breadcrumb\",\"itemListElement\":[{\"@type\":\"ListItem\",\"position\":1,\"name\":\"Home\",\"item\":\"https:\/\/sxflightcase.com\/\"},{\"@type\":\"ListItem\",\"position\":2,\"name\":\"\u0e2a\u0e34\u0e19\u0e04\u0e49\u0e32\",\"item\":\"https:\/\/sxflightcase.com\/th\/shop\/\"},{\"@type\":\"ListItem\",\"position\":3,\"name\":\"FP 4u Flight Case\"}]},{\"@type\":\"WebSite\",\"@id\":\"https:\/\/sxflightcase.com\/th\/#website\",\"url\":\"https:\/\/sxflightcase.com\/th\/\",\"name\":\"sxpowercase.com\",\"description\":\"Flight Case Factory\",\"publisher\":{\"@id\":\"https:\/\/sxflightcase.com\/th\/#organization\"},\"potentialAction\":[{\"@type\":\"SearchAction\",\"target\":{\"@type\":\"EntryPoint\",\"urlTemplate\":\"https:\/\/sxflightcase.com\/th\/?s={search_term_string}\"},\"query-input\":{\"@type\":\"PropertyValueSpecification\",\"valueRequired\":true,\"valueName\":\"search_term_string\"}}],\"inLanguage\":\"de\"},{\"@type\":\"Organization\",\"@id\":\"https:\/\/sxflightcase.com\/th\/#organization\",\"name\":\"sxpowercase.com\",\"url\":\"https:\/\/sxflightcase.com\/th\/\",\"logo\":{\"@type\":\"ImageObject\",\"inLanguage\":\"de\",\"@id\":\"https:\/\/sxflightcase.com\/th\/#\/schema\/logo\/image\/\",\"url\":\"https:\/\/sxflightcase.com\/wp-content\/uploads\/2024\/04\/1713919036007.jpg\",\"contentUrl\":\"https:\/\/sxflightcase.com\/wp-content\/uploads\/2024\/04\/1713919036007.jpg\",\"width\":382,\"height\":388,\"caption\":\"sxpowercase.com\"},\"image\":{\"@id\":\"https:\/\/sxflightcase.com\/th\/#\/schema\/logo\/image\/\"},\"sameAs\":[\"https:\/\/www.facebook.com\/profile.php?id=61560407257971\"],\"numberOfEmployees\":{\"@type\":\"QuantitativeValue\",\"minValue\":\"11\",\"maxValue\":\"50\"}}]}<\/script>\n<!-- \/ Yoast SEO Premium plugin. -->","yoast_head_json":{"title":"FP 4u Flight Case Manufacture - https:\/\/sxflightcase.com","description":"4u Flight Case Herstellung: Entdecken Sie unsere werkseitig hergestellten Optionen f\u00fcr den Schutz und die Organisation Ihrer Ausr\u00fcstung in Profiqualit\u00e4t.","robots":{"index":"index","follow":"follow","max-snippet":"max-snippet:-1","max-image-preview":"max-image-preview:large","max-video-preview":"max-video-preview:-1"},"canonical":"https:\/\/sxflightcase.com\/de\/produkt\/4u-flight-case\/","og_locale":"de_DE","og_type":"article","og_title":"FP 4u Flight Case","og_description":"4u Flight Case Manufacture: Discover our factory-direct options for professional-grade equipment protection and organization.","og_url":"https:\/\/sxflightcase.com\/de\/produkt\/4u-flight-case\/","og_site_name":"https:\/\/sxflightcase.com","article_publisher":"https:\/\/www.facebook.com\/profile.php?id=61560407257971","article_modified_time":"2024-07-16T01:59:51+00:00","og_image":[{"width":750,"height":750,"url":"https:\/\/sxflightcase.com\/wp-content\/uploads\/2024\/05\/4u-flight-case14545683226.webp","type":"image\/webp"}],"twitter_card":"summary_large_image","twitter_misc":{"Gesch\u00e4tzte Lesezeit":"4\u00a0Minuten"},"schema":{"@context":"https:\/\/schema.org","@graph":[{"@type":"WebPage","@id":"https:\/\/sxflightcase.com\/da\/produkt\/4u-flight-case\/","url":"https:\/\/sxflightcase.com\/da\/produkt\/4u-flight-case\/","name":"FP 4u Flight Case Manufacture - https:\/\/sxflightcase.com","isPartOf":{"@id":"https:\/\/sxflightcase.com\/th\/#website"},"primaryImageOfPage":{"@id":"https:\/\/sxflightcase.com\/da\/produkt\/4u-flight-case\/#primaryimage"},"image":{"@id":"https:\/\/sxflightcase.com\/da\/produkt\/4u-flight-case\/#primaryimage"},"thumbnailUrl":"https:\/\/sxflightcase.com\/wp-content\/uploads\/2024\/05\/4u-flight-case14545683226.webp","datePublished":"2024-05-10T02:55:38+00:00","dateModified":"2024-07-16T01:59:51+00:00","description":"4u Flight Case Herstellung: Entdecken Sie unsere werkseitig hergestellten Optionen f\u00fcr den Schutz und die Organisation Ihrer Ausr\u00fcstung in Profiqualit\u00e4t.","breadcrumb":{"@id":"https:\/\/sxflightcase.com\/da\/produkt\/4u-flight-case\/#breadcrumb"},"inLanguage":"de","potentialAction":[{"@type":"ReadAction","target":["https:\/\/sxflightcase.com\/da\/produkt\/4u-flight-case\/"]}]},{"@type":"ImageObject","inLanguage":"de","@id":"https:\/\/sxflightcase.com\/da\/produkt\/4u-flight-case\/#primaryimage","url":"https:\/\/sxflightcase.com\/wp-content\/uploads\/2024\/05\/4u-flight-case14545683226.webp","contentUrl":"https:\/\/sxflightcase.com\/wp-content\/uploads\/2024\/05\/4u-flight-case14545683226.webp","width":750,"height":750,"caption":"4u Flight Case"},{"@type":"BreadcrumbList","@id":"https:\/\/sxflightcase.com\/da\/produkt\/4u-flight-case\/#breadcrumb","itemListElement":[{"@type":"ListItem","position":1,"name":"Home","item":"https:\/\/sxflightcase.com\/"},{"@type":"ListItem","position":2,"name":"\u0e2a\u0e34\u0e19\u0e04\u0e49\u0e32","item":"https:\/\/sxflightcase.com\/th\/shop\/"},{"@type":"ListItem","position":3,"name":"FP 4u Flight Case"}]},{"@type":"WebSite","@id":"https:\/\/sxflightcase.com\/th\/#website","url":"https:\/\/sxflightcase.com\/th\/","name":"www.sxpowercase.com","description":"Flight Case Fabrik","publisher":{"@id":"https:\/\/sxflightcase.com\/th\/#organization"},"potentialAction":[{"@type":"SearchAction","target":{"@type":"EntryPoint","urlTemplate":"https:\/\/sxflightcase.com\/th\/?s={search_term_string}"},"query-input":{"@type":"PropertyValueSpecification","valueRequired":true,"valueName":"search_term_string"}}],"inLanguage":"de"},{"@type":"Organization","@id":"https:\/\/sxflightcase.com\/th\/#organization","name":"www.sxpowercase.com","url":"https:\/\/sxflightcase.com\/th\/","logo":{"@type":"ImageObject","inLanguage":"de","@id":"https:\/\/sxflightcase.com\/th\/#\/schema\/logo\/image\/","url":"https:\/\/sxflightcase.com\/wp-content\/uploads\/2024\/04\/1713919036007.jpg","contentUrl":"https:\/\/sxflightcase.com\/wp-content\/uploads\/2024\/04\/1713919036007.jpg","width":382,"height":388,"caption":"sxpowercase.com"},"image":{"@id":"https:\/\/sxflightcase.com\/th\/#\/schema\/logo\/image\/"},"sameAs":["https:\/\/www.facebook.com\/profile.php?id=61560407257971"],"numberOfEmployees":{"@type":"QuantitativeValue","minValue":"11","maxValue":"50"}}]}},"_links":{"self":[{"href":"https:\/\/sxflightcase.com\/de\/wp-json\/wp\/v2\/product\/1683","targetHints":{"allow":["GET"]}}],"collection":[{"href":"https:\/\/sxflightcase.com\/de\/wp-json\/wp\/v2\/product"}],"about":[{"href":"https:\/\/sxflightcase.com\/de\/wp-json\/wp\/v2\/types\/product"}],"replies":[{"embeddable":true,"href":"https:\/\/sxflightcase.com\/de\/wp-json\/wp\/v2\/comments?post=1683"}],"version-history":[{"count":0,"href":"https:\/\/sxflightcase.com\/de\/wp-json\/wp\/v2\/product\/1683\/revisions"}],"wp:featuredmedia":[{"embeddable":true,"href":"https:\/\/sxflightcase.com\/de\/wp-json\/wp\/v2\/media\/1684"}],"wp:attachment":[{"href":"https:\/\/sxflightcase.com\/de\/wp-json\/wp\/v2\/media?parent=1683"}],"wp:term":[{"taxonomy":"product_brand","embeddable":true,"href":"https:\/\/sxflightcase.com\/de\/wp-json\/wp\/v2\/product_brand?post=1683"},{"taxonomy":"product_cat","embeddable":true,"href":"https:\/\/sxflightcase.com\/de\/wp-json\/wp\/v2\/product_cat?post=1683"},{"taxonomy":"product_tag","embeddable":true,"href":"https:\/\/sxflightcase.com\/de\/wp-json\/wp\/v2\/product_tag?post=1683"}],"curies":[{"name":"wp","href":"https:\/\/api.w.org\/{rel}","templated":true}]}}