{"id":1686,"date":"2024-05-10T04:00:00","date_gmt":"2024-05-10T03:00:00","guid":{"rendered":"https:\/\/sxpowercase.com\/?post_type=product&#038;p=1686"},"modified":"2024-07-16T02:59:50","modified_gmt":"2024-07-16T01:59:50","slug":"19-flight-cases-plywood","status":"publish","type":"product","link":"https:\/\/sxflightcase.com\/de\/produkt\/19-flightcases-aus-sperrholz\/","title":{"rendered":"FP 19\u201d Flightcases Sperrholz"},"content":{"rendered":"<p><strong>Produktparameter (Spezifikation)<\/strong><\/p>\n<section class=\"table-wrap\">\n<table class=\"table\" width=\"100%\" cellspacing=\"0\" cellpadding=\"0\">\n<tbody>\n<tr class=\"firstRow\">\n<td width=\"134\">Produktname:<\/td>\n<td width=\"503\">19\u2033 Flight Cases Sperrholz<\/td>\n<\/tr>\n<tr>\n<td width=\"134\">Material und Zubeh\u00f6r:<\/td>\n<td width=\"503\">9 mm Sperrholz + verchromte\/verzinkte Beschl\u00e4ge + Aluminium-Strangpressprofil<br \/>\nAbnehmbare Deckel vorne und hinten<\/td>\n<\/tr>\n<tr>\n<td width=\"134\">Schaumstoffauskleidung:<\/td>\n<td width=\"503\">Perlenschaum \/ EVA-Schaum \/ Eierschaum usw. \u2026 normal oder auf Anfrage<\/td>\n<\/tr>\n<tr>\n<td width=\"134\">Farbe:<\/td>\n<td width=\"503\">Schwarz (Standardfarbe), Rot, Blau, Orange, Gelb, Gr\u00fcn, usw..<\/td>\n<\/tr>\n<tr>\n<td width=\"134\">Vorlaufzeit:<\/td>\n<td width=\"503\">Musterbestellung 3 Tage, Normalbestellung 7-15 Tage<\/td>\n<\/tr>\n<tr>\n<td width=\"134\">Dimension:<\/td>\n<td width=\"503\">Abh\u00e4ngig von der Ger\u00e4tegr\u00f6\u00dfe<\/td>\n<\/tr>\n<\/tbody>\n<\/table>\n<\/section>\n<p><strong>Versand &amp; Lieferung<\/strong><\/p>\n<p>Versand: per Luft-, See- oder Express<\/p>\n<p>Probe Vorlaufzeit: 5~7 Tage<\/p>\n<p>Lieferzeit: ca. 25~30 Tage nach Best\u00e4tigung der Auftragsdetails und der Produktion.<\/p>\n<h1>SX Flight Cases Sperrholz: Langlebige und anpassbare L\u00f6sungen<\/h1>\n<h2>Ultimativer Schutz und Langlebigkeit<\/h2>\n<p>Die Flight Cases Plywood von SX bieten un\u00fcbertroffenen Schutz f\u00fcr Ihre wertvolle Ausr\u00fcstung. Die aus hochwertigem Sperrholz gefertigten Flight Cases halten den Strapazen der Reise stand und sch\u00fctzen Ihre Ausr\u00fcstung vor St\u00f6\u00dfen und Umwelteinfl\u00fcssen. Perfekt f\u00fcr Musiker, Veranstaltungsprofis und Techniker, die zuverl\u00e4ssige Aufbewahrungs- und Transportl\u00f6sungen ben\u00f6tigen.<\/p>\n<h2>Direktverkauf ab Werk f\u00fcr maximalen Nutzen<\/h2>\n<h3>Erschwingliche und erstklassige Qualit\u00e4t<\/h3>\n<p>Bei <a href=\"https:\/\/sxpowercase.com\/\" target=\"_blank\" rel=\"noopener\" title=\"SX\" data-wpil-monitor-id=\"470\">SX<\/a>Wir glauben daran, dass wir durch unser Direktvertriebsmodell erstklassige Qualit\u00e4tsprodukte zu wettbewerbsf\u00e4higen Preisen anbieten k\u00f6nnen. Indem wir den Zwischenh\u00e4ndler ausschalten, stellen wir sicher, dass Sie erstklassige Flight Cases Plywood zu einem Bruchteil der Kosten erhalten. Dieser Ansatz erm\u00f6glicht es uns, einen au\u00dfergew\u00f6hnlichen Wert zu liefern, ohne Kompromisse bei der Qualit\u00e4t einzugehen, damit Sie den besten Schutz f\u00fcr Ihre Ausr\u00fcstung erhalten.<\/p>\n<h2>Anpassbar an Ihre Bed\u00fcrfnisse<\/h2>\n<h3>Ma\u00dfgeschneidert f\u00fcr jeden Fachmann<\/h3>\n<p>Da wir wissen, dass jedes professionelle Setup einzigartige Anforderungen hat, bietet SX einen umfassenden Anpassungsservice f\u00fcr unsere Flight Cases aus Sperrholz an. Ganz gleich, ob Sie bestimmte Abmessungen, eine Innenpolsterung oder zus\u00e4tzliche F\u00e4cher ben\u00f6tigen, wir k\u00f6nnen unsere Flightcases genau an Ihre Anforderungen anpassen. Unsere ma\u00dfgeschneiderten L\u00f6sungen garantieren, dass Ihre Ausr\u00fcstung genau so gesch\u00fctzt und organisiert ist, wie Sie es brauchen.<\/p>\n<h2>Verbessern Sie Ihr professionelles Image<\/h2>\n<h3>Professionelles und zuverl\u00e4ssiges Design<\/h3>\n<p>Die Verwendung von SX Flight Cases Plywood gew\u00e4hrleistet nicht nur die Sicherheit Ihrer Ausr\u00fcstung, sondern tr\u00e4gt auch zu Ihrem professionellen Image bei. Das robuste und schlanke Design unserer Flightcases spiegelt Ihr Engagement f\u00fcr Qualit\u00e4t und Zuverl\u00e4ssigkeit wider. Hinterlassen Sie bei Kunden und Kollegen einen starken Eindruck mit Flightcases, die sowohl funktionell als auch optisch \u00fcberzeugen und sicherstellen, dass Ihre Ausr\u00fcstung immer in perfektem Zustand ankommt.<\/p>\n<hr \/>\n<p>Entscheiden Sie sich f\u00fcr Flight Cases Plywood von SX, wenn es um hervorragenden Schutz, Haltbarkeit und Wertigkeit geht. Setzen Sie sich noch heute mit uns in Verbindung, um sich \u00fcber unsere Direktverkaufs- und Anpassungsoptionen zu informieren. Bei SX ist Ihre Ausr\u00fcstung immer in den besten H\u00e4nden. Investieren Sie in das Beste, um Ihr Gesch\u00e4ft zu verbessern und Ihre Ausr\u00fcstung mit unseren au\u00dfergew\u00f6hnlichen Flight Cases zu sch\u00fctzen.<\/p>\n<p><strong>H\u00e4ufig gestellte Fragen<\/strong><\/p>\n<p>F: Wie k\u00f6nnen wir ein Angebot erhalten?<\/p>\n<p>A: Nehmen Sie mit uns Kontakt auf und teilen Sie uns Ihre Spezifikationen mit: Material, Design, Gr\u00f6\u00dfe, Form, Farbe, Menge, Oberfl\u00e4chenbehandlung, etc.<\/p>\n<p>F: Wie lauten die Zahlungsbedingungen?<\/p>\n<p>A: T.T with 30% down payment, 70%before shipment or West Union also accept.<\/p>\n<p>F: K\u00f6nnen Sie bei der Gestaltung helfen?<\/p>\n<p>A: Ja, einfaches Design kostenlos, spezielles Design muss bezahlt werden.<\/p>\n<p><strong>Unser Service<\/strong><\/p>\n<p>Qualit\u00e4t steht immer an erster Stelle<\/p>\n<p>* Angemessene Preise<\/p>\n<p>* OEM-Service angeboten<\/p>\n<p>* Verantwortungsvoller Kundendienst<\/p>\n<p>* Ziel ist es, nach den Probebestellungen Nachbestellungen von 90%-Kunden zu erhalten<\/p>\n<p>* Gemeinsam mit den Kunden Fortschritte erzielen<\/p>\n<p>Hot Tags: Niedriger Preis, auf Lager, kostenlose Probe, Strom- und Signalkabel, 16 Gauge 4-Leiter-Kabel, Mikrofonst\u00e4ndergeh\u00e4use, Outdoor-LED-Vitrine, Rackmontage, 19-Zoll-Rackmount-Mixer-Flightcases, elektrische Verteilerbox, China, Lieferanten, Fabrik, kundenspezifisch, Gro\u00dfhandel, <span style=\"color: #993366;\"><a style=\"color: #993366;\" href=\"https:\/\/sxflightcase.com\/de\/product-category\/all-product\/power-distribution-boxes\/\">Stromk\u00e4sten<\/a>,\u00a0<a style=\"color: #993366;\" href=\"https:\/\/sxflightcase.com\/de\/product-category\/all-product\/hoist-controllers\/\">Stromkabel<\/a>,\u00a0<a style=\"color: #993366;\" href=\"https:\/\/sxflightcase.com\/de\/product-category\/all-product\/hoist-controllers\/\">Hubwerkssteuerungen<\/a>,\u00a0<a style=\"color: #993366;\" href=\"https:\/\/sxflightcase.com\/de\/product-category\/all-product\/flight-case\/\">Flightcases.<\/a><\/span><\/p>","protected":false},"excerpt":{"rendered":"<h2 class=\"prodetails-name\">19\" Flight Cases Sperrholz<\/h2>\n<p>Wir liefern 19\u2033-Flugkoffer aus Sperrholz, um teure Ger\u00e4te und Ausr\u00fcstungen w\u00e4hrend des Gebrauchs, der Verpackung, der Lagerung und des Transports zuverl\u00e4ssig zu sch\u00fctzen. Wir widmen uns der <a class=\"wpil_keyword_link\" title=\"Flightcase\" href=\"https:\/\/sxpowercase.com\/product-category\/all-product\/flight-case\/\" target=\"_blank\" rel=\"noopener\" data-wpil-keyword-link=\"linked\" data-wpil-monitor-id=\"404\">Flightcase<\/a> Seit vielen Jahren decken wir den gr\u00f6\u00dften Teil des amerikanischen und asiatischen Marktes ab. Wir erwarten, dass wir Ihr langj\u00e4hriger Team-Partner in China werden.<\/p>\n<h2><strong>Produktionseinf\u00fchrung<\/strong><\/h2>\n<p>Shengxiang stellt seit 2001 Flightcases her und ist darauf ausgelegt, Ihre Investition zu sch\u00fctzen. 19\"-Flugkoffer aus Sperrholz mit abnehmbarem, verschiebbarem Laptop-Regal. Vier Industrie-Gummif\u00fc\u00dfe<\/p>","protected":false},"featured_media":1687,"comment_status":"open","ping_status":"closed","template":"","meta":[],"product_brand":[],"product_cat":[35],"product_tag":[53],"class_list":{"0":"post-1686","1":"product","2":"type-product","3":"status-publish","4":"has-post-thumbnail","6":"product_cat-standard-rack-cases","7":"product_tag-fp","9":"first","10":"instock","11":"shipping-taxable","12":"product-type-simple"},"yoast_head":"<!-- This site is optimized with the Yoast SEO Premium plugin v27.1 (Yoast SEO v27.2) - https:\/\/yoast.com\/product\/yoast-seo-premium-wordpress\/ -->\n<title>FP 19&#039;&#039; Flight Cases Plywood - https:\/\/sxflightcase.com \ud83d\udc97<\/title>\n<meta name=\"description\" content=\"19&#039;&#039; Flight Cases Plywood: Discover our factory-direct options for professional-grade equipment protection and organization.\" \/>\n<meta name=\"robots\" content=\"index, follow, max-snippet:-1, max-image-preview:large, max-video-preview:-1\" \/>\n<link rel=\"canonical\" href=\"https:\/\/sxflightcase.com\/de\/\uc81c\ud488\/19-\ube44\ud589-\ucf00\uc774\uc2a4-\ud569\ud310\/\" \/>\n<meta property=\"og:locale\" content=\"de_DE\" \/>\n<meta property=\"og:type\" content=\"article\" \/>\n<meta property=\"og:title\" content=\"FP 19&#039;&#039; Flight Cases Plywood\" \/>\n<meta property=\"og:description\" content=\"19&#039;&#039; Flight Cases Plywood: Discover our factory-direct options for professional-grade equipment protection and organization.\" \/>\n<meta property=\"og:url\" content=\"https:\/\/sxflightcase.com\/de\/\uc81c\ud488\/19-\ube44\ud589-\ucf00\uc774\uc2a4-\ud569\ud310\/\" \/>\n<meta property=\"og:site_name\" content=\"https:\/\/sxflightcase.com\" \/>\n<meta property=\"article:publisher\" content=\"https:\/\/www.facebook.com\/profile.php?id=61560407257971\" \/>\n<meta property=\"article:modified_time\" content=\"2024-07-16T01:59:50+00:00\" \/>\n<meta property=\"og:image\" content=\"https:\/\/sxflightcase.com\/wp-content\/uploads\/2024\/05\/19-flight-cases-plywood25576886879.webp\" \/>\n\t<meta property=\"og:image:width\" content=\"750\" \/>\n\t<meta property=\"og:image:height\" content=\"750\" \/>\n\t<meta property=\"og:image:type\" content=\"image\/webp\" \/>\n<meta name=\"twitter:card\" content=\"summary_large_image\" \/>\n<meta name=\"twitter:label1\" content=\"Gesch\u00e4tzte Lesezeit\" \/>\n\t<meta name=\"twitter:data1\" content=\"4\u00a0Minuten\" \/>\n<script type=\"application\/ld+json\" class=\"yoast-schema-graph\">{\"@context\":\"https:\/\/schema.org\",\"@graph\":[{\"@type\":\"WebPage\",\"@id\":\"https:\/\/sxflightcase.com\/ko\/\uc81c\ud488\/19-\ube44\ud589-\ucf00\uc774\uc2a4-\ud569\ud310\/\",\"url\":\"https:\/\/sxflightcase.com\/ko\/\uc81c\ud488\/19-\ube44\ud589-\ucf00\uc774\uc2a4-\ud569\ud310\/\",\"name\":\"FP 19'' Flight Cases Plywood - https:\/\/sxflightcase.com \ud83d\udc97\",\"isPartOf\":{\"@id\":\"https:\/\/sxflightcase.com\/th\/#website\"},\"primaryImageOfPage\":{\"@id\":\"https:\/\/sxflightcase.com\/ko\/\uc81c\ud488\/19-\ube44\ud589-\ucf00\uc774\uc2a4-\ud569\ud310\/#primaryimage\"},\"image\":{\"@id\":\"https:\/\/sxflightcase.com\/ko\/\uc81c\ud488\/19-\ube44\ud589-\ucf00\uc774\uc2a4-\ud569\ud310\/#primaryimage\"},\"thumbnailUrl\":\"https:\/\/sxflightcase.com\/wp-content\/uploads\/2024\/05\/19-flight-cases-plywood25576886879.webp\",\"datePublished\":\"2024-05-10T03:00:00+00:00\",\"dateModified\":\"2024-07-16T01:59:50+00:00\",\"description\":\"19'' Flight Cases Plywood: Discover our factory-direct options for professional-grade equipment protection and organization.\",\"breadcrumb\":{\"@id\":\"https:\/\/sxflightcase.com\/ko\/\uc81c\ud488\/19-\ube44\ud589-\ucf00\uc774\uc2a4-\ud569\ud310\/#breadcrumb\"},\"inLanguage\":\"de\",\"potentialAction\":[{\"@type\":\"ReadAction\",\"target\":[\"https:\/\/sxflightcase.com\/ko\/\uc81c\ud488\/19-\ube44\ud589-\ucf00\uc774\uc2a4-\ud569\ud310\/\"]}]},{\"@type\":\"ImageObject\",\"inLanguage\":\"de\",\"@id\":\"https:\/\/sxflightcase.com\/ko\/\uc81c\ud488\/19-\ube44\ud589-\ucf00\uc774\uc2a4-\ud569\ud310\/#primaryimage\",\"url\":\"https:\/\/sxflightcase.com\/wp-content\/uploads\/2024\/05\/19-flight-cases-plywood25576886879.webp\",\"contentUrl\":\"https:\/\/sxflightcase.com\/wp-content\/uploads\/2024\/05\/19-flight-cases-plywood25576886879.webp\",\"width\":750,\"height\":750,\"caption\":\"19'' Flight Cases Plywood\"},{\"@type\":\"BreadcrumbList\",\"@id\":\"https:\/\/sxflightcase.com\/ko\/\uc81c\ud488\/19-\ube44\ud589-\ucf00\uc774\uc2a4-\ud569\ud310\/#breadcrumb\",\"itemListElement\":[{\"@type\":\"ListItem\",\"position\":1,\"name\":\"Home\",\"item\":\"https:\/\/sxflightcase.com\/\"},{\"@type\":\"ListItem\",\"position\":2,\"name\":\"\u0e2a\u0e34\u0e19\u0e04\u0e49\u0e32\",\"item\":\"https:\/\/sxflightcase.com\/th\/shop\/\"},{\"@type\":\"ListItem\",\"position\":3,\"name\":\"FP 19&#8221; Flight Cases Plywood\"}]},{\"@type\":\"WebSite\",\"@id\":\"https:\/\/sxflightcase.com\/th\/#website\",\"url\":\"https:\/\/sxflightcase.com\/th\/\",\"name\":\"sxpowercase.com\",\"description\":\"Flight Case Factory\",\"publisher\":{\"@id\":\"https:\/\/sxflightcase.com\/th\/#organization\"},\"potentialAction\":[{\"@type\":\"SearchAction\",\"target\":{\"@type\":\"EntryPoint\",\"urlTemplate\":\"https:\/\/sxflightcase.com\/th\/?s={search_term_string}\"},\"query-input\":{\"@type\":\"PropertyValueSpecification\",\"valueRequired\":true,\"valueName\":\"search_term_string\"}}],\"inLanguage\":\"de\"},{\"@type\":\"Organization\",\"@id\":\"https:\/\/sxflightcase.com\/th\/#organization\",\"name\":\"sxpowercase.com\",\"url\":\"https:\/\/sxflightcase.com\/th\/\",\"logo\":{\"@type\":\"ImageObject\",\"inLanguage\":\"de\",\"@id\":\"https:\/\/sxflightcase.com\/th\/#\/schema\/logo\/image\/\",\"url\":\"https:\/\/sxflightcase.com\/wp-content\/uploads\/2024\/04\/1713919036007.jpg\",\"contentUrl\":\"https:\/\/sxflightcase.com\/wp-content\/uploads\/2024\/04\/1713919036007.jpg\",\"width\":382,\"height\":388,\"caption\":\"sxpowercase.com\"},\"image\":{\"@id\":\"https:\/\/sxflightcase.com\/th\/#\/schema\/logo\/image\/\"},\"sameAs\":[\"https:\/\/www.facebook.com\/profile.php?id=61560407257971\"],\"numberOfEmployees\":{\"@type\":\"QuantitativeValue\",\"minValue\":\"11\",\"maxValue\":\"50\"}}]}<\/script>\n<!-- \/ Yoast SEO Premium plugin. -->","yoast_head_json":{"title":"FP 19'' Flight Cases Plywood - https:\/\/sxflightcase.com \ud83d\udc97","description":"19'' Flight Cases Sperrholz: Entdecken Sie unsere werkseitigen Optionen f\u00fcr den Schutz und die Organisation Ihrer Ausr\u00fcstung in Profiqualit\u00e4t.","robots":{"index":"index","follow":"follow","max-snippet":"max-snippet:-1","max-image-preview":"max-image-preview:large","max-video-preview":"max-video-preview:-1"},"canonical":"https:\/\/sxflightcase.com\/de\/\uc81c\ud488\/19-\ube44\ud589-\ucf00\uc774\uc2a4-\ud569\ud310\/","og_locale":"de_DE","og_type":"article","og_title":"FP 19'' Flight Cases Plywood","og_description":"19'' Flight Cases Plywood: Discover our factory-direct options for professional-grade equipment protection and organization.","og_url":"https:\/\/sxflightcase.com\/de\/\uc81c\ud488\/19-\ube44\ud589-\ucf00\uc774\uc2a4-\ud569\ud310\/","og_site_name":"https:\/\/sxflightcase.com","article_publisher":"https:\/\/www.facebook.com\/profile.php?id=61560407257971","article_modified_time":"2024-07-16T01:59:50+00:00","og_image":[{"width":750,"height":750,"url":"https:\/\/sxflightcase.com\/wp-content\/uploads\/2024\/05\/19-flight-cases-plywood25576886879.webp","type":"image\/webp"}],"twitter_card":"summary_large_image","twitter_misc":{"Gesch\u00e4tzte Lesezeit":"4\u00a0Minuten"},"schema":{"@context":"https:\/\/schema.org","@graph":[{"@type":"WebPage","@id":"https:\/\/sxflightcase.com\/ko\/\uc81c\ud488\/19-\ube44\ud589-\ucf00\uc774\uc2a4-\ud569\ud310\/","url":"https:\/\/sxflightcase.com\/ko\/\uc81c\ud488\/19-\ube44\ud589-\ucf00\uc774\uc2a4-\ud569\ud310\/","name":"FP 19'' Flight Cases Plywood - https:\/\/sxflightcase.com \ud83d\udc97","isPartOf":{"@id":"https:\/\/sxflightcase.com\/th\/#website"},"primaryImageOfPage":{"@id":"https:\/\/sxflightcase.com\/ko\/\uc81c\ud488\/19-\ube44\ud589-\ucf00\uc774\uc2a4-\ud569\ud310\/#primaryimage"},"image":{"@id":"https:\/\/sxflightcase.com\/ko\/\uc81c\ud488\/19-\ube44\ud589-\ucf00\uc774\uc2a4-\ud569\ud310\/#primaryimage"},"thumbnailUrl":"https:\/\/sxflightcase.com\/wp-content\/uploads\/2024\/05\/19-flight-cases-plywood25576886879.webp","datePublished":"2024-05-10T03:00:00+00:00","dateModified":"2024-07-16T01:59:50+00:00","description":"19'' Flight Cases Sperrholz: Entdecken Sie unsere werkseitigen Optionen f\u00fcr den Schutz und die Organisation Ihrer Ausr\u00fcstung in Profiqualit\u00e4t.","breadcrumb":{"@id":"https:\/\/sxflightcase.com\/ko\/\uc81c\ud488\/19-\ube44\ud589-\ucf00\uc774\uc2a4-\ud569\ud310\/#breadcrumb"},"inLanguage":"de","potentialAction":[{"@type":"ReadAction","target":["https:\/\/sxflightcase.com\/ko\/\uc81c\ud488\/19-\ube44\ud589-\ucf00\uc774\uc2a4-\ud569\ud310\/"]}]},{"@type":"ImageObject","inLanguage":"de","@id":"https:\/\/sxflightcase.com\/ko\/\uc81c\ud488\/19-\ube44\ud589-\ucf00\uc774\uc2a4-\ud569\ud310\/#primaryimage","url":"https:\/\/sxflightcase.com\/wp-content\/uploads\/2024\/05\/19-flight-cases-plywood25576886879.webp","contentUrl":"https:\/\/sxflightcase.com\/wp-content\/uploads\/2024\/05\/19-flight-cases-plywood25576886879.webp","width":750,"height":750,"caption":"19'' Flight Cases Plywood"},{"@type":"BreadcrumbList","@id":"https:\/\/sxflightcase.com\/ko\/\uc81c\ud488\/19-\ube44\ud589-\ucf00\uc774\uc2a4-\ud569\ud310\/#breadcrumb","itemListElement":[{"@type":"ListItem","position":1,"name":"Home","item":"https:\/\/sxflightcase.com\/"},{"@type":"ListItem","position":2,"name":"\u0e2a\u0e34\u0e19\u0e04\u0e49\u0e32","item":"https:\/\/sxflightcase.com\/th\/shop\/"},{"@type":"ListItem","position":3,"name":"FP 19&#8221; Flight Cases Plywood"}]},{"@type":"WebSite","@id":"https:\/\/sxflightcase.com\/th\/#website","url":"https:\/\/sxflightcase.com\/th\/","name":"www.sxpowercase.com","description":"Flight Case Fabrik","publisher":{"@id":"https:\/\/sxflightcase.com\/th\/#organization"},"potentialAction":[{"@type":"SearchAction","target":{"@type":"EntryPoint","urlTemplate":"https:\/\/sxflightcase.com\/th\/?s={search_term_string}"},"query-input":{"@type":"PropertyValueSpecification","valueRequired":true,"valueName":"search_term_string"}}],"inLanguage":"de"},{"@type":"Organization","@id":"https:\/\/sxflightcase.com\/th\/#organization","name":"www.sxpowercase.com","url":"https:\/\/sxflightcase.com\/th\/","logo":{"@type":"ImageObject","inLanguage":"de","@id":"https:\/\/sxflightcase.com\/th\/#\/schema\/logo\/image\/","url":"https:\/\/sxflightcase.com\/wp-content\/uploads\/2024\/04\/1713919036007.jpg","contentUrl":"https:\/\/sxflightcase.com\/wp-content\/uploads\/2024\/04\/1713919036007.jpg","width":382,"height":388,"caption":"sxpowercase.com"},"image":{"@id":"https:\/\/sxflightcase.com\/th\/#\/schema\/logo\/image\/"},"sameAs":["https:\/\/www.facebook.com\/profile.php?id=61560407257971"],"numberOfEmployees":{"@type":"QuantitativeValue","minValue":"11","maxValue":"50"}}]}},"_links":{"self":[{"href":"https:\/\/sxflightcase.com\/de\/wp-json\/wp\/v2\/product\/1686","targetHints":{"allow":["GET"]}}],"collection":[{"href":"https:\/\/sxflightcase.com\/de\/wp-json\/wp\/v2\/product"}],"about":[{"href":"https:\/\/sxflightcase.com\/de\/wp-json\/wp\/v2\/types\/product"}],"replies":[{"embeddable":true,"href":"https:\/\/sxflightcase.com\/de\/wp-json\/wp\/v2\/comments?post=1686"}],"version-history":[{"count":0,"href":"https:\/\/sxflightcase.com\/de\/wp-json\/wp\/v2\/product\/1686\/revisions"}],"wp:featuredmedia":[{"embeddable":true,"href":"https:\/\/sxflightcase.com\/de\/wp-json\/wp\/v2\/media\/1687"}],"wp:attachment":[{"href":"https:\/\/sxflightcase.com\/de\/wp-json\/wp\/v2\/media?parent=1686"}],"wp:term":[{"taxonomy":"product_brand","embeddable":true,"href":"https:\/\/sxflightcase.com\/de\/wp-json\/wp\/v2\/product_brand?post=1686"},{"taxonomy":"product_cat","embeddable":true,"href":"https:\/\/sxflightcase.com\/de\/wp-json\/wp\/v2\/product_cat?post=1686"},{"taxonomy":"product_tag","embeddable":true,"href":"https:\/\/sxflightcase.com\/de\/wp-json\/wp\/v2\/product_tag?post=1686"}],"curies":[{"name":"wp","href":"https:\/\/api.w.org\/{rel}","templated":true}]}}