{"id":1693,"date":"2024-05-10T04:05:31","date_gmt":"2024-05-10T03:05:31","guid":{"rendered":"https:\/\/sxpowercase.com\/?post_type=product&#038;p=1693"},"modified":"2024-06-27T07:27:48","modified_gmt":"2024-06-27T06:27:48","slug":"abs-flight-case","status":"publish","type":"product","link":"https:\/\/sxflightcase.com\/de\/produkt\/abs-flight-case-2\/","title":{"rendered":"Abs Flightcase"},"content":{"rendered":"<h3><strong>Produktparameter (Spezifikation)<\/strong><\/h3>\n<section class=\"table-wrap\">\n<table class=\"table\" width=\"100%\" cellspacing=\"0\" cellpadding=\"0\">\n<tbody>\n<tr class=\"firstRow\">\n<td width=\"134\">Produktname:<\/td>\n<td width=\"503\">Abs Flightcase<\/td>\n<\/tr>\n<tr>\n<td width=\"134\">Material:<\/td>\n<td width=\"503\">ABS-Platte + verchromte\/verzinkte Hardware + Aluminium-Strangpressprofil<\/td>\n<\/tr>\n<tr>\n<td width=\"134\">Schaumstoffauskleidung:<\/td>\n<td width=\"503\">NEIN<\/td>\n<\/tr>\n<tr>\n<td width=\"134\">Farbe:<\/td>\n<td width=\"503\">Schwarz (Standardfarbe)<\/td>\n<\/tr>\n<tr>\n<td width=\"134\">Vorlaufzeit:<\/td>\n<td width=\"503\">Musterbestellung 3 Tage, Normalbestellung 7-15 Tage<\/td>\n<\/tr>\n<tr>\n<td width=\"134\">Dimension:<\/td>\n<td width=\"503\">Abh\u00e4ngig von der Ger\u00e4tegr\u00f6\u00dfe<\/td>\n<\/tr>\n<\/tbody>\n<\/table>\n<\/section>\n<p>Vorlaufzeit:<\/p>\n<section class=\"table-wrap\">\n<table class=\"table\" width=\"100%\" cellspacing=\"0\" cellpadding=\"0\">\n<tbody>\n<tr class=\"firstRow\">\n<td>Menge (Einheiten)<\/td>\n<td>1 &#8211; 50<\/td>\n<td>&gt;50<\/td>\n<\/tr>\n<tr>\n<td>Gesch\u00e4tzte Zeit (Tage)<\/td>\n<td>5<\/td>\n<td>Zu verhandeln<\/td>\n<\/tr>\n<\/tbody>\n<\/table>\n<\/section>\n<h1>Sch\u00fctzen Sie Ihre Ausr\u00fcstung mit dem ABS Flight Case von SX<\/h1>\n<h2>\u00dcberragender Schutz f\u00fcr Ihre Ausr\u00fcstung<\/h2>\n<p>Der <a href=\"https:\/\/sxpowercase.com\/\" target=\"_blank\" rel=\"noopener\" title=\"SX\" data-wpil-monitor-id=\"466\">SX<\/a> ABS Flight Case bietet unvergleichlichen Schutz f\u00fcr Ihre wertvolle Ausr\u00fcstung. Das aus robustem ABS-Kunststoff gefertigte Case sorgt daf\u00fcr, dass Ihre Ausr\u00fcstung beim Transport sicher bleibt. Ob Sie Musiker, Fotograf oder Techniker sind, das SX ABS Flight Case ist Ihr idealer Reisebegleiter.<\/p>\n<h2>Robust und zuverl\u00e4ssig<\/h2>\n<h3>Gebaut um zu \u00fcberdauern<\/h3>\n<p>Das ABS Flight Case von SX ist f\u00fcr die h\u00e4rtesten Bedingungen ausgelegt. Die robuste ABS-Schale widersteht St\u00f6\u00dfen, w\u00e4hrend die verst\u00e4rkten Ecken und stabilen Griffe f\u00fcr zus\u00e4tzliche Haltbarkeit sorgen. Dieser Koffer ist perfekt f\u00fcr Profis, die ihre Ausr\u00fcstung unabh\u00e4ngig von den Reisebedingungen zuverl\u00e4ssig sch\u00fctzen m\u00fcssen.<\/p>\n<h2>Direktverkauf ab Werk<\/h2>\n<h3>Unschlagbarer Wert<\/h3>\n<p>Bei SX bieten wir unser ABS Flight Case im Direktvertrieb an. Das bedeutet, dass Sie erstklassige Qualit\u00e4t zu einem unschlagbaren Preis erhalten. Durch das Ausschalten des Zwischenh\u00e4ndlers stellen wir sicher, dass Sie das beste Preis-Leistungs-Verh\u00e4ltnis erhalten, so dass Sie in hochwertigen Schutz investieren k\u00f6nnen, ohne die Bank zu sprengen.<\/p>\n<h2>Anpassungsdienste<\/h2>\n<h3>Auf Ihre Bed\u00fcrfnisse zugeschnitten<\/h3>\n<p>Wir wissen, dass jedes Ger\u00e4t einzigartig ist. Deshalb bietet SX einen Anpassungsservice f\u00fcr unser ABS Flight Case an. Ganz gleich, ob Sie bestimmte Abmessungen, eine Innenpolsterung oder zus\u00e4tzliche F\u00e4cher ben\u00f6tigen, wir k\u00f6nnen das Case genau an Ihre Anforderungen anpassen. Freuen Sie sich auf ein Flight Case, das perfekt auf Ihre Bed\u00fcrfnisse zugeschnitten ist.<\/p>\n<h2>Erh\u00f6hen Sie Ihr Gesch\u00e4ft<\/h2>\n<h3>Professionelle Qualit\u00e4t<\/h3>\n<p>Mit SXs <a href=\"https:\/\/sxpowercase.com\/flight-case\/\" target=\"_blank\" rel=\"noopener\" data-wpil-monitor-id=\"494\">Flightcase<\/a> kann Ihr Unternehmen voranbringen, indem wir sicherstellen, dass Ihre Ausr\u00fcstung immer sicher und in perfektem Zustand ankommt. Unsere Koffer entsprechen professionellen Standards und sind damit ein unverzichtbares Werkzeug f\u00fcr jeden seri\u00f6sen Gesch\u00e4ftsmann. Sch\u00fctzen Sie Ihre Ausr\u00fcstung, beeindrucken Sie Ihre Kunden und verbessern Sie Ihre Gesch\u00e4ftsabl\u00e4ufe mit unseren hochwertigen Koffern.<\/p>\n<hr \/>\n<p>Entscheiden Sie sich f\u00fcr das Flight Case von SX, um un\u00fcbertroffenen Schutz, Zuverl\u00e4ssigkeit und Wert zu erhalten. Wenden Sie sich noch heute an uns, um mehr \u00fcber unsere Direktvertriebs- und Anpassungsoptionen zu erfahren. Bei SX k\u00f6nnen Sie darauf vertrauen, dass Ihre Ausr\u00fcstung in guten H\u00e4nden ist. Erleben Sie den Unterschied, den \u00fcberragende Qualit\u00e4t und individueller Service f\u00fcr Ihr Unternehmen ausmachen k\u00f6nnen.<\/p>\n<p><strong>Unser Service<\/strong><\/p>\n<p>1. Mehr professioneller Service im Bereich des Exports von Verpackungs- und Druckprodukten<\/p>\n<p>2. Bessere Herstellungsf\u00e4higkeit<\/p>\n<p>3. Verschiedene Zahlungsbedingungen zur Auswahl: T\/T, Western Union<\/p>\n<p>Hot Tags: Niedriger Preis, auf Lager, kostenlose Probe, Strom- und Signalkabel, 16 Gauge 4-Leiter-Kabel, Mikrofonst\u00e4ndergeh\u00e4use, Outdoor-LED-Vitrine, Rackmontage, 19-Zoll-Rackmount-Mixer-Flightcases, elektrische Verteilerbox, China, Lieferanten, Fabrik, kundenspezifisch, Gro\u00dfhandel, <span style=\"color: #993366;\"><a style=\"color: #993366;\" href=\"https:\/\/sxflightcase.com\/de\/product-category\/all-product\/power-distribution-boxes\/\">Stromk\u00e4sten<\/a>,\u00a0<a style=\"color: #993366;\" href=\"https:\/\/sxflightcase.com\/de\/product-category\/all-product\/hoist-controllers\/\">Stromkabel<\/a>,\u00a0<a style=\"color: #993366;\" href=\"https:\/\/sxflightcase.com\/de\/product-category\/all-product\/hoist-controllers\/\">Hubwerkssteuerungen<\/a>,\u00a0<a style=\"color: #993366;\" href=\"https:\/\/sxflightcase.com\/de\/product-category\/all-product\/flight-case\/\">Flightcases.<\/a><\/span><\/p>","protected":false},"excerpt":{"rendered":"<h2 class=\"prodetails-name\">Abs Flightcase<\/h2>\n<p>Wir sind ein Gro\u00dfh\u00e4ndler f\u00fcr alle Arten von Flightcases, wir liefern die Abs Flightcases mit vorh\u00e4ngeschlie\u00dfbaren Verschl\u00fcssen, die Sicherheit f\u00fcr den Seelenfrieden bieten, intelligente stapelbare Ecken erm\u00f6glichen es Ihnen, mehrere Cases mit gro\u00dfer Stabilit\u00e4t \u00fcbereinander zu stellen, und versenkte Griffe sind bequem zu tragen.<\/p>\n<h2><strong>Produktionseinf\u00fchrung<\/strong><\/h2>\n<p>Dieses Abs Flight Case wurde aus hochwertigen Materialien entwickelt, die aus ABS-Kunststoff\/Plattenlaminat, Schaumstoffauskleidung, Aluminiumprofilen und hochwertiger Hardware bestehen.<\/p>","protected":false},"featured_media":1694,"comment_status":"open","ping_status":"closed","template":"","meta":[],"product_brand":[],"product_cat":[35],"product_tag":[47],"class_list":{"0":"post-1693","1":"product","2":"type-product","3":"status-publish","4":"has-post-thumbnail","6":"product_cat-standard-rack-cases","7":"product_tag-abs","9":"first","10":"instock","11":"shipping-taxable","12":"product-type-simple"},"yoast_head":"<!-- This site is optimized with the Yoast SEO Premium plugin v27.1 (Yoast SEO v27.2) - https:\/\/yoast.com\/product\/yoast-seo-premium-wordpress\/ -->\n<title>Abs Flight Case - https:\/\/sxflightcase.com \ud83d\udc97<\/title>\n<meta name=\"description\" content=\"Abs Flight Case: Discover our factory-direct options, offering professional customization for efficient organization and storage of your equipment.\" \/>\n<meta name=\"robots\" content=\"index, follow, max-snippet:-1, max-image-preview:large, max-video-preview:-1\" \/>\n<link rel=\"canonical\" href=\"https:\/\/sxflightcase.com\/de\/produit\/flight-case-en-abs-2\/\" \/>\n<meta property=\"og:locale\" content=\"de_DE\" \/>\n<meta property=\"og:type\" content=\"article\" \/>\n<meta property=\"og:title\" content=\"Abs Flight Case\" \/>\n<meta property=\"og:description\" content=\"Abs Flight Case: Discover our factory-direct options, offering professional customization for efficient organization and storage of your equipment.\" \/>\n<meta property=\"og:url\" content=\"https:\/\/sxflightcase.com\/de\/produit\/flight-case-en-abs-2\/\" \/>\n<meta property=\"og:site_name\" content=\"https:\/\/sxflightcase.com\" \/>\n<meta property=\"article:publisher\" content=\"https:\/\/www.facebook.com\/profile.php?id=61560407257971\" \/>\n<meta property=\"article:modified_time\" content=\"2024-06-27T06:27:48+00:00\" \/>\n<meta property=\"og:image\" content=\"https:\/\/sxflightcase.com\/wp-content\/uploads\/2024\/05\/abs-flight-case03384556144.webp\" \/>\n\t<meta property=\"og:image:width\" content=\"750\" \/>\n\t<meta property=\"og:image:height\" content=\"750\" \/>\n\t<meta property=\"og:image:type\" content=\"image\/webp\" \/>\n<meta name=\"twitter:card\" content=\"summary_large_image\" \/>\n<meta name=\"twitter:label1\" content=\"Gesch\u00e4tzte Lesezeit\" \/>\n\t<meta name=\"twitter:data1\" content=\"3\u00a0Minuten\" \/>\n<script type=\"application\/ld+json\" class=\"yoast-schema-graph\">{\"@context\":\"https:\/\/schema.org\",\"@graph\":[{\"@type\":\"WebPage\",\"@id\":\"https:\/\/sxflightcase.com\/fr\/produit\/flight-case-en-abs-2\/\",\"url\":\"https:\/\/sxflightcase.com\/fr\/produit\/flight-case-en-abs-2\/\",\"name\":\"Abs Flight Case - https:\/\/sxflightcase.com \ud83d\udc97\",\"isPartOf\":{\"@id\":\"https:\/\/sxflightcase.com\/th\/#website\"},\"primaryImageOfPage\":{\"@id\":\"https:\/\/sxflightcase.com\/fr\/produit\/flight-case-en-abs-2\/#primaryimage\"},\"image\":{\"@id\":\"https:\/\/sxflightcase.com\/fr\/produit\/flight-case-en-abs-2\/#primaryimage\"},\"thumbnailUrl\":\"https:\/\/sxflightcase.com\/wp-content\/uploads\/2024\/05\/abs-flight-case03384556144.webp\",\"datePublished\":\"2024-05-10T03:05:31+00:00\",\"dateModified\":\"2024-06-27T06:27:48+00:00\",\"description\":\"Abs Flight Case: Discover our factory-direct options, offering professional customization for efficient organization and storage of your equipment.\",\"breadcrumb\":{\"@id\":\"https:\/\/sxflightcase.com\/fr\/produit\/flight-case-en-abs-2\/#breadcrumb\"},\"inLanguage\":\"de\",\"potentialAction\":[{\"@type\":\"ReadAction\",\"target\":[\"https:\/\/sxflightcase.com\/fr\/produit\/flight-case-en-abs-2\/\"]}]},{\"@type\":\"ImageObject\",\"inLanguage\":\"de\",\"@id\":\"https:\/\/sxflightcase.com\/fr\/produit\/flight-case-en-abs-2\/#primaryimage\",\"url\":\"https:\/\/sxflightcase.com\/wp-content\/uploads\/2024\/05\/abs-flight-case03384556144.webp\",\"contentUrl\":\"https:\/\/sxflightcase.com\/wp-content\/uploads\/2024\/05\/abs-flight-case03384556144.webp\",\"width\":750,\"height\":750,\"caption\":\"Abs Flight Case\"},{\"@type\":\"BreadcrumbList\",\"@id\":\"https:\/\/sxflightcase.com\/fr\/produit\/flight-case-en-abs-2\/#breadcrumb\",\"itemListElement\":[{\"@type\":\"ListItem\",\"position\":1,\"name\":\"Home\",\"item\":\"https:\/\/sxflightcase.com\/\"},{\"@type\":\"ListItem\",\"position\":2,\"name\":\"\u0e2a\u0e34\u0e19\u0e04\u0e49\u0e32\",\"item\":\"https:\/\/sxflightcase.com\/th\/shop\/\"},{\"@type\":\"ListItem\",\"position\":3,\"name\":\"Abs Flight Case\"}]},{\"@type\":\"WebSite\",\"@id\":\"https:\/\/sxflightcase.com\/th\/#website\",\"url\":\"https:\/\/sxflightcase.com\/th\/\",\"name\":\"sxpowercase.com\",\"description\":\"Flight Case Factory\",\"publisher\":{\"@id\":\"https:\/\/sxflightcase.com\/th\/#organization\"},\"potentialAction\":[{\"@type\":\"SearchAction\",\"target\":{\"@type\":\"EntryPoint\",\"urlTemplate\":\"https:\/\/sxflightcase.com\/th\/?s={search_term_string}\"},\"query-input\":{\"@type\":\"PropertyValueSpecification\",\"valueRequired\":true,\"valueName\":\"search_term_string\"}}],\"inLanguage\":\"de\"},{\"@type\":\"Organization\",\"@id\":\"https:\/\/sxflightcase.com\/th\/#organization\",\"name\":\"sxpowercase.com\",\"url\":\"https:\/\/sxflightcase.com\/th\/\",\"logo\":{\"@type\":\"ImageObject\",\"inLanguage\":\"de\",\"@id\":\"https:\/\/sxflightcase.com\/th\/#\/schema\/logo\/image\/\",\"url\":\"https:\/\/sxflightcase.com\/wp-content\/uploads\/2024\/04\/1713919036007.jpg\",\"contentUrl\":\"https:\/\/sxflightcase.com\/wp-content\/uploads\/2024\/04\/1713919036007.jpg\",\"width\":382,\"height\":388,\"caption\":\"sxpowercase.com\"},\"image\":{\"@id\":\"https:\/\/sxflightcase.com\/th\/#\/schema\/logo\/image\/\"},\"sameAs\":[\"https:\/\/www.facebook.com\/profile.php?id=61560407257971\"],\"numberOfEmployees\":{\"@type\":\"QuantitativeValue\",\"minValue\":\"11\",\"maxValue\":\"50\"}}]}<\/script>\n<!-- \/ Yoast SEO Premium plugin. -->","yoast_head_json":{"title":"Abs Flight Case - https:\/\/sxflightcase.com \ud83d\udc97","description":"Abs Flight Case: Entdecken Sie unsere werkseitigen Optionen, die eine professionelle Anpassung f\u00fcr eine effiziente Organisation und Aufbewahrung Ihrer Ausr\u00fcstung bieten.","robots":{"index":"index","follow":"follow","max-snippet":"max-snippet:-1","max-image-preview":"max-image-preview:large","max-video-preview":"max-video-preview:-1"},"canonical":"https:\/\/sxflightcase.com\/de\/produit\/flight-case-en-abs-2\/","og_locale":"de_DE","og_type":"article","og_title":"Abs Flight Case","og_description":"Abs Flight Case: Discover our factory-direct options, offering professional customization for efficient organization and storage of your equipment.","og_url":"https:\/\/sxflightcase.com\/de\/produit\/flight-case-en-abs-2\/","og_site_name":"https:\/\/sxflightcase.com","article_publisher":"https:\/\/www.facebook.com\/profile.php?id=61560407257971","article_modified_time":"2024-06-27T06:27:48+00:00","og_image":[{"width":750,"height":750,"url":"https:\/\/sxflightcase.com\/wp-content\/uploads\/2024\/05\/abs-flight-case03384556144.webp","type":"image\/webp"}],"twitter_card":"summary_large_image","twitter_misc":{"Gesch\u00e4tzte Lesezeit":"3\u00a0Minuten"},"schema":{"@context":"https:\/\/schema.org","@graph":[{"@type":"WebPage","@id":"https:\/\/sxflightcase.com\/fr\/produit\/flight-case-en-abs-2\/","url":"https:\/\/sxflightcase.com\/fr\/produit\/flight-case-en-abs-2\/","name":"Abs Flight Case - https:\/\/sxflightcase.com \ud83d\udc97","isPartOf":{"@id":"https:\/\/sxflightcase.com\/th\/#website"},"primaryImageOfPage":{"@id":"https:\/\/sxflightcase.com\/fr\/produit\/flight-case-en-abs-2\/#primaryimage"},"image":{"@id":"https:\/\/sxflightcase.com\/fr\/produit\/flight-case-en-abs-2\/#primaryimage"},"thumbnailUrl":"https:\/\/sxflightcase.com\/wp-content\/uploads\/2024\/05\/abs-flight-case03384556144.webp","datePublished":"2024-05-10T03:05:31+00:00","dateModified":"2024-06-27T06:27:48+00:00","description":"Abs Flight Case: Entdecken Sie unsere werkseitigen Optionen, die eine professionelle Anpassung f\u00fcr eine effiziente Organisation und Aufbewahrung Ihrer Ausr\u00fcstung bieten.","breadcrumb":{"@id":"https:\/\/sxflightcase.com\/fr\/produit\/flight-case-en-abs-2\/#breadcrumb"},"inLanguage":"de","potentialAction":[{"@type":"ReadAction","target":["https:\/\/sxflightcase.com\/fr\/produit\/flight-case-en-abs-2\/"]}]},{"@type":"ImageObject","inLanguage":"de","@id":"https:\/\/sxflightcase.com\/fr\/produit\/flight-case-en-abs-2\/#primaryimage","url":"https:\/\/sxflightcase.com\/wp-content\/uploads\/2024\/05\/abs-flight-case03384556144.webp","contentUrl":"https:\/\/sxflightcase.com\/wp-content\/uploads\/2024\/05\/abs-flight-case03384556144.webp","width":750,"height":750,"caption":"Abs Flight Case"},{"@type":"BreadcrumbList","@id":"https:\/\/sxflightcase.com\/fr\/produit\/flight-case-en-abs-2\/#breadcrumb","itemListElement":[{"@type":"ListItem","position":1,"name":"Home","item":"https:\/\/sxflightcase.com\/"},{"@type":"ListItem","position":2,"name":"\u0e2a\u0e34\u0e19\u0e04\u0e49\u0e32","item":"https:\/\/sxflightcase.com\/th\/shop\/"},{"@type":"ListItem","position":3,"name":"Abs Flight Case"}]},{"@type":"WebSite","@id":"https:\/\/sxflightcase.com\/th\/#website","url":"https:\/\/sxflightcase.com\/th\/","name":"www.sxpowercase.com","description":"Flight Case Fabrik","publisher":{"@id":"https:\/\/sxflightcase.com\/th\/#organization"},"potentialAction":[{"@type":"SearchAction","target":{"@type":"EntryPoint","urlTemplate":"https:\/\/sxflightcase.com\/th\/?s={search_term_string}"},"query-input":{"@type":"PropertyValueSpecification","valueRequired":true,"valueName":"search_term_string"}}],"inLanguage":"de"},{"@type":"Organization","@id":"https:\/\/sxflightcase.com\/th\/#organization","name":"www.sxpowercase.com","url":"https:\/\/sxflightcase.com\/th\/","logo":{"@type":"ImageObject","inLanguage":"de","@id":"https:\/\/sxflightcase.com\/th\/#\/schema\/logo\/image\/","url":"https:\/\/sxflightcase.com\/wp-content\/uploads\/2024\/04\/1713919036007.jpg","contentUrl":"https:\/\/sxflightcase.com\/wp-content\/uploads\/2024\/04\/1713919036007.jpg","width":382,"height":388,"caption":"sxpowercase.com"},"image":{"@id":"https:\/\/sxflightcase.com\/th\/#\/schema\/logo\/image\/"},"sameAs":["https:\/\/www.facebook.com\/profile.php?id=61560407257971"],"numberOfEmployees":{"@type":"QuantitativeValue","minValue":"11","maxValue":"50"}}]}},"_links":{"self":[{"href":"https:\/\/sxflightcase.com\/de\/wp-json\/wp\/v2\/product\/1693","targetHints":{"allow":["GET"]}}],"collection":[{"href":"https:\/\/sxflightcase.com\/de\/wp-json\/wp\/v2\/product"}],"about":[{"href":"https:\/\/sxflightcase.com\/de\/wp-json\/wp\/v2\/types\/product"}],"replies":[{"embeddable":true,"href":"https:\/\/sxflightcase.com\/de\/wp-json\/wp\/v2\/comments?post=1693"}],"version-history":[{"count":0,"href":"https:\/\/sxflightcase.com\/de\/wp-json\/wp\/v2\/product\/1693\/revisions"}],"wp:featuredmedia":[{"embeddable":true,"href":"https:\/\/sxflightcase.com\/de\/wp-json\/wp\/v2\/media\/1694"}],"wp:attachment":[{"href":"https:\/\/sxflightcase.com\/de\/wp-json\/wp\/v2\/media?parent=1693"}],"wp:term":[{"taxonomy":"product_brand","embeddable":true,"href":"https:\/\/sxflightcase.com\/de\/wp-json\/wp\/v2\/product_brand?post=1693"},{"taxonomy":"product_cat","embeddable":true,"href":"https:\/\/sxflightcase.com\/de\/wp-json\/wp\/v2\/product_cat?post=1693"},{"taxonomy":"product_tag","embeddable":true,"href":"https:\/\/sxflightcase.com\/de\/wp-json\/wp\/v2\/product_tag?post=1693"}],"curies":[{"name":"wp","href":"https:\/\/api.w.org\/{rel}","templated":true}]}}