{"id":1721,"date":"2024-05-10T04:57:40","date_gmt":"2024-05-10T03:57:40","guid":{"rendered":"https:\/\/sxpowercase.com\/?post_type=product&#038;p=1721"},"modified":"2024-06-21T02:32:51","modified_gmt":"2024-06-21T01:32:51","slug":"dual-15-inch-subwoofer-box","status":"publish","type":"product","link":"https:\/\/sxflightcase.com\/de\/produkt\/duale-15-zoll-subwoofer-box-2\/","title":{"rendered":"Duale 15-Zoll-Subwoofer-Box"},"content":{"rendered":"<h3><strong>Produktparameter (Spezifikation)<\/strong><\/h3>\n<section class=\"table-wrap\">\n<table class=\"table\" width=\"100%\" cellspacing=\"0\" cellpadding=\"0\">\n<tbody>\n<tr class=\"firstRow\">\n<td width=\"148\">Produktname:<\/td>\n<td width=\"569\">Doppelte 15-Zoll-Subwoofer-Box<\/td>\n<\/tr>\n<tr>\n<td width=\"148\">Dimension:<\/td>\n<td width=\"569\">H\u00e4ngt von der tats\u00e4chlichen Gr\u00f6\u00dfe der Ausr\u00fcstung ab<\/td>\n<\/tr>\n<tr>\n<td width=\"148\">Farbe:<\/td>\n<td width=\"569\">schwarz \/rot \/blau etc<\/td>\n<\/tr>\n<tr>\n<td width=\"148\">Materialien:<\/td>\n<td width=\"569\">Aluminium + Sperrholz + ABS-Platte+Hardware+Schaumstoff<\/td>\n<\/tr>\n<tr>\n<td width=\"148\">Logo:<\/td>\n<td width=\"569\">Verf\u00fcgbar f\u00fcr Siebdruck-Logo \/ Pr\u00e4ge-Logo \/ Laser-Logo<\/td>\n<\/tr>\n<tr>\n<td width=\"148\">Mindestbestellmenge:<\/td>\n<td width=\"569\">10 St\u00fcck<\/td>\n<\/tr>\n<tr>\n<td width=\"148\">Beispielzeit:<\/td>\n<td width=\"569\">5-7 Tage<\/td>\n<\/tr>\n<tr>\n<td width=\"148\">Produktionszeit:<\/td>\n<td width=\"569\">4 Wochen nach Auftragsbest\u00e4tigung<\/td>\n<\/tr>\n<tr>\n<td width=\"148\">Verschiffungshafen:<\/td>\n<td width=\"569\">Shenzhen, Guangzhou, Hongkong<\/td>\n<\/tr>\n<tr>\n<td width=\"148\">Handelsbedingungen:<\/td>\n<td width=\"569\">Ab Werk \/ FOB \/ CIF \/ DDU<\/td>\n<\/tr>\n<tr>\n<td width=\"148\">Zahlungsfrist:<\/td>\n<td width=\"569\">T\/T 30% Anzahlung und 70% vor Versand, L\/C bei Sicht, Western Union etc.<\/td>\n<\/tr>\n<tr>\n<td width=\"148\">Besonderheit:<\/td>\n<td width=\"569\">1) Design stilvoll, langlebig und wirtschaftlich<br \/>\n2) Feine Handwerkskunst und spezielles Design<br \/>\n3) Alle Designs, Logos k\u00f6nnen gedruckt oder gestickt werden<br \/>\n4) Kundenspezifische Gr\u00f6\u00dfen, Logos und Designs werden akzeptiert<\/td>\n<\/tr>\n<\/tbody>\n<\/table>\n<\/section>\n<section class=\"table-wrap\">\n<table class=\"table\" width=\"100%\" cellspacing=\"0\" cellpadding=\"0\">\n<tbody>\n<tr class=\"firstRow\">\n<td colspan=\"3\" width=\"100%\">Verpackung &amp; Versand<\/td>\n<\/tr>\n<tr>\n<td rowspan=\"3\" width=\"33%\">Lieferzeit<\/td>\n<td width=\"33%\">Auf dem Seeweg<\/td>\n<td width=\"33%\">15-60 Tage<\/td>\n<\/tr>\n<tr>\n<td width=\"33%\">Mit dem Flugzeug<\/td>\n<td width=\"33%\">4-9 Tage<\/td>\n<\/tr>\n<tr>\n<td width=\"33%\">Per Express<\/td>\n<td width=\"33%\">4-9 Tage<\/td>\n<\/tr>\n<tr>\n<td width=\"33%\">Lieferzeit<\/td>\n<td colspan=\"2\" width=\"66%\">7-15 Werktage oder nach Bedarf<\/td>\n<\/tr>\n<tr>\n<td width=\"33%\">Verpackung<\/td>\n<td colspan=\"2\" width=\"66%\">Durch Karton oder als Ihre Anforderung<\/td>\n<\/tr>\n<\/tbody>\n<\/table>\n<\/section>\n<h1><strong>Erleben Sie kraftvolle B\u00e4sse mit der SX Dual 15-Zoll-Subwoofer-Box<\/strong><\/h1>\n<h2>Unerreichte Klangqualit\u00e4t<\/h2>\n<p>Verbessern Sie Ihr Audioerlebnis mit dem <strong>Duale 15-Zoll-Subwoofer-Box<\/strong> von <a href=\"https:\/\/sxpowercase.com\/\" target=\"_blank\" rel=\"noopener\" title=\"SX\" data-wpil-monitor-id=\"112\">SX<\/a>. Diese Subwoofer-Box liefert tiefe, satte B\u00e4sse und verwandelt Ihre Musik- und Film-Soundtracks in ein beeindruckendes H\u00f6rerlebnis.<\/p>\n<h2>Perfekt f\u00fcr jeden Raum<\/h2>\n<h3>Vielseitig und kompakt<\/h3>\n<p>Der SX <strong>Duale 15-Zoll-Subwoofer-Box<\/strong> f\u00fcgt sich nahtlos in jedes Setup ein. Sein kompaktes Design geht keine Kompromisse bei der Leistung ein und ist somit ideal f\u00fcr Heim- und Auto-Audiosysteme. Genie\u00dfen Sie hochwertigen Klang, ohne Platz zu opfern.<\/p>\n<h2>Direkt vom Hersteller<\/h2>\n<h3>Direktverkauf ab Werk<\/h3>\n<p>Wenn Sie sich f\u00fcr SX entscheiden, profitieren Sie vom Direktverkauf ab Werk. Das bedeutet, dass Sie Produkte von h\u00f6chster Qualit\u00e4t zu unschlagbaren Preisen erhalten. Unser Engagement f\u00fcr Spitzenleistungen gew\u00e4hrleistet, dass Sie ein <strong>Duale 15-Zoll-Subwoofer-Box<\/strong> die den h\u00f6chsten Anspr\u00fcchen an Leistung und Haltbarkeit gen\u00fcgen.<\/p>\n<h2>Anpassbare Optionen<\/h2>\n<h3>Auf Ihre Bed\u00fcrfnisse zugeschnitten<\/h3>\n<p>SX bietet anpassbare Optionen, die Ihren spezifischen Anforderungen entsprechen. Ganz gleich, ob Sie eine bestimmte Oberfl\u00e4che, Gr\u00f6\u00dfe oder zus\u00e4tzliche Funktionen ben\u00f6tigen, unser Team ist bereit, Ihnen ein <strong>15 Zoll Subwoofer-Box<\/strong> die perfekt auf Ihre Bed\u00fcrfnisse zugeschnitten ist.<\/p>\n<h2>Verbessern Sie Ihr Audioerlebnis<\/h2>\n<h3>Professioneller Klang<\/h3>\n<p>Verwandeln Sie Ihr Audiosystem mit professionellem Sound. Der SX <strong>15 Zoll Subwoofer-Box<\/strong> wurde entwickelt, um klare, kraftvolle B\u00e4sse zu erzeugen, die jeden Beat verst\u00e4rken, was ihn zu einem Muss f\u00fcr Audio-Enthusiasten und Profis gleicherma\u00dfen macht.<\/p>\n<hr \/>\n<p>Erweitern Sie Ihr Audiosystem mit dem SX <strong>15 Zoll Subwoofer-Box<\/strong>. Kontaktieren Sie uns noch heute, um mehr \u00fcber unseren Direktvertrieb und unsere anpassbaren Optionen zu erfahren. Verbessern Sie Ihr Klangerlebnis mit SX.<\/p>\n<p><strong>H\u00e4ufig gestellte Fragen<\/strong><\/p>\n<p>F: K\u00f6nnen Sie unsere eigene Verpackung \u00fcbernehmen?<\/p>\n<p>A: Ja, Sie liefern nur das Verpackungsdesign und wir produzieren, was Sie m\u00f6chten. Wir haben auch einen professionellen Designer, der Ihnen beim Verpackungsdesign helfen kann.<\/p>\n<p>Q. K\u00f6nnen wir unser eigenes Logo drucken?<\/p>\n<p>A. Ja, wir bieten OEM-Service.<\/p>\n<p>F: Wie versenden Sie die Waren und wie lange dauert es, bis sie ankommen?<\/p>\n<p>A: Normalerweise Schiff auf dem Seeweg, k\u00f6nnen wir helfen, CIF-Preis oder ab Werk Preis.<\/p>\n<p>Hot Tags: Niedriger Preis, auf Lager, kostenlose Probe, Strom- und Signalkabel, 16 Gauge 4-Leiter-Kabel, Mikrofonst\u00e4ndergeh\u00e4use, Outdoor-LED-Vitrine, Rackmontage, 19-Zoll-Rackmount-Mixer-Flightcases, elektrische Verteilerbox, China, Lieferanten, Fabrik, kundenspezifisch, Gro\u00dfhandel, <span style=\"color: #993366;\"><a style=\"color: #993366;\" href=\"https:\/\/sxflightcase.com\/de\/product-category\/all-product\/power-distribution-boxes\/\">Stromk\u00e4sten<\/a>,\u00a0<a style=\"color: #993366;\" href=\"https:\/\/sxflightcase.com\/de\/product-category\/all-product\/hoist-controllers\/\">Stromkabel<\/a>,\u00a0<a style=\"color: #993366;\" href=\"https:\/\/sxflightcase.com\/de\/product-category\/all-product\/hoist-controllers\/\">Hubwerkssteuerungen<\/a>,\u00a0<a style=\"color: #993366;\" href=\"https:\/\/sxflightcase.com\/de\/product-category\/all-product\/flight-case\/\">Flightcases.<\/a><\/span><\/p>","protected":false},"excerpt":{"rendered":"<h2 class=\"prodetails-name\">Duale 15-Zoll-Subwoofer-Box<\/h2>\n<p>Von A nach B zu kommen ist nicht immer so einfach, wie es klingt. Garantieren Sie also die Sicherheit der Ausr\u00fcstung, die Sie transportieren, mit einem strapazierf\u00e4higen Stra\u00dfenkoffer. Die duale 15-Zoll-Subwoofer-Box ist aufgrund ihrer Vielseitigkeit eines der beliebtesten Flightcases auf dem Markt.<\/p>\n<h2><strong>Produktionseinf\u00fchrung<\/strong><\/h2>\n<p>Doppelte 15-Zoll-Subwoofer-Box<\/p>\n<p>Diese doppelte 15-Zoll-Subwoofer-Box mit abschlie\u00dfbaren Riegeln sorgt f\u00fcr Sicherheit, die intelligenten stapelbaren Ecken erm\u00f6glichen es Ihnen, mehrere Boxen mit gro\u00dfer Stabilit\u00e4t \u00fcbereinander zu stellen, und die versenkten Griffe sind bequem zu tragen. Hergestellt aus ABS-Kunststoff\/Plexiglas-Laminat, Schaumstoffauskleidung, Aluminiumprofilen und hochwertiger Hardware.<\/p>","protected":false},"featured_media":1722,"comment_status":"open","ping_status":"closed","template":"","meta":[],"product_brand":[],"product_cat":[41],"product_tag":[],"class_list":{"0":"post-1721","1":"product","2":"type-product","3":"status-publish","4":"has-post-thumbnail","6":"product_cat-equipment-cases","8":"first","9":"instock","10":"shipping-taxable","11":"product-type-simple"},"yoast_head":"<!-- This site is optimized with the Yoast SEO Premium plugin v27.1 (Yoast SEO v27.2) - https:\/\/yoast.com\/product\/yoast-seo-premium-wordpress\/ -->\n<title>Dual 15 Inch Subwoofer Box - https:\/\/sxflightcase.com \ud83d\udc97<\/title>\n<meta name=\"description\" content=\"Dual 15 Inch Subwoofer Box: Get factory-direct sales and professional customization for optimal protection and organization of your lighting equipment\" \/>\n<meta name=\"robots\" content=\"index, follow, max-snippet:-1, max-image-preview:large, max-video-preview:-1\" \/>\n<link rel=\"canonical\" href=\"https:\/\/sxflightcase.com\/de\/\u0e1c\u0e25\u0e34\u0e15\u0e20\u0e31\u0e13\u0e11\u0e4c\/dual-15-inch-subwoofer-box\/\" \/>\n<meta property=\"og:locale\" content=\"de_DE\" \/>\n<meta property=\"og:type\" content=\"article\" \/>\n<meta property=\"og:title\" content=\"Dual 15 Inch Subwoofer Box\" \/>\n<meta property=\"og:description\" content=\"Dual 15 Inch Subwoofer Box: Get factory-direct sales and professional customization for optimal protection and organization of your lighting equipment\" \/>\n<meta property=\"og:url\" content=\"https:\/\/sxflightcase.com\/de\/\u0e1c\u0e25\u0e34\u0e15\u0e20\u0e31\u0e13\u0e11\u0e4c\/dual-15-inch-subwoofer-box\/\" \/>\n<meta property=\"og:site_name\" content=\"https:\/\/sxflightcase.com\" \/>\n<meta property=\"article:publisher\" content=\"https:\/\/www.facebook.com\/profile.php?id=61560407257971\" \/>\n<meta property=\"article:modified_time\" content=\"2024-06-21T01:32:51+00:00\" \/>\n<meta property=\"og:image\" content=\"https:\/\/sxflightcase.com\/wp-content\/uploads\/2024\/05\/dual-15-inch-subwoofer-box34149732810.webp\" \/>\n\t<meta property=\"og:image:width\" content=\"700\" \/>\n\t<meta property=\"og:image:height\" content=\"700\" \/>\n\t<meta property=\"og:image:type\" content=\"image\/webp\" \/>\n<meta name=\"twitter:card\" content=\"summary_large_image\" \/>\n<meta name=\"twitter:label1\" content=\"Gesch\u00e4tzte Lesezeit\" \/>\n\t<meta name=\"twitter:data1\" content=\"4\u00a0Minuten\" \/>\n<script type=\"application\/ld+json\" class=\"yoast-schema-graph\">{\"@context\":\"https:\/\/schema.org\",\"@graph\":[{\"@type\":\"WebPage\",\"@id\":\"https:\/\/sxflightcase.com\/th\/\u0e1c\u0e25\u0e34\u0e15\u0e20\u0e31\u0e13\u0e11\u0e4c\/dual-15-inch-subwoofer-box\/\",\"url\":\"https:\/\/sxflightcase.com\/th\/\u0e1c\u0e25\u0e34\u0e15\u0e20\u0e31\u0e13\u0e11\u0e4c\/dual-15-inch-subwoofer-box\/\",\"name\":\"Dual 15 Inch Subwoofer Box - https:\/\/sxflightcase.com \ud83d\udc97\",\"isPartOf\":{\"@id\":\"https:\/\/sxflightcase.com\/th\/#website\"},\"primaryImageOfPage\":{\"@id\":\"https:\/\/sxflightcase.com\/th\/\u0e1c\u0e25\u0e34\u0e15\u0e20\u0e31\u0e13\u0e11\u0e4c\/dual-15-inch-subwoofer-box\/#primaryimage\"},\"image\":{\"@id\":\"https:\/\/sxflightcase.com\/th\/\u0e1c\u0e25\u0e34\u0e15\u0e20\u0e31\u0e13\u0e11\u0e4c\/dual-15-inch-subwoofer-box\/#primaryimage\"},\"thumbnailUrl\":\"https:\/\/sxflightcase.com\/wp-content\/uploads\/2024\/05\/dual-15-inch-subwoofer-box34149732810.webp\",\"datePublished\":\"2024-05-10T03:57:40+00:00\",\"dateModified\":\"2024-06-21T01:32:51+00:00\",\"description\":\"Dual 15 Inch Subwoofer Box: Get factory-direct sales and professional customization for optimal protection and organization of your lighting equipment\",\"breadcrumb\":{\"@id\":\"https:\/\/sxflightcase.com\/th\/\u0e1c\u0e25\u0e34\u0e15\u0e20\u0e31\u0e13\u0e11\u0e4c\/dual-15-inch-subwoofer-box\/#breadcrumb\"},\"inLanguage\":\"de\",\"potentialAction\":[{\"@type\":\"ReadAction\",\"target\":[\"https:\/\/sxflightcase.com\/th\/\u0e1c\u0e25\u0e34\u0e15\u0e20\u0e31\u0e13\u0e11\u0e4c\/dual-15-inch-subwoofer-box\/\"]}]},{\"@type\":\"ImageObject\",\"inLanguage\":\"de\",\"@id\":\"https:\/\/sxflightcase.com\/th\/\u0e1c\u0e25\u0e34\u0e15\u0e20\u0e31\u0e13\u0e11\u0e4c\/dual-15-inch-subwoofer-box\/#primaryimage\",\"url\":\"https:\/\/sxflightcase.com\/wp-content\/uploads\/2024\/05\/dual-15-inch-subwoofer-box34149732810.webp\",\"contentUrl\":\"https:\/\/sxflightcase.com\/wp-content\/uploads\/2024\/05\/dual-15-inch-subwoofer-box34149732810.webp\",\"width\":700,\"height\":700,\"caption\":\"Dual 15 Inch Subwoofer Box\"},{\"@type\":\"BreadcrumbList\",\"@id\":\"https:\/\/sxflightcase.com\/th\/\u0e1c\u0e25\u0e34\u0e15\u0e20\u0e31\u0e13\u0e11\u0e4c\/dual-15-inch-subwoofer-box\/#breadcrumb\",\"itemListElement\":[{\"@type\":\"ListItem\",\"position\":1,\"name\":\"Home\",\"item\":\"https:\/\/sxflightcase.com\/\"},{\"@type\":\"ListItem\",\"position\":2,\"name\":\"\u0e2a\u0e34\u0e19\u0e04\u0e49\u0e32\",\"item\":\"https:\/\/sxflightcase.com\/th\/shop\/\"},{\"@type\":\"ListItem\",\"position\":3,\"name\":\"Dual 15 Inch Subwoofer Box\"}]},{\"@type\":\"WebSite\",\"@id\":\"https:\/\/sxflightcase.com\/th\/#website\",\"url\":\"https:\/\/sxflightcase.com\/th\/\",\"name\":\"sxpowercase.com\",\"description\":\"Flight Case Factory\",\"publisher\":{\"@id\":\"https:\/\/sxflightcase.com\/th\/#organization\"},\"potentialAction\":[{\"@type\":\"SearchAction\",\"target\":{\"@type\":\"EntryPoint\",\"urlTemplate\":\"https:\/\/sxflightcase.com\/th\/?s={search_term_string}\"},\"query-input\":{\"@type\":\"PropertyValueSpecification\",\"valueRequired\":true,\"valueName\":\"search_term_string\"}}],\"inLanguage\":\"de\"},{\"@type\":\"Organization\",\"@id\":\"https:\/\/sxflightcase.com\/th\/#organization\",\"name\":\"sxpowercase.com\",\"url\":\"https:\/\/sxflightcase.com\/th\/\",\"logo\":{\"@type\":\"ImageObject\",\"inLanguage\":\"de\",\"@id\":\"https:\/\/sxflightcase.com\/th\/#\/schema\/logo\/image\/\",\"url\":\"https:\/\/sxflightcase.com\/wp-content\/uploads\/2024\/04\/1713919036007.jpg\",\"contentUrl\":\"https:\/\/sxflightcase.com\/wp-content\/uploads\/2024\/04\/1713919036007.jpg\",\"width\":382,\"height\":388,\"caption\":\"sxpowercase.com\"},\"image\":{\"@id\":\"https:\/\/sxflightcase.com\/th\/#\/schema\/logo\/image\/\"},\"sameAs\":[\"https:\/\/www.facebook.com\/profile.php?id=61560407257971\"],\"numberOfEmployees\":{\"@type\":\"QuantitativeValue\",\"minValue\":\"11\",\"maxValue\":\"50\"}}]}<\/script>\n<!-- \/ Yoast SEO Premium plugin. -->","yoast_head_json":{"title":"Dual 15 Inch Subwoofer Box - https:\/\/sxflightcase.com \ud83d\udc97","description":"Duale 15-Zoll-Subwoofer-Box: Direktverkauf ab Werk und professionelle Anpassung f\u00fcr optimalen Schutz und Organisation Ihrer Beleuchtungsausr\u00fcstung","robots":{"index":"index","follow":"follow","max-snippet":"max-snippet:-1","max-image-preview":"max-image-preview:large","max-video-preview":"max-video-preview:-1"},"canonical":"https:\/\/sxflightcase.com\/de\/\u0e1c\u0e25\u0e34\u0e15\u0e20\u0e31\u0e13\u0e11\u0e4c\/dual-15-inch-subwoofer-box\/","og_locale":"de_DE","og_type":"article","og_title":"Dual 15 Inch Subwoofer Box","og_description":"Dual 15 Inch Subwoofer Box: Get factory-direct sales and professional customization for optimal protection and organization of your lighting equipment","og_url":"https:\/\/sxflightcase.com\/de\/\u0e1c\u0e25\u0e34\u0e15\u0e20\u0e31\u0e13\u0e11\u0e4c\/dual-15-inch-subwoofer-box\/","og_site_name":"https:\/\/sxflightcase.com","article_publisher":"https:\/\/www.facebook.com\/profile.php?id=61560407257971","article_modified_time":"2024-06-21T01:32:51+00:00","og_image":[{"width":700,"height":700,"url":"https:\/\/sxflightcase.com\/wp-content\/uploads\/2024\/05\/dual-15-inch-subwoofer-box34149732810.webp","type":"image\/webp"}],"twitter_card":"summary_large_image","twitter_misc":{"Gesch\u00e4tzte Lesezeit":"4\u00a0Minuten"},"schema":{"@context":"https:\/\/schema.org","@graph":[{"@type":"WebPage","@id":"https:\/\/sxflightcase.com\/th\/\u0e1c\u0e25\u0e34\u0e15\u0e20\u0e31\u0e13\u0e11\u0e4c\/dual-15-inch-subwoofer-box\/","url":"https:\/\/sxflightcase.com\/th\/\u0e1c\u0e25\u0e34\u0e15\u0e20\u0e31\u0e13\u0e11\u0e4c\/dual-15-inch-subwoofer-box\/","name":"Dual 15 Inch Subwoofer Box - https:\/\/sxflightcase.com \ud83d\udc97","isPartOf":{"@id":"https:\/\/sxflightcase.com\/th\/#website"},"primaryImageOfPage":{"@id":"https:\/\/sxflightcase.com\/th\/\u0e1c\u0e25\u0e34\u0e15\u0e20\u0e31\u0e13\u0e11\u0e4c\/dual-15-inch-subwoofer-box\/#primaryimage"},"image":{"@id":"https:\/\/sxflightcase.com\/th\/\u0e1c\u0e25\u0e34\u0e15\u0e20\u0e31\u0e13\u0e11\u0e4c\/dual-15-inch-subwoofer-box\/#primaryimage"},"thumbnailUrl":"https:\/\/sxflightcase.com\/wp-content\/uploads\/2024\/05\/dual-15-inch-subwoofer-box34149732810.webp","datePublished":"2024-05-10T03:57:40+00:00","dateModified":"2024-06-21T01:32:51+00:00","description":"Duale 15-Zoll-Subwoofer-Box: Direktverkauf ab Werk und professionelle Anpassung f\u00fcr optimalen Schutz und Organisation Ihrer Beleuchtungsausr\u00fcstung","breadcrumb":{"@id":"https:\/\/sxflightcase.com\/th\/\u0e1c\u0e25\u0e34\u0e15\u0e20\u0e31\u0e13\u0e11\u0e4c\/dual-15-inch-subwoofer-box\/#breadcrumb"},"inLanguage":"de","potentialAction":[{"@type":"ReadAction","target":["https:\/\/sxflightcase.com\/th\/\u0e1c\u0e25\u0e34\u0e15\u0e20\u0e31\u0e13\u0e11\u0e4c\/dual-15-inch-subwoofer-box\/"]}]},{"@type":"ImageObject","inLanguage":"de","@id":"https:\/\/sxflightcase.com\/th\/\u0e1c\u0e25\u0e34\u0e15\u0e20\u0e31\u0e13\u0e11\u0e4c\/dual-15-inch-subwoofer-box\/#primaryimage","url":"https:\/\/sxflightcase.com\/wp-content\/uploads\/2024\/05\/dual-15-inch-subwoofer-box34149732810.webp","contentUrl":"https:\/\/sxflightcase.com\/wp-content\/uploads\/2024\/05\/dual-15-inch-subwoofer-box34149732810.webp","width":700,"height":700,"caption":"Dual 15 Inch Subwoofer Box"},{"@type":"BreadcrumbList","@id":"https:\/\/sxflightcase.com\/th\/\u0e1c\u0e25\u0e34\u0e15\u0e20\u0e31\u0e13\u0e11\u0e4c\/dual-15-inch-subwoofer-box\/#breadcrumb","itemListElement":[{"@type":"ListItem","position":1,"name":"Home","item":"https:\/\/sxflightcase.com\/"},{"@type":"ListItem","position":2,"name":"\u0e2a\u0e34\u0e19\u0e04\u0e49\u0e32","item":"https:\/\/sxflightcase.com\/th\/shop\/"},{"@type":"ListItem","position":3,"name":"Dual 15 Inch Subwoofer Box"}]},{"@type":"WebSite","@id":"https:\/\/sxflightcase.com\/th\/#website","url":"https:\/\/sxflightcase.com\/th\/","name":"www.sxpowercase.com","description":"Flight Case Fabrik","publisher":{"@id":"https:\/\/sxflightcase.com\/th\/#organization"},"potentialAction":[{"@type":"SearchAction","target":{"@type":"EntryPoint","urlTemplate":"https:\/\/sxflightcase.com\/th\/?s={search_term_string}"},"query-input":{"@type":"PropertyValueSpecification","valueRequired":true,"valueName":"search_term_string"}}],"inLanguage":"de"},{"@type":"Organization","@id":"https:\/\/sxflightcase.com\/th\/#organization","name":"www.sxpowercase.com","url":"https:\/\/sxflightcase.com\/th\/","logo":{"@type":"ImageObject","inLanguage":"de","@id":"https:\/\/sxflightcase.com\/th\/#\/schema\/logo\/image\/","url":"https:\/\/sxflightcase.com\/wp-content\/uploads\/2024\/04\/1713919036007.jpg","contentUrl":"https:\/\/sxflightcase.com\/wp-content\/uploads\/2024\/04\/1713919036007.jpg","width":382,"height":388,"caption":"sxpowercase.com"},"image":{"@id":"https:\/\/sxflightcase.com\/th\/#\/schema\/logo\/image\/"},"sameAs":["https:\/\/www.facebook.com\/profile.php?id=61560407257971"],"numberOfEmployees":{"@type":"QuantitativeValue","minValue":"11","maxValue":"50"}}]}},"_links":{"self":[{"href":"https:\/\/sxflightcase.com\/de\/wp-json\/wp\/v2\/product\/1721","targetHints":{"allow":["GET"]}}],"collection":[{"href":"https:\/\/sxflightcase.com\/de\/wp-json\/wp\/v2\/product"}],"about":[{"href":"https:\/\/sxflightcase.com\/de\/wp-json\/wp\/v2\/types\/product"}],"replies":[{"embeddable":true,"href":"https:\/\/sxflightcase.com\/de\/wp-json\/wp\/v2\/comments?post=1721"}],"version-history":[{"count":0,"href":"https:\/\/sxflightcase.com\/de\/wp-json\/wp\/v2\/product\/1721\/revisions"}],"wp:featuredmedia":[{"embeddable":true,"href":"https:\/\/sxflightcase.com\/de\/wp-json\/wp\/v2\/media\/1722"}],"wp:attachment":[{"href":"https:\/\/sxflightcase.com\/de\/wp-json\/wp\/v2\/media?parent=1721"}],"wp:term":[{"taxonomy":"product_brand","embeddable":true,"href":"https:\/\/sxflightcase.com\/de\/wp-json\/wp\/v2\/product_brand?post=1721"},{"taxonomy":"product_cat","embeddable":true,"href":"https:\/\/sxflightcase.com\/de\/wp-json\/wp\/v2\/product_cat?post=1721"},{"taxonomy":"product_tag","embeddable":true,"href":"https:\/\/sxflightcase.com\/de\/wp-json\/wp\/v2\/product_tag?post=1721"}],"curies":[{"name":"wp","href":"https:\/\/api.w.org\/{rel}","templated":true}]}}