{"id":1746,"date":"2024-05-10T07:01:54","date_gmt":"2024-05-10T06:01:54","guid":{"rendered":"https:\/\/sxpowercase.com\/?post_type=product&#038;p=1746"},"modified":"2024-06-21T03:08:34","modified_gmt":"2024-06-21T02:08:34","slug":"tv-rack-cabinet","status":"publish","type":"product","link":"https:\/\/sxflightcase.com\/de\/produkt\/tv-regalschrank-2\/","title":{"rendered":"TV-Rack-Schrank"},"content":{"rendered":"<p><strong>Produktparameter (Spezifikation)<\/strong><\/p>\n<section class=\"table-wrap\">\n<table class=\"table\" width=\"100%\" cellspacing=\"0\" cellpadding=\"0\">\n<tbody>\n<tr class=\"firstRow\">\n<td width=\"134\">Produktname<\/td>\n<td width=\"504\">TV-Regalschrank<\/td>\n<\/tr>\n<tr>\n<td width=\"134\">Materialien<\/td>\n<td width=\"504\">Aluminiumrahmen + 9mm Sperrholz<br \/>\n4 x Schmetterlingsverschluss mit Schlaufen f\u00fcr ein Vorh\u00e4ngeschloss (Vorh\u00e4ngeschloss nicht im Lieferumfang enthalten)<br \/>\nVollst\u00e4ndig mit Plastazote-Schaumstoff gepolstert<br \/>\n4x 100-mm-Gummirollen, die \u00fcber 15-mm-Birchply-Radplatten mit dem Geh\u00e4use verschraubt sind (2 davon mit Feststellbremsen) Kostenoption<\/td>\n<\/tr>\n<tr>\n<td width=\"134\">Farbe<\/td>\n<td width=\"504\">Schwarz, Blau, Rot oder Benutzerdefiniert<\/td>\n<\/tr>\n<tr>\n<td width=\"134\">Verwendung<\/td>\n<td width=\"504\">Transportlagerung sch\u00fctzen<\/td>\n<\/tr>\n<\/tbody>\n<\/table>\n<\/section>\n<p><strong>Verpackung und Versand<\/strong><\/p>\n<section class=\"table-wrap\">\n<table class=\"table\" width=\"100%\" cellspacing=\"0\" cellpadding=\"0\">\n<tbody>\n<tr class=\"firstRow\">\n<td colspan=\"3\" width=\"100%\">Verpackung &amp; Versand<\/td>\n<\/tr>\n<tr>\n<td rowspan=\"3\" width=\"31%\">Versandzeit<\/td>\n<td width=\"34%\">Auf dem Seeweg<\/td>\n<td width=\"33%\">15-60 Tage<\/td>\n<\/tr>\n<tr>\n<td width=\"34%\">Mit dem Flugzeug<\/td>\n<td width=\"33%\">5-7 Tage<\/td>\n<\/tr>\n<tr>\n<td width=\"34%\">Per Express<\/td>\n<td width=\"33%\">5-7 Tage<\/td>\n<\/tr>\n<tr>\n<td width=\"31%\">Lieferzeit<\/td>\n<td colspan=\"2\" width=\"68%\">7-10 Arbeitsstunden oder nach Bedarf<\/td>\n<\/tr>\n<tr>\n<td width=\"31%\">Verpackung<\/td>\n<td colspan=\"2\" width=\"68%\">kartonweise oder nach Wunsch<\/td>\n<\/tr>\n<\/tbody>\n<\/table>\n<\/section>\n<h1>Verwandeln Sie Ihren Lebensraum mit dem TV-Regalschrank von SX<\/h1>\n<h2>Elegantes und funktionales Design<\/h2>\n<p>Versch\u00f6nern Sie Ihr Wohnzimmer mit dem <strong>TV-Rack-Schrank<\/strong> von <a href=\"https:\/\/sxpowercase.com\/\" target=\"_blank\" rel=\"noopener\" title=\"SX\" data-wpil-monitor-id=\"117\">SX<\/a>. Unser TV-Regalschrank verbindet Eleganz mit Funktionalit\u00e4t und bietet eine stilvolle L\u00f6sung f\u00fcr Ihre Unterhaltungsbed\u00fcrfnisse. Mit reichlich Stauraum und einem eleganten Design wertet er jeden Raum \u00e4sthetisch auf und sorgt gleichzeitig f\u00fcr Ordnung in Ihrem Medienbestand.<\/p>\n<h2>Hochwertige Materialien<\/h2>\n<h3>Gebaut f\u00fcr die Ewigkeit<\/h3>\n<p>Der SX <strong>TV-Rack-Schrank<\/strong> ist aus erstklassigen Materialien gefertigt, die Langlebigkeit und Strapazierf\u00e4higkeit garantieren. Die robuste Konstruktion unterst\u00fctzt Ihren Fernseher und andere Medienger\u00e4te und bietet eine zuverl\u00e4ssige und stilvolle Erg\u00e4nzung f\u00fcr Ihr Zuhause. Die hochwertigen Oberfl\u00e4chen verleihen Ihrem Wohnbereich einen Hauch von Raffinesse.<\/p>\n<h2>Direktverkauf ab Werk<\/h2>\n<h3>Erschwingliche Exzellenz<\/h3>\n<p>Wir von SX sind bestrebt, qualitativ hochwertige Produkte zu wettbewerbsf\u00e4higen Preisen anzubieten. Durch den Direktvertrieb ab Werk k\u00f6nnen wir den Zwischenh\u00e4ndler ausschalten und sicherstellen, dass Sie den besten Gegenwert f\u00fcr Ihr Geld erhalten. Die <strong>TV-Rack-Schrank<\/strong> bietet \u00fcberragende Qualit\u00e4t und Design, ohne den Geldbeutel zu sprengen, und ist damit eine hervorragende Investition f\u00fcr Ihr Zuhause.<\/p>\n<h2>Anpassungsoptionen<\/h2>\n<h3>Auf Ihre Bed\u00fcrfnisse zugeschnitten<\/h3>\n<p>Wir wissen, dass jedes Haus einzigartig ist. Deshalb bietet SX individuelle Anpassungsm\u00f6glichkeiten f\u00fcr unsere <strong>TV-Rack-Schrank<\/strong>. Ganz gleich, ob Sie bestimmte Abmessungen, Oberfl\u00e4chen oder zus\u00e4tzliche Funktionen ben\u00f6tigen, unser Team ist bereit, einen Schrank zu entwerfen, der genau Ihren Anforderungen entspricht. Genie\u00dfen Sie eine individuelle L\u00f6sung, die Ihre Einrichtung erg\u00e4nzt und Ihren Stauraumbedarf erf\u00fcllt.<\/p>\n<h2>Verbessern Sie Ihr Unterhaltungserlebnis<\/h2>\n<h3>Organisiert und stilvoll<\/h3>\n<p>Der SX <strong>TV-Rack-Schrank<\/strong> bietet nicht nur Platz f\u00fcr Ihren Fernseher, sondern auch f\u00fcr Ihr Medienzubeh\u00f6r, Ihre Spielekonsolen und vieles mehr. Mit unseren durchdachten F\u00e4chern und Regalen bleibt Ihr Wohnzimmer aufger\u00e4umt und \u00fcbersichtlich. Das schlichte und moderne Design des Schranks unterstreicht das Gesamtbild Ihres Unterhaltungsbereichs.<\/p>\n<hr \/>\n<p>Geben Sie sich nicht mit weniger zufrieden, wenn es um Ihr Home-Entertainment-System geht. Erh\u00f6hen Sie Ihren Raum mit dem SX <strong>TV-Rack-Schrank<\/strong>. Kontaktieren Sie uns noch heute, um mehr \u00fcber unseren Direktvertrieb und unsere Anpassungsm\u00f6glichkeiten zu erfahren. Erleben Sie die perfekte Mischung aus Stil und Funktionalit\u00e4t mit SX und genie\u00dfen Sie ein gut organisiertes, \u00e4sthetisch ansprechendes Wohnzimmer.<\/p>\n<p><strong>H\u00e4ufig gestellte Fragen<\/strong><\/p>\n<p>F: Wie lange ist Ihre Lieferzeit?<\/p>\n<p>A: Die allgemeine Lieferzeit betr\u00e4gt 15-20 Tage nach Erhalt Ihrer Auftragsbest\u00e4tigung. Anther, wenn wir die Waren auf Lager haben, wird es nur 1-2 Tage dauern.<\/p>\n<p>Q: Haben Sie ein MOQ-Limit?<\/p>\n<p>A: Niedriges MOQ, 1 pc f\u00fcr Probepr\u00fcfung ist verf\u00fcgbar.<\/p>\n<p>F: Wie versenden Sie die Waren und wie lange dauert es, bis sie ankommen?<\/p>\n<p>A: Normalerweise Schiff auf dem Seeweg, k\u00f6nnen wir helfen, CIF-Preis oder ab Werk Preis.<\/p>\n<p>Hot Tags: Niedriger Preis, auf Lager, kostenlose Probe, Strom- und Signalkabel, 16 Gauge 4-Leiter-Kabel, Mikrofonst\u00e4ndergeh\u00e4use, Outdoor-LED-Vitrine, Rackmontage, 19-Zoll-Rackmount-Mixer-Flightcases, elektrische Verteilerbox, China, Lieferanten, Fabrik, kundenspezifisch, Gro\u00dfhandel, <span style=\"color: #993366;\"><a style=\"color: #993366;\" href=\"https:\/\/sxflightcase.com\/de\/product-category\/all-product\/power-distribution-boxes\/\">Stromk\u00e4sten<\/a>,\u00a0<a style=\"color: #993366;\" href=\"https:\/\/sxflightcase.com\/de\/product-category\/all-product\/hoist-controllers\/\">Stromkabel<\/a>,\u00a0<a style=\"color: #993366;\" href=\"https:\/\/sxflightcase.com\/de\/product-category\/all-product\/hoist-controllers\/\">Hubwerkssteuerungen<\/a>,\u00a0<a style=\"color: #993366;\" href=\"https:\/\/sxflightcase.com\/de\/product-category\/all-product\/flight-case\/\">Flightcases.<\/a><\/span><\/p>","protected":false},"excerpt":{"rendered":"<h2 class=\"prodetails-name\">TV-Rack-Schrank<\/h2>\n<p>Shengxiang Flight Cases gibt es schon seit \u00fcber 10 Jahren. Alle Koffer werden hier in China selbst entwickelt. Shengxiang hat sich einen guten Ruf f\u00fcr die Herstellung von hochwertigen, strapazierf\u00e4higen Koffern erworben. Diese hervorragenden Schutzkoffer bieten einen sicheren Transport f\u00fcr zerbrechliche oder teure Ausr\u00fcstung und sind die erste Wahl von Profis auf der ganzen Welt.<\/p>\n<h2><strong>Produktionseinf\u00fchrung<\/strong><\/h2>\n<p>- Typ: Abnehmbarer Deckel<\/p>\n<p>- Material: 9mm Schwarzes Finish<\/p>\n<p>- Starke Belastung <a class=\"wpil_keyword_link\" href=\"https:\/\/sxpowercase.com\/product-category\/all-product\/flight-case\/\" target=\"_blank\" rel=\"noopener\" title=\"Flightcase\" data-wpil-keyword-link=\"linked\" data-wpil-monitor-id=\"414\">Flightcase<\/a> Beschl\u00e4ge<\/p>\n<p>- Schaumstoff: Mit hochdichtem Schaumstoff ausgekleidet und mit st\u00fctzenden Schaumstoffbl\u00f6cken, die den Fernseher an seinem Platz halten<\/p>\n<p>- Schaumstoff: Deckel mit St\u00fctzbl\u00f6cken gesch\u00e4umt, um maximalen Schutz zu gew\u00e4hrleisten<\/p>\n<p>- Rollen: 100mm Rollen montiert (x2 Bremsen)<\/p>","protected":false},"featured_media":1747,"comment_status":"open","ping_status":"closed","template":"","meta":[],"product_brand":[],"product_cat":[41],"product_tag":[],"class_list":{"0":"post-1746","1":"product","2":"type-product","3":"status-publish","4":"has-post-thumbnail","6":"product_cat-equipment-cases","8":"first","9":"instock","10":"shipping-taxable","11":"product-type-simple"},"yoast_head":"<!-- This site is optimized with the Yoast SEO Premium plugin v27.1 (Yoast SEO v27.2) - https:\/\/yoast.com\/product\/yoast-seo-premium-wordpress\/ -->\n<title>TV Rack Cabinet - https:\/\/sxflightcase.com \ud83d\udc97<\/title>\n<meta name=\"description\" content=\"TV Rack Cabinet: Explore our factory-direct options for professional customization, perfect for organizing and displaying your television and media equipment.\" \/>\n<meta name=\"robots\" content=\"index, follow, max-snippet:-1, max-image-preview:large, max-video-preview:-1\" \/>\n<link rel=\"canonical\" href=\"https:\/\/sxflightcase.com\/de\/\u0645\u0646\u062a\u062c\/\u062e\u0632\u0627\u0646\u0629-\u0631\u0641-\u0627\u0644\u062a\u0644\u0641\u0632\u064a\u0648\u0646\/\" \/>\n<meta property=\"og:locale\" content=\"de_DE\" \/>\n<meta property=\"og:type\" content=\"article\" \/>\n<meta property=\"og:title\" content=\"TV Rack Cabinet\" \/>\n<meta property=\"og:description\" content=\"TV Rack Cabinet: Explore our factory-direct options for professional customization, perfect for organizing and displaying your television and media equipment.\" \/>\n<meta property=\"og:url\" content=\"https:\/\/sxflightcase.com\/de\/\u0645\u0646\u062a\u062c\/\u062e\u0632\u0627\u0646\u0629-\u0631\u0641-\u0627\u0644\u062a\u0644\u0641\u0632\u064a\u0648\u0646\/\" \/>\n<meta property=\"og:site_name\" content=\"https:\/\/sxflightcase.com\" \/>\n<meta property=\"article:publisher\" content=\"https:\/\/www.facebook.com\/profile.php?id=61560407257971\" \/>\n<meta property=\"article:modified_time\" content=\"2024-06-21T02:08:34+00:00\" \/>\n<meta property=\"og:image\" content=\"https:\/\/sxflightcase.com\/wp-content\/uploads\/2024\/05\/tv-rack-cabinet09272992629.webp\" \/>\n\t<meta property=\"og:image:width\" content=\"700\" \/>\n\t<meta property=\"og:image:height\" content=\"700\" \/>\n\t<meta property=\"og:image:type\" content=\"image\/webp\" \/>\n<meta name=\"twitter:card\" content=\"summary_large_image\" \/>\n<meta name=\"twitter:label1\" content=\"Gesch\u00e4tzte Lesezeit\" \/>\n\t<meta name=\"twitter:data1\" content=\"4\u00a0Minuten\" \/>\n<script type=\"application\/ld+json\" class=\"yoast-schema-graph\">{\"@context\":\"https:\/\/schema.org\",\"@graph\":[{\"@type\":\"WebPage\",\"@id\":\"https:\/\/sxflightcase.com\/ar\/\u0645\u0646\u062a\u062c\/\u062e\u0632\u0627\u0646\u0629-\u0631\u0641-\u0627\u0644\u062a\u0644\u0641\u0632\u064a\u0648\u0646\/\",\"url\":\"https:\/\/sxflightcase.com\/ar\/\u0645\u0646\u062a\u062c\/\u062e\u0632\u0627\u0646\u0629-\u0631\u0641-\u0627\u0644\u062a\u0644\u0641\u0632\u064a\u0648\u0646\/\",\"name\":\"TV Rack Cabinet - https:\/\/sxflightcase.com \ud83d\udc97\",\"isPartOf\":{\"@id\":\"https:\/\/sxflightcase.com\/th\/#website\"},\"primaryImageOfPage\":{\"@id\":\"https:\/\/sxflightcase.com\/ar\/\u0645\u0646\u062a\u062c\/\u062e\u0632\u0627\u0646\u0629-\u0631\u0641-\u0627\u0644\u062a\u0644\u0641\u0632\u064a\u0648\u0646\/#primaryimage\"},\"image\":{\"@id\":\"https:\/\/sxflightcase.com\/ar\/\u0645\u0646\u062a\u062c\/\u062e\u0632\u0627\u0646\u0629-\u0631\u0641-\u0627\u0644\u062a\u0644\u0641\u0632\u064a\u0648\u0646\/#primaryimage\"},\"thumbnailUrl\":\"https:\/\/sxflightcase.com\/wp-content\/uploads\/2024\/05\/tv-rack-cabinet09272992629.webp\",\"datePublished\":\"2024-05-10T06:01:54+00:00\",\"dateModified\":\"2024-06-21T02:08:34+00:00\",\"description\":\"TV Rack Cabinet: Explore our factory-direct options for professional customization, perfect for organizing and displaying your television and media equipment.\",\"breadcrumb\":{\"@id\":\"https:\/\/sxflightcase.com\/ar\/\u0645\u0646\u062a\u062c\/\u062e\u0632\u0627\u0646\u0629-\u0631\u0641-\u0627\u0644\u062a\u0644\u0641\u0632\u064a\u0648\u0646\/#breadcrumb\"},\"inLanguage\":\"de\",\"potentialAction\":[{\"@type\":\"ReadAction\",\"target\":[\"https:\/\/sxflightcase.com\/ar\/\u0645\u0646\u062a\u062c\/\u062e\u0632\u0627\u0646\u0629-\u0631\u0641-\u0627\u0644\u062a\u0644\u0641\u0632\u064a\u0648\u0646\/\"]}]},{\"@type\":\"ImageObject\",\"inLanguage\":\"de\",\"@id\":\"https:\/\/sxflightcase.com\/ar\/\u0645\u0646\u062a\u062c\/\u062e\u0632\u0627\u0646\u0629-\u0631\u0641-\u0627\u0644\u062a\u0644\u0641\u0632\u064a\u0648\u0646\/#primaryimage\",\"url\":\"https:\/\/sxflightcase.com\/wp-content\/uploads\/2024\/05\/tv-rack-cabinet09272992629.webp\",\"contentUrl\":\"https:\/\/sxflightcase.com\/wp-content\/uploads\/2024\/05\/tv-rack-cabinet09272992629.webp\",\"width\":700,\"height\":700,\"caption\":\"TV Rack Cabinet\"},{\"@type\":\"BreadcrumbList\",\"@id\":\"https:\/\/sxflightcase.com\/ar\/\u0645\u0646\u062a\u062c\/\u062e\u0632\u0627\u0646\u0629-\u0631\u0641-\u0627\u0644\u062a\u0644\u0641\u0632\u064a\u0648\u0646\/#breadcrumb\",\"itemListElement\":[{\"@type\":\"ListItem\",\"position\":1,\"name\":\"Home\",\"item\":\"https:\/\/sxflightcase.com\/\"},{\"@type\":\"ListItem\",\"position\":2,\"name\":\"\u0e2a\u0e34\u0e19\u0e04\u0e49\u0e32\",\"item\":\"https:\/\/sxflightcase.com\/th\/shop\/\"},{\"@type\":\"ListItem\",\"position\":3,\"name\":\"TV Rack Cabinet\"}]},{\"@type\":\"WebSite\",\"@id\":\"https:\/\/sxflightcase.com\/th\/#website\",\"url\":\"https:\/\/sxflightcase.com\/th\/\",\"name\":\"sxpowercase.com\",\"description\":\"Flight Case Factory\",\"publisher\":{\"@id\":\"https:\/\/sxflightcase.com\/th\/#organization\"},\"potentialAction\":[{\"@type\":\"SearchAction\",\"target\":{\"@type\":\"EntryPoint\",\"urlTemplate\":\"https:\/\/sxflightcase.com\/th\/?s={search_term_string}\"},\"query-input\":{\"@type\":\"PropertyValueSpecification\",\"valueRequired\":true,\"valueName\":\"search_term_string\"}}],\"inLanguage\":\"de\"},{\"@type\":\"Organization\",\"@id\":\"https:\/\/sxflightcase.com\/th\/#organization\",\"name\":\"sxpowercase.com\",\"url\":\"https:\/\/sxflightcase.com\/th\/\",\"logo\":{\"@type\":\"ImageObject\",\"inLanguage\":\"de\",\"@id\":\"https:\/\/sxflightcase.com\/th\/#\/schema\/logo\/image\/\",\"url\":\"https:\/\/sxflightcase.com\/wp-content\/uploads\/2024\/04\/1713919036007.jpg\",\"contentUrl\":\"https:\/\/sxflightcase.com\/wp-content\/uploads\/2024\/04\/1713919036007.jpg\",\"width\":382,\"height\":388,\"caption\":\"sxpowercase.com\"},\"image\":{\"@id\":\"https:\/\/sxflightcase.com\/th\/#\/schema\/logo\/image\/\"},\"sameAs\":[\"https:\/\/www.facebook.com\/profile.php?id=61560407257971\"],\"numberOfEmployees\":{\"@type\":\"QuantitativeValue\",\"minValue\":\"11\",\"maxValue\":\"50\"}}]}<\/script>\n<!-- \/ Yoast SEO Premium plugin. -->","yoast_head_json":{"title":"TV Rack Cabinet - https:\/\/sxflightcase.com \ud83d\udc97","description":"TV-Rack-Schrank: Entdecken Sie unsere werkseitigen Optionen f\u00fcr eine professionelle Anpassung, perfekt f\u00fcr die Organisation und Pr\u00e4sentation Ihrer Fernseh- und Medienger\u00e4te.","robots":{"index":"index","follow":"follow","max-snippet":"max-snippet:-1","max-image-preview":"max-image-preview:large","max-video-preview":"max-video-preview:-1"},"canonical":"https:\/\/sxflightcase.com\/de\/\u0645\u0646\u062a\u062c\/\u062e\u0632\u0627\u0646\u0629-\u0631\u0641-\u0627\u0644\u062a\u0644\u0641\u0632\u064a\u0648\u0646\/","og_locale":"de_DE","og_type":"article","og_title":"TV Rack Cabinet","og_description":"TV Rack Cabinet: Explore our factory-direct options for professional customization, perfect for organizing and displaying your television and media equipment.","og_url":"https:\/\/sxflightcase.com\/de\/\u0645\u0646\u062a\u062c\/\u062e\u0632\u0627\u0646\u0629-\u0631\u0641-\u0627\u0644\u062a\u0644\u0641\u0632\u064a\u0648\u0646\/","og_site_name":"https:\/\/sxflightcase.com","article_publisher":"https:\/\/www.facebook.com\/profile.php?id=61560407257971","article_modified_time":"2024-06-21T02:08:34+00:00","og_image":[{"width":700,"height":700,"url":"https:\/\/sxflightcase.com\/wp-content\/uploads\/2024\/05\/tv-rack-cabinet09272992629.webp","type":"image\/webp"}],"twitter_card":"summary_large_image","twitter_misc":{"Gesch\u00e4tzte Lesezeit":"4\u00a0Minuten"},"schema":{"@context":"https:\/\/schema.org","@graph":[{"@type":"WebPage","@id":"https:\/\/sxflightcase.com\/ar\/\u0645\u0646\u062a\u062c\/\u062e\u0632\u0627\u0646\u0629-\u0631\u0641-\u0627\u0644\u062a\u0644\u0641\u0632\u064a\u0648\u0646\/","url":"https:\/\/sxflightcase.com\/ar\/\u0645\u0646\u062a\u062c\/\u062e\u0632\u0627\u0646\u0629-\u0631\u0641-\u0627\u0644\u062a\u0644\u0641\u0632\u064a\u0648\u0646\/","name":"TV Rack Cabinet - https:\/\/sxflightcase.com \ud83d\udc97","isPartOf":{"@id":"https:\/\/sxflightcase.com\/th\/#website"},"primaryImageOfPage":{"@id":"https:\/\/sxflightcase.com\/ar\/\u0645\u0646\u062a\u062c\/\u062e\u0632\u0627\u0646\u0629-\u0631\u0641-\u0627\u0644\u062a\u0644\u0641\u0632\u064a\u0648\u0646\/#primaryimage"},"image":{"@id":"https:\/\/sxflightcase.com\/ar\/\u0645\u0646\u062a\u062c\/\u062e\u0632\u0627\u0646\u0629-\u0631\u0641-\u0627\u0644\u062a\u0644\u0641\u0632\u064a\u0648\u0646\/#primaryimage"},"thumbnailUrl":"https:\/\/sxflightcase.com\/wp-content\/uploads\/2024\/05\/tv-rack-cabinet09272992629.webp","datePublished":"2024-05-10T06:01:54+00:00","dateModified":"2024-06-21T02:08:34+00:00","description":"TV-Rack-Schrank: Entdecken Sie unsere werkseitigen Optionen f\u00fcr eine professionelle Anpassung, perfekt f\u00fcr die Organisation und Pr\u00e4sentation Ihrer Fernseh- und Medienger\u00e4te.","breadcrumb":{"@id":"https:\/\/sxflightcase.com\/ar\/\u0645\u0646\u062a\u062c\/\u062e\u0632\u0627\u0646\u0629-\u0631\u0641-\u0627\u0644\u062a\u0644\u0641\u0632\u064a\u0648\u0646\/#breadcrumb"},"inLanguage":"de","potentialAction":[{"@type":"ReadAction","target":["https:\/\/sxflightcase.com\/ar\/\u0645\u0646\u062a\u062c\/\u062e\u0632\u0627\u0646\u0629-\u0631\u0641-\u0627\u0644\u062a\u0644\u0641\u0632\u064a\u0648\u0646\/"]}]},{"@type":"ImageObject","inLanguage":"de","@id":"https:\/\/sxflightcase.com\/ar\/\u0645\u0646\u062a\u062c\/\u062e\u0632\u0627\u0646\u0629-\u0631\u0641-\u0627\u0644\u062a\u0644\u0641\u0632\u064a\u0648\u0646\/#primaryimage","url":"https:\/\/sxflightcase.com\/wp-content\/uploads\/2024\/05\/tv-rack-cabinet09272992629.webp","contentUrl":"https:\/\/sxflightcase.com\/wp-content\/uploads\/2024\/05\/tv-rack-cabinet09272992629.webp","width":700,"height":700,"caption":"TV Rack Cabinet"},{"@type":"BreadcrumbList","@id":"https:\/\/sxflightcase.com\/ar\/\u0645\u0646\u062a\u062c\/\u062e\u0632\u0627\u0646\u0629-\u0631\u0641-\u0627\u0644\u062a\u0644\u0641\u0632\u064a\u0648\u0646\/#breadcrumb","itemListElement":[{"@type":"ListItem","position":1,"name":"Home","item":"https:\/\/sxflightcase.com\/"},{"@type":"ListItem","position":2,"name":"\u0e2a\u0e34\u0e19\u0e04\u0e49\u0e32","item":"https:\/\/sxflightcase.com\/th\/shop\/"},{"@type":"ListItem","position":3,"name":"TV Rack Cabinet"}]},{"@type":"WebSite","@id":"https:\/\/sxflightcase.com\/th\/#website","url":"https:\/\/sxflightcase.com\/th\/","name":"www.sxpowercase.com","description":"Flight Case Fabrik","publisher":{"@id":"https:\/\/sxflightcase.com\/th\/#organization"},"potentialAction":[{"@type":"SearchAction","target":{"@type":"EntryPoint","urlTemplate":"https:\/\/sxflightcase.com\/th\/?s={search_term_string}"},"query-input":{"@type":"PropertyValueSpecification","valueRequired":true,"valueName":"search_term_string"}}],"inLanguage":"de"},{"@type":"Organization","@id":"https:\/\/sxflightcase.com\/th\/#organization","name":"www.sxpowercase.com","url":"https:\/\/sxflightcase.com\/th\/","logo":{"@type":"ImageObject","inLanguage":"de","@id":"https:\/\/sxflightcase.com\/th\/#\/schema\/logo\/image\/","url":"https:\/\/sxflightcase.com\/wp-content\/uploads\/2024\/04\/1713919036007.jpg","contentUrl":"https:\/\/sxflightcase.com\/wp-content\/uploads\/2024\/04\/1713919036007.jpg","width":382,"height":388,"caption":"sxpowercase.com"},"image":{"@id":"https:\/\/sxflightcase.com\/th\/#\/schema\/logo\/image\/"},"sameAs":["https:\/\/www.facebook.com\/profile.php?id=61560407257971"],"numberOfEmployees":{"@type":"QuantitativeValue","minValue":"11","maxValue":"50"}}]}},"_links":{"self":[{"href":"https:\/\/sxflightcase.com\/de\/wp-json\/wp\/v2\/product\/1746","targetHints":{"allow":["GET"]}}],"collection":[{"href":"https:\/\/sxflightcase.com\/de\/wp-json\/wp\/v2\/product"}],"about":[{"href":"https:\/\/sxflightcase.com\/de\/wp-json\/wp\/v2\/types\/product"}],"replies":[{"embeddable":true,"href":"https:\/\/sxflightcase.com\/de\/wp-json\/wp\/v2\/comments?post=1746"}],"version-history":[{"count":0,"href":"https:\/\/sxflightcase.com\/de\/wp-json\/wp\/v2\/product\/1746\/revisions"}],"wp:featuredmedia":[{"embeddable":true,"href":"https:\/\/sxflightcase.com\/de\/wp-json\/wp\/v2\/media\/1747"}],"wp:attachment":[{"href":"https:\/\/sxflightcase.com\/de\/wp-json\/wp\/v2\/media?parent=1746"}],"wp:term":[{"taxonomy":"product_brand","embeddable":true,"href":"https:\/\/sxflightcase.com\/de\/wp-json\/wp\/v2\/product_brand?post=1746"},{"taxonomy":"product_cat","embeddable":true,"href":"https:\/\/sxflightcase.com\/de\/wp-json\/wp\/v2\/product_cat?post=1746"},{"taxonomy":"product_tag","embeddable":true,"href":"https:\/\/sxflightcase.com\/de\/wp-json\/wp\/v2\/product_tag?post=1746"}],"curies":[{"name":"wp","href":"https:\/\/api.w.org\/{rel}","templated":true}]}}