{"id":1756,"date":"2024-05-10T07:10:35","date_gmt":"2024-05-10T06:10:35","guid":{"rendered":"https:\/\/sxpowercase.com\/?post_type=product&#038;p=1756"},"modified":"2024-06-21T03:14:52","modified_gmt":"2024-06-21T02:14:52","slug":"led-screen-cabinet","status":"publish","type":"product","link":"https:\/\/sxflightcase.com\/de\/produkt\/led-bildschirmschrank\/","title":{"rendered":"LED-Bildschirmschrank"},"content":{"rendered":"<h3><strong>Produktparameter (Spezifikation)<\/strong><\/h3>\n<section class=\"table-wrap\">\n<table class=\"table\" width=\"100%\" cellspacing=\"0\" cellpadding=\"0\">\n<tbody>\n<tr class=\"firstRow\">\n<td width=\"134\">Deckel<\/td>\n<td width=\"504\">Abnehmbar<\/td>\n<\/tr>\n<tr>\n<td width=\"134\">R\u00e4der<\/td>\n<td width=\"504\">Doppelte Bremsr\u00e4der - bequem zu bewegen und zu stoppen<\/td>\n<\/tr>\n<tr>\n<td width=\"134\">Farbe<\/td>\n<td width=\"504\">Schwarz, wei\u00df, blau, rot, orange, gr\u00fcn, gelb, lila<\/td>\n<\/tr>\n<tr>\n<td width=\"134\">Arbeitszeiten<\/td>\n<td width=\"504\">5~7Tage<\/td>\n<\/tr>\n<\/tbody>\n<\/table>\n<\/section>\n<p><strong>Verpackung und Versand<\/strong><\/p>\n<section class=\"table-wrap\">\n<table class=\"table\" width=\"100%\" cellspacing=\"0\" cellpadding=\"0\">\n<tbody>\n<tr class=\"firstRow\">\n<td colspan=\"3\" width=\"100%\">Verpackung &amp; Versand<\/td>\n<\/tr>\n<tr>\n<td rowspan=\"3\" width=\"31%\">Versandzeit<\/td>\n<td width=\"34%\">Auf dem Seeweg<\/td>\n<td width=\"33%\">15-60 Tage<\/td>\n<\/tr>\n<tr>\n<td width=\"34%\">Mit dem Flugzeug<\/td>\n<td width=\"33%\">5-7 Tage<\/td>\n<\/tr>\n<tr>\n<td width=\"34%\">Per Express<\/td>\n<td width=\"33%\">5-7 Tage<\/td>\n<\/tr>\n<tr>\n<td width=\"31%\">Lieferzeit<\/td>\n<td colspan=\"2\" width=\"68%\">7-10 Arbeitsstunden oder nach Bedarf<\/td>\n<\/tr>\n<tr>\n<td width=\"31%\">Verpackung<\/td>\n<td colspan=\"2\" width=\"68%\">kartonweise oder nach Wunsch<\/td>\n<\/tr>\n<\/tbody>\n<\/table>\n<\/section>\n<h1>Verbessern Sie Ihr Display mit dem LED-Schrank von SX<\/h1>\n<h2>Ultimativer Schutz und Anzeige<\/h2>\n<p>Verwandeln Sie Ihr digitales Anzeigesystem mit dem LED Screen Cabinet von <a href=\"https:\/\/sxpowercase.com\/\" target=\"_blank\" rel=\"noopener\" title=\"SX\" data-wpil-monitor-id=\"119\">SX<\/a>. Dieser Schrank wurde entwickelt, um ultimativen Schutz und ein verbessertes Anzeigeerlebnis zu bieten. Er sorgt daf\u00fcr, dass Ihre LED-Bildschirme sicher untergebracht sind und gleichzeitig eine optimale Sicht gew\u00e4hrleistet ist. Ob f\u00fcr den kommerziellen oder privaten Gebrauch, dieser Schrank verleiht jeder Einrichtung einen professionellen Touch.<\/p>\n<h2>Hochwertige Handwerkskunst<\/h2>\n<h3>Auf Langlebigkeit ausgelegt<\/h3>\n<p>SX ist stolz darauf, Produkte von h\u00f6chster Qualit\u00e4t zu liefern. Unser LED-Bildschirmgeh\u00e4use ist aus erstklassigen Materialien gefertigt, die sicherstellen, dass es dem Test der Zeit standh\u00e4lt. Das robuste Design sch\u00fctzt Ihre LED-Bildschirme vor \u00e4u\u00dferen Sch\u00e4den und bietet eine zuverl\u00e4ssige und langlebige L\u00f6sung f\u00fcr alle Ihre Anforderungen.<\/p>\n<h2>Direktverkauf ab Werk<\/h2>\n<h3>Un\u00fcbertroffener Wert<\/h3>\n<p>Durch den Direktvertrieb ab Werk garantiert Ihnen SX den besten Wert f\u00fcr Ihre Investition. Durch das Ausschalten des Zwischenh\u00e4ndlers k\u00f6nnen wir erstklassige Produkte zu wettbewerbsf\u00e4higen Preisen anbieten. Der LED-Bildschirmschrank kombiniert au\u00dfergew\u00f6hnliche Langlebigkeit mit Erschwinglichkeit, was ihn zu einer klugen Wahl f\u00fcr Unternehmen und Privatpersonen gleicherma\u00dfen macht.<\/p>\n<h2>Anpassungsoptionen<\/h2>\n<h3>Ma\u00dfgeschneiderte L\u00f6sungen<\/h3>\n<p>Jedes Display-Setup ist einzigartig, und SX wei\u00df, wie wichtig eine individuelle Anpassung ist. Unser LED-Schrank wird mit verschiedenen Anpassungsoptionen geliefert, um Ihren spezifischen Anforderungen gerecht zu werden. Ganz gleich, ob Sie bestimmte Abmessungen, Oberfl\u00e4chen oder zus\u00e4tzliche Funktionen ben\u00f6tigen, wir k\u00f6nnen das Geh\u00e4use genau an Ihre Anforderungen anpassen. Genie\u00dfen Sie eine L\u00f6sung, die perfekt in Ihre Anzeigeumgebung passt.<\/p>\n<h2>Schlankes und modernes Design<\/h2>\n<h3>Verbessern Sie Ihre visuelle Anziehungskraft<\/h3>\n<p>Der LED-Bildschirmschrank von SX sch\u00fctzt nicht nur Ihre Bildschirme, sondern wertet auch das gesamte Erscheinungsbild Ihrer Einrichtung auf. Mit seinem schlanken und modernen Design f\u00fcgt sich dieser Schrank nahtlos in jede Umgebung ein und verleiht ihr einen Hauch von Raffinesse. Sein durchdachtes Design gew\u00e4hrleistet einen einfachen Zugang und die Wartung Ihrer LED-Bildschirme.<\/p>\n<hr \/>\n<p>Erh\u00f6hen Sie Ihr Anzeigeerlebnis mit dem SX LED Screen Cabinet. Wenden Sie sich noch heute an uns, um mehr \u00fcber unseren Direktvertrieb und unsere Anpassungsm\u00f6glichkeiten zu erfahren. Entdecken Sie mit SX die perfekte Mischung aus Schutz, Funktionalit\u00e4t und Stil und genie\u00dfen Sie ein gut gesch\u00fctztes und optisch ansprechendes Display-Setup.<\/p>\n<p><strong>H\u00e4ufig gestellte Fragen<\/strong><\/p>\n<p>Zahlung: wir k\u00f6nnen Zahlung \u00fcber T\/T, Western Union.etc. akzeptieren. Als Bank\u00fcberweisung (T\/T) ist geeignet f\u00fcr gro\u00dfe Auftr\u00e4ge, f\u00fcr kleine Bestellung, w\u00fcrden Sie besser \u00fcber Western Union zahlen, die einfach, schnell und sicher ist.<\/p>\n<p>Versand: wir bieten viele Versandoptionen f\u00fcr unsere Kunden an, wir haben gute Beziehungen zu Reedereien, wie APL, Cosco, CMA und so weiter, wir k\u00f6nnen Ihnen helfen, Versandkosten zu sparen<\/p>\n<p>Einfuhrsteuern: Wir k\u00f6nnen Ihnen helfen, Einfuhrsteuern zu reduzieren und zu vermeiden, indem Sie den Preis niedriger deklarieren. Sollten Sie Fragen haben, kontaktieren Sie uns bitte jederzeit, wir freuen uns auf eine lange Zusammenarbeit mit Ihnen.<\/p>\n<p>Verpackung: Wir bieten unseren Kunden zahlreiche Verpackungsm\u00f6glichkeiten an, wie z. B. <a class=\"wpil_keyword_link\" href=\"https:\/\/sxpowercase.com\/product-category\/all-product\/flight-case\/\" target=\"_blank\" rel=\"noopener\" title=\"Flightcase\" data-wpil-keyword-link=\"linked\" data-wpil-monitor-id=\"415\">Flightcase<\/a> &amp; Trolley &amp; Kartonbox &amp; Tragetasche &amp; Bubble Bag etc. Auch andere kundenspezifische Verpackungsoptionen sind verf\u00fcgbar<\/p>\n<p>Hei\u00dfe Tags: Niedriger Preis, auf Lager, kostenlose Probe, Strom- und Signalkabel, 16 Gauge 4 Conductor Wire, Microphone Stand Case, Outdoor Led Display Cabinet, Rack Mount, 19\" Rackmount Mixer Flight Cases\uff0celectrical distro box, China, Lieferanten, Fabrik, angepasst, Gro\u00dfhandel, LED Screen Cabinet,<span style=\"color: #993366;\"><a style=\"color: #993366;\" href=\"https:\/\/sxflightcase.com\/de\/product-category\/all-product\/power-distribution-boxes\/\">Stromk\u00e4sten<\/a>,\u00a0<a style=\"color: #993366;\" href=\"https:\/\/sxflightcase.com\/de\/product-category\/all-product\/hoist-controllers\/\">Stromkabel<\/a>,\u00a0<a style=\"color: #993366;\" href=\"https:\/\/sxflightcase.com\/de\/product-category\/all-product\/hoist-controllers\/\">Hubwerkssteuerungen<\/a>,\u00a0<a style=\"color: #993366;\" href=\"https:\/\/sxflightcase.com\/de\/product-category\/all-product\/flight-case\/\">Flightcases.<\/a><\/span><\/p>","protected":false},"excerpt":{"rendered":"<h2 class=\"prodetails-name\">LED-Bildschirmschrank<\/h2>\n<p>Unser Flightcase-Konfigurator hilft Ihnen bei der Planung Ihres pers\u00f6nlichen Cases. Alle \u00c4nderungen, die Sie w\u00e4hrend des Entwurfsprozesses vornehmen, werden in Echtzeit in der 3D-Vorschau vor Ihren Augen vorgenommen. Auch der Preis ist sofort verf\u00fcgbar - ohne dass Sie ein Angebot anfordern oder auf eine Antwort warten m\u00fcssen. Neben den grundlegenden Merkmalen wie Abmessungen, Materialien und Farben des Koffers k\u00f6nnen Sie auch Griffe, Auskleidungen und zus\u00e4tzliche Ausstattungen frei w\u00e4hlen sowie zahlreiche Extras wie Rollen, Radmulden, Tourenschilder usw. hinzuf\u00fcgen.<\/p>\n<h2><strong>Produktionseinf\u00fchrung<\/strong><\/h2>\n<p>LED-Bildschirmgeh\u00e4use<\/p>\n<p>1. Verwenden Sie 9mm\/12mm hochintensives massives Sperrholz.<\/p>\n<p>2. 50mm hohen dichten Schaum bietet sto\u00dffestes System.<\/p>\n<p>3. Ultra-DUR EVA-Innenschutz<\/p>\n<p>4. Leicht anpassbarer Innenraum<\/p>\n<p>5. Doppeltes Aluminium-Strangpressprofil, Aluminiumfedern und -rillen<\/p>\n<p>6. 3,5-Zoll- oder 4-Zoll-Hochleistungsrollen (2 feststellbar, 2 nicht feststellbar)<\/p>\n<p>7. Abnehmbare Deckel, die 50mm mit 8mm Perle Blatt Schaum befestigt.<\/p>\n<p>8. Standard-Gep\u00e4cktr\u00e4gerschienen vorne und hinten<\/p>","protected":false},"featured_media":1757,"comment_status":"open","ping_status":"closed","template":"","meta":[],"product_brand":[],"product_cat":[41],"product_tag":[],"class_list":{"0":"post-1756","1":"product","2":"type-product","3":"status-publish","4":"has-post-thumbnail","6":"product_cat-equipment-cases","8":"first","9":"instock","10":"shipping-taxable","11":"product-type-simple"},"yoast_head":"<!-- This site is optimized with the Yoast SEO Premium plugin v27.1 (Yoast SEO v27.2) - https:\/\/yoast.com\/product\/yoast-seo-premium-wordpress\/ -->\n<title>LED Screen Cabinet - https:\/\/sxflightcase.com \ud83d\udc97<\/title>\n<meta name=\"description\" content=\"LED Screen Cabinet: Explore our factory-direct options for professional customization, perfect for organizing and displaying your television and media equipment.\" \/>\n<meta name=\"robots\" content=\"index, follow, max-snippet:-1, max-image-preview:large, max-video-preview:-1\" \/>\n<link rel=\"canonical\" href=\"https:\/\/sxflightcase.com\/de\/produk\/led-screen-cabinet\/\" \/>\n<meta property=\"og:locale\" content=\"de_DE\" \/>\n<meta property=\"og:type\" content=\"article\" \/>\n<meta property=\"og:title\" content=\"LED Screen Cabinet\" \/>\n<meta property=\"og:description\" content=\"LED Screen Cabinet: Explore our factory-direct options for professional customization, perfect for organizing and displaying your television and media equipment.\" \/>\n<meta property=\"og:url\" content=\"https:\/\/sxflightcase.com\/de\/produk\/led-screen-cabinet\/\" \/>\n<meta property=\"og:site_name\" content=\"https:\/\/sxflightcase.com\" \/>\n<meta property=\"article:publisher\" content=\"https:\/\/www.facebook.com\/profile.php?id=61560407257971\" \/>\n<meta property=\"article:modified_time\" content=\"2024-06-21T02:14:52+00:00\" \/>\n<meta property=\"og:image\" content=\"https:\/\/sxflightcase.com\/wp-content\/uploads\/2024\/05\/led-screen-cabinet25295279606.webp\" \/>\n\t<meta property=\"og:image:width\" content=\"700\" \/>\n\t<meta property=\"og:image:height\" content=\"700\" \/>\n\t<meta property=\"og:image:type\" content=\"image\/webp\" \/>\n<meta name=\"twitter:card\" content=\"summary_large_image\" \/>\n<meta name=\"twitter:label1\" content=\"Gesch\u00e4tzte Lesezeit\" \/>\n\t<meta name=\"twitter:data1\" content=\"4\u00a0Minuten\" \/>\n<script type=\"application\/ld+json\" class=\"yoast-schema-graph\">{\"@context\":\"https:\/\/schema.org\",\"@graph\":[{\"@type\":\"WebPage\",\"@id\":\"https:\/\/sxflightcase.com\/af\/produk\/led-screen-cabinet\/\",\"url\":\"https:\/\/sxflightcase.com\/af\/produk\/led-screen-cabinet\/\",\"name\":\"LED Screen Cabinet - https:\/\/sxflightcase.com \ud83d\udc97\",\"isPartOf\":{\"@id\":\"https:\/\/sxflightcase.com\/th\/#website\"},\"primaryImageOfPage\":{\"@id\":\"https:\/\/sxflightcase.com\/af\/produk\/led-screen-cabinet\/#primaryimage\"},\"image\":{\"@id\":\"https:\/\/sxflightcase.com\/af\/produk\/led-screen-cabinet\/#primaryimage\"},\"thumbnailUrl\":\"https:\/\/sxflightcase.com\/wp-content\/uploads\/2024\/05\/led-screen-cabinet25295279606.webp\",\"datePublished\":\"2024-05-10T06:10:35+00:00\",\"dateModified\":\"2024-06-21T02:14:52+00:00\",\"description\":\"LED Screen Cabinet: Explore our factory-direct options for professional customization, perfect for organizing and displaying your television and media equipment.\",\"breadcrumb\":{\"@id\":\"https:\/\/sxflightcase.com\/af\/produk\/led-screen-cabinet\/#breadcrumb\"},\"inLanguage\":\"de\",\"potentialAction\":[{\"@type\":\"ReadAction\",\"target\":[\"https:\/\/sxflightcase.com\/af\/produk\/led-screen-cabinet\/\"]}]},{\"@type\":\"ImageObject\",\"inLanguage\":\"de\",\"@id\":\"https:\/\/sxflightcase.com\/af\/produk\/led-screen-cabinet\/#primaryimage\",\"url\":\"https:\/\/sxflightcase.com\/wp-content\/uploads\/2024\/05\/led-screen-cabinet25295279606.webp\",\"contentUrl\":\"https:\/\/sxflightcase.com\/wp-content\/uploads\/2024\/05\/led-screen-cabinet25295279606.webp\",\"width\":700,\"height\":700,\"caption\":\"LED Screen Cabinet\"},{\"@type\":\"BreadcrumbList\",\"@id\":\"https:\/\/sxflightcase.com\/af\/produk\/led-screen-cabinet\/#breadcrumb\",\"itemListElement\":[{\"@type\":\"ListItem\",\"position\":1,\"name\":\"Home\",\"item\":\"https:\/\/sxflightcase.com\/\"},{\"@type\":\"ListItem\",\"position\":2,\"name\":\"\u0e2a\u0e34\u0e19\u0e04\u0e49\u0e32\",\"item\":\"https:\/\/sxflightcase.com\/th\/shop\/\"},{\"@type\":\"ListItem\",\"position\":3,\"name\":\"LED Screen Cabinet\"}]},{\"@type\":\"WebSite\",\"@id\":\"https:\/\/sxflightcase.com\/th\/#website\",\"url\":\"https:\/\/sxflightcase.com\/th\/\",\"name\":\"sxpowercase.com\",\"description\":\"Flight Case Factory\",\"publisher\":{\"@id\":\"https:\/\/sxflightcase.com\/th\/#organization\"},\"potentialAction\":[{\"@type\":\"SearchAction\",\"target\":{\"@type\":\"EntryPoint\",\"urlTemplate\":\"https:\/\/sxflightcase.com\/th\/?s={search_term_string}\"},\"query-input\":{\"@type\":\"PropertyValueSpecification\",\"valueRequired\":true,\"valueName\":\"search_term_string\"}}],\"inLanguage\":\"de\"},{\"@type\":\"Organization\",\"@id\":\"https:\/\/sxflightcase.com\/th\/#organization\",\"name\":\"sxpowercase.com\",\"url\":\"https:\/\/sxflightcase.com\/th\/\",\"logo\":{\"@type\":\"ImageObject\",\"inLanguage\":\"de\",\"@id\":\"https:\/\/sxflightcase.com\/th\/#\/schema\/logo\/image\/\",\"url\":\"https:\/\/sxflightcase.com\/wp-content\/uploads\/2024\/04\/1713919036007.jpg\",\"contentUrl\":\"https:\/\/sxflightcase.com\/wp-content\/uploads\/2024\/04\/1713919036007.jpg\",\"width\":382,\"height\":388,\"caption\":\"sxpowercase.com\"},\"image\":{\"@id\":\"https:\/\/sxflightcase.com\/th\/#\/schema\/logo\/image\/\"},\"sameAs\":[\"https:\/\/www.facebook.com\/profile.php?id=61560407257971\"],\"numberOfEmployees\":{\"@type\":\"QuantitativeValue\",\"minValue\":\"11\",\"maxValue\":\"50\"}}]}<\/script>\n<!-- \/ Yoast SEO Premium plugin. -->","yoast_head_json":{"title":"LED Screen Cabinet - https:\/\/sxflightcase.com \ud83d\udc97","description":"LED-Schrank: Entdecken Sie unsere werksseitigen Optionen f\u00fcr eine professionelle Anpassung, perfekt f\u00fcr die Organisation und Pr\u00e4sentation Ihrer Fernseh- und Medienger\u00e4te.","robots":{"index":"index","follow":"follow","max-snippet":"max-snippet:-1","max-image-preview":"max-image-preview:large","max-video-preview":"max-video-preview:-1"},"canonical":"https:\/\/sxflightcase.com\/de\/produk\/led-screen-cabinet\/","og_locale":"de_DE","og_type":"article","og_title":"LED Screen Cabinet","og_description":"LED Screen Cabinet: Explore our factory-direct options for professional customization, perfect for organizing and displaying your television and media equipment.","og_url":"https:\/\/sxflightcase.com\/de\/produk\/led-screen-cabinet\/","og_site_name":"https:\/\/sxflightcase.com","article_publisher":"https:\/\/www.facebook.com\/profile.php?id=61560407257971","article_modified_time":"2024-06-21T02:14:52+00:00","og_image":[{"width":700,"height":700,"url":"https:\/\/sxflightcase.com\/wp-content\/uploads\/2024\/05\/led-screen-cabinet25295279606.webp","type":"image\/webp"}],"twitter_card":"summary_large_image","twitter_misc":{"Gesch\u00e4tzte Lesezeit":"4\u00a0Minuten"},"schema":{"@context":"https:\/\/schema.org","@graph":[{"@type":"WebPage","@id":"https:\/\/sxflightcase.com\/af\/produk\/led-screen-cabinet\/","url":"https:\/\/sxflightcase.com\/af\/produk\/led-screen-cabinet\/","name":"LED Screen Cabinet - https:\/\/sxflightcase.com \ud83d\udc97","isPartOf":{"@id":"https:\/\/sxflightcase.com\/th\/#website"},"primaryImageOfPage":{"@id":"https:\/\/sxflightcase.com\/af\/produk\/led-screen-cabinet\/#primaryimage"},"image":{"@id":"https:\/\/sxflightcase.com\/af\/produk\/led-screen-cabinet\/#primaryimage"},"thumbnailUrl":"https:\/\/sxflightcase.com\/wp-content\/uploads\/2024\/05\/led-screen-cabinet25295279606.webp","datePublished":"2024-05-10T06:10:35+00:00","dateModified":"2024-06-21T02:14:52+00:00","description":"LED-Schrank: Entdecken Sie unsere werksseitigen Optionen f\u00fcr eine professionelle Anpassung, perfekt f\u00fcr die Organisation und Pr\u00e4sentation Ihrer Fernseh- und Medienger\u00e4te.","breadcrumb":{"@id":"https:\/\/sxflightcase.com\/af\/produk\/led-screen-cabinet\/#breadcrumb"},"inLanguage":"de","potentialAction":[{"@type":"ReadAction","target":["https:\/\/sxflightcase.com\/af\/produk\/led-screen-cabinet\/"]}]},{"@type":"ImageObject","inLanguage":"de","@id":"https:\/\/sxflightcase.com\/af\/produk\/led-screen-cabinet\/#primaryimage","url":"https:\/\/sxflightcase.com\/wp-content\/uploads\/2024\/05\/led-screen-cabinet25295279606.webp","contentUrl":"https:\/\/sxflightcase.com\/wp-content\/uploads\/2024\/05\/led-screen-cabinet25295279606.webp","width":700,"height":700,"caption":"LED Screen Cabinet"},{"@type":"BreadcrumbList","@id":"https:\/\/sxflightcase.com\/af\/produk\/led-screen-cabinet\/#breadcrumb","itemListElement":[{"@type":"ListItem","position":1,"name":"Home","item":"https:\/\/sxflightcase.com\/"},{"@type":"ListItem","position":2,"name":"\u0e2a\u0e34\u0e19\u0e04\u0e49\u0e32","item":"https:\/\/sxflightcase.com\/th\/shop\/"},{"@type":"ListItem","position":3,"name":"LED Screen Cabinet"}]},{"@type":"WebSite","@id":"https:\/\/sxflightcase.com\/th\/#website","url":"https:\/\/sxflightcase.com\/th\/","name":"www.sxpowercase.com","description":"Flight Case Fabrik","publisher":{"@id":"https:\/\/sxflightcase.com\/th\/#organization"},"potentialAction":[{"@type":"SearchAction","target":{"@type":"EntryPoint","urlTemplate":"https:\/\/sxflightcase.com\/th\/?s={search_term_string}"},"query-input":{"@type":"PropertyValueSpecification","valueRequired":true,"valueName":"search_term_string"}}],"inLanguage":"de"},{"@type":"Organization","@id":"https:\/\/sxflightcase.com\/th\/#organization","name":"www.sxpowercase.com","url":"https:\/\/sxflightcase.com\/th\/","logo":{"@type":"ImageObject","inLanguage":"de","@id":"https:\/\/sxflightcase.com\/th\/#\/schema\/logo\/image\/","url":"https:\/\/sxflightcase.com\/wp-content\/uploads\/2024\/04\/1713919036007.jpg","contentUrl":"https:\/\/sxflightcase.com\/wp-content\/uploads\/2024\/04\/1713919036007.jpg","width":382,"height":388,"caption":"sxpowercase.com"},"image":{"@id":"https:\/\/sxflightcase.com\/th\/#\/schema\/logo\/image\/"},"sameAs":["https:\/\/www.facebook.com\/profile.php?id=61560407257971"],"numberOfEmployees":{"@type":"QuantitativeValue","minValue":"11","maxValue":"50"}}]}},"_links":{"self":[{"href":"https:\/\/sxflightcase.com\/de\/wp-json\/wp\/v2\/product\/1756","targetHints":{"allow":["GET"]}}],"collection":[{"href":"https:\/\/sxflightcase.com\/de\/wp-json\/wp\/v2\/product"}],"about":[{"href":"https:\/\/sxflightcase.com\/de\/wp-json\/wp\/v2\/types\/product"}],"replies":[{"embeddable":true,"href":"https:\/\/sxflightcase.com\/de\/wp-json\/wp\/v2\/comments?post=1756"}],"version-history":[{"count":0,"href":"https:\/\/sxflightcase.com\/de\/wp-json\/wp\/v2\/product\/1756\/revisions"}],"wp:featuredmedia":[{"embeddable":true,"href":"https:\/\/sxflightcase.com\/de\/wp-json\/wp\/v2\/media\/1757"}],"wp:attachment":[{"href":"https:\/\/sxflightcase.com\/de\/wp-json\/wp\/v2\/media?parent=1756"}],"wp:term":[{"taxonomy":"product_brand","embeddable":true,"href":"https:\/\/sxflightcase.com\/de\/wp-json\/wp\/v2\/product_brand?post=1756"},{"taxonomy":"product_cat","embeddable":true,"href":"https:\/\/sxflightcase.com\/de\/wp-json\/wp\/v2\/product_cat?post=1756"},{"taxonomy":"product_tag","embeddable":true,"href":"https:\/\/sxflightcase.com\/de\/wp-json\/wp\/v2\/product_tag?post=1756"}],"curies":[{"name":"wp","href":"https:\/\/api.w.org\/{rel}","templated":true}]}}