{"id":1774,"date":"2024-05-10T07:28:50","date_gmt":"2024-05-10T06:28:50","guid":{"rendered":"https:\/\/sxpowercase.com\/?post_type=product&#038;p=1774"},"modified":"2024-06-20T03:28:08","modified_gmt":"2024-06-20T02:28:08","slug":"cable-case","status":"publish","type":"product","link":"https:\/\/sxflightcase.com\/de\/produkt\/kabelgehause\/","title":{"rendered":"Herstellung von Kabelgeh\u00e4usen"},"content":{"rendered":"<h3><strong>Produktparameter (Spezifikation)<\/strong><\/h3>\n<section class=\"table-wrap\">\n<table class=\"table\" width=\"100%\" cellspacing=\"0\" cellpadding=\"0\">\n<tbody>\n<tr class=\"firstRow\">\n<td width=\"147\">Produktname:<\/td>\n<td width=\"566\">Kabelgeh\u00e4use<\/td>\n<\/tr>\n<tr>\n<td width=\"147\">Dimension:<\/td>\n<td width=\"566\">Wir fertigen immer 1000x500x500mm, 1200x600x600mm oder kundenspezifisch<\/td>\n<\/tr>\n<tr>\n<td width=\"147\">Farbe:<\/td>\n<td width=\"566\">schwarz\/rot\/blau usw. oder jede andere gew\u00fcnschte Farbe<\/td>\n<\/tr>\n<tr>\n<td width=\"147\">Materialien:<\/td>\n<td width=\"566\">Aluminium + SPERRHOLZ + ABS-Platte + Hardware + Schaum<\/td>\n<\/tr>\n<tr>\n<td width=\"147\">Logo:<\/td>\n<td width=\"566\">Verf\u00fcgbar f\u00fcr Siebdruck-Logo \/ Pr\u00e4ge-Logo \/ Laser-Logo<\/td>\n<\/tr>\n<tr>\n<td width=\"147\">Mindestbestellmenge:<\/td>\n<td width=\"566\">10 St\u00fcck<\/td>\n<\/tr>\n<tr>\n<td width=\"147\">Beispielzeit:<\/td>\n<td width=\"566\">5-7 Tage<\/td>\n<\/tr>\n<tr>\n<td width=\"147\">Produktionszeit:<\/td>\n<td width=\"566\">4 Wochen nach Auftragsbest\u00e4tigung<\/td>\n<\/tr>\n<tr>\n<td width=\"147\">Verschiffungshafen:<\/td>\n<td width=\"566\">Shenzhen, Guangzhou, Hongkong<\/td>\n<\/tr>\n<tr>\n<td width=\"147\">Handelsbedingungen:<\/td>\n<td width=\"566\">Ab Werk \/ FOB \/ CIF \/ DDU<\/td>\n<\/tr>\n<tr>\n<td width=\"147\">Zahlungsfrist:<\/td>\n<td width=\"566\">T\/T 30% Anzahlung und 70% vor Versand, Western Union usw.<\/td>\n<\/tr>\n<tr>\n<td width=\"147\">Besonderheit:<\/td>\n<td width=\"566\">1) Design stilvoll, langlebig und wirtschaftlich<br \/>\n2) Feine Handwerkskunst und spezielles Design<br \/>\n3) Alle Designs, Logos k\u00f6nnen gedruckt oder gestickt werden<br \/>\n4) Kundenspezifische Gr\u00f6\u00dfen, Logos und Designs werden akzeptiert<\/td>\n<\/tr>\n<tr>\n<td width=\"147\">andere:<\/td>\n<td width=\"566\">Wir bieten Service aus einer Hand: Design, Produktion und Verpackung<br \/>\nTop Qualit\u00e4t, Herstellungspreis und guter Service<br \/>\nOEM &amp; LOGO wird angeboten<\/td>\n<\/tr>\n<\/tbody>\n<\/table>\n<\/section>\n<h1>Mit SX f\u00fchrend in der Herstellung von Kabelgeh\u00e4usen<\/h1>\n<h2>\u00dcberlegene Qualit\u00e4t und Design<\/h2>\n<p>Bei <a href=\"https:\/\/sxpowercase.com\/\" target=\"_blank\" rel=\"noopener\" title=\"SX\" data-wpil-monitor-id=\"123\">SX<\/a>, wir sind auf die Herstellung von Kabelh\u00fcllen spezialisiert und bieten erstklassige Aufbewahrungsl\u00f6sungen f\u00fcr alle Ihre Kabelmanagementanforderungen. Unsere H\u00fcllen werden aus hochwertigen Materialien hergestellt, was Haltbarkeit und dauerhafte Leistung gew\u00e4hrleistet. SX kombiniert \u00fcberlegene Qualit\u00e4t mit innovativem Design und macht unsere Kabelh\u00fcllen zur besten Wahl sowohl f\u00fcr Profis als auch f\u00fcr Alltagsnutzer.<\/p>\n<h2>Ma\u00dfgeschneiderte L\u00f6sungen f\u00fcr jeden Bedarf<\/h2>\n<h3>Auf Ihre Anforderungen zugeschnitten<\/h3>\n<p>SX wei\u00df, dass jeder Kunde einzigartige Anforderungen hat. Deshalb bieten wir bei der Herstellung unserer Kabelh\u00fcllen ma\u00dfgeschneiderte Dienstleistungen an. Ob Sie spezielle Abmessungen, zus\u00e4tzliche F\u00e4cher oder ein personalisiertes Branding ben\u00f6tigen, SX kann unsere Produkte genau auf Ihre Bed\u00fcrfnisse zuschneiden. Verbessern Sie Ihr Gesch\u00e4ft mit unseren ma\u00dfgeschneiderten L\u00f6sungen, die das Kabelmanagement effizienter und effektiver machen.<\/p>\n<h3>Professionelles Erscheinungsbild<\/h3>\n<p>Ein aufger\u00e4umter Arbeitsplatz wirkt professioneller und kann Kunden und Kollegen beeindrucken. Das schlanke Design der SX-Kabelgeh\u00e4use verleiht Ihrem Setup einen Hauch von Professionalit\u00e4t und hilft Ihnen, einen gro\u00dfartigen Eindruck zu hinterlassen. W\u00e4hlen Sie SX f\u00fcr ein Kabelgeh\u00e4use, das Funktionalit\u00e4t mit Stil verbindet.<\/p>\n<h2>Direktverkauf ab Werk f\u00fcr unschlagbare Preise<\/h2>\n<h3>Wettbewerbsf\u00e4hige Preise<\/h3>\n<p>Durch den Direktverkauf ab Werk eliminiert SX den Zwischenh\u00e4ndler und kann seine Kabelgeh\u00e4use zu unschlagbaren Preisen anbieten. Genie\u00dfen Sie hochwertige Produkte ohne den hohen Preis. Unser Direktverkaufsmodell ab Werk stellt sicher, dass Sie das beste Preis-Leistungs-Verh\u00e4ltnis erhalten, was SX zur intelligenten Wahl f\u00fcr Ihre Kabelmanagementanforderungen macht.<\/p>\n<h3>Steigern Sie Ihr Gesch\u00e4ft<\/h3>\n<p>Die Investition in hochwertige Kabelh\u00fcllen von SX kann Ihren Gesch\u00e4ftsbetrieb erheblich verbessern. Indem Sie Ihre Kabel organisiert und leicht zug\u00e4nglich aufbewahren, k\u00f6nnen Sie Ihre Effizienz und Produktivit\u00e4t steigern. Unsere langlebigen und anpassbaren H\u00fcllen sorgen daf\u00fcr, dass Ihre Kabel gesch\u00fctzt und jederzeit einsatzbereit sind.<\/p>\n<h2>Effizienter und zuverl\u00e4ssiger Service<\/h2>\n<h3>Schnelle Lieferung<\/h3>\n<p>SX ist bestrebt, einen effizienten und zuverl\u00e4ssigen Service zu bieten. Von dem Moment an, in dem Sie Ihre Bestellung aufgeben, arbeitet unser Team flei\u00dfig daran, eine schnelle Produktion und Lieferung sicherzustellen. Sie k\u00f6nnen darauf vertrauen, dass SX Ihre ma\u00dfgeschneiderten Kabelgeh\u00e4use umgehend liefert, sodass Sie sofort von unseren hochwertigen Speicherl\u00f6sungen profitieren k\u00f6nnen.<\/p>\n<h3>Zufriedene Kunden<\/h3>\n<p>Unser Engagement f\u00fcr Qualit\u00e4t und Kundenzufriedenheit hat uns einen treuen Kundenstamm eingebracht. \u201eSX-Kabelgeh\u00e4use sind ein echter Wendepunkt\u201c, sagt James, ein Technologieunternehmer. \u201eDie individuellen Funktionen und die Haltbarkeit machen sie perfekt f\u00fcr meine Gesch\u00e4ftsanforderungen\u201c, f\u00fcgt Sarah, eine IT-Expertin, hinzu. Schlie\u00dfen Sie sich den vielen zufriedenen Kunden an, die bei der Herstellung ihrer Kabelgeh\u00e4use auf SX vertrauen.<\/p>\n<h2>Engagement f\u00fcr Spitzenleistung<\/h2>\n<h3>Innovatives Design<\/h3>\n<p>SX ist immer auf dem neuesten Stand der Innovation. Unsere Kabelgeh\u00e4usedesigns ber\u00fccksichtigen die neuesten Trends und Technologien, um optimale Funktionalit\u00e4t und Stil zu gew\u00e4hrleisten. Wenn Sie sich f\u00fcr SX entscheiden, investieren Sie in ein Produkt, das das Beste aus modernem Design und Technik widerspiegelt.<\/p>\n<h3>Qualit\u00e4tssicherung<\/h3>\n<p>Jedes Kabelgeh\u00e4use, das unser Werk verl\u00e4sst, wird strengen Qualit\u00e4tskontrollen unterzogen, um sicherzustellen, dass es unseren hohen Standards entspricht. Bei SX hat die Qualit\u00e4tssicherung h\u00f6chste Priorit\u00e4t und wir sind bestrebt, Produkte zu liefern, die Ihre Erwartungen \u00fcbertreffen.<\/p>\n<h2>Bestellen Sie noch heute Ihr individuelles Kabelgeh\u00e4use<\/h2>\n<p>Lassen Sie nicht zu, dass unordentliche Kabel Ihren Arbeitsablauf st\u00f6ren. Bestellen Sie noch heute Ihr individuelles Kabelgeh\u00e4use von SX und erleben Sie die Vorteile eines \u00fcberlegenen Kabelmanagements. Kontaktieren Sie unser Vertriebsteam, um Ihre Anforderungen zu besprechen, und wir k\u00fcmmern uns um den Rest. Vertrauen Sie bei der Herstellung Ihres Kabelgeh\u00e4uses auf SX und genie\u00dfen Sie die Gewissheit, dass Ihre Kabel sicher aufbewahrt und einsatzbereit sind.<\/p>\n<p>Entscheiden Sie sich f\u00fcr SX und verbessern Sie Ihre Kabelmanagementl\u00f6sungen mit unseren hochwertigen, anpassbaren Kabelgeh\u00e4usen.<\/p>\n<p><strong>Verpackung und Versand<\/strong><\/p>\n<section class=\"table-wrap\">\n<table class=\"table\" width=\"100%\" cellspacing=\"0\" cellpadding=\"0\">\n<tbody>\n<tr class=\"firstRow\">\n<td colspan=\"3\" width=\"100%\">Verpackung &amp; Versand<\/td>\n<\/tr>\n<tr>\n<td rowspan=\"3\" width=\"33%\">Lieferzeit<\/td>\n<td width=\"33%\">Auf dem Seeweg<\/td>\n<td width=\"33%\">15-60 Tage<\/td>\n<\/tr>\n<tr>\n<td width=\"33%\">Mit dem Flugzeug<\/td>\n<td width=\"33%\">4-9 Tage<\/td>\n<\/tr>\n<tr>\n<td width=\"33%\">Per Express<\/td>\n<td width=\"33%\">4-9 Tage<\/td>\n<\/tr>\n<tr>\n<td width=\"33%\">Lieferzeit<\/td>\n<td colspan=\"2\" width=\"66%\">7-15 Werktage oder nach Bedarf<\/td>\n<\/tr>\n<tr>\n<td width=\"33%\">Verpackung<\/td>\n<td colspan=\"2\" width=\"66%\">Durch Karton oder als Ihre Anforderung<\/td>\n<\/tr>\n<\/tbody>\n<\/table>\n<\/section>\n<p><strong>H\u00e4ufig gestellte Fragen<\/strong><\/p>\n<p>F: Wie viel Gewicht kann es tragen?<\/p>\n<p>A: Wir haben es mit 200 kg getestet. Es k\u00f6nnte mehr dauern<\/p>\n<p>F: Was sind die Abmessungen?<\/p>\n<p>A: Wir k\u00f6nnen je nach individuellem Bedarf unterschiedliche Abmessungen zur Aufnahme der Ausr\u00fcstung herstellen.<\/p>\n<p>F: Welche Zahlungsarten akzeptieren Sie?<\/p>\n<p>A: T\/T, Western Union usw. Wir akzeptieren jede bequeme und schnelle Zahlungsbedingung.<\/p>\n<p>Hot Tags: Niedriger Preis, auf Lager, kostenlose Probe, Strom- und Signalkabel, 16 Gauge 4-Leiter-Kabel, Mikrofonst\u00e4ndergeh\u00e4use, Outdoor-LED-Vitrine, Rackmontage, 19-Zoll-Rackmount-Mixer-Flightcases, elektrische Verteilerbox, China, Lieferanten, Fabrik, kundenspezifisch, Gro\u00dfhandel, <span style=\"color: #993366;\"><a style=\"color: #993366;\" href=\"https:\/\/sxflightcase.com\/de\/product-category\/all-product\/power-distribution-boxes\/\">Stromk\u00e4sten<\/a>,\u00a0<a style=\"color: #993366;\" href=\"https:\/\/sxflightcase.com\/de\/product-category\/all-product\/hoist-controllers\/\">Stromkabel<\/a>,\u00a0<a style=\"color: #993366;\" href=\"https:\/\/sxflightcase.com\/de\/product-category\/all-product\/hoist-controllers\/\">Hubwerkssteuerungen<\/a>,\u00a0<a style=\"color: #993366;\" href=\"https:\/\/sxflightcase.com\/de\/product-category\/all-product\/flight-case\/\">Flightcases.<\/a><\/span><\/p>","protected":false},"excerpt":{"rendered":"<h2 class=\"prodetails-name\">Kabelgeh\u00e4use<\/h2>\n<p>Dieser Kabelkoffer ist ideal f\u00fcr Kabel und wichtige Ger\u00e4te, die einen hochwertigen Schutz und einen m\u00fchelosen, reibungslosen Transport ben\u00f6tigen. Hochbelastbare Gummir\u00e4der halten Sie in Bewegung, aber Sie m\u00fcssen sich keine Sorgen um die Unversehrtheit Ihrer Ausr\u00fcstung machen, denn sie ist mit strapazierf\u00e4higen Merkmalen wie hochbelastbaren Kugelecken und Schmetterlingsverschl\u00fcssen ausgestattet. Dieser flexible Koffer bietet Platz f\u00fcr alle Arten von Ger\u00e4ten und Zubeh\u00f6r, ohne dass Sie dabei Ihr Budget oder Ihren R\u00fccken strapazieren m\u00fcssen!<\/p>\n<h2><strong>Produktionseinf\u00fchrung<\/strong><\/h2>\n<p>- Typ: Scharnierdeckel<\/p>\n<p>- Material: 12mm schwarzes Laminatsperrholz<\/p>\n<p>- Au\u00dfenma\u00dfe: B1200mm x T600mm x H600mm<\/p>\n<p>- Schaumstoff: EVA-Hartschaum<\/p>\n<p>- Starke Belastung <a class=\"wpil_keyword_link\" href=\"https:\/\/sxpowercase.com\/product-category\/all-product\/flight-case\/\" target=\"_blank\" rel=\"noopener\" title=\"Flightcase\" data-wpil-keyword-link=\"linked\" data-wpil-monitor-id=\"417\">Flightcase<\/a> Beschl\u00e4ge<\/p>\n<p>- Rollen: 4\u2033 Gummi 100mm Rollen montiert (x2 Bremsen)<\/p>","protected":false},"featured_media":1778,"comment_status":"open","ping_status":"closed","template":"","meta":[],"product_brand":[],"product_cat":[36],"product_tag":[],"class_list":{"0":"post-1774","1":"product","2":"type-product","3":"status-publish","4":"has-post-thumbnail","6":"product_cat-cables-cases","8":"first","9":"instock","10":"shipping-taxable","11":"product-type-simple"},"yoast_head":"<!-- This site is optimized with the Yoast SEO Premium plugin v27.1 (Yoast SEO v27.2) - https:\/\/yoast.com\/product\/yoast-seo-premium-wordpress\/ -->\n<title>Cable Case Manufacture Manufacture- https:\/\/sxflightcase.com<\/title>\n<meta name=\"description\" content=\"Cable Case Manufacture: Discover our factory-direct options for professional customization, perfect for organizing and managing cables efficiently.\" \/>\n<meta name=\"robots\" content=\"index, follow, max-snippet:-1, max-image-preview:large, max-video-preview:-1\" \/>\n<link rel=\"canonical\" href=\"https:\/\/sxflightcase.com\/de\/\u0645\u0646\u062a\u062c\/\u0639\u0644\u0628\u0629-\u0627\u0644\u0643\u0627\u0628\u0644\/\" \/>\n<meta property=\"og:locale\" content=\"de_DE\" \/>\n<meta property=\"og:type\" content=\"article\" \/>\n<meta property=\"og:title\" content=\"Cable Case Manufacture\" \/>\n<meta property=\"og:description\" content=\"Cable Case Manufacture: Discover our factory-direct options for professional customization, perfect for organizing and managing cables efficiently.\" \/>\n<meta property=\"og:url\" content=\"https:\/\/sxflightcase.com\/de\/\u0645\u0646\u062a\u062c\/\u0639\u0644\u0628\u0629-\u0627\u0644\u0643\u0627\u0628\u0644\/\" \/>\n<meta property=\"og:site_name\" content=\"https:\/\/sxflightcase.com\" \/>\n<meta property=\"article:publisher\" content=\"https:\/\/www.facebook.com\/profile.php?id=61560407257971\" \/>\n<meta property=\"article:modified_time\" content=\"2024-06-20T02:28:08+00:00\" \/>\n<meta property=\"og:image\" content=\"https:\/\/sxflightcase.com\/wp-content\/uploads\/2024\/05\/cable-case46234394331.webp\" \/>\n\t<meta property=\"og:image:width\" content=\"730\" \/>\n\t<meta property=\"og:image:height\" content=\"730\" \/>\n\t<meta property=\"og:image:type\" content=\"image\/webp\" \/>\n<meta name=\"twitter:card\" content=\"summary_large_image\" \/>\n<meta name=\"twitter:label1\" content=\"Gesch\u00e4tzte Lesezeit\" \/>\n\t<meta name=\"twitter:data1\" content=\"5\u00a0Minuten\" \/>\n<script type=\"application\/ld+json\" class=\"yoast-schema-graph\">{\"@context\":\"https:\/\/schema.org\",\"@graph\":[{\"@type\":\"WebPage\",\"@id\":\"https:\/\/sxflightcase.com\/ary\/\u0645\u0646\u062a\u062c\/\u0639\u0644\u0628\u0629-\u0627\u0644\u0643\u0627\u0628\u0644\/\",\"url\":\"https:\/\/sxflightcase.com\/ary\/\u0645\u0646\u062a\u062c\/\u0639\u0644\u0628\u0629-\u0627\u0644\u0643\u0627\u0628\u0644\/\",\"name\":\"Cable Case Manufacture Manufacture- https:\/\/sxflightcase.com\",\"isPartOf\":{\"@id\":\"https:\/\/sxflightcase.com\/th\/#website\"},\"primaryImageOfPage\":{\"@id\":\"https:\/\/sxflightcase.com\/ary\/\u0645\u0646\u062a\u062c\/\u0639\u0644\u0628\u0629-\u0627\u0644\u0643\u0627\u0628\u0644\/#primaryimage\"},\"image\":{\"@id\":\"https:\/\/sxflightcase.com\/ary\/\u0645\u0646\u062a\u062c\/\u0639\u0644\u0628\u0629-\u0627\u0644\u0643\u0627\u0628\u0644\/#primaryimage\"},\"thumbnailUrl\":\"https:\/\/sxflightcase.com\/wp-content\/uploads\/2024\/05\/cable-case46234394331.webp\",\"datePublished\":\"2024-05-10T06:28:50+00:00\",\"dateModified\":\"2024-06-20T02:28:08+00:00\",\"description\":\"Cable Case Manufacture: Discover our factory-direct options for professional customization, perfect for organizing and managing cables efficiently.\",\"breadcrumb\":{\"@id\":\"https:\/\/sxflightcase.com\/ary\/\u0645\u0646\u062a\u062c\/\u0639\u0644\u0628\u0629-\u0627\u0644\u0643\u0627\u0628\u0644\/#breadcrumb\"},\"inLanguage\":\"de\",\"potentialAction\":[{\"@type\":\"ReadAction\",\"target\":[\"https:\/\/sxflightcase.com\/ary\/\u0645\u0646\u062a\u062c\/\u0639\u0644\u0628\u0629-\u0627\u0644\u0643\u0627\u0628\u0644\/\"]}]},{\"@type\":\"ImageObject\",\"inLanguage\":\"de\",\"@id\":\"https:\/\/sxflightcase.com\/ary\/\u0645\u0646\u062a\u062c\/\u0639\u0644\u0628\u0629-\u0627\u0644\u0643\u0627\u0628\u0644\/#primaryimage\",\"url\":\"https:\/\/sxflightcase.com\/wp-content\/uploads\/2024\/05\/cable-case46234394331.webp\",\"contentUrl\":\"https:\/\/sxflightcase.com\/wp-content\/uploads\/2024\/05\/cable-case46234394331.webp\",\"width\":730,\"height\":730,\"caption\":\"Cable Case Manufacture\"},{\"@type\":\"BreadcrumbList\",\"@id\":\"https:\/\/sxflightcase.com\/ary\/\u0645\u0646\u062a\u062c\/\u0639\u0644\u0628\u0629-\u0627\u0644\u0643\u0627\u0628\u0644\/#breadcrumb\",\"itemListElement\":[{\"@type\":\"ListItem\",\"position\":1,\"name\":\"Home\",\"item\":\"https:\/\/sxflightcase.com\/\"},{\"@type\":\"ListItem\",\"position\":2,\"name\":\"\u0e2a\u0e34\u0e19\u0e04\u0e49\u0e32\",\"item\":\"https:\/\/sxflightcase.com\/th\/shop\/\"},{\"@type\":\"ListItem\",\"position\":3,\"name\":\"Cable Case Manufacture\"}]},{\"@type\":\"WebSite\",\"@id\":\"https:\/\/sxflightcase.com\/th\/#website\",\"url\":\"https:\/\/sxflightcase.com\/th\/\",\"name\":\"sxpowercase.com\",\"description\":\"Flight Case Factory\",\"publisher\":{\"@id\":\"https:\/\/sxflightcase.com\/th\/#organization\"},\"potentialAction\":[{\"@type\":\"SearchAction\",\"target\":{\"@type\":\"EntryPoint\",\"urlTemplate\":\"https:\/\/sxflightcase.com\/th\/?s={search_term_string}\"},\"query-input\":{\"@type\":\"PropertyValueSpecification\",\"valueRequired\":true,\"valueName\":\"search_term_string\"}}],\"inLanguage\":\"de\"},{\"@type\":\"Organization\",\"@id\":\"https:\/\/sxflightcase.com\/th\/#organization\",\"name\":\"sxpowercase.com\",\"url\":\"https:\/\/sxflightcase.com\/th\/\",\"logo\":{\"@type\":\"ImageObject\",\"inLanguage\":\"de\",\"@id\":\"https:\/\/sxflightcase.com\/th\/#\/schema\/logo\/image\/\",\"url\":\"https:\/\/sxflightcase.com\/wp-content\/uploads\/2024\/04\/1713919036007.jpg\",\"contentUrl\":\"https:\/\/sxflightcase.com\/wp-content\/uploads\/2024\/04\/1713919036007.jpg\",\"width\":382,\"height\":388,\"caption\":\"sxpowercase.com\"},\"image\":{\"@id\":\"https:\/\/sxflightcase.com\/th\/#\/schema\/logo\/image\/\"},\"sameAs\":[\"https:\/\/www.facebook.com\/profile.php?id=61560407257971\"],\"numberOfEmployees\":{\"@type\":\"QuantitativeValue\",\"minValue\":\"11\",\"maxValue\":\"50\"}}]}<\/script>\n<!-- \/ Yoast SEO Premium plugin. -->","yoast_head_json":{"title":"Cable Case Manufacture Manufacture- https:\/\/sxflightcase.com","description":"Herstellung von Kabeltaschen: Entdecken Sie unsere werkseitigen Optionen f\u00fcr eine professionelle Anpassung, perfekt f\u00fcr die effiziente Organisation und Verwaltung von Kabeln.","robots":{"index":"index","follow":"follow","max-snippet":"max-snippet:-1","max-image-preview":"max-image-preview:large","max-video-preview":"max-video-preview:-1"},"canonical":"https:\/\/sxflightcase.com\/de\/\u0645\u0646\u062a\u062c\/\u0639\u0644\u0628\u0629-\u0627\u0644\u0643\u0627\u0628\u0644\/","og_locale":"de_DE","og_type":"article","og_title":"Cable Case Manufacture","og_description":"Cable Case Manufacture: Discover our factory-direct options for professional customization, perfect for organizing and managing cables efficiently.","og_url":"https:\/\/sxflightcase.com\/de\/\u0645\u0646\u062a\u062c\/\u0639\u0644\u0628\u0629-\u0627\u0644\u0643\u0627\u0628\u0644\/","og_site_name":"https:\/\/sxflightcase.com","article_publisher":"https:\/\/www.facebook.com\/profile.php?id=61560407257971","article_modified_time":"2024-06-20T02:28:08+00:00","og_image":[{"width":730,"height":730,"url":"https:\/\/sxflightcase.com\/wp-content\/uploads\/2024\/05\/cable-case46234394331.webp","type":"image\/webp"}],"twitter_card":"summary_large_image","twitter_misc":{"Gesch\u00e4tzte Lesezeit":"5\u00a0Minuten"},"schema":{"@context":"https:\/\/schema.org","@graph":[{"@type":"WebPage","@id":"https:\/\/sxflightcase.com\/ary\/\u0645\u0646\u062a\u062c\/\u0639\u0644\u0628\u0629-\u0627\u0644\u0643\u0627\u0628\u0644\/","url":"https:\/\/sxflightcase.com\/ary\/\u0645\u0646\u062a\u062c\/\u0639\u0644\u0628\u0629-\u0627\u0644\u0643\u0627\u0628\u0644\/","name":"Cable Case Manufacture Manufacture- https:\/\/sxflightcase.com","isPartOf":{"@id":"https:\/\/sxflightcase.com\/th\/#website"},"primaryImageOfPage":{"@id":"https:\/\/sxflightcase.com\/ary\/\u0645\u0646\u062a\u062c\/\u0639\u0644\u0628\u0629-\u0627\u0644\u0643\u0627\u0628\u0644\/#primaryimage"},"image":{"@id":"https:\/\/sxflightcase.com\/ary\/\u0645\u0646\u062a\u062c\/\u0639\u0644\u0628\u0629-\u0627\u0644\u0643\u0627\u0628\u0644\/#primaryimage"},"thumbnailUrl":"https:\/\/sxflightcase.com\/wp-content\/uploads\/2024\/05\/cable-case46234394331.webp","datePublished":"2024-05-10T06:28:50+00:00","dateModified":"2024-06-20T02:28:08+00:00","description":"Herstellung von Kabeltaschen: Entdecken Sie unsere werkseitigen Optionen f\u00fcr eine professionelle Anpassung, perfekt f\u00fcr die effiziente Organisation und Verwaltung von Kabeln.","breadcrumb":{"@id":"https:\/\/sxflightcase.com\/ary\/\u0645\u0646\u062a\u062c\/\u0639\u0644\u0628\u0629-\u0627\u0644\u0643\u0627\u0628\u0644\/#breadcrumb"},"inLanguage":"de","potentialAction":[{"@type":"ReadAction","target":["https:\/\/sxflightcase.com\/ary\/\u0645\u0646\u062a\u062c\/\u0639\u0644\u0628\u0629-\u0627\u0644\u0643\u0627\u0628\u0644\/"]}]},{"@type":"ImageObject","inLanguage":"de","@id":"https:\/\/sxflightcase.com\/ary\/\u0645\u0646\u062a\u062c\/\u0639\u0644\u0628\u0629-\u0627\u0644\u0643\u0627\u0628\u0644\/#primaryimage","url":"https:\/\/sxflightcase.com\/wp-content\/uploads\/2024\/05\/cable-case46234394331.webp","contentUrl":"https:\/\/sxflightcase.com\/wp-content\/uploads\/2024\/05\/cable-case46234394331.webp","width":730,"height":730,"caption":"Cable Case Manufacture"},{"@type":"BreadcrumbList","@id":"https:\/\/sxflightcase.com\/ary\/\u0645\u0646\u062a\u062c\/\u0639\u0644\u0628\u0629-\u0627\u0644\u0643\u0627\u0628\u0644\/#breadcrumb","itemListElement":[{"@type":"ListItem","position":1,"name":"Home","item":"https:\/\/sxflightcase.com\/"},{"@type":"ListItem","position":2,"name":"\u0e2a\u0e34\u0e19\u0e04\u0e49\u0e32","item":"https:\/\/sxflightcase.com\/th\/shop\/"},{"@type":"ListItem","position":3,"name":"Cable Case Manufacture"}]},{"@type":"WebSite","@id":"https:\/\/sxflightcase.com\/th\/#website","url":"https:\/\/sxflightcase.com\/th\/","name":"www.sxpowercase.com","description":"Flight Case Fabrik","publisher":{"@id":"https:\/\/sxflightcase.com\/th\/#organization"},"potentialAction":[{"@type":"SearchAction","target":{"@type":"EntryPoint","urlTemplate":"https:\/\/sxflightcase.com\/th\/?s={search_term_string}"},"query-input":{"@type":"PropertyValueSpecification","valueRequired":true,"valueName":"search_term_string"}}],"inLanguage":"de"},{"@type":"Organization","@id":"https:\/\/sxflightcase.com\/th\/#organization","name":"www.sxpowercase.com","url":"https:\/\/sxflightcase.com\/th\/","logo":{"@type":"ImageObject","inLanguage":"de","@id":"https:\/\/sxflightcase.com\/th\/#\/schema\/logo\/image\/","url":"https:\/\/sxflightcase.com\/wp-content\/uploads\/2024\/04\/1713919036007.jpg","contentUrl":"https:\/\/sxflightcase.com\/wp-content\/uploads\/2024\/04\/1713919036007.jpg","width":382,"height":388,"caption":"sxpowercase.com"},"image":{"@id":"https:\/\/sxflightcase.com\/th\/#\/schema\/logo\/image\/"},"sameAs":["https:\/\/www.facebook.com\/profile.php?id=61560407257971"],"numberOfEmployees":{"@type":"QuantitativeValue","minValue":"11","maxValue":"50"}}]}},"_links":{"self":[{"href":"https:\/\/sxflightcase.com\/de\/wp-json\/wp\/v2\/product\/1774","targetHints":{"allow":["GET"]}}],"collection":[{"href":"https:\/\/sxflightcase.com\/de\/wp-json\/wp\/v2\/product"}],"about":[{"href":"https:\/\/sxflightcase.com\/de\/wp-json\/wp\/v2\/types\/product"}],"replies":[{"embeddable":true,"href":"https:\/\/sxflightcase.com\/de\/wp-json\/wp\/v2\/comments?post=1774"}],"version-history":[{"count":0,"href":"https:\/\/sxflightcase.com\/de\/wp-json\/wp\/v2\/product\/1774\/revisions"}],"wp:featuredmedia":[{"embeddable":true,"href":"https:\/\/sxflightcase.com\/de\/wp-json\/wp\/v2\/media\/1778"}],"wp:attachment":[{"href":"https:\/\/sxflightcase.com\/de\/wp-json\/wp\/v2\/media?parent=1774"}],"wp:term":[{"taxonomy":"product_brand","embeddable":true,"href":"https:\/\/sxflightcase.com\/de\/wp-json\/wp\/v2\/product_brand?post=1774"},{"taxonomy":"product_cat","embeddable":true,"href":"https:\/\/sxflightcase.com\/de\/wp-json\/wp\/v2\/product_cat?post=1774"},{"taxonomy":"product_tag","embeddable":true,"href":"https:\/\/sxflightcase.com\/de\/wp-json\/wp\/v2\/product_tag?post=1774"}],"curies":[{"name":"wp","href":"https:\/\/api.w.org\/{rel}","templated":true}]}}