{"id":1786,"date":"2024-05-10T07:48:06","date_gmt":"2024-05-10T06:48:06","guid":{"rendered":"https:\/\/sxpowercase.com\/?post_type=product&#038;p=1786"},"modified":"2024-06-20T03:32:10","modified_gmt":"2024-06-20T02:32:10","slug":"mic-stand-carry-box","status":"publish","type":"product","link":"https:\/\/sxflightcase.com\/de\/produkt\/mikrofonstander-tragebox-2\/","title":{"rendered":"Mikrofonst\u00e4nder-Tragebox"},"content":{"rendered":"<h3><strong>Produktparameter (Spezifikation)<\/strong><\/h3>\n<section class=\"table-wrap\">\n<table class=\"table\" width=\"100%\" cellspacing=\"0\" cellpadding=\"0\">\n<tbody>\n<tr class=\"firstRow\">\n<td width=\"134\">Produktname<\/td>\n<td width=\"504\">Mikrofonst\u00e4nder-Tragebox<\/td>\n<\/tr>\n<tr>\n<td width=\"134\">Materialien<\/td>\n<td width=\"504\">9 mm starke Konstruktion aus laminiertem Sperrholz mit handels\u00fcblichen beschichteten Beschl\u00e4gen, robusten Griffen und Riegeln sowie Kugelecken<br \/>\nEingebauter federbelasteter versenkter Abschleppgriff<br \/>\nInnenpolsterung und Bl\u00f6cke aus Ultra-Dur-EVA-Schaum bieten Platz f\u00fcr eine L\u00fcfterbel\u00fcftung an der Unterseite des Boards<\/td>\n<\/tr>\n<tr>\n<td width=\"134\">Farbe<\/td>\n<td width=\"504\">Schwarz, Blau, Rot oder Benutzerdefiniert<\/td>\n<\/tr>\n<tr>\n<td width=\"134\">Verwendung<\/td>\n<td width=\"504\">Transportlagerung sch\u00fctzen<\/td>\n<\/tr>\n<\/tbody>\n<\/table>\n<\/section>\n<p><strong>Verpackung und Versand<\/strong><\/p>\n<section class=\"table-wrap\">\n<table class=\"table\" width=\"100%\" cellspacing=\"0\" cellpadding=\"0\">\n<tbody>\n<tr class=\"firstRow\">\n<td colspan=\"3\" width=\"100%\">Verpackung &amp; Versand<\/td>\n<\/tr>\n<tr>\n<td rowspan=\"3\" width=\"33%\">Lieferzeit<\/td>\n<td width=\"33%\">Auf dem Seeweg<\/td>\n<td width=\"33%\">15-60 Tage<\/td>\n<\/tr>\n<tr>\n<td width=\"33%\">Mit dem Flugzeug<\/td>\n<td width=\"33%\">4-9 Tage<\/td>\n<\/tr>\n<tr>\n<td width=\"33%\">Per Express<\/td>\n<td width=\"33%\">4-9 Tage<\/td>\n<\/tr>\n<tr>\n<td width=\"33%\">Lieferzeit<\/td>\n<td colspan=\"2\" width=\"66%\">7-15 Werktage oder nach Bedarf<\/td>\n<\/tr>\n<tr>\n<td width=\"33%\">Verpackung<\/td>\n<td colspan=\"2\" width=\"66%\">Durch Karton oder als Ihre Anforderung<\/td>\n<\/tr>\n<\/tbody>\n<\/table>\n<\/section>\n<h1>SX Mic Stand Carry Box: Ihr zuverl\u00e4ssiger Begleiter f\u00fcr Gigs<\/h1>\n<h2>Tragbare und sch\u00fctzende L\u00f6sung<\/h2>\n<p>Einf\u00fchrung der <strong>Mikrofonst\u00e4nder-Tragebox<\/strong> von <a href=\"https:\/\/sxpowercase.com\/\" target=\"_blank\" rel=\"noopener\" title=\"SX\" data-wpil-monitor-id=\"126\">SX<\/a>wurde f\u00fcr Musiker und K\u00fcnstler entwickelt, die ihre Mikrofonstative sicher und bequem transportieren m\u00f6chten. Egal, ob Sie auf dem Weg zu einem Auftritt oder einer Aufnahmesession sind, unsere Transportbox sorgt daf\u00fcr, dass Ihre Ausr\u00fcstung unversehrt und einsatzbereit ankommt.<\/p>\n<h2>Ma\u00dfgeschneidert nach Ihren Spezifikationen<\/h2>\n<h3>Ma\u00dfgeschneiderte Designoptionen<\/h3>\n<p>Wir bei SX wissen, dass Musiker unterschiedliche Bed\u00fcrfnisse haben. Unsere Mikrofonst\u00e4nder-Transportboxen sind individuell anpassbar und passen zu verschiedenen Arten und Gr\u00f6\u00dfen von Mikrofonst\u00e4ndern. W\u00e4hlen Sie aus verschiedenen Materialien und Farben, die zu Ihrem Stil und Ihren Vorlieben passen, damit Ihre Ausr\u00fcstung nicht nur gesch\u00fctzt ist, sondern auch Ihre pers\u00f6nliche Marke widerspiegelt.<\/p>\n<h2>Direkt vom Hersteller<\/h2>\n<h3>Vorteil des Direktvertriebs ab Werk<\/h3>\n<p>Wenn Sie direkt bei SX kaufen, sparen Sie sich die Zwischenh\u00e4ndler und profitieren von wettbewerbsf\u00e4higen Preisen und hochwertiger Handwerkskunst. Unser Direktvertrieb stellt sicher, dass jede Mic Stand Carry Box unsere strengen Standards f\u00fcr Haltbarkeit und Zuverl\u00e4ssigkeit erf\u00fcllt und somit eine sinnvolle Investition f\u00fcr Ihre musikalische Reise ist.<\/p>\n<h2>Auf Langlebigkeit ausgelegt<\/h2>\n<h3>Robust und zuverl\u00e4ssig<\/h3>\n<p>Die aus robusten Materialien gefertigten SX-Mikrofonst\u00e4nder-Transportboxen sind so konstruiert, dass sie den St\u00f6\u00dfen und Schl\u00e4gen beim Transport standhalten. So k\u00f6nnen Sie sicher sein, dass Ihre Mikrofonst\u00e4nder nicht besch\u00e4digt werden, ganz gleich, ob Sie auf Tournee sind oder einfach nur Ihr Equipment zwischen verschiedenen Veranstaltungsorten transportieren.<\/p>\n<h2>Verbessern Sie Ihr Performance-Setup<\/h2>\n<h3>Professionelle Pr\u00e4sentation<\/h3>\n<p>Eine SX Mic Stand Carry Box sch\u00fctzt nicht nur Ihre Ausr\u00fcstung, sondern unterstreicht auch das professionelle Image Ihres Setups. Beeindrucken Sie Ihr Publikum und Ihre Musikerkollegen mit einer eleganten und funktionalen Tragebox, die Ihre Hingabe zu Ihrem Handwerk unterstreicht.<\/p>\n<hr \/>\n<p>Mit der Mic Stand Carry Box von SX sind Ihre Mikrofonst\u00e4nder immer bereit f\u00fcr das Rampenlicht. Wenden Sie sich noch heute an uns, um Anpassungsm\u00f6glichkeiten zu besprechen und Ihr unverzichtbares Zubeh\u00f6r f\u00fcr jeden Gig zu sichern.<\/p>\n<p><strong>H\u00e4ufig gestellte Fragen<\/strong><\/p>\n<p>F: Was ist Ihr Versandservice?<\/p>\n<p>A: Wir bieten Dienstleistungen f\u00fcr die Schiffsbuchung, Warenkonsolidierung, Zollanmeldung, Vorbereitung von Versanddokumenten und Massenlieferung im Verschiffungshafen an.<\/p>\n<p>F: Wie lautet Ihre Frist f\u00fcr die Lieferung?<\/p>\n<p>A: Unsere normale Lieferbedingung ist EXW Guangzhou. Wir akzeptieren auch FOB, CFR, CIF, DDP, DDU etc. Wir werden Ihnen die Versandkosten anbieten und Sie k\u00f6nnen diejenige w\u00e4hlen, die f\u00fcr Sie am bequemsten und effektivsten ist.<\/p>\n<p>F: Welche Zahlungsarten akzeptieren Sie?<\/p>\n<p>A: T\/T, Western Union usw. Wir akzeptieren jede bequeme und schnelle Zahlungsbedingung.<\/p>\n<p>Hot Tags: Niedriger Preis, auf Lager, kostenlose Probe, Strom- und Signalkabel, 16 Gauge 4-Leiter-Kabel, Mikrofonst\u00e4ndergeh\u00e4use, Outdoor-LED-Vitrine, Rackmontage, 19-Zoll-Rackmount-Mixer-Flightcases, elektrische Verteilerbox, China, Lieferanten, Fabrik, kundenspezifisch, Gro\u00dfhandel, <span style=\"color: #993366;\"><a style=\"color: #993366;\" href=\"https:\/\/sxflightcase.com\/de\/product-category\/all-product\/power-distribution-boxes\/\">Stromk\u00e4sten<\/a>,\u00a0<a style=\"color: #993366;\" href=\"https:\/\/sxflightcase.com\/de\/product-category\/all-product\/hoist-controllers\/\">Stromkabel<\/a>,\u00a0<a style=\"color: #993366;\" href=\"https:\/\/sxflightcase.com\/de\/product-category\/all-product\/hoist-controllers\/\">Hubwerkssteuerungen<\/a>,\u00a0<a style=\"color: #993366;\" href=\"https:\/\/sxflightcase.com\/de\/product-category\/all-product\/flight-case\/\">Flightcases.<\/a><\/span><\/p>","protected":false},"excerpt":{"rendered":"<h2 class=\"prodetails-name\">Mikrofonst\u00e4nder-Tragebox<\/h2>\n<p>Sehen Sie sich unser Angebot an Mikrofonst\u00e4nder-Trageboxen an. Ideal f\u00fcr Tourneen oder Musiker, die ihr gesamtes Equipment in einem Koffer transportieren m\u00f6chten. Wir freuen uns, eine Reihe von robusten Reisel\u00f6sungen f\u00fcr Profis in der Branche anbieten zu k\u00f6nnen, um ihre Mikrofone und Zubeh\u00f6r sicher zu transportieren und zu lagern.<\/p>\n<h2><strong>Produktionseinf\u00fchrung<\/strong><\/h2>\n<p>Schwere und leistungsstarke Stahlkugelecken und doppelte Ankernieten<\/p>\n<p>Industrielle versenkte Butterfly-Drehverschl\u00fcsse - vorh\u00e4ngeschlossf\u00e4hig<\/p>\n<p>Leicht verschlie\u00dfbare Aluminium-Feder und -Nut<\/p>\n<p>Federbet\u00e4tigte Gummigriffe mit Vertiefungen<\/p>\n<p>Industrietaugliche 4\u2033-Rollen, 2 feststellbar<\/p>","protected":false},"featured_media":1787,"comment_status":"open","ping_status":"closed","template":"","meta":[],"product_brand":[],"product_cat":[41],"product_tag":[],"class_list":{"0":"post-1786","1":"product","2":"type-product","3":"status-publish","4":"has-post-thumbnail","6":"product_cat-equipment-cases","8":"first","9":"instock","10":"shipping-taxable","11":"product-type-simple"},"yoast_head":"<!-- This site is optimized with the Yoast SEO Premium plugin v27.1 (Yoast SEO v27.2) - https:\/\/yoast.com\/product\/yoast-seo-premium-wordpress\/ -->\n<title>Mic Stand Carry Box - https:\/\/sxflightcase.com \ud83d\udc97<\/title>\n<meta name=\"description\" content=\"Mic Stand Carry Box: Explore our factory-direct options for professional customization, designed to securely transport and store your mic stands with ease and convenience.\" \/>\n<meta name=\"robots\" content=\"index, follow, max-snippet:-1, max-image-preview:large, max-video-preview:-1\" \/>\n<link rel=\"canonical\" href=\"https:\/\/sxflightcase.com\/de\/produk\/kotak-jinjing-dudukan-mikrofon\/\" \/>\n<meta property=\"og:locale\" content=\"de_DE\" \/>\n<meta property=\"og:type\" content=\"article\" \/>\n<meta property=\"og:title\" content=\"Mic Stand Carry Box\" \/>\n<meta property=\"og:description\" content=\"Mic Stand Carry Box: Explore our factory-direct options for professional customization, designed to securely transport and store your mic stands with ease and convenience.\" \/>\n<meta property=\"og:url\" content=\"https:\/\/sxflightcase.com\/de\/produk\/kotak-jinjing-dudukan-mikrofon\/\" \/>\n<meta property=\"og:site_name\" content=\"https:\/\/sxflightcase.com\" \/>\n<meta property=\"article:publisher\" content=\"https:\/\/www.facebook.com\/profile.php?id=61560407257971\" \/>\n<meta property=\"article:modified_time\" content=\"2024-06-20T02:32:10+00:00\" \/>\n<meta property=\"og:image\" content=\"https:\/\/sxflightcase.com\/wp-content\/uploads\/2024\/05\/mic-stand-carry-box39588798042.jpg\" \/>\n\t<meta property=\"og:image:width\" content=\"750\" \/>\n\t<meta property=\"og:image:height\" content=\"750\" \/>\n\t<meta property=\"og:image:type\" content=\"image\/jpeg\" \/>\n<meta name=\"twitter:card\" content=\"summary_large_image\" \/>\n<meta name=\"twitter:label1\" content=\"Gesch\u00e4tzte Lesezeit\" \/>\n\t<meta name=\"twitter:data1\" content=\"4\u00a0Minuten\" \/>\n<script type=\"application\/ld+json\" class=\"yoast-schema-graph\">{\"@context\":\"https:\/\/schema.org\",\"@graph\":[{\"@type\":\"WebPage\",\"@id\":\"https:\/\/sxflightcase.com\/id\/produk\/kotak-jinjing-dudukan-mikrofon\/\",\"url\":\"https:\/\/sxflightcase.com\/id\/produk\/kotak-jinjing-dudukan-mikrofon\/\",\"name\":\"Mic Stand Carry Box - https:\/\/sxflightcase.com \ud83d\udc97\",\"isPartOf\":{\"@id\":\"https:\/\/sxflightcase.com\/th\/#website\"},\"primaryImageOfPage\":{\"@id\":\"https:\/\/sxflightcase.com\/id\/produk\/kotak-jinjing-dudukan-mikrofon\/#primaryimage\"},\"image\":{\"@id\":\"https:\/\/sxflightcase.com\/id\/produk\/kotak-jinjing-dudukan-mikrofon\/#primaryimage\"},\"thumbnailUrl\":\"https:\/\/sxflightcase.com\/wp-content\/uploads\/2024\/05\/mic-stand-carry-box39588798042.jpg\",\"datePublished\":\"2024-05-10T06:48:06+00:00\",\"dateModified\":\"2024-06-20T02:32:10+00:00\",\"description\":\"Mic Stand Carry Box: Explore our factory-direct options for professional customization, designed to securely transport and store your mic stands with ease and convenience.\",\"breadcrumb\":{\"@id\":\"https:\/\/sxflightcase.com\/id\/produk\/kotak-jinjing-dudukan-mikrofon\/#breadcrumb\"},\"inLanguage\":\"de\",\"potentialAction\":[{\"@type\":\"ReadAction\",\"target\":[\"https:\/\/sxflightcase.com\/id\/produk\/kotak-jinjing-dudukan-mikrofon\/\"]}]},{\"@type\":\"ImageObject\",\"inLanguage\":\"de\",\"@id\":\"https:\/\/sxflightcase.com\/id\/produk\/kotak-jinjing-dudukan-mikrofon\/#primaryimage\",\"url\":\"https:\/\/sxflightcase.com\/wp-content\/uploads\/2024\/05\/mic-stand-carry-box39588798042.jpg\",\"contentUrl\":\"https:\/\/sxflightcase.com\/wp-content\/uploads\/2024\/05\/mic-stand-carry-box39588798042.jpg\",\"width\":750,\"height\":750,\"caption\":\"Mic Stand Carry Box\"},{\"@type\":\"BreadcrumbList\",\"@id\":\"https:\/\/sxflightcase.com\/id\/produk\/kotak-jinjing-dudukan-mikrofon\/#breadcrumb\",\"itemListElement\":[{\"@type\":\"ListItem\",\"position\":1,\"name\":\"Home\",\"item\":\"https:\/\/sxflightcase.com\/\"},{\"@type\":\"ListItem\",\"position\":2,\"name\":\"\u0e2a\u0e34\u0e19\u0e04\u0e49\u0e32\",\"item\":\"https:\/\/sxflightcase.com\/th\/shop\/\"},{\"@type\":\"ListItem\",\"position\":3,\"name\":\"Mic Stand Carry Box\"}]},{\"@type\":\"WebSite\",\"@id\":\"https:\/\/sxflightcase.com\/th\/#website\",\"url\":\"https:\/\/sxflightcase.com\/th\/\",\"name\":\"sxpowercase.com\",\"description\":\"Flight Case Factory\",\"publisher\":{\"@id\":\"https:\/\/sxflightcase.com\/th\/#organization\"},\"potentialAction\":[{\"@type\":\"SearchAction\",\"target\":{\"@type\":\"EntryPoint\",\"urlTemplate\":\"https:\/\/sxflightcase.com\/th\/?s={search_term_string}\"},\"query-input\":{\"@type\":\"PropertyValueSpecification\",\"valueRequired\":true,\"valueName\":\"search_term_string\"}}],\"inLanguage\":\"de\"},{\"@type\":\"Organization\",\"@id\":\"https:\/\/sxflightcase.com\/th\/#organization\",\"name\":\"sxpowercase.com\",\"url\":\"https:\/\/sxflightcase.com\/th\/\",\"logo\":{\"@type\":\"ImageObject\",\"inLanguage\":\"de\",\"@id\":\"https:\/\/sxflightcase.com\/th\/#\/schema\/logo\/image\/\",\"url\":\"https:\/\/sxflightcase.com\/wp-content\/uploads\/2024\/04\/1713919036007.jpg\",\"contentUrl\":\"https:\/\/sxflightcase.com\/wp-content\/uploads\/2024\/04\/1713919036007.jpg\",\"width\":382,\"height\":388,\"caption\":\"sxpowercase.com\"},\"image\":{\"@id\":\"https:\/\/sxflightcase.com\/th\/#\/schema\/logo\/image\/\"},\"sameAs\":[\"https:\/\/www.facebook.com\/profile.php?id=61560407257971\"],\"numberOfEmployees\":{\"@type\":\"QuantitativeValue\",\"minValue\":\"11\",\"maxValue\":\"50\"}}]}<\/script>\n<!-- \/ Yoast SEO Premium plugin. -->","yoast_head_json":{"title":"Mic Stand Carry Box - https:\/\/sxflightcase.com \ud83d\udc97","description":"Mikrofonst\u00e4nder-Tragebox: Entdecken Sie unsere werksseitigen Optionen f\u00fcr die professionelle Anpassung, die f\u00fcr den sicheren Transport und die bequeme Aufbewahrung Ihrer Mikrofonst\u00e4nder konzipiert sind.","robots":{"index":"index","follow":"follow","max-snippet":"max-snippet:-1","max-image-preview":"max-image-preview:large","max-video-preview":"max-video-preview:-1"},"canonical":"https:\/\/sxflightcase.com\/de\/produk\/kotak-jinjing-dudukan-mikrofon\/","og_locale":"de_DE","og_type":"article","og_title":"Mic Stand Carry Box","og_description":"Mic Stand Carry Box: Explore our factory-direct options for professional customization, designed to securely transport and store your mic stands with ease and convenience.","og_url":"https:\/\/sxflightcase.com\/de\/produk\/kotak-jinjing-dudukan-mikrofon\/","og_site_name":"https:\/\/sxflightcase.com","article_publisher":"https:\/\/www.facebook.com\/profile.php?id=61560407257971","article_modified_time":"2024-06-20T02:32:10+00:00","og_image":[{"width":750,"height":750,"url":"https:\/\/sxflightcase.com\/wp-content\/uploads\/2024\/05\/mic-stand-carry-box39588798042.jpg","type":"image\/jpeg"}],"twitter_card":"summary_large_image","twitter_misc":{"Gesch\u00e4tzte Lesezeit":"4\u00a0Minuten"},"schema":{"@context":"https:\/\/schema.org","@graph":[{"@type":"WebPage","@id":"https:\/\/sxflightcase.com\/id\/produk\/kotak-jinjing-dudukan-mikrofon\/","url":"https:\/\/sxflightcase.com\/id\/produk\/kotak-jinjing-dudukan-mikrofon\/","name":"Mic Stand Carry Box - https:\/\/sxflightcase.com \ud83d\udc97","isPartOf":{"@id":"https:\/\/sxflightcase.com\/th\/#website"},"primaryImageOfPage":{"@id":"https:\/\/sxflightcase.com\/id\/produk\/kotak-jinjing-dudukan-mikrofon\/#primaryimage"},"image":{"@id":"https:\/\/sxflightcase.com\/id\/produk\/kotak-jinjing-dudukan-mikrofon\/#primaryimage"},"thumbnailUrl":"https:\/\/sxflightcase.com\/wp-content\/uploads\/2024\/05\/mic-stand-carry-box39588798042.jpg","datePublished":"2024-05-10T06:48:06+00:00","dateModified":"2024-06-20T02:32:10+00:00","description":"Mikrofonst\u00e4nder-Tragebox: Entdecken Sie unsere werksseitigen Optionen f\u00fcr die professionelle Anpassung, die f\u00fcr den sicheren Transport und die bequeme Aufbewahrung Ihrer Mikrofonst\u00e4nder konzipiert sind.","breadcrumb":{"@id":"https:\/\/sxflightcase.com\/id\/produk\/kotak-jinjing-dudukan-mikrofon\/#breadcrumb"},"inLanguage":"de","potentialAction":[{"@type":"ReadAction","target":["https:\/\/sxflightcase.com\/id\/produk\/kotak-jinjing-dudukan-mikrofon\/"]}]},{"@type":"ImageObject","inLanguage":"de","@id":"https:\/\/sxflightcase.com\/id\/produk\/kotak-jinjing-dudukan-mikrofon\/#primaryimage","url":"https:\/\/sxflightcase.com\/wp-content\/uploads\/2024\/05\/mic-stand-carry-box39588798042.jpg","contentUrl":"https:\/\/sxflightcase.com\/wp-content\/uploads\/2024\/05\/mic-stand-carry-box39588798042.jpg","width":750,"height":750,"caption":"Mic Stand Carry Box"},{"@type":"BreadcrumbList","@id":"https:\/\/sxflightcase.com\/id\/produk\/kotak-jinjing-dudukan-mikrofon\/#breadcrumb","itemListElement":[{"@type":"ListItem","position":1,"name":"Home","item":"https:\/\/sxflightcase.com\/"},{"@type":"ListItem","position":2,"name":"\u0e2a\u0e34\u0e19\u0e04\u0e49\u0e32","item":"https:\/\/sxflightcase.com\/th\/shop\/"},{"@type":"ListItem","position":3,"name":"Mic Stand Carry Box"}]},{"@type":"WebSite","@id":"https:\/\/sxflightcase.com\/th\/#website","url":"https:\/\/sxflightcase.com\/th\/","name":"www.sxpowercase.com","description":"Flight Case Fabrik","publisher":{"@id":"https:\/\/sxflightcase.com\/th\/#organization"},"potentialAction":[{"@type":"SearchAction","target":{"@type":"EntryPoint","urlTemplate":"https:\/\/sxflightcase.com\/th\/?s={search_term_string}"},"query-input":{"@type":"PropertyValueSpecification","valueRequired":true,"valueName":"search_term_string"}}],"inLanguage":"de"},{"@type":"Organization","@id":"https:\/\/sxflightcase.com\/th\/#organization","name":"www.sxpowercase.com","url":"https:\/\/sxflightcase.com\/th\/","logo":{"@type":"ImageObject","inLanguage":"de","@id":"https:\/\/sxflightcase.com\/th\/#\/schema\/logo\/image\/","url":"https:\/\/sxflightcase.com\/wp-content\/uploads\/2024\/04\/1713919036007.jpg","contentUrl":"https:\/\/sxflightcase.com\/wp-content\/uploads\/2024\/04\/1713919036007.jpg","width":382,"height":388,"caption":"sxpowercase.com"},"image":{"@id":"https:\/\/sxflightcase.com\/th\/#\/schema\/logo\/image\/"},"sameAs":["https:\/\/www.facebook.com\/profile.php?id=61560407257971"],"numberOfEmployees":{"@type":"QuantitativeValue","minValue":"11","maxValue":"50"}}]}},"_links":{"self":[{"href":"https:\/\/sxflightcase.com\/de\/wp-json\/wp\/v2\/product\/1786","targetHints":{"allow":["GET"]}}],"collection":[{"href":"https:\/\/sxflightcase.com\/de\/wp-json\/wp\/v2\/product"}],"about":[{"href":"https:\/\/sxflightcase.com\/de\/wp-json\/wp\/v2\/types\/product"}],"replies":[{"embeddable":true,"href":"https:\/\/sxflightcase.com\/de\/wp-json\/wp\/v2\/comments?post=1786"}],"version-history":[{"count":0,"href":"https:\/\/sxflightcase.com\/de\/wp-json\/wp\/v2\/product\/1786\/revisions"}],"wp:featuredmedia":[{"embeddable":true,"href":"https:\/\/sxflightcase.com\/de\/wp-json\/wp\/v2\/media\/1787"}],"wp:attachment":[{"href":"https:\/\/sxflightcase.com\/de\/wp-json\/wp\/v2\/media?parent=1786"}],"wp:term":[{"taxonomy":"product_brand","embeddable":true,"href":"https:\/\/sxflightcase.com\/de\/wp-json\/wp\/v2\/product_brand?post=1786"},{"taxonomy":"product_cat","embeddable":true,"href":"https:\/\/sxflightcase.com\/de\/wp-json\/wp\/v2\/product_cat?post=1786"},{"taxonomy":"product_tag","embeddable":true,"href":"https:\/\/sxflightcase.com\/de\/wp-json\/wp\/v2\/product_tag?post=1786"}],"curies":[{"name":"wp","href":"https:\/\/api.w.org\/{rel}","templated":true}]}}