{"id":1842,"date":"2024-05-10T08:43:50","date_gmt":"2024-05-10T07:43:50","guid":{"rendered":"https:\/\/sxpowercase.com\/?post_type=product&#038;p=1842"},"modified":"2024-10-18T09:35:51","modified_gmt":"2024-10-18T08:35:51","slug":"work-station","status":"publish","type":"product","link":"https:\/\/sxflightcase.com\/de\/produkt\/arbeitsstation\/","title":{"rendered":"Schubladenkoffer Workstation"},"content":{"rendered":"<h3><strong>Produktparameter (Spezifikation)<\/strong><\/h3>\n<section class=\"table-wrap\">\n<table class=\"table\" width=\"100%\" cellspacing=\"0\" cellpadding=\"0\">\n<tbody>\n<tr class=\"firstRow\">\n<td width=\"134\">Produktname<\/td>\n<td width=\"504\">Schubladenkoffer Arbeitsstation<\/td>\n<\/tr>\n<tr>\n<td width=\"134\">Materialien<\/td>\n<td width=\"504\">9 mm starke Konstruktion aus laminiertem Sperrholz mit handels\u00fcblichen beschichteten Beschl\u00e4gen, robusten Griffen und Riegeln sowie Kugelecken<br \/>\nEingebauter, gefederter, versenkter Schleppgriff und R\u00e4der<br \/>\nInnenpolsterung und Bl\u00f6cke aus Ultra-Dur-EVA-Schaum bieten Platz f\u00fcr eine L\u00fcfterbel\u00fcftung an der Unterseite des Boards<\/td>\n<\/tr>\n<tr>\n<td width=\"134\">Farbe<\/td>\n<td width=\"504\">Schwarz, Blau, Rot oder Benutzerdefiniert<\/td>\n<\/tr>\n<tr>\n<td width=\"134\">Verwendung<\/td>\n<td width=\"504\">Transportlagerung sch\u00fctzen<\/td>\n<\/tr>\n<\/tbody>\n<\/table>\n<\/section>\n<p><strong>Verpackung und Versand<\/strong><\/p>\n<section class=\"table-wrap\">\n<table class=\"table\" width=\"100%\" cellspacing=\"0\" cellpadding=\"0\">\n<tbody>\n<tr class=\"firstRow\">\n<td colspan=\"3\" width=\"100%\">Verpackung &amp; Versand<\/td>\n<\/tr>\n<tr>\n<td rowspan=\"3\" width=\"33%\">Lieferzeit<\/td>\n<td width=\"33%\">Auf dem Seeweg<\/td>\n<td width=\"33%\">15-60 Tage<\/td>\n<\/tr>\n<tr>\n<td width=\"33%\">Mit dem Flugzeug<\/td>\n<td width=\"33%\">4-9 Tage<\/td>\n<\/tr>\n<tr>\n<td width=\"33%\">Per Express<\/td>\n<td width=\"33%\">4-9 Tage<\/td>\n<\/tr>\n<tr>\n<td width=\"33%\">Lieferzeit<\/td>\n<td colspan=\"2\" width=\"66%\">7-15 Werktage oder nach Bedarf<\/td>\n<\/tr>\n<tr>\n<td width=\"33%\">Verpackung<\/td>\n<td colspan=\"2\" width=\"66%\">Durch Karton oder als Ihre Anforderung<\/td>\n<\/tr>\n<\/tbody>\n<\/table>\n<\/section>\n<h1><strong>SX Schubladen-Koffer-Arbeitsstation: Ihre ultimative L\u00f6sung f\u00fcr den mobilen Arbeitsplatz<\/strong><\/h1>\n<p>In der schnelllebigen Welt von heute ist ein zuverl\u00e4ssiger und gut organisierter mobiler Arbeitsplatz unerl\u00e4sslich. Die <a title=\"SX\" href=\"https:\/\/sxpowercase.com\/\" target=\"_blank\" rel=\"noopener\" data-wpil-monitor-id=\"136\">SX<\/a> Drawer Case Workstation ist die perfekte L\u00f6sung f\u00fcr alle, die viel unterwegs sind. Dieses innovative Produkt kombiniert Funktionalit\u00e4t, Langlebigkeit und Komfort, um all Ihre Bed\u00fcrfnisse zu erf\u00fcllen.<\/p>\n<h3><strong>Warum sollten Sie sich f\u00fcr die SX Drawer Case Workstation entscheiden?<\/strong><\/h3>\n<h4><strong>Effizienz und Organisation<\/strong><\/h4>\n<p>Die SX Drawer Case Workstation wurde entwickelt, um Ordnung in Ihre Werkzeuge und Ger\u00e4te zu bringen. Mit mehreren Schubladen k\u00f6nnen Sie Ihre Gegenst\u00e4nde leicht sortieren und darauf zugreifen, was Zeit spart und die Effizienz steigert.<\/p>\n<h4><strong>Langlebigkeit und Schutz<\/strong><\/h4>\n<p>Unsere aus hochwertigen Materialien gefertigte Schubladenkoffer-Workstation ist f\u00fcr den harten Einsatz auf Reisen und in rauen Umgebungen ausgelegt. Egal, ob Sie unterwegs oder auf einer Baustelle sind, Ihre Ausr\u00fcstung bleibt sicher und gesch\u00fctzt.<\/p>\n<h3><strong>SX: Eine Marke, der Sie vertrauen k\u00f6nnen<\/strong><\/h3>\n<h4><strong>Unerreichte Qualit\u00e4t<\/strong><\/h4>\n<p>Bei SX sind wir stolz darauf, erstklassige Produkte zu liefern. Unsere Schubladenkoffer-Workstations sind da keine Ausnahme. Sie werden mit Pr\u00e4zision gefertigt, um Langlebigkeit und Funktionalit\u00e4t zu gew\u00e4hrleisten und die h\u00f6chsten Qualit\u00e4tsstandards zu erf\u00fcllen.<\/p>\n<h4><strong>Ma\u00dfgeschneiderte L\u00f6sungen<\/strong><\/h4>\n<p>Jedes Projekt ist einzigartig, und so sind auch Ihre Bed\u00fcrfnisse. SX bietet ma\u00dfgeschneiderte Flightcases an, um sicherzustellen, dass Ihr Schubladenkoffer-Arbeitsplatz perfekt zu Ihren spezifischen Anforderungen passt. Wir bieten personalisierte L\u00f6sungen, die Ihnen helfen, Ihre Ziele zu erreichen.<\/p>\n<h3><strong>Eigenschaften der SX Drawer Case Workstation<\/strong><\/h3>\n<h4><strong>Mehrere Schubladen f\u00fcr einfachen Zugriff<\/strong><\/h4>\n<p>Der SX-Schubladenkoffer-Arbeitsplatz ist mit mehreren Schubladen ausgestattet, in denen Sie Ihre Werkzeuge und Ger\u00e4te effizient organisieren k\u00f6nnen. So haben Sie alles in Reichweite und k\u00f6nnen effizienter arbeiten.<\/p>\n<h4><strong>Tragbares und kompaktes Design<\/strong><\/h4>\n<p>Trotz der robusten Konstruktion ist unsere Schubladenkoffer-Workstation kompakt und leicht zu transportieren. Ganz gleich, ob Sie von einer Baustelle zur n\u00e4chsten ziehen oder f\u00fcr einen Auftritt reisen, diese tragbare L\u00f6sung sorgt daf\u00fcr, dass Sie alles, was Sie brauchen, immer zur Hand haben.<\/p>\n<h3><strong>Anwendungen von Schubladenkoffer-Arbeitspl\u00e4tzen<\/strong><\/h3>\n<h4><strong>Professionelle Musiker und Interpreten<\/strong><\/h4>\n<p>F\u00fcr Musiker und Interpreten ist ein zuverl\u00e4ssiger Rack-Roadcase unerl\u00e4sslich. Die SX Schubladenkoffer-Workstation bietet reichlich Platz f\u00fcr Ihre Instrumente und Ihr Zubeh\u00f6r und sorgt daf\u00fcr, dass diese w\u00e4hrend des Transports gesch\u00fctzt und organisiert sind.<\/p>\n<h4><strong>Techniker und Ingenieure<\/strong><\/h4>\n<p>Techniker und Ingenieure ben\u00f6tigen oft einen mobilen Arbeitsbereich. Unser Roadcase mit Schubladen ist die ideale L\u00f6sung f\u00fcr die Organisation von Werkzeugen und Ausr\u00fcstung, damit Sie immer f\u00fcr jede Aufgabe ger\u00fcstet sind.<\/p>\n<h4><strong>Veranstaltungs- und Produktionsfirmen<\/strong><\/h4>\n<p>Event- und Produktionsunternehmen ben\u00f6tigen langlebige und effiziente Transportl\u00f6sungen. Die SX-Schubladenkoffer-Workstation bietet die perfekte Kombination aus Stauraum und Tragbarkeit und ist damit ein unverzichtbares Hilfsmittel f\u00fcr jedes Produktionsteam.<\/p>\n<h3><strong>Das Engagement von SX f\u00fcr Direktvertrieb und Qualit\u00e4t<\/strong><\/h3>\n<h4><strong>Direktverkauf ab Werk<\/strong><\/h4>\n<p>Wenn Sie sich f\u00fcr SX entscheiden, profitieren Sie vom Direktvertrieb ab Werk. Dieser Ansatz senkt die Kosten und gew\u00e4hrleistet, dass Sie hochwertige Produkte direkt von der Quelle erhalten. Unsere Verpflichtung zur Qualit\u00e4tskontrolle bedeutet, dass Sie den besten Wert f\u00fcr Ihre Investition erhalten.<\/p>\n<h4><strong>Verbessern Sie Ihr Gesch\u00e4ft<\/strong><\/h4>\n<p>Die Investition in eine SX-Schubladenkoffer-Workstation kann Ihre Gesch\u00e4ftsabl\u00e4ufe erheblich verbessern. Unsere Produkte sind darauf ausgelegt, die Effizienz zu steigern, Ihre Ger\u00e4te zu sch\u00fctzen und ein professionelles Erscheinungsbild zu vermitteln - all das tr\u00e4gt zum Unternehmenswachstum bei.<\/p>\n<h3><strong>Ma\u00dfgeschneiderte Flight Cases<\/strong><\/h3>\n<h4><strong>Auf Ihre Bed\u00fcrfnisse zugeschnitten<\/strong><\/h4>\n<p>SX ist auf ma\u00dfgeschneiderte Flightcases spezialisiert und bietet ma\u00dfgeschneiderte L\u00f6sungen f\u00fcr Ihre spezifischen Anforderungen. Egal, ob Sie eine besondere Gr\u00f6\u00dfe, zus\u00e4tzliche Funktionen oder spezielle F\u00e4cher ben\u00f6tigen, wir k\u00f6nnen den perfekten Koffer f\u00fcr Sie entwerfen und herstellen.<\/p>\n<h4><strong>Au\u00dfergew\u00f6hnliche Handwerkskunst<\/strong><\/h4>\n<p>Unsere ma\u00dfgefertigten Flightcases werden mit viel Liebe zum Detail und in hervorragender Handwerkskunst hergestellt. Jedes Case ist so gebaut, dass es ein Maximum an Schutz und Funktionalit\u00e4t bietet, damit Ihre Ausr\u00fcstung sicher und organisiert ist.<\/p>\n<h3><strong>Abschluss<\/strong><\/h3>\n<p>Die SX Drawer Case Workstation ist die ultimative L\u00f6sung f\u00fcr Profis, die einen zuverl\u00e4ssigen, organisierten und mobilen Arbeitsplatz ben\u00f6tigen. Mit unserem Engagement f\u00fcr Qualit\u00e4t, Direktvertrieb und kundenspezifische L\u00f6sungen stellt SX sicher, dass Sie die besten Werkzeuge haben, um in Ihren Unternehmungen erfolgreich zu sein. Investieren Sie noch heute in eine SX Schubladenkoffer-Workstation und erleben Sie den Unterschied in Effizienz und Komfort.<\/p>\n<hr \/>\n<p><strong>FAQs<\/strong><\/p>\n<p><strong>1. Welche Materialien werden in der SX Drawer Case Workstation verwendet?<\/strong><\/p>\n<p>Unsere Arbeitspl\u00e4tze sind aus hochwertigen, strapazierf\u00e4higen Materialien gefertigt, um Langlebigkeit und Schutz f\u00fcr Ihre Ger\u00e4te zu gew\u00e4hrleisten.<\/p>\n<p><strong>2. Kann ich meinen Arbeitsplatz f\u00fcr Schubladenkoffer individuell gestalten?<\/strong><\/p>\n<p>Ja, SX bietet ma\u00dfgeschneiderte Flightcases an, die Ihren speziellen Anforderungen entsprechen. Kontaktieren Sie uns, um Ihre Anforderungen zu besprechen.<\/p>\n<p><strong>3. Wie profitiere ich vom Direktvertrieb im Werk?<\/strong><\/p>\n<p>Der Direktvertrieb ab Werk senkt die Kosten und stellt sicher, dass Sie hochwertige Produkte direkt von SX erhalten, so dass Sie den besten Gegenwert f\u00fcr Ihre Investition erhalten.<\/p>\n<p><strong>4. Ist der SX-Schubladenkoffer-Arbeitsplatz f\u00fcr den Au\u00dfeneinsatz geeignet?<\/strong><\/p>\n<p>Ja, unsere Workstations sind so gebaut, dass sie rauen Umgebungen standhalten und somit ideal f\u00fcr den Au\u00dfeneinsatz geeignet sind.<\/p>\n<p><strong>5. Welche Branchen profitieren am meisten von der SX-Schubladenkoffer-Workstation?<\/strong><\/p>\n<p>Unsere Workstations sind ideal f\u00fcr Musiker, Techniker, Ingenieure und Veranstaltungsproduzenten und bieten organisierte und mobile L\u00f6sungen f\u00fcr verschiedene Anwendungen.<\/p>\n<p>Hot Tags: Niedriger Preis, auf Lager, kostenlose Probe, Strom- und Signalkabel, 16 Gauge 4-Leiter-Kabel, Mikrofonst\u00e4ndergeh\u00e4use, Outdoor-LED-Vitrine, Rackmontage, 19-Zoll-Rackmount-Mixer-Flightcases, elektrische Verteilerbox, China, Lieferanten, Fabrik, kundenspezifisch, Gro\u00dfhandel, <span style=\"color: #993366;\"><a style=\"color: #993366;\" href=\"https:\/\/sxflightcase.com\/de\/product-category\/all-product\/power-distribution-boxes\/\">Stromk\u00e4sten<\/a>,\u00a0<a style=\"color: #993366;\" href=\"https:\/\/sxflightcase.com\/de\/product-category\/all-product\/hoist-controllers\/\">Stromkabel<\/a>,\u00a0<a style=\"color: #993366;\" href=\"https:\/\/sxflightcase.com\/de\/product-category\/all-product\/hoist-controllers\/\">Hubwerkssteuerungen<\/a>,\u00a0<a style=\"color: #993366;\" href=\"https:\/\/sxflightcase.com\/de\/product-category\/all-product\/flight-case\/\">Flightcases.<\/a><\/span><\/p>","protected":false},"excerpt":{"rendered":"<h2 class=\"prodetails-name\">Arbeitsstation<\/h2>\n<p>Diese beliebte Arbeitsstation ist so konzipiert, dass sie das Zubeh\u00f6r mit verschiedenen H\u00f6henoptionen aufnehmen kann. Sie bieten gro\u00dfartige Aufbewahrungs- und Handhabungsl\u00f6sungen f\u00fcr eine breite Palette von Anwendungen. Erh\u00e4ltlich mit aufklappbaren oder abnehmbaren Deckeln.<\/p>\n<h2><strong>Produktionseinf\u00fchrung<\/strong><\/h2>\n<p>Wir haben diesen Koffer so konzipiert, dass er das beste Preis-Leistungs-Verh\u00e4ltnis auf dem Markt bietet. Hochbelastbare Verschl\u00fcsse sorgen f\u00fcr eine l\u00e4ngere Lebensdauer und einen st\u00e4rkeren Halt, hochbelastbare 30-mm-Aluminiumkanten machen die Konstruktion extrem stabil, er wurde in Gro\u00dfbritannien gebaut und verf\u00fcgt \u00fcber eine hohe Tragf\u00e4higkeit und Euro-Container.<\/p>\n<p>- 9 mm laminiertes Sperrholz<\/p>\n<p>- Schwarz oder normales Finish<\/p>\n<p>- Verchromte Schwerlastbeschl\u00e4ge<\/p>\n<p>- Schwerlastverschl\u00fcsse, abschlie\u00dfbar mit Vorh\u00e4ngeschloss<\/p>\n<p>- 4 x versenkte Klappgriffe<\/p>\n<p>- 100mm Gummir\u00e4der (2 x gebremst)<\/p>","protected":false},"featured_media":1843,"comment_status":"open","ping_status":"closed","template":"","meta":[],"product_brand":[],"product_cat":[41],"product_tag":[],"class_list":{"0":"post-1842","1":"product","2":"type-product","3":"status-publish","4":"has-post-thumbnail","6":"product_cat-equipment-cases","8":"first","9":"instock","10":"shipping-taxable","11":"product-type-simple"},"yoast_head":"<!-- This site is optimized with the Yoast SEO Premium plugin v27.1 (Yoast SEO v27.2) - https:\/\/yoast.com\/product\/yoast-seo-premium-wordpress\/ -->\n<title>Drawer Case Workstation Manufacture - https:\/\/sxflightcase.com<\/title>\n<meta name=\"description\" content=\"Drawer case workstation, factory direct! Customizable, high-quality solutions for organized and efficient workspaces. Ideal for professionals and workshops.\" \/>\n<meta name=\"robots\" content=\"index, follow, max-snippet:-1, max-image-preview:large, max-video-preview:-1\" \/>\n<link rel=\"canonical\" href=\"https:\/\/sxflightcase.com\/de\/produk\/work-station\/\" \/>\n<meta property=\"og:locale\" content=\"de_DE\" \/>\n<meta property=\"og:type\" content=\"article\" \/>\n<meta property=\"og:title\" content=\"Drawer Case Workstation\" \/>\n<meta property=\"og:description\" content=\"Drawer case workstation, factory direct! Customizable, high-quality solutions for organized and efficient workspaces. Ideal for professionals and workshops.\" \/>\n<meta property=\"og:url\" content=\"https:\/\/sxflightcase.com\/de\/produk\/work-station\/\" \/>\n<meta property=\"og:site_name\" content=\"https:\/\/sxflightcase.com\" \/>\n<meta property=\"article:publisher\" content=\"https:\/\/www.facebook.com\/profile.php?id=61560407257971\" \/>\n<meta property=\"article:modified_time\" content=\"2024-10-18T08:35:51+00:00\" \/>\n<meta property=\"og:image\" content=\"https:\/\/sxflightcase.com\/wp-content\/uploads\/2024\/05\/work-station06183113570.webp\" \/>\n\t<meta property=\"og:image:width\" content=\"750\" \/>\n\t<meta property=\"og:image:height\" content=\"750\" \/>\n\t<meta property=\"og:image:type\" content=\"image\/webp\" \/>\n<meta name=\"twitter:card\" content=\"summary_large_image\" \/>\n<meta name=\"twitter:label1\" content=\"Gesch\u00e4tzte Lesezeit\" \/>\n\t<meta name=\"twitter:data1\" content=\"6\u00a0Minuten\" \/>\n<script type=\"application\/ld+json\" class=\"yoast-schema-graph\">{\"@context\":\"https:\/\/schema.org\",\"@graph\":[{\"@type\":\"WebPage\",\"@id\":\"https:\/\/sxflightcase.com\/af\/produk\/work-station\/\",\"url\":\"https:\/\/sxflightcase.com\/af\/produk\/work-station\/\",\"name\":\"Drawer Case Workstation Manufacture - https:\/\/sxflightcase.com\",\"isPartOf\":{\"@id\":\"https:\/\/sxflightcase.com\/th\/#website\"},\"primaryImageOfPage\":{\"@id\":\"https:\/\/sxflightcase.com\/af\/produk\/work-station\/#primaryimage\"},\"image\":{\"@id\":\"https:\/\/sxflightcase.com\/af\/produk\/work-station\/#primaryimage\"},\"thumbnailUrl\":\"https:\/\/sxflightcase.com\/wp-content\/uploads\/2024\/05\/work-station06183113570.webp\",\"datePublished\":\"2024-05-10T07:43:50+00:00\",\"dateModified\":\"2024-10-18T08:35:51+00:00\",\"description\":\"Drawer case workstation, factory direct! Customizable, high-quality solutions for organized and efficient workspaces. Ideal for professionals and workshops.\",\"breadcrumb\":{\"@id\":\"https:\/\/sxflightcase.com\/af\/produk\/work-station\/#breadcrumb\"},\"inLanguage\":\"de\",\"potentialAction\":[{\"@type\":\"ReadAction\",\"target\":[\"https:\/\/sxflightcase.com\/af\/produk\/work-station\/\"]}]},{\"@type\":\"ImageObject\",\"inLanguage\":\"de\",\"@id\":\"https:\/\/sxflightcase.com\/af\/produk\/work-station\/#primaryimage\",\"url\":\"https:\/\/sxflightcase.com\/wp-content\/uploads\/2024\/05\/work-station06183113570.webp\",\"contentUrl\":\"https:\/\/sxflightcase.com\/wp-content\/uploads\/2024\/05\/work-station06183113570.webp\",\"width\":750,\"height\":750,\"caption\":\"Work Station\"},{\"@type\":\"BreadcrumbList\",\"@id\":\"https:\/\/sxflightcase.com\/af\/produk\/work-station\/#breadcrumb\",\"itemListElement\":[{\"@type\":\"ListItem\",\"position\":1,\"name\":\"Home\",\"item\":\"https:\/\/sxflightcase.com\/\"},{\"@type\":\"ListItem\",\"position\":2,\"name\":\"\u0e2a\u0e34\u0e19\u0e04\u0e49\u0e32\",\"item\":\"https:\/\/sxflightcase.com\/th\/shop\/\"},{\"@type\":\"ListItem\",\"position\":3,\"name\":\"Drawer Case Workstation\"}]},{\"@type\":\"WebSite\",\"@id\":\"https:\/\/sxflightcase.com\/th\/#website\",\"url\":\"https:\/\/sxflightcase.com\/th\/\",\"name\":\"sxpowercase.com\",\"description\":\"Flight Case Factory\",\"publisher\":{\"@id\":\"https:\/\/sxflightcase.com\/th\/#organization\"},\"potentialAction\":[{\"@type\":\"SearchAction\",\"target\":{\"@type\":\"EntryPoint\",\"urlTemplate\":\"https:\/\/sxflightcase.com\/th\/?s={search_term_string}\"},\"query-input\":{\"@type\":\"PropertyValueSpecification\",\"valueRequired\":true,\"valueName\":\"search_term_string\"}}],\"inLanguage\":\"de\"},{\"@type\":\"Organization\",\"@id\":\"https:\/\/sxflightcase.com\/th\/#organization\",\"name\":\"sxpowercase.com\",\"url\":\"https:\/\/sxflightcase.com\/th\/\",\"logo\":{\"@type\":\"ImageObject\",\"inLanguage\":\"de\",\"@id\":\"https:\/\/sxflightcase.com\/th\/#\/schema\/logo\/image\/\",\"url\":\"https:\/\/sxflightcase.com\/wp-content\/uploads\/2024\/04\/1713919036007.jpg\",\"contentUrl\":\"https:\/\/sxflightcase.com\/wp-content\/uploads\/2024\/04\/1713919036007.jpg\",\"width\":382,\"height\":388,\"caption\":\"sxpowercase.com\"},\"image\":{\"@id\":\"https:\/\/sxflightcase.com\/th\/#\/schema\/logo\/image\/\"},\"sameAs\":[\"https:\/\/www.facebook.com\/profile.php?id=61560407257971\"],\"numberOfEmployees\":{\"@type\":\"QuantitativeValue\",\"minValue\":\"11\",\"maxValue\":\"50\"}}]}<\/script>\n<!-- \/ Yoast SEO Premium plugin. -->","yoast_head_json":{"title":"Drawer Case Workstation Manufacture - https:\/\/sxflightcase.com","description":"Schubladenkoffer-Arbeitsplatz, direkt ab Werk! Individuell anpassbare, qualitativ hochwertige L\u00f6sungen f\u00fcr organisierte und effiziente Arbeitsbereiche. Ideal f\u00fcr Profis und Werkst\u00e4tten.","robots":{"index":"index","follow":"follow","max-snippet":"max-snippet:-1","max-image-preview":"max-image-preview:large","max-video-preview":"max-video-preview:-1"},"canonical":"https:\/\/sxflightcase.com\/de\/produk\/work-station\/","og_locale":"de_DE","og_type":"article","og_title":"Drawer Case Workstation","og_description":"Drawer case workstation, factory direct! Customizable, high-quality solutions for organized and efficient workspaces. Ideal for professionals and workshops.","og_url":"https:\/\/sxflightcase.com\/de\/produk\/work-station\/","og_site_name":"https:\/\/sxflightcase.com","article_publisher":"https:\/\/www.facebook.com\/profile.php?id=61560407257971","article_modified_time":"2024-10-18T08:35:51+00:00","og_image":[{"width":750,"height":750,"url":"https:\/\/sxflightcase.com\/wp-content\/uploads\/2024\/05\/work-station06183113570.webp","type":"image\/webp"}],"twitter_card":"summary_large_image","twitter_misc":{"Gesch\u00e4tzte Lesezeit":"6\u00a0Minuten"},"schema":{"@context":"https:\/\/schema.org","@graph":[{"@type":"WebPage","@id":"https:\/\/sxflightcase.com\/af\/produk\/work-station\/","url":"https:\/\/sxflightcase.com\/af\/produk\/work-station\/","name":"Drawer Case Workstation Manufacture - https:\/\/sxflightcase.com","isPartOf":{"@id":"https:\/\/sxflightcase.com\/th\/#website"},"primaryImageOfPage":{"@id":"https:\/\/sxflightcase.com\/af\/produk\/work-station\/#primaryimage"},"image":{"@id":"https:\/\/sxflightcase.com\/af\/produk\/work-station\/#primaryimage"},"thumbnailUrl":"https:\/\/sxflightcase.com\/wp-content\/uploads\/2024\/05\/work-station06183113570.webp","datePublished":"2024-05-10T07:43:50+00:00","dateModified":"2024-10-18T08:35:51+00:00","description":"Schubladenkoffer-Arbeitsplatz, direkt ab Werk! Individuell anpassbare, qualitativ hochwertige L\u00f6sungen f\u00fcr organisierte und effiziente Arbeitsbereiche. Ideal f\u00fcr Profis und Werkst\u00e4tten.","breadcrumb":{"@id":"https:\/\/sxflightcase.com\/af\/produk\/work-station\/#breadcrumb"},"inLanguage":"de","potentialAction":[{"@type":"ReadAction","target":["https:\/\/sxflightcase.com\/af\/produk\/work-station\/"]}]},{"@type":"ImageObject","inLanguage":"de","@id":"https:\/\/sxflightcase.com\/af\/produk\/work-station\/#primaryimage","url":"https:\/\/sxflightcase.com\/wp-content\/uploads\/2024\/05\/work-station06183113570.webp","contentUrl":"https:\/\/sxflightcase.com\/wp-content\/uploads\/2024\/05\/work-station06183113570.webp","width":750,"height":750,"caption":"Work Station"},{"@type":"BreadcrumbList","@id":"https:\/\/sxflightcase.com\/af\/produk\/work-station\/#breadcrumb","itemListElement":[{"@type":"ListItem","position":1,"name":"Home","item":"https:\/\/sxflightcase.com\/"},{"@type":"ListItem","position":2,"name":"\u0e2a\u0e34\u0e19\u0e04\u0e49\u0e32","item":"https:\/\/sxflightcase.com\/th\/shop\/"},{"@type":"ListItem","position":3,"name":"Drawer Case Workstation"}]},{"@type":"WebSite","@id":"https:\/\/sxflightcase.com\/th\/#website","url":"https:\/\/sxflightcase.com\/th\/","name":"www.sxpowercase.com","description":"Flight Case Fabrik","publisher":{"@id":"https:\/\/sxflightcase.com\/th\/#organization"},"potentialAction":[{"@type":"SearchAction","target":{"@type":"EntryPoint","urlTemplate":"https:\/\/sxflightcase.com\/th\/?s={search_term_string}"},"query-input":{"@type":"PropertyValueSpecification","valueRequired":true,"valueName":"search_term_string"}}],"inLanguage":"de"},{"@type":"Organization","@id":"https:\/\/sxflightcase.com\/th\/#organization","name":"www.sxpowercase.com","url":"https:\/\/sxflightcase.com\/th\/","logo":{"@type":"ImageObject","inLanguage":"de","@id":"https:\/\/sxflightcase.com\/th\/#\/schema\/logo\/image\/","url":"https:\/\/sxflightcase.com\/wp-content\/uploads\/2024\/04\/1713919036007.jpg","contentUrl":"https:\/\/sxflightcase.com\/wp-content\/uploads\/2024\/04\/1713919036007.jpg","width":382,"height":388,"caption":"sxpowercase.com"},"image":{"@id":"https:\/\/sxflightcase.com\/th\/#\/schema\/logo\/image\/"},"sameAs":["https:\/\/www.facebook.com\/profile.php?id=61560407257971"],"numberOfEmployees":{"@type":"QuantitativeValue","minValue":"11","maxValue":"50"}}]}},"_links":{"self":[{"href":"https:\/\/sxflightcase.com\/de\/wp-json\/wp\/v2\/product\/1842","targetHints":{"allow":["GET"]}}],"collection":[{"href":"https:\/\/sxflightcase.com\/de\/wp-json\/wp\/v2\/product"}],"about":[{"href":"https:\/\/sxflightcase.com\/de\/wp-json\/wp\/v2\/types\/product"}],"replies":[{"embeddable":true,"href":"https:\/\/sxflightcase.com\/de\/wp-json\/wp\/v2\/comments?post=1842"}],"version-history":[{"count":0,"href":"https:\/\/sxflightcase.com\/de\/wp-json\/wp\/v2\/product\/1842\/revisions"}],"wp:featuredmedia":[{"embeddable":true,"href":"https:\/\/sxflightcase.com\/de\/wp-json\/wp\/v2\/media\/1843"}],"wp:attachment":[{"href":"https:\/\/sxflightcase.com\/de\/wp-json\/wp\/v2\/media?parent=1842"}],"wp:term":[{"taxonomy":"product_brand","embeddable":true,"href":"https:\/\/sxflightcase.com\/de\/wp-json\/wp\/v2\/product_brand?post=1842"},{"taxonomy":"product_cat","embeddable":true,"href":"https:\/\/sxflightcase.com\/de\/wp-json\/wp\/v2\/product_cat?post=1842"},{"taxonomy":"product_tag","embeddable":true,"href":"https:\/\/sxflightcase.com\/de\/wp-json\/wp\/v2\/product_tag?post=1842"}],"curies":[{"name":"wp","href":"https:\/\/api.w.org\/{rel}","templated":true}]}}