{"id":3186,"date":"2024-07-01T08:18:49","date_gmt":"2024-07-01T07:18:49","guid":{"rendered":"https:\/\/sxpowercase.com\/?post_type=product&#038;p=3186"},"modified":"2024-07-01T08:19:13","modified_gmt":"2024-07-01T07:19:13","slug":"drawer-workstation-box-customize-flight-case","status":"publish","type":"product","link":"https:\/\/sxflightcase.com\/de\/produkt\/schublade-workstation-box-anpassen-flight-case-2\/","title":{"rendered":"Schubladen-Workstation-Box Flightcase anpassen"},"content":{"rendered":"<table class=\"aliDataTable\" style=\"height: 231px;\" border=\"1\" width=\"1304\">\n<tbody>\n<tr>\n<td>Material<\/td>\n<td>Aluminiumrahmen + Feuerfest + 12 mm Sperrholz<\/td>\n<\/tr>\n<tr>\n<td>Innen<\/td>\n<td>Sto\u00dffester Schaumstoff mit hoher Dichte<\/td>\n<\/tr>\n<tr>\n<td>Gr\u00f6\u00dfe<\/td>\n<td>Kann individuell angepasst werden<\/td>\n<\/tr>\n<tr>\n<td>Zubeh\u00f6r<\/td>\n<td>Vier Schmetterlingsverschl\u00fcsse, vier gro\u00dfe R\u00e4der zum leichten Tragen, vier starke Griffe<\/td>\n<\/tr>\n<tr>\n<td>Brauch<\/td>\n<td>Alle Arten von Anpassungen sind willkommen, wie etwa Material, Abmessungen, Innenf\u00fcllungen, Griffe, Schl\u00f6sser usw. des Aluminiumgeh\u00e4uses.<\/td>\n<\/tr>\n<tr>\n<td>Abtastzeit<\/td>\n<td>Etwa 3-5 Werktage<\/td>\n<\/tr>\n<tr>\n<td>Formale Bestellzeit<\/td>\n<td>ca. 15-20 Tage<\/td>\n<\/tr>\n<tr>\n<td>Verpackung<\/td>\n<td data-spm-anchor-id=\"a2700.details.0.i62.6dc324feldWl6K\">Luftpolsterfolie + Karton<\/td>\n<\/tr>\n<\/tbody>\n<\/table>\n<h2>Der ultimative Schubladenarbeitsplatz f\u00fcr mehr Effizienz<\/h2>\n<p>Suchen Sie nach einer M\u00f6glichkeit, Ihre Produktivit\u00e4t zu steigern? Der SX-Schubladenarbeitsplatz ist Ihre Antwort. Diese innovative L\u00f6sung kombiniert Komfort und Funktionalit\u00e4t, um Ihren Arbeitsbereich zu ver\u00e4ndern.<\/p>\n<h2>Warum sollten Sie sich f\u00fcr die SX Drawer Workstation entscheiden?<\/h2>\n<h3>\u00dcberlegene Qualit\u00e4t und Langlebigkeit<\/h3>\n<p>Die SX-Schubladen-Workstation ist aus hochwertigen Materialien gefertigt, die eine lange Lebensdauer gew\u00e4hrleisten. Sie ist so konzipiert, dass sie dem t\u00e4glichen Gebrauch standh\u00e4lt, was sie zu einer idealen Wahl f\u00fcr jedes professionelle Umfeld macht.<\/p>\n<h3>Anpassbar an Ihre Bed\u00fcrfnisse<\/h3>\n<p>Bei SX bieten wir <a href=\"https:\/\/sxpowercase.com\/product\/rack-mount-case\/\" target=\"_blank\" rel=\"noopener\"  data-wpil-monitor-id=\"517\">ma\u00dfgeschneiderte Workstation-Geh\u00e4use<\/a> um Ihren spezifischen Anforderungen gerecht zu werden. Egal, ob Sie zus\u00e4tzliche Schubladen oder einzigartige Abmessungen ben\u00f6tigen, unsere ma\u00dfgeschneiderten L\u00f6sungen erf\u00fcllen alle Ihre Anforderungen.<\/p>\n<h3>Werksdirektverkauf f\u00fcr Kosteneinsparungen<\/h3>\n<p>Indem Sie direkt von der Fabrik kaufen, lassen Sie den Zwischenh\u00e4ndler aus. Das bedeutet erhebliche Kosteneinsparungen ohne Kompromisse bei der Qualit\u00e4t. Der SX-Direktverkauf bietet einen unschlagbaren Wert.<\/p>\n<h2>Steigern Sie Ihr Gesch\u00e4ft mit einer hochwertigen Workstation<\/h2>\n<h3>Organisierter und effizienter Arbeitsbereich<\/h3>\n<p>Ein aufger\u00e4umter Arbeitsbereich ist f\u00fcr die Produktivit\u00e4t entscheidend. Die SX-Schubladen-Workstation hilft Ihnen dabei, Ordnung zu halten und stellt sicher, dass alle Ihre Werkzeuge und Dokumente in Reichweite sind. Dies f\u00fchrt zu einer effizienteren Arbeitsumgebung.<\/p>\n<h3>Professionelles Erscheinungsbild<\/h3>\n<p>Ein professionelles Erscheinungsbild ist wichtig. Das elegante Design des SX-Schubladen-Arbeitsplatzes wertet Ihr B\u00fcro auf und hinterl\u00e4sst einen positiven Eindruck bei Kunden und Kollegen gleicherma\u00dfen.<\/p>\n<h2>Explore Workstation B\u00fcrokoffer<\/h2>\n<h3>Vielseitige L\u00f6sungen f\u00fcr jedes B\u00fcro<\/h3>\n<p>SX bietet eine breite Palette von B\u00fcrokoffern f\u00fcr Arbeitspl\u00e4tze. Von kompakten Designs f\u00fcr kleine R\u00e4ume bis hin zu gr\u00f6\u00dferen Setups f\u00fcr umfangreiche Anforderungen haben wir f\u00fcr jeden eine L\u00f6sung.<\/p>\n<h3>Ma\u00dfgeschneidert f\u00fcr Ihr Unternehmen<\/h3>\n<p>Mit unseren ma\u00dfgeschneiderten Arbeitsplatzkoffern k\u00f6nnen Sie Ihren Arbeitsbereich individuell gestalten. W\u00e4hlen Sie die Anzahl der Schubladen, f\u00fcgen Sie Schl\u00f6sser f\u00fcr die Sicherheit hinzu oder w\u00e4hlen Sie bestimmte Materialien. Ihr Arbeitsplatz wird einzigartig sein.<\/p>\n<h3>Qualit\u00e4tssicherung<\/h3>\n<p>Jeder SX-Arbeitsplatzkoffer durchl\u00e4uft strenge Qualit\u00e4tskontrollen. Wir stellen sicher, dass unsere Produkte den h\u00f6chsten Standards entsprechen, damit Sie eine zuverl\u00e4ssige und langlebige Workstation erhalten.<\/p>\n<h2>Die Vorteile des Direktvertriebs ab Werk<\/h2>\n<h3>Kosteneffizienz<\/h3>\n<p>Direktverkauf ab Werk bedeutet niedrigere Preise. Sie erhalten erstklassige Schubladenarbeitspl\u00e4tze zu einem Bruchteil der Kosten, sodass Sie Ihr Budget f\u00fcr andere wichtige Bereiche Ihres Unternehmens einsetzen k\u00f6nnen.<\/p>\n<h3>Direkte Kommunikation<\/h3>\n<p>Wenn Sie direkt vom Werk kaufen, ist die Kommunikation unkompliziert. Besprechen Sie Ihre Bed\u00fcrfnisse direkt mit uns, damit Sie genau das bekommen, was Sie wollen.<\/p>\n<h2>Ma\u00dfgeschneiderte Workstations f\u00fcr alle Ihre Bed\u00fcrfnisse<\/h2>\n<h3>Vielseitigkeit und Flexibilit\u00e4t<\/h3>\n<p>Unsere ma\u00dfgefertigten Arbeitsplatzkoffer sind so konzipiert, dass sie vielseitig einsetzbar sind. Sie k\u00f6nnen eine breite Palette von B\u00fcroger\u00e4ten und -ausr\u00fcstungen aufnehmen. Was auch immer Sie brauchen, SX hat eine L\u00f6sung.<\/p>\n<h3>Ma\u00dfgeschneiderte L\u00f6sungen<\/h3>\n<p>Wir arbeiten mit Ihnen zusammen, um einen Arbeitsplatz zu schaffen, der Ihren individuellen Anforderungen entspricht. Bei unseren ma\u00dfgeschneiderten L\u00f6sungen geht es nicht nur um die Aufbewahrung, sondern um die Verbesserung Ihrer Arbeitsabl\u00e4ufe und Produktivit\u00e4t.<\/p>\n<h2>Abschluss<\/h2>\n<p>Zusammenfassend l\u00e4sst sich sagen, dass der SX-Schubladenarbeitsplatz eine perfekte Mischung aus Funktionalit\u00e4t und Stil f\u00fcr Ihr B\u00fcro bietet. Mit dem Direktvertrieb ab Werk erhalten Sie den besten Wert f\u00fcr Ihre Investition. Verbessern Sie Ihren Arbeitsplatz mit professionellen L\u00f6sungen und genie\u00dfen Sie die Vorteile einer gut organisierten Umgebung. Investieren Sie noch heute in einen SX-Schubladenarbeitsplatz und erleben Sie den Unterschied.<\/p>\n<h2>FAQs<\/h2>\n<p><strong>Was macht den SX-Schubladenarbeitsplatz einzigartig?<\/strong><\/p>\n<p>Die SX-Schubladen-Workstation zeichnet sich durch ihre Langlebigkeit, ihre individuellen Anpassungsm\u00f6glichkeiten und ihren Direktpreis aus. Sie bietet erstklassige Qualit\u00e4t und ein hervorragendes Preis-Leistungs-Verh\u00e4ltnis.<\/p>\n<p><strong>Kann ich meinen SX-Arbeitsplatz individuell gestalten?<\/strong><\/p>\n<p>Ja, SX bietet umfangreiche Anpassungsm\u00f6glichkeiten an Ihre speziellen Bed\u00fcrfnisse. W\u00e4hlen Sie aus verschiedenen Gr\u00f6\u00dfen, Funktionen und Personalisierungsoptionen.<\/p>\n<p><strong>Wie profitiere ich vom Direktverkauf in der Fabrik?<\/strong><\/p>\n<p>Der Direktvertrieb ab Werk senkt die Kosten durch den Wegfall von Zwischenh\u00e4ndlern. Das bedeutet, dass Sie hochwertige Arbeitspl\u00e4tze zu wettbewerbsf\u00e4higen Preisen erhalten.<\/p>\n<p><strong>Ist die SX-Schubladen-Workstation einfach zu installieren?<\/strong><\/p>\n<p>Unbedingt. Die Workstation ist so konzipiert, dass sie leicht zu installieren ist, mit einer klaren Anleitung und allen erforderlichen Bauteilen im Lieferumfang.<\/p>\n<p><strong>Wo kann ich SX-Schubladenarbeitspl\u00e4tze kaufen?<\/strong><\/p>\n<p>Sie k\u00f6nnen SX-Schubladen-Arbeitspl\u00e4tze direkt \u00fcber unsere Website oder \u00fcber autorisierte H\u00e4ndler erwerben. Besuchen Sie unsere Website f\u00fcr weitere Informationen und um Ihre Bestellung aufzugeben.<\/p>\n<p>Jetzt Zugriff erhalten:<span style=\"color: #0000ff;\"><a style=\"color: #0000ff;\" href=\"https:\/\/sxpowercase.com\/\">https:\/\/sxpowercase.com\/<\/a><\/span><\/p>\n<p>Hot Tags:  China, Lieferanten, Fabrik, angepasst, Gro\u00dfhandel, kaufen, niedriger Preis, Stecker, Schublade Storage Cabinet, 12U Flight Case mit Rad, Lautsprecher Kabinett Flight Case, Mixer Hard Case,<span style=\"color: #0000ff;\"><a style=\"color: #0000ff;\" href=\"https:\/\/sxflightcase.com\/de\/product-category\/all-product\/power-distribution-boxes\/\">Stromk\u00e4sten<\/a>,\u00a0<a style=\"color: #0000ff;\" href=\"https:\/\/sxflightcase.com\/de\/product-category\/all-product\/hoist-controllers\/\">Stromkabel<\/a>,\u00a0<a style=\"color: #0000ff;\" href=\"https:\/\/sxflightcase.com\/de\/product-category\/all-product\/hoist-controllers\/\">Hubwerkssteuerungen<\/a>,\u00a0<a style=\"color: #0000ff;\" href=\"https:\/\/sxflightcase.com\/de\/product-category\/all-product\/flight-case\/\">Flightcases<\/a><\/span><\/p>","protected":false},"excerpt":{"rendered":"<h3>\u00dcberlegene Qualit\u00e4t und Langlebigkeit<\/h3>\n<p>R\u00fcsten Sie Ihren Arbeitsplatz mit der SX-Schubladen-Workstation auf, die aus hochwertigen Materialien gefertigt ist, um eine lange Haltbarkeit zu gew\u00e4hrleisten. Er ist f\u00fcr den t\u00e4glichen Gebrauch konzipiert und eignet sich perfekt f\u00fcr jede professionelle Umgebung.<\/p>\n<h3>Anpassbar an Ihre Bed\u00fcrfnisse<\/h3>\n<p>Schneiden Sie Ihren SX-Arbeitsplatz auf Ihre spezifischen Anforderungen zu. Mit Optionen f\u00fcr zus\u00e4tzliche Schubladen und einzigartigen Abmessungen erf\u00fcllen unsere ma\u00dfgeschneiderten L\u00f6sungen jeden Bedarf und sorgen f\u00fcr eine perfekte Anpassung an Ihren Arbeitsbereich.<\/p>\n<h3>Kosteneinsparungen durch Direktverkauf ab Werk<\/h3>\n<p>Profitieren Sie von erheblichen Kosteneinsparungen, indem Sie direkt bei SX kaufen. Unser Direktverkauf ab Werk l\u00e4sst den Zwischenh\u00e4ndler au\u00dfen vor und bietet Ihnen ein unschlagbares Preis-Leistungs-Verh\u00e4ltnis, ohne Kompromisse bei der Qualit\u00e4t einzugehen.<\/p>","protected":false},"featured_media":3177,"comment_status":"open","ping_status":"closed","template":"","meta":[],"product_brand":[],"product_cat":[48],"product_tag":[],"class_list":{"0":"post-3186","1":"product","2":"type-product","3":"status-publish","4":"has-post-thumbnail","6":"product_cat-custom-flight-case","8":"first","9":"instock","10":"shipping-taxable","11":"product-type-simple"},"yoast_head":"<!-- This site is optimized with the Yoast SEO Premium plugin v27.1 (Yoast SEO v27.2) - https:\/\/yoast.com\/product\/yoast-seo-premium-wordpress\/ -->\n<title>Drawer Workstation Box Customize Flight Case - https:\/\/sxflightcase.com \ud83d\udc97<\/title>\n<meta name=\"description\" content=\"Drawer workstation, factory direct! Customizable, high-quality solutions for organized and efficient workspaces. Perfect for professionals and workshops.\" \/>\n<meta name=\"robots\" content=\"index, follow, max-snippet:-1, max-image-preview:large, max-video-preview:-1\" \/>\n<link rel=\"canonical\" href=\"https:\/\/sxflightcase.com\/de\/\u0e1c\u0e25\u0e34\u0e15\u0e20\u0e31\u0e13\u0e11\u0e4c\/\u0e01\u0e25\u0e48\u0e2d\u0e07\u0e25\u0e34\u0e49\u0e19\u0e0a\u0e31\u0e01\u0e40\u0e27\u0e34\u0e23\u0e4c\u0e01\u0e2a\u0e40\u0e15\u0e0a\/\" \/>\n<meta property=\"og:locale\" content=\"de_DE\" \/>\n<meta property=\"og:type\" content=\"article\" \/>\n<meta property=\"og:title\" content=\"Drawer Workstation Box Customize Flight Case\" \/>\n<meta property=\"og:description\" content=\"Drawer workstation, factory direct! Customizable, high-quality solutions for organized and efficient workspaces. Perfect for professionals and workshops.\" \/>\n<meta property=\"og:url\" content=\"https:\/\/sxflightcase.com\/de\/\u0e1c\u0e25\u0e34\u0e15\u0e20\u0e31\u0e13\u0e11\u0e4c\/\u0e01\u0e25\u0e48\u0e2d\u0e07\u0e25\u0e34\u0e49\u0e19\u0e0a\u0e31\u0e01\u0e40\u0e27\u0e34\u0e23\u0e4c\u0e01\u0e2a\u0e40\u0e15\u0e0a\/\" \/>\n<meta property=\"og:site_name\" content=\"https:\/\/sxflightcase.com\" \/>\n<meta property=\"article:publisher\" content=\"https:\/\/www.facebook.com\/profile.php?id=61560407257971\" \/>\n<meta property=\"article:modified_time\" content=\"2024-07-01T07:19:13+00:00\" \/>\n<meta property=\"og:image\" content=\"https:\/\/sxflightcase.com\/wp-content\/uploads\/2024\/07\/1719799709136.jpg\" \/>\n\t<meta property=\"og:image:width\" content=\"700\" \/>\n\t<meta property=\"og:image:height\" content=\"700\" \/>\n\t<meta property=\"og:image:type\" content=\"image\/jpeg\" \/>\n<meta name=\"twitter:card\" content=\"summary_large_image\" \/>\n<meta name=\"twitter:label1\" content=\"Gesch\u00e4tzte Lesezeit\" \/>\n\t<meta name=\"twitter:data1\" content=\"5\u00a0Minuten\" \/>\n<script type=\"application\/ld+json\" class=\"yoast-schema-graph\">{\"@context\":\"https:\/\/schema.org\",\"@graph\":[{\"@type\":\"WebPage\",\"@id\":\"https:\/\/sxflightcase.com\/th\/\u0e1c\u0e25\u0e34\u0e15\u0e20\u0e31\u0e13\u0e11\u0e4c\/\u0e01\u0e25\u0e48\u0e2d\u0e07\u0e25\u0e34\u0e49\u0e19\u0e0a\u0e31\u0e01\u0e40\u0e27\u0e34\u0e23\u0e4c\u0e01\u0e2a\u0e40\u0e15\u0e0a\/\",\"url\":\"https:\/\/sxflightcase.com\/th\/\u0e1c\u0e25\u0e34\u0e15\u0e20\u0e31\u0e13\u0e11\u0e4c\/\u0e01\u0e25\u0e48\u0e2d\u0e07\u0e25\u0e34\u0e49\u0e19\u0e0a\u0e31\u0e01\u0e40\u0e27\u0e34\u0e23\u0e4c\u0e01\u0e2a\u0e40\u0e15\u0e0a\/\",\"name\":\"Drawer Workstation Box Customize Flight Case - https:\/\/sxflightcase.com \ud83d\udc97\",\"isPartOf\":{\"@id\":\"https:\/\/sxflightcase.com\/th\/#website\"},\"primaryImageOfPage\":{\"@id\":\"https:\/\/sxflightcase.com\/th\/\u0e1c\u0e25\u0e34\u0e15\u0e20\u0e31\u0e13\u0e11\u0e4c\/\u0e01\u0e25\u0e48\u0e2d\u0e07\u0e25\u0e34\u0e49\u0e19\u0e0a\u0e31\u0e01\u0e40\u0e27\u0e34\u0e23\u0e4c\u0e01\u0e2a\u0e40\u0e15\u0e0a\/#primaryimage\"},\"image\":{\"@id\":\"https:\/\/sxflightcase.com\/th\/\u0e1c\u0e25\u0e34\u0e15\u0e20\u0e31\u0e13\u0e11\u0e4c\/\u0e01\u0e25\u0e48\u0e2d\u0e07\u0e25\u0e34\u0e49\u0e19\u0e0a\u0e31\u0e01\u0e40\u0e27\u0e34\u0e23\u0e4c\u0e01\u0e2a\u0e40\u0e15\u0e0a\/#primaryimage\"},\"thumbnailUrl\":\"https:\/\/sxflightcase.com\/wp-content\/uploads\/2024\/07\/1719799709136.jpg\",\"datePublished\":\"2024-07-01T07:18:49+00:00\",\"dateModified\":\"2024-07-01T07:19:13+00:00\",\"description\":\"Drawer workstation, factory direct! Customizable, high-quality solutions for organized and efficient workspaces. Perfect for professionals and workshops.\",\"breadcrumb\":{\"@id\":\"https:\/\/sxflightcase.com\/th\/\u0e1c\u0e25\u0e34\u0e15\u0e20\u0e31\u0e13\u0e11\u0e4c\/\u0e01\u0e25\u0e48\u0e2d\u0e07\u0e25\u0e34\u0e49\u0e19\u0e0a\u0e31\u0e01\u0e40\u0e27\u0e34\u0e23\u0e4c\u0e01\u0e2a\u0e40\u0e15\u0e0a\/#breadcrumb\"},\"inLanguage\":\"de\",\"potentialAction\":[{\"@type\":\"ReadAction\",\"target\":[\"https:\/\/sxflightcase.com\/th\/\u0e1c\u0e25\u0e34\u0e15\u0e20\u0e31\u0e13\u0e11\u0e4c\/\u0e01\u0e25\u0e48\u0e2d\u0e07\u0e25\u0e34\u0e49\u0e19\u0e0a\u0e31\u0e01\u0e40\u0e27\u0e34\u0e23\u0e4c\u0e01\u0e2a\u0e40\u0e15\u0e0a\/\"]}]},{\"@type\":\"ImageObject\",\"inLanguage\":\"de\",\"@id\":\"https:\/\/sxflightcase.com\/th\/\u0e1c\u0e25\u0e34\u0e15\u0e20\u0e31\u0e13\u0e11\u0e4c\/\u0e01\u0e25\u0e48\u0e2d\u0e07\u0e25\u0e34\u0e49\u0e19\u0e0a\u0e31\u0e01\u0e40\u0e27\u0e34\u0e23\u0e4c\u0e01\u0e2a\u0e40\u0e15\u0e0a\/#primaryimage\",\"url\":\"https:\/\/sxflightcase.com\/wp-content\/uploads\/2024\/07\/1719799709136.jpg\",\"contentUrl\":\"https:\/\/sxflightcase.com\/wp-content\/uploads\/2024\/07\/1719799709136.jpg\",\"width\":700,\"height\":700,\"caption\":\"Drawer Workstation\"},{\"@type\":\"BreadcrumbList\",\"@id\":\"https:\/\/sxflightcase.com\/th\/\u0e1c\u0e25\u0e34\u0e15\u0e20\u0e31\u0e13\u0e11\u0e4c\/\u0e01\u0e25\u0e48\u0e2d\u0e07\u0e25\u0e34\u0e49\u0e19\u0e0a\u0e31\u0e01\u0e40\u0e27\u0e34\u0e23\u0e4c\u0e01\u0e2a\u0e40\u0e15\u0e0a\/#breadcrumb\",\"itemListElement\":[{\"@type\":\"ListItem\",\"position\":1,\"name\":\"Home\",\"item\":\"https:\/\/sxflightcase.com\/\"},{\"@type\":\"ListItem\",\"position\":2,\"name\":\"\u0e2a\u0e34\u0e19\u0e04\u0e49\u0e32\",\"item\":\"https:\/\/sxflightcase.com\/th\/shop\/\"},{\"@type\":\"ListItem\",\"position\":3,\"name\":\"Drawer Workstation Box Customize Flight Case\"}]},{\"@type\":\"WebSite\",\"@id\":\"https:\/\/sxflightcase.com\/th\/#website\",\"url\":\"https:\/\/sxflightcase.com\/th\/\",\"name\":\"sxpowercase.com\",\"description\":\"Flight Case Factory\",\"publisher\":{\"@id\":\"https:\/\/sxflightcase.com\/th\/#organization\"},\"potentialAction\":[{\"@type\":\"SearchAction\",\"target\":{\"@type\":\"EntryPoint\",\"urlTemplate\":\"https:\/\/sxflightcase.com\/th\/?s={search_term_string}\"},\"query-input\":{\"@type\":\"PropertyValueSpecification\",\"valueRequired\":true,\"valueName\":\"search_term_string\"}}],\"inLanguage\":\"de\"},{\"@type\":\"Organization\",\"@id\":\"https:\/\/sxflightcase.com\/th\/#organization\",\"name\":\"sxpowercase.com\",\"url\":\"https:\/\/sxflightcase.com\/th\/\",\"logo\":{\"@type\":\"ImageObject\",\"inLanguage\":\"de\",\"@id\":\"https:\/\/sxflightcase.com\/th\/#\/schema\/logo\/image\/\",\"url\":\"https:\/\/sxflightcase.com\/wp-content\/uploads\/2024\/04\/1713919036007.jpg\",\"contentUrl\":\"https:\/\/sxflightcase.com\/wp-content\/uploads\/2024\/04\/1713919036007.jpg\",\"width\":382,\"height\":388,\"caption\":\"sxpowercase.com\"},\"image\":{\"@id\":\"https:\/\/sxflightcase.com\/th\/#\/schema\/logo\/image\/\"},\"sameAs\":[\"https:\/\/www.facebook.com\/profile.php?id=61560407257971\"],\"numberOfEmployees\":{\"@type\":\"QuantitativeValue\",\"minValue\":\"11\",\"maxValue\":\"50\"}}]}<\/script>\n<!-- \/ Yoast SEO Premium plugin. -->","yoast_head_json":{"title":"Drawer Workstation Box Customize Flight Case - https:\/\/sxflightcase.com \ud83d\udc97","description":"Schubladenarbeitsplatz, direkt ab Werk! Individuell anpassbare, qualitativ hochwertige L\u00f6sungen f\u00fcr organisierte und effiziente Arbeitsbereiche. Perfekt f\u00fcr Profis und Werkst\u00e4tten.","robots":{"index":"index","follow":"follow","max-snippet":"max-snippet:-1","max-image-preview":"max-image-preview:large","max-video-preview":"max-video-preview:-1"},"canonical":"https:\/\/sxflightcase.com\/de\/\u0e1c\u0e25\u0e34\u0e15\u0e20\u0e31\u0e13\u0e11\u0e4c\/\u0e01\u0e25\u0e48\u0e2d\u0e07\u0e25\u0e34\u0e49\u0e19\u0e0a\u0e31\u0e01\u0e40\u0e27\u0e34\u0e23\u0e4c\u0e01\u0e2a\u0e40\u0e15\u0e0a\/","og_locale":"de_DE","og_type":"article","og_title":"Drawer Workstation Box Customize Flight Case","og_description":"Drawer workstation, factory direct! Customizable, high-quality solutions for organized and efficient workspaces. Perfect for professionals and workshops.","og_url":"https:\/\/sxflightcase.com\/de\/\u0e1c\u0e25\u0e34\u0e15\u0e20\u0e31\u0e13\u0e11\u0e4c\/\u0e01\u0e25\u0e48\u0e2d\u0e07\u0e25\u0e34\u0e49\u0e19\u0e0a\u0e31\u0e01\u0e40\u0e27\u0e34\u0e23\u0e4c\u0e01\u0e2a\u0e40\u0e15\u0e0a\/","og_site_name":"https:\/\/sxflightcase.com","article_publisher":"https:\/\/www.facebook.com\/profile.php?id=61560407257971","article_modified_time":"2024-07-01T07:19:13+00:00","og_image":[{"width":700,"height":700,"url":"https:\/\/sxflightcase.com\/wp-content\/uploads\/2024\/07\/1719799709136.jpg","type":"image\/jpeg"}],"twitter_card":"summary_large_image","twitter_misc":{"Gesch\u00e4tzte Lesezeit":"5\u00a0Minuten"},"schema":{"@context":"https:\/\/schema.org","@graph":[{"@type":"WebPage","@id":"https:\/\/sxflightcase.com\/th\/\u0e1c\u0e25\u0e34\u0e15\u0e20\u0e31\u0e13\u0e11\u0e4c\/\u0e01\u0e25\u0e48\u0e2d\u0e07\u0e25\u0e34\u0e49\u0e19\u0e0a\u0e31\u0e01\u0e40\u0e27\u0e34\u0e23\u0e4c\u0e01\u0e2a\u0e40\u0e15\u0e0a\/","url":"https:\/\/sxflightcase.com\/th\/\u0e1c\u0e25\u0e34\u0e15\u0e20\u0e31\u0e13\u0e11\u0e4c\/\u0e01\u0e25\u0e48\u0e2d\u0e07\u0e25\u0e34\u0e49\u0e19\u0e0a\u0e31\u0e01\u0e40\u0e27\u0e34\u0e23\u0e4c\u0e01\u0e2a\u0e40\u0e15\u0e0a\/","name":"Drawer Workstation Box Customize Flight Case - https:\/\/sxflightcase.com \ud83d\udc97","isPartOf":{"@id":"https:\/\/sxflightcase.com\/th\/#website"},"primaryImageOfPage":{"@id":"https:\/\/sxflightcase.com\/th\/\u0e1c\u0e25\u0e34\u0e15\u0e20\u0e31\u0e13\u0e11\u0e4c\/\u0e01\u0e25\u0e48\u0e2d\u0e07\u0e25\u0e34\u0e49\u0e19\u0e0a\u0e31\u0e01\u0e40\u0e27\u0e34\u0e23\u0e4c\u0e01\u0e2a\u0e40\u0e15\u0e0a\/#primaryimage"},"image":{"@id":"https:\/\/sxflightcase.com\/th\/\u0e1c\u0e25\u0e34\u0e15\u0e20\u0e31\u0e13\u0e11\u0e4c\/\u0e01\u0e25\u0e48\u0e2d\u0e07\u0e25\u0e34\u0e49\u0e19\u0e0a\u0e31\u0e01\u0e40\u0e27\u0e34\u0e23\u0e4c\u0e01\u0e2a\u0e40\u0e15\u0e0a\/#primaryimage"},"thumbnailUrl":"https:\/\/sxflightcase.com\/wp-content\/uploads\/2024\/07\/1719799709136.jpg","datePublished":"2024-07-01T07:18:49+00:00","dateModified":"2024-07-01T07:19:13+00:00","description":"Schubladenarbeitsplatz, direkt ab Werk! Individuell anpassbare, qualitativ hochwertige L\u00f6sungen f\u00fcr organisierte und effiziente Arbeitsbereiche. Perfekt f\u00fcr Profis und Werkst\u00e4tten.","breadcrumb":{"@id":"https:\/\/sxflightcase.com\/th\/\u0e1c\u0e25\u0e34\u0e15\u0e20\u0e31\u0e13\u0e11\u0e4c\/\u0e01\u0e25\u0e48\u0e2d\u0e07\u0e25\u0e34\u0e49\u0e19\u0e0a\u0e31\u0e01\u0e40\u0e27\u0e34\u0e23\u0e4c\u0e01\u0e2a\u0e40\u0e15\u0e0a\/#breadcrumb"},"inLanguage":"de","potentialAction":[{"@type":"ReadAction","target":["https:\/\/sxflightcase.com\/th\/\u0e1c\u0e25\u0e34\u0e15\u0e20\u0e31\u0e13\u0e11\u0e4c\/\u0e01\u0e25\u0e48\u0e2d\u0e07\u0e25\u0e34\u0e49\u0e19\u0e0a\u0e31\u0e01\u0e40\u0e27\u0e34\u0e23\u0e4c\u0e01\u0e2a\u0e40\u0e15\u0e0a\/"]}]},{"@type":"ImageObject","inLanguage":"de","@id":"https:\/\/sxflightcase.com\/th\/\u0e1c\u0e25\u0e34\u0e15\u0e20\u0e31\u0e13\u0e11\u0e4c\/\u0e01\u0e25\u0e48\u0e2d\u0e07\u0e25\u0e34\u0e49\u0e19\u0e0a\u0e31\u0e01\u0e40\u0e27\u0e34\u0e23\u0e4c\u0e01\u0e2a\u0e40\u0e15\u0e0a\/#primaryimage","url":"https:\/\/sxflightcase.com\/wp-content\/uploads\/2024\/07\/1719799709136.jpg","contentUrl":"https:\/\/sxflightcase.com\/wp-content\/uploads\/2024\/07\/1719799709136.jpg","width":700,"height":700,"caption":"Drawer Workstation"},{"@type":"BreadcrumbList","@id":"https:\/\/sxflightcase.com\/th\/\u0e1c\u0e25\u0e34\u0e15\u0e20\u0e31\u0e13\u0e11\u0e4c\/\u0e01\u0e25\u0e48\u0e2d\u0e07\u0e25\u0e34\u0e49\u0e19\u0e0a\u0e31\u0e01\u0e40\u0e27\u0e34\u0e23\u0e4c\u0e01\u0e2a\u0e40\u0e15\u0e0a\/#breadcrumb","itemListElement":[{"@type":"ListItem","position":1,"name":"Home","item":"https:\/\/sxflightcase.com\/"},{"@type":"ListItem","position":2,"name":"\u0e2a\u0e34\u0e19\u0e04\u0e49\u0e32","item":"https:\/\/sxflightcase.com\/th\/shop\/"},{"@type":"ListItem","position":3,"name":"Drawer Workstation Box Customize Flight Case"}]},{"@type":"WebSite","@id":"https:\/\/sxflightcase.com\/th\/#website","url":"https:\/\/sxflightcase.com\/th\/","name":"www.sxpowercase.com","description":"Flight Case Fabrik","publisher":{"@id":"https:\/\/sxflightcase.com\/th\/#organization"},"potentialAction":[{"@type":"SearchAction","target":{"@type":"EntryPoint","urlTemplate":"https:\/\/sxflightcase.com\/th\/?s={search_term_string}"},"query-input":{"@type":"PropertyValueSpecification","valueRequired":true,"valueName":"search_term_string"}}],"inLanguage":"de"},{"@type":"Organization","@id":"https:\/\/sxflightcase.com\/th\/#organization","name":"www.sxpowercase.com","url":"https:\/\/sxflightcase.com\/th\/","logo":{"@type":"ImageObject","inLanguage":"de","@id":"https:\/\/sxflightcase.com\/th\/#\/schema\/logo\/image\/","url":"https:\/\/sxflightcase.com\/wp-content\/uploads\/2024\/04\/1713919036007.jpg","contentUrl":"https:\/\/sxflightcase.com\/wp-content\/uploads\/2024\/04\/1713919036007.jpg","width":382,"height":388,"caption":"sxpowercase.com"},"image":{"@id":"https:\/\/sxflightcase.com\/th\/#\/schema\/logo\/image\/"},"sameAs":["https:\/\/www.facebook.com\/profile.php?id=61560407257971"],"numberOfEmployees":{"@type":"QuantitativeValue","minValue":"11","maxValue":"50"}}]}},"_links":{"self":[{"href":"https:\/\/sxflightcase.com\/de\/wp-json\/wp\/v2\/product\/3186","targetHints":{"allow":["GET"]}}],"collection":[{"href":"https:\/\/sxflightcase.com\/de\/wp-json\/wp\/v2\/product"}],"about":[{"href":"https:\/\/sxflightcase.com\/de\/wp-json\/wp\/v2\/types\/product"}],"replies":[{"embeddable":true,"href":"https:\/\/sxflightcase.com\/de\/wp-json\/wp\/v2\/comments?post=3186"}],"version-history":[{"count":0,"href":"https:\/\/sxflightcase.com\/de\/wp-json\/wp\/v2\/product\/3186\/revisions"}],"wp:featuredmedia":[{"embeddable":true,"href":"https:\/\/sxflightcase.com\/de\/wp-json\/wp\/v2\/media\/3177"}],"wp:attachment":[{"href":"https:\/\/sxflightcase.com\/de\/wp-json\/wp\/v2\/media?parent=3186"}],"wp:term":[{"taxonomy":"product_brand","embeddable":true,"href":"https:\/\/sxflightcase.com\/de\/wp-json\/wp\/v2\/product_brand?post=3186"},{"taxonomy":"product_cat","embeddable":true,"href":"https:\/\/sxflightcase.com\/de\/wp-json\/wp\/v2\/product_cat?post=3186"},{"taxonomy":"product_tag","embeddable":true,"href":"https:\/\/sxflightcase.com\/de\/wp-json\/wp\/v2\/product_tag?post=3186"}],"curies":[{"name":"wp","href":"https:\/\/api.w.org\/{rel}","templated":true}]}}