{"id":3834,"date":"2024-07-29T07:38:50","date_gmt":"2024-07-29T06:38:50","guid":{"rendered":"https:\/\/sxpowercase.com\/?post_type=product&#038;p=3834"},"modified":"2024-07-29T07:38:51","modified_gmt":"2024-07-29T06:38:51","slug":"butterfly-latches-loa202","status":"publish","type":"product","link":"https:\/\/sxflightcase.com\/de\/produkt\/schmetterlingsverschlusse-loa202-2\/","title":{"rendered":"Schmetterlingsverschl\u00fcsse LOA202"},"content":{"rendered":"<h1>SX Butterfly-Verschl\u00fcsse: Sichern Sie Ihre Ausr\u00fcstung mit Zuversicht<\/h1>\n<h2>Unschlagbare Sicherheit mit SX Butterfly-Verschl\u00fcssen<\/h2>\n<p>Wenn es um den Schutz Ihrer wertvollen Ausr\u00fcstung geht, ist der SX Butterfly Latch die erste Wahl. Unsere mit Pr\u00e4zision entwickelten Verschl\u00fcsse sorgen daf\u00fcr, dass Ihre Flightcases sicher verschlossen sind und bieten un\u00fcbertroffenen Schutz. Ob f\u00fcr Musiker, Tontechniker oder Veranstaltungsprofis, SX Butterfly-Verschl\u00fcsse bieten die Sicherheit und den Seelenfrieden, den Sie brauchen.<\/p>\n<h2>\u00dcberlegene Langlebigkeit und Qualit\u00e4t<\/h2>\n<p>Bei <a href=\"https:\/\/sxpowercase.com\/\" target=\"_blank\" rel=\"noopener\" title=\"SX\" data-wpil-monitor-id=\"603\">SX<\/a>Bei jedem Produkt legen wir gr\u00f6\u00dften Wert auf Qualit\u00e4t und Langlebigkeit. Unsere Butterfly-Verschl\u00fcsse sind aus hochwertigen Materialien gefertigt, die den Anforderungen des h\u00e4ufigen Gebrauchs standhalten. Diese robuste Konstruktion bedeutet, dass Ihre Flightcases sicher verschlossen bleiben und Ihre Ausr\u00fcstung vor Sch\u00e4den gesch\u00fctzt ist. Bei SX wissen Sie, dass Ihre Ausr\u00fcstung immer in sicheren H\u00e4nden ist.<\/p>\n<h2>Werksnahe Exzellenz<\/h2>\n<p>SX bietet Produkte direkt ab Werk an, was eine erstklassige Qualit\u00e4tskontrolle und wettbewerbsf\u00e4hige Preise gew\u00e4hrleistet. Unsere Schmetterlingsverschl\u00fcsse werden mit viel Liebe zum Detail und unter Einhaltung strenger Qualit\u00e4tsstandards hergestellt. Durch den Wegfall von Zwischenh\u00e4ndlern bieten wir erstklassige Produkte zu erschwinglichen Preisen und machen \u00fcberlegene Sicherheitsl\u00f6sungen f\u00fcr jedermann zug\u00e4nglich.<\/p>\n<h2>Benutzerfreundliches Design<\/h2>\n<p>Unsere Butterfly-Verschl\u00fcsse sind auf Benutzerfreundlichkeit ausgelegt. Der einfache, intuitive Mechanismus erm\u00f6glicht ein schnelles und m\u00fcheloses \u00d6ffnen und Schlie\u00dfen Ihrer Flightcases. Ob beim Aufbau f\u00fcr ein Konzert oder beim Einpacken nach einer Veranstaltung, SX Butterfly-Verschl\u00fcsse vereinfachen den Prozess und sparen Ihnen Zeit und M\u00fche.<\/p>\n<h2>Individuelle L\u00f6sungen f\u00fcr einzigartige Bed\u00fcrfnisse<\/h2>\n<p>Jedes Ger\u00e4t hat seine eigenen Anforderungen, und SX wei\u00df, wie wichtig ma\u00dfgeschneiderte L\u00f6sungen sind. Wir bieten eine Reihe von Anpassungsm\u00f6glichkeiten f\u00fcr unsere Schmetterlingsverschl\u00fcsse an, die sicherstellen, dass sie Ihren spezifischen Anforderungen perfekt entsprechen. Ganz gleich, ob Sie eine bestimmte Gr\u00f6\u00dfe, Ausf\u00fchrung oder ein bestimmtes Design ben\u00f6tigen, unser Team ist bereit, Ihnen ma\u00dfgeschneiderte L\u00f6sungen anzubieten.<\/p>\n<h2>Erschwingliche Qualit\u00e4t<\/h2>\n<p>Bei SX haben wir uns verpflichtet, hochwertige Produkte zu wettbewerbsf\u00e4higen Preisen anzubieten. Unser Direktvertriebsmodell erm\u00f6glicht es uns, einen au\u00dfergew\u00f6hnlichen Wert zu liefern, ohne Kompromisse bei der Qualit\u00e4t einzugehen. Wenn Sie sich f\u00fcr SX-Schmetterlingsverschl\u00fcsse entscheiden, investieren Sie in langlebige, zuverl\u00e4ssige Sicherheitsl\u00f6sungen, die Ihnen ein gutes Preis-Leistungs-Verh\u00e4ltnis bieten.<\/p>\n<h2>Vielseitige Einsatzm\u00f6glichkeiten<\/h2>\n<p>Die Butterfly-Verschl\u00fcsse von SX sind vielseitig und eignen sich daher f\u00fcr eine Vielzahl von Anwendungen. Von Flightcases und Ausr\u00fcstungsregalen bis hin zu Aufbewahrungsboxen und Werkzeugkoffern - unsere Verschl\u00fcsse gew\u00e4hrleisten einen sicheren Verschluss in den verschiedensten Bereichen. Vertrauen Sie auf SX, wenn Sie Butterfly-Verschl\u00fcsse ben\u00f6tigen, und profitieren Sie von deren Flexibilit\u00e4t und Zuverl\u00e4ssigkeit.<\/p>\n<h2>Warum SX w\u00e4hlen?<\/h2>\n<p>Wenn Sie sich f\u00fcr SX entscheiden, entscheiden Sie sich f\u00fcr hervorragende Qualit\u00e4t, Zuverl\u00e4ssigkeit und Erschwinglichkeit. Unsere Schmetterlingsverschl\u00fcsse bieten den ultimativen Schutz f\u00fcr Ihre Ausr\u00fcstung und sorgen daf\u00fcr, dass sie sicher und gesch\u00fctzt bleibt. Mit unserer werkseitigen Qualit\u00e4tssicherung k\u00f6nnen Sie sicher sein, erstklassige Produkte zu unschlagbaren Preisen zu erhalten.<\/p>\n<h2>Nehmen Sie Kontakt mit SX auf<\/h2>\n<p>Sind Sie bereit, die Sicherheit Ihrer Ausr\u00fcstung mit SX Butterfly-Verschl\u00fcssen zu verbessern? Kontaktieren Sie uns noch heute, um mehr \u00fcber unsere Produkte und Anpassungsm\u00f6glichkeiten zu erfahren. Unser Team unterst\u00fctzt Sie gerne bei der Suche nach der perfekten L\u00f6sung f\u00fcr Ihre Bed\u00fcrfnisse. Vertrauen Sie bei all Ihren Anforderungen an Schmetterlingsverschl\u00fcsse auf SX und erleben Sie unvergleichliche Qualit\u00e4t und Zuverl\u00e4ssigkeit.<\/p>\n<p>Jetzt kontaktieren:<span style=\"color: #0000ff;\"><a style=\"color: #0000ff;\" href=\"https:\/\/sxpowercase.com\/contact-us\/\">https:\/\/sxpowercase.com\/<\/a><\/span><\/p>\n<p>Hardware-Produktkatalog:<span style=\"color: #3366ff;\"><a style=\"color: #3366ff;\" href=\"https:\/\/sxpowercase.com\/wp-content\/uploads\/2024\/07\/\u4e94\u91d1.pdf\">Hardware-Zubeh\u00f6rkatalog<\/a><\/span><\/p>","protected":false},"excerpt":{"rendered":"<div class=\"yoast-text-mark\">ass=&#8221;yoast-text-mark&#8221;&gt;ass=&#8221;flex-shrink-0 flex flex-col relative items-end&#8221;&gt;<\/p>\n<div>\n<div class=\"\">=&#8221;pt-0&#8243;&gt;<\/p>\n<div>s=&#8221;gizmo-bot-avatar flex h-8 w-8 items-center justify-center overflow-hidden rounded-full&#8221;&gt;<\/p>\n<h3 class=\"relative p-1 rounded-sm flex items-center justify-center bg-token-main-surface-primary text-token-text-primary h-8 w-8\">Unmatched Security with SX&#8217;s Butterfly Latch<\/h3>\n<\/div>\n<\/div>\n<p>&lt;\/div&gt;<\/p><\/div>\n<div class=\"\">=&#8221;group\/conversation-turn relative flex w-full min-w-0 flex-col agent-turn&#8221;&gt;<\/p>\n<div class=\"flex-col gap-1 md:gap-3\">\n<div class=\"flex flex-grow flex-col max-w-full AIPRM__conversation__response\">\n<div class=\"min-h-[20px] text-message flex w-full flex-col items-end gap-2 whitespace-pre-wrap break-words [.text-message+&amp;]:mt-5 overflow-x-auto\" dir=\"auto\" data-message-author-role=\"assistant\" data-message-id=\"5f113cd8-0571-4314-acba-63f4a0d58950\">\n<div class=\"flex w-full flex-col gap-1 empty:hidden first:pt-[3px]\">\n<div class=\"markdown prose w-full break-words dark:prose-invert light\">\n<p>Protect your valuable equipment with SX&#8217;s robust and reliable butterfly latches. Built from high-quality materials, these latches ensure secure closure for flight cases, offering unmatched security and peace of mind during transport and storage.<\/p>\n<h3>Factory-Direct Quality at Affordable Prices<\/h3>\n<p>Experience top-tier quality without breaking the bank with SX&#8217;s factory-direct butterfly latches. Our latches provide durability and reliability at competitive prices, ensuring you get the best value for your money.<\/p>\n<h3>Customisable and Convenient Butterfly Latches<\/h3>\n<p>SX offers easy-to-use butterfly latches with customisation options to meet your unique needs. Whether for flight cases or storage boxes, our latches deliver secure closures, making your job simpler and more efficient.<\/p>\n<\/div>\n<\/div>\n<\/div>\n<\/div>\n<\/div>\n<\/div>\n<\/div>\n","protected":false},"featured_media":3775,"comment_status":"open","ping_status":"closed","template":"","meta":[],"product_brand":[],"product_cat":[61],"product_tag":[],"class_list":{"0":"post-3834","1":"product","2":"type-product","3":"status-publish","4":"has-post-thumbnail","6":"product_cat-catchother-locks","8":"first","9":"instock","10":"shipping-taxable","11":"product-type-simple"},"yoast_head":"<!-- This site is optimized with the Yoast SEO Premium plugin v27.1 (Yoast SEO v27.2) - https:\/\/yoast.com\/product\/yoast-seo-premium-wordpress\/ -->\n<title>Butterfly Latches LOA202 - https:\/\/sxflightcase.com \ud83d\udc97<\/title>\n<meta name=\"description\" content=\"Butterfly latches, factory direct! High-quality, reliable solutions for secure closures on flight cases and equipment. Ideal for professional and industrial use.\" \/>\n<meta name=\"robots\" content=\"index, follow, max-snippet:-1, max-image-preview:large, max-video-preview:-1\" \/>\n<link rel=\"canonical\" href=\"https:\/\/sxflightcase.com\/de\/urun\/kelebek-mandallar-loa202-2\/\" \/>\n<meta property=\"og:locale\" content=\"de_DE\" \/>\n<meta property=\"og:type\" content=\"article\" \/>\n<meta property=\"og:title\" content=\"Butterfly Latches LOA202\" \/>\n<meta property=\"og:description\" content=\"Butterfly latches, factory direct! High-quality, reliable solutions for secure closures on flight cases and equipment. Ideal for professional and industrial use.\" \/>\n<meta property=\"og:url\" content=\"https:\/\/sxflightcase.com\/de\/urun\/kelebek-mandallar-loa202-2\/\" \/>\n<meta property=\"og:site_name\" content=\"https:\/\/sxflightcase.com\" \/>\n<meta property=\"article:publisher\" content=\"https:\/\/www.facebook.com\/profile.php?id=61560407257971\" \/>\n<meta property=\"article:modified_time\" content=\"2024-07-29T06:38:51+00:00\" \/>\n<meta property=\"og:image\" content=\"https:\/\/sxflightcase.com\/wp-content\/uploads\/2024\/07\/LOA202.jpg\" \/>\n\t<meta property=\"og:image:width\" content=\"520\" \/>\n\t<meta property=\"og:image:height\" content=\"460\" \/>\n\t<meta property=\"og:image:type\" content=\"image\/jpeg\" \/>\n<meta name=\"twitter:card\" content=\"summary_large_image\" \/>\n<meta name=\"twitter:label1\" content=\"Gesch\u00e4tzte Lesezeit\" \/>\n\t<meta name=\"twitter:data1\" content=\"3\u00a0Minuten\" \/>\n<script type=\"application\/ld+json\" class=\"yoast-schema-graph\">{\"@context\":\"https:\/\/schema.org\",\"@graph\":[{\"@type\":\"WebPage\",\"@id\":\"https:\/\/sxflightcase.com\/tr\/urun\/kelebek-mandallar-loa202-2\/\",\"url\":\"https:\/\/sxflightcase.com\/tr\/urun\/kelebek-mandallar-loa202-2\/\",\"name\":\"Butterfly Latches LOA202 - https:\/\/sxflightcase.com \ud83d\udc97\",\"isPartOf\":{\"@id\":\"https:\/\/sxflightcase.com\/th\/#website\"},\"primaryImageOfPage\":{\"@id\":\"https:\/\/sxflightcase.com\/tr\/urun\/kelebek-mandallar-loa202-2\/#primaryimage\"},\"image\":{\"@id\":\"https:\/\/sxflightcase.com\/tr\/urun\/kelebek-mandallar-loa202-2\/#primaryimage\"},\"thumbnailUrl\":\"https:\/\/sxflightcase.com\/wp-content\/uploads\/2024\/07\/LOA202.jpg\",\"datePublished\":\"2024-07-29T06:38:50+00:00\",\"dateModified\":\"2024-07-29T06:38:51+00:00\",\"description\":\"Butterfly latches, factory direct! High-quality, reliable solutions for secure closures on flight cases and equipment. Ideal for professional and industrial use.\",\"breadcrumb\":{\"@id\":\"https:\/\/sxflightcase.com\/tr\/urun\/kelebek-mandallar-loa202-2\/#breadcrumb\"},\"inLanguage\":\"de\",\"potentialAction\":[{\"@type\":\"ReadAction\",\"target\":[\"https:\/\/sxflightcase.com\/tr\/urun\/kelebek-mandallar-loa202-2\/\"]}]},{\"@type\":\"ImageObject\",\"inLanguage\":\"de\",\"@id\":\"https:\/\/sxflightcase.com\/tr\/urun\/kelebek-mandallar-loa202-2\/#primaryimage\",\"url\":\"https:\/\/sxflightcase.com\/wp-content\/uploads\/2024\/07\/LOA202.jpg\",\"contentUrl\":\"https:\/\/sxflightcase.com\/wp-content\/uploads\/2024\/07\/LOA202.jpg\",\"width\":520,\"height\":460,\"caption\":\"Butterfly Latches\"},{\"@type\":\"BreadcrumbList\",\"@id\":\"https:\/\/sxflightcase.com\/tr\/urun\/kelebek-mandallar-loa202-2\/#breadcrumb\",\"itemListElement\":[{\"@type\":\"ListItem\",\"position\":1,\"name\":\"Home\",\"item\":\"https:\/\/sxflightcase.com\/\"},{\"@type\":\"ListItem\",\"position\":2,\"name\":\"\u0e2a\u0e34\u0e19\u0e04\u0e49\u0e32\",\"item\":\"https:\/\/sxflightcase.com\/th\/shop\/\"},{\"@type\":\"ListItem\",\"position\":3,\"name\":\"Butterfly Latches LOA202\"}]},{\"@type\":\"WebSite\",\"@id\":\"https:\/\/sxflightcase.com\/th\/#website\",\"url\":\"https:\/\/sxflightcase.com\/th\/\",\"name\":\"sxpowercase.com\",\"description\":\"Flight Case Factory\",\"publisher\":{\"@id\":\"https:\/\/sxflightcase.com\/th\/#organization\"},\"potentialAction\":[{\"@type\":\"SearchAction\",\"target\":{\"@type\":\"EntryPoint\",\"urlTemplate\":\"https:\/\/sxflightcase.com\/th\/?s={search_term_string}\"},\"query-input\":{\"@type\":\"PropertyValueSpecification\",\"valueRequired\":true,\"valueName\":\"search_term_string\"}}],\"inLanguage\":\"de\"},{\"@type\":\"Organization\",\"@id\":\"https:\/\/sxflightcase.com\/th\/#organization\",\"name\":\"sxpowercase.com\",\"url\":\"https:\/\/sxflightcase.com\/th\/\",\"logo\":{\"@type\":\"ImageObject\",\"inLanguage\":\"de\",\"@id\":\"https:\/\/sxflightcase.com\/th\/#\/schema\/logo\/image\/\",\"url\":\"https:\/\/sxflightcase.com\/wp-content\/uploads\/2024\/04\/1713919036007.jpg\",\"contentUrl\":\"https:\/\/sxflightcase.com\/wp-content\/uploads\/2024\/04\/1713919036007.jpg\",\"width\":382,\"height\":388,\"caption\":\"sxpowercase.com\"},\"image\":{\"@id\":\"https:\/\/sxflightcase.com\/th\/#\/schema\/logo\/image\/\"},\"sameAs\":[\"https:\/\/www.facebook.com\/profile.php?id=61560407257971\"],\"numberOfEmployees\":{\"@type\":\"QuantitativeValue\",\"minValue\":\"11\",\"maxValue\":\"50\"}}]}<\/script>\n<!-- \/ Yoast SEO Premium plugin. -->","yoast_head_json":{"title":"Butterfly Latches LOA202 - https:\/\/sxflightcase.com \ud83d\udc97","description":"Schmetterlingsverschl\u00fcsse, direkt ab Werk! Hochwertige, zuverl\u00e4ssige L\u00f6sungen f\u00fcr sichere Verschl\u00fcsse von Flightcases und Ausr\u00fcstung. Ideal f\u00fcr den professionellen und industriellen Einsatz.","robots":{"index":"index","follow":"follow","max-snippet":"max-snippet:-1","max-image-preview":"max-image-preview:large","max-video-preview":"max-video-preview:-1"},"canonical":"https:\/\/sxflightcase.com\/de\/urun\/kelebek-mandallar-loa202-2\/","og_locale":"de_DE","og_type":"article","og_title":"Butterfly Latches LOA202","og_description":"Butterfly latches, factory direct! High-quality, reliable solutions for secure closures on flight cases and equipment. Ideal for professional and industrial use.","og_url":"https:\/\/sxflightcase.com\/de\/urun\/kelebek-mandallar-loa202-2\/","og_site_name":"https:\/\/sxflightcase.com","article_publisher":"https:\/\/www.facebook.com\/profile.php?id=61560407257971","article_modified_time":"2024-07-29T06:38:51+00:00","og_image":[{"width":520,"height":460,"url":"https:\/\/sxflightcase.com\/wp-content\/uploads\/2024\/07\/LOA202.jpg","type":"image\/jpeg"}],"twitter_card":"summary_large_image","twitter_misc":{"Gesch\u00e4tzte Lesezeit":"3\u00a0Minuten"},"schema":{"@context":"https:\/\/schema.org","@graph":[{"@type":"WebPage","@id":"https:\/\/sxflightcase.com\/tr\/urun\/kelebek-mandallar-loa202-2\/","url":"https:\/\/sxflightcase.com\/tr\/urun\/kelebek-mandallar-loa202-2\/","name":"Butterfly Latches LOA202 - https:\/\/sxflightcase.com \ud83d\udc97","isPartOf":{"@id":"https:\/\/sxflightcase.com\/th\/#website"},"primaryImageOfPage":{"@id":"https:\/\/sxflightcase.com\/tr\/urun\/kelebek-mandallar-loa202-2\/#primaryimage"},"image":{"@id":"https:\/\/sxflightcase.com\/tr\/urun\/kelebek-mandallar-loa202-2\/#primaryimage"},"thumbnailUrl":"https:\/\/sxflightcase.com\/wp-content\/uploads\/2024\/07\/LOA202.jpg","datePublished":"2024-07-29T06:38:50+00:00","dateModified":"2024-07-29T06:38:51+00:00","description":"Schmetterlingsverschl\u00fcsse, direkt ab Werk! Hochwertige, zuverl\u00e4ssige L\u00f6sungen f\u00fcr sichere Verschl\u00fcsse von Flightcases und Ausr\u00fcstung. Ideal f\u00fcr den professionellen und industriellen Einsatz.","breadcrumb":{"@id":"https:\/\/sxflightcase.com\/tr\/urun\/kelebek-mandallar-loa202-2\/#breadcrumb"},"inLanguage":"de","potentialAction":[{"@type":"ReadAction","target":["https:\/\/sxflightcase.com\/tr\/urun\/kelebek-mandallar-loa202-2\/"]}]},{"@type":"ImageObject","inLanguage":"de","@id":"https:\/\/sxflightcase.com\/tr\/urun\/kelebek-mandallar-loa202-2\/#primaryimage","url":"https:\/\/sxflightcase.com\/wp-content\/uploads\/2024\/07\/LOA202.jpg","contentUrl":"https:\/\/sxflightcase.com\/wp-content\/uploads\/2024\/07\/LOA202.jpg","width":520,"height":460,"caption":"Butterfly Latches"},{"@type":"BreadcrumbList","@id":"https:\/\/sxflightcase.com\/tr\/urun\/kelebek-mandallar-loa202-2\/#breadcrumb","itemListElement":[{"@type":"ListItem","position":1,"name":"Home","item":"https:\/\/sxflightcase.com\/"},{"@type":"ListItem","position":2,"name":"\u0e2a\u0e34\u0e19\u0e04\u0e49\u0e32","item":"https:\/\/sxflightcase.com\/th\/shop\/"},{"@type":"ListItem","position":3,"name":"Butterfly Latches LOA202"}]},{"@type":"WebSite","@id":"https:\/\/sxflightcase.com\/th\/#website","url":"https:\/\/sxflightcase.com\/th\/","name":"www.sxpowercase.com","description":"Flight Case Fabrik","publisher":{"@id":"https:\/\/sxflightcase.com\/th\/#organization"},"potentialAction":[{"@type":"SearchAction","target":{"@type":"EntryPoint","urlTemplate":"https:\/\/sxflightcase.com\/th\/?s={search_term_string}"},"query-input":{"@type":"PropertyValueSpecification","valueRequired":true,"valueName":"search_term_string"}}],"inLanguage":"de"},{"@type":"Organization","@id":"https:\/\/sxflightcase.com\/th\/#organization","name":"www.sxpowercase.com","url":"https:\/\/sxflightcase.com\/th\/","logo":{"@type":"ImageObject","inLanguage":"de","@id":"https:\/\/sxflightcase.com\/th\/#\/schema\/logo\/image\/","url":"https:\/\/sxflightcase.com\/wp-content\/uploads\/2024\/04\/1713919036007.jpg","contentUrl":"https:\/\/sxflightcase.com\/wp-content\/uploads\/2024\/04\/1713919036007.jpg","width":382,"height":388,"caption":"sxpowercase.com"},"image":{"@id":"https:\/\/sxflightcase.com\/th\/#\/schema\/logo\/image\/"},"sameAs":["https:\/\/www.facebook.com\/profile.php?id=61560407257971"],"numberOfEmployees":{"@type":"QuantitativeValue","minValue":"11","maxValue":"50"}}]}},"_links":{"self":[{"href":"https:\/\/sxflightcase.com\/de\/wp-json\/wp\/v2\/product\/3834","targetHints":{"allow":["GET"]}}],"collection":[{"href":"https:\/\/sxflightcase.com\/de\/wp-json\/wp\/v2\/product"}],"about":[{"href":"https:\/\/sxflightcase.com\/de\/wp-json\/wp\/v2\/types\/product"}],"replies":[{"embeddable":true,"href":"https:\/\/sxflightcase.com\/de\/wp-json\/wp\/v2\/comments?post=3834"}],"version-history":[{"count":0,"href":"https:\/\/sxflightcase.com\/de\/wp-json\/wp\/v2\/product\/3834\/revisions"}],"wp:featuredmedia":[{"embeddable":true,"href":"https:\/\/sxflightcase.com\/de\/wp-json\/wp\/v2\/media\/3775"}],"wp:attachment":[{"href":"https:\/\/sxflightcase.com\/de\/wp-json\/wp\/v2\/media?parent=3834"}],"wp:term":[{"taxonomy":"product_brand","embeddable":true,"href":"https:\/\/sxflightcase.com\/de\/wp-json\/wp\/v2\/product_brand?post=3834"},{"taxonomy":"product_cat","embeddable":true,"href":"https:\/\/sxflightcase.com\/de\/wp-json\/wp\/v2\/product_cat?post=3834"},{"taxonomy":"product_tag","embeddable":true,"href":"https:\/\/sxflightcase.com\/de\/wp-json\/wp\/v2\/product_tag?post=3834"}],"curies":[{"name":"wp","href":"https:\/\/api.w.org\/{rel}","templated":true}]}}