{"id":3886,"date":"2024-07-30T09:17:20","date_gmt":"2024-07-30T08:17:20","guid":{"rendered":"https:\/\/sxpowercase.com\/?post_type=product&#038;p=3886"},"modified":"2024-07-30T09:17:21","modified_gmt":"2024-07-30T08:17:21","slug":"flight-case-locks-loa208","status":"publish","type":"product","link":"https:\/\/sxflightcase.com\/de\/produkt\/flight-case-schlosser-loa208-2\/","title":{"rendered":"Flightcase-Schl\u00f6sser LOA208"},"content":{"rendered":"<h2>Verbessern Sie den Schutz Ihrer Ausr\u00fcstung mit SX Flight Case Locks<\/h2>\n<h3>Sichern Sie Ihre Ausr\u00fcstung mit Leichtigkeit<\/h3>\n<p>F\u00fcr Profis, die h\u00e4ufig wertvolle Ausr\u00fcstung transportieren, ist die Sicherung ihrer Ausr\u00fcstung von gr\u00f6\u00dfter Bedeutung. SX bietet robuste Flight-Case-Schl\u00f6sser an, die f\u00fcr alle Arten von Koffern hervorragende Sicherheit bieten. Ob Sie unterwegs oder in der Luft sind, diese Schl\u00f6sser sorgen daf\u00fcr, dass Ihre Ausr\u00fcstung sicher und gesch\u00fctzt bleibt.<\/p>\n<h3>Direkt ab Werk: Qualit\u00e4t und Einsparungen<\/h3>\n<p>Bei <a href=\"https:\/\/sxpowercase.com\/\" target=\"_blank\" rel=\"noopener\" title=\"SX\" data-wpil-monitor-id=\"609\">SX<\/a>bieten wir unsere Flight Case Locks im Direktvertrieb an. Auf diese Weise k\u00f6nnen wir hohe Qualit\u00e4tsstandards einhalten und gleichzeitig die Preise niedrig halten. Da wir den Zwischenh\u00e4ndler ausschalten, bieten wir Ihnen erschwingliche, erstklassige Sicherheitsl\u00f6sungen, die keine Kompromisse bei der Leistung eingehen.<\/p>\n<h3>Zuverl\u00e4ssige Qualit\u00e4tssicherung<\/h3>\n<p>Unsere Flight Case-Schl\u00f6sser werden mit einem hohen Ma\u00df an Qualit\u00e4tssicherung hergestellt. SX verwendet langlebige Materialien und pr\u00e4zise Technik, um Schl\u00f6sser zu schaffen, die sich im Laufe der Zeit bew\u00e4hren. Jedes Schloss wird strengen Tests unterzogen, um sicherzustellen, dass es unseren strengen Standards f\u00fcr Zuverl\u00e4ssigkeit und Haltbarkeit entspricht, damit Sie sich keine Sorgen machen m\u00fcssen.<\/p>\n<h3>Einfache Installation und zuverl\u00e4ssiger Einsatz<\/h3>\n<p>Die SX Flight Case Locks sind auf Einfachheit und Benutzerfreundlichkeit ausgelegt. Die Installation ist unkompliziert und macht es leicht, Ihre Koffer schnell zu sichern. Der robuste Schlie\u00dfmechanismus sorgt daf\u00fcr, dass Ihre Ausr\u00fcstung nach dem Verschlie\u00dfen vor unbefugtem Zugriff gesch\u00fctzt ist und Ihre wertvollen Gegenst\u00e4nde w\u00e4hrend der gesamten Reise sicher aufbewahrt werden.<\/p>\n<h3>Individuelle Anpassung an Ihre Bed\u00fcrfnisse<\/h3>\n<p>Wir wissen, dass unterschiedliche Koffer unterschiedliche Anforderungen haben. Deshalb bietet SX eine Reihe von Anpassungsm\u00f6glichkeiten f\u00fcr unsere Flight Case-Schl\u00f6sser. Ganz gleich, ob Sie bestimmte Schlossformen, Oberfl\u00e4chen oder andere Modifikationen ben\u00f6tigen, wir k\u00f6nnen unsere Schl\u00f6sser genau auf Ihre Bed\u00fcrfnisse zuschneiden. Unser kundenspezifischer Service gew\u00e4hrleistet, dass Sie ein Produkt erhalten, das nicht nur Sicherheit bietet, sondern auch die \u00c4sthetik Ihrer Ausr\u00fcstung erg\u00e4nzt.<\/p>\n<h3>Erschwingliche Sicherheitsl\u00f6sungen<\/h3>\n<p>Wenn Sie sich f\u00fcr SX entscheiden, entscheiden Sie sich f\u00fcr erschwingliche Sicherheit ohne Qualit\u00e4tseinbu\u00dfen. Unser Direktvertriebsmodell gew\u00e4hrleistet wettbewerbsf\u00e4hige Preise und macht unsere Flight Case Locks zu einer wirtschaftlichen Wahl f\u00fcr den Schutz Ihrer Ausr\u00fcstung. Wir sind der Meinung, dass hochwertige Sicherheit f\u00fcr jedermann erschwinglich sein sollte, weshalb wir einige der besten Preise auf dem Markt anbieten.<\/p>\n<h3>Vielseitige L\u00f6sungen f\u00fcr die Verriegelung<\/h3>\n<p>SX Flight Case Locks sind vielseitig und f\u00fcr eine Vielzahl von Anwendungen geeignet. Sie sind ideal f\u00fcr die Sicherung von Musikinstrumenten, elektronischen Ger\u00e4ten und empfindlichen Werkzeugen. Egal, ob Sie als Musiker, Veranstaltungsprofi oder Techniker auf Tournee sind, unsere Schl\u00f6sser bieten die zuverl\u00e4ssige Sicherheit, die Sie brauchen, um sich keine Sorgen zu machen.<\/p>\n<h3>Warum SX w\u00e4hlen?<\/h3>\n<p>Mit SX entscheiden Sie sich f\u00fcr eine Marke, die Wert auf Qualit\u00e4t, Erschwinglichkeit und Kundenzufriedenheit legt. Unsere Flight Case Locks bieten zuverl\u00e4ssige Sicherheit mit den zus\u00e4tzlichen Vorteilen von Direktpreisen und individuellen Anpassungsm\u00f6glichkeiten. SX ist Ihre erste Wahl, wenn es um hochwertige und kosteng\u00fcnstige Schlie\u00dfl\u00f6sungen geht.<\/p>\n<h3>Kontaktieren Sie uns noch heute<\/h3>\n<p>Sichern Sie Ihre Ausr\u00fcstung mit SX Flight Case Lock. Wenden Sie sich noch heute an uns, um unser Angebot an Schlie\u00dfl\u00f6sungen kennenzulernen und das perfekte Schloss f\u00fcr Ihre Bed\u00fcrfnisse zu finden. Unser Expertenteam ber\u00e4t Sie gerne bei der Auswahl der besten Optionen f\u00fcr die Sicherheit Ihrer Ausr\u00fcstung. Vertrauen Sie auf SX, wenn es um sichere, zuverl\u00e4ssige und erschwingliche Schlossl\u00f6sungen geht.<\/p>\n<p>Jetzt kontaktieren:<span style=\"color: #0000ff;\"><a style=\"color: #0000ff;\" href=\"https:\/\/sxpowercase.com\/contact-us\/\">https:\/\/sxpowercase.com\/<\/a><\/span><\/p>\n<p>Hardware-Produktkatalog:<span style=\"color: #3366ff;\"><a style=\"color: #3366ff;\" href=\"https:\/\/sxpowercase.com\/wp-content\/uploads\/2024\/07\/\u4e94\u91d1.pdf\">Hardware-Zubeh\u00f6rkatalog<\/a><\/span><\/p>","protected":false},"excerpt":{"rendered":"<div class=\"flex-shrink-0 flex flex-col relative items-end\">\n<div>\n<div class=\"pt-0\">\n<div class=\"gizmo-bot-avatar flex h-8 w-8 items-center justify-center overflow-hidden rounded-full\">\n<div class=\"relative p-1 rounded-sm flex items-center justify-center bg-token-main-surface-primary text-token-text-primary h-8 w-8\"><\/div>\n<\/div>\n<\/div>\n<\/div>\n<\/div>\n<div class=\"group\/conversation-turn relative flex w-full min-w-0 flex-col agent-turn\">\n<div class=\"flex-col gap-1 md:gap-3\">\n<div class=\"flex flex-grow flex-col max-w-full\">\n<div class=\"min-h-[20px] text-message flex w-full flex-col items-end gap-2 whitespace-pre-wrap break-words [.text-message+&amp;]:mt-5 overflow-x-auto\" dir=\"auto\" data-message-author-role=\"assistant\" data-message-id=\"f2bd0781-0ac1-40b4-8361-25f7ecc8518d\">\n<div class=\"flex w-full flex-col gap-1 empty:hidden first:pt-[3px]\">\n<div class=\"markdown prose w-full break-words dark:prose-invert light\">\n<h3>Ultimate Security with SX Flight Case Locks<\/h3>\n<p>Protect your valuable equipment with SX Flight Case Locks, designed to prevent unauthorised access. Our locks ensure peace of mind during transport with robust and reliable security.<\/p>\n<h3>Affordable, High-Quality Locks<\/h3>\n<p>Enjoy top-quality SX Flight Case Locks at competitive prices through factory-direct sales. We provide exceptional value without compromising on quality, passing savings directly to you.<\/p>\n<h3>Easy Installation and Customisation<\/h3>\n<p>SX Flight Case Locks are easy to install and offer customisation options to fit your specific needs. Secure your equipment effortlessly with strong, user-friendly locks that look professional.<\/p>\n<\/div>\n<\/div>\n<\/div>\n<\/div>\n<\/div>\n<\/div>\n","protected":false},"featured_media":3781,"comment_status":"open","ping_status":"closed","template":"","meta":[],"product_brand":[],"product_cat":[61],"product_tag":[],"class_list":{"0":"post-3886","1":"product","2":"type-product","3":"status-publish","4":"has-post-thumbnail","6":"product_cat-catchother-locks","8":"first","9":"instock","10":"shipping-taxable","11":"product-type-simple"},"yoast_head":"<!-- This site is optimized with the Yoast SEO Premium plugin v27.1 (Yoast SEO v27.2) - https:\/\/yoast.com\/product\/yoast-seo-premium-wordpress\/ -->\n<title>Flight Case Locks LOA208 - https:\/\/sxflightcase.com \ud83d\udc97<\/title>\n<meta name=\"description\" content=\"Flight case locks, factory direct! High-quality, secure locking solutions for protecting your equipment during transport. Ideal for professionals and industry use.\" \/>\n<meta name=\"robots\" content=\"index, follow, max-snippet:-1, max-image-preview:large, max-video-preview:-1\" \/>\n<link rel=\"canonical\" href=\"https:\/\/sxflightcase.com\/de\/product\/flightcase-sloten-loa208\/\" \/>\n<meta property=\"og:locale\" content=\"de_DE\" \/>\n<meta property=\"og:type\" content=\"article\" \/>\n<meta property=\"og:title\" content=\"Flight Case Locks LOA208\" \/>\n<meta property=\"og:description\" content=\"Flight case locks, factory direct! High-quality, secure locking solutions for protecting your equipment during transport. Ideal for professionals and industry use.\" \/>\n<meta property=\"og:url\" content=\"https:\/\/sxflightcase.com\/de\/product\/flightcase-sloten-loa208\/\" \/>\n<meta property=\"og:site_name\" content=\"https:\/\/sxflightcase.com\" \/>\n<meta property=\"article:publisher\" content=\"https:\/\/www.facebook.com\/profile.php?id=61560407257971\" \/>\n<meta property=\"article:modified_time\" content=\"2024-07-30T08:17:21+00:00\" \/>\n<meta property=\"og:image\" content=\"https:\/\/sxflightcase.com\/wp-content\/uploads\/2024\/07\/LOA208.jpg\" \/>\n\t<meta property=\"og:image:width\" content=\"520\" \/>\n\t<meta property=\"og:image:height\" content=\"406\" \/>\n\t<meta property=\"og:image:type\" content=\"image\/jpeg\" \/>\n<meta name=\"twitter:card\" content=\"summary_large_image\" \/>\n<meta name=\"twitter:label1\" content=\"Gesch\u00e4tzte Lesezeit\" \/>\n\t<meta name=\"twitter:data1\" content=\"3\u00a0Minuten\" \/>\n<script type=\"application\/ld+json\" class=\"yoast-schema-graph\">{\"@context\":\"https:\/\/schema.org\",\"@graph\":[{\"@type\":\"WebPage\",\"@id\":\"https:\/\/sxflightcase.com\/nl\/product\/flightcase-sloten-loa208\/\",\"url\":\"https:\/\/sxflightcase.com\/nl\/product\/flightcase-sloten-loa208\/\",\"name\":\"Flight Case Locks LOA208 - https:\/\/sxflightcase.com \ud83d\udc97\",\"isPartOf\":{\"@id\":\"https:\/\/sxflightcase.com\/th\/#website\"},\"primaryImageOfPage\":{\"@id\":\"https:\/\/sxflightcase.com\/nl\/product\/flightcase-sloten-loa208\/#primaryimage\"},\"image\":{\"@id\":\"https:\/\/sxflightcase.com\/nl\/product\/flightcase-sloten-loa208\/#primaryimage\"},\"thumbnailUrl\":\"https:\/\/sxflightcase.com\/wp-content\/uploads\/2024\/07\/LOA208.jpg\",\"datePublished\":\"2024-07-30T08:17:20+00:00\",\"dateModified\":\"2024-07-30T08:17:21+00:00\",\"description\":\"Flight case locks, factory direct! High-quality, secure locking solutions for protecting your equipment during transport. Ideal for professionals and industry use.\",\"breadcrumb\":{\"@id\":\"https:\/\/sxflightcase.com\/nl\/product\/flightcase-sloten-loa208\/#breadcrumb\"},\"inLanguage\":\"de\",\"potentialAction\":[{\"@type\":\"ReadAction\",\"target\":[\"https:\/\/sxflightcase.com\/nl\/product\/flightcase-sloten-loa208\/\"]}]},{\"@type\":\"ImageObject\",\"inLanguage\":\"de\",\"@id\":\"https:\/\/sxflightcase.com\/nl\/product\/flightcase-sloten-loa208\/#primaryimage\",\"url\":\"https:\/\/sxflightcase.com\/wp-content\/uploads\/2024\/07\/LOA208.jpg\",\"contentUrl\":\"https:\/\/sxflightcase.com\/wp-content\/uploads\/2024\/07\/LOA208.jpg\",\"width\":520,\"height\":406,\"caption\":\"Flight Case Locks\"},{\"@type\":\"BreadcrumbList\",\"@id\":\"https:\/\/sxflightcase.com\/nl\/product\/flightcase-sloten-loa208\/#breadcrumb\",\"itemListElement\":[{\"@type\":\"ListItem\",\"position\":1,\"name\":\"Home\",\"item\":\"https:\/\/sxflightcase.com\/\"},{\"@type\":\"ListItem\",\"position\":2,\"name\":\"\u0e2a\u0e34\u0e19\u0e04\u0e49\u0e32\",\"item\":\"https:\/\/sxflightcase.com\/th\/shop\/\"},{\"@type\":\"ListItem\",\"position\":3,\"name\":\"Flight Case Locks LOA208\"}]},{\"@type\":\"WebSite\",\"@id\":\"https:\/\/sxflightcase.com\/th\/#website\",\"url\":\"https:\/\/sxflightcase.com\/th\/\",\"name\":\"sxpowercase.com\",\"description\":\"Flight Case Factory\",\"publisher\":{\"@id\":\"https:\/\/sxflightcase.com\/th\/#organization\"},\"potentialAction\":[{\"@type\":\"SearchAction\",\"target\":{\"@type\":\"EntryPoint\",\"urlTemplate\":\"https:\/\/sxflightcase.com\/th\/?s={search_term_string}\"},\"query-input\":{\"@type\":\"PropertyValueSpecification\",\"valueRequired\":true,\"valueName\":\"search_term_string\"}}],\"inLanguage\":\"de\"},{\"@type\":\"Organization\",\"@id\":\"https:\/\/sxflightcase.com\/th\/#organization\",\"name\":\"sxpowercase.com\",\"url\":\"https:\/\/sxflightcase.com\/th\/\",\"logo\":{\"@type\":\"ImageObject\",\"inLanguage\":\"de\",\"@id\":\"https:\/\/sxflightcase.com\/th\/#\/schema\/logo\/image\/\",\"url\":\"https:\/\/sxflightcase.com\/wp-content\/uploads\/2024\/04\/1713919036007.jpg\",\"contentUrl\":\"https:\/\/sxflightcase.com\/wp-content\/uploads\/2024\/04\/1713919036007.jpg\",\"width\":382,\"height\":388,\"caption\":\"sxpowercase.com\"},\"image\":{\"@id\":\"https:\/\/sxflightcase.com\/th\/#\/schema\/logo\/image\/\"},\"sameAs\":[\"https:\/\/www.facebook.com\/profile.php?id=61560407257971\"],\"numberOfEmployees\":{\"@type\":\"QuantitativeValue\",\"minValue\":\"11\",\"maxValue\":\"50\"}}]}<\/script>\n<!-- \/ Yoast SEO Premium plugin. -->","yoast_head_json":{"title":"Flight Case Locks LOA208 - https:\/\/sxflightcase.com \ud83d\udc97","description":"Flightcase-Schl\u00f6sser, direkt ab Werk! Hochwertige, sichere Verschlussl\u00f6sungen zum Schutz Ihrer Ausr\u00fcstung beim Transport. Ideal f\u00fcr den professionellen und industriellen Einsatz.","robots":{"index":"index","follow":"follow","max-snippet":"max-snippet:-1","max-image-preview":"max-image-preview:large","max-video-preview":"max-video-preview:-1"},"canonical":"https:\/\/sxflightcase.com\/de\/product\/flightcase-sloten-loa208\/","og_locale":"de_DE","og_type":"article","og_title":"Flight Case Locks LOA208","og_description":"Flight case locks, factory direct! High-quality, secure locking solutions for protecting your equipment during transport. Ideal for professionals and industry use.","og_url":"https:\/\/sxflightcase.com\/de\/product\/flightcase-sloten-loa208\/","og_site_name":"https:\/\/sxflightcase.com","article_publisher":"https:\/\/www.facebook.com\/profile.php?id=61560407257971","article_modified_time":"2024-07-30T08:17:21+00:00","og_image":[{"width":520,"height":406,"url":"https:\/\/sxflightcase.com\/wp-content\/uploads\/2024\/07\/LOA208.jpg","type":"image\/jpeg"}],"twitter_card":"summary_large_image","twitter_misc":{"Gesch\u00e4tzte Lesezeit":"3\u00a0Minuten"},"schema":{"@context":"https:\/\/schema.org","@graph":[{"@type":"WebPage","@id":"https:\/\/sxflightcase.com\/nl\/product\/flightcase-sloten-loa208\/","url":"https:\/\/sxflightcase.com\/nl\/product\/flightcase-sloten-loa208\/","name":"Flight Case Locks LOA208 - https:\/\/sxflightcase.com \ud83d\udc97","isPartOf":{"@id":"https:\/\/sxflightcase.com\/th\/#website"},"primaryImageOfPage":{"@id":"https:\/\/sxflightcase.com\/nl\/product\/flightcase-sloten-loa208\/#primaryimage"},"image":{"@id":"https:\/\/sxflightcase.com\/nl\/product\/flightcase-sloten-loa208\/#primaryimage"},"thumbnailUrl":"https:\/\/sxflightcase.com\/wp-content\/uploads\/2024\/07\/LOA208.jpg","datePublished":"2024-07-30T08:17:20+00:00","dateModified":"2024-07-30T08:17:21+00:00","description":"Flightcase-Schl\u00f6sser, direkt ab Werk! Hochwertige, sichere Verschlussl\u00f6sungen zum Schutz Ihrer Ausr\u00fcstung beim Transport. Ideal f\u00fcr den professionellen und industriellen Einsatz.","breadcrumb":{"@id":"https:\/\/sxflightcase.com\/nl\/product\/flightcase-sloten-loa208\/#breadcrumb"},"inLanguage":"de","potentialAction":[{"@type":"ReadAction","target":["https:\/\/sxflightcase.com\/nl\/product\/flightcase-sloten-loa208\/"]}]},{"@type":"ImageObject","inLanguage":"de","@id":"https:\/\/sxflightcase.com\/nl\/product\/flightcase-sloten-loa208\/#primaryimage","url":"https:\/\/sxflightcase.com\/wp-content\/uploads\/2024\/07\/LOA208.jpg","contentUrl":"https:\/\/sxflightcase.com\/wp-content\/uploads\/2024\/07\/LOA208.jpg","width":520,"height":406,"caption":"Flight Case Locks"},{"@type":"BreadcrumbList","@id":"https:\/\/sxflightcase.com\/nl\/product\/flightcase-sloten-loa208\/#breadcrumb","itemListElement":[{"@type":"ListItem","position":1,"name":"Home","item":"https:\/\/sxflightcase.com\/"},{"@type":"ListItem","position":2,"name":"\u0e2a\u0e34\u0e19\u0e04\u0e49\u0e32","item":"https:\/\/sxflightcase.com\/th\/shop\/"},{"@type":"ListItem","position":3,"name":"Flight Case Locks LOA208"}]},{"@type":"WebSite","@id":"https:\/\/sxflightcase.com\/th\/#website","url":"https:\/\/sxflightcase.com\/th\/","name":"www.sxpowercase.com","description":"Flight Case Fabrik","publisher":{"@id":"https:\/\/sxflightcase.com\/th\/#organization"},"potentialAction":[{"@type":"SearchAction","target":{"@type":"EntryPoint","urlTemplate":"https:\/\/sxflightcase.com\/th\/?s={search_term_string}"},"query-input":{"@type":"PropertyValueSpecification","valueRequired":true,"valueName":"search_term_string"}}],"inLanguage":"de"},{"@type":"Organization","@id":"https:\/\/sxflightcase.com\/th\/#organization","name":"www.sxpowercase.com","url":"https:\/\/sxflightcase.com\/th\/","logo":{"@type":"ImageObject","inLanguage":"de","@id":"https:\/\/sxflightcase.com\/th\/#\/schema\/logo\/image\/","url":"https:\/\/sxflightcase.com\/wp-content\/uploads\/2024\/04\/1713919036007.jpg","contentUrl":"https:\/\/sxflightcase.com\/wp-content\/uploads\/2024\/04\/1713919036007.jpg","width":382,"height":388,"caption":"sxpowercase.com"},"image":{"@id":"https:\/\/sxflightcase.com\/th\/#\/schema\/logo\/image\/"},"sameAs":["https:\/\/www.facebook.com\/profile.php?id=61560407257971"],"numberOfEmployees":{"@type":"QuantitativeValue","minValue":"11","maxValue":"50"}}]}},"_links":{"self":[{"href":"https:\/\/sxflightcase.com\/de\/wp-json\/wp\/v2\/product\/3886","targetHints":{"allow":["GET"]}}],"collection":[{"href":"https:\/\/sxflightcase.com\/de\/wp-json\/wp\/v2\/product"}],"about":[{"href":"https:\/\/sxflightcase.com\/de\/wp-json\/wp\/v2\/types\/product"}],"replies":[{"embeddable":true,"href":"https:\/\/sxflightcase.com\/de\/wp-json\/wp\/v2\/comments?post=3886"}],"version-history":[{"count":0,"href":"https:\/\/sxflightcase.com\/de\/wp-json\/wp\/v2\/product\/3886\/revisions"}],"wp:featuredmedia":[{"embeddable":true,"href":"https:\/\/sxflightcase.com\/de\/wp-json\/wp\/v2\/media\/3781"}],"wp:attachment":[{"href":"https:\/\/sxflightcase.com\/de\/wp-json\/wp\/v2\/media?parent=3886"}],"wp:term":[{"taxonomy":"product_brand","embeddable":true,"href":"https:\/\/sxflightcase.com\/de\/wp-json\/wp\/v2\/product_brand?post=3886"},{"taxonomy":"product_cat","embeddable":true,"href":"https:\/\/sxflightcase.com\/de\/wp-json\/wp\/v2\/product_cat?post=3886"},{"taxonomy":"product_tag","embeddable":true,"href":"https:\/\/sxflightcase.com\/de\/wp-json\/wp\/v2\/product_tag?post=3886"}],"curies":[{"name":"wp","href":"https:\/\/api.w.org\/{rel}","templated":true}]}}