{"id":3897,"date":"2024-07-31T08:25:57","date_gmt":"2024-07-31T07:25:57","guid":{"rendered":"https:\/\/sxpowercase.com\/?post_type=product&#038;p=3897"},"modified":"2024-07-31T08:25:58","modified_gmt":"2024-07-31T07:25:58","slug":"flight-case-lock-loa209","status":"publish","type":"product","link":"https:\/\/sxflightcase.com\/de\/produkt\/flight-case-lock-loa209-2\/","title":{"rendered":"Flightcase-Schloss LOA209"},"content":{"rendered":"<h2>Sichern Sie Ihre Ausr\u00fcstung mit dem SX Flight Case Lock<\/h2>\n<h3>Zuverl\u00e4ssiger Schutz f\u00fcr Ihre Wertsachen<\/h3>\n<p>Wenn es um den Transport von wertvollem Equipment geht, hat Sicherheit oberste Priorit\u00e4t. Das SX Flight Case Lock bietet eine zuverl\u00e4ssige L\u00f6sung, um Ihre Ausr\u00fcstung vor unbefugtem Zugriff zu sch\u00fctzen. Diese einfach zu bedienenden Schl\u00f6sser bieten robuste Sicherheit f\u00fcr eine breite Palette von Flightcases und sorgen daf\u00fcr, dass Ihr Eigentum w\u00e4hrend des Transports gesch\u00fctzt ist.<\/p>\n<h3>Direkt ab Werk f\u00fcr Qualit\u00e4t und Erschwinglichkeit<\/h3>\n<p>Bei <a href=\"https:\/\/sxpowercase.com\/\" target=\"_blank\" rel=\"noopener\" title=\"SX\" data-wpil-monitor-id=\"610\">SX<\/a>Wir sind der Meinung, dass hochwertige Sicherheit f\u00fcr jedermann zug\u00e4nglich sein sollte. Aus diesem Grund bieten wir unsere Flight Case Locks im Direktvertrieb an. Auf diese Weise k\u00f6nnen wir eine strenge Qualit\u00e4tskontrolle durchf\u00fchren und gleichzeitig die Preise niedrig halten. Durch den Wegfall von Zwischenh\u00e4ndlern k\u00f6nnen wir unseren Kunden erstklassige Produkte zu erschwinglichen Preisen anbieten und sicherstellen, dass Sie den besten Gegenwert f\u00fcr Ihr Geld erhalten.<\/p>\n<h3>Langlebig mit Qualit\u00e4tssicherung<\/h3>\n<p>Unsere Flight-Case-Schl\u00f6sser sind aus langlebigen Materialien gefertigt, die eine lange Lebensdauer gew\u00e4hrleisten. Jedes Schloss wird strengen Tests unterzogen, um unsere Qualit\u00e4tssicherungsstandards zu erf\u00fcllen. Dieses Engagement f\u00fcr hervorragende Qualit\u00e4t bedeutet, dass Sie sich darauf verlassen k\u00f6nnen, dass die Schl\u00f6sser von SX Ihre Ausr\u00fcstung auf jeder Reise zuverl\u00e4ssig sichern. Egal, ob Sie als Musiker, Veranstaltungsprofi oder Techniker auf Tournee sind, unsere Schl\u00f6sser geben Ihnen die Sicherheit, die Sie brauchen.<\/p>\n<h3>Einfache Installation und Anpassung<\/h3>\n<p>SX Flight Case Locks sind nicht nur sicher, sondern auch benutzerfreundlich. Sie sind einfach zu installieren und damit eine praktische Wahl f\u00fcr einen schnellen und effektiven Schutz. Dar\u00fcber hinaus bieten wir Ihnen individuelle Anpassungsm\u00f6glichkeiten an Ihre speziellen Bed\u00fcrfnisse. Ganz gleich, ob Sie bestimmte Schlosstypen, Oberfl\u00e4chen oder Konfigurationen ben\u00f6tigen, unser kundenspezifischer Service kann die perfekte L\u00f6sung f\u00fcr Ihre Flightcases bieten.<\/p>\n<h3>Erschwingliche Sicherheitsl\u00f6sungen<\/h3>\n<p>Erschwinglichkeit ist der Schl\u00fcssel bei SX. Unser Direktvertriebsmodell erm\u00f6glicht es uns, unsere Flight Case Locks zu wettbewerbsf\u00e4higen Preisen anzubieten. Wir wissen, wie wichtig budgetfreundliche Optionen sind, insbesondere f\u00fcr Gesch\u00e4ftsleute, die zuverl\u00e4ssige Sicherheitsl\u00f6sungen ben\u00f6tigen, ohne das Budget zu sprengen. Bei SX erhalten Sie qualitativ hochwertige Schl\u00f6sser, die keine Kompromisse bei der Sicherheit oder den Kosten eingehen.<\/p>\n<h3>Vielseitig und verl\u00e4sslich<\/h3>\n<p>SX Flight Case Locks sind vielseitig und eignen sich f\u00fcr verschiedene Arten von Ger\u00e4ten und Koffern. Von Musikinstrumenten und Elektronik bis hin zu empfindlichen Werkzeugen und vielem mehr - unsere Schl\u00f6sser sind so konzipiert, dass sie ein breites Spektrum an Gegenst\u00e4nden sichern. Sie sind ein unverzichtbares Zubeh\u00f6r f\u00fcr alle, die ihre Ausr\u00fcstung vor Besch\u00e4digung oder Diebstahl w\u00e4hrend des Transports sch\u00fctzen m\u00f6chten.<\/p>\n<h3>Warum SX w\u00e4hlen?<\/h3>\n<p>Wer sich f\u00fcr SX entscheidet, entscheidet sich f\u00fcr Qualit\u00e4t, Zuverl\u00e4ssigkeit und Erschwinglichkeit. Unsere Flight Case-Schl\u00f6sser sind auf die Bed\u00fcrfnisse des Benutzers abgestimmt und bieten eine Mischung aus Sicherheit und Komfort. Mit unserer Verpflichtung zu Direktpreisen, Qualit\u00e4tssicherung und individueller Anpassung hebt sich SX als vertrauensw\u00fcrdige Marke in der Branche ab.<\/p>\n<h3>Kontaktieren Sie uns heute<\/h3>\n<p>Gehen Sie keine Kompromisse bei der Sicherheit Ihrer wertvollen Ausr\u00fcstung ein. Investieren Sie in SX Flight Case Locks f\u00fcr zuverl\u00e4ssigen Schutz zu einem unschlagbaren Preis. Wenden Sie sich noch heute an uns, um unser Angebot an Schlie\u00dfl\u00f6sungen kennenzulernen und das perfekte Schloss f\u00fcr Ihre Bed\u00fcrfnisse zu finden. Unser freundliches Team ber\u00e4t Sie gerne bei der Auswahl der besten Optionen zum Schutz Ihrer Ausr\u00fcstung. Vertrauen Sie auf SX, wenn es um die Sicherheit Ihrer Flightcases geht.<\/p>\n<p>Jetzt kontaktieren:<span style=\"color: #0000ff;\"><a style=\"color: #0000ff;\" href=\"https:\/\/sxpowercase.com\/contact-us\/\">https:\/\/sxpowercase.com\/<\/a><\/span><\/p>\n<p>Hardware-Produktkatalog:<span style=\"color: #3366ff;\"><a style=\"color: #3366ff;\" href=\"https:\/\/sxpowercase.com\/wp-content\/uploads\/2024\/07\/\u4e94\u91d1.pdf\">Hardware-Zubeh\u00f6rkatalog<\/a><\/span><\/p>","protected":false},"excerpt":{"rendered":"<div class=\"flex-shrink-0 flex flex-col relative items-end\">\n<div>\n<div class=\"pt-0\">\n<div class=\"gizmo-bot-avatar flex h-8 w-8 items-center justify-center overflow-hidden rounded-full\">\n<div class=\"relative p-1 rounded-sm flex items-center justify-center bg-token-main-surface-primary text-token-text-primary h-8 w-8\"><\/div>\n<\/div>\n<\/div>\n<\/div>\n<\/div>\n<div class=\"group\/conversation-turn relative flex w-full min-w-0 flex-col agent-turn\">\n<div class=\"flex-col gap-1 md:gap-3\">\n<div class=\"flex flex-grow flex-col max-w-full\">\n<div class=\"min-h-[20px] text-message flex w-full flex-col items-end gap-2 whitespace-pre-wrap break-words [.text-message+&amp;]:mt-5 overflow-x-auto\" dir=\"auto\" data-message-author-role=\"assistant\" data-message-id=\"f2bd0781-0ac1-40b4-8361-25f7ecc8518d\">\n<div class=\"flex w-full flex-col gap-1 empty:hidden first:pt-[3px]\">\n<div class=\"markdown prose w-full break-words dark:prose-invert light\">\n<h3>Ultimate Security with SX Flight Case Locks<\/h3>\n<p>Protect your valuable equipment with SX Flight Case Locks, designed to prevent unauthorised access. Our locks ensure peace of mind during transport with robust and reliable security.<\/p>\n<h3>Affordable, High-Quality Locks<\/h3>\n<p>Enjoy top-quality SX Flight Case Locks at competitive prices through factory-direct sales. We provide exceptional value without compromising on quality, passing savings directly to you.<\/p>\n<h3>Easy Installation and Customisation<\/h3>\n<p>SX Flight Case Locks are easy to install and offer customisation options to fit your specific needs. Secure your equipment effortlessly with strong, user-friendly locks that look professional.<\/p>\n<\/div>\n<\/div>\n<\/div>\n<\/div>\n<\/div>\n<\/div>\n","protected":false},"featured_media":3782,"comment_status":"open","ping_status":"closed","template":"","meta":[],"product_brand":[],"product_cat":[61],"product_tag":[],"class_list":{"0":"post-3897","1":"product","2":"type-product","3":"status-publish","4":"has-post-thumbnail","6":"product_cat-catchother-locks","8":"first","9":"instock","10":"shipping-taxable","11":"product-type-simple"},"yoast_head":"<!-- This site is optimized with the Yoast SEO Premium plugin v27.1 (Yoast SEO v27.2) - https:\/\/yoast.com\/product\/yoast-seo-premium-wordpress\/ -->\n<title>Flight Case Lock LOA209 - https:\/\/sxflightcase.com \ud83d\udc97<\/title>\n<meta name=\"description\" content=\"Flight case lock, factory direct! High-quality, secure locking solutions for protecting your equipment during transport. Ideal for professionals and industry use.\" \/>\n<meta name=\"robots\" content=\"index, follow, max-snippet:-1, max-image-preview:large, max-video-preview:-1\" \/>\n<link rel=\"canonical\" href=\"https:\/\/sxflightcase.com\/de\/urun\/ucus-cantasi-ki\u0307li\u0307di\u0307-loa209-2\/\" \/>\n<meta property=\"og:locale\" content=\"de_DE\" \/>\n<meta property=\"og:type\" content=\"article\" \/>\n<meta property=\"og:title\" content=\"Flight Case Lock LOA209\" \/>\n<meta property=\"og:description\" content=\"Flight case lock, factory direct! High-quality, secure locking solutions for protecting your equipment during transport. Ideal for professionals and industry use.\" \/>\n<meta property=\"og:url\" content=\"https:\/\/sxflightcase.com\/de\/urun\/ucus-cantasi-ki\u0307li\u0307di\u0307-loa209-2\/\" \/>\n<meta property=\"og:site_name\" content=\"https:\/\/sxflightcase.com\" \/>\n<meta property=\"article:publisher\" content=\"https:\/\/www.facebook.com\/profile.php?id=61560407257971\" \/>\n<meta property=\"article:modified_time\" content=\"2024-07-31T07:25:58+00:00\" \/>\n<meta property=\"og:image\" content=\"https:\/\/sxflightcase.com\/wp-content\/uploads\/2024\/07\/LOA209.jpg\" \/>\n\t<meta property=\"og:image:width\" content=\"520\" \/>\n\t<meta property=\"og:image:height\" content=\"458\" \/>\n\t<meta property=\"og:image:type\" content=\"image\/jpeg\" \/>\n<meta name=\"twitter:card\" content=\"summary_large_image\" \/>\n<meta name=\"twitter:label1\" content=\"Gesch\u00e4tzte Lesezeit\" \/>\n\t<meta name=\"twitter:data1\" content=\"3\u00a0Minuten\" \/>\n<script type=\"application\/ld+json\" class=\"yoast-schema-graph\">{\"@context\":\"https:\/\/schema.org\",\"@graph\":[{\"@type\":\"WebPage\",\"@id\":\"https:\/\/sxflightcase.com\/tr\/urun\/ucus-cantasi-ki\u0307li\u0307di\u0307-loa209-2\/\",\"url\":\"https:\/\/sxflightcase.com\/tr\/urun\/ucus-cantasi-ki\u0307li\u0307di\u0307-loa209-2\/\",\"name\":\"Flight Case Lock LOA209 - https:\/\/sxflightcase.com \ud83d\udc97\",\"isPartOf\":{\"@id\":\"https:\/\/sxflightcase.com\/th\/#website\"},\"primaryImageOfPage\":{\"@id\":\"https:\/\/sxflightcase.com\/tr\/urun\/ucus-cantasi-ki\u0307li\u0307di\u0307-loa209-2\/#primaryimage\"},\"image\":{\"@id\":\"https:\/\/sxflightcase.com\/tr\/urun\/ucus-cantasi-ki\u0307li\u0307di\u0307-loa209-2\/#primaryimage\"},\"thumbnailUrl\":\"https:\/\/sxflightcase.com\/wp-content\/uploads\/2024\/07\/LOA209.jpg\",\"datePublished\":\"2024-07-31T07:25:57+00:00\",\"dateModified\":\"2024-07-31T07:25:58+00:00\",\"description\":\"Flight case lock, factory direct! High-quality, secure locking solutions for protecting your equipment during transport. Ideal for professionals and industry use.\",\"breadcrumb\":{\"@id\":\"https:\/\/sxflightcase.com\/tr\/urun\/ucus-cantasi-ki\u0307li\u0307di\u0307-loa209-2\/#breadcrumb\"},\"inLanguage\":\"de\",\"potentialAction\":[{\"@type\":\"ReadAction\",\"target\":[\"https:\/\/sxflightcase.com\/tr\/urun\/ucus-cantasi-ki\u0307li\u0307di\u0307-loa209-2\/\"]}]},{\"@type\":\"ImageObject\",\"inLanguage\":\"de\",\"@id\":\"https:\/\/sxflightcase.com\/tr\/urun\/ucus-cantasi-ki\u0307li\u0307di\u0307-loa209-2\/#primaryimage\",\"url\":\"https:\/\/sxflightcase.com\/wp-content\/uploads\/2024\/07\/LOA209.jpg\",\"contentUrl\":\"https:\/\/sxflightcase.com\/wp-content\/uploads\/2024\/07\/LOA209.jpg\",\"width\":520,\"height\":458,\"caption\":\"Flight Case Lock\"},{\"@type\":\"BreadcrumbList\",\"@id\":\"https:\/\/sxflightcase.com\/tr\/urun\/ucus-cantasi-ki\u0307li\u0307di\u0307-loa209-2\/#breadcrumb\",\"itemListElement\":[{\"@type\":\"ListItem\",\"position\":1,\"name\":\"Home\",\"item\":\"https:\/\/sxflightcase.com\/\"},{\"@type\":\"ListItem\",\"position\":2,\"name\":\"\u0e2a\u0e34\u0e19\u0e04\u0e49\u0e32\",\"item\":\"https:\/\/sxflightcase.com\/th\/shop\/\"},{\"@type\":\"ListItem\",\"position\":3,\"name\":\"Flight Case Lock LOA209\"}]},{\"@type\":\"WebSite\",\"@id\":\"https:\/\/sxflightcase.com\/th\/#website\",\"url\":\"https:\/\/sxflightcase.com\/th\/\",\"name\":\"sxpowercase.com\",\"description\":\"Flight Case Factory\",\"publisher\":{\"@id\":\"https:\/\/sxflightcase.com\/th\/#organization\"},\"potentialAction\":[{\"@type\":\"SearchAction\",\"target\":{\"@type\":\"EntryPoint\",\"urlTemplate\":\"https:\/\/sxflightcase.com\/th\/?s={search_term_string}\"},\"query-input\":{\"@type\":\"PropertyValueSpecification\",\"valueRequired\":true,\"valueName\":\"search_term_string\"}}],\"inLanguage\":\"de\"},{\"@type\":\"Organization\",\"@id\":\"https:\/\/sxflightcase.com\/th\/#organization\",\"name\":\"sxpowercase.com\",\"url\":\"https:\/\/sxflightcase.com\/th\/\",\"logo\":{\"@type\":\"ImageObject\",\"inLanguage\":\"de\",\"@id\":\"https:\/\/sxflightcase.com\/th\/#\/schema\/logo\/image\/\",\"url\":\"https:\/\/sxflightcase.com\/wp-content\/uploads\/2024\/04\/1713919036007.jpg\",\"contentUrl\":\"https:\/\/sxflightcase.com\/wp-content\/uploads\/2024\/04\/1713919036007.jpg\",\"width\":382,\"height\":388,\"caption\":\"sxpowercase.com\"},\"image\":{\"@id\":\"https:\/\/sxflightcase.com\/th\/#\/schema\/logo\/image\/\"},\"sameAs\":[\"https:\/\/www.facebook.com\/profile.php?id=61560407257971\"],\"numberOfEmployees\":{\"@type\":\"QuantitativeValue\",\"minValue\":\"11\",\"maxValue\":\"50\"}}]}<\/script>\n<!-- \/ Yoast SEO Premium plugin. -->","yoast_head_json":{"title":"Flight Case Lock LOA209 - https:\/\/sxflightcase.com \ud83d\udc97","description":"Flightcase-Schloss, direkt ab Werk! Hochwertige, sichere Verschlussl\u00f6sungen zum Schutz Ihrer Ausr\u00fcstung beim Transport. Ideal f\u00fcr den professionellen und industriellen Einsatz.","robots":{"index":"index","follow":"follow","max-snippet":"max-snippet:-1","max-image-preview":"max-image-preview:large","max-video-preview":"max-video-preview:-1"},"canonical":"https:\/\/sxflightcase.com\/de\/urun\/ucus-cantasi-ki\u0307li\u0307di\u0307-loa209-2\/","og_locale":"de_DE","og_type":"article","og_title":"Flight Case Lock LOA209","og_description":"Flight case lock, factory direct! High-quality, secure locking solutions for protecting your equipment during transport. Ideal for professionals and industry use.","og_url":"https:\/\/sxflightcase.com\/de\/urun\/ucus-cantasi-ki\u0307li\u0307di\u0307-loa209-2\/","og_site_name":"https:\/\/sxflightcase.com","article_publisher":"https:\/\/www.facebook.com\/profile.php?id=61560407257971","article_modified_time":"2024-07-31T07:25:58+00:00","og_image":[{"width":520,"height":458,"url":"https:\/\/sxflightcase.com\/wp-content\/uploads\/2024\/07\/LOA209.jpg","type":"image\/jpeg"}],"twitter_card":"summary_large_image","twitter_misc":{"Gesch\u00e4tzte Lesezeit":"3\u00a0Minuten"},"schema":{"@context":"https:\/\/schema.org","@graph":[{"@type":"WebPage","@id":"https:\/\/sxflightcase.com\/tr\/urun\/ucus-cantasi-ki\u0307li\u0307di\u0307-loa209-2\/","url":"https:\/\/sxflightcase.com\/tr\/urun\/ucus-cantasi-ki\u0307li\u0307di\u0307-loa209-2\/","name":"Flight Case Lock LOA209 - https:\/\/sxflightcase.com \ud83d\udc97","isPartOf":{"@id":"https:\/\/sxflightcase.com\/th\/#website"},"primaryImageOfPage":{"@id":"https:\/\/sxflightcase.com\/tr\/urun\/ucus-cantasi-ki\u0307li\u0307di\u0307-loa209-2\/#primaryimage"},"image":{"@id":"https:\/\/sxflightcase.com\/tr\/urun\/ucus-cantasi-ki\u0307li\u0307di\u0307-loa209-2\/#primaryimage"},"thumbnailUrl":"https:\/\/sxflightcase.com\/wp-content\/uploads\/2024\/07\/LOA209.jpg","datePublished":"2024-07-31T07:25:57+00:00","dateModified":"2024-07-31T07:25:58+00:00","description":"Flightcase-Schloss, direkt ab Werk! Hochwertige, sichere Verschlussl\u00f6sungen zum Schutz Ihrer Ausr\u00fcstung beim Transport. Ideal f\u00fcr den professionellen und industriellen Einsatz.","breadcrumb":{"@id":"https:\/\/sxflightcase.com\/tr\/urun\/ucus-cantasi-ki\u0307li\u0307di\u0307-loa209-2\/#breadcrumb"},"inLanguage":"de","potentialAction":[{"@type":"ReadAction","target":["https:\/\/sxflightcase.com\/tr\/urun\/ucus-cantasi-ki\u0307li\u0307di\u0307-loa209-2\/"]}]},{"@type":"ImageObject","inLanguage":"de","@id":"https:\/\/sxflightcase.com\/tr\/urun\/ucus-cantasi-ki\u0307li\u0307di\u0307-loa209-2\/#primaryimage","url":"https:\/\/sxflightcase.com\/wp-content\/uploads\/2024\/07\/LOA209.jpg","contentUrl":"https:\/\/sxflightcase.com\/wp-content\/uploads\/2024\/07\/LOA209.jpg","width":520,"height":458,"caption":"Flight Case Lock"},{"@type":"BreadcrumbList","@id":"https:\/\/sxflightcase.com\/tr\/urun\/ucus-cantasi-ki\u0307li\u0307di\u0307-loa209-2\/#breadcrumb","itemListElement":[{"@type":"ListItem","position":1,"name":"Home","item":"https:\/\/sxflightcase.com\/"},{"@type":"ListItem","position":2,"name":"\u0e2a\u0e34\u0e19\u0e04\u0e49\u0e32","item":"https:\/\/sxflightcase.com\/th\/shop\/"},{"@type":"ListItem","position":3,"name":"Flight Case Lock LOA209"}]},{"@type":"WebSite","@id":"https:\/\/sxflightcase.com\/th\/#website","url":"https:\/\/sxflightcase.com\/th\/","name":"www.sxpowercase.com","description":"Flight Case Fabrik","publisher":{"@id":"https:\/\/sxflightcase.com\/th\/#organization"},"potentialAction":[{"@type":"SearchAction","target":{"@type":"EntryPoint","urlTemplate":"https:\/\/sxflightcase.com\/th\/?s={search_term_string}"},"query-input":{"@type":"PropertyValueSpecification","valueRequired":true,"valueName":"search_term_string"}}],"inLanguage":"de"},{"@type":"Organization","@id":"https:\/\/sxflightcase.com\/th\/#organization","name":"www.sxpowercase.com","url":"https:\/\/sxflightcase.com\/th\/","logo":{"@type":"ImageObject","inLanguage":"de","@id":"https:\/\/sxflightcase.com\/th\/#\/schema\/logo\/image\/","url":"https:\/\/sxflightcase.com\/wp-content\/uploads\/2024\/04\/1713919036007.jpg","contentUrl":"https:\/\/sxflightcase.com\/wp-content\/uploads\/2024\/04\/1713919036007.jpg","width":382,"height":388,"caption":"sxpowercase.com"},"image":{"@id":"https:\/\/sxflightcase.com\/th\/#\/schema\/logo\/image\/"},"sameAs":["https:\/\/www.facebook.com\/profile.php?id=61560407257971"],"numberOfEmployees":{"@type":"QuantitativeValue","minValue":"11","maxValue":"50"}}]}},"_links":{"self":[{"href":"https:\/\/sxflightcase.com\/de\/wp-json\/wp\/v2\/product\/3897","targetHints":{"allow":["GET"]}}],"collection":[{"href":"https:\/\/sxflightcase.com\/de\/wp-json\/wp\/v2\/product"}],"about":[{"href":"https:\/\/sxflightcase.com\/de\/wp-json\/wp\/v2\/types\/product"}],"replies":[{"embeddable":true,"href":"https:\/\/sxflightcase.com\/de\/wp-json\/wp\/v2\/comments?post=3897"}],"version-history":[{"count":0,"href":"https:\/\/sxflightcase.com\/de\/wp-json\/wp\/v2\/product\/3897\/revisions"}],"wp:featuredmedia":[{"embeddable":true,"href":"https:\/\/sxflightcase.com\/de\/wp-json\/wp\/v2\/media\/3782"}],"wp:attachment":[{"href":"https:\/\/sxflightcase.com\/de\/wp-json\/wp\/v2\/media?parent=3897"}],"wp:term":[{"taxonomy":"product_brand","embeddable":true,"href":"https:\/\/sxflightcase.com\/de\/wp-json\/wp\/v2\/product_brand?post=3897"},{"taxonomy":"product_cat","embeddable":true,"href":"https:\/\/sxflightcase.com\/de\/wp-json\/wp\/v2\/product_cat?post=3897"},{"taxonomy":"product_tag","embeddable":true,"href":"https:\/\/sxflightcase.com\/de\/wp-json\/wp\/v2\/product_tag?post=3897"}],"curies":[{"name":"wp","href":"https:\/\/api.w.org\/{rel}","templated":true}]}}