{"id":3899,"date":"2024-07-31T08:39:57","date_gmt":"2024-07-31T07:39:57","guid":{"rendered":"https:\/\/sxpowercase.com\/?post_type=product&#038;p=3899"},"modified":"2024-07-31T08:39:58","modified_gmt":"2024-07-31T07:39:58","slug":"recessed-latch-loa211","status":"publish","type":"product","link":"https:\/\/sxflightcase.com\/de\/produkt\/versenkter-riegel-loa211-2\/","title":{"rendered":"Versenkter Riegel LOA211"},"content":{"rendered":"<h2>Sichern Sie Ihre Ausr\u00fcstung mit dem versenkten SX-Riegel<\/h2>\n<h3>Hochwertige Verriegelungsl\u00f6sungen<\/h3>\n<p>Wenn es um den Schutz Ihrer wertvollen Ausr\u00fcstung geht, ist ein zuverl\u00e4ssiges Schloss unerl\u00e4sslich. SX bietet erstklassige <strong>Versenkter Riegel<\/strong>\u00a0entwickelt, um sichere und praktische Verschl\u00fcsse f\u00fcr Koffer und Geh\u00e4use zu bieten. Unsere Verschl\u00fcsse sind ideal f\u00fcr eine Vielzahl von Anwendungen und sorgen daf\u00fcr, dass Ihre Ausr\u00fcstung jederzeit sicher und gesch\u00fctzt bleibt.<\/p>\n<h3>Direktverkauf ab Werk f\u00fcr unschlagbare Preise<\/h3>\n<p>Bei <a href=\"https:\/\/sxpowercase.com\/\" target=\"_blank\" rel=\"noopener\" title=\"SX\" data-wpil-monitor-id=\"612\">SX<\/a>glauben wir daran, dass wir hochwertige Produkte zu niedrigen Preisen anbieten k\u00f6nnen. Durch den Direktverkauf ab Werk vermeiden wir unn\u00f6tige Aufschl\u00e4ge und geben die Einsparungen direkt an unsere Kunden weiter. Unser <strong>Versenkte Verschl\u00fcsse<\/strong> sind nicht nur erschwinglich, sondern werden auch mit Pr\u00e4zision nach strengen Qualit\u00e4tsstandards gefertigt. Sie erhalten das Beste aus beiden Welten: erstklassige Qualit\u00e4t zu einem wettbewerbsf\u00e4higen Preis.<\/p>\n<h3>Langlebigkeit, der Sie vertrauen k\u00f6nnen<\/h3>\n<p>Die SX-Einbauschl\u00f6sser sind aus langlebigen Materialien gefertigt, die den Strapazen des h\u00e4ufigen Gebrauchs standhalten. Ganz gleich, ob Sie Koffer, Werkzeugk\u00e4sten oder Flightcases sichern, unsere Riegel bieten einen zuverl\u00e4ssigen Verschlussmechanismus, auf den Sie sich verlassen k\u00f6nnen. Wir legen gro\u00dfen Wert auf Qualit\u00e4tssicherung und stellen sicher, dass jedes Schloss unseren strengen Standards entspricht, bevor es in Ihre H\u00e4nde gelangt.<\/p>\n<h3>Kosteng\u00fcnstig und individuell anpassbar<\/h3>\n<p>Wir bei SX wissen, dass unterschiedliche Projekte unterschiedliche L\u00f6sungen erfordern. Deshalb bieten wir Anpassungsm\u00f6glichkeiten f\u00fcr unsere <strong>Versenkte Verschl\u00fcsse<\/strong>. Ganz gleich, ob Sie eine bestimmte Gr\u00f6\u00dfe, Ausf\u00fchrung oder ein bestimmtes Design ben\u00f6tigen, wir k\u00f6nnen unsere Produkte an Ihre Bed\u00fcrfnisse anpassen. Trotz der M\u00f6glichkeit der individuellen Anpassung halten wir unsere Preise niedrig, so dass unsere Verschl\u00fcsse f\u00fcr jedes Budget eine kosteng\u00fcnstige Wahl sind.<\/p>\n<h3>Vielseitigkeit und Benutzerfreundlichkeit<\/h3>\n<p>SX <strong>Versenkte Verschl\u00fcsse<\/strong> sind auf Vielseitigkeit und Benutzerfreundlichkeit ausgelegt. Ihr versenktes Design sorgt f\u00fcr ein glattes Profil, das ein H\u00e4ngenbleiben und Besch\u00e4digungen beim Transport verhindert. Das macht sie perfekt f\u00fcr professionelle Audio-, Video- und B\u00fchnenger\u00e4te sowie andere empfindliche Ausr\u00fcstung. Das benutzerfreundliche Design sorgt au\u00dferdem f\u00fcr eine schnelle und einfache Installation, die Ihnen Zeit und M\u00fche erspart.<\/p>\n<h3>Warum SX w\u00e4hlen?<\/h3>\n<p>Wenn Sie sich f\u00fcr SX entscheiden, entscheiden Sie sich f\u00fcr Qualit\u00e4t, Erschwinglichkeit und Zuverl\u00e4ssigkeit. Unser Direktvertriebsmodell gew\u00e4hrleistet, dass Sie die besten Produkte zu den besten Preisen erhalten, ohne Kompromisse bei der Qualit\u00e4t einzugehen. Wir stehen zu unseren Produkten und bieten langlebige und anpassbare L\u00f6sungen, die Ihren speziellen Anforderungen entsprechen. Ganz gleich, ob Sie einen ma\u00dfgeschneiderten Flightcase ausstatten oder einen Werkzeugkasten sichern m\u00f6chten, SX <strong>Versenkte Verschl\u00fcsse<\/strong> bieten die zuverl\u00e4ssige Leistung, die Sie brauchen.<\/p>\n<h3>Kontaktieren Sie uns heute<\/h3>\n<p>Sichern Sie Ihre Ger\u00e4te zuverl\u00e4ssig mit SX <strong>Versenkte Verschl\u00fcsse<\/strong>. Unsere Schl\u00f6sser bieten eine sichere, flache L\u00f6sung, die Langlebigkeit mit Erschwinglichkeit verbindet. Wenden Sie sich noch heute an uns, um mehr \u00fcber unser Angebot an Verriegelungsl\u00f6sungen zu erfahren und dar\u00fcber, wie wir sie an Ihre Anforderungen anpassen k\u00f6nnen. Bei SX erhalten Sie Qualit\u00e4tsprodukte direkt ab Werk, die Ihnen das beste Preis-Leistungs-Verh\u00e4ltnis bieten. Vertrauen Sie auf SX, wenn es um Verriegelungen geht, und erleben Sie den Unterschied in Qualit\u00e4t und Service.<\/p>\n<p>Jetzt kontaktieren:<span style=\"color: #0000ff;\"><a style=\"color: #0000ff;\" href=\"https:\/\/sxpowercase.com\/contact-us\/\">https:\/\/sxpowercase.com\/<\/a><\/span><\/p>\n<p>Hardware-Produktkatalog:<span style=\"color: #3366ff;\"><a style=\"color: #3366ff;\" href=\"https:\/\/sxpowercase.com\/wp-content\/uploads\/2024\/07\/\u4e94\u91d1.pdf\">Hardware-Zubeh\u00f6rkatalog<\/a><\/span><\/p>","protected":false},"excerpt":{"rendered":"<div class=\"flex-shrink-0 flex flex-col relative items-end\">\n<div>\n<div class=\"pt-0\">\n<div class=\"gizmo-bot-avatar flex h-8 w-8 items-center justify-center overflow-hidden rounded-full\">\n<div class=\"relative p-1 rounded-sm flex items-center justify-center bg-token-main-surface-primary text-token-text-primary h-8 w-8\"><\/div>\n<\/div>\n<\/div>\n<\/div>\n<\/div>\n<div class=\"group\/conversation-turn relative flex w-full min-w-0 flex-col agent-turn\">\n<div class=\"flex-col gap-1 md:gap-3\">\n<div class=\"flex flex-grow flex-col max-w-full\">\n<div class=\"min-h-[20px] text-message flex w-full flex-col items-end gap-2 whitespace-pre-wrap break-words [.text-message+&amp;]:mt-5 overflow-x-auto\" dir=\"auto\" data-message-author-role=\"assistant\" data-message-id=\"1ab61275-2362-43eb-9fce-bafb1f1b29ea\">\n<div class=\"flex w-full flex-col gap-1 empty:hidden first:pt-[3px]\">\n<div class=\"markdown prose w-full break-words dark:prose-invert light\">\n<h3>Secure Your Gear with SX Recessed Latches<\/h3>\n<p>Protect your equipment with SX&#8217;s high-quality Recessed Latches, providing secure and convenient closures for various cases and enclosures.<\/p>\n<h3>Unbeatable Value with Factory Direct Sales<\/h3>\n<p>SX offers Recessed Latches at competitive prices through factory direct sales. Enjoy top-notch quality without the high cost.<\/p>\n<h3>Durable, Customisable, and Easy to Use<\/h3>\n<p>SX Recessed Latches are durable and versatile, with customisation options to fit your specific needs. Their recessed design ensures a smooth profile, perfect for professional equipment.<\/p>\n<\/div>\n<\/div>\n<\/div>\n<\/div>\n<div class=\"mt-1 flex gap-3 empty:hidden -ml-2\">\n<div class=\"items-center justify-start rounded-xl p-1 flex\">\n<div class=\"flex items-center\"><\/div>\n<\/div>\n<\/div>\n<\/div>\n<\/div>\n","protected":false},"featured_media":3784,"comment_status":"open","ping_status":"closed","template":"","meta":[],"product_brand":[],"product_cat":[61],"product_tag":[],"class_list":{"0":"post-3899","1":"product","2":"type-product","3":"status-publish","4":"has-post-thumbnail","6":"product_cat-catchother-locks","8":"first","9":"instock","10":"shipping-taxable","11":"product-type-simple"},"yoast_head":"<!-- This site is optimized with the Yoast SEO Premium plugin v27.1 (Yoast SEO v27.2) - https:\/\/yoast.com\/product\/yoast-seo-premium-wordpress\/ -->\n<title>Recessed Latch LOA211 - https:\/\/sxflightcase.com \ud83d\udc97<\/title>\n<meta name=\"description\" content=\"Recessed latch, factory direct! High-quality, secure latching solutions for flight cases and equipment. Ideal for a flush, protected fit in professional and industrial settings.\" \/>\n<meta name=\"robots\" content=\"index, follow, max-snippet:-1, max-image-preview:large, max-video-preview:-1\" \/>\n<link rel=\"canonical\" href=\"https:\/\/sxflightcase.com\/de\/product\/verzonken-dagschoot-loa211-2\/\" \/>\n<meta property=\"og:locale\" content=\"de_DE\" \/>\n<meta property=\"og:type\" content=\"article\" \/>\n<meta property=\"og:title\" content=\"Recessed Latch LOA211\" \/>\n<meta property=\"og:description\" content=\"Recessed latch, factory direct! High-quality, secure latching solutions for flight cases and equipment. Ideal for a flush, protected fit in professional and industrial settings.\" \/>\n<meta property=\"og:url\" content=\"https:\/\/sxflightcase.com\/de\/product\/verzonken-dagschoot-loa211-2\/\" \/>\n<meta property=\"og:site_name\" content=\"https:\/\/sxflightcase.com\" \/>\n<meta property=\"article:publisher\" content=\"https:\/\/www.facebook.com\/profile.php?id=61560407257971\" \/>\n<meta property=\"article:modified_time\" content=\"2024-07-31T07:39:58+00:00\" \/>\n<meta property=\"og:image\" content=\"https:\/\/sxflightcase.com\/wp-content\/uploads\/2024\/07\/LOA211.jpg\" \/>\n\t<meta property=\"og:image:width\" content=\"650\" \/>\n\t<meta property=\"og:image:height\" content=\"565\" \/>\n\t<meta property=\"og:image:type\" content=\"image\/jpeg\" \/>\n<meta name=\"twitter:card\" content=\"summary_large_image\" \/>\n<meta name=\"twitter:label1\" content=\"Gesch\u00e4tzte Lesezeit\" \/>\n\t<meta name=\"twitter:data1\" content=\"3\u00a0Minuten\" \/>\n<script type=\"application\/ld+json\" class=\"yoast-schema-graph\">{\"@context\":\"https:\/\/schema.org\",\"@graph\":[{\"@type\":\"WebPage\",\"@id\":\"https:\/\/sxflightcase.com\/nl\/product\/verzonken-dagschoot-loa211-2\/\",\"url\":\"https:\/\/sxflightcase.com\/nl\/product\/verzonken-dagschoot-loa211-2\/\",\"name\":\"Recessed Latch LOA211 - https:\/\/sxflightcase.com \ud83d\udc97\",\"isPartOf\":{\"@id\":\"https:\/\/sxflightcase.com\/th\/#website\"},\"primaryImageOfPage\":{\"@id\":\"https:\/\/sxflightcase.com\/nl\/product\/verzonken-dagschoot-loa211-2\/#primaryimage\"},\"image\":{\"@id\":\"https:\/\/sxflightcase.com\/nl\/product\/verzonken-dagschoot-loa211-2\/#primaryimage\"},\"thumbnailUrl\":\"https:\/\/sxflightcase.com\/wp-content\/uploads\/2024\/07\/LOA211.jpg\",\"datePublished\":\"2024-07-31T07:39:57+00:00\",\"dateModified\":\"2024-07-31T07:39:58+00:00\",\"description\":\"Recessed latch, factory direct! High-quality, secure latching solutions for flight cases and equipment. Ideal for a flush, protected fit in professional and industrial settings.\",\"breadcrumb\":{\"@id\":\"https:\/\/sxflightcase.com\/nl\/product\/verzonken-dagschoot-loa211-2\/#breadcrumb\"},\"inLanguage\":\"de\",\"potentialAction\":[{\"@type\":\"ReadAction\",\"target\":[\"https:\/\/sxflightcase.com\/nl\/product\/verzonken-dagschoot-loa211-2\/\"]}]},{\"@type\":\"ImageObject\",\"inLanguage\":\"de\",\"@id\":\"https:\/\/sxflightcase.com\/nl\/product\/verzonken-dagschoot-loa211-2\/#primaryimage\",\"url\":\"https:\/\/sxflightcase.com\/wp-content\/uploads\/2024\/07\/LOA211.jpg\",\"contentUrl\":\"https:\/\/sxflightcase.com\/wp-content\/uploads\/2024\/07\/LOA211.jpg\",\"width\":650,\"height\":565,\"caption\":\"Recessed Latch\"},{\"@type\":\"BreadcrumbList\",\"@id\":\"https:\/\/sxflightcase.com\/nl\/product\/verzonken-dagschoot-loa211-2\/#breadcrumb\",\"itemListElement\":[{\"@type\":\"ListItem\",\"position\":1,\"name\":\"Home\",\"item\":\"https:\/\/sxflightcase.com\/\"},{\"@type\":\"ListItem\",\"position\":2,\"name\":\"\u0e2a\u0e34\u0e19\u0e04\u0e49\u0e32\",\"item\":\"https:\/\/sxflightcase.com\/th\/shop\/\"},{\"@type\":\"ListItem\",\"position\":3,\"name\":\"Recessed Latch LOA211\"}]},{\"@type\":\"WebSite\",\"@id\":\"https:\/\/sxflightcase.com\/th\/#website\",\"url\":\"https:\/\/sxflightcase.com\/th\/\",\"name\":\"sxpowercase.com\",\"description\":\"Flight Case Factory\",\"publisher\":{\"@id\":\"https:\/\/sxflightcase.com\/th\/#organization\"},\"potentialAction\":[{\"@type\":\"SearchAction\",\"target\":{\"@type\":\"EntryPoint\",\"urlTemplate\":\"https:\/\/sxflightcase.com\/th\/?s={search_term_string}\"},\"query-input\":{\"@type\":\"PropertyValueSpecification\",\"valueRequired\":true,\"valueName\":\"search_term_string\"}}],\"inLanguage\":\"de\"},{\"@type\":\"Organization\",\"@id\":\"https:\/\/sxflightcase.com\/th\/#organization\",\"name\":\"sxpowercase.com\",\"url\":\"https:\/\/sxflightcase.com\/th\/\",\"logo\":{\"@type\":\"ImageObject\",\"inLanguage\":\"de\",\"@id\":\"https:\/\/sxflightcase.com\/th\/#\/schema\/logo\/image\/\",\"url\":\"https:\/\/sxflightcase.com\/wp-content\/uploads\/2024\/04\/1713919036007.jpg\",\"contentUrl\":\"https:\/\/sxflightcase.com\/wp-content\/uploads\/2024\/04\/1713919036007.jpg\",\"width\":382,\"height\":388,\"caption\":\"sxpowercase.com\"},\"image\":{\"@id\":\"https:\/\/sxflightcase.com\/th\/#\/schema\/logo\/image\/\"},\"sameAs\":[\"https:\/\/www.facebook.com\/profile.php?id=61560407257971\"],\"numberOfEmployees\":{\"@type\":\"QuantitativeValue\",\"minValue\":\"11\",\"maxValue\":\"50\"}}]}<\/script>\n<!-- \/ Yoast SEO Premium plugin. -->","yoast_head_json":{"title":"Recessed Latch LOA211 - https:\/\/sxflightcase.com \ud83d\udc97","description":"Versenkte Verriegelung, direkt ab Werk! Hochwertige, sichere Verriegelungsl\u00f6sungen f\u00fcr Flightcases und Ausr\u00fcstung. Ideal f\u00fcr einen b\u00fcndigen, gesch\u00fctzten Einbau in professionellen und industriellen Umgebungen.","robots":{"index":"index","follow":"follow","max-snippet":"max-snippet:-1","max-image-preview":"max-image-preview:large","max-video-preview":"max-video-preview:-1"},"canonical":"https:\/\/sxflightcase.com\/de\/product\/verzonken-dagschoot-loa211-2\/","og_locale":"de_DE","og_type":"article","og_title":"Recessed Latch LOA211","og_description":"Recessed latch, factory direct! High-quality, secure latching solutions for flight cases and equipment. Ideal for a flush, protected fit in professional and industrial settings.","og_url":"https:\/\/sxflightcase.com\/de\/product\/verzonken-dagschoot-loa211-2\/","og_site_name":"https:\/\/sxflightcase.com","article_publisher":"https:\/\/www.facebook.com\/profile.php?id=61560407257971","article_modified_time":"2024-07-31T07:39:58+00:00","og_image":[{"width":650,"height":565,"url":"https:\/\/sxflightcase.com\/wp-content\/uploads\/2024\/07\/LOA211.jpg","type":"image\/jpeg"}],"twitter_card":"summary_large_image","twitter_misc":{"Gesch\u00e4tzte Lesezeit":"3\u00a0Minuten"},"schema":{"@context":"https:\/\/schema.org","@graph":[{"@type":"WebPage","@id":"https:\/\/sxflightcase.com\/nl\/product\/verzonken-dagschoot-loa211-2\/","url":"https:\/\/sxflightcase.com\/nl\/product\/verzonken-dagschoot-loa211-2\/","name":"Recessed Latch LOA211 - https:\/\/sxflightcase.com \ud83d\udc97","isPartOf":{"@id":"https:\/\/sxflightcase.com\/th\/#website"},"primaryImageOfPage":{"@id":"https:\/\/sxflightcase.com\/nl\/product\/verzonken-dagschoot-loa211-2\/#primaryimage"},"image":{"@id":"https:\/\/sxflightcase.com\/nl\/product\/verzonken-dagschoot-loa211-2\/#primaryimage"},"thumbnailUrl":"https:\/\/sxflightcase.com\/wp-content\/uploads\/2024\/07\/LOA211.jpg","datePublished":"2024-07-31T07:39:57+00:00","dateModified":"2024-07-31T07:39:58+00:00","description":"Versenkte Verriegelung, direkt ab Werk! Hochwertige, sichere Verriegelungsl\u00f6sungen f\u00fcr Flightcases und Ausr\u00fcstung. Ideal f\u00fcr einen b\u00fcndigen, gesch\u00fctzten Einbau in professionellen und industriellen Umgebungen.","breadcrumb":{"@id":"https:\/\/sxflightcase.com\/nl\/product\/verzonken-dagschoot-loa211-2\/#breadcrumb"},"inLanguage":"de","potentialAction":[{"@type":"ReadAction","target":["https:\/\/sxflightcase.com\/nl\/product\/verzonken-dagschoot-loa211-2\/"]}]},{"@type":"ImageObject","inLanguage":"de","@id":"https:\/\/sxflightcase.com\/nl\/product\/verzonken-dagschoot-loa211-2\/#primaryimage","url":"https:\/\/sxflightcase.com\/wp-content\/uploads\/2024\/07\/LOA211.jpg","contentUrl":"https:\/\/sxflightcase.com\/wp-content\/uploads\/2024\/07\/LOA211.jpg","width":650,"height":565,"caption":"Recessed Latch"},{"@type":"BreadcrumbList","@id":"https:\/\/sxflightcase.com\/nl\/product\/verzonken-dagschoot-loa211-2\/#breadcrumb","itemListElement":[{"@type":"ListItem","position":1,"name":"Home","item":"https:\/\/sxflightcase.com\/"},{"@type":"ListItem","position":2,"name":"\u0e2a\u0e34\u0e19\u0e04\u0e49\u0e32","item":"https:\/\/sxflightcase.com\/th\/shop\/"},{"@type":"ListItem","position":3,"name":"Recessed Latch LOA211"}]},{"@type":"WebSite","@id":"https:\/\/sxflightcase.com\/th\/#website","url":"https:\/\/sxflightcase.com\/th\/","name":"www.sxpowercase.com","description":"Flight Case Fabrik","publisher":{"@id":"https:\/\/sxflightcase.com\/th\/#organization"},"potentialAction":[{"@type":"SearchAction","target":{"@type":"EntryPoint","urlTemplate":"https:\/\/sxflightcase.com\/th\/?s={search_term_string}"},"query-input":{"@type":"PropertyValueSpecification","valueRequired":true,"valueName":"search_term_string"}}],"inLanguage":"de"},{"@type":"Organization","@id":"https:\/\/sxflightcase.com\/th\/#organization","name":"www.sxpowercase.com","url":"https:\/\/sxflightcase.com\/th\/","logo":{"@type":"ImageObject","inLanguage":"de","@id":"https:\/\/sxflightcase.com\/th\/#\/schema\/logo\/image\/","url":"https:\/\/sxflightcase.com\/wp-content\/uploads\/2024\/04\/1713919036007.jpg","contentUrl":"https:\/\/sxflightcase.com\/wp-content\/uploads\/2024\/04\/1713919036007.jpg","width":382,"height":388,"caption":"sxpowercase.com"},"image":{"@id":"https:\/\/sxflightcase.com\/th\/#\/schema\/logo\/image\/"},"sameAs":["https:\/\/www.facebook.com\/profile.php?id=61560407257971"],"numberOfEmployees":{"@type":"QuantitativeValue","minValue":"11","maxValue":"50"}}]}},"_links":{"self":[{"href":"https:\/\/sxflightcase.com\/de\/wp-json\/wp\/v2\/product\/3899","targetHints":{"allow":["GET"]}}],"collection":[{"href":"https:\/\/sxflightcase.com\/de\/wp-json\/wp\/v2\/product"}],"about":[{"href":"https:\/\/sxflightcase.com\/de\/wp-json\/wp\/v2\/types\/product"}],"replies":[{"embeddable":true,"href":"https:\/\/sxflightcase.com\/de\/wp-json\/wp\/v2\/comments?post=3899"}],"version-history":[{"count":0,"href":"https:\/\/sxflightcase.com\/de\/wp-json\/wp\/v2\/product\/3899\/revisions"}],"wp:featuredmedia":[{"embeddable":true,"href":"https:\/\/sxflightcase.com\/de\/wp-json\/wp\/v2\/media\/3784"}],"wp:attachment":[{"href":"https:\/\/sxflightcase.com\/de\/wp-json\/wp\/v2\/media?parent=3899"}],"wp:term":[{"taxonomy":"product_brand","embeddable":true,"href":"https:\/\/sxflightcase.com\/de\/wp-json\/wp\/v2\/product_brand?post=3899"},{"taxonomy":"product_cat","embeddable":true,"href":"https:\/\/sxflightcase.com\/de\/wp-json\/wp\/v2\/product_cat?post=3899"},{"taxonomy":"product_tag","embeddable":true,"href":"https:\/\/sxflightcase.com\/de\/wp-json\/wp\/v2\/product_tag?post=3899"}],"curies":[{"name":"wp","href":"https:\/\/api.w.org\/{rel}","templated":true}]}}