{"id":3910,"date":"2024-08-01T07:02:11","date_gmt":"2024-08-01T06:02:11","guid":{"rendered":"https:\/\/sxpowercase.com\/?post_type=product&#038;p=3910"},"modified":"2024-08-01T07:02:12","modified_gmt":"2024-08-01T06:02:12","slug":"recessed-latches-loa302","status":"publish","type":"product","link":"https:\/\/sxflightcase.com\/de\/produkt\/versenkte-verschlusse-loa302-2\/","title":{"rendered":"Versenkte Verschl\u00fcsse LOA302"},"content":{"rendered":"<h2>Sichern Sie Ihre Ausr\u00fcstung mit versenkten SX-Verschl\u00fcssen<\/h2>\n<h3>Hochwertige Verriegelungsl\u00f6sungen<\/h3>\n<p>Wenn es um die Sicherung Ihrer wertvollen Ausr\u00fcstung geht, <strong>Versenkte Verschl\u00fcsse<\/strong> von SX sind eine erstklassige Wahl. Diese f\u00fcr maximale Sicherheit konzipierten Verschl\u00fcsse eignen sich perfekt f\u00fcr eine Vielzahl von Anwendungen, darunter Flightcases und Lagerbeh\u00e4lter. SX bietet zuverl\u00e4ssige Verschlussl\u00f6sungen, die sicherstellen, dass Ihre Ausr\u00fcstung sicher und gesch\u00fctzt bleibt, egal in welcher Umgebung.<\/p>\n<h3>Direkt ab Werk und erschwinglich<\/h3>\n<p>Bei <a href=\"https:\/\/sxpowercase.com\/\" target=\"_blank\" rel=\"noopener\" title=\"SX\" data-wpil-monitor-id=\"614\">SX<\/a>Wir sind stolz darauf, unseren Kunden hochwertige Produkte direkt ab Werk zu liefern. Dieser Ansatz erm\u00f6glicht es uns, unsere <strong>Versenkte Verschl\u00fcsse<\/strong> zu wettbewerbsf\u00e4higen Preisen, so dass Sie erstklassige Sicherheit erhalten, ohne die Bank zu sprengen. Unser Direktvertriebsmodell macht Zwischenh\u00e4ndler \u00fcberfl\u00fcssig und gibt die Einsparungen direkt an Sie weiter, ohne dass die hohen Produktstandards beeintr\u00e4chtigt werden.<\/p>\n<h3>Langlebigkeit, auf die Sie z\u00e4hlen k\u00f6nnen<\/h3>\n<p>SX <strong>Versenkte Verschl\u00fcsse<\/strong> werden aus starken, langlebigen Materialien hergestellt, die f\u00fcr h\u00e4ufigen Gebrauch und raue Bedingungen ausgelegt sind. Jedes Schloss wird strengen Qualit\u00e4tspr\u00fcfungen unterzogen, um sicherzustellen, dass es unseren strengen Standards entspricht. Dieser Fokus auf Qualit\u00e4t garantiert, dass unsere Schl\u00f6sser nicht nur langlebig sind, sondern auch eine konstante, zuverl\u00e4ssige Leistung erbringen, so dass Sie sich darauf verlassen k\u00f6nnen, dass Ihre Ausr\u00fcstung sicher ist.<\/p>\n<h3>Individuell anpassbar an Ihre Bed\u00fcrfnisse<\/h3>\n<p>Wir wissen, dass jedes Projekt einzigartige Anforderungen stellt. Deshalb bietet SX Anpassungsm\u00f6glichkeiten f\u00fcr unsere <strong>Versenkte Verschl\u00fcsse<\/strong>. Ganz gleich, ob Sie bestimmte Gr\u00f6\u00dfen, Oberfl\u00e4chen oder Materialien ben\u00f6tigen, wir k\u00f6nnen unsere Produkte an Ihre Bed\u00fcrfnisse anpassen. Diese individuelle Anpassung stellt sicher, dass Sie genau das bekommen, was Sie brauchen, ohne unn\u00f6tige Kosten, w\u00e4hrend Sie gleichzeitig von unserem Engagement f\u00fcr Qualit\u00e4t und Erschwinglichkeit profitieren.<\/p>\n<h3>Einfach zu installieren und zu verwenden<\/h3>\n<p>SX <strong>Versenkte Verschl\u00fcsse<\/strong> verf\u00fcgen \u00fcber ein benutzerfreundliches Design, das eine schnelle und unkomplizierte Installation erm\u00f6glicht. Ihre versenkte Struktur wertet nicht nur die \u00c4sthetik Ihrer Geh\u00e4use und Schr\u00e4nke auf, sondern verhindert auch versehentliches H\u00e4ngenbleiben und Besch\u00e4digungen. Dieses elegante Design macht unsere Verschl\u00fcsse ideal f\u00fcr verschiedene Anwendungen, von professionellen audiovisuellen Einrichtungen bis hin zur allgemeinen Aufbewahrung.<\/p>\n<h3>Warum SX w\u00e4hlen?<\/h3>\n<p>Wenn Sie sich f\u00fcr SX entscheiden, w\u00e4hlen Sie eine Marke, bei der Qualit\u00e4t, Erschwinglichkeit und Kundenzufriedenheit an erster Stelle stehen. Unser Direktvertriebsmodell gew\u00e4hrleistet, dass Sie hochwertige Produkte zu den bestm\u00f6glichen Preisen erhalten. Mit unserem <strong>Versenkte Verschl\u00fcsse<\/strong>erhalten Sie eine dauerhafte und anpassbare L\u00f6sung, die Ihren speziellen Anforderungen gerecht wird. Vertrauen Sie auf SX, wenn es um Schl\u00f6sser geht, die ausgezeichnete Sicherheit mit einem attraktiven Design kombinieren, und das zu einem kosteng\u00fcnstigen Preis.<\/p>\n<h3>Kontaktieren Sie uns heute<\/h3>\n<p>Sichern Sie Ihre Ausr\u00fcstung mit dem Besten in der Branche. SX <strong>Versenkte Verschl\u00fcsse<\/strong> bieten die perfekte Kombination aus Sicherheit, Haltbarkeit und Erschwinglichkeit. Ganz gleich, ob Sie Flightcases, Lagereinheiten oder andere Ger\u00e4te ausstatten m\u00f6chten, unsere Verschl\u00fcsse bieten eine zuverl\u00e4ssige und elegante L\u00f6sung. Setzen Sie sich noch heute mit uns in Verbindung, um mehr \u00fcber unsere Produkte zu erfahren und wie wir Ihnen helfen k\u00f6nnen, Ihre speziellen Anforderungen zu erf\u00fcllen. Bei SX erhalten Sie garantiert Qualit\u00e4tsprodukte direkt aus der Fabrik zu Preisen, die das Budget nicht sprengen.<\/p>\n<p>Jetzt kontaktieren:<span style=\"color: #0000ff;\"><a style=\"color: #0000ff;\" href=\"https:\/\/sxpowercase.com\/contact-us\/\">https:\/\/sxpowercase.com\/<\/a><\/span><\/p>\n<p>Hardware-Produktkatalog:<span style=\"color: #3366ff;\"><a style=\"color: #3366ff;\" href=\"https:\/\/sxpowercase.com\/wp-content\/uploads\/2024\/07\/\u4e94\u91d1.pdf\">Hardware-Zubeh\u00f6rkatalog<\/a><\/span><\/p>","protected":false},"excerpt":{"rendered":"<div class=\"flex-shrink-0 flex flex-col relative items-end\">\n<div>\n<div class=\"pt-0\">\n<div class=\"gizmo-bot-avatar flex h-8 w-8 items-center justify-center overflow-hidden rounded-full\">\n<div class=\"relative p-1 rounded-sm flex items-center justify-center bg-token-main-surface-primary text-token-text-primary h-8 w-8\"><\/div>\n<\/div>\n<\/div>\n<\/div>\n<\/div>\n<div class=\"group\/conversation-turn relative flex w-full min-w-0 flex-col agent-turn\">\n<div class=\"flex-col gap-1 md:gap-3\">\n<div class=\"flex flex-grow flex-col max-w-full\">\n<div class=\"min-h-[20px] text-message flex w-full flex-col items-end gap-2 whitespace-pre-wrap break-words [.text-message+&amp;]:mt-5 overflow-x-auto\" dir=\"auto\" data-message-author-role=\"assistant\" data-message-id=\"1ab61275-2362-43eb-9fce-bafb1f1b29ea\">\n<div class=\"flex w-full flex-col gap-1 empty:hidden first:pt-[3px]\">\n<div class=\"markdown prose w-full break-words dark:prose-invert light\">\n<h3>Secure Your Gear with SX Recessed Latches<\/h3>\n<p>Protect your equipment with SX&#8217;s high-quality Recessed Latches, providing secure and convenient closures for various cases and enclosures.<\/p>\n<h3>Unbeatable Value with Factory Direct Sales<\/h3>\n<p>SX offers Recessed Latches at competitive prices through factory direct sales. Enjoy top-notch quality without the high cost.<\/p>\n<h3>Durable, Customisable, and Easy to Use<\/h3>\n<p>SX Recessed Latches are durable and versatile, with customisation options to fit your specific needs. Their recessed design ensures a smooth profile, perfect for professional equipment.<\/p>\n<\/div>\n<\/div>\n<\/div>\n<\/div>\n<div class=\"mt-1 flex gap-3 empty:hidden -ml-2\">\n<div class=\"items-center justify-start rounded-xl p-1 flex\">\n<div class=\"flex items-center\"><\/div>\n<\/div>\n<\/div>\n<\/div>\n<\/div>\n","protected":false},"featured_media":3786,"comment_status":"open","ping_status":"closed","template":"","meta":[],"product_brand":[],"product_cat":[61],"product_tag":[],"class_list":{"0":"post-3910","1":"product","2":"type-product","3":"status-publish","4":"has-post-thumbnail","6":"product_cat-catchother-locks","8":"first","9":"instock","10":"shipping-taxable","11":"product-type-simple"},"yoast_head":"<!-- This site is optimized with the Yoast SEO Premium plugin v27.1 (Yoast SEO v27.2) - https:\/\/yoast.com\/product\/yoast-seo-premium-wordpress\/ -->\n<title>Recessed Latches LOA302 - https:\/\/sxflightcase.com \ud83d\udc97<\/title>\n<meta name=\"description\" content=\"Recessed latches, factory direct! High-quality, secure latching solutions for flight cases and equipment. Ideal for a flush, protected fit in professional and industrial settings.\" \/>\n<meta name=\"robots\" content=\"index, follow, max-snippet:-1, max-image-preview:large, max-video-preview:-1\" \/>\n<link rel=\"canonical\" href=\"https:\/\/sxflightcase.com\/de\/\u0645\u0646\u062a\u062c\/\u0627\u0644\u0645\u0632\u0627\u0644\u062c-\u0627\u0644\u063a\u0627\u0626\u0631\u0629-loa302\/\" \/>\n<meta property=\"og:locale\" content=\"de_DE\" \/>\n<meta property=\"og:type\" content=\"article\" \/>\n<meta property=\"og:title\" content=\"Recessed Latches LOA302\" \/>\n<meta property=\"og:description\" content=\"Recessed latches, factory direct! High-quality, secure latching solutions for flight cases and equipment. Ideal for a flush, protected fit in professional and industrial settings.\" \/>\n<meta property=\"og:url\" content=\"https:\/\/sxflightcase.com\/de\/\u0645\u0646\u062a\u062c\/\u0627\u0644\u0645\u0632\u0627\u0644\u062c-\u0627\u0644\u063a\u0627\u0626\u0631\u0629-loa302\/\" \/>\n<meta property=\"og:site_name\" content=\"https:\/\/sxflightcase.com\" \/>\n<meta property=\"article:publisher\" content=\"https:\/\/www.facebook.com\/profile.php?id=61560407257971\" \/>\n<meta property=\"article:modified_time\" content=\"2024-08-01T06:02:12+00:00\" \/>\n<meta property=\"og:image\" content=\"https:\/\/sxflightcase.com\/wp-content\/uploads\/2024\/07\/LOA302.jpg\" \/>\n\t<meta property=\"og:image:width\" content=\"520\" \/>\n\t<meta property=\"og:image:height\" content=\"454\" \/>\n\t<meta property=\"og:image:type\" content=\"image\/jpeg\" \/>\n<meta name=\"twitter:card\" content=\"summary_large_image\" \/>\n<meta name=\"twitter:label1\" content=\"Gesch\u00e4tzte Lesezeit\" \/>\n\t<meta name=\"twitter:data1\" content=\"3\u00a0Minuten\" \/>\n<script type=\"application\/ld+json\" class=\"yoast-schema-graph\">{\"@context\":\"https:\/\/schema.org\",\"@graph\":[{\"@type\":\"WebPage\",\"@id\":\"https:\/\/sxflightcase.com\/ary\/\u0645\u0646\u062a\u062c\/\u0627\u0644\u0645\u0632\u0627\u0644\u062c-\u0627\u0644\u063a\u0627\u0626\u0631\u0629-loa302\/\",\"url\":\"https:\/\/sxflightcase.com\/ary\/\u0645\u0646\u062a\u062c\/\u0627\u0644\u0645\u0632\u0627\u0644\u062c-\u0627\u0644\u063a\u0627\u0626\u0631\u0629-loa302\/\",\"name\":\"Recessed Latches LOA302 - https:\/\/sxflightcase.com \ud83d\udc97\",\"isPartOf\":{\"@id\":\"https:\/\/sxflightcase.com\/th\/#website\"},\"primaryImageOfPage\":{\"@id\":\"https:\/\/sxflightcase.com\/ary\/\u0645\u0646\u062a\u062c\/\u0627\u0644\u0645\u0632\u0627\u0644\u062c-\u0627\u0644\u063a\u0627\u0626\u0631\u0629-loa302\/#primaryimage\"},\"image\":{\"@id\":\"https:\/\/sxflightcase.com\/ary\/\u0645\u0646\u062a\u062c\/\u0627\u0644\u0645\u0632\u0627\u0644\u062c-\u0627\u0644\u063a\u0627\u0626\u0631\u0629-loa302\/#primaryimage\"},\"thumbnailUrl\":\"https:\/\/sxflightcase.com\/wp-content\/uploads\/2024\/07\/LOA302.jpg\",\"datePublished\":\"2024-08-01T06:02:11+00:00\",\"dateModified\":\"2024-08-01T06:02:12+00:00\",\"description\":\"Recessed latches, factory direct! High-quality, secure latching solutions for flight cases and equipment. Ideal for a flush, protected fit in professional and industrial settings.\",\"breadcrumb\":{\"@id\":\"https:\/\/sxflightcase.com\/ary\/\u0645\u0646\u062a\u062c\/\u0627\u0644\u0645\u0632\u0627\u0644\u062c-\u0627\u0644\u063a\u0627\u0626\u0631\u0629-loa302\/#breadcrumb\"},\"inLanguage\":\"de\",\"potentialAction\":[{\"@type\":\"ReadAction\",\"target\":[\"https:\/\/sxflightcase.com\/ary\/\u0645\u0646\u062a\u062c\/\u0627\u0644\u0645\u0632\u0627\u0644\u062c-\u0627\u0644\u063a\u0627\u0626\u0631\u0629-loa302\/\"]}]},{\"@type\":\"ImageObject\",\"inLanguage\":\"de\",\"@id\":\"https:\/\/sxflightcase.com\/ary\/\u0645\u0646\u062a\u062c\/\u0627\u0644\u0645\u0632\u0627\u0644\u062c-\u0627\u0644\u063a\u0627\u0626\u0631\u0629-loa302\/#primaryimage\",\"url\":\"https:\/\/sxflightcase.com\/wp-content\/uploads\/2024\/07\/LOA302.jpg\",\"contentUrl\":\"https:\/\/sxflightcase.com\/wp-content\/uploads\/2024\/07\/LOA302.jpg\",\"width\":520,\"height\":454,\"caption\":\"Recessed Latches\"},{\"@type\":\"BreadcrumbList\",\"@id\":\"https:\/\/sxflightcase.com\/ary\/\u0645\u0646\u062a\u062c\/\u0627\u0644\u0645\u0632\u0627\u0644\u062c-\u0627\u0644\u063a\u0627\u0626\u0631\u0629-loa302\/#breadcrumb\",\"itemListElement\":[{\"@type\":\"ListItem\",\"position\":1,\"name\":\"Home\",\"item\":\"https:\/\/sxflightcase.com\/\"},{\"@type\":\"ListItem\",\"position\":2,\"name\":\"\u0e2a\u0e34\u0e19\u0e04\u0e49\u0e32\",\"item\":\"https:\/\/sxflightcase.com\/th\/shop\/\"},{\"@type\":\"ListItem\",\"position\":3,\"name\":\"Recessed Latches LOA302\"}]},{\"@type\":\"WebSite\",\"@id\":\"https:\/\/sxflightcase.com\/th\/#website\",\"url\":\"https:\/\/sxflightcase.com\/th\/\",\"name\":\"sxpowercase.com\",\"description\":\"Flight Case Factory\",\"publisher\":{\"@id\":\"https:\/\/sxflightcase.com\/th\/#organization\"},\"potentialAction\":[{\"@type\":\"SearchAction\",\"target\":{\"@type\":\"EntryPoint\",\"urlTemplate\":\"https:\/\/sxflightcase.com\/th\/?s={search_term_string}\"},\"query-input\":{\"@type\":\"PropertyValueSpecification\",\"valueRequired\":true,\"valueName\":\"search_term_string\"}}],\"inLanguage\":\"de\"},{\"@type\":\"Organization\",\"@id\":\"https:\/\/sxflightcase.com\/th\/#organization\",\"name\":\"sxpowercase.com\",\"url\":\"https:\/\/sxflightcase.com\/th\/\",\"logo\":{\"@type\":\"ImageObject\",\"inLanguage\":\"de\",\"@id\":\"https:\/\/sxflightcase.com\/th\/#\/schema\/logo\/image\/\",\"url\":\"https:\/\/sxflightcase.com\/wp-content\/uploads\/2024\/04\/1713919036007.jpg\",\"contentUrl\":\"https:\/\/sxflightcase.com\/wp-content\/uploads\/2024\/04\/1713919036007.jpg\",\"width\":382,\"height\":388,\"caption\":\"sxpowercase.com\"},\"image\":{\"@id\":\"https:\/\/sxflightcase.com\/th\/#\/schema\/logo\/image\/\"},\"sameAs\":[\"https:\/\/www.facebook.com\/profile.php?id=61560407257971\"],\"numberOfEmployees\":{\"@type\":\"QuantitativeValue\",\"minValue\":\"11\",\"maxValue\":\"50\"}}]}<\/script>\n<!-- \/ Yoast SEO Premium plugin. -->","yoast_head_json":{"title":"Recessed Latches LOA302 - https:\/\/sxflightcase.com \ud83d\udc97","description":"Versenkte Verschl\u00fcsse, direkt ab Werk! Hochwertige, sichere Verriegelungsl\u00f6sungen f\u00fcr Flightcases und Ausr\u00fcstung. Ideal f\u00fcr einen b\u00fcndigen, gesch\u00fctzten Einbau in professionellen und industriellen Umgebungen.","robots":{"index":"index","follow":"follow","max-snippet":"max-snippet:-1","max-image-preview":"max-image-preview:large","max-video-preview":"max-video-preview:-1"},"canonical":"https:\/\/sxflightcase.com\/de\/\u0645\u0646\u062a\u062c\/\u0627\u0644\u0645\u0632\u0627\u0644\u062c-\u0627\u0644\u063a\u0627\u0626\u0631\u0629-loa302\/","og_locale":"de_DE","og_type":"article","og_title":"Recessed Latches LOA302","og_description":"Recessed latches, factory direct! High-quality, secure latching solutions for flight cases and equipment. Ideal for a flush, protected fit in professional and industrial settings.","og_url":"https:\/\/sxflightcase.com\/de\/\u0645\u0646\u062a\u062c\/\u0627\u0644\u0645\u0632\u0627\u0644\u062c-\u0627\u0644\u063a\u0627\u0626\u0631\u0629-loa302\/","og_site_name":"https:\/\/sxflightcase.com","article_publisher":"https:\/\/www.facebook.com\/profile.php?id=61560407257971","article_modified_time":"2024-08-01T06:02:12+00:00","og_image":[{"width":520,"height":454,"url":"https:\/\/sxflightcase.com\/wp-content\/uploads\/2024\/07\/LOA302.jpg","type":"image\/jpeg"}],"twitter_card":"summary_large_image","twitter_misc":{"Gesch\u00e4tzte Lesezeit":"3\u00a0Minuten"},"schema":{"@context":"https:\/\/schema.org","@graph":[{"@type":"WebPage","@id":"https:\/\/sxflightcase.com\/ary\/\u0645\u0646\u062a\u062c\/\u0627\u0644\u0645\u0632\u0627\u0644\u062c-\u0627\u0644\u063a\u0627\u0626\u0631\u0629-loa302\/","url":"https:\/\/sxflightcase.com\/ary\/\u0645\u0646\u062a\u062c\/\u0627\u0644\u0645\u0632\u0627\u0644\u062c-\u0627\u0644\u063a\u0627\u0626\u0631\u0629-loa302\/","name":"Recessed Latches LOA302 - https:\/\/sxflightcase.com \ud83d\udc97","isPartOf":{"@id":"https:\/\/sxflightcase.com\/th\/#website"},"primaryImageOfPage":{"@id":"https:\/\/sxflightcase.com\/ary\/\u0645\u0646\u062a\u062c\/\u0627\u0644\u0645\u0632\u0627\u0644\u062c-\u0627\u0644\u063a\u0627\u0626\u0631\u0629-loa302\/#primaryimage"},"image":{"@id":"https:\/\/sxflightcase.com\/ary\/\u0645\u0646\u062a\u062c\/\u0627\u0644\u0645\u0632\u0627\u0644\u062c-\u0627\u0644\u063a\u0627\u0626\u0631\u0629-loa302\/#primaryimage"},"thumbnailUrl":"https:\/\/sxflightcase.com\/wp-content\/uploads\/2024\/07\/LOA302.jpg","datePublished":"2024-08-01T06:02:11+00:00","dateModified":"2024-08-01T06:02:12+00:00","description":"Versenkte Verschl\u00fcsse, direkt ab Werk! Hochwertige, sichere Verriegelungsl\u00f6sungen f\u00fcr Flightcases und Ausr\u00fcstung. Ideal f\u00fcr einen b\u00fcndigen, gesch\u00fctzten Einbau in professionellen und industriellen Umgebungen.","breadcrumb":{"@id":"https:\/\/sxflightcase.com\/ary\/\u0645\u0646\u062a\u062c\/\u0627\u0644\u0645\u0632\u0627\u0644\u062c-\u0627\u0644\u063a\u0627\u0626\u0631\u0629-loa302\/#breadcrumb"},"inLanguage":"de","potentialAction":[{"@type":"ReadAction","target":["https:\/\/sxflightcase.com\/ary\/\u0645\u0646\u062a\u062c\/\u0627\u0644\u0645\u0632\u0627\u0644\u062c-\u0627\u0644\u063a\u0627\u0626\u0631\u0629-loa302\/"]}]},{"@type":"ImageObject","inLanguage":"de","@id":"https:\/\/sxflightcase.com\/ary\/\u0645\u0646\u062a\u062c\/\u0627\u0644\u0645\u0632\u0627\u0644\u062c-\u0627\u0644\u063a\u0627\u0626\u0631\u0629-loa302\/#primaryimage","url":"https:\/\/sxflightcase.com\/wp-content\/uploads\/2024\/07\/LOA302.jpg","contentUrl":"https:\/\/sxflightcase.com\/wp-content\/uploads\/2024\/07\/LOA302.jpg","width":520,"height":454,"caption":"Recessed Latches"},{"@type":"BreadcrumbList","@id":"https:\/\/sxflightcase.com\/ary\/\u0645\u0646\u062a\u062c\/\u0627\u0644\u0645\u0632\u0627\u0644\u062c-\u0627\u0644\u063a\u0627\u0626\u0631\u0629-loa302\/#breadcrumb","itemListElement":[{"@type":"ListItem","position":1,"name":"Home","item":"https:\/\/sxflightcase.com\/"},{"@type":"ListItem","position":2,"name":"\u0e2a\u0e34\u0e19\u0e04\u0e49\u0e32","item":"https:\/\/sxflightcase.com\/th\/shop\/"},{"@type":"ListItem","position":3,"name":"Recessed Latches LOA302"}]},{"@type":"WebSite","@id":"https:\/\/sxflightcase.com\/th\/#website","url":"https:\/\/sxflightcase.com\/th\/","name":"www.sxpowercase.com","description":"Flight Case Fabrik","publisher":{"@id":"https:\/\/sxflightcase.com\/th\/#organization"},"potentialAction":[{"@type":"SearchAction","target":{"@type":"EntryPoint","urlTemplate":"https:\/\/sxflightcase.com\/th\/?s={search_term_string}"},"query-input":{"@type":"PropertyValueSpecification","valueRequired":true,"valueName":"search_term_string"}}],"inLanguage":"de"},{"@type":"Organization","@id":"https:\/\/sxflightcase.com\/th\/#organization","name":"www.sxpowercase.com","url":"https:\/\/sxflightcase.com\/th\/","logo":{"@type":"ImageObject","inLanguage":"de","@id":"https:\/\/sxflightcase.com\/th\/#\/schema\/logo\/image\/","url":"https:\/\/sxflightcase.com\/wp-content\/uploads\/2024\/04\/1713919036007.jpg","contentUrl":"https:\/\/sxflightcase.com\/wp-content\/uploads\/2024\/04\/1713919036007.jpg","width":382,"height":388,"caption":"sxpowercase.com"},"image":{"@id":"https:\/\/sxflightcase.com\/th\/#\/schema\/logo\/image\/"},"sameAs":["https:\/\/www.facebook.com\/profile.php?id=61560407257971"],"numberOfEmployees":{"@type":"QuantitativeValue","minValue":"11","maxValue":"50"}}]}},"_links":{"self":[{"href":"https:\/\/sxflightcase.com\/de\/wp-json\/wp\/v2\/product\/3910","targetHints":{"allow":["GET"]}}],"collection":[{"href":"https:\/\/sxflightcase.com\/de\/wp-json\/wp\/v2\/product"}],"about":[{"href":"https:\/\/sxflightcase.com\/de\/wp-json\/wp\/v2\/types\/product"}],"replies":[{"embeddable":true,"href":"https:\/\/sxflightcase.com\/de\/wp-json\/wp\/v2\/comments?post=3910"}],"version-history":[{"count":0,"href":"https:\/\/sxflightcase.com\/de\/wp-json\/wp\/v2\/product\/3910\/revisions"}],"wp:featuredmedia":[{"embeddable":true,"href":"https:\/\/sxflightcase.com\/de\/wp-json\/wp\/v2\/media\/3786"}],"wp:attachment":[{"href":"https:\/\/sxflightcase.com\/de\/wp-json\/wp\/v2\/media?parent=3910"}],"wp:term":[{"taxonomy":"product_brand","embeddable":true,"href":"https:\/\/sxflightcase.com\/de\/wp-json\/wp\/v2\/product_brand?post=3910"},{"taxonomy":"product_cat","embeddable":true,"href":"https:\/\/sxflightcase.com\/de\/wp-json\/wp\/v2\/product_cat?post=3910"},{"taxonomy":"product_tag","embeddable":true,"href":"https:\/\/sxflightcase.com\/de\/wp-json\/wp\/v2\/product_tag?post=3910"}],"curies":[{"name":"wp","href":"https:\/\/api.w.org\/{rel}","templated":true}]}}