{"id":3913,"date":"2024-08-01T07:19:14","date_gmt":"2024-08-01T06:19:14","guid":{"rendered":"https:\/\/sxpowercase.com\/?post_type=product&#038;p=3913"},"modified":"2024-08-01T07:19:15","modified_gmt":"2024-08-01T06:19:15","slug":"butterfly-twist-latch-loa401","status":"publish","type":"product","link":"https:\/\/sxflightcase.com\/de\/produkt\/schmetterlings-drehverschlus-loa401-2\/","title":{"rendered":"Butterfly-Drehverschluss LOA401"},"content":{"rendered":"<h2>Verbessern Sie Ihr Geh\u00e4use mit dem SX Butterfly Twist Latch<\/h2>\n<h3>\u00dcberlegene Sicherheit und Stil<\/h3>\n<p>Sie suchen nach zuverl\u00e4ssigen und eleganten Verschl\u00fcssen f\u00fcr Ihre Koffer? SX bietet hochwertige <strong>Schmetterlings-Drehverschluss<\/strong>sind perfekt f\u00fcr die Sicherheit Ihrer Ausr\u00fcstung. Diese Verschl\u00fcsse sind so konzipiert, dass sie einen festen und sicheren Verschluss bieten, der ein versehentliches \u00d6ffnen verhindert und Ihre Sachen sicher aufbewahrt.<\/p>\n<h3>Direktpreise ab Werk f\u00fcr unschlagbaren Wert<\/h3>\n<p>Bei <a href=\"https:\/\/sxpowercase.com\/\" target=\"_blank\" rel=\"noopener\" title=\"SX\" data-wpil-monitor-id=\"616\">SX<\/a>Wir glauben daran, dass wir qualitativ hochwertige Produkte zu erschwinglichen Preisen anbieten k\u00f6nnen. Unser <strong>Schmetterlings-Drehverschl\u00fcsse<\/strong> kommen direkt aus unserem Werk, wodurch der Zwischenh\u00e4ndler wegf\u00e4llt und die Einsparungen an Sie weitergegeben werden. Dieses Modell gew\u00e4hrleistet, dass Sie erstklassige Verschl\u00fcsse zu einem niedrigeren Preis erhalten, was sie zu einer ausgezeichneten Wahl f\u00fcr alle macht, die ihre Ausr\u00fcstung verbessern wollen, ohne die Bank zu sprengen.<\/p>\n<h3>Qualit\u00e4t, der Sie vertrauen k\u00f6nnen<\/h3>\n<p>Qualit\u00e4t ist das Herzst\u00fcck von allem, was wir bei SX tun. Unser <strong>Schmetterlings-Drehverschl\u00fcsse<\/strong> werden aus hochwertigen Materialien hergestellt, die Langlebigkeit und Haltbarkeit garantieren. Jeder Riegel wird streng nach unseren strengen Qualit\u00e4tsstandards gepr\u00fcft, um zu gew\u00e4hrleisten, dass Sie ein zuverl\u00e4ssiges und robustes Produkt erhalten.<\/p>\n<h3>Ma\u00dfgeschneiderte L\u00f6sungen f\u00fcr Ihre Bed\u00fcrfnisse<\/h3>\n<p>Wir wissen, dass unterschiedliche Projekte unterschiedliche L\u00f6sungen erfordern. Deshalb bietet SX individuelle Anpassungsm\u00f6glichkeiten f\u00fcr unsere <strong>Schmetterlings-Drehverschl\u00fcsse<\/strong>. Ganz gleich, ob Sie eine bestimmte Gr\u00f6\u00dfe, eine bestimmte Oberfl\u00e4che oder ein bestimmtes Material ben\u00f6tigen, wir k\u00f6nnen unsere Verschl\u00fcsse genau an Ihre Anforderungen anpassen. Diese individuelle Anpassung stellt sicher, dass Sie die perfekte Passform f\u00fcr Ihre Koffer, Racks oder andere Ger\u00e4te erhalten, die sowohl Sicherheit als auch Stil bieten.<\/p>\n<h3>Einfache Installation und elegantes Design<\/h3>\n<p>SX <strong>Schmetterlings-Drehverschl\u00fcsse<\/strong> sind f\u00fcr eine einfache Installation konzipiert und somit eine gute Wahl f\u00fcr jedes Projekt. Ihr schlankes und modernes Design verleiht Ihren Koffern nicht nur einen \u00e4sthetischen Reiz, sondern bietet auch praktische Vorteile, wie z. B. die Vermeidung von H\u00e4ngenbleiben und die Gew\u00e4hrleistung eines glatten Profils. Diese Verschl\u00fcsse sind ideal f\u00fcr eine Vielzahl von Anwendungen, darunter audiovisuelle Ger\u00e4te, Musikinstrumente und andere wertvolle Ger\u00e4te.<\/p>\n<h3>Der SX-Vorteil<\/h3>\n<p>Wenn Sie sich f\u00fcr SX entscheiden, entscheiden Sie sich f\u00fcr eine Marke, die f\u00fcr Qualit\u00e4t, Erschwinglichkeit und Kundenzufriedenheit steht. Unser Direktvertrieb stellt sicher, dass Sie das Beste erhalten <strong>Schmetterlings-Drehverschl\u00fcsse<\/strong> zum niedrigstm\u00f6glichen Preis. Bei SX k\u00f6nnen Sie sich darauf verlassen, dass Sie ein Produkt erhalten, das langlebig, auf Ihre Bed\u00fcrfnisse zugeschnitten und preislich wettbewerbsf\u00e4hig ist.<\/p>\n<h3>Schreiben Sie uns<\/h3>\n<p>Aktualisieren Sie Ihre Koffer mit SX <strong>Schmetterlings-Drehverschl\u00fcsse<\/strong> heute. Unsere Schl\u00f6sser bieten die perfekte Kombination aus Sicherheit, Langlebigkeit und Stil, und das alles zu einem Direktpreis ab Werk. Ganz gleich, ob Sie ein einzelnes Schloss oder eine Gro\u00dfbestellung ben\u00f6tigen, SX hat das Richtige f\u00fcr Sie. Kontaktieren Sie uns jetzt, um mehr \u00fcber unsere Produkte und Anpassungsm\u00f6glichkeiten zu erfahren. Mit SX erhalten Sie die beste Qualit\u00e4t und das beste Preis-Leistungs-Verh\u00e4ltnis, direkt von der Quelle.<\/p>\n<p>Jetzt kontaktieren:<span style=\"color: #0000ff;\"><a style=\"color: #0000ff;\" href=\"https:\/\/sxpowercase.com\/contact-us\/\">https:\/\/sxpowercase.com\/<\/a><\/span><\/p>\n<p>Hardware-Produktkatalog:<span style=\"color: #3366ff;\"><a style=\"color: #3366ff;\" href=\"https:\/\/sxpowercase.com\/wp-content\/uploads\/2024\/07\/\u4e94\u91d1.pdf\">Hardware-Zubeh\u00f6rkatalog<\/a><\/span><\/p>","protected":false},"excerpt":{"rendered":"<h3>Sicher und stilvoll: SX Butterfly-Drehverschl\u00fcsse<\/h3>\n<p>R\u00fcsten Sie Ihre Taschen mit den hochwertigen Butterfly-Drehverschl\u00fcssen von SX auf. Sie bieten feste und zuverl\u00e4ssige Verschl\u00fcsse, die ein versehentliches \u00d6ffnen verhindern und gleichzeitig f\u00fcr ein elegantes Aussehen sorgen.<\/p>\n<h3>Einsparungen durch Direktverkauf<\/h3>\n<p>Mit den Direktpreisen von SX f\u00fcr Butterfly-Drehverschl\u00fcsse erhalten Sie einen unschlagbaren Preis. Genie\u00dfen Sie Premium-Qualit\u00e4t zu niedrigeren Kosten, ohne Zwischenh\u00e4ndler und mit maximalen Einsparungen.<\/p>\n<h3>Individuell anpassbar und einfach zu installieren<\/h3>\n<p>Die SX Butterfly-Drehverschl\u00fcsse lassen sich individuell an Ihre Bed\u00fcrfnisse anpassen und sind in verschiedenen Gr\u00f6\u00dfen, Ausf\u00fchrungen und Materialien erh\u00e4ltlich. Sie sind einfach zu installieren und bieten ein glattes und modernes Profil, das perfekt zu allen Ger\u00e4ten passt.<\/p>","protected":false},"featured_media":3788,"comment_status":"open","ping_status":"closed","template":"","meta":[],"product_brand":[],"product_cat":[61],"product_tag":[],"class_list":{"0":"post-3913","1":"product","2":"type-product","3":"status-publish","4":"has-post-thumbnail","6":"product_cat-catchother-locks","8":"first","9":"instock","10":"shipping-taxable","11":"product-type-simple"},"yoast_head":"<!-- This site is optimized with the Yoast SEO Premium plugin v27.1 (Yoast SEO v27.2) - https:\/\/yoast.com\/product\/yoast-seo-premium-wordpress\/ -->\n<title>Butterfly Twist Latch LOA401 - https:\/\/sxflightcase.com \ud83d\udc97<\/title>\n<meta name=\"description\" content=\"Butterfly twist latch, factory direct! Secure, high-quality locking solutions with a twist mechanism. Perfect for protecting equipment in flight cases and professional gear.\" \/>\n<meta name=\"robots\" content=\"index, follow, max-snippet:-1, max-image-preview:large, max-video-preview:-1\" \/>\n<link rel=\"canonical\" href=\"https:\/\/sxflightcase.com\/de\/\u7522\u54c1\/\u8776\u5f62\u626d\u8f49\u9396\u820c-loa401\/\" \/>\n<meta property=\"og:locale\" content=\"de_DE\" \/>\n<meta property=\"og:type\" content=\"article\" \/>\n<meta property=\"og:title\" content=\"Butterfly Twist Latch LOA401\" \/>\n<meta property=\"og:description\" content=\"Butterfly twist latch, factory direct! Secure, high-quality locking solutions with a twist mechanism. Perfect for protecting equipment in flight cases and professional gear.\" \/>\n<meta property=\"og:url\" content=\"https:\/\/sxflightcase.com\/de\/\u7522\u54c1\/\u8776\u5f62\u626d\u8f49\u9396\u820c-loa401\/\" \/>\n<meta property=\"og:site_name\" content=\"https:\/\/sxflightcase.com\" \/>\n<meta property=\"article:publisher\" content=\"https:\/\/www.facebook.com\/profile.php?id=61560407257971\" \/>\n<meta property=\"article:modified_time\" content=\"2024-08-01T06:19:15+00:00\" \/>\n<meta property=\"og:image\" content=\"https:\/\/sxflightcase.com\/wp-content\/uploads\/2024\/07\/LOA401.jpg\" \/>\n\t<meta property=\"og:image:width\" content=\"520\" \/>\n\t<meta property=\"og:image:height\" content=\"470\" \/>\n\t<meta property=\"og:image:type\" content=\"image\/jpeg\" \/>\n<meta name=\"twitter:card\" content=\"summary_large_image\" \/>\n<meta name=\"twitter:label1\" content=\"Gesch\u00e4tzte Lesezeit\" \/>\n\t<meta name=\"twitter:data1\" content=\"3\u00a0Minuten\" \/>\n<script type=\"application\/ld+json\" class=\"yoast-schema-graph\">{\"@context\":\"https:\/\/schema.org\",\"@graph\":[{\"@type\":\"WebPage\",\"@id\":\"https:\/\/sxflightcase.com\/zh_hk\/\u7522\u54c1\/\u8776\u5f62\u626d\u8f49\u9396\u820c-loa401\/\",\"url\":\"https:\/\/sxflightcase.com\/zh_hk\/\u7522\u54c1\/\u8776\u5f62\u626d\u8f49\u9396\u820c-loa401\/\",\"name\":\"Butterfly Twist Latch LOA401 - https:\/\/sxflightcase.com \ud83d\udc97\",\"isPartOf\":{\"@id\":\"https:\/\/sxflightcase.com\/th\/#website\"},\"primaryImageOfPage\":{\"@id\":\"https:\/\/sxflightcase.com\/zh_hk\/\u7522\u54c1\/\u8776\u5f62\u626d\u8f49\u9396\u820c-loa401\/#primaryimage\"},\"image\":{\"@id\":\"https:\/\/sxflightcase.com\/zh_hk\/\u7522\u54c1\/\u8776\u5f62\u626d\u8f49\u9396\u820c-loa401\/#primaryimage\"},\"thumbnailUrl\":\"https:\/\/sxflightcase.com\/wp-content\/uploads\/2024\/07\/LOA401.jpg\",\"datePublished\":\"2024-08-01T06:19:14+00:00\",\"dateModified\":\"2024-08-01T06:19:15+00:00\",\"description\":\"Butterfly twist latch, factory direct! Secure, high-quality locking solutions with a twist mechanism. Perfect for protecting equipment in flight cases and professional gear.\",\"breadcrumb\":{\"@id\":\"https:\/\/sxflightcase.com\/zh_hk\/\u7522\u54c1\/\u8776\u5f62\u626d\u8f49\u9396\u820c-loa401\/#breadcrumb\"},\"inLanguage\":\"de\",\"potentialAction\":[{\"@type\":\"ReadAction\",\"target\":[\"https:\/\/sxflightcase.com\/zh_hk\/\u7522\u54c1\/\u8776\u5f62\u626d\u8f49\u9396\u820c-loa401\/\"]}]},{\"@type\":\"ImageObject\",\"inLanguage\":\"de\",\"@id\":\"https:\/\/sxflightcase.com\/zh_hk\/\u7522\u54c1\/\u8776\u5f62\u626d\u8f49\u9396\u820c-loa401\/#primaryimage\",\"url\":\"https:\/\/sxflightcase.com\/wp-content\/uploads\/2024\/07\/LOA401.jpg\",\"contentUrl\":\"https:\/\/sxflightcase.com\/wp-content\/uploads\/2024\/07\/LOA401.jpg\",\"width\":520,\"height\":470,\"caption\":\"Butterfly Twist Latch\"},{\"@type\":\"BreadcrumbList\",\"@id\":\"https:\/\/sxflightcase.com\/zh_hk\/\u7522\u54c1\/\u8776\u5f62\u626d\u8f49\u9396\u820c-loa401\/#breadcrumb\",\"itemListElement\":[{\"@type\":\"ListItem\",\"position\":1,\"name\":\"Home\",\"item\":\"https:\/\/sxflightcase.com\/\"},{\"@type\":\"ListItem\",\"position\":2,\"name\":\"\u0e2a\u0e34\u0e19\u0e04\u0e49\u0e32\",\"item\":\"https:\/\/sxflightcase.com\/th\/shop\/\"},{\"@type\":\"ListItem\",\"position\":3,\"name\":\"Butterfly Twist Latch LOA401\"}]},{\"@type\":\"WebSite\",\"@id\":\"https:\/\/sxflightcase.com\/th\/#website\",\"url\":\"https:\/\/sxflightcase.com\/th\/\",\"name\":\"sxpowercase.com\",\"description\":\"Flight Case Factory\",\"publisher\":{\"@id\":\"https:\/\/sxflightcase.com\/th\/#organization\"},\"potentialAction\":[{\"@type\":\"SearchAction\",\"target\":{\"@type\":\"EntryPoint\",\"urlTemplate\":\"https:\/\/sxflightcase.com\/th\/?s={search_term_string}\"},\"query-input\":{\"@type\":\"PropertyValueSpecification\",\"valueRequired\":true,\"valueName\":\"search_term_string\"}}],\"inLanguage\":\"de\"},{\"@type\":\"Organization\",\"@id\":\"https:\/\/sxflightcase.com\/th\/#organization\",\"name\":\"sxpowercase.com\",\"url\":\"https:\/\/sxflightcase.com\/th\/\",\"logo\":{\"@type\":\"ImageObject\",\"inLanguage\":\"de\",\"@id\":\"https:\/\/sxflightcase.com\/th\/#\/schema\/logo\/image\/\",\"url\":\"https:\/\/sxflightcase.com\/wp-content\/uploads\/2024\/04\/1713919036007.jpg\",\"contentUrl\":\"https:\/\/sxflightcase.com\/wp-content\/uploads\/2024\/04\/1713919036007.jpg\",\"width\":382,\"height\":388,\"caption\":\"sxpowercase.com\"},\"image\":{\"@id\":\"https:\/\/sxflightcase.com\/th\/#\/schema\/logo\/image\/\"},\"sameAs\":[\"https:\/\/www.facebook.com\/profile.php?id=61560407257971\"],\"numberOfEmployees\":{\"@type\":\"QuantitativeValue\",\"minValue\":\"11\",\"maxValue\":\"50\"}}]}<\/script>\n<!-- \/ Yoast SEO Premium plugin. -->","yoast_head_json":{"title":"Butterfly Twist Latch LOA401 - https:\/\/sxflightcase.com \ud83d\udc97","description":"Schmetterlings-Drehverschluss, direkt ab Werk! Sichere, hochwertige Verschlussl\u00f6sungen mit Drehmechanismus. Perfekt f\u00fcr den Schutz von Ausr\u00fcstung in Flightcases und professioneller Ausr\u00fcstung.","robots":{"index":"index","follow":"follow","max-snippet":"max-snippet:-1","max-image-preview":"max-image-preview:large","max-video-preview":"max-video-preview:-1"},"canonical":"https:\/\/sxflightcase.com\/de\/\u7522\u54c1\/\u8776\u5f62\u626d\u8f49\u9396\u820c-loa401\/","og_locale":"de_DE","og_type":"article","og_title":"Butterfly Twist Latch LOA401","og_description":"Butterfly twist latch, factory direct! Secure, high-quality locking solutions with a twist mechanism. Perfect for protecting equipment in flight cases and professional gear.","og_url":"https:\/\/sxflightcase.com\/de\/\u7522\u54c1\/\u8776\u5f62\u626d\u8f49\u9396\u820c-loa401\/","og_site_name":"https:\/\/sxflightcase.com","article_publisher":"https:\/\/www.facebook.com\/profile.php?id=61560407257971","article_modified_time":"2024-08-01T06:19:15+00:00","og_image":[{"width":520,"height":470,"url":"https:\/\/sxflightcase.com\/wp-content\/uploads\/2024\/07\/LOA401.jpg","type":"image\/jpeg"}],"twitter_card":"summary_large_image","twitter_misc":{"Gesch\u00e4tzte Lesezeit":"3\u00a0Minuten"},"schema":{"@context":"https:\/\/schema.org","@graph":[{"@type":"WebPage","@id":"https:\/\/sxflightcase.com\/zh_hk\/\u7522\u54c1\/\u8776\u5f62\u626d\u8f49\u9396\u820c-loa401\/","url":"https:\/\/sxflightcase.com\/zh_hk\/\u7522\u54c1\/\u8776\u5f62\u626d\u8f49\u9396\u820c-loa401\/","name":"Butterfly Twist Latch LOA401 - https:\/\/sxflightcase.com \ud83d\udc97","isPartOf":{"@id":"https:\/\/sxflightcase.com\/th\/#website"},"primaryImageOfPage":{"@id":"https:\/\/sxflightcase.com\/zh_hk\/\u7522\u54c1\/\u8776\u5f62\u626d\u8f49\u9396\u820c-loa401\/#primaryimage"},"image":{"@id":"https:\/\/sxflightcase.com\/zh_hk\/\u7522\u54c1\/\u8776\u5f62\u626d\u8f49\u9396\u820c-loa401\/#primaryimage"},"thumbnailUrl":"https:\/\/sxflightcase.com\/wp-content\/uploads\/2024\/07\/LOA401.jpg","datePublished":"2024-08-01T06:19:14+00:00","dateModified":"2024-08-01T06:19:15+00:00","description":"Schmetterlings-Drehverschluss, direkt ab Werk! Sichere, hochwertige Verschlussl\u00f6sungen mit Drehmechanismus. Perfekt f\u00fcr den Schutz von Ausr\u00fcstung in Flightcases und professioneller Ausr\u00fcstung.","breadcrumb":{"@id":"https:\/\/sxflightcase.com\/zh_hk\/\u7522\u54c1\/\u8776\u5f62\u626d\u8f49\u9396\u820c-loa401\/#breadcrumb"},"inLanguage":"de","potentialAction":[{"@type":"ReadAction","target":["https:\/\/sxflightcase.com\/zh_hk\/\u7522\u54c1\/\u8776\u5f62\u626d\u8f49\u9396\u820c-loa401\/"]}]},{"@type":"ImageObject","inLanguage":"de","@id":"https:\/\/sxflightcase.com\/zh_hk\/\u7522\u54c1\/\u8776\u5f62\u626d\u8f49\u9396\u820c-loa401\/#primaryimage","url":"https:\/\/sxflightcase.com\/wp-content\/uploads\/2024\/07\/LOA401.jpg","contentUrl":"https:\/\/sxflightcase.com\/wp-content\/uploads\/2024\/07\/LOA401.jpg","width":520,"height":470,"caption":"Butterfly Twist Latch"},{"@type":"BreadcrumbList","@id":"https:\/\/sxflightcase.com\/zh_hk\/\u7522\u54c1\/\u8776\u5f62\u626d\u8f49\u9396\u820c-loa401\/#breadcrumb","itemListElement":[{"@type":"ListItem","position":1,"name":"Home","item":"https:\/\/sxflightcase.com\/"},{"@type":"ListItem","position":2,"name":"\u0e2a\u0e34\u0e19\u0e04\u0e49\u0e32","item":"https:\/\/sxflightcase.com\/th\/shop\/"},{"@type":"ListItem","position":3,"name":"Butterfly Twist Latch LOA401"}]},{"@type":"WebSite","@id":"https:\/\/sxflightcase.com\/th\/#website","url":"https:\/\/sxflightcase.com\/th\/","name":"www.sxpowercase.com","description":"Flight Case Fabrik","publisher":{"@id":"https:\/\/sxflightcase.com\/th\/#organization"},"potentialAction":[{"@type":"SearchAction","target":{"@type":"EntryPoint","urlTemplate":"https:\/\/sxflightcase.com\/th\/?s={search_term_string}"},"query-input":{"@type":"PropertyValueSpecification","valueRequired":true,"valueName":"search_term_string"}}],"inLanguage":"de"},{"@type":"Organization","@id":"https:\/\/sxflightcase.com\/th\/#organization","name":"www.sxpowercase.com","url":"https:\/\/sxflightcase.com\/th\/","logo":{"@type":"ImageObject","inLanguage":"de","@id":"https:\/\/sxflightcase.com\/th\/#\/schema\/logo\/image\/","url":"https:\/\/sxflightcase.com\/wp-content\/uploads\/2024\/04\/1713919036007.jpg","contentUrl":"https:\/\/sxflightcase.com\/wp-content\/uploads\/2024\/04\/1713919036007.jpg","width":382,"height":388,"caption":"sxpowercase.com"},"image":{"@id":"https:\/\/sxflightcase.com\/th\/#\/schema\/logo\/image\/"},"sameAs":["https:\/\/www.facebook.com\/profile.php?id=61560407257971"],"numberOfEmployees":{"@type":"QuantitativeValue","minValue":"11","maxValue":"50"}}]}},"_links":{"self":[{"href":"https:\/\/sxflightcase.com\/de\/wp-json\/wp\/v2\/product\/3913","targetHints":{"allow":["GET"]}}],"collection":[{"href":"https:\/\/sxflightcase.com\/de\/wp-json\/wp\/v2\/product"}],"about":[{"href":"https:\/\/sxflightcase.com\/de\/wp-json\/wp\/v2\/types\/product"}],"replies":[{"embeddable":true,"href":"https:\/\/sxflightcase.com\/de\/wp-json\/wp\/v2\/comments?post=3913"}],"version-history":[{"count":0,"href":"https:\/\/sxflightcase.com\/de\/wp-json\/wp\/v2\/product\/3913\/revisions"}],"wp:featuredmedia":[{"embeddable":true,"href":"https:\/\/sxflightcase.com\/de\/wp-json\/wp\/v2\/media\/3788"}],"wp:attachment":[{"href":"https:\/\/sxflightcase.com\/de\/wp-json\/wp\/v2\/media?parent=3913"}],"wp:term":[{"taxonomy":"product_brand","embeddable":true,"href":"https:\/\/sxflightcase.com\/de\/wp-json\/wp\/v2\/product_brand?post=3913"},{"taxonomy":"product_cat","embeddable":true,"href":"https:\/\/sxflightcase.com\/de\/wp-json\/wp\/v2\/product_cat?post=3913"},{"taxonomy":"product_tag","embeddable":true,"href":"https:\/\/sxflightcase.com\/de\/wp-json\/wp\/v2\/product_tag?post=3913"}],"curies":[{"name":"wp","href":"https:\/\/api.w.org\/{rel}","templated":true}]}}